{"id":3940,"date":"2024-04-17T17:18:24","date_gmt":"2024-04-17T15:18:24","guid":{"rendered":"https:\/\/thevintagetraveler.com\/?post_type=product&#038;p=3940"},"modified":"2025-09-16T15:40:48","modified_gmt":"2025-09-16T13:40:48","slug":"sac-hermes-kelly-32-cuir-box-rouge-1986","status":"publish","type":"product","link":"https:\/\/thevintagetraveler.com\/en\/produit\/sac-hermes-kelly-32-cuir-box-rouge-1986\/","title":{"rendered":"Sac Herm\u00e8s Kelly 32 cuir box rouge"},"content":{"rendered":"<h3 class=\"\" data-start=\"935\" data-end=\"989\">Sac Herm\u00e8s Kelly 32 \u2013 Cuir Box Rouge, Vintage 1986<\/h3>\n<p class=\"\" data-start=\"991\" data-end=\"1369\">Ic\u00f4ne absolue de l&#8217;\u00e9l\u00e9gance \u00e0 la fran\u00e7aise, le <strong data-start=\"1038\" data-end=\"1061\">sac Herm\u00e8s Kelly 32<\/strong> est un classique intemporel. Ce mod\u00e8le, dat\u00e9 de <strong data-start=\"1110\" data-end=\"1118\">1986<\/strong>, est r\u00e9alis\u00e9 en <strong data-start=\"1135\" data-end=\"1160\">cuir Box rouge Herm\u00e8s<\/strong>, l\u2019un des cuirs les plus nobles de la maison. Ce Kelly vintage incarne l\u2019authenticit\u00e9 du luxe des ann\u00e9es 80 avec une <strong data-start=\"1278\" data-end=\"1294\">belle patine<\/strong> et un <strong data-start=\"1301\" data-end=\"1326\">\u00e9tat d\u2019usage coh\u00e9rent<\/strong> qui ajoutent \u00e0 son charme et son histoire.<\/p>\n<hr class=\"\" data-start=\"1371\" data-end=\"1374\" \/>\n<h3 class=\"\" data-start=\"1376\" data-end=\"1408\">Le charme du cuir Box ancien<\/h3>\n<p class=\"\" data-start=\"1410\" data-end=\"1684\">Le <strong data-start=\"1413\" data-end=\"1425\">cuir Box<\/strong> est le cuir historique d\u2019Herm\u00e8s, r\u00e9put\u00e9 pour son <strong data-start=\"1475\" data-end=\"1495\">brillant naturel<\/strong>, sa finesse et sa capacit\u00e9 \u00e0 se <strong data-start=\"1528\" data-end=\"1553\">patiner avec \u00e9l\u00e9gance<\/strong> au fil des ann\u00e9es. Utilis\u00e9 notamment pour les mod\u00e8les les plus prestigieux, il conf\u00e8re au sac une allure sophistiqu\u00e9e et formelle.<\/p>\n<p class=\"\" data-start=\"1686\" data-end=\"2001\">La <strong data-start=\"1689\" data-end=\"1713\">couleur rouge Herm\u00e8s<\/strong>, riche et profonde, sublime les lignes rigoureuses du Kelly 32, tout en apportant une touche audacieuse et raffin\u00e9e. Ce mod\u00e8le de 1986 pr\u00e9sente des marques d\u2019usage (micro-rayures, l\u00e9g\u00e8res marques aux coins) qui t\u00e9moignent d\u2019une <strong data-start=\"1942\" data-end=\"1960\">vie bien v\u00e9cue<\/strong>, sans alt\u00e9rer sa structure ni son \u00e9clat.<\/p>\n<hr class=\"\" data-start=\"2003\" data-end=\"2006\" \/>\n<h3 class=\"\" data-start=\"2008\" data-end=\"2039\">Caract\u00e9ristiques du produit<\/h3>\n<ul data-start=\"2041\" data-end=\"2520\">\n<li class=\"\" data-start=\"2041\" data-end=\"2064\">\n<p class=\"\" data-start=\"2043\" data-end=\"2064\"><strong data-start=\"2043\" data-end=\"2055\">Marque :<\/strong> Herm\u00e8s<\/p>\n<\/li>\n<li class=\"\" data-start=\"2065\" data-end=\"2090\">\n<p class=\"\" data-start=\"2067\" data-end=\"2090\"><strong data-start=\"2067\" data-end=\"2079\">Mod\u00e8le :<\/strong> Kelly 32<\/p>\n<\/li>\n<li class=\"\" data-start=\"2091\" data-end=\"2137\">\n<p class=\"\" data-start=\"2093\" data-end=\"2137\"><strong data-start=\"2093\" data-end=\"2104\">Ann\u00e9e :<\/strong> 1986 (lettre P dans un cercle)<\/p>\n<\/li>\n<li class=\"\" data-start=\"2138\" data-end=\"2164\">\n<p class=\"\" data-start=\"2140\" data-end=\"2164\"><strong data-start=\"2140\" data-end=\"2153\">Mati\u00e8re :<\/strong> Cuir Box<\/p>\n<\/li>\n<li class=\"\" data-start=\"2165\" data-end=\"2195\">\n<p class=\"\" data-start=\"2167\" data-end=\"2195\"><strong data-start=\"2167\" data-end=\"2180\">Couleur :<\/strong> Rouge Herm\u00e8s<\/p>\n<\/li>\n<li class=\"\" data-start=\"2196\" data-end=\"2232\">\n<p class=\"\" data-start=\"2198\" data-end=\"2232\"><strong data-start=\"2198\" data-end=\"2213\">Finitions :<\/strong> M\u00e9tallerie dor\u00e9e<\/p>\n<\/li>\n<li class=\"\" data-start=\"2233\" data-end=\"2299\">\n<p class=\"\" data-start=\"2235\" data-end=\"2299\"><strong data-start=\"2235\" data-end=\"2250\">Fermeture :<\/strong> Rabat avec sanglons, cadenas, cl\u00e9 et clochette<\/p>\n<\/li>\n<li class=\"\" data-start=\"2300\" data-end=\"2358\">\n<p class=\"\" data-start=\"2302\" data-end=\"2358\"><strong data-start=\"2302\" data-end=\"2319\">Bandouli\u00e8re :<\/strong> Non fournie (optionnelle \u00e0 l\u2019\u00e9poque)<\/p>\n<\/li>\n<li class=\"\" data-start=\"2359\" data-end=\"2430\">\n<p class=\"\" data-start=\"2361\" data-end=\"2430\"><strong data-start=\"2361\" data-end=\"2371\">\u00c9tat :<\/strong> Bon \u00e9tat vintage \u2013 cuir patin\u00e9, marques d\u2019usage visibles<\/p>\n<\/li>\n<li class=\"\" data-start=\"2431\" data-end=\"2520\">\n<p class=\"\" data-start=\"2433\" data-end=\"2520\"><strong data-start=\"2433\" data-end=\"2455\">Authentification :<\/strong> Certifi\u00e9e par nos experts \u2013 livr\u00e9 avec certificat d\u2019authenticit\u00e9<\/p>\n<\/li>\n<\/ul>\n<hr class=\"\" data-start=\"2522\" data-end=\"2525\" \/>\n<h3 class=\"\" data-start=\"2527\" data-end=\"2572\">Un Kelly collector \u00e0 l\u2019allure authentique<\/h3>\n<p class=\"\" data-start=\"2574\" data-end=\"2920\">Ce <strong data-start=\"2577\" data-end=\"2597\">Kelly 32 vintage<\/strong> est une v\u00e9ritable <strong data-start=\"2616\" data-end=\"2639\">pi\u00e8ce de collection<\/strong>, id\u00e9ale pour les amateurs de maroquinerie ancienne et les connaisseurs de la maison Herm\u00e8s. Son <strong data-start=\"2736\" data-end=\"2755\">cuir box patin\u00e9.<\/strong> Ses ferrures d\u2019\u00e9poque et son format medium en font un sac \u00e0 la fois historique et portable au quotidien. A condition d\u2019en accepter le v\u00e9cu et la noblesse du temps.<\/p>\n<p class=\"\" data-start=\"2922\" data-end=\"3070\">Il est parfaitement adapt\u00e9 \u00e0 celles qui souhaitent porter un <strong data-start=\"2983\" data-end=\"3004\">sac Herm\u00e8s unique<\/strong>, au cachet inimitable, loin des productions actuelles aseptis\u00e9es.<\/p>\n<hr class=\"\" data-start=\"3072\" data-end=\"3075\" \/>\n<h3 class=\"\" data-start=\"3077\" data-end=\"3123\">Pourquoi investir dans un Herm\u00e8s vintage ?<\/h3>\n<p class=\"\" data-start=\"3125\" data-end=\"3393\">Les sacs <a href=\"https:\/\/thevintagetraveler.com\/hermes-une-histoire-dexcellence-et-dintemporalite\/\">Herm\u00e8s<\/a> des ann\u00e9es 80 sont <strong data-start=\"3160\" data-end=\"3205\">tr\u00e8s recherch\u00e9s pour leur cuir de qualit\u00e9<\/strong>, leur authenticit\u00e9 artisanale, et leur raret\u00e9 croissante. Les mod\u00e8les en cuir Box surtout en rouge, sont aujourd\u2019hui difficiles \u00e0 trouver en bon \u00e9tat et avec une structure encore solide.<\/p>\n<p class=\"\" data-start=\"3395\" data-end=\"3571\">Ce sac repr\u00e9sente une <strong data-start=\"3417\" data-end=\"3461\">opportunit\u00e9 d\u2019acquisition \u00e0 prix contenu<\/strong> pour entrer dans l\u2019univers Herm\u00e8s avec une pi\u00e8ce charg\u00e9e d\u2019histoire, ou pour enrichir une collection vintage.<\/p>\n<hr class=\"\" data-start=\"3573\" data-end=\"3576\" \/>\n<h3 class=\"\" data-start=\"3578\" data-end=\"3619\">Pourquoi choisir TheVintageTraveler ?<\/h3>\n<p class=\"\" data-start=\"3621\" data-end=\"3891\">Chez <strong data-start=\"3626\" data-end=\"3648\">TheVintageTraveler<\/strong>, nous s\u00e9lectionnons des sacs de luxe vintage avec passion et exigence. Chaque pi\u00e8ce est <strong data-start=\"3737\" data-end=\"3807\">contr\u00f4l\u00e9e, certifi\u00e9e et accompagn\u00e9e d\u2019un certificat d\u2019authenticit\u00e9<\/strong>. Nos descriptions sont pr\u00e9cises, nos photos fid\u00e8les, et notre service personnalis\u00e9.<\/p>\n<p class=\"\" data-start=\"3893\" data-end=\"3988\">Livraison s\u00e9curis\u00e9e ou retrait possible dans notre showroom au <strong data-start=\"3956\" data-end=\"3987\">March\u00e9 Serpette, Saint-Ouen<\/strong>.<\/p>\n<hr class=\"\" data-start=\"3990\" data-end=\"3993\" \/>\n<h3 class=\"\" data-start=\"3995\" data-end=\"4009\">Conclusion<\/h3>\n<p class=\"\" data-start=\"4011\" data-end=\"4261\">Ce <strong data-start=\"4014\" data-end=\"4055\">sac Herm\u00e8s Kelly 32 en cuir Box rouge<\/strong>, dat\u00e9 de 1986, est une pi\u00e8ce au charme vintage irr\u00e9sistible. Son \u00e9tat d\u2019usage, sa patine pr\u00e9cieuse et sa raret\u00e9 en font un objet de caract\u00e8re. A porter avec fiert\u00e9 ou \u00e0 conserver dans une belle collection.<\/p>\n<p>Suivez &#8211; nous sur <a href=\"https:\/\/www.facebook.com\/TheVintageTravelerFR\">Facebook<\/a> et <a href=\"https:\/\/www.instagram.com\/the_vintagetraveler\/?igsh=aXdsbDJkdnpwZjcx#\">Instagram<\/a><\/p>\n","protected":false},"excerpt":{"rendered":"<p>Sac Herm\u00e8s Kelly 32 en cuir Box rouge, dat\u00e9 de 1986. Patine \u00e9l\u00e9gante, traces d\u2019usage coh\u00e9rentes avec l\u2019\u00e2ge. Mod\u00e8le vintage rare, certifi\u00e9 authentique.<\/p>\n","protected":false},"featured_media":3945,"template":"","meta":[],"product_brand":[],"product_cat":[115,140,152,112],"product_tag":[136,148],"class_list":{"0":"post-3940","1":"product","2":"type-product","3":"status-publish","4":"has-post-thumbnail","6":"product_cat-hermes","7":"product_cat-nouveautes","8":"product_cat-sac-a-main","9":"product_cat-sacs","10":"product_tag-hermes","11":"product_tag-hermeskelly","13":"first","14":"outofstock","15":"sold-individually","16":"shipping-taxable","17":"purchasable","18":"product-type-simple"},"yoast_head":"<!-- This site is optimized with the Yoast SEO plugin v27.1.1 - https:\/\/yoast.com\/product\/yoast-seo-wordpress\/ -->\n<title>Herm\u00e8s Kelly 32 Rouge Cuir Box 1986 Vintage TheVintageTraveler<\/title>\n<meta name=\"description\" content=\"Sac Herm\u00e8s Kelly 32 vintage en cuir Box rouge, dat\u00e9 de 1986. Mod\u00e8le rare avec charme patin\u00e9, en bel \u00e9tat d\u2019usage. Authentifi\u00e9 par nos experts.\" \/>\n<meta name=\"robots\" content=\"index, follow, max-snippet:-1, max-image-preview:large, max-video-preview:-1\" \/>\n<link rel=\"canonical\" href=\"https:\/\/thevintagetraveler.com\/en\/produit\/sac-hermes-kelly-32-cuir-box-rouge-1986\/\" \/>\n<meta property=\"og:locale\" content=\"en_US\" \/>\n<meta property=\"og:type\" content=\"article\" \/>\n<meta property=\"og:title\" content=\"Herm\u00e8s Kelly 32 Rouge Cuir Box 1986 Vintage TheVintageTraveler\" \/>\n<meta property=\"og:description\" content=\"Sac Herm\u00e8s Kelly 32 vintage en cuir Box rouge, dat\u00e9 de 1986. Mod\u00e8le rare avec charme patin\u00e9, en bel \u00e9tat d\u2019usage. Authentifi\u00e9 par nos experts.\" \/>\n<meta property=\"og:url\" content=\"https:\/\/thevintagetraveler.com\/en\/produit\/sac-hermes-kelly-32-cuir-box-rouge-1986\/\" \/>\n<meta property=\"og:site_name\" content=\"TheVintageTraveler\" \/>\n<meta property=\"article:publisher\" content=\"https:\/\/www.facebook.com\/TheVintageTravelerFR\/\" \/>\n<meta property=\"article:modified_time\" content=\"2025-09-16T13:40:48+00:00\" \/>\n<meta property=\"og:image\" content=\"https:\/\/thevintagetraveler.com\/wp-content\/uploads\/2025\/04\/20250306_151503.jpg\" \/>\n\t<meta property=\"og:image:width\" content=\"1500\" \/>\n\t<meta property=\"og:image:height\" content=\"2000\" \/>\n\t<meta property=\"og:image:type\" content=\"image\/jpeg\" \/>\n<meta name=\"twitter:card\" content=\"summary_large_image\" \/>\n<meta name=\"twitter:label1\" content=\"Est. reading time\" \/>\n\t<meta name=\"twitter:data1\" content=\"3 minutes\" \/>\n<script type=\"application\/ld+json\" class=\"yoast-schema-graph\">{\"@context\":\"https:\/\/schema.org\",\"@graph\":[{\"@type\":\"WebPage\",\"@id\":\"https:\/\/thevintagetraveler.com\/en\/produit\/sac-hermes-kelly-32-cuir-box-rouge-1986\/\",\"url\":\"https:\/\/thevintagetraveler.com\/en\/produit\/sac-hermes-kelly-32-cuir-box-rouge-1986\/\",\"name\":\"Herm\u00e8s Kelly 32 Rouge Cuir Box 1986 Vintage TheVintageTraveler\",\"isPartOf\":{\"@id\":\"https:\/\/thevintagetraveler.com\/en\/#website\"},\"primaryImageOfPage\":{\"@id\":\"https:\/\/thevintagetraveler.com\/en\/produit\/sac-hermes-kelly-32-cuir-box-rouge-1986\/#primaryimage\"},\"image\":{\"@id\":\"https:\/\/thevintagetraveler.com\/en\/produit\/sac-hermes-kelly-32-cuir-box-rouge-1986\/#primaryimage\"},\"thumbnailUrl\":\"https:\/\/thevintagetraveler.com\/wp-content\/uploads\/2025\/04\/20250306_151503.jpg\",\"datePublished\":\"2024-04-17T15:18:24+00:00\",\"dateModified\":\"2025-09-16T13:40:48+00:00\",\"description\":\"Sac Herm\u00e8s Kelly 32 vintage en cuir Box rouge, dat\u00e9 de 1986. Mod\u00e8le rare avec charme patin\u00e9, en bel \u00e9tat d\u2019usage. Authentifi\u00e9 par nos experts.\",\"breadcrumb\":{\"@id\":\"https:\/\/thevintagetraveler.com\/en\/produit\/sac-hermes-kelly-32-cuir-box-rouge-1986\/#breadcrumb\"},\"inLanguage\":\"en-US\",\"potentialAction\":[{\"@type\":\"ReadAction\",\"target\":[\"https:\/\/thevintagetraveler.com\/en\/produit\/sac-hermes-kelly-32-cuir-box-rouge-1986\/\"]}]},{\"@type\":\"ImageObject\",\"inLanguage\":\"en-US\",\"@id\":\"https:\/\/thevintagetraveler.com\/en\/produit\/sac-hermes-kelly-32-cuir-box-rouge-1986\/#primaryimage\",\"url\":\"https:\/\/thevintagetraveler.com\/wp-content\/uploads\/2025\/04\/20250306_151503.jpg\",\"contentUrl\":\"https:\/\/thevintagetraveler.com\/wp-content\/uploads\/2025\/04\/20250306_151503.jpg\",\"width\":1500,\"height\":2000,\"caption\":\"sac Herm\u00e8s Kelly 32 cuir box rouge vintage\"},{\"@type\":\"BreadcrumbList\",\"@id\":\"https:\/\/thevintagetraveler.com\/en\/produit\/sac-hermes-kelly-32-cuir-box-rouge-1986\/#breadcrumb\",\"itemListElement\":[{\"@type\":\"ListItem\",\"position\":1,\"name\":\"Accueil\",\"item\":\"https:\/\/thevintagetraveler.com\/en\/\"},{\"@type\":\"ListItem\",\"position\":2,\"name\":\"Shop\",\"item\":\"https:\/\/thevintagetraveler.com\/shop\/\"},{\"@type\":\"ListItem\",\"position\":3,\"name\":\"Sac Herm\u00e8s Kelly 32 cuir box rouge\"}]},{\"@type\":\"WebSite\",\"@id\":\"https:\/\/thevintagetraveler.com\/en\/#website\",\"url\":\"https:\/\/thevintagetraveler.com\/en\/\",\"name\":\"TheVintageTraveler\",\"description\":\"Luxury experts in Louis Vuitton, Chanel &amp; Herm\u00e8s\",\"publisher\":{\"@id\":\"https:\/\/thevintagetraveler.com\/en\/#organization\"},\"potentialAction\":[{\"@type\":\"SearchAction\",\"target\":{\"@type\":\"EntryPoint\",\"urlTemplate\":\"https:\/\/thevintagetraveler.com\/en\/?s={search_term_string}\"},\"query-input\":{\"@type\":\"PropertyValueSpecification\",\"valueRequired\":true,\"valueName\":\"search_term_string\"}}],\"inLanguage\":\"en-US\"},{\"@type\":\"Organization\",\"@id\":\"https:\/\/thevintagetraveler.com\/en\/#organization\",\"name\":\"TheVintageTraveler\",\"url\":\"https:\/\/thevintagetraveler.com\/en\/\",\"logo\":{\"@type\":\"ImageObject\",\"inLanguage\":\"en-US\",\"@id\":\"https:\/\/thevintagetraveler.com\/en\/#\/schema\/logo\/image\/\",\"url\":\"https:\/\/thevintagetraveler.com\/wp-content\/uploads\/2025\/04\/LOGO-THE-VINTAGE-TRAVELER-FINAL-e1745392697678.png\",\"contentUrl\":\"https:\/\/thevintagetraveler.com\/wp-content\/uploads\/2025\/04\/LOGO-THE-VINTAGE-TRAVELER-FINAL-e1745392697678.png\",\"width\":798,\"height\":318,\"caption\":\"TheVintageTraveler\"},\"image\":{\"@id\":\"https:\/\/thevintagetraveler.com\/en\/#\/schema\/logo\/image\/\"},\"sameAs\":[\"https:\/\/www.facebook.com\/TheVintageTravelerFR\/\",\"https:\/\/www.instagram.com\/the_vintagetraveler\"]}]}<\/script>\n<!-- \/ Yoast SEO plugin. -->","yoast_head_json":{"title":"Herm\u00e8s Kelly 32 Rouge Cuir Box 1986 Vintage TheVintageTraveler","description":"Sac Herm\u00e8s Kelly 32 vintage en cuir Box rouge, dat\u00e9 de 1986. Mod\u00e8le rare avec charme patin\u00e9, en bel \u00e9tat d\u2019usage. Authentifi\u00e9 par nos experts.","robots":{"index":"index","follow":"follow","max-snippet":"max-snippet:-1","max-image-preview":"max-image-preview:large","max-video-preview":"max-video-preview:-1"},"canonical":"https:\/\/thevintagetraveler.com\/en\/produit\/sac-hermes-kelly-32-cuir-box-rouge-1986\/","og_locale":"en_US","og_type":"article","og_title":"Herm\u00e8s Kelly 32 Rouge Cuir Box 1986 Vintage TheVintageTraveler","og_description":"Sac Herm\u00e8s Kelly 32 vintage en cuir Box rouge, dat\u00e9 de 1986. Mod\u00e8le rare avec charme patin\u00e9, en bel \u00e9tat d\u2019usage. Authentifi\u00e9 par nos experts.","og_url":"https:\/\/thevintagetraveler.com\/en\/produit\/sac-hermes-kelly-32-cuir-box-rouge-1986\/","og_site_name":"TheVintageTraveler","article_publisher":"https:\/\/www.facebook.com\/TheVintageTravelerFR\/","article_modified_time":"2025-09-16T13:40:48+00:00","og_image":[{"width":1500,"height":2000,"url":"https:\/\/thevintagetraveler.com\/wp-content\/uploads\/2025\/04\/20250306_151503.jpg","type":"image\/jpeg"}],"twitter_card":"summary_large_image","twitter_misc":{"Est. reading time":"3 minutes"},"schema":{"@context":"https:\/\/schema.org","@graph":[{"@type":"WebPage","@id":"https:\/\/thevintagetraveler.com\/en\/produit\/sac-hermes-kelly-32-cuir-box-rouge-1986\/","url":"https:\/\/thevintagetraveler.com\/en\/produit\/sac-hermes-kelly-32-cuir-box-rouge-1986\/","name":"Herm\u00e8s Kelly 32 Rouge Cuir Box 1986 Vintage TheVintageTraveler","isPartOf":{"@id":"https:\/\/thevintagetraveler.com\/en\/#website"},"primaryImageOfPage":{"@id":"https:\/\/thevintagetraveler.com\/en\/produit\/sac-hermes-kelly-32-cuir-box-rouge-1986\/#primaryimage"},"image":{"@id":"https:\/\/thevintagetraveler.com\/en\/produit\/sac-hermes-kelly-32-cuir-box-rouge-1986\/#primaryimage"},"thumbnailUrl":"https:\/\/thevintagetraveler.com\/wp-content\/uploads\/2025\/04\/20250306_151503.jpg","datePublished":"2024-04-17T15:18:24+00:00","dateModified":"2025-09-16T13:40:48+00:00","description":"Sac Herm\u00e8s Kelly 32 vintage en cuir Box rouge, dat\u00e9 de 1986. Mod\u00e8le rare avec charme patin\u00e9, en bel \u00e9tat d\u2019usage. Authentifi\u00e9 par nos experts.","breadcrumb":{"@id":"https:\/\/thevintagetraveler.com\/en\/produit\/sac-hermes-kelly-32-cuir-box-rouge-1986\/#breadcrumb"},"inLanguage":"en-US","potentialAction":[{"@type":"ReadAction","target":["https:\/\/thevintagetraveler.com\/en\/produit\/sac-hermes-kelly-32-cuir-box-rouge-1986\/"]}]},{"@type":"ImageObject","inLanguage":"en-US","@id":"https:\/\/thevintagetraveler.com\/en\/produit\/sac-hermes-kelly-32-cuir-box-rouge-1986\/#primaryimage","url":"https:\/\/thevintagetraveler.com\/wp-content\/uploads\/2025\/04\/20250306_151503.jpg","contentUrl":"https:\/\/thevintagetraveler.com\/wp-content\/uploads\/2025\/04\/20250306_151503.jpg","width":1500,"height":2000,"caption":"sac Herm\u00e8s Kelly 32 cuir box rouge vintage"},{"@type":"BreadcrumbList","@id":"https:\/\/thevintagetraveler.com\/en\/produit\/sac-hermes-kelly-32-cuir-box-rouge-1986\/#breadcrumb","itemListElement":[{"@type":"ListItem","position":1,"name":"Accueil","item":"https:\/\/thevintagetraveler.com\/en\/"},{"@type":"ListItem","position":2,"name":"Shop","item":"https:\/\/thevintagetraveler.com\/shop\/"},{"@type":"ListItem","position":3,"name":"Sac Herm\u00e8s Kelly 32 cuir box rouge"}]},{"@type":"WebSite","@id":"https:\/\/thevintagetraveler.com\/en\/#website","url":"https:\/\/thevintagetraveler.com\/en\/","name":"TheVintageTraveler","description":"Luxury experts in Louis Vuitton, Chanel &amp; Herm\u00e8s","publisher":{"@id":"https:\/\/thevintagetraveler.com\/en\/#organization"},"potentialAction":[{"@type":"SearchAction","target":{"@type":"EntryPoint","urlTemplate":"https:\/\/thevintagetraveler.com\/en\/?s={search_term_string}"},"query-input":{"@type":"PropertyValueSpecification","valueRequired":true,"valueName":"search_term_string"}}],"inLanguage":"en-US"},{"@type":"Organization","@id":"https:\/\/thevintagetraveler.com\/en\/#organization","name":"TheVintageTraveler","url":"https:\/\/thevintagetraveler.com\/en\/","logo":{"@type":"ImageObject","inLanguage":"en-US","@id":"https:\/\/thevintagetraveler.com\/en\/#\/schema\/logo\/image\/","url":"https:\/\/thevintagetraveler.com\/wp-content\/uploads\/2025\/04\/LOGO-THE-VINTAGE-TRAVELER-FINAL-e1745392697678.png","contentUrl":"https:\/\/thevintagetraveler.com\/wp-content\/uploads\/2025\/04\/LOGO-THE-VINTAGE-TRAVELER-FINAL-e1745392697678.png","width":798,"height":318,"caption":"TheVintageTraveler"},"image":{"@id":"https:\/\/thevintagetraveler.com\/en\/#\/schema\/logo\/image\/"},"sameAs":["https:\/\/www.facebook.com\/TheVintageTravelerFR\/","https:\/\/www.instagram.com\/the_vintagetraveler"]}]}},"_links":{"self":[{"href":"https:\/\/thevintagetraveler.com\/en\/wp-json\/wp\/v2\/product\/3940","targetHints":{"allow":["GET"]}}],"collection":[{"href":"https:\/\/thevintagetraveler.com\/en\/wp-json\/wp\/v2\/product"}],"about":[{"href":"https:\/\/thevintagetraveler.com\/en\/wp-json\/wp\/v2\/types\/product"}],"wp:featuredmedia":[{"embeddable":true,"href":"https:\/\/thevintagetraveler.com\/en\/wp-json\/wp\/v2\/media\/3945"}],"wp:attachment":[{"href":"https:\/\/thevintagetraveler.com\/en\/wp-json\/wp\/v2\/media?parent=3940"}],"wp:term":[{"taxonomy":"product_brand","embeddable":true,"href":"https:\/\/thevintagetraveler.com\/en\/wp-json\/wp\/v2\/product_brand?post=3940"},{"taxonomy":"product_cat","embeddable":true,"href":"https:\/\/thevintagetraveler.com\/en\/wp-json\/wp\/v2\/product_cat?post=3940"},{"taxonomy":"product_tag","embeddable":true,"href":"https:\/\/thevintagetraveler.com\/en\/wp-json\/wp\/v2\/product_tag?post=3940"}],"curies":[{"name":"wp","href":"https:\/\/api.w.org\/{rel}","templated":true}]}}