{"id":3965,"date":"2025-04-17T17:47:57","date_gmt":"2025-04-17T15:47:57","guid":{"rendered":"https:\/\/thevintagetraveler.com\/?post_type=product&#038;p=3965"},"modified":"2025-04-17T18:01:18","modified_gmt":"2025-04-17T16:01:18","slug":"pochette-hermes-jige-vintage-rouge-1979","status":"publish","type":"product","link":"https:\/\/thevintagetraveler.com\/en\/produit\/pochette-hermes-jige-vintage-rouge-1979\/","title":{"rendered":"Pochette Herm\u00e8s Jige toile &#038; Cuir Box rouge"},"content":{"rendered":"<h3 class=\"\" data-start=\"939\" data-end=\"1000\">Pochette Herm\u00e8s Jige \u2013 Toile &amp; Cuir Box Rouge, Ann\u00e9e 1979<\/h3>\n<p class=\"\" data-start=\"1002\" data-end=\"1294\">Symbole de l\u2019\u00e9l\u00e9gance sobre et raffin\u00e9e d\u2019Herm\u00e8s, la <strong data-start=\"1055\" data-end=\"1072\">pochette Jige<\/strong> est l\u2019un des mod\u00e8les les plus iconiques de la maison. Cette version <strong data-start=\"1141\" data-end=\"1166\">vintage dat\u00e9e de 1979<\/strong>, en <strong data-start=\"1171\" data-end=\"1206\">toile robuste et cuir Box rouge<\/strong>, est une pi\u00e8ce rare, au <strong data-start=\"1231\" data-end=\"1248\">charme patin\u00e9<\/strong>, parfaitement conserv\u00e9e au fil des d\u00e9cennies.<\/p>\n<p class=\"\" data-start=\"1296\" data-end=\"1500\">Pens\u00e9e \u00e0 l\u2019origine comme un accessoire discret pour transporter ses essentiels, la Jige s\u2019impose aujourd\u2019hui comme un v\u00e9ritable <strong data-start=\"1424\" data-end=\"1447\">objet de collection<\/strong>, \u00e0 la fois minimaliste, chic et subtilement affirm\u00e9.<\/p>\n<hr class=\"\" data-start=\"1502\" data-end=\"1505\" \/>\n<h3 class=\"\" data-start=\"1507\" data-end=\"1551\">Une pi\u00e8ce de collection au charme intact<\/h3>\n<p class=\"\" data-start=\"1553\" data-end=\"1854\">Cette <strong data-start=\"1559\" data-end=\"1575\">Jige vintage<\/strong> se distingue par la combinaison d\u2019une <strong data-start=\"1614\" data-end=\"1640\">toile \u00e9crue structur\u00e9e<\/strong> et d\u2019un <strong data-start=\"1649\" data-end=\"1674\">cuir Box rouge Herm\u00e8s<\/strong>, brillant et lisse, typique des productions <a href=\"https:\/\/thevintagetraveler.com\/hermes-une-histoire-dexcellence-et-dintemporalite\/\">Herm\u00e8s<\/a> de la fin des ann\u00e9es 70. La signature en &#8220;H&#8221; cousue sur le rabat en cuir donne tout son caract\u00e8re \u00e0 cette pochette embl\u00e9matique.<\/p>\n<p class=\"\" data-start=\"1856\" data-end=\"2059\">Ce mod\u00e8le de 1979 (lettre I dans un cercle) t\u00e9moigne d\u2019un savoir-faire d\u2019exception. Malgr\u00e9 son \u00e2ge, la pi\u00e8ce est <strong data-start=\"1969\" data-end=\"1989\">en tr\u00e8s bon \u00e9tat<\/strong>, avec des coins nets, une fermeture impeccable et une tenue parfaite.<\/p>\n<hr class=\"\" data-start=\"2061\" data-end=\"2064\" \/>\n<h3 class=\"\" data-start=\"2066\" data-end=\"2097\">Caract\u00e9ristiques du produit<\/h3>\n<ul data-start=\"2099\" data-end=\"2547\">\n<li class=\"\" data-start=\"2099\" data-end=\"2122\">\n<p class=\"\" data-start=\"2101\" data-end=\"2122\"><strong data-start=\"2101\" data-end=\"2113\">Marque :<\/strong> Herm\u00e8s<\/p>\n<\/li>\n<li class=\"\" data-start=\"2123\" data-end=\"2144\">\n<p class=\"\" data-start=\"2125\" data-end=\"2144\"><strong data-start=\"2125\" data-end=\"2137\">Mod\u00e8le :<\/strong> Jige<\/p>\n<\/li>\n<li class=\"\" data-start=\"2145\" data-end=\"2191\">\n<p class=\"\" data-start=\"2147\" data-end=\"2191\"><strong data-start=\"2147\" data-end=\"2158\">Ann\u00e9e :<\/strong> 1979 (lettre F dans un cercle)<\/p>\n<\/li>\n<li class=\"\" data-start=\"2192\" data-end=\"2227\">\n<p class=\"\" data-start=\"2194\" data-end=\"2227\"><strong data-start=\"2194\" data-end=\"2207\">Mati\u00e8re :<\/strong> Toile et cuir Box<\/p>\n<\/li>\n<li class=\"\" data-start=\"2228\" data-end=\"2280\">\n<p class=\"\" data-start=\"2230\" data-end=\"2280\"><strong data-start=\"2230\" data-end=\"2243\">Couleur :<\/strong> Rouge Herm\u00e8s (cuir) et toile \u00e9crue<\/p>\n<\/li>\n<li class=\"\" data-start=\"2281\" data-end=\"2336\">\n<p class=\"\" data-start=\"2283\" data-end=\"2336\"><strong data-start=\"2283\" data-end=\"2298\">Fermeture :<\/strong> Rabat \u00e0 passant en cuir H signature<\/p>\n<\/li>\n<li class=\"\" data-start=\"2337\" data-end=\"2399\">\n<p class=\"\" data-start=\"2339\" data-end=\"2399\"><strong data-start=\"2339\" data-end=\"2351\">Format :<\/strong> Environ 29 x 19 cm (taille classique Jige PM)<\/p>\n<\/li>\n<li class=\"\" data-start=\"2400\" data-end=\"2471\">\n<p class=\"\" data-start=\"2402\" data-end=\"2471\"><strong data-start=\"2402\" data-end=\"2412\">\u00c9tat :<\/strong> Tr\u00e8s bon \u2013 cuir brillant, toile propre, patine naturelle<\/p>\n<\/li>\n<li class=\"\" data-start=\"2472\" data-end=\"2547\">\n<p class=\"\" data-start=\"2474\" data-end=\"2547\"><strong data-start=\"2474\" data-end=\"2496\">Authentification :<\/strong> Certifi\u00e9e par nos experts \u2013 livr\u00e9e avec certificat<\/p>\n<\/li>\n<\/ul>\n<hr class=\"\" data-start=\"2549\" data-end=\"2552\" \/>\n<h3 class=\"\" data-start=\"2554\" data-end=\"2597\">Une pochette Herm\u00e8s au style intemporel<\/h3>\n<p class=\"\" data-start=\"2599\" data-end=\"2874\">La <strong data-start=\"2602\" data-end=\"2619\">pochette Jige<\/strong> est id\u00e9ale pour un look chic de jour comme de nuit. Elle se glisse sous le bras avec \u00e9l\u00e9gance et apporte une touche d\u2019exception \u00e0 la tenue la plus sobre. Son format plat permet d\u2019y glisser l\u2019essentiel : t\u00e9l\u00e9phone, cl\u00e9s, portefeuille, documents fins, etc.<\/p>\n<p class=\"\" data-start=\"2876\" data-end=\"3087\">La <strong data-start=\"2879\" data-end=\"2896\">couleur rouge<\/strong> apporte une touche audacieuse, tandis que la <strong data-start=\"2942\" data-end=\"2961\">toile naturelle<\/strong> \u00e9quilibre l\u2019ensemble par sa simplicit\u00e9 et sa texture. Un contraste subtil et puissant, fid\u00e8le \u00e0 l\u2019esprit de la maison Herm\u00e8s.<\/p>\n<hr class=\"\" data-start=\"3089\" data-end=\"3092\" \/>\n<h3 class=\"\" data-start=\"3094\" data-end=\"3133\">Pourquoi choisir une Jige vintage ?<\/h3>\n<p class=\"\" data-start=\"3135\" data-end=\"3335\">Les pochettes Jige anciennes sont <strong data-start=\"3169\" data-end=\"3189\">tr\u00e8s recherch\u00e9es<\/strong> par les collectionneurs en raison de leur raret\u00e9, de leur qualit\u00e9 de fabrication artisanale et de leurs mat\u00e9riaux nobles. Ce mod\u00e8le de 1979 est :<\/p>\n<ul data-start=\"3337\" data-end=\"3548\">\n<li class=\"\" data-start=\"3337\" data-end=\"3364\">\n<p class=\"\" data-start=\"3339\" data-end=\"3364\"><strong data-start=\"3339\" data-end=\"3362\">Authentique et dat\u00e9<\/strong><\/p>\n<\/li>\n<li class=\"\" data-start=\"3365\" data-end=\"3423\">\n<p class=\"\" data-start=\"3367\" data-end=\"3423\"><strong data-start=\"3367\" data-end=\"3391\">Patin\u00e9 naturellement<\/strong>, sans alt\u00e9ration de sa beaut\u00e9<\/p>\n<\/li>\n<li class=\"\" data-start=\"3424\" data-end=\"3493\">\n<p class=\"\" data-start=\"3426\" data-end=\"3493\"><strong data-start=\"3426\" data-end=\"3449\">Difficile \u00e0 trouver<\/strong>, surtout en version bicolore toile et Box<\/p>\n<\/li>\n<li class=\"\" data-start=\"3494\" data-end=\"3548\">\n<p class=\"\" data-start=\"3496\" data-end=\"3548\">Parfaitement adapt\u00e9 \u00e0 un usage actuel malgr\u00e9 son \u00e2ge<\/p>\n<\/li>\n<\/ul>\n<hr class=\"\" data-start=\"3550\" data-end=\"3553\" \/>\n<h3 class=\"\" data-start=\"3555\" data-end=\"3601\">Pourquoi acheter chez TheVintageTraveler ?<\/h3>\n<p class=\"\" data-start=\"3603\" data-end=\"3928\">Chez <strong data-start=\"3608\" data-end=\"3630\">TheVintageTraveler<\/strong>, chaque pi\u00e8ce est s\u00e9lectionn\u00e9e avec rigueur, expertis\u00e9e et authentifi\u00e9e. Cette Jige vintage est <strong data-start=\"3727\" data-end=\"3768\">livr\u00e9e avec certificat d\u2019authenticit\u00e9<\/strong>, et exp\u00e9di\u00e9e avec soin. Nous vous accueillons \u00e9galement sur rendez-vous dans notre showroom au <strong data-start=\"3864\" data-end=\"3896\">March\u00e9 Serpette (Saint-Ouen)<\/strong> pour voir la pi\u00e8ce en personne.<\/p>\n<hr class=\"\" data-start=\"3930\" data-end=\"3933\" \/>\n<h3 class=\"\" data-start=\"3935\" data-end=\"3949\">Conclusion<\/h3>\n<p class=\"\" data-start=\"3951\" data-end=\"4274\">Cette <strong data-start=\"3957\" data-end=\"4008\">pochette Herm\u00e8s Jige en toile et cuir Box rouge<\/strong>, dat\u00e9e de <strong data-start=\"4019\" data-end=\"4027\">1979<\/strong>, est une pi\u00e8ce de collection aussi rare qu\u2019\u00e9l\u00e9gante. Parfaitement conserv\u00e9e, elle allie <strong data-start=\"4116\" data-end=\"4148\">l\u2019\u00e9l\u00e9gance discr\u00e8te d\u2019Herm\u00e8s<\/strong> au caract\u00e8re unique du vintage patin\u00e9. Une opportunit\u00e9 exceptionnelle pour les amatrices d\u2019accessoires rares et authentiques.<\/p>\n<p>Suivez &#8211; nous sur <a href=\"https:\/\/www.facebook.com\/TheVintageTravelerFR\">Facebook<\/a> et <a href=\"https:\/\/www.instagram.com\/the_vintagetraveler\/?igsh=aXdsbDJkdnpwZjcx#\">Instagram<\/a><\/p>\n","protected":false},"excerpt":{"rendered":"<p>Pochette Herm\u00e8s Jige en toile et cuir Box rouge, dat\u00e9e de 1979. Pi\u00e8ce vintage rare, en tr\u00e8s bon \u00e9tat. \u00c9l\u00e9gance Herm\u00e8s, authenticit\u00e9 et raffinement.<\/p>\n","protected":false},"featured_media":3966,"template":"","meta":[],"product_brand":[],"product_cat":[115,140,152,112],"product_tag":[136,148],"class_list":{"0":"post-3965","1":"product","2":"type-product","3":"status-publish","4":"has-post-thumbnail","6":"product_cat-hermes","7":"product_cat-nouveautes","8":"product_cat-sac-a-main","9":"product_cat-sacs","10":"product_tag-hermes","11":"product_tag-hermeskelly","13":"first","14":"instock","15":"sold-individually","16":"shipping-taxable","17":"purchasable","18":"product-type-simple"},"yoast_head":"<!-- This site is optimized with the Yoast SEO plugin v27.1.1 - https:\/\/yoast.com\/product\/yoast-seo-wordpress\/ -->\n<title>Pochette Herm\u00e8s Jige Rouge 1979 Vintage TheVintageTraveler<\/title>\n<meta name=\"description\" content=\"Pochette Herm\u00e8s Jige vintage 1979 en toile et cuir Box rouge. Pi\u00e8ce rare et iconique en tr\u00e8s bon \u00e9tat, au charme patin\u00e9 et \u00e0 l\u2019\u00e9l\u00e9gance intemporelle.\" \/>\n<meta name=\"robots\" content=\"index, follow, max-snippet:-1, max-image-preview:large, max-video-preview:-1\" \/>\n<link rel=\"canonical\" href=\"https:\/\/thevintagetraveler.com\/en\/produit\/pochette-hermes-jige-vintage-rouge-1979\/\" \/>\n<meta property=\"og:locale\" content=\"en_US\" \/>\n<meta property=\"og:type\" content=\"article\" \/>\n<meta property=\"og:title\" content=\"Pochette Herm\u00e8s Jige Rouge 1979 Vintage TheVintageTraveler\" \/>\n<meta property=\"og:description\" content=\"Pochette Herm\u00e8s Jige vintage 1979 en toile et cuir Box rouge. Pi\u00e8ce rare et iconique en tr\u00e8s bon \u00e9tat, au charme patin\u00e9 et \u00e0 l\u2019\u00e9l\u00e9gance intemporelle.\" \/>\n<meta property=\"og:url\" content=\"https:\/\/thevintagetraveler.com\/en\/produit\/pochette-hermes-jige-vintage-rouge-1979\/\" \/>\n<meta property=\"og:site_name\" content=\"TheVintageTraveler\" \/>\n<meta property=\"article:publisher\" content=\"https:\/\/www.facebook.com\/TheVintageTravelerFR\/\" \/>\n<meta property=\"article:modified_time\" content=\"2025-04-17T16:01:18+00:00\" \/>\n<meta property=\"og:image\" content=\"https:\/\/thevintagetraveler.com\/wp-content\/uploads\/2025\/04\/20250306_151008.jpg\" \/>\n\t<meta property=\"og:image:width\" content=\"1500\" \/>\n\t<meta property=\"og:image:height\" content=\"2000\" \/>\n\t<meta property=\"og:image:type\" content=\"image\/jpeg\" \/>\n<meta name=\"twitter:card\" content=\"summary_large_image\" \/>\n<meta name=\"twitter:label1\" content=\"Est. reading time\" \/>\n\t<meta name=\"twitter:data1\" content=\"3 minutes\" \/>\n<script type=\"application\/ld+json\" class=\"yoast-schema-graph\">{\"@context\":\"https:\/\/schema.org\",\"@graph\":[{\"@type\":\"WebPage\",\"@id\":\"https:\/\/thevintagetraveler.com\/en\/produit\/pochette-hermes-jige-vintage-rouge-1979\/\",\"url\":\"https:\/\/thevintagetraveler.com\/en\/produit\/pochette-hermes-jige-vintage-rouge-1979\/\",\"name\":\"Pochette Herm\u00e8s Jige Rouge 1979 Vintage TheVintageTraveler\",\"isPartOf\":{\"@id\":\"https:\/\/thevintagetraveler.com\/en\/#website\"},\"primaryImageOfPage\":{\"@id\":\"https:\/\/thevintagetraveler.com\/en\/produit\/pochette-hermes-jige-vintage-rouge-1979\/#primaryimage\"},\"image\":{\"@id\":\"https:\/\/thevintagetraveler.com\/en\/produit\/pochette-hermes-jige-vintage-rouge-1979\/#primaryimage\"},\"thumbnailUrl\":\"https:\/\/thevintagetraveler.com\/wp-content\/uploads\/2025\/04\/20250306_151008.jpg\",\"datePublished\":\"2025-04-17T15:47:57+00:00\",\"dateModified\":\"2025-04-17T16:01:18+00:00\",\"description\":\"Pochette Herm\u00e8s Jige vintage 1979 en toile et cuir Box rouge. Pi\u00e8ce rare et iconique en tr\u00e8s bon \u00e9tat, au charme patin\u00e9 et \u00e0 l\u2019\u00e9l\u00e9gance intemporelle.\",\"breadcrumb\":{\"@id\":\"https:\/\/thevintagetraveler.com\/en\/produit\/pochette-hermes-jige-vintage-rouge-1979\/#breadcrumb\"},\"inLanguage\":\"en-US\",\"potentialAction\":[{\"@type\":\"ReadAction\",\"target\":[\"https:\/\/thevintagetraveler.com\/en\/produit\/pochette-hermes-jige-vintage-rouge-1979\/\"]}]},{\"@type\":\"ImageObject\",\"inLanguage\":\"en-US\",\"@id\":\"https:\/\/thevintagetraveler.com\/en\/produit\/pochette-hermes-jige-vintage-rouge-1979\/#primaryimage\",\"url\":\"https:\/\/thevintagetraveler.com\/wp-content\/uploads\/2025\/04\/20250306_151008.jpg\",\"contentUrl\":\"https:\/\/thevintagetraveler.com\/wp-content\/uploads\/2025\/04\/20250306_151008.jpg\",\"width\":1500,\"height\":2000,\"caption\":\"pochette Herm\u00e8s Jige vintage rouge 1979\"},{\"@type\":\"BreadcrumbList\",\"@id\":\"https:\/\/thevintagetraveler.com\/en\/produit\/pochette-hermes-jige-vintage-rouge-1979\/#breadcrumb\",\"itemListElement\":[{\"@type\":\"ListItem\",\"position\":1,\"name\":\"Accueil\",\"item\":\"https:\/\/thevintagetraveler.com\/en\/\"},{\"@type\":\"ListItem\",\"position\":2,\"name\":\"Shop\",\"item\":\"https:\/\/thevintagetraveler.com\/shop\/\"},{\"@type\":\"ListItem\",\"position\":3,\"name\":\"Pochette Herm\u00e8s Jige toile &#038; Cuir Box rouge\"}]},{\"@type\":\"WebSite\",\"@id\":\"https:\/\/thevintagetraveler.com\/en\/#website\",\"url\":\"https:\/\/thevintagetraveler.com\/en\/\",\"name\":\"TheVintageTraveler\",\"description\":\"Luxury experts in Louis Vuitton, Chanel &amp; Herm\u00e8s\",\"publisher\":{\"@id\":\"https:\/\/thevintagetraveler.com\/en\/#organization\"},\"potentialAction\":[{\"@type\":\"SearchAction\",\"target\":{\"@type\":\"EntryPoint\",\"urlTemplate\":\"https:\/\/thevintagetraveler.com\/en\/?s={search_term_string}\"},\"query-input\":{\"@type\":\"PropertyValueSpecification\",\"valueRequired\":true,\"valueName\":\"search_term_string\"}}],\"inLanguage\":\"en-US\"},{\"@type\":\"Organization\",\"@id\":\"https:\/\/thevintagetraveler.com\/en\/#organization\",\"name\":\"TheVintageTraveler\",\"url\":\"https:\/\/thevintagetraveler.com\/en\/\",\"logo\":{\"@type\":\"ImageObject\",\"inLanguage\":\"en-US\",\"@id\":\"https:\/\/thevintagetraveler.com\/en\/#\/schema\/logo\/image\/\",\"url\":\"https:\/\/thevintagetraveler.com\/wp-content\/uploads\/2025\/04\/LOGO-THE-VINTAGE-TRAVELER-FINAL-e1745392697678.png\",\"contentUrl\":\"https:\/\/thevintagetraveler.com\/wp-content\/uploads\/2025\/04\/LOGO-THE-VINTAGE-TRAVELER-FINAL-e1745392697678.png\",\"width\":798,\"height\":318,\"caption\":\"TheVintageTraveler\"},\"image\":{\"@id\":\"https:\/\/thevintagetraveler.com\/en\/#\/schema\/logo\/image\/\"},\"sameAs\":[\"https:\/\/www.facebook.com\/TheVintageTravelerFR\/\",\"https:\/\/www.instagram.com\/the_vintagetraveler\"]}]}<\/script>\n<!-- \/ Yoast SEO plugin. -->","yoast_head_json":{"title":"Pochette Herm\u00e8s Jige Rouge 1979 Vintage TheVintageTraveler","description":"Pochette Herm\u00e8s Jige vintage 1979 en toile et cuir Box rouge. Pi\u00e8ce rare et iconique en tr\u00e8s bon \u00e9tat, au charme patin\u00e9 et \u00e0 l\u2019\u00e9l\u00e9gance intemporelle.","robots":{"index":"index","follow":"follow","max-snippet":"max-snippet:-1","max-image-preview":"max-image-preview:large","max-video-preview":"max-video-preview:-1"},"canonical":"https:\/\/thevintagetraveler.com\/en\/produit\/pochette-hermes-jige-vintage-rouge-1979\/","og_locale":"en_US","og_type":"article","og_title":"Pochette Herm\u00e8s Jige Rouge 1979 Vintage TheVintageTraveler","og_description":"Pochette Herm\u00e8s Jige vintage 1979 en toile et cuir Box rouge. Pi\u00e8ce rare et iconique en tr\u00e8s bon \u00e9tat, au charme patin\u00e9 et \u00e0 l\u2019\u00e9l\u00e9gance intemporelle.","og_url":"https:\/\/thevintagetraveler.com\/en\/produit\/pochette-hermes-jige-vintage-rouge-1979\/","og_site_name":"TheVintageTraveler","article_publisher":"https:\/\/www.facebook.com\/TheVintageTravelerFR\/","article_modified_time":"2025-04-17T16:01:18+00:00","og_image":[{"width":1500,"height":2000,"url":"https:\/\/thevintagetraveler.com\/wp-content\/uploads\/2025\/04\/20250306_151008.jpg","type":"image\/jpeg"}],"twitter_card":"summary_large_image","twitter_misc":{"Est. reading time":"3 minutes"},"schema":{"@context":"https:\/\/schema.org","@graph":[{"@type":"WebPage","@id":"https:\/\/thevintagetraveler.com\/en\/produit\/pochette-hermes-jige-vintage-rouge-1979\/","url":"https:\/\/thevintagetraveler.com\/en\/produit\/pochette-hermes-jige-vintage-rouge-1979\/","name":"Pochette Herm\u00e8s Jige Rouge 1979 Vintage TheVintageTraveler","isPartOf":{"@id":"https:\/\/thevintagetraveler.com\/en\/#website"},"primaryImageOfPage":{"@id":"https:\/\/thevintagetraveler.com\/en\/produit\/pochette-hermes-jige-vintage-rouge-1979\/#primaryimage"},"image":{"@id":"https:\/\/thevintagetraveler.com\/en\/produit\/pochette-hermes-jige-vintage-rouge-1979\/#primaryimage"},"thumbnailUrl":"https:\/\/thevintagetraveler.com\/wp-content\/uploads\/2025\/04\/20250306_151008.jpg","datePublished":"2025-04-17T15:47:57+00:00","dateModified":"2025-04-17T16:01:18+00:00","description":"Pochette Herm\u00e8s Jige vintage 1979 en toile et cuir Box rouge. Pi\u00e8ce rare et iconique en tr\u00e8s bon \u00e9tat, au charme patin\u00e9 et \u00e0 l\u2019\u00e9l\u00e9gance intemporelle.","breadcrumb":{"@id":"https:\/\/thevintagetraveler.com\/en\/produit\/pochette-hermes-jige-vintage-rouge-1979\/#breadcrumb"},"inLanguage":"en-US","potentialAction":[{"@type":"ReadAction","target":["https:\/\/thevintagetraveler.com\/en\/produit\/pochette-hermes-jige-vintage-rouge-1979\/"]}]},{"@type":"ImageObject","inLanguage":"en-US","@id":"https:\/\/thevintagetraveler.com\/en\/produit\/pochette-hermes-jige-vintage-rouge-1979\/#primaryimage","url":"https:\/\/thevintagetraveler.com\/wp-content\/uploads\/2025\/04\/20250306_151008.jpg","contentUrl":"https:\/\/thevintagetraveler.com\/wp-content\/uploads\/2025\/04\/20250306_151008.jpg","width":1500,"height":2000,"caption":"pochette Herm\u00e8s Jige vintage rouge 1979"},{"@type":"BreadcrumbList","@id":"https:\/\/thevintagetraveler.com\/en\/produit\/pochette-hermes-jige-vintage-rouge-1979\/#breadcrumb","itemListElement":[{"@type":"ListItem","position":1,"name":"Accueil","item":"https:\/\/thevintagetraveler.com\/en\/"},{"@type":"ListItem","position":2,"name":"Shop","item":"https:\/\/thevintagetraveler.com\/shop\/"},{"@type":"ListItem","position":3,"name":"Pochette Herm\u00e8s Jige toile &#038; Cuir Box rouge"}]},{"@type":"WebSite","@id":"https:\/\/thevintagetraveler.com\/en\/#website","url":"https:\/\/thevintagetraveler.com\/en\/","name":"TheVintageTraveler","description":"Luxury experts in Louis Vuitton, Chanel &amp; Herm\u00e8s","publisher":{"@id":"https:\/\/thevintagetraveler.com\/en\/#organization"},"potentialAction":[{"@type":"SearchAction","target":{"@type":"EntryPoint","urlTemplate":"https:\/\/thevintagetraveler.com\/en\/?s={search_term_string}"},"query-input":{"@type":"PropertyValueSpecification","valueRequired":true,"valueName":"search_term_string"}}],"inLanguage":"en-US"},{"@type":"Organization","@id":"https:\/\/thevintagetraveler.com\/en\/#organization","name":"TheVintageTraveler","url":"https:\/\/thevintagetraveler.com\/en\/","logo":{"@type":"ImageObject","inLanguage":"en-US","@id":"https:\/\/thevintagetraveler.com\/en\/#\/schema\/logo\/image\/","url":"https:\/\/thevintagetraveler.com\/wp-content\/uploads\/2025\/04\/LOGO-THE-VINTAGE-TRAVELER-FINAL-e1745392697678.png","contentUrl":"https:\/\/thevintagetraveler.com\/wp-content\/uploads\/2025\/04\/LOGO-THE-VINTAGE-TRAVELER-FINAL-e1745392697678.png","width":798,"height":318,"caption":"TheVintageTraveler"},"image":{"@id":"https:\/\/thevintagetraveler.com\/en\/#\/schema\/logo\/image\/"},"sameAs":["https:\/\/www.facebook.com\/TheVintageTravelerFR\/","https:\/\/www.instagram.com\/the_vintagetraveler"]}]}},"_links":{"self":[{"href":"https:\/\/thevintagetraveler.com\/en\/wp-json\/wp\/v2\/product\/3965","targetHints":{"allow":["GET"]}}],"collection":[{"href":"https:\/\/thevintagetraveler.com\/en\/wp-json\/wp\/v2\/product"}],"about":[{"href":"https:\/\/thevintagetraveler.com\/en\/wp-json\/wp\/v2\/types\/product"}],"wp:featuredmedia":[{"embeddable":true,"href":"https:\/\/thevintagetraveler.com\/en\/wp-json\/wp\/v2\/media\/3966"}],"wp:attachment":[{"href":"https:\/\/thevintagetraveler.com\/en\/wp-json\/wp\/v2\/media?parent=3965"}],"wp:term":[{"taxonomy":"product_brand","embeddable":true,"href":"https:\/\/thevintagetraveler.com\/en\/wp-json\/wp\/v2\/product_brand?post=3965"},{"taxonomy":"product_cat","embeddable":true,"href":"https:\/\/thevintagetraveler.com\/en\/wp-json\/wp\/v2\/product_cat?post=3965"},{"taxonomy":"product_tag","embeddable":true,"href":"https:\/\/thevintagetraveler.com\/en\/wp-json\/wp\/v2\/product_tag?post=3965"}],"curies":[{"name":"wp","href":"https:\/\/api.w.org\/{rel}","templated":true}]}}