{"id":3982,"date":"2024-04-18T14:39:57","date_gmt":"2024-04-18T12:39:57","guid":{"rendered":"https:\/\/thevintagetraveler.com\/?post_type=product&#038;p=3982"},"modified":"2025-09-16T15:40:09","modified_gmt":"2025-09-16T13:40:09","slug":"sac-hermes-birkin-30-swift-orange-2007","status":"publish","type":"product","link":"https:\/\/thevintagetraveler.com\/en\/produit\/sac-hermes-birkin-30-swift-orange-2007\/","title":{"rendered":"Sac Herm\u00e8s Birkin 30 Orange Swift palladium"},"content":{"rendered":"<h3 class=\"\" data-start=\"931\" data-end=\"1008\">Sac Herm\u00e8s Birkin 30 \u2013 Cuir Swift Orange, Finitions Palladium, Ann\u00e9e 2007<\/h3>\n<p class=\"\" data-start=\"1010\" data-end=\"1309\">Ic\u00f4ne absolue de la maroquinerie de luxe, le <strong data-start=\"1055\" data-end=\"1079\">sac Herm\u00e8s Birkin 30<\/strong> est un incontournable de l\u2019\u00e9l\u00e9gance contemporaine. Ce mod\u00e8le, r\u00e9alis\u00e9 en <strong data-start=\"1153\" data-end=\"1181\">cuir Swift orange Herm\u00e8s<\/strong> avec <strong data-start=\"1187\" data-end=\"1210\">finitions palladium<\/strong>, date de <strong data-start=\"1220\" data-end=\"1228\">2007<\/strong> et se pr\u00e9sente dans un <strong data-start=\"1252\" data-end=\"1275\">\u00e9tat d\u2019usage soign\u00e9<\/strong>, avec une belle patine naturelle.<\/p>\n<p class=\"\" data-start=\"1311\" data-end=\"1486\">Vif, pratique, lumineux, ce <strong data-start=\"1339\" data-end=\"1352\">Birkin 30<\/strong> est id\u00e9al pour une utilisation quotidienne ou pour compl\u00e9ter une collection Herm\u00e8s avec une <strong data-start=\"1445\" data-end=\"1467\">pi\u00e8ce de caract\u00e8re<\/strong> au charme affirm\u00e9.<\/p>\n<hr class=\"\" data-start=\"1488\" data-end=\"1491\" \/>\n<h3 class=\"\" data-start=\"1493\" data-end=\"1543\">Le Birkin : entre mythe et ma\u00eetrise artisanale<\/h3>\n<p class=\"\" data-start=\"1545\" data-end=\"1837\">Cr\u00e9\u00e9 en 1984 pour l\u2019actrice Jane Birkin, ce sac est devenu un <strong data-start=\"1607\" data-end=\"1646\">symbole ultime de luxe et de statut<\/strong>. R\u00e9alis\u00e9 \u00e0 la main dans les ateliers <a href=\"https:\/\/thevintagetraveler.com\/hermes-une-histoire-dexcellence-et-dintemporalite\/\">Herm\u00e8s<\/a> par un seul artisan, chaque Birkin est une \u0153uvre d\u2019art unique. Le format <strong data-start=\"1764\" data-end=\"1773\">30 cm<\/strong> est l\u2019un des plus populaires : compact, fonctionnel et \u00e9l\u00e9gant.<\/p>\n<p class=\"\" data-start=\"1839\" data-end=\"2150\">Ce mod\u00e8le en <strong data-start=\"1852\" data-end=\"1866\">cuir Swift<\/strong>, appr\u00e9ci\u00e9 pour sa souplesse et son toucher velout\u00e9, offre un tomb\u00e9 naturel et une brillance discr\u00e8te qui met parfaitement en valeur la <strong data-start=\"2002\" data-end=\"2026\">teinte orange Herm\u00e8s<\/strong>, couleur embl\u00e9matique de la maison. Les <strong data-start=\"2067\" data-end=\"2090\">finitions palladium<\/strong> (argent\u00e9es) ajoutent une touche contemporaine et lumineuse.<\/p>\n<hr class=\"\" data-start=\"2152\" data-end=\"2155\" \/>\n<h3 class=\"\" data-start=\"2157\" data-end=\"2188\">Caract\u00e9ristiques du produit<\/h3>\n<ul data-start=\"2190\" data-end=\"2726\">\n<li class=\"\" data-start=\"2190\" data-end=\"2213\">\n<p class=\"\" data-start=\"2192\" data-end=\"2213\"><strong data-start=\"2192\" data-end=\"2204\">Marque :<\/strong> Herm\u00e8s<\/p>\n<\/li>\n<li class=\"\" data-start=\"2214\" data-end=\"2240\">\n<p class=\"\" data-start=\"2216\" data-end=\"2240\"><strong data-start=\"2216\" data-end=\"2228\">Mod\u00e8le :<\/strong> Birkin 30<\/p>\n<\/li>\n<li class=\"\" data-start=\"2241\" data-end=\"2286\">\n<p class=\"\" data-start=\"2243\" data-end=\"2286\"><strong data-start=\"2243\" data-end=\"2254\">Ann\u00e9e :<\/strong> 2007 (lettre K dans un carr\u00e9)<\/p>\n<\/li>\n<li class=\"\" data-start=\"2287\" data-end=\"2315\">\n<p class=\"\" data-start=\"2289\" data-end=\"2315\"><strong data-start=\"2289\" data-end=\"2302\">Mati\u00e8re :<\/strong> Cuir Swift<\/p>\n<\/li>\n<li class=\"\" data-start=\"2316\" data-end=\"2347\">\n<p class=\"\" data-start=\"2318\" data-end=\"2347\"><strong data-start=\"2318\" data-end=\"2331\">Couleur :<\/strong> Orange Herm\u00e8s<\/p>\n<\/li>\n<li class=\"\" data-start=\"2348\" data-end=\"2399\">\n<p class=\"\" data-start=\"2350\" data-end=\"2399\"><strong data-start=\"2350\" data-end=\"2365\">Finitions :<\/strong> M\u00e9tallerie palladium (argent\u00e9e)<\/p>\n<\/li>\n<li class=\"\" data-start=\"2400\" data-end=\"2466\">\n<p class=\"\" data-start=\"2402\" data-end=\"2466\"><strong data-start=\"2402\" data-end=\"2417\">Fermeture :<\/strong> Rabat avec sanglons, cadenas, clochette et cl\u00e9<\/p>\n<\/li>\n<li class=\"\" data-start=\"2467\" data-end=\"2532\">\n<p class=\"\" data-start=\"2469\" data-end=\"2532\"><strong data-start=\"2469\" data-end=\"2484\">Int\u00e9rieur :<\/strong> Cuir ton sur ton avec poche plaqu\u00e9e et zipp\u00e9e<\/p>\n<\/li>\n<li class=\"\" data-start=\"2533\" data-end=\"2626\">\n<p class=\"\" data-start=\"2535\" data-end=\"2626\"><strong data-start=\"2535\" data-end=\"2545\">\u00c9tat :<\/strong> D\u2019usage \u2013 cuir souple, marques superficielles visibles, structure encore ferme<\/p>\n<\/li>\n<li class=\"\" data-start=\"2627\" data-end=\"2726\">\n<p class=\"\" data-start=\"2629\" data-end=\"2726\"><strong data-start=\"2629\" data-end=\"2651\">Authentification :<\/strong> Certifi\u00e9e par nos experts \u2013 livr\u00e9 avec certificat, cadenas, cl\u00e9, clochette<\/p>\n<\/li>\n<\/ul>\n<hr class=\"\" data-start=\"2728\" data-end=\"2731\" \/>\n<h3 class=\"\" data-start=\"2733\" data-end=\"2767\">Un Birkin \u00e0 l\u2019\u00e9l\u00e9gance patin\u00e9e<\/h3>\n<p class=\"\" data-start=\"2769\" data-end=\"3081\">Ce <strong data-start=\"2772\" data-end=\"2785\">Birkin 30<\/strong> se distingue par son <strong data-start=\"2807\" data-end=\"2835\">\u00e9tat d\u2019usage authentique<\/strong>, qui r\u00e9v\u00e8le toute la vie de la pi\u00e8ce sans nuire \u00e0 sa beaut\u00e9. Quelques <strong data-start=\"2906\" data-end=\"2934\">traces du temps visibles<\/strong> (rayures sur le cuir, patine sur la quincaillerie) conf\u00e8rent au sac un caract\u00e8re unique, appr\u00e9ci\u00e9 des amateurs de vintage <strong data-start=\"3057\" data-end=\"3080\">Herm\u00e8s dans son jus<\/strong>.<\/p>\n<p class=\"\" data-start=\"3083\" data-end=\"3240\">C\u2019est une opportunit\u00e9 d\u2019acqu\u00e9rir un <strong data-start=\"3119\" data-end=\"3155\">Birkin authentique \u00e0 prix adouci<\/strong>, tout en conservant les lignes, les proportions et la noblesse des mat\u00e9riaux Herm\u00e8s.<\/p>\n<hr class=\"\" data-start=\"3242\" data-end=\"3245\" \/>\n<h3 class=\"\" data-start=\"3247\" data-end=\"3300\">Pourquoi investir dans un Herm\u00e8s Birkin vintage ?<\/h3>\n<ul data-start=\"3302\" data-end=\"3663\">\n<li class=\"\" data-start=\"3302\" data-end=\"3398\">\n<p class=\"\" data-start=\"3304\" data-end=\"3398\"><strong data-start=\"3304\" data-end=\"3321\">Valeur stable<\/strong> : les Birkin conservent une cote \u00e9lev\u00e9e m\u00eame avec de l\u00e9gers signes d\u2019usage<\/p>\n<\/li>\n<li class=\"\" data-start=\"3399\" data-end=\"3494\">\n<p class=\"\" data-start=\"3401\" data-end=\"3494\"><strong data-start=\"3401\" data-end=\"3422\">Mod\u00e8le intemporel<\/strong> : le Birkin 30 reste un favori des collectionneuses et des c\u00e9l\u00e9brit\u00e9s<\/p>\n<\/li>\n<li class=\"\" data-start=\"3495\" data-end=\"3592\">\n<p class=\"\" data-start=\"3497\" data-end=\"3592\"><strong data-start=\"3497\" data-end=\"3518\">Couleur signature<\/strong> : l\u2019orange Herm\u00e8s est \u00e0 la fois audacieux et imm\u00e9diatement identifiable<\/p>\n<\/li>\n<li class=\"\" data-start=\"3593\" data-end=\"3663\">\n<p class=\"\" data-start=\"3595\" data-end=\"3663\"><strong data-start=\"3595\" data-end=\"3628\">Cuir Swift souple et lumineux<\/strong>, appr\u00e9ci\u00e9 pour son \u00e9l\u00e9gance fluide<\/p>\n<\/li>\n<\/ul>\n<hr class=\"\" data-start=\"3665\" data-end=\"3668\" \/>\n<h3 class=\"\" data-start=\"3670\" data-end=\"3716\">Pourquoi acheter chez TheVintageTraveler ?<\/h3>\n<p class=\"\" data-start=\"3718\" data-end=\"4068\">Chez <strong data-start=\"3723\" data-end=\"3745\">TheVintageTraveler<\/strong>, chaque sac est <strong data-start=\"3762\" data-end=\"3788\">expertis\u00e9, authentifi\u00e9<\/strong> et s\u00e9lectionn\u00e9 pour son originalit\u00e9, son \u00e9tat et sa d\u00e9sirabilit\u00e9. Ce Birkin 30 est livr\u00e9 avec un <strong data-start=\"3925\" data-end=\"3954\">certificat d\u2019authenticit\u00e9<\/strong>, et b\u00e9n\u00e9ficie d\u2019un <strong data-start=\"3974\" data-end=\"4007\">service de livraison s\u00e9curis\u00e9<\/strong> ou de <strong data-start=\"4014\" data-end=\"4037\">retrait en showroom<\/strong> (March\u00e9 Serpette, Saint-Ouen).<\/p>\n<hr class=\"\" data-start=\"4070\" data-end=\"4073\" \/>\n<h3 class=\"\" data-start=\"4075\" data-end=\"4089\">Conclusion<\/h3>\n<p class=\"\" data-start=\"4091\" data-end=\"4374\">Ce <strong data-start=\"4094\" data-end=\"4135\">Herm\u00e8s Birkin 30 en cuir Swift orange<\/strong>, dat\u00e9 de 2007, est une pi\u00e8ce lumineuse, puissante et audacieuse. En \u00e9tat d\u2019usage, il s\u00e9duit par sa patine \u00e9l\u00e9gante, sa couleur iconique et sa fonctionnalit\u00e9. Une pi\u00e8ce de caract\u00e8re, pour celles et ceux qui aiment le luxe vivant et assum\u00e9.<\/p>\n<p>Suivez &#8211; nous sur <a href=\"https:\/\/www.facebook.com\/TheVintageTravelerFR\">Facebook<\/a> et <a href=\"https:\/\/www.instagram.com\/the_vintagetraveler\/?igsh=aXdsbDJkdnpwZjcx#\">Instagram<\/a><\/p>\n","protected":false},"excerpt":{"rendered":"<p>Sac Herm\u00e8s Birkin 30 en cuir Swift orange vif, finitions palladium. Mod\u00e8le de 2007 en \u00e9tat d\u2019usage. Authentique, iconique et plein de caract\u00e8re.<\/p>\n","protected":false},"featured_media":3989,"template":"","meta":[],"product_brand":[],"product_cat":[115,140,152,112],"product_tag":[136,153],"class_list":{"0":"post-3982","1":"product","2":"type-product","3":"status-publish","4":"has-post-thumbnail","6":"product_cat-hermes","7":"product_cat-nouveautes","8":"product_cat-sac-a-main","9":"product_cat-sacs","10":"product_tag-hermes","11":"product_tag-hermesbirkin","13":"first","14":"outofstock","15":"sold-individually","16":"shipping-taxable","17":"purchasable","18":"product-type-simple"},"yoast_head":"<!-- This site is optimized with the Yoast SEO plugin v27.1.1 - https:\/\/yoast.com\/product\/yoast-seo-wordpress\/ -->\n<title>Sac Herm\u00e8s Birkin 30 cuir Swift Orange 2007 | TheVintageTraveler<\/title>\n<meta name=\"description\" content=\"Sac Herm\u00e8s Birkin 30 en cuir Swift orange, finitions palladium. Dat\u00e9 de 2007, en bel \u00e9tat d\u2019usage. Pi\u00e8ce iconique, certifi\u00e9e authentique.\" \/>\n<meta name=\"robots\" content=\"index, follow, max-snippet:-1, max-image-preview:large, max-video-preview:-1\" \/>\n<link rel=\"canonical\" href=\"https:\/\/thevintagetraveler.com\/en\/produit\/sac-hermes-birkin-30-swift-orange-2007\/\" \/>\n<meta property=\"og:locale\" content=\"en_US\" \/>\n<meta property=\"og:type\" content=\"article\" \/>\n<meta property=\"og:title\" content=\"Sac Herm\u00e8s Birkin 30 cuir Swift Orange 2007 | TheVintageTraveler\" \/>\n<meta property=\"og:description\" content=\"Sac Herm\u00e8s Birkin 30 en cuir Swift orange, finitions palladium. Dat\u00e9 de 2007, en bel \u00e9tat d\u2019usage. Pi\u00e8ce iconique, certifi\u00e9e authentique.\" \/>\n<meta property=\"og:url\" content=\"https:\/\/thevintagetraveler.com\/en\/produit\/sac-hermes-birkin-30-swift-orange-2007\/\" \/>\n<meta property=\"og:site_name\" content=\"TheVintageTraveler\" \/>\n<meta property=\"article:publisher\" content=\"https:\/\/www.facebook.com\/TheVintageTravelerFR\/\" \/>\n<meta property=\"article:modified_time\" content=\"2025-09-16T13:40:09+00:00\" \/>\n<meta property=\"og:image\" content=\"https:\/\/thevintagetraveler.com\/wp-content\/uploads\/2025\/04\/20250306_150229.jpg\" \/>\n\t<meta property=\"og:image:width\" content=\"1500\" \/>\n\t<meta property=\"og:image:height\" content=\"2000\" \/>\n\t<meta property=\"og:image:type\" content=\"image\/jpeg\" \/>\n<meta name=\"twitter:card\" content=\"summary_large_image\" \/>\n<meta name=\"twitter:label1\" content=\"Est. reading time\" \/>\n\t<meta name=\"twitter:data1\" content=\"3 minutes\" \/>\n<script type=\"application\/ld+json\" class=\"yoast-schema-graph\">{\"@context\":\"https:\/\/schema.org\",\"@graph\":[{\"@type\":\"WebPage\",\"@id\":\"https:\/\/thevintagetraveler.com\/en\/produit\/sac-hermes-birkin-30-swift-orange-2007\/\",\"url\":\"https:\/\/thevintagetraveler.com\/en\/produit\/sac-hermes-birkin-30-swift-orange-2007\/\",\"name\":\"Sac Herm\u00e8s Birkin 30 cuir Swift Orange 2007 | TheVintageTraveler\",\"isPartOf\":{\"@id\":\"https:\/\/thevintagetraveler.com\/en\/#website\"},\"primaryImageOfPage\":{\"@id\":\"https:\/\/thevintagetraveler.com\/en\/produit\/sac-hermes-birkin-30-swift-orange-2007\/#primaryimage\"},\"image\":{\"@id\":\"https:\/\/thevintagetraveler.com\/en\/produit\/sac-hermes-birkin-30-swift-orange-2007\/#primaryimage\"},\"thumbnailUrl\":\"https:\/\/thevintagetraveler.com\/wp-content\/uploads\/2025\/04\/20250306_150229.jpg\",\"datePublished\":\"2024-04-18T12:39:57+00:00\",\"dateModified\":\"2025-09-16T13:40:09+00:00\",\"description\":\"Sac Herm\u00e8s Birkin 30 en cuir Swift orange, finitions palladium. Dat\u00e9 de 2007, en bel \u00e9tat d\u2019usage. Pi\u00e8ce iconique, certifi\u00e9e authentique.\",\"breadcrumb\":{\"@id\":\"https:\/\/thevintagetraveler.com\/en\/produit\/sac-hermes-birkin-30-swift-orange-2007\/#breadcrumb\"},\"inLanguage\":\"en-US\",\"potentialAction\":[{\"@type\":\"ReadAction\",\"target\":[\"https:\/\/thevintagetraveler.com\/en\/produit\/sac-hermes-birkin-30-swift-orange-2007\/\"]}]},{\"@type\":\"ImageObject\",\"inLanguage\":\"en-US\",\"@id\":\"https:\/\/thevintagetraveler.com\/en\/produit\/sac-hermes-birkin-30-swift-orange-2007\/#primaryimage\",\"url\":\"https:\/\/thevintagetraveler.com\/wp-content\/uploads\/2025\/04\/20250306_150229.jpg\",\"contentUrl\":\"https:\/\/thevintagetraveler.com\/wp-content\/uploads\/2025\/04\/20250306_150229.jpg\",\"width\":1500,\"height\":2000,\"caption\":\"sac Herm\u00e8s Birkin 30 cuir Swift orange\"},{\"@type\":\"BreadcrumbList\",\"@id\":\"https:\/\/thevintagetraveler.com\/en\/produit\/sac-hermes-birkin-30-swift-orange-2007\/#breadcrumb\",\"itemListElement\":[{\"@type\":\"ListItem\",\"position\":1,\"name\":\"Accueil\",\"item\":\"https:\/\/thevintagetraveler.com\/en\/\"},{\"@type\":\"ListItem\",\"position\":2,\"name\":\"Shop\",\"item\":\"https:\/\/thevintagetraveler.com\/shop\/\"},{\"@type\":\"ListItem\",\"position\":3,\"name\":\"Sac Herm\u00e8s Birkin 30 Orange Swift palladium\"}]},{\"@type\":\"WebSite\",\"@id\":\"https:\/\/thevintagetraveler.com\/en\/#website\",\"url\":\"https:\/\/thevintagetraveler.com\/en\/\",\"name\":\"TheVintageTraveler\",\"description\":\"Luxury experts in Louis Vuitton, Chanel &amp; Herm\u00e8s\",\"publisher\":{\"@id\":\"https:\/\/thevintagetraveler.com\/en\/#organization\"},\"potentialAction\":[{\"@type\":\"SearchAction\",\"target\":{\"@type\":\"EntryPoint\",\"urlTemplate\":\"https:\/\/thevintagetraveler.com\/en\/?s={search_term_string}\"},\"query-input\":{\"@type\":\"PropertyValueSpecification\",\"valueRequired\":true,\"valueName\":\"search_term_string\"}}],\"inLanguage\":\"en-US\"},{\"@type\":\"Organization\",\"@id\":\"https:\/\/thevintagetraveler.com\/en\/#organization\",\"name\":\"TheVintageTraveler\",\"url\":\"https:\/\/thevintagetraveler.com\/en\/\",\"logo\":{\"@type\":\"ImageObject\",\"inLanguage\":\"en-US\",\"@id\":\"https:\/\/thevintagetraveler.com\/en\/#\/schema\/logo\/image\/\",\"url\":\"https:\/\/thevintagetraveler.com\/wp-content\/uploads\/2025\/04\/LOGO-THE-VINTAGE-TRAVELER-FINAL-e1745392697678.png\",\"contentUrl\":\"https:\/\/thevintagetraveler.com\/wp-content\/uploads\/2025\/04\/LOGO-THE-VINTAGE-TRAVELER-FINAL-e1745392697678.png\",\"width\":798,\"height\":318,\"caption\":\"TheVintageTraveler\"},\"image\":{\"@id\":\"https:\/\/thevintagetraveler.com\/en\/#\/schema\/logo\/image\/\"},\"sameAs\":[\"https:\/\/www.facebook.com\/TheVintageTravelerFR\/\",\"https:\/\/www.instagram.com\/the_vintagetraveler\"]}]}<\/script>\n<!-- \/ Yoast SEO plugin. -->","yoast_head_json":{"title":"Sac Herm\u00e8s Birkin 30 cuir Swift Orange 2007 | TheVintageTraveler","description":"Sac Herm\u00e8s Birkin 30 en cuir Swift orange, finitions palladium. Dat\u00e9 de 2007, en bel \u00e9tat d\u2019usage. Pi\u00e8ce iconique, certifi\u00e9e authentique.","robots":{"index":"index","follow":"follow","max-snippet":"max-snippet:-1","max-image-preview":"max-image-preview:large","max-video-preview":"max-video-preview:-1"},"canonical":"https:\/\/thevintagetraveler.com\/en\/produit\/sac-hermes-birkin-30-swift-orange-2007\/","og_locale":"en_US","og_type":"article","og_title":"Sac Herm\u00e8s Birkin 30 cuir Swift Orange 2007 | TheVintageTraveler","og_description":"Sac Herm\u00e8s Birkin 30 en cuir Swift orange, finitions palladium. Dat\u00e9 de 2007, en bel \u00e9tat d\u2019usage. Pi\u00e8ce iconique, certifi\u00e9e authentique.","og_url":"https:\/\/thevintagetraveler.com\/en\/produit\/sac-hermes-birkin-30-swift-orange-2007\/","og_site_name":"TheVintageTraveler","article_publisher":"https:\/\/www.facebook.com\/TheVintageTravelerFR\/","article_modified_time":"2025-09-16T13:40:09+00:00","og_image":[{"width":1500,"height":2000,"url":"https:\/\/thevintagetraveler.com\/wp-content\/uploads\/2025\/04\/20250306_150229.jpg","type":"image\/jpeg"}],"twitter_card":"summary_large_image","twitter_misc":{"Est. reading time":"3 minutes"},"schema":{"@context":"https:\/\/schema.org","@graph":[{"@type":"WebPage","@id":"https:\/\/thevintagetraveler.com\/en\/produit\/sac-hermes-birkin-30-swift-orange-2007\/","url":"https:\/\/thevintagetraveler.com\/en\/produit\/sac-hermes-birkin-30-swift-orange-2007\/","name":"Sac Herm\u00e8s Birkin 30 cuir Swift Orange 2007 | TheVintageTraveler","isPartOf":{"@id":"https:\/\/thevintagetraveler.com\/en\/#website"},"primaryImageOfPage":{"@id":"https:\/\/thevintagetraveler.com\/en\/produit\/sac-hermes-birkin-30-swift-orange-2007\/#primaryimage"},"image":{"@id":"https:\/\/thevintagetraveler.com\/en\/produit\/sac-hermes-birkin-30-swift-orange-2007\/#primaryimage"},"thumbnailUrl":"https:\/\/thevintagetraveler.com\/wp-content\/uploads\/2025\/04\/20250306_150229.jpg","datePublished":"2024-04-18T12:39:57+00:00","dateModified":"2025-09-16T13:40:09+00:00","description":"Sac Herm\u00e8s Birkin 30 en cuir Swift orange, finitions palladium. Dat\u00e9 de 2007, en bel \u00e9tat d\u2019usage. Pi\u00e8ce iconique, certifi\u00e9e authentique.","breadcrumb":{"@id":"https:\/\/thevintagetraveler.com\/en\/produit\/sac-hermes-birkin-30-swift-orange-2007\/#breadcrumb"},"inLanguage":"en-US","potentialAction":[{"@type":"ReadAction","target":["https:\/\/thevintagetraveler.com\/en\/produit\/sac-hermes-birkin-30-swift-orange-2007\/"]}]},{"@type":"ImageObject","inLanguage":"en-US","@id":"https:\/\/thevintagetraveler.com\/en\/produit\/sac-hermes-birkin-30-swift-orange-2007\/#primaryimage","url":"https:\/\/thevintagetraveler.com\/wp-content\/uploads\/2025\/04\/20250306_150229.jpg","contentUrl":"https:\/\/thevintagetraveler.com\/wp-content\/uploads\/2025\/04\/20250306_150229.jpg","width":1500,"height":2000,"caption":"sac Herm\u00e8s Birkin 30 cuir Swift orange"},{"@type":"BreadcrumbList","@id":"https:\/\/thevintagetraveler.com\/en\/produit\/sac-hermes-birkin-30-swift-orange-2007\/#breadcrumb","itemListElement":[{"@type":"ListItem","position":1,"name":"Accueil","item":"https:\/\/thevintagetraveler.com\/en\/"},{"@type":"ListItem","position":2,"name":"Shop","item":"https:\/\/thevintagetraveler.com\/shop\/"},{"@type":"ListItem","position":3,"name":"Sac Herm\u00e8s Birkin 30 Orange Swift palladium"}]},{"@type":"WebSite","@id":"https:\/\/thevintagetraveler.com\/en\/#website","url":"https:\/\/thevintagetraveler.com\/en\/","name":"TheVintageTraveler","description":"Luxury experts in Louis Vuitton, Chanel &amp; Herm\u00e8s","publisher":{"@id":"https:\/\/thevintagetraveler.com\/en\/#organization"},"potentialAction":[{"@type":"SearchAction","target":{"@type":"EntryPoint","urlTemplate":"https:\/\/thevintagetraveler.com\/en\/?s={search_term_string}"},"query-input":{"@type":"PropertyValueSpecification","valueRequired":true,"valueName":"search_term_string"}}],"inLanguage":"en-US"},{"@type":"Organization","@id":"https:\/\/thevintagetraveler.com\/en\/#organization","name":"TheVintageTraveler","url":"https:\/\/thevintagetraveler.com\/en\/","logo":{"@type":"ImageObject","inLanguage":"en-US","@id":"https:\/\/thevintagetraveler.com\/en\/#\/schema\/logo\/image\/","url":"https:\/\/thevintagetraveler.com\/wp-content\/uploads\/2025\/04\/LOGO-THE-VINTAGE-TRAVELER-FINAL-e1745392697678.png","contentUrl":"https:\/\/thevintagetraveler.com\/wp-content\/uploads\/2025\/04\/LOGO-THE-VINTAGE-TRAVELER-FINAL-e1745392697678.png","width":798,"height":318,"caption":"TheVintageTraveler"},"image":{"@id":"https:\/\/thevintagetraveler.com\/en\/#\/schema\/logo\/image\/"},"sameAs":["https:\/\/www.facebook.com\/TheVintageTravelerFR\/","https:\/\/www.instagram.com\/the_vintagetraveler"]}]}},"_links":{"self":[{"href":"https:\/\/thevintagetraveler.com\/en\/wp-json\/wp\/v2\/product\/3982","targetHints":{"allow":["GET"]}}],"collection":[{"href":"https:\/\/thevintagetraveler.com\/en\/wp-json\/wp\/v2\/product"}],"about":[{"href":"https:\/\/thevintagetraveler.com\/en\/wp-json\/wp\/v2\/types\/product"}],"wp:featuredmedia":[{"embeddable":true,"href":"https:\/\/thevintagetraveler.com\/en\/wp-json\/wp\/v2\/media\/3989"}],"wp:attachment":[{"href":"https:\/\/thevintagetraveler.com\/en\/wp-json\/wp\/v2\/media?parent=3982"}],"wp:term":[{"taxonomy":"product_brand","embeddable":true,"href":"https:\/\/thevintagetraveler.com\/en\/wp-json\/wp\/v2\/product_brand?post=3982"},{"taxonomy":"product_cat","embeddable":true,"href":"https:\/\/thevintagetraveler.com\/en\/wp-json\/wp\/v2\/product_cat?post=3982"},{"taxonomy":"product_tag","embeddable":true,"href":"https:\/\/thevintagetraveler.com\/en\/wp-json\/wp\/v2\/product_tag?post=3982"}],"curies":[{"name":"wp","href":"https:\/\/api.w.org\/{rel}","templated":true}]}}