{"id":4078,"date":"2024-04-24T15:56:47","date_gmt":"2024-04-24T13:56:47","guid":{"rendered":"https:\/\/thevintagetraveler.com\/?post_type=product&#038;p=4078"},"modified":"2025-09-30T15:00:27","modified_gmt":"2025-09-30T13:00:27","slug":"malle-louis-vuitton-penderie-ancienne-pochoir","status":"publish","type":"product","link":"https:\/\/thevintagetraveler.com\/en\/produit\/malle-louis-vuitton-penderie-ancienne-pochoir\/","title":{"rendered":"Malle Louis Vuitton penderie"},"content":{"rendered":"<h3 class=\"\" data-start=\"964\" data-end=\"1035\">Malle Louis Vuitton Penderie \u2013 Pochoir &amp; Bandes d\u2019\u00c9curie, D\u00e9but XXe<\/h3>\n<p class=\"\" data-start=\"1037\" data-end=\"1416\">Cette <strong data-start=\"1043\" data-end=\"1075\">malle Louis Vuitton penderie<\/strong> ancienne est un <strong data-start=\"1083\" data-end=\"1139\">v\u00e9ritable t\u00e9moignage de l\u2019histoire du voyage de luxe<\/strong> \u00e0 la fran\u00e7aise. Con\u00e7ue au d\u00e9but du <strong data-start=\"1175\" data-end=\"1189\">XXe si\u00e8cle<\/strong>, elle porte la trace d\u2019un pass\u00e9 prestigieux avec ses <strong data-start=\"1243\" data-end=\"1267\">initiales au pochoir<\/strong> et ses <strong data-start=\"1275\" data-end=\"1294\">bandes d\u2019\u00e9curie<\/strong> d\u2019origine \u2013 un marquage personnalis\u00e9 propre aux grandes familles voyageant avec leur domesticit\u00e9 et leurs bagages sigl\u00e9s.<\/p>\n<p class=\"\" data-start=\"1418\" data-end=\"1604\">Pi\u00e8ce embl\u00e9matique de l\u2019\u00e9poque des transatlantiques et des grands trains de luxe, cette <strong data-start=\"1506\" data-end=\"1524\">malle penderie<\/strong> est aujourd\u2019hui un <strong data-start=\"1544\" data-end=\"1576\">objet d\u2019art et de collection<\/strong> particuli\u00e8rement recherch\u00e9.<\/p>\n<hr class=\"\" data-start=\"1606\" data-end=\"1609\" \/>\n<h3 class=\"\" data-start=\"1611\" data-end=\"1650\">Le raffinement du voyage sur-mesure<\/h3>\n<p class=\"\" data-start=\"1652\" data-end=\"1914\">La malle penderie a \u00e9t\u00e9 cr\u00e9\u00e9e pour <strong data-start=\"1687\" data-end=\"1726\">transporter des v\u00eatements suspendus<\/strong>, sans les froisser, gr\u00e2ce \u00e0 un syst\u00e8me int\u00e9rieur de <strong data-start=\"1779\" data-end=\"1828\">tringles, tiroirs et compartiments modulables<\/strong>. Elle \u00e9tait utilis\u00e9e par l\u2019\u00e9lite internationale pour voyager avec style et praticit\u00e9.<\/p>\n<p class=\"\" data-start=\"1916\" data-end=\"1939\">Ce mod\u00e8le rare arbore :<\/p>\n<ul data-start=\"1941\" data-end=\"2324\">\n<li class=\"\" data-start=\"1941\" data-end=\"1996\">\n<p class=\"\" data-start=\"1943\" data-end=\"1996\">Une <strong data-start=\"1947\" data-end=\"1974\">toile Monogram ancienne<\/strong> typique de l\u2019\u00e9poque<\/p>\n<\/li>\n<li class=\"\" data-start=\"1997\" data-end=\"2057\">\n<p class=\"\" data-start=\"1999\" data-end=\"2057\">Des <strong data-start=\"2003\" data-end=\"2033\">poign\u00e9es lat\u00e9rales en cuir<\/strong> patin\u00e9es par le temps<\/p>\n<\/li>\n<li class=\"\" data-start=\"2058\" data-end=\"2149\">\n<p class=\"\" data-start=\"2060\" data-end=\"2149\">Des <strong data-start=\"2064\" data-end=\"2101\">bandes d\u2019\u00e9curie peintes \u00e0 la main<\/strong> (bandes color\u00e9es identifiant le propri\u00e9taire)<\/p>\n<\/li>\n<li class=\"\" data-start=\"2150\" data-end=\"2207\">\n<p class=\"\" data-start=\"2152\" data-end=\"2207\">Des <strong data-start=\"2156\" data-end=\"2180\">initiales au pochoir<\/strong>, uniques et authentiques<\/p>\n<\/li>\n<li class=\"\" data-start=\"2208\" data-end=\"2324\">\n<p class=\"\" data-start=\"2210\" data-end=\"2324\">Un <strong data-start=\"2213\" data-end=\"2242\">syst\u00e8me int\u00e9rieur complet<\/strong> avec \u00e9tag\u00e8res, tringles \u00e0 v\u00eatements et tiroirs d\u2019\u00e9poque (\u00e0 pr\u00e9ciser selon l\u2019\u00e9tat)<\/p>\n<\/li>\n<\/ul>\n<hr class=\"\" data-start=\"2326\" data-end=\"2329\" \/>\n<h3 class=\"\" data-start=\"2331\" data-end=\"2362\">Caract\u00e9ristiques du produit<\/h3>\n<ul data-start=\"2364\" data-end=\"2858\">\n<li class=\"\" data-start=\"2364\" data-end=\"2394\">\n<p class=\"\" data-start=\"2366\" data-end=\"2394\"><strong data-start=\"2366\" data-end=\"2378\">Marque :<\/strong> Louis Vuitton<\/p>\n<\/li>\n<li class=\"\" data-start=\"2395\" data-end=\"2433\">\n<p class=\"\" data-start=\"2397\" data-end=\"2433\"><strong data-start=\"2397\" data-end=\"2407\">Type :<\/strong> Malle penderie ancienne<\/p>\n<\/li>\n<li class=\"\" data-start=\"2434\" data-end=\"2488\">\n<p class=\"\" data-start=\"2436\" data-end=\"2488\"><strong data-start=\"2436\" data-end=\"2448\">\u00c9poque :<\/strong> D\u00e9but du XXe si\u00e8cle (circa 1900\u20131920)<\/p>\n<\/li>\n<li class=\"\" data-start=\"2489\" data-end=\"2550\">\n<p class=\"\" data-start=\"2491\" data-end=\"2550\"><strong data-start=\"2491\" data-end=\"2504\">Mati\u00e8re :<\/strong> Toile Monogram ancienne, bois, laiton, cuir<\/p>\n<\/li>\n<li class=\"\" data-start=\"2551\" data-end=\"2624\">\n<p class=\"\" data-start=\"2553\" data-end=\"2624\"><strong data-start=\"2553\" data-end=\"2575\">Personnalisation :<\/strong> Initiales au pochoir + bandes d\u2019\u00e9curie peintes<\/p>\n<\/li>\n<li class=\"\" data-start=\"2625\" data-end=\"2699\">\n<p class=\"\" data-start=\"2627\" data-end=\"2699\"><strong data-start=\"2627\" data-end=\"2642\">Int\u00e9rieur :<\/strong> Compartiments originaux (tiroirs, tringle \u00e0 v\u00eatements)<\/p>\n<\/li>\n<li class=\"\" data-start=\"2700\" data-end=\"2783\">\n<p class=\"\" data-start=\"2702\" data-end=\"2783\"><strong data-start=\"2702\" data-end=\"2712\">\u00c9tat :<\/strong> Bon \u00e9tat d\u2019\u00e9poque \u2013 structure solide, usure coh\u00e9rente, charme intact<\/p>\n<\/li>\n<li class=\"\" data-start=\"2784\" data-end=\"2858\">\n<p class=\"\" data-start=\"2786\" data-end=\"2858\"><strong data-start=\"2786\" data-end=\"2808\">Authentification :<\/strong> Certifi\u00e9e \u2013 livr\u00e9e avec certificat d\u2019authenticit\u00e9<\/p>\n<\/li>\n<\/ul>\n<hr class=\"\" data-start=\"2860\" data-end=\"2863\" \/>\n<h3 class=\"\" data-start=\"2865\" data-end=\"2897\">Une pi\u00e8ce de mus\u00e9e \u00e0 exposer<\/h3>\n<p class=\"\" data-start=\"2899\" data-end=\"3109\">Cette malle <a href=\"https:\/\/thevintagetraveler.com\/sac-louis-vuitton-vintage\/\">Louis Vuitton<\/a> est aujourd\u2019hui bien plus qu\u2019un bagage : c\u2019est <strong data-start=\"2972\" data-end=\"2996\">un objet patrimonial<\/strong>, convoit\u00e9 par les <strong data-start=\"3015\" data-end=\"3034\">collectionneurs<\/strong>, <strong data-start=\"3036\" data-end=\"3051\">d\u00e9corateurs<\/strong>, <strong data-start=\"3053\" data-end=\"3072\">marchands d\u2019art<\/strong>, et passionn\u00e9s de la maison Vuitton.<\/p>\n<p class=\"\" data-start=\"3111\" data-end=\"3142\">Elle peut \u00eatre utilis\u00e9e comme :<\/p>\n<ul data-start=\"3144\" data-end=\"3411\">\n<li class=\"\" data-start=\"3144\" data-end=\"3232\">\n<p class=\"\" data-start=\"3146\" data-end=\"3232\"><strong data-start=\"3146\" data-end=\"3166\">Meuble d\u2019appoint<\/strong> dans un int\u00e9rieur haut de gamme (dressing, salon, biblioth\u00e8que)<\/p>\n<\/li>\n<li class=\"\" data-start=\"3233\" data-end=\"3303\">\n<p class=\"\" data-start=\"3235\" data-end=\"3303\"><strong data-start=\"3235\" data-end=\"3269\">Objet de d\u00e9coration historique<\/strong> pour h\u00f4tel, boutique ou galerie<\/p>\n<\/li>\n<li class=\"\" data-start=\"3304\" data-end=\"3364\">\n<p class=\"\" data-start=\"3306\" data-end=\"3364\"><strong data-start=\"3306\" data-end=\"3362\">\u00c9l\u00e9ment central d\u2019une collection de malles anciennes<\/strong><\/p>\n<\/li>\n<li class=\"\" data-start=\"3365\" data-end=\"3411\">\n<p class=\"\" data-start=\"3367\" data-end=\"3411\"><strong data-start=\"3367\" data-end=\"3411\">Pi\u00e8ce de vitrine ou d\u2019exposition mus\u00e9ale<\/strong><\/p>\n<\/li>\n<\/ul>\n<hr class=\"\" data-start=\"3413\" data-end=\"3416\" \/>\n<h3 class=\"\" data-start=\"3418\" data-end=\"3479\">Pourquoi investir dans une malle Louis Vuitton ancienne ?<\/h3>\n<ul data-start=\"3481\" data-end=\"3799\">\n<li class=\"\" data-start=\"3481\" data-end=\"3553\">\n<p class=\"\" data-start=\"3483\" data-end=\"3553\"><strong data-start=\"3483\" data-end=\"3493\">Raret\u00e9<\/strong> : malle au pochoir avec bandes d\u2019\u00e9curie = tr\u00e8s recherch\u00e9e<\/p>\n<\/li>\n<li class=\"\" data-start=\"3554\" data-end=\"3618\">\n<p class=\"\" data-start=\"3556\" data-end=\"3618\"><strong data-start=\"3556\" data-end=\"3577\">Valeur historique<\/strong> : t\u00e9moigne de l\u2019\u00e8re des grands voyages<\/p>\n<\/li>\n<li class=\"\" data-start=\"3619\" data-end=\"3713\">\n<p class=\"\" data-start=\"3621\" data-end=\"3713\"><strong data-start=\"3621\" data-end=\"3662\">Patrimoine de la maison Louis Vuitton<\/strong> : savoir-faire artisanal, innovation de l\u2019\u00e9poque<\/p>\n<\/li>\n<li class=\"\" data-start=\"3714\" data-end=\"3799\">\n<p class=\"\" data-start=\"3716\" data-end=\"3799\"><strong data-start=\"3716\" data-end=\"3742\">Pi\u00e8ce d\u2019investissement<\/strong> : les malles anciennes en bon \u00e9tat prennent de la valeur<\/p>\n<\/li>\n<\/ul>\n<hr class=\"\" data-start=\"3801\" data-end=\"3804\" \/>\n<h3 class=\"\" data-start=\"3806\" data-end=\"3847\">Pourquoi choisir TheVintageTraveler ?<\/h3>\n<p class=\"\" data-start=\"3849\" data-end=\"4178\">Chez <strong data-start=\"3854\" data-end=\"3876\">TheVintageTraveler<\/strong>, nous s\u00e9lectionnons des malles authentiques, rares et \u00e0 fort potentiel patrimonial. Chaque pi\u00e8ce est <strong data-start=\"3978\" data-end=\"4004\">expertis\u00e9e, document\u00e9e<\/strong> et <strong data-start=\"4008\" data-end=\"4021\">certifi\u00e9e<\/strong>. Nous proposons des services personnalis\u00e9s de conseil, d\u2019exp\u00e9dition s\u00e9curis\u00e9e ou de retrait dans notre <strong data-start=\"4125\" data-end=\"4177\">showroom au March\u00e9 Serpette (Paris \u2013 Saint-Ouen)<\/strong>.<\/p>\n<hr class=\"\" data-start=\"4180\" data-end=\"4183\" \/>\n<h3 class=\"\" data-start=\"4185\" data-end=\"4199\">Conclusion<\/h3>\n<p class=\"\" data-start=\"4201\" data-end=\"4543\">Cette <strong data-start=\"4207\" data-end=\"4248\">malle Louis Vuitton penderie ancienne<\/strong>, au <strong data-start=\"4253\" data-end=\"4274\">pochoir d\u2019origine<\/strong> et orn\u00e9e de <strong data-start=\"4287\" data-end=\"4314\">bandes d\u2019\u00e9curie peintes<\/strong>, est une pi\u00e8ce rare, au <strong data-start=\"4339\" data-end=\"4373\">charme historique incomparable<\/strong>. T\u00e9moignage vivant de l\u2019art de voyager avec \u00e9l\u00e9gance au d\u00e9but du XXe si\u00e8cle, elle repr\u00e9sente une <strong data-start=\"4471\" data-end=\"4510\">valeur de collection exceptionnelle<\/strong>, aussi pr\u00e9cieuse que d\u00e9corative.<\/p>\n<p>Suivez &#8211; nous sur <a href=\"https:\/\/www.facebook.com\/TheVintageTravelerFR\">Facebook<\/a> et <a href=\"https:\/\/www.instagram.com\/the_vintagetraveler\/?igsh=aXdsbDJkdnpwZjcx#\">Instagram<\/a><\/p>\n","protected":false},"excerpt":{"rendered":"<p>Malle Louis Vuitton penderie ancienne au pochoir, d\u00e9but XXe si\u00e8cle. Avec bandes d\u2019\u00e9curie d\u2019origine. Pi\u00e8ce mus\u00e9ale rare, pour collection ou d\u00e9coration d\u2019exception.<\/p>\n","protected":false},"featured_media":4080,"template":"","meta":[],"product_brand":[],"product_cat":[272,273,274],"product_tag":[275,277,278,276],"class_list":{"0":"post-4078","1":"product","2":"type-product","3":"status-publish","4":"has-post-thumbnail","6":"product_cat-malles","7":"product_cat-louis-vuitton-trunks","8":"product_cat-news","9":"product_tag-louisvuitton","10":"product_tag-louisvuittontrunk","11":"product_tag-lvtrunk","12":"product_tag-mallelouisvuitton","14":"first","15":"outofstock","16":"sold-individually","17":"shipping-taxable","18":"purchasable","19":"product-type-simple"},"yoast_head":"<!-- This site is optimized with the Yoast SEO plugin v27.1.1 - https:\/\/yoast.com\/product\/yoast-seo-wordpress\/ -->\n<title>Malle Louis Vuitton Penderie ancienne | TheVintageTraveler<\/title>\n<meta name=\"description\" content=\"Malle Louis Vuitton penderie au pochoir, d\u00e9but XXe si\u00e8cle. Avec bandes d\u2019\u00e9curie, rare et historique. Pi\u00e8ce de collection embl\u00e9matique, \u00e9tat authentique.\" \/>\n<meta name=\"robots\" content=\"index, follow, max-snippet:-1, max-image-preview:large, max-video-preview:-1\" \/>\n<link rel=\"canonical\" href=\"https:\/\/thevintagetraveler.com\/en\/produit\/malle-louis-vuitton-penderie-ancienne-pochoir\/\" \/>\n<meta property=\"og:locale\" content=\"en_US\" \/>\n<meta property=\"og:type\" content=\"article\" \/>\n<meta property=\"og:title\" content=\"Malle Louis Vuitton Penderie ancienne | TheVintageTraveler\" \/>\n<meta property=\"og:description\" content=\"Malle Louis Vuitton penderie au pochoir, d\u00e9but XXe si\u00e8cle. Avec bandes d\u2019\u00e9curie, rare et historique. Pi\u00e8ce de collection embl\u00e9matique, \u00e9tat authentique.\" \/>\n<meta property=\"og:url\" content=\"https:\/\/thevintagetraveler.com\/en\/produit\/malle-louis-vuitton-penderie-ancienne-pochoir\/\" \/>\n<meta property=\"og:site_name\" content=\"TheVintageTraveler\" \/>\n<meta property=\"article:publisher\" content=\"https:\/\/www.facebook.com\/TheVintageTravelerFR\/\" \/>\n<meta property=\"article:modified_time\" content=\"2025-09-30T13:00:27+00:00\" \/>\n<meta property=\"og:image\" content=\"https:\/\/thevintagetraveler.com\/wp-content\/uploads\/2025\/04\/20250208_095012.jpg\" \/>\n\t<meta property=\"og:image:width\" content=\"1500\" \/>\n\t<meta property=\"og:image:height\" content=\"2000\" \/>\n\t<meta property=\"og:image:type\" content=\"image\/jpeg\" \/>\n<meta name=\"twitter:card\" content=\"summary_large_image\" \/>\n<meta name=\"twitter:label1\" content=\"Est. reading time\" \/>\n\t<meta name=\"twitter:data1\" content=\"3 minutes\" \/>\n<script type=\"application\/ld+json\" class=\"yoast-schema-graph\">{\"@context\":\"https:\/\/schema.org\",\"@graph\":[{\"@type\":\"WebPage\",\"@id\":\"https:\/\/thevintagetraveler.com\/en\/produit\/malle-louis-vuitton-penderie-ancienne-pochoir\/\",\"url\":\"https:\/\/thevintagetraveler.com\/en\/produit\/malle-louis-vuitton-penderie-ancienne-pochoir\/\",\"name\":\"Malle Louis Vuitton Penderie ancienne | TheVintageTraveler\",\"isPartOf\":{\"@id\":\"https:\/\/thevintagetraveler.com\/en\/#website\"},\"primaryImageOfPage\":{\"@id\":\"https:\/\/thevintagetraveler.com\/en\/produit\/malle-louis-vuitton-penderie-ancienne-pochoir\/#primaryimage\"},\"image\":{\"@id\":\"https:\/\/thevintagetraveler.com\/en\/produit\/malle-louis-vuitton-penderie-ancienne-pochoir\/#primaryimage\"},\"thumbnailUrl\":\"https:\/\/thevintagetraveler.com\/wp-content\/uploads\/2025\/04\/20250208_095012.jpg\",\"datePublished\":\"2024-04-24T13:56:47+00:00\",\"dateModified\":\"2025-09-30T13:00:27+00:00\",\"description\":\"Malle Louis Vuitton penderie au pochoir, d\u00e9but XXe si\u00e8cle. Avec bandes d\u2019\u00e9curie, rare et historique. Pi\u00e8ce de collection embl\u00e9matique, \u00e9tat authentique.\",\"breadcrumb\":{\"@id\":\"https:\/\/thevintagetraveler.com\/en\/produit\/malle-louis-vuitton-penderie-ancienne-pochoir\/#breadcrumb\"},\"inLanguage\":\"en-US\",\"potentialAction\":[{\"@type\":\"ReadAction\",\"target\":[\"https:\/\/thevintagetraveler.com\/en\/produit\/malle-louis-vuitton-penderie-ancienne-pochoir\/\"]}]},{\"@type\":\"ImageObject\",\"inLanguage\":\"en-US\",\"@id\":\"https:\/\/thevintagetraveler.com\/en\/produit\/malle-louis-vuitton-penderie-ancienne-pochoir\/#primaryimage\",\"url\":\"https:\/\/thevintagetraveler.com\/wp-content\/uploads\/2025\/04\/20250208_095012.jpg\",\"contentUrl\":\"https:\/\/thevintagetraveler.com\/wp-content\/uploads\/2025\/04\/20250208_095012.jpg\",\"width\":1500,\"height\":2000,\"caption\":\"malle Louis Vuitton penderie ancienne\"},{\"@type\":\"BreadcrumbList\",\"@id\":\"https:\/\/thevintagetraveler.com\/en\/produit\/malle-louis-vuitton-penderie-ancienne-pochoir\/#breadcrumb\",\"itemListElement\":[{\"@type\":\"ListItem\",\"position\":1,\"name\":\"Accueil\",\"item\":\"https:\/\/thevintagetraveler.com\/en\/\"},{\"@type\":\"ListItem\",\"position\":2,\"name\":\"Shop\",\"item\":\"https:\/\/thevintagetraveler.com\/shop\/\"},{\"@type\":\"ListItem\",\"position\":3,\"name\":\"Malle Louis Vuitton penderie\"}]},{\"@type\":\"WebSite\",\"@id\":\"https:\/\/thevintagetraveler.com\/en\/#website\",\"url\":\"https:\/\/thevintagetraveler.com\/en\/\",\"name\":\"TheVintageTraveler\",\"description\":\"Luxury experts in Louis Vuitton, Chanel &amp; Herm\u00e8s\",\"publisher\":{\"@id\":\"https:\/\/thevintagetraveler.com\/en\/#organization\"},\"potentialAction\":[{\"@type\":\"SearchAction\",\"target\":{\"@type\":\"EntryPoint\",\"urlTemplate\":\"https:\/\/thevintagetraveler.com\/en\/?s={search_term_string}\"},\"query-input\":{\"@type\":\"PropertyValueSpecification\",\"valueRequired\":true,\"valueName\":\"search_term_string\"}}],\"inLanguage\":\"en-US\"},{\"@type\":\"Organization\",\"@id\":\"https:\/\/thevintagetraveler.com\/en\/#organization\",\"name\":\"TheVintageTraveler\",\"url\":\"https:\/\/thevintagetraveler.com\/en\/\",\"logo\":{\"@type\":\"ImageObject\",\"inLanguage\":\"en-US\",\"@id\":\"https:\/\/thevintagetraveler.com\/en\/#\/schema\/logo\/image\/\",\"url\":\"https:\/\/thevintagetraveler.com\/wp-content\/uploads\/2025\/04\/LOGO-THE-VINTAGE-TRAVELER-FINAL-e1745392697678.png\",\"contentUrl\":\"https:\/\/thevintagetraveler.com\/wp-content\/uploads\/2025\/04\/LOGO-THE-VINTAGE-TRAVELER-FINAL-e1745392697678.png\",\"width\":798,\"height\":318,\"caption\":\"TheVintageTraveler\"},\"image\":{\"@id\":\"https:\/\/thevintagetraveler.com\/en\/#\/schema\/logo\/image\/\"},\"sameAs\":[\"https:\/\/www.facebook.com\/TheVintageTravelerFR\/\",\"https:\/\/www.instagram.com\/the_vintagetraveler\"]}]}<\/script>\n<!-- \/ Yoast SEO plugin. -->","yoast_head_json":{"title":"Malle Louis Vuitton Penderie ancienne | TheVintageTraveler","description":"Malle Louis Vuitton penderie au pochoir, d\u00e9but XXe si\u00e8cle. Avec bandes d\u2019\u00e9curie, rare et historique. Pi\u00e8ce de collection embl\u00e9matique, \u00e9tat authentique.","robots":{"index":"index","follow":"follow","max-snippet":"max-snippet:-1","max-image-preview":"max-image-preview:large","max-video-preview":"max-video-preview:-1"},"canonical":"https:\/\/thevintagetraveler.com\/en\/produit\/malle-louis-vuitton-penderie-ancienne-pochoir\/","og_locale":"en_US","og_type":"article","og_title":"Malle Louis Vuitton Penderie ancienne | TheVintageTraveler","og_description":"Malle Louis Vuitton penderie au pochoir, d\u00e9but XXe si\u00e8cle. Avec bandes d\u2019\u00e9curie, rare et historique. Pi\u00e8ce de collection embl\u00e9matique, \u00e9tat authentique.","og_url":"https:\/\/thevintagetraveler.com\/en\/produit\/malle-louis-vuitton-penderie-ancienne-pochoir\/","og_site_name":"TheVintageTraveler","article_publisher":"https:\/\/www.facebook.com\/TheVintageTravelerFR\/","article_modified_time":"2025-09-30T13:00:27+00:00","og_image":[{"width":1500,"height":2000,"url":"https:\/\/thevintagetraveler.com\/wp-content\/uploads\/2025\/04\/20250208_095012.jpg","type":"image\/jpeg"}],"twitter_card":"summary_large_image","twitter_misc":{"Est. reading time":"3 minutes"},"schema":{"@context":"https:\/\/schema.org","@graph":[{"@type":"WebPage","@id":"https:\/\/thevintagetraveler.com\/en\/produit\/malle-louis-vuitton-penderie-ancienne-pochoir\/","url":"https:\/\/thevintagetraveler.com\/en\/produit\/malle-louis-vuitton-penderie-ancienne-pochoir\/","name":"Malle Louis Vuitton Penderie ancienne | TheVintageTraveler","isPartOf":{"@id":"https:\/\/thevintagetraveler.com\/en\/#website"},"primaryImageOfPage":{"@id":"https:\/\/thevintagetraveler.com\/en\/produit\/malle-louis-vuitton-penderie-ancienne-pochoir\/#primaryimage"},"image":{"@id":"https:\/\/thevintagetraveler.com\/en\/produit\/malle-louis-vuitton-penderie-ancienne-pochoir\/#primaryimage"},"thumbnailUrl":"https:\/\/thevintagetraveler.com\/wp-content\/uploads\/2025\/04\/20250208_095012.jpg","datePublished":"2024-04-24T13:56:47+00:00","dateModified":"2025-09-30T13:00:27+00:00","description":"Malle Louis Vuitton penderie au pochoir, d\u00e9but XXe si\u00e8cle. Avec bandes d\u2019\u00e9curie, rare et historique. Pi\u00e8ce de collection embl\u00e9matique, \u00e9tat authentique.","breadcrumb":{"@id":"https:\/\/thevintagetraveler.com\/en\/produit\/malle-louis-vuitton-penderie-ancienne-pochoir\/#breadcrumb"},"inLanguage":"en-US","potentialAction":[{"@type":"ReadAction","target":["https:\/\/thevintagetraveler.com\/en\/produit\/malle-louis-vuitton-penderie-ancienne-pochoir\/"]}]},{"@type":"ImageObject","inLanguage":"en-US","@id":"https:\/\/thevintagetraveler.com\/en\/produit\/malle-louis-vuitton-penderie-ancienne-pochoir\/#primaryimage","url":"https:\/\/thevintagetraveler.com\/wp-content\/uploads\/2025\/04\/20250208_095012.jpg","contentUrl":"https:\/\/thevintagetraveler.com\/wp-content\/uploads\/2025\/04\/20250208_095012.jpg","width":1500,"height":2000,"caption":"malle Louis Vuitton penderie ancienne"},{"@type":"BreadcrumbList","@id":"https:\/\/thevintagetraveler.com\/en\/produit\/malle-louis-vuitton-penderie-ancienne-pochoir\/#breadcrumb","itemListElement":[{"@type":"ListItem","position":1,"name":"Accueil","item":"https:\/\/thevintagetraveler.com\/en\/"},{"@type":"ListItem","position":2,"name":"Shop","item":"https:\/\/thevintagetraveler.com\/shop\/"},{"@type":"ListItem","position":3,"name":"Malle Louis Vuitton penderie"}]},{"@type":"WebSite","@id":"https:\/\/thevintagetraveler.com\/en\/#website","url":"https:\/\/thevintagetraveler.com\/en\/","name":"TheVintageTraveler","description":"Luxury experts in Louis Vuitton, Chanel &amp; Herm\u00e8s","publisher":{"@id":"https:\/\/thevintagetraveler.com\/en\/#organization"},"potentialAction":[{"@type":"SearchAction","target":{"@type":"EntryPoint","urlTemplate":"https:\/\/thevintagetraveler.com\/en\/?s={search_term_string}"},"query-input":{"@type":"PropertyValueSpecification","valueRequired":true,"valueName":"search_term_string"}}],"inLanguage":"en-US"},{"@type":"Organization","@id":"https:\/\/thevintagetraveler.com\/en\/#organization","name":"TheVintageTraveler","url":"https:\/\/thevintagetraveler.com\/en\/","logo":{"@type":"ImageObject","inLanguage":"en-US","@id":"https:\/\/thevintagetraveler.com\/en\/#\/schema\/logo\/image\/","url":"https:\/\/thevintagetraveler.com\/wp-content\/uploads\/2025\/04\/LOGO-THE-VINTAGE-TRAVELER-FINAL-e1745392697678.png","contentUrl":"https:\/\/thevintagetraveler.com\/wp-content\/uploads\/2025\/04\/LOGO-THE-VINTAGE-TRAVELER-FINAL-e1745392697678.png","width":798,"height":318,"caption":"TheVintageTraveler"},"image":{"@id":"https:\/\/thevintagetraveler.com\/en\/#\/schema\/logo\/image\/"},"sameAs":["https:\/\/www.facebook.com\/TheVintageTravelerFR\/","https:\/\/www.instagram.com\/the_vintagetraveler"]}]}},"_links":{"self":[{"href":"https:\/\/thevintagetraveler.com\/en\/wp-json\/wp\/v2\/product\/4078","targetHints":{"allow":["GET"]}}],"collection":[{"href":"https:\/\/thevintagetraveler.com\/en\/wp-json\/wp\/v2\/product"}],"about":[{"href":"https:\/\/thevintagetraveler.com\/en\/wp-json\/wp\/v2\/types\/product"}],"wp:featuredmedia":[{"embeddable":true,"href":"https:\/\/thevintagetraveler.com\/en\/wp-json\/wp\/v2\/media\/4080"}],"wp:attachment":[{"href":"https:\/\/thevintagetraveler.com\/en\/wp-json\/wp\/v2\/media?parent=4078"}],"wp:term":[{"taxonomy":"product_brand","embeddable":true,"href":"https:\/\/thevintagetraveler.com\/en\/wp-json\/wp\/v2\/product_brand?post=4078"},{"taxonomy":"product_cat","embeddable":true,"href":"https:\/\/thevintagetraveler.com\/en\/wp-json\/wp\/v2\/product_cat?post=4078"},{"taxonomy":"product_tag","embeddable":true,"href":"https:\/\/thevintagetraveler.com\/en\/wp-json\/wp\/v2\/product_tag?post=4078"}],"curies":[{"name":"wp","href":"https:\/\/api.w.org\/{rel}","templated":true}]}}