{"id":4090,"date":"2025-04-24T16:26:25","date_gmt":"2025-04-24T14:26:25","guid":{"rendered":"https:\/\/thevintagetraveler.com\/?post_type=product&#038;p=4090"},"modified":"2025-04-24T16:33:38","modified_gmt":"2025-04-24T14:33:38","slug":"collier-chanel-vintage-1983-camelia-corail","status":"publish","type":"product","link":"https:\/\/thevintagetraveler.com\/en\/produit\/collier-chanel-vintage-1983-camelia-corail\/","title":{"rendered":"Collier Chanel vintage proche du cou Cam\u00e9lia"},"content":{"rendered":"<h3 class=\"\" data-start=\"930\" data-end=\"1008\">Collier Chanel Vintage \u2013 Ras du Cou Plaqu\u00e9 Or &amp; Cam\u00e9lia Corail, Ann\u00e9e 1983<\/h3>\n<p class=\"\" data-start=\"1010\" data-end=\"1339\">Ce <strong data-start=\"1013\" data-end=\"1047\">collier Chanel vintage de 1983<\/strong> est une <strong data-start=\"1056\" data-end=\"1082\">pi\u00e8ce rare et d\u00e9licate<\/strong>, embl\u00e9matique de l\u2019\u00e9l\u00e9gance discr\u00e8te de la maison sous l\u2019\u00e8re Karl Lagerfeld. Con\u00e7u comme un <strong data-start=\"1175\" data-end=\"1197\">ras du cou raffin\u00e9<\/strong>, il est r\u00e9alis\u00e9 en <strong data-start=\"1217\" data-end=\"1236\">m\u00e9tal plaqu\u00e9 or<\/strong> et rehauss\u00e9 d\u2019un <strong data-start=\"1254\" data-end=\"1271\">petit cam\u00e9lia<\/strong> \u2013 fleur f\u00e9tiche de Gabrielle Chanel \u2013 en <strong data-start=\"1313\" data-end=\"1338\">r\u00e9sine couleur corail<\/strong>.<\/p>\n<p class=\"\" data-start=\"1341\" data-end=\"1476\">D\u2019une finesse rare et en <strong data-start=\"1366\" data-end=\"1397\">excellent \u00e9tat pour son \u00e2ge<\/strong>, ce bijou est id\u00e9al pour sublimer une tenue avec <strong data-start=\"1447\" data-end=\"1475\">subtilit\u00e9 et distinction<\/strong>.<\/p>\n<hr class=\"\" data-start=\"1478\" data-end=\"1481\" \/>\n<h3 class=\"\" data-start=\"1483\" data-end=\"1520\">Une cr\u00e9ation florale embl\u00e9matique<\/h3>\n<p class=\"\" data-start=\"1522\" data-end=\"1795\">Le <strong data-start=\"1525\" data-end=\"1536\">cam\u00e9lia<\/strong> est l\u2019un des symboles les plus po\u00e9tiques de <a href=\"https:\/\/thevintagetraveler.com\/sac-chanel-vintage\/\">Chanel<\/a>. Coco Chanel l\u2019aimait pour sa <strong data-start=\"1618\" data-end=\"1684\">puret\u00e9, sa g\u00e9om\u00e9trie parfaite et son \u00e9l\u00e9gance sans ostentation<\/strong>. Ce collier rend hommage \u00e0 cette ic\u00f4ne florale \u00e0 travers un design \u00e9pur\u00e9, d\u00e9licat et hautement reconnaissable.<\/p>\n<p class=\"\" data-start=\"1797\" data-end=\"1987\">Dat\u00e9 de <strong data-start=\"1805\" data-end=\"1813\">1983<\/strong>, ce mod\u00e8le fait partie des premi\u00e8res cr\u00e9ations bijoux de l\u2019\u00e8re Lagerfeld, caract\u00e9ris\u00e9es par des mat\u00e9riaux nobles, un style affirm\u00e9 et une qualit\u00e9 de fabrication remarquable.<\/p>\n<hr class=\"\" data-start=\"1989\" data-end=\"1992\" \/>\n<h3 class=\"\" data-start=\"1994\" data-end=\"2025\">Caract\u00e9ristiques du produit<\/h3>\n<ul data-start=\"2027\" data-end=\"2520\">\n<li class=\"\" data-start=\"2027\" data-end=\"2050\">\n<p class=\"\" data-start=\"2029\" data-end=\"2050\"><strong data-start=\"2029\" data-end=\"2041\">Marque :<\/strong> Chanel<\/p>\n<\/li>\n<li class=\"\" data-start=\"2051\" data-end=\"2096\">\n<p class=\"\" data-start=\"2053\" data-end=\"2096\"><strong data-start=\"2053\" data-end=\"2069\">Collection :<\/strong> Bijoux fantaisie vintage<\/p>\n<\/li>\n<li class=\"\" data-start=\"2097\" data-end=\"2144\">\n<p class=\"\" data-start=\"2099\" data-end=\"2144\"><strong data-start=\"2099\" data-end=\"2110\">Ann\u00e9e :<\/strong> 1983 ( CHANEL\u00ae 1983)<\/p>\n<\/li>\n<li class=\"\" data-start=\"2145\" data-end=\"2178\">\n<p class=\"\" data-start=\"2147\" data-end=\"2178\"><strong data-start=\"2147\" data-end=\"2157\">Type :<\/strong> Collier ras du cou<\/p>\n<\/li>\n<li class=\"\" data-start=\"2179\" data-end=\"2253\">\n<p class=\"\" data-start=\"2181\" data-end=\"2253\"><strong data-start=\"2181\" data-end=\"2195\">Longueur :<\/strong> Ajustable<\/p>\n<\/li>\n<li class=\"\" data-start=\"2254\" data-end=\"2287\">\n<p class=\"\" data-start=\"2256\" data-end=\"2287\"><strong data-start=\"2256\" data-end=\"2269\">Mati\u00e8re :<\/strong> M\u00e9tal plaqu\u00e9 or<\/p>\n<\/li>\n<li class=\"\" data-start=\"2288\" data-end=\"2337\">\n<p class=\"\" data-start=\"2290\" data-end=\"2337\"><strong data-start=\"2290\" data-end=\"2304\">Ornement :<\/strong> Petit cam\u00e9lia en r\u00e9sine corail<\/p>\n<\/li>\n<li class=\"\" data-start=\"2338\" data-end=\"2387\">\n<p class=\"\" data-start=\"2340\" data-end=\"2387\"><strong data-start=\"2340\" data-end=\"2353\">Fermoir :<\/strong> Mousqueton avec pastille sign\u00e9e<\/p>\n<\/li>\n<li class=\"\" data-start=\"2388\" data-end=\"2446\">\n<p class=\"\" data-start=\"2390\" data-end=\"2446\"><strong data-start=\"2390\" data-end=\"2400\">\u00c9tat :<\/strong> Excellent \u2013 dorure brillante, fleur intacte<\/p>\n<\/li>\n<li class=\"\" data-start=\"2447\" data-end=\"2520\">\n<p class=\"\" data-start=\"2449\" data-end=\"2520\"><strong data-start=\"2449\" data-end=\"2471\">Authentification :<\/strong> Certifi\u00e9e \u2013 livr\u00e9 avec certificat d\u2019authenticit\u00e9<\/p>\n<\/li>\n<\/ul>\n<hr class=\"\" data-start=\"2522\" data-end=\"2525\" \/>\n<h3 class=\"\" data-start=\"2527\" data-end=\"2559\">Un bijou discret et pr\u00e9cieux<\/h3>\n<p class=\"\" data-start=\"2561\" data-end=\"2835\">Ce collier se porte pr\u00e8s du cou, seul pour une allure minimaliste chic, ou en accumulation avec d\u2019autres cha\u00eenes pour un effet plus moderne. Son cam\u00e9lia corail apporte <strong data-start=\"2729\" data-end=\"2762\">une touche de douceur color\u00e9e<\/strong>, id\u00e9ale pour le printemps ou pour contraster une tenue noire ou blanche.<\/p>\n<p class=\"\" data-start=\"2837\" data-end=\"2851\">Il peut \u00eatre :<\/p>\n<ul data-start=\"2853\" data-end=\"3095\">\n<li class=\"\" data-start=\"2853\" data-end=\"2911\">\n<p class=\"\" data-start=\"2855\" data-end=\"2911\">Port\u00e9 au <strong data-start=\"2864\" data-end=\"2877\">quotidien<\/strong> pour un look raffin\u00e9 et discret<\/p>\n<\/li>\n<li class=\"\" data-start=\"2912\" data-end=\"2968\">\n<p class=\"\" data-start=\"2914\" data-end=\"2968\">Utilis\u00e9 comme <strong data-start=\"2928\" data-end=\"2966\">pi\u00e8ce de collection Chanel vintage<\/strong><\/p>\n<\/li>\n<li class=\"\" data-start=\"2969\" data-end=\"3026\">\n<p class=\"\" data-start=\"2971\" data-end=\"3026\">Offert comme <strong data-start=\"2984\" data-end=\"3024\">cadeau de luxe symbolique et \u00e9l\u00e9gant<\/strong><\/p>\n<\/li>\n<li class=\"\" data-start=\"3027\" data-end=\"3095\">\n<p class=\"\" data-start=\"3029\" data-end=\"3095\">Mis en sc\u00e8ne dans une <strong data-start=\"3051\" data-end=\"3080\">vitrine de collectionneur<\/strong> ou un showroom<\/p>\n<\/li>\n<\/ul>\n<hr class=\"\" data-start=\"3097\" data-end=\"3100\" \/>\n<h3 class=\"\" data-start=\"3102\" data-end=\"3156\">Pourquoi investir dans un collier Chanel vintage ?<\/h3>\n<ul data-start=\"3158\" data-end=\"3451\">\n<li class=\"\" data-start=\"3158\" data-end=\"3205\">\n<p class=\"\" data-start=\"3160\" data-end=\"3205\"><strong data-start=\"3160\" data-end=\"3175\">Mod\u00e8le dat\u00e9<\/strong> de 1983, p\u00e9riode recherch\u00e9e<\/p>\n<\/li>\n<li class=\"\" data-start=\"3206\" data-end=\"3243\">\n<p class=\"\" data-start=\"3208\" data-end=\"3243\"><strong data-start=\"3208\" data-end=\"3225\">Motif cam\u00e9lia<\/strong>, embl\u00e8me Chanel<\/p>\n<\/li>\n<li class=\"\" data-start=\"3244\" data-end=\"3308\">\n<p class=\"\" data-start=\"3246\" data-end=\"3308\"><strong data-start=\"3246\" data-end=\"3281\">Valeur croissante sur le march\u00e9<\/strong> du bijou couture vintage<\/p>\n<\/li>\n<li class=\"\" data-start=\"3309\" data-end=\"3376\">\n<p class=\"\" data-start=\"3311\" data-end=\"3376\"><strong data-start=\"3311\" data-end=\"3321\">Raret\u00e9<\/strong>, notamment en excellent \u00e9tat avec signature d\u2019\u00e9poque<\/p>\n<\/li>\n<li class=\"\" data-start=\"3377\" data-end=\"3451\">\n<p class=\"\" data-start=\"3379\" data-end=\"3451\">Parfait pour les <strong data-start=\"3396\" data-end=\"3451\">collectionneuses ou passionn\u00e9es de la maison Chanel<\/strong><\/p>\n<\/li>\n<\/ul>\n<hr class=\"\" data-start=\"3453\" data-end=\"3456\" \/>\n<h3 class=\"\" data-start=\"3458\" data-end=\"3499\">Pourquoi choisir TheVintageTraveler ?<\/h3>\n<p class=\"\" data-start=\"3501\" data-end=\"3861\">Chez <strong data-start=\"3506\" data-end=\"3528\">TheVintageTraveler<\/strong>, chaque bijou est <strong data-start=\"3547\" data-end=\"3588\">authentifi\u00e9, expertis\u00e9 et s\u00e9lectionn\u00e9<\/strong> avec soin. Nous garantissons l\u2019<strong data-start=\"3620\" data-end=\"3660\">originalit\u00e9, l\u2019\u00e9tat et la provenance<\/strong> de nos pi\u00e8ces. Ce collier Chanel est livr\u00e9 avec <strong data-start=\"3709\" data-end=\"3738\">certificat d\u2019authenticit\u00e9<\/strong> et soigneusement emball\u00e9. Retrait possible en showroom au <strong data-start=\"3797\" data-end=\"3837\">March\u00e9 Serpette (Paris \u2013 Saint-Ouen)<\/strong> ou livraison s\u00e9curis\u00e9e.<\/p>\n<hr class=\"\" data-start=\"3863\" data-end=\"3866\" \/>\n<h3 class=\"\" data-start=\"3868\" data-end=\"3882\">Conclusion<\/h3>\n<p class=\"\" data-start=\"3884\" data-end=\"4230\">Ce <strong data-start=\"3887\" data-end=\"3932\">collier Chanel ras du cou vintage de 1983<\/strong>, plaqu\u00e9 or avec un <strong data-start=\"3952\" data-end=\"3978\">cam\u00e9lia corail d\u00e9licat<\/strong>, est une <strong data-start=\"3988\" data-end=\"4014\">pi\u00e8ce rare et po\u00e9tique<\/strong>, \u00e0 la crois\u00e9e du bijou de mode et de l\u2019histoire de la maison Chanel. \u00c9l\u00e9gant, f\u00e9minin, discret et profond\u00e9ment embl\u00e9matique, il s\u00e9duira les amoureuses de vintage raffin\u00e9 comme les collectionneuses de bijoux couture.<\/p>\n<p>Suivez &#8211; nous sur <a href=\"https:\/\/www.facebook.com\/TheVintageTravelerFR\">Facebook<\/a> et <a href=\"https:\/\/www.instagram.com\/the_vintagetraveler\/?igsh=aXdsbDJkdnpwZjcx#\">Instagram<\/a><\/p>\n","protected":false},"excerpt":{"rendered":"<p>Collier Chanel vintage de 1983 en plaqu\u00e9 or. Ras du cou raffin\u00e9 avec cam\u00e9lia corail. Rare et embl\u00e9matique, en excellent \u00e9tat, certifi\u00e9 authentique.<\/p>\n","protected":false},"featured_media":4091,"template":"","meta":[],"product_brand":[],"product_cat":[123,124,140],"product_tag":[166,137],"class_list":{"0":"post-4090","1":"product","2":"type-product","3":"status-publish","4":"has-post-thumbnail","6":"product_cat-bijoux-de-luxe-vintage","7":"product_cat-chanel-bijoux","8":"product_cat-nouveautes","9":"product_tag-bijouxchanel","10":"product_tag-chanel","12":"first","13":"instock","14":"sold-individually","15":"shipping-taxable","16":"purchasable","17":"product-type-simple"},"yoast_head":"<!-- This site is optimized with the Yoast SEO plugin v27.1.1 - https:\/\/yoast.com\/product\/yoast-seo-wordpress\/ -->\n<title>Collier Chanel Vintage 1983 Cam\u00e9lia Corail | TheVintageTraveler<\/title>\n<meta name=\"description\" content=\"Collier Chanel ras du cou vintage de 1983 en plaqu\u00e9 or, orn\u00e9 d\u2019un petit cam\u00e9lia corail. Pi\u00e8ce rare, f\u00e9minine et embl\u00e9matique. En excellent \u00e9tat.\" \/>\n<meta name=\"robots\" content=\"index, follow, max-snippet:-1, max-image-preview:large, max-video-preview:-1\" \/>\n<link rel=\"canonical\" href=\"https:\/\/thevintagetraveler.com\/en\/produit\/collier-chanel-vintage-1983-camelia-corail\/\" \/>\n<meta property=\"og:locale\" content=\"en_US\" \/>\n<meta property=\"og:type\" content=\"article\" \/>\n<meta property=\"og:title\" content=\"Collier Chanel Vintage 1983 Cam\u00e9lia Corail | TheVintageTraveler\" \/>\n<meta property=\"og:description\" content=\"Collier Chanel ras du cou vintage de 1983 en plaqu\u00e9 or, orn\u00e9 d\u2019un petit cam\u00e9lia corail. Pi\u00e8ce rare, f\u00e9minine et embl\u00e9matique. En excellent \u00e9tat.\" \/>\n<meta property=\"og:url\" content=\"https:\/\/thevintagetraveler.com\/en\/produit\/collier-chanel-vintage-1983-camelia-corail\/\" \/>\n<meta property=\"og:site_name\" content=\"TheVintageTraveler\" \/>\n<meta property=\"article:publisher\" content=\"https:\/\/www.facebook.com\/TheVintageTravelerFR\/\" \/>\n<meta property=\"article:modified_time\" content=\"2025-04-24T14:33:38+00:00\" \/>\n<meta property=\"og:image\" content=\"https:\/\/thevintagetraveler.com\/wp-content\/uploads\/2025\/04\/20250207_182600.jpg\" \/>\n\t<meta property=\"og:image:width\" content=\"1500\" \/>\n\t<meta property=\"og:image:height\" content=\"2000\" \/>\n\t<meta property=\"og:image:type\" content=\"image\/jpeg\" \/>\n<meta name=\"twitter:card\" content=\"summary_large_image\" \/>\n<meta name=\"twitter:label1\" content=\"Est. reading time\" \/>\n\t<meta name=\"twitter:data1\" content=\"3 minutes\" \/>\n<script type=\"application\/ld+json\" class=\"yoast-schema-graph\">{\"@context\":\"https:\/\/schema.org\",\"@graph\":[{\"@type\":\"WebPage\",\"@id\":\"https:\/\/thevintagetraveler.com\/en\/produit\/collier-chanel-vintage-1983-camelia-corail\/\",\"url\":\"https:\/\/thevintagetraveler.com\/en\/produit\/collier-chanel-vintage-1983-camelia-corail\/\",\"name\":\"Collier Chanel Vintage 1983 Cam\u00e9lia Corail | TheVintageTraveler\",\"isPartOf\":{\"@id\":\"https:\/\/thevintagetraveler.com\/en\/#website\"},\"primaryImageOfPage\":{\"@id\":\"https:\/\/thevintagetraveler.com\/en\/produit\/collier-chanel-vintage-1983-camelia-corail\/#primaryimage\"},\"image\":{\"@id\":\"https:\/\/thevintagetraveler.com\/en\/produit\/collier-chanel-vintage-1983-camelia-corail\/#primaryimage\"},\"thumbnailUrl\":\"https:\/\/thevintagetraveler.com\/wp-content\/uploads\/2025\/04\/20250207_182600.jpg\",\"datePublished\":\"2025-04-24T14:26:25+00:00\",\"dateModified\":\"2025-04-24T14:33:38+00:00\",\"description\":\"Collier Chanel ras du cou vintage de 1983 en plaqu\u00e9 or, orn\u00e9 d\u2019un petit cam\u00e9lia corail. Pi\u00e8ce rare, f\u00e9minine et embl\u00e9matique. En excellent \u00e9tat.\",\"breadcrumb\":{\"@id\":\"https:\/\/thevintagetraveler.com\/en\/produit\/collier-chanel-vintage-1983-camelia-corail\/#breadcrumb\"},\"inLanguage\":\"en-US\",\"potentialAction\":[{\"@type\":\"ReadAction\",\"target\":[\"https:\/\/thevintagetraveler.com\/en\/produit\/collier-chanel-vintage-1983-camelia-corail\/\"]}]},{\"@type\":\"ImageObject\",\"inLanguage\":\"en-US\",\"@id\":\"https:\/\/thevintagetraveler.com\/en\/produit\/collier-chanel-vintage-1983-camelia-corail\/#primaryimage\",\"url\":\"https:\/\/thevintagetraveler.com\/wp-content\/uploads\/2025\/04\/20250207_182600.jpg\",\"contentUrl\":\"https:\/\/thevintagetraveler.com\/wp-content\/uploads\/2025\/04\/20250207_182600.jpg\",\"width\":1500,\"height\":2000,\"caption\":\"collier Chanel vintage cam\u00e9lia 1983\"},{\"@type\":\"BreadcrumbList\",\"@id\":\"https:\/\/thevintagetraveler.com\/en\/produit\/collier-chanel-vintage-1983-camelia-corail\/#breadcrumb\",\"itemListElement\":[{\"@type\":\"ListItem\",\"position\":1,\"name\":\"Accueil\",\"item\":\"https:\/\/thevintagetraveler.com\/en\/\"},{\"@type\":\"ListItem\",\"position\":2,\"name\":\"Shop\",\"item\":\"https:\/\/thevintagetraveler.com\/shop\/\"},{\"@type\":\"ListItem\",\"position\":3,\"name\":\"Collier Chanel vintage proche du cou Cam\u00e9lia\"}]},{\"@type\":\"WebSite\",\"@id\":\"https:\/\/thevintagetraveler.com\/en\/#website\",\"url\":\"https:\/\/thevintagetraveler.com\/en\/\",\"name\":\"TheVintageTraveler\",\"description\":\"Luxury experts in Louis Vuitton, Chanel &amp; Herm\u00e8s\",\"publisher\":{\"@id\":\"https:\/\/thevintagetraveler.com\/en\/#organization\"},\"potentialAction\":[{\"@type\":\"SearchAction\",\"target\":{\"@type\":\"EntryPoint\",\"urlTemplate\":\"https:\/\/thevintagetraveler.com\/en\/?s={search_term_string}\"},\"query-input\":{\"@type\":\"PropertyValueSpecification\",\"valueRequired\":true,\"valueName\":\"search_term_string\"}}],\"inLanguage\":\"en-US\"},{\"@type\":\"Organization\",\"@id\":\"https:\/\/thevintagetraveler.com\/en\/#organization\",\"name\":\"TheVintageTraveler\",\"url\":\"https:\/\/thevintagetraveler.com\/en\/\",\"logo\":{\"@type\":\"ImageObject\",\"inLanguage\":\"en-US\",\"@id\":\"https:\/\/thevintagetraveler.com\/en\/#\/schema\/logo\/image\/\",\"url\":\"https:\/\/thevintagetraveler.com\/wp-content\/uploads\/2025\/04\/LOGO-THE-VINTAGE-TRAVELER-FINAL-e1745392697678.png\",\"contentUrl\":\"https:\/\/thevintagetraveler.com\/wp-content\/uploads\/2025\/04\/LOGO-THE-VINTAGE-TRAVELER-FINAL-e1745392697678.png\",\"width\":798,\"height\":318,\"caption\":\"TheVintageTraveler\"},\"image\":{\"@id\":\"https:\/\/thevintagetraveler.com\/en\/#\/schema\/logo\/image\/\"},\"sameAs\":[\"https:\/\/www.facebook.com\/TheVintageTravelerFR\/\",\"https:\/\/www.instagram.com\/the_vintagetraveler\"]}]}<\/script>\n<!-- \/ Yoast SEO plugin. -->","yoast_head_json":{"title":"Collier Chanel Vintage 1983 Cam\u00e9lia Corail | TheVintageTraveler","description":"Collier Chanel ras du cou vintage de 1983 en plaqu\u00e9 or, orn\u00e9 d\u2019un petit cam\u00e9lia corail. Pi\u00e8ce rare, f\u00e9minine et embl\u00e9matique. En excellent \u00e9tat.","robots":{"index":"index","follow":"follow","max-snippet":"max-snippet:-1","max-image-preview":"max-image-preview:large","max-video-preview":"max-video-preview:-1"},"canonical":"https:\/\/thevintagetraveler.com\/en\/produit\/collier-chanel-vintage-1983-camelia-corail\/","og_locale":"en_US","og_type":"article","og_title":"Collier Chanel Vintage 1983 Cam\u00e9lia Corail | TheVintageTraveler","og_description":"Collier Chanel ras du cou vintage de 1983 en plaqu\u00e9 or, orn\u00e9 d\u2019un petit cam\u00e9lia corail. Pi\u00e8ce rare, f\u00e9minine et embl\u00e9matique. En excellent \u00e9tat.","og_url":"https:\/\/thevintagetraveler.com\/en\/produit\/collier-chanel-vintage-1983-camelia-corail\/","og_site_name":"TheVintageTraveler","article_publisher":"https:\/\/www.facebook.com\/TheVintageTravelerFR\/","article_modified_time":"2025-04-24T14:33:38+00:00","og_image":[{"width":1500,"height":2000,"url":"https:\/\/thevintagetraveler.com\/wp-content\/uploads\/2025\/04\/20250207_182600.jpg","type":"image\/jpeg"}],"twitter_card":"summary_large_image","twitter_misc":{"Est. reading time":"3 minutes"},"schema":{"@context":"https:\/\/schema.org","@graph":[{"@type":"WebPage","@id":"https:\/\/thevintagetraveler.com\/en\/produit\/collier-chanel-vintage-1983-camelia-corail\/","url":"https:\/\/thevintagetraveler.com\/en\/produit\/collier-chanel-vintage-1983-camelia-corail\/","name":"Collier Chanel Vintage 1983 Cam\u00e9lia Corail | TheVintageTraveler","isPartOf":{"@id":"https:\/\/thevintagetraveler.com\/en\/#website"},"primaryImageOfPage":{"@id":"https:\/\/thevintagetraveler.com\/en\/produit\/collier-chanel-vintage-1983-camelia-corail\/#primaryimage"},"image":{"@id":"https:\/\/thevintagetraveler.com\/en\/produit\/collier-chanel-vintage-1983-camelia-corail\/#primaryimage"},"thumbnailUrl":"https:\/\/thevintagetraveler.com\/wp-content\/uploads\/2025\/04\/20250207_182600.jpg","datePublished":"2025-04-24T14:26:25+00:00","dateModified":"2025-04-24T14:33:38+00:00","description":"Collier Chanel ras du cou vintage de 1983 en plaqu\u00e9 or, orn\u00e9 d\u2019un petit cam\u00e9lia corail. Pi\u00e8ce rare, f\u00e9minine et embl\u00e9matique. En excellent \u00e9tat.","breadcrumb":{"@id":"https:\/\/thevintagetraveler.com\/en\/produit\/collier-chanel-vintage-1983-camelia-corail\/#breadcrumb"},"inLanguage":"en-US","potentialAction":[{"@type":"ReadAction","target":["https:\/\/thevintagetraveler.com\/en\/produit\/collier-chanel-vintage-1983-camelia-corail\/"]}]},{"@type":"ImageObject","inLanguage":"en-US","@id":"https:\/\/thevintagetraveler.com\/en\/produit\/collier-chanel-vintage-1983-camelia-corail\/#primaryimage","url":"https:\/\/thevintagetraveler.com\/wp-content\/uploads\/2025\/04\/20250207_182600.jpg","contentUrl":"https:\/\/thevintagetraveler.com\/wp-content\/uploads\/2025\/04\/20250207_182600.jpg","width":1500,"height":2000,"caption":"collier Chanel vintage cam\u00e9lia 1983"},{"@type":"BreadcrumbList","@id":"https:\/\/thevintagetraveler.com\/en\/produit\/collier-chanel-vintage-1983-camelia-corail\/#breadcrumb","itemListElement":[{"@type":"ListItem","position":1,"name":"Accueil","item":"https:\/\/thevintagetraveler.com\/en\/"},{"@type":"ListItem","position":2,"name":"Shop","item":"https:\/\/thevintagetraveler.com\/shop\/"},{"@type":"ListItem","position":3,"name":"Collier Chanel vintage proche du cou Cam\u00e9lia"}]},{"@type":"WebSite","@id":"https:\/\/thevintagetraveler.com\/en\/#website","url":"https:\/\/thevintagetraveler.com\/en\/","name":"TheVintageTraveler","description":"Luxury experts in Louis Vuitton, Chanel &amp; Herm\u00e8s","publisher":{"@id":"https:\/\/thevintagetraveler.com\/en\/#organization"},"potentialAction":[{"@type":"SearchAction","target":{"@type":"EntryPoint","urlTemplate":"https:\/\/thevintagetraveler.com\/en\/?s={search_term_string}"},"query-input":{"@type":"PropertyValueSpecification","valueRequired":true,"valueName":"search_term_string"}}],"inLanguage":"en-US"},{"@type":"Organization","@id":"https:\/\/thevintagetraveler.com\/en\/#organization","name":"TheVintageTraveler","url":"https:\/\/thevintagetraveler.com\/en\/","logo":{"@type":"ImageObject","inLanguage":"en-US","@id":"https:\/\/thevintagetraveler.com\/en\/#\/schema\/logo\/image\/","url":"https:\/\/thevintagetraveler.com\/wp-content\/uploads\/2025\/04\/LOGO-THE-VINTAGE-TRAVELER-FINAL-e1745392697678.png","contentUrl":"https:\/\/thevintagetraveler.com\/wp-content\/uploads\/2025\/04\/LOGO-THE-VINTAGE-TRAVELER-FINAL-e1745392697678.png","width":798,"height":318,"caption":"TheVintageTraveler"},"image":{"@id":"https:\/\/thevintagetraveler.com\/en\/#\/schema\/logo\/image\/"},"sameAs":["https:\/\/www.facebook.com\/TheVintageTravelerFR\/","https:\/\/www.instagram.com\/the_vintagetraveler"]}]}},"_links":{"self":[{"href":"https:\/\/thevintagetraveler.com\/en\/wp-json\/wp\/v2\/product\/4090","targetHints":{"allow":["GET"]}}],"collection":[{"href":"https:\/\/thevintagetraveler.com\/en\/wp-json\/wp\/v2\/product"}],"about":[{"href":"https:\/\/thevintagetraveler.com\/en\/wp-json\/wp\/v2\/types\/product"}],"wp:featuredmedia":[{"embeddable":true,"href":"https:\/\/thevintagetraveler.com\/en\/wp-json\/wp\/v2\/media\/4091"}],"wp:attachment":[{"href":"https:\/\/thevintagetraveler.com\/en\/wp-json\/wp\/v2\/media?parent=4090"}],"wp:term":[{"taxonomy":"product_brand","embeddable":true,"href":"https:\/\/thevintagetraveler.com\/en\/wp-json\/wp\/v2\/product_brand?post=4090"},{"taxonomy":"product_cat","embeddable":true,"href":"https:\/\/thevintagetraveler.com\/en\/wp-json\/wp\/v2\/product_cat?post=4090"},{"taxonomy":"product_tag","embeddable":true,"href":"https:\/\/thevintagetraveler.com\/en\/wp-json\/wp\/v2\/product_tag?post=4090"}],"curies":[{"name":"wp","href":"https:\/\/api.w.org\/{rel}","templated":true}]}}