{"id":4094,"date":"2025-04-24T16:34:03","date_gmt":"2025-04-24T14:34:03","guid":{"rendered":"https:\/\/thevintagetraveler.com\/?post_type=product&#038;p=4094"},"modified":"2025-04-24T16:40:10","modified_gmt":"2025-04-24T14:40:10","slug":"boucles-oreilles-chanel-vintage-cc-1995","status":"publish","type":"product","link":"https:\/\/thevintagetraveler.com\/en\/produit\/boucles-oreilles-chanel-vintage-cc-1995\/","title":{"rendered":"Boucle d&#8217;oreilles Chanel vintage logo 1995"},"content":{"rendered":"<h3 class=\"\" data-start=\"969\" data-end=\"1041\">Boucles d\u2019Oreilles Chanel Vintage \u2013 Logo CC Dor\u00e9 sur Fond Noir, 1995<\/h3>\n<p class=\"\" data-start=\"1043\" data-end=\"1397\">Ces <strong data-start=\"1047\" data-end=\"1084\">boucles d\u2019oreilles Chanel vintage<\/strong>, dat\u00e9es de <strong data-start=\"1096\" data-end=\"1104\">1995<\/strong>, sont l\u2019un des mod\u00e8les les plus reconnaissables de la maison. R\u00e9alis\u00e9es en <strong data-start=\"1180\" data-end=\"1199\">m\u00e9tal plaqu\u00e9 or<\/strong>, elles arborent fi\u00e8rement le <strong data-start=\"1229\" data-end=\"1250\">logo CC entrelac\u00e9<\/strong>, embl\u00e8me de la marque, pos\u00e9 sur un <strong data-start=\"1286\" data-end=\"1307\">fond noir \u00e9maill\u00e9<\/strong>. Dot\u00e9es d\u2019un syst\u00e8me <strong data-start=\"1329\" data-end=\"1340\">\u00e0 clips<\/strong>, elles conviennent \u00e0 toutes, m\u00eame sans oreilles perc\u00e9es.<\/p>\n<p class=\"\" data-start=\"1399\" data-end=\"1539\"><strong data-start=\"1399\" data-end=\"1456\">\u00c9l\u00e9gantes, intemporelles et puissamment embl\u00e9matiques<\/strong>, elles incarnent le style <a href=\"https:\/\/thevintagetraveler.com\/sac-chanel-vintage\/\">Chanel<\/a> des ann\u00e9es 90 sous l\u2019influence de Karl Lagerfeld.<\/p>\n<hr class=\"\" data-start=\"1541\" data-end=\"1544\" \/>\n<h3 class=\"\" data-start=\"1546\" data-end=\"1583\">L\u2019\u00e9l\u00e9gance iconique des ann\u00e9es 90<\/h3>\n<p class=\"\" data-start=\"1585\" data-end=\"1853\">Dans les ann\u00e9es 1990, Karl Lagerfeld a su revisiter les codes de Gabrielle Chanel en y injectant de la puissance visuelle, du volume et une touche opulente. Ces boucles d\u2019oreilles \u00e0 <strong data-start=\"1767\" data-end=\"1798\">motif CC dor\u00e9 sur fond noir<\/strong> sont un parfait exemple de cet esprit couture affirm\u00e9.<\/p>\n<p class=\"\" data-start=\"1855\" data-end=\"2044\">Le contraste entre le <strong data-start=\"1877\" data-end=\"1910\">noir profond et l\u2019or brillant<\/strong> cr\u00e9e un effet chic et imm\u00e9diatement reconnaissable. Elles s\u2019int\u00e8grent aussi bien dans une tenue minimaliste que dans un look glamour.<\/p>\n<hr class=\"\" data-start=\"2046\" data-end=\"2049\" \/>\n<h3 class=\"\" data-start=\"2051\" data-end=\"2082\">Caract\u00e9ristiques du produit<\/h3>\n<ul data-start=\"2084\" data-end=\"2570\">\n<li class=\"\" data-start=\"2084\" data-end=\"2107\">\n<p class=\"\" data-start=\"2086\" data-end=\"2107\"><strong data-start=\"2086\" data-end=\"2098\">Marque :<\/strong> Chanel<\/p>\n<\/li>\n<li class=\"\" data-start=\"2108\" data-end=\"2159\">\n<p class=\"\" data-start=\"2110\" data-end=\"2159\"><strong data-start=\"2110\" data-end=\"2126\">Collection :<\/strong> Bijoux fantaisie haute couture<\/p>\n<\/li>\n<li class=\"\" data-start=\"2160\" data-end=\"2213\">\n<p class=\"\" data-start=\"2162\" data-end=\"2213\"><strong data-start=\"2162\" data-end=\"2173\">Ann\u00e9e :<\/strong> 1995 (estampille CHANEL\u00ae 95 P au dos)<\/p>\n<\/li>\n<li class=\"\" data-start=\"2214\" data-end=\"2255\">\n<p class=\"\" data-start=\"2216\" data-end=\"2255\"><strong data-start=\"2216\" data-end=\"2226\">Type :<\/strong> Boucles d\u2019oreilles \u00e0 clips<\/p>\n<\/li>\n<li class=\"\" data-start=\"2256\" data-end=\"2285\">\n<p class=\"\" data-start=\"2258\" data-end=\"2285\"><strong data-start=\"2258\" data-end=\"2269\">Forme :<\/strong> Ronde, bomb\u00e9e<\/p>\n<\/li>\n<li class=\"\" data-start=\"2286\" data-end=\"2337\">\n<p class=\"\" data-start=\"2288\" data-end=\"2337\"><strong data-start=\"2288\" data-end=\"2301\">Mati\u00e8re :<\/strong> M\u00e9tal dor\u00e9 plaqu\u00e9 or &amp; \u00e9mail noir<\/p>\n<\/li>\n<li class=\"\" data-start=\"2338\" data-end=\"2390\">\n<p class=\"\" data-start=\"2340\" data-end=\"2390\"><strong data-start=\"2340\" data-end=\"2351\">Motif :<\/strong> Logo CC entrelac\u00e9 dor\u00e9 sur fond noir<\/p>\n<\/li>\n<li class=\"\" data-start=\"2391\" data-end=\"2445\">\n<p class=\"\" data-start=\"2393\" data-end=\"2445\"><strong data-start=\"2393\" data-end=\"2408\">Fermeture :<\/strong> Clip confortable avec bon maintien<\/p>\n<\/li>\n<li class=\"\" data-start=\"2446\" data-end=\"2509\">\n<p class=\"\" data-start=\"2448\" data-end=\"2509\"><strong data-start=\"2448\" data-end=\"2458\">\u00c9tat :<\/strong> Tr\u00e8s bon \u2013 \u00e9clat dor\u00e9 intact, clips fonctionnels<\/p>\n<\/li>\n<li class=\"\" data-start=\"2510\" data-end=\"2570\">\n<p class=\"\" data-start=\"2512\" data-end=\"2570\"><strong data-start=\"2512\" data-end=\"2534\">Authentification :<\/strong> Certifi\u00e9e \u2013 livr\u00e9es avec certificat<\/p>\n<\/li>\n<\/ul>\n<hr class=\"\" data-start=\"2572\" data-end=\"2575\" \/>\n<h3 class=\"\" data-start=\"2577\" data-end=\"2612\">Une pi\u00e8ce forte et intemporelle<\/h3>\n<p class=\"\" data-start=\"2614\" data-end=\"2648\">Ces boucles peuvent \u00eatre port\u00e9es :<\/p>\n<ul data-start=\"2650\" data-end=\"2961\">\n<li class=\"\" data-start=\"2650\" data-end=\"2734\">\n<p class=\"\" data-start=\"2652\" data-end=\"2734\">En <strong data-start=\"2655\" data-end=\"2674\">pi\u00e8ce ma\u00eetresse<\/strong> sur une tenue sobre (blazer, robe noire, chemise blanche)<\/p>\n<\/li>\n<li class=\"\" data-start=\"2735\" data-end=\"2793\">\n<p class=\"\" data-start=\"2737\" data-end=\"2793\">Pour <strong data-start=\"2742\" data-end=\"2791\">rehausser une allure vintage ou contemporaine<\/strong><\/p>\n<\/li>\n<li class=\"\" data-start=\"2794\" data-end=\"2870\">\n<p class=\"\" data-start=\"2796\" data-end=\"2870\">Lors d\u2019une <strong data-start=\"2807\" data-end=\"2828\">occasion sp\u00e9ciale<\/strong> ou au quotidien pour une touche de luxe<\/p>\n<\/li>\n<li class=\"\" data-start=\"2871\" data-end=\"2961\">\n<p class=\"\" data-start=\"2873\" data-end=\"2961\">En <strong data-start=\"2876\" data-end=\"2915\">collection de bijoux Chanel vintage<\/strong>, comme mod\u00e8le repr\u00e9sentatif de la p\u00e9riode 90s<\/p>\n<\/li>\n<\/ul>\n<hr class=\"\" data-start=\"2963\" data-end=\"2966\" \/>\n<h3 class=\"\" data-start=\"2968\" data-end=\"3034\">Pourquoi investir dans des boucles d\u2019oreilles Chanel vintage ?<\/h3>\n<ul data-start=\"3036\" data-end=\"3346\">\n<li class=\"\" data-start=\"3036\" data-end=\"3081\">\n<p class=\"\" data-start=\"3038\" data-end=\"3081\"><strong data-start=\"3038\" data-end=\"3065\">Mod\u00e8le iconique et dat\u00e9<\/strong> : Chanel 1995<\/p>\n<\/li>\n<li class=\"\" data-start=\"3082\" data-end=\"3159\">\n<p class=\"\" data-start=\"3084\" data-end=\"3159\"><strong data-start=\"3084\" data-end=\"3102\">Tr\u00e8s recherch\u00e9<\/strong> sur le march\u00e9 de la seconde main et du vintage de luxe<\/p>\n<\/li>\n<li class=\"\" data-start=\"3160\" data-end=\"3215\">\n<p class=\"\" data-start=\"3162\" data-end=\"3215\"><strong data-start=\"3162\" data-end=\"3181\">Logo CC visible<\/strong> et imm\u00e9diatement reconnaissable<\/p>\n<\/li>\n<li class=\"\" data-start=\"3216\" data-end=\"3269\">\n<p class=\"\" data-start=\"3218\" data-end=\"3269\"><strong data-start=\"3218\" data-end=\"3251\">Pas besoin d\u2019oreilles perc\u00e9es<\/strong> gr\u00e2ce aux clips<\/p>\n<\/li>\n<li class=\"\" data-start=\"3270\" data-end=\"3346\">\n<p class=\"\" data-start=\"3272\" data-end=\"3346\"><strong data-start=\"3272\" data-end=\"3303\">Valeur stable et croissante<\/strong>, surtout en bon \u00e9tat et avec certification<\/p>\n<\/li>\n<\/ul>\n<hr class=\"\" data-start=\"3348\" data-end=\"3351\" \/>\n<h3 class=\"\" data-start=\"3353\" data-end=\"3399\">Pourquoi acheter chez TheVintageTraveler ?<\/h3>\n<p class=\"\" data-start=\"3401\" data-end=\"3740\">Chez <strong data-start=\"3406\" data-end=\"3428\">TheVintageTraveler<\/strong>, chaque pi\u00e8ce est s\u00e9lectionn\u00e9e avec <strong data-start=\"3465\" data-end=\"3521\">exigence, authenticit\u00e9 et passion du vintage de luxe<\/strong>. Ces boucles sont <strong data-start=\"3540\" data-end=\"3554\">certifi\u00e9es<\/strong>, soigneusement contr\u00f4l\u00e9es, et livr\u00e9es dans un emballage adapt\u00e9, avec <strong data-start=\"3624\" data-end=\"3653\">certificat d\u2019authenticit\u00e9<\/strong>. Livraison s\u00e9curis\u00e9e ou retrait showroom possible au <strong data-start=\"3707\" data-end=\"3739\">March\u00e9 Serpette (Saint-Ouen)<\/strong>.<\/p>\n<hr class=\"\" data-start=\"3742\" data-end=\"3745\" \/>\n<h3 class=\"\" data-start=\"3747\" data-end=\"3761\">Conclusion<\/h3>\n<p class=\"\" data-start=\"3763\" data-end=\"4114\">Ces <strong data-start=\"3767\" data-end=\"3804\">boucles d\u2019oreilles Chanel vintage<\/strong> dat\u00e9es de <strong data-start=\"3815\" data-end=\"3823\">1995<\/strong>, \u00e0 <strong data-start=\"3827\" data-end=\"3836\">clips<\/strong>, avec <strong data-start=\"3843\" data-end=\"3873\">logo CC dor\u00e9 sur fond noir<\/strong>, sont une <strong data-start=\"3884\" data-end=\"3944\">pi\u00e8ce incontournable pour les amoureuses du style Chanel<\/strong>. \u00c9l\u00e9gantes, intemporelles et imm\u00e9diatement reconnaissables, elles incarnent l\u2019essence de la maison dans son \u00e2ge d\u2019or des ann\u00e9es 90. Un bijou \u00e0 porter ou \u00e0 collectionner.<\/p>\n<p>Suivez &#8211; nous sur <a href=\"https:\/\/www.facebook.com\/TheVintageTravelerFR\">Facebook<\/a> et <a href=\"https:\/\/www.instagram.com\/the_vintagetraveler\/?igsh=aXdsbDJkdnpwZjcx#\">Instagram<\/a><\/p>\n","protected":false},"excerpt":{"rendered":"<p>Boucles d\u2019oreilles Chanel vintage 1995 \u00e0 clips. Fond noir, logo CC dor\u00e9 en plaqu\u00e9 or. Classiques, \u00e9l\u00e9gantes et certifi\u00e9es authentiques.<\/p>\n","protected":false},"featured_media":4095,"template":"","meta":[],"product_brand":[],"product_cat":[123,124,140],"product_tag":[166,137],"class_list":{"0":"post-4094","1":"product","2":"type-product","3":"status-publish","4":"has-post-thumbnail","6":"product_cat-bijoux-de-luxe-vintage","7":"product_cat-chanel-bijoux","8":"product_cat-nouveautes","9":"product_tag-bijouxchanel","10":"product_tag-chanel","12":"first","13":"instock","14":"sold-individually","15":"shipping-taxable","16":"purchasable","17":"product-type-simple"},"yoast_head":"<!-- This site is optimized with the Yoast SEO plugin v27.1.1 - https:\/\/yoast.com\/product\/yoast-seo-wordpress\/ -->\n<title>Boucles d\u2019Oreilles Chanel CC Dor\u00e9 1995 | TheVintageTraveler<\/title>\n<meta name=\"description\" content=\"Boucles d\u2019oreilles Chanel vintage de 1995, \u00e0 clips, fond noir et logo CC dor\u00e9 en plaqu\u00e9 or. Mod\u00e8le embl\u00e9matique, en tr\u00e8s bon \u00e9tat, certifi\u00e9 authentique.\" \/>\n<meta name=\"robots\" content=\"index, follow, max-snippet:-1, max-image-preview:large, max-video-preview:-1\" \/>\n<link rel=\"canonical\" href=\"https:\/\/thevintagetraveler.com\/en\/produit\/boucles-oreilles-chanel-vintage-cc-1995\/\" \/>\n<meta property=\"og:locale\" content=\"en_US\" \/>\n<meta property=\"og:type\" content=\"article\" \/>\n<meta property=\"og:title\" content=\"Boucles d\u2019Oreilles Chanel CC Dor\u00e9 1995 | TheVintageTraveler\" \/>\n<meta property=\"og:description\" content=\"Boucles d\u2019oreilles Chanel vintage de 1995, \u00e0 clips, fond noir et logo CC dor\u00e9 en plaqu\u00e9 or. Mod\u00e8le embl\u00e9matique, en tr\u00e8s bon \u00e9tat, certifi\u00e9 authentique.\" \/>\n<meta property=\"og:url\" content=\"https:\/\/thevintagetraveler.com\/en\/produit\/boucles-oreilles-chanel-vintage-cc-1995\/\" \/>\n<meta property=\"og:site_name\" content=\"TheVintageTraveler\" \/>\n<meta property=\"article:publisher\" content=\"https:\/\/www.facebook.com\/TheVintageTravelerFR\/\" \/>\n<meta property=\"article:modified_time\" content=\"2025-04-24T14:40:10+00:00\" \/>\n<meta property=\"og:image\" content=\"https:\/\/thevintagetraveler.com\/wp-content\/uploads\/2025\/04\/20250207_182208.jpg\" \/>\n\t<meta property=\"og:image:width\" content=\"1500\" \/>\n\t<meta property=\"og:image:height\" content=\"2000\" \/>\n\t<meta property=\"og:image:type\" content=\"image\/jpeg\" \/>\n<meta name=\"twitter:card\" content=\"summary_large_image\" \/>\n<meta name=\"twitter:label1\" content=\"Est. reading time\" \/>\n\t<meta name=\"twitter:data1\" content=\"3 minutes\" \/>\n<script type=\"application\/ld+json\" class=\"yoast-schema-graph\">{\"@context\":\"https:\/\/schema.org\",\"@graph\":[{\"@type\":\"WebPage\",\"@id\":\"https:\/\/thevintagetraveler.com\/en\/produit\/boucles-oreilles-chanel-vintage-cc-1995\/\",\"url\":\"https:\/\/thevintagetraveler.com\/en\/produit\/boucles-oreilles-chanel-vintage-cc-1995\/\",\"name\":\"Boucles d\u2019Oreilles Chanel CC Dor\u00e9 1995 | TheVintageTraveler\",\"isPartOf\":{\"@id\":\"https:\/\/thevintagetraveler.com\/en\/#website\"},\"primaryImageOfPage\":{\"@id\":\"https:\/\/thevintagetraveler.com\/en\/produit\/boucles-oreilles-chanel-vintage-cc-1995\/#primaryimage\"},\"image\":{\"@id\":\"https:\/\/thevintagetraveler.com\/en\/produit\/boucles-oreilles-chanel-vintage-cc-1995\/#primaryimage\"},\"thumbnailUrl\":\"https:\/\/thevintagetraveler.com\/wp-content\/uploads\/2025\/04\/20250207_182208.jpg\",\"datePublished\":\"2025-04-24T14:34:03+00:00\",\"dateModified\":\"2025-04-24T14:40:10+00:00\",\"description\":\"Boucles d\u2019oreilles Chanel vintage de 1995, \u00e0 clips, fond noir et logo CC dor\u00e9 en plaqu\u00e9 or. Mod\u00e8le embl\u00e9matique, en tr\u00e8s bon \u00e9tat, certifi\u00e9 authentique.\",\"breadcrumb\":{\"@id\":\"https:\/\/thevintagetraveler.com\/en\/produit\/boucles-oreilles-chanel-vintage-cc-1995\/#breadcrumb\"},\"inLanguage\":\"en-US\",\"potentialAction\":[{\"@type\":\"ReadAction\",\"target\":[\"https:\/\/thevintagetraveler.com\/en\/produit\/boucles-oreilles-chanel-vintage-cc-1995\/\"]}]},{\"@type\":\"ImageObject\",\"inLanguage\":\"en-US\",\"@id\":\"https:\/\/thevintagetraveler.com\/en\/produit\/boucles-oreilles-chanel-vintage-cc-1995\/#primaryimage\",\"url\":\"https:\/\/thevintagetraveler.com\/wp-content\/uploads\/2025\/04\/20250207_182208.jpg\",\"contentUrl\":\"https:\/\/thevintagetraveler.com\/wp-content\/uploads\/2025\/04\/20250207_182208.jpg\",\"width\":1500,\"height\":2000,\"caption\":\"boucles d\u2019oreilles Chanel vintage logo CC 1995\"},{\"@type\":\"BreadcrumbList\",\"@id\":\"https:\/\/thevintagetraveler.com\/en\/produit\/boucles-oreilles-chanel-vintage-cc-1995\/#breadcrumb\",\"itemListElement\":[{\"@type\":\"ListItem\",\"position\":1,\"name\":\"Accueil\",\"item\":\"https:\/\/thevintagetraveler.com\/en\/\"},{\"@type\":\"ListItem\",\"position\":2,\"name\":\"Shop\",\"item\":\"https:\/\/thevintagetraveler.com\/shop\/\"},{\"@type\":\"ListItem\",\"position\":3,\"name\":\"Boucle d&rsquo;oreilles Chanel vintage logo 1995\"}]},{\"@type\":\"WebSite\",\"@id\":\"https:\/\/thevintagetraveler.com\/en\/#website\",\"url\":\"https:\/\/thevintagetraveler.com\/en\/\",\"name\":\"TheVintageTraveler\",\"description\":\"Luxury experts in Louis Vuitton, Chanel &amp; Herm\u00e8s\",\"publisher\":{\"@id\":\"https:\/\/thevintagetraveler.com\/en\/#organization\"},\"potentialAction\":[{\"@type\":\"SearchAction\",\"target\":{\"@type\":\"EntryPoint\",\"urlTemplate\":\"https:\/\/thevintagetraveler.com\/en\/?s={search_term_string}\"},\"query-input\":{\"@type\":\"PropertyValueSpecification\",\"valueRequired\":true,\"valueName\":\"search_term_string\"}}],\"inLanguage\":\"en-US\"},{\"@type\":\"Organization\",\"@id\":\"https:\/\/thevintagetraveler.com\/en\/#organization\",\"name\":\"TheVintageTraveler\",\"url\":\"https:\/\/thevintagetraveler.com\/en\/\",\"logo\":{\"@type\":\"ImageObject\",\"inLanguage\":\"en-US\",\"@id\":\"https:\/\/thevintagetraveler.com\/en\/#\/schema\/logo\/image\/\",\"url\":\"https:\/\/thevintagetraveler.com\/wp-content\/uploads\/2025\/04\/LOGO-THE-VINTAGE-TRAVELER-FINAL-e1745392697678.png\",\"contentUrl\":\"https:\/\/thevintagetraveler.com\/wp-content\/uploads\/2025\/04\/LOGO-THE-VINTAGE-TRAVELER-FINAL-e1745392697678.png\",\"width\":798,\"height\":318,\"caption\":\"TheVintageTraveler\"},\"image\":{\"@id\":\"https:\/\/thevintagetraveler.com\/en\/#\/schema\/logo\/image\/\"},\"sameAs\":[\"https:\/\/www.facebook.com\/TheVintageTravelerFR\/\",\"https:\/\/www.instagram.com\/the_vintagetraveler\"]}]}<\/script>\n<!-- \/ Yoast SEO plugin. -->","yoast_head_json":{"title":"Boucles d\u2019Oreilles Chanel CC Dor\u00e9 1995 | TheVintageTraveler","description":"Boucles d\u2019oreilles Chanel vintage de 1995, \u00e0 clips, fond noir et logo CC dor\u00e9 en plaqu\u00e9 or. Mod\u00e8le embl\u00e9matique, en tr\u00e8s bon \u00e9tat, certifi\u00e9 authentique.","robots":{"index":"index","follow":"follow","max-snippet":"max-snippet:-1","max-image-preview":"max-image-preview:large","max-video-preview":"max-video-preview:-1"},"canonical":"https:\/\/thevintagetraveler.com\/en\/produit\/boucles-oreilles-chanel-vintage-cc-1995\/","og_locale":"en_US","og_type":"article","og_title":"Boucles d\u2019Oreilles Chanel CC Dor\u00e9 1995 | TheVintageTraveler","og_description":"Boucles d\u2019oreilles Chanel vintage de 1995, \u00e0 clips, fond noir et logo CC dor\u00e9 en plaqu\u00e9 or. Mod\u00e8le embl\u00e9matique, en tr\u00e8s bon \u00e9tat, certifi\u00e9 authentique.","og_url":"https:\/\/thevintagetraveler.com\/en\/produit\/boucles-oreilles-chanel-vintage-cc-1995\/","og_site_name":"TheVintageTraveler","article_publisher":"https:\/\/www.facebook.com\/TheVintageTravelerFR\/","article_modified_time":"2025-04-24T14:40:10+00:00","og_image":[{"width":1500,"height":2000,"url":"https:\/\/thevintagetraveler.com\/wp-content\/uploads\/2025\/04\/20250207_182208.jpg","type":"image\/jpeg"}],"twitter_card":"summary_large_image","twitter_misc":{"Est. reading time":"3 minutes"},"schema":{"@context":"https:\/\/schema.org","@graph":[{"@type":"WebPage","@id":"https:\/\/thevintagetraveler.com\/en\/produit\/boucles-oreilles-chanel-vintage-cc-1995\/","url":"https:\/\/thevintagetraveler.com\/en\/produit\/boucles-oreilles-chanel-vintage-cc-1995\/","name":"Boucles d\u2019Oreilles Chanel CC Dor\u00e9 1995 | TheVintageTraveler","isPartOf":{"@id":"https:\/\/thevintagetraveler.com\/en\/#website"},"primaryImageOfPage":{"@id":"https:\/\/thevintagetraveler.com\/en\/produit\/boucles-oreilles-chanel-vintage-cc-1995\/#primaryimage"},"image":{"@id":"https:\/\/thevintagetraveler.com\/en\/produit\/boucles-oreilles-chanel-vintage-cc-1995\/#primaryimage"},"thumbnailUrl":"https:\/\/thevintagetraveler.com\/wp-content\/uploads\/2025\/04\/20250207_182208.jpg","datePublished":"2025-04-24T14:34:03+00:00","dateModified":"2025-04-24T14:40:10+00:00","description":"Boucles d\u2019oreilles Chanel vintage de 1995, \u00e0 clips, fond noir et logo CC dor\u00e9 en plaqu\u00e9 or. Mod\u00e8le embl\u00e9matique, en tr\u00e8s bon \u00e9tat, certifi\u00e9 authentique.","breadcrumb":{"@id":"https:\/\/thevintagetraveler.com\/en\/produit\/boucles-oreilles-chanel-vintage-cc-1995\/#breadcrumb"},"inLanguage":"en-US","potentialAction":[{"@type":"ReadAction","target":["https:\/\/thevintagetraveler.com\/en\/produit\/boucles-oreilles-chanel-vintage-cc-1995\/"]}]},{"@type":"ImageObject","inLanguage":"en-US","@id":"https:\/\/thevintagetraveler.com\/en\/produit\/boucles-oreilles-chanel-vintage-cc-1995\/#primaryimage","url":"https:\/\/thevintagetraveler.com\/wp-content\/uploads\/2025\/04\/20250207_182208.jpg","contentUrl":"https:\/\/thevintagetraveler.com\/wp-content\/uploads\/2025\/04\/20250207_182208.jpg","width":1500,"height":2000,"caption":"boucles d\u2019oreilles Chanel vintage logo CC 1995"},{"@type":"BreadcrumbList","@id":"https:\/\/thevintagetraveler.com\/en\/produit\/boucles-oreilles-chanel-vintage-cc-1995\/#breadcrumb","itemListElement":[{"@type":"ListItem","position":1,"name":"Accueil","item":"https:\/\/thevintagetraveler.com\/en\/"},{"@type":"ListItem","position":2,"name":"Shop","item":"https:\/\/thevintagetraveler.com\/shop\/"},{"@type":"ListItem","position":3,"name":"Boucle d&rsquo;oreilles Chanel vintage logo 1995"}]},{"@type":"WebSite","@id":"https:\/\/thevintagetraveler.com\/en\/#website","url":"https:\/\/thevintagetraveler.com\/en\/","name":"TheVintageTraveler","description":"Luxury experts in Louis Vuitton, Chanel &amp; Herm\u00e8s","publisher":{"@id":"https:\/\/thevintagetraveler.com\/en\/#organization"},"potentialAction":[{"@type":"SearchAction","target":{"@type":"EntryPoint","urlTemplate":"https:\/\/thevintagetraveler.com\/en\/?s={search_term_string}"},"query-input":{"@type":"PropertyValueSpecification","valueRequired":true,"valueName":"search_term_string"}}],"inLanguage":"en-US"},{"@type":"Organization","@id":"https:\/\/thevintagetraveler.com\/en\/#organization","name":"TheVintageTraveler","url":"https:\/\/thevintagetraveler.com\/en\/","logo":{"@type":"ImageObject","inLanguage":"en-US","@id":"https:\/\/thevintagetraveler.com\/en\/#\/schema\/logo\/image\/","url":"https:\/\/thevintagetraveler.com\/wp-content\/uploads\/2025\/04\/LOGO-THE-VINTAGE-TRAVELER-FINAL-e1745392697678.png","contentUrl":"https:\/\/thevintagetraveler.com\/wp-content\/uploads\/2025\/04\/LOGO-THE-VINTAGE-TRAVELER-FINAL-e1745392697678.png","width":798,"height":318,"caption":"TheVintageTraveler"},"image":{"@id":"https:\/\/thevintagetraveler.com\/en\/#\/schema\/logo\/image\/"},"sameAs":["https:\/\/www.facebook.com\/TheVintageTravelerFR\/","https:\/\/www.instagram.com\/the_vintagetraveler"]}]}},"_links":{"self":[{"href":"https:\/\/thevintagetraveler.com\/en\/wp-json\/wp\/v2\/product\/4094","targetHints":{"allow":["GET"]}}],"collection":[{"href":"https:\/\/thevintagetraveler.com\/en\/wp-json\/wp\/v2\/product"}],"about":[{"href":"https:\/\/thevintagetraveler.com\/en\/wp-json\/wp\/v2\/types\/product"}],"wp:featuredmedia":[{"embeddable":true,"href":"https:\/\/thevintagetraveler.com\/en\/wp-json\/wp\/v2\/media\/4095"}],"wp:attachment":[{"href":"https:\/\/thevintagetraveler.com\/en\/wp-json\/wp\/v2\/media?parent=4094"}],"wp:term":[{"taxonomy":"product_brand","embeddable":true,"href":"https:\/\/thevintagetraveler.com\/en\/wp-json\/wp\/v2\/product_brand?post=4094"},{"taxonomy":"product_cat","embeddable":true,"href":"https:\/\/thevintagetraveler.com\/en\/wp-json\/wp\/v2\/product_cat?post=4094"},{"taxonomy":"product_tag","embeddable":true,"href":"https:\/\/thevintagetraveler.com\/en\/wp-json\/wp\/v2\/product_tag?post=4094"}],"curies":[{"name":"wp","href":"https:\/\/api.w.org\/{rel}","templated":true}]}}