{"id":4098,"date":"2025-04-24T16:41:15","date_gmt":"2025-04-24T14:41:15","guid":{"rendered":"https:\/\/thevintagetraveler.com\/?post_type=product&#038;p=4098"},"modified":"2025-04-24T16:47:35","modified_gmt":"2025-04-24T14:47:35","slug":"broche-chanel-vintage-double-cc-2000","status":"publish","type":"product","link":"https:\/\/thevintagetraveler.com\/en\/produit\/broche-chanel-vintage-double-cc-2000\/","title":{"rendered":"Broche Chanel vintage argent\u00e9 et dor\u00e9 vintage"},"content":{"rendered":"<h3 class=\"\" data-start=\"921\" data-end=\"995\">Broche Chanel Vintage \u2013 Double CC en Fils Dor\u00e9s &amp; Argent\u00e9s, Ann\u00e9e 2000<\/h3>\n<p class=\"\" data-start=\"997\" data-end=\"1276\">Cette <strong data-start=\"1003\" data-end=\"1028\">broche Chanel vintage<\/strong>, dat\u00e9e de <strong data-start=\"1039\" data-end=\"1047\">2000<\/strong>, est une <strong data-start=\"1057\" data-end=\"1088\">pi\u00e8ce raffin\u00e9e et graphique<\/strong>, embl\u00e9matique du style iconique de la maison. Compos\u00e9e de <strong data-start=\"1147\" data-end=\"1189\">fils torsad\u00e9s en m\u00e9tal dor\u00e9 et argent\u00e9<\/strong>, elle forme le c\u00e9l\u00e8bre <strong data-start=\"1213\" data-end=\"1235\">double C entrelac\u00e9<\/strong>, symbole \u00e9ternel du luxe \u00e0 la fran\u00e7aise.<\/p>\n<p class=\"\" data-start=\"1278\" data-end=\"1486\">Avec ses <strong data-start=\"1287\" data-end=\"1321\">contrastes m\u00e9talliques subtils<\/strong>, cette broche incarne un \u00e9quilibre parfait entre sophistication classique et modernit\u00e9. Une <strong data-start=\"1414\" data-end=\"1428\">pi\u00e8ce rare<\/strong>, id\u00e9ale pour enrichir une collection ou sublimer un look.<\/p>\n<hr class=\"\" data-start=\"1488\" data-end=\"1491\" \/>\n<h3 class=\"\" data-start=\"1493\" data-end=\"1537\">Le double CC : une signature universelle<\/h3>\n<p class=\"\" data-start=\"1539\" data-end=\"1871\">Invent\u00e9 par Gabrielle Chanel, le <strong data-start=\"1572\" data-end=\"1594\">double C entrelac\u00e9<\/strong> est devenu l\u2019un des logos les plus puissants et \u00e9l\u00e9gants de l\u2019histoire de la mode. Ici, il se d\u00e9cline dans une <strong data-start=\"1706\" data-end=\"1747\">interpr\u00e9tation graphique et pr\u00e9cieuse<\/strong>, \u00e0 base de <strong data-start=\"1759\" data-end=\"1788\">fils m\u00e9talliques torsad\u00e9s<\/strong> qui alternent <strong data-start=\"1803\" data-end=\"1828\">finition or et argent<\/strong>, dans un jeu de mati\u00e8re subtil et raffin\u00e9.<\/p>\n<p class=\"\" data-start=\"1873\" data-end=\"2060\">Cette broche est un mod\u00e8le de <strong data-start=\"1903\" data-end=\"1911\">2000<\/strong>, comme en atteste la <strong data-start=\"1933\" data-end=\"1960\">signature grav\u00e9e au dos<\/strong> (CHANEL\u00ae 00 A), faisant de cette cr\u00e9ation une <strong data-start=\"2007\" data-end=\"2026\">pi\u00e8ce collector<\/strong> du passage au nouveau mill\u00e9naire.<\/p>\n<hr class=\"\" data-start=\"2062\" data-end=\"2065\" \/>\n<h3 class=\"\" data-start=\"2067\" data-end=\"2098\">Caract\u00e9ristiques du produit<\/h3>\n<ul data-start=\"2100\" data-end=\"2543\">\n<li class=\"\" data-start=\"2100\" data-end=\"2123\">\n<p class=\"\" data-start=\"2102\" data-end=\"2123\"><strong data-start=\"2102\" data-end=\"2114\">Marque :<\/strong> Chanel<\/p>\n<\/li>\n<li class=\"\" data-start=\"2124\" data-end=\"2188\">\n<p class=\"\" data-start=\"2126\" data-end=\"2188\"><strong data-start=\"2126\" data-end=\"2137\">Ann\u00e9e :<\/strong> 2000 (collection Automne-Hiver, estampille 00 A)<\/p>\n<\/li>\n<li class=\"\" data-start=\"2189\" data-end=\"2224\">\n<p class=\"\" data-start=\"2191\" data-end=\"2224\"><strong data-start=\"2191\" data-end=\"2203\">Mod\u00e8le :<\/strong> Broche CC torsad\u00e9e<\/p>\n<\/li>\n<li class=\"\" data-start=\"2225\" data-end=\"2282\">\n<p class=\"\" data-start=\"2227\" data-end=\"2282\"><strong data-start=\"2227\" data-end=\"2240\">Mati\u00e8re :<\/strong> M\u00e9tal dor\u00e9 et argent\u00e9 (fils entrelac\u00e9s)<\/p>\n<\/li>\n<li class=\"\" data-start=\"2283\" data-end=\"2334\">\n<p class=\"\" data-start=\"2285\" data-end=\"2334\"><strong data-start=\"2285\" data-end=\"2300\">Fermeture :<\/strong> \u00c9pingle de s\u00e9curit\u00e9 \u00e0 l\u2019arri\u00e8re<\/p>\n<\/li>\n<li class=\"\" data-start=\"2335\" data-end=\"2405\">\n<p class=\"\" data-start=\"2337\" data-end=\"2405\"><strong data-start=\"2337\" data-end=\"2349\">Taille :<\/strong> Environ 4 \u00e0 5 cm de largeur (\u00e0 pr\u00e9ciser selon mod\u00e8le)<\/p>\n<\/li>\n<li class=\"\" data-start=\"2406\" data-end=\"2469\">\n<p class=\"\" data-start=\"2408\" data-end=\"2469\"><strong data-start=\"2408\" data-end=\"2418\">\u00c9tat :<\/strong> Tr\u00e8s bon \u2013 aucune d\u00e9formation, brillance intacte<\/p>\n<\/li>\n<li class=\"\" data-start=\"2470\" data-end=\"2543\">\n<p class=\"\" data-start=\"2472\" data-end=\"2543\"><strong data-start=\"2472\" data-end=\"2494\">Authentification :<\/strong> Certifi\u00e9e \u2013 livr\u00e9 avec certificat d\u2019authenticit\u00e9<\/p>\n<\/li>\n<\/ul>\n<hr class=\"\" data-start=\"2545\" data-end=\"2548\" \/>\n<h3 class=\"\" data-start=\"2550\" data-end=\"2597\">Une pi\u00e8ce chic, \u00e9l\u00e9gante et facile \u00e0 porter<\/h3>\n<p class=\"\" data-start=\"2599\" data-end=\"2643\">Polyvalente, cette broche Chanel peut \u00eatre :<\/p>\n<ul data-start=\"2645\" data-end=\"2882\">\n<li class=\"\" data-start=\"2645\" data-end=\"2708\">\n<p class=\"\" data-start=\"2647\" data-end=\"2708\">Fix\u00e9e sur un <strong data-start=\"2660\" data-end=\"2706\">blazer, un manteau ou une veste structur\u00e9e<\/strong><\/p>\n<\/li>\n<li class=\"\" data-start=\"2709\" data-end=\"2761\">\n<p class=\"\" data-start=\"2711\" data-end=\"2761\">Accroch\u00e9e \u00e0 un <strong data-start=\"2726\" data-end=\"2759\">col de chemise ou une \u00e9charpe<\/strong><\/p>\n<\/li>\n<li class=\"\" data-start=\"2762\" data-end=\"2814\">\n<p class=\"\" data-start=\"2764\" data-end=\"2814\">Utilis\u00e9e pour <strong data-start=\"2778\" data-end=\"2812\">sublimer une petite robe noire<\/strong><\/p>\n<\/li>\n<li class=\"\" data-start=\"2815\" data-end=\"2882\">\n<p class=\"\" data-start=\"2817\" data-end=\"2882\">Ou int\u00e9gr\u00e9e \u00e0 une <strong data-start=\"2835\" data-end=\"2882\">collection priv\u00e9e de bijoux couture vintage<\/strong><\/p>\n<\/li>\n<\/ul>\n<p class=\"\" data-start=\"2884\" data-end=\"3074\">L\u2019association du dor\u00e9 et de l\u2019argent\u00e9 permet de la marier avec n\u2019importe quel style de bijou ou de tenue. Elle se veut <strong data-start=\"3003\" data-end=\"3041\">discr\u00e8te et sophistiqu\u00e9e \u00e0 la fois<\/strong>, pour un look r\u00e9solument <a href=\"https:\/\/thevintagetraveler.com\/sac-chanel-vintage\/\">Chanel<\/a>.<\/p>\n<hr class=\"\" data-start=\"3076\" data-end=\"3079\" \/>\n<h3 class=\"\" data-start=\"3081\" data-end=\"3135\">Pourquoi investir dans une broche Chanel vintage ?<\/h3>\n<ul data-start=\"3137\" data-end=\"3431\">\n<li class=\"\" data-start=\"3137\" data-end=\"3195\">\n<p class=\"\" data-start=\"3139\" data-end=\"3195\"><strong data-start=\"3139\" data-end=\"3163\">Logo CC embl\u00e9matique<\/strong>, revisit\u00e9 dans un design rare<\/p>\n<\/li>\n<li class=\"\" data-start=\"3196\" data-end=\"3242\">\n<p class=\"\" data-start=\"3198\" data-end=\"3242\"><strong data-start=\"3198\" data-end=\"3223\">Pi\u00e8ce sign\u00e9e et dat\u00e9e<\/strong> : mill\u00e9sime 2000<\/p>\n<\/li>\n<li class=\"\" data-start=\"3243\" data-end=\"3313\">\n<p class=\"\" data-start=\"3245\" data-end=\"3313\"><strong data-start=\"3245\" data-end=\"3264\">Tr\u00e8s recherch\u00e9e<\/strong> sur le march\u00e9 de la bijouterie vintage de luxe<\/p>\n<\/li>\n<li class=\"\" data-start=\"3314\" data-end=\"3368\">\n<p class=\"\" data-start=\"3316\" data-end=\"3368\"><strong data-start=\"3316\" data-end=\"3334\">Excellent \u00e9tat<\/strong>, avec certificat d\u2019authenticit\u00e9<\/p>\n<\/li>\n<li class=\"\" data-start=\"3369\" data-end=\"3431\">\n<p class=\"\" data-start=\"3371\" data-end=\"3431\"><strong data-start=\"3371\" data-end=\"3402\">Polyvalente et intemporelle<\/strong>, \u00e0 porter ou \u00e0 collectionner<\/p>\n<\/li>\n<\/ul>\n<p class=\"\" data-start=\"3433\" data-end=\"3596\">Les broches Chanel sont aujourd\u2019hui des pi\u00e8ces tr\u00e8s pris\u00e9es, notamment celles issues des collections de l\u2019an 2000, pour leur <strong data-start=\"3558\" data-end=\"3595\">valeur esth\u00e9tique et patrimoniale<\/strong>.<\/p>\n<hr class=\"\" data-start=\"3598\" data-end=\"3601\" \/>\n<h3 class=\"\" data-start=\"3603\" data-end=\"3644\">Pourquoi choisir TheVintageTraveler ?<\/h3>\n<p class=\"\" data-start=\"3646\" data-end=\"4015\">Chez <strong data-start=\"3651\" data-end=\"3673\">TheVintageTraveler<\/strong>, chaque bijou est <strong data-start=\"3692\" data-end=\"3747\">minutieusement s\u00e9lectionn\u00e9, authentifi\u00e9 et certifi\u00e9<\/strong>. Nous garantissons l\u2019authenticit\u00e9, la qualit\u00e9 et l\u2019origine de nos pi\u00e8ces. Cette broche Chanel est livr\u00e9e avec son <strong data-start=\"3862\" data-end=\"3891\">certificat d\u2019authenticit\u00e9<\/strong> et un <strong data-start=\"3898\" data-end=\"3914\">\u00e9crin soign\u00e9<\/strong>, avec possibilit\u00e9 de <strong data-start=\"3936\" data-end=\"4014\">livraison s\u00e9curis\u00e9e ou retrait au showroom du March\u00e9 Serpette (Saint-Ouen)<\/strong>.<\/p>\n<hr class=\"\" data-start=\"4017\" data-end=\"4020\" \/>\n<h3 class=\"\" data-start=\"4022\" data-end=\"4036\">Conclusion<\/h3>\n<p class=\"\" data-start=\"4038\" data-end=\"4373\">Cette <strong data-start=\"4044\" data-end=\"4077\">broche Chanel vintage de 2000<\/strong>, en <strong data-start=\"4082\" data-end=\"4128\">fils dor\u00e9s et argent\u00e9s formant le double C<\/strong>, est une <strong data-start=\"4138\" data-end=\"4159\">pi\u00e8ce d\u2019exception<\/strong>, \u00e9l\u00e9gante, intemporelle et hautement d\u00e9sirable. Elle saura s\u00e9duire les passionn\u00e9es de la maison Chanel, les collectionneuses de bijoux couture et toutes celles en qu\u00eate d\u2019un <strong data-start=\"4334\" data-end=\"4372\">accessoire embl\u00e9matique et raffin\u00e9<\/strong>.<\/p>\n<p>Suivez &#8211; nous sur <a href=\"https:\/\/www.facebook.com\/TheVintageTravelerFR\">Facebook<\/a> et <a href=\"https:\/\/www.instagram.com\/the_vintagetraveler\/?igsh=aXdsbDJkdnpwZjcx#\">Instagram<\/a><\/p>\n","protected":false},"excerpt":{"rendered":"<p class=\"\" data-start=\"679\" data-end=\"858\">Broche Chanel vintage 2000 en fils dor\u00e9s et argent\u00e9s. Double logo CC embl\u00e9matique, en tr\u00e8s bon \u00e9tat. Pi\u00e8ce iconique, certifi\u00e9e authentique.<\/p>\n","protected":false},"featured_media":4099,"template":"","meta":[],"product_brand":[],"product_cat":[302,124,274],"product_tag":[166,287],"class_list":{"0":"post-4098","1":"product","2":"type-product","3":"status-publish","4":"has-post-thumbnail","6":"product_cat-jewelry","7":"product_cat-chanel-bijoux","8":"product_cat-news","9":"product_tag-bijouxchanel","10":"product_tag-chanel","12":"first","13":"instock","14":"sold-individually","15":"shipping-taxable","16":"purchasable","17":"product-type-simple"},"yoast_head":"<!-- This site is optimized with the Yoast SEO plugin v27.1.1 - https:\/\/yoast.com\/product\/yoast-seo-wordpress\/ -->\n<title>Broche Chanel Vintage Double CC 2000 TheVintageTraveler<\/title>\n<meta name=\"description\" content=\"Broche Chanel vintage de 2000 en fils torsad\u00e9s dor\u00e9s et argent\u00e9s. Double CC embl\u00e9matique, \u00e9l\u00e9gante et rare. En tr\u00e8s bon \u00e9tat, certifi\u00e9e authentique.\" \/>\n<meta name=\"robots\" content=\"index, follow, max-snippet:-1, max-image-preview:large, max-video-preview:-1\" \/>\n<link rel=\"canonical\" href=\"https:\/\/thevintagetraveler.com\/en\/produit\/broche-chanel-vintage-double-cc-2000\/\" \/>\n<meta property=\"og:locale\" content=\"en_US\" \/>\n<meta property=\"og:type\" content=\"article\" \/>\n<meta property=\"og:title\" content=\"Broche Chanel Vintage Double CC 2000 TheVintageTraveler\" \/>\n<meta property=\"og:description\" content=\"Broche Chanel vintage de 2000 en fils torsad\u00e9s dor\u00e9s et argent\u00e9s. Double CC embl\u00e9matique, \u00e9l\u00e9gante et rare. En tr\u00e8s bon \u00e9tat, certifi\u00e9e authentique.\" \/>\n<meta property=\"og:url\" content=\"https:\/\/thevintagetraveler.com\/en\/produit\/broche-chanel-vintage-double-cc-2000\/\" \/>\n<meta property=\"og:site_name\" content=\"TheVintageTraveler\" \/>\n<meta property=\"article:publisher\" content=\"https:\/\/www.facebook.com\/TheVintageTravelerFR\/\" \/>\n<meta property=\"article:modified_time\" content=\"2025-04-24T14:47:35+00:00\" \/>\n<meta property=\"og:image\" content=\"https:\/\/thevintagetraveler.com\/wp-content\/uploads\/2025\/04\/20250207_182102.jpg\" \/>\n\t<meta property=\"og:image:width\" content=\"1733\" \/>\n\t<meta property=\"og:image:height\" content=\"2000\" \/>\n\t<meta property=\"og:image:type\" content=\"image\/jpeg\" \/>\n<meta name=\"twitter:card\" content=\"summary_large_image\" \/>\n<meta name=\"twitter:label1\" content=\"Est. reading time\" \/>\n\t<meta name=\"twitter:data1\" content=\"3 minutes\" \/>\n<script type=\"application\/ld+json\" class=\"yoast-schema-graph\">{\"@context\":\"https:\/\/schema.org\",\"@graph\":[{\"@type\":\"WebPage\",\"@id\":\"https:\/\/thevintagetraveler.com\/en\/produit\/broche-chanel-vintage-double-cc-2000\/\",\"url\":\"https:\/\/thevintagetraveler.com\/en\/produit\/broche-chanel-vintage-double-cc-2000\/\",\"name\":\"Broche Chanel Vintage Double CC 2000 TheVintageTraveler\",\"isPartOf\":{\"@id\":\"https:\/\/thevintagetraveler.com\/en\/#website\"},\"primaryImageOfPage\":{\"@id\":\"https:\/\/thevintagetraveler.com\/en\/produit\/broche-chanel-vintage-double-cc-2000\/#primaryimage\"},\"image\":{\"@id\":\"https:\/\/thevintagetraveler.com\/en\/produit\/broche-chanel-vintage-double-cc-2000\/#primaryimage\"},\"thumbnailUrl\":\"https:\/\/thevintagetraveler.com\/wp-content\/uploads\/2025\/04\/20250207_182102.jpg\",\"datePublished\":\"2025-04-24T14:41:15+00:00\",\"dateModified\":\"2025-04-24T14:47:35+00:00\",\"description\":\"Broche Chanel vintage de 2000 en fils torsad\u00e9s dor\u00e9s et argent\u00e9s. Double CC embl\u00e9matique, \u00e9l\u00e9gante et rare. En tr\u00e8s bon \u00e9tat, certifi\u00e9e authentique.\",\"breadcrumb\":{\"@id\":\"https:\/\/thevintagetraveler.com\/en\/produit\/broche-chanel-vintage-double-cc-2000\/#breadcrumb\"},\"inLanguage\":\"en-US\",\"potentialAction\":[{\"@type\":\"ReadAction\",\"target\":[\"https:\/\/thevintagetraveler.com\/en\/produit\/broche-chanel-vintage-double-cc-2000\/\"]}]},{\"@type\":\"ImageObject\",\"inLanguage\":\"en-US\",\"@id\":\"https:\/\/thevintagetraveler.com\/en\/produit\/broche-chanel-vintage-double-cc-2000\/#primaryimage\",\"url\":\"https:\/\/thevintagetraveler.com\/wp-content\/uploads\/2025\/04\/20250207_182102.jpg\",\"contentUrl\":\"https:\/\/thevintagetraveler.com\/wp-content\/uploads\/2025\/04\/20250207_182102.jpg\",\"width\":1733,\"height\":2000,\"caption\":\"broche Chanel vintage double CC 2000\"},{\"@type\":\"BreadcrumbList\",\"@id\":\"https:\/\/thevintagetraveler.com\/en\/produit\/broche-chanel-vintage-double-cc-2000\/#breadcrumb\",\"itemListElement\":[{\"@type\":\"ListItem\",\"position\":1,\"name\":\"Accueil\",\"item\":\"https:\/\/thevintagetraveler.com\/en\/\"},{\"@type\":\"ListItem\",\"position\":2,\"name\":\"Shop\",\"item\":\"https:\/\/thevintagetraveler.com\/shop\/\"},{\"@type\":\"ListItem\",\"position\":3,\"name\":\"Broche Chanel vintage argent\u00e9 et dor\u00e9 vintage\"}]},{\"@type\":\"WebSite\",\"@id\":\"https:\/\/thevintagetraveler.com\/en\/#website\",\"url\":\"https:\/\/thevintagetraveler.com\/en\/\",\"name\":\"TheVintageTraveler\",\"description\":\"Luxury experts in Louis Vuitton, Chanel &amp; Herm\u00e8s\",\"publisher\":{\"@id\":\"https:\/\/thevintagetraveler.com\/en\/#organization\"},\"potentialAction\":[{\"@type\":\"SearchAction\",\"target\":{\"@type\":\"EntryPoint\",\"urlTemplate\":\"https:\/\/thevintagetraveler.com\/en\/?s={search_term_string}\"},\"query-input\":{\"@type\":\"PropertyValueSpecification\",\"valueRequired\":true,\"valueName\":\"search_term_string\"}}],\"inLanguage\":\"en-US\"},{\"@type\":\"Organization\",\"@id\":\"https:\/\/thevintagetraveler.com\/en\/#organization\",\"name\":\"TheVintageTraveler\",\"url\":\"https:\/\/thevintagetraveler.com\/en\/\",\"logo\":{\"@type\":\"ImageObject\",\"inLanguage\":\"en-US\",\"@id\":\"https:\/\/thevintagetraveler.com\/en\/#\/schema\/logo\/image\/\",\"url\":\"https:\/\/thevintagetraveler.com\/wp-content\/uploads\/2025\/04\/LOGO-THE-VINTAGE-TRAVELER-FINAL-e1745392697678.png\",\"contentUrl\":\"https:\/\/thevintagetraveler.com\/wp-content\/uploads\/2025\/04\/LOGO-THE-VINTAGE-TRAVELER-FINAL-e1745392697678.png\",\"width\":798,\"height\":318,\"caption\":\"TheVintageTraveler\"},\"image\":{\"@id\":\"https:\/\/thevintagetraveler.com\/en\/#\/schema\/logo\/image\/\"},\"sameAs\":[\"https:\/\/www.facebook.com\/TheVintageTravelerFR\/\",\"https:\/\/www.instagram.com\/the_vintagetraveler\"]}]}<\/script>\n<!-- \/ Yoast SEO plugin. -->","yoast_head_json":{"title":"Broche Chanel Vintage Double CC 2000 TheVintageTraveler","description":"Broche Chanel vintage de 2000 en fils torsad\u00e9s dor\u00e9s et argent\u00e9s. Double CC embl\u00e9matique, \u00e9l\u00e9gante et rare. En tr\u00e8s bon \u00e9tat, certifi\u00e9e authentique.","robots":{"index":"index","follow":"follow","max-snippet":"max-snippet:-1","max-image-preview":"max-image-preview:large","max-video-preview":"max-video-preview:-1"},"canonical":"https:\/\/thevintagetraveler.com\/en\/produit\/broche-chanel-vintage-double-cc-2000\/","og_locale":"en_US","og_type":"article","og_title":"Broche Chanel Vintage Double CC 2000 TheVintageTraveler","og_description":"Broche Chanel vintage de 2000 en fils torsad\u00e9s dor\u00e9s et argent\u00e9s. Double CC embl\u00e9matique, \u00e9l\u00e9gante et rare. En tr\u00e8s bon \u00e9tat, certifi\u00e9e authentique.","og_url":"https:\/\/thevintagetraveler.com\/en\/produit\/broche-chanel-vintage-double-cc-2000\/","og_site_name":"TheVintageTraveler","article_publisher":"https:\/\/www.facebook.com\/TheVintageTravelerFR\/","article_modified_time":"2025-04-24T14:47:35+00:00","og_image":[{"width":1733,"height":2000,"url":"https:\/\/thevintagetraveler.com\/wp-content\/uploads\/2025\/04\/20250207_182102.jpg","type":"image\/jpeg"}],"twitter_card":"summary_large_image","twitter_misc":{"Est. reading time":"3 minutes"},"schema":{"@context":"https:\/\/schema.org","@graph":[{"@type":"WebPage","@id":"https:\/\/thevintagetraveler.com\/en\/produit\/broche-chanel-vintage-double-cc-2000\/","url":"https:\/\/thevintagetraveler.com\/en\/produit\/broche-chanel-vintage-double-cc-2000\/","name":"Broche Chanel Vintage Double CC 2000 TheVintageTraveler","isPartOf":{"@id":"https:\/\/thevintagetraveler.com\/en\/#website"},"primaryImageOfPage":{"@id":"https:\/\/thevintagetraveler.com\/en\/produit\/broche-chanel-vintage-double-cc-2000\/#primaryimage"},"image":{"@id":"https:\/\/thevintagetraveler.com\/en\/produit\/broche-chanel-vintage-double-cc-2000\/#primaryimage"},"thumbnailUrl":"https:\/\/thevintagetraveler.com\/wp-content\/uploads\/2025\/04\/20250207_182102.jpg","datePublished":"2025-04-24T14:41:15+00:00","dateModified":"2025-04-24T14:47:35+00:00","description":"Broche Chanel vintage de 2000 en fils torsad\u00e9s dor\u00e9s et argent\u00e9s. Double CC embl\u00e9matique, \u00e9l\u00e9gante et rare. En tr\u00e8s bon \u00e9tat, certifi\u00e9e authentique.","breadcrumb":{"@id":"https:\/\/thevintagetraveler.com\/en\/produit\/broche-chanel-vintage-double-cc-2000\/#breadcrumb"},"inLanguage":"en-US","potentialAction":[{"@type":"ReadAction","target":["https:\/\/thevintagetraveler.com\/en\/produit\/broche-chanel-vintage-double-cc-2000\/"]}]},{"@type":"ImageObject","inLanguage":"en-US","@id":"https:\/\/thevintagetraveler.com\/en\/produit\/broche-chanel-vintage-double-cc-2000\/#primaryimage","url":"https:\/\/thevintagetraveler.com\/wp-content\/uploads\/2025\/04\/20250207_182102.jpg","contentUrl":"https:\/\/thevintagetraveler.com\/wp-content\/uploads\/2025\/04\/20250207_182102.jpg","width":1733,"height":2000,"caption":"broche Chanel vintage double CC 2000"},{"@type":"BreadcrumbList","@id":"https:\/\/thevintagetraveler.com\/en\/produit\/broche-chanel-vintage-double-cc-2000\/#breadcrumb","itemListElement":[{"@type":"ListItem","position":1,"name":"Accueil","item":"https:\/\/thevintagetraveler.com\/en\/"},{"@type":"ListItem","position":2,"name":"Shop","item":"https:\/\/thevintagetraveler.com\/shop\/"},{"@type":"ListItem","position":3,"name":"Broche Chanel vintage argent\u00e9 et dor\u00e9 vintage"}]},{"@type":"WebSite","@id":"https:\/\/thevintagetraveler.com\/en\/#website","url":"https:\/\/thevintagetraveler.com\/en\/","name":"TheVintageTraveler","description":"Luxury experts in Louis Vuitton, Chanel &amp; Herm\u00e8s","publisher":{"@id":"https:\/\/thevintagetraveler.com\/en\/#organization"},"potentialAction":[{"@type":"SearchAction","target":{"@type":"EntryPoint","urlTemplate":"https:\/\/thevintagetraveler.com\/en\/?s={search_term_string}"},"query-input":{"@type":"PropertyValueSpecification","valueRequired":true,"valueName":"search_term_string"}}],"inLanguage":"en-US"},{"@type":"Organization","@id":"https:\/\/thevintagetraveler.com\/en\/#organization","name":"TheVintageTraveler","url":"https:\/\/thevintagetraveler.com\/en\/","logo":{"@type":"ImageObject","inLanguage":"en-US","@id":"https:\/\/thevintagetraveler.com\/en\/#\/schema\/logo\/image\/","url":"https:\/\/thevintagetraveler.com\/wp-content\/uploads\/2025\/04\/LOGO-THE-VINTAGE-TRAVELER-FINAL-e1745392697678.png","contentUrl":"https:\/\/thevintagetraveler.com\/wp-content\/uploads\/2025\/04\/LOGO-THE-VINTAGE-TRAVELER-FINAL-e1745392697678.png","width":798,"height":318,"caption":"TheVintageTraveler"},"image":{"@id":"https:\/\/thevintagetraveler.com\/en\/#\/schema\/logo\/image\/"},"sameAs":["https:\/\/www.facebook.com\/TheVintageTravelerFR\/","https:\/\/www.instagram.com\/the_vintagetraveler"]}]}},"_links":{"self":[{"href":"https:\/\/thevintagetraveler.com\/en\/wp-json\/wp\/v2\/product\/4098","targetHints":{"allow":["GET"]}}],"collection":[{"href":"https:\/\/thevintagetraveler.com\/en\/wp-json\/wp\/v2\/product"}],"about":[{"href":"https:\/\/thevintagetraveler.com\/en\/wp-json\/wp\/v2\/types\/product"}],"wp:featuredmedia":[{"embeddable":true,"href":"https:\/\/thevintagetraveler.com\/en\/wp-json\/wp\/v2\/media\/4099"}],"wp:attachment":[{"href":"https:\/\/thevintagetraveler.com\/en\/wp-json\/wp\/v2\/media?parent=4098"}],"wp:term":[{"taxonomy":"product_brand","embeddable":true,"href":"https:\/\/thevintagetraveler.com\/en\/wp-json\/wp\/v2\/product_brand?post=4098"},{"taxonomy":"product_cat","embeddable":true,"href":"https:\/\/thevintagetraveler.com\/en\/wp-json\/wp\/v2\/product_cat?post=4098"},{"taxonomy":"product_tag","embeddable":true,"href":"https:\/\/thevintagetraveler.com\/en\/wp-json\/wp\/v2\/product_tag?post=4098"}],"curies":[{"name":"wp","href":"https:\/\/api.w.org\/{rel}","templated":true}]}}