{"id":4107,"date":"2024-04-24T17:14:00","date_gmt":"2024-04-24T15:14:00","guid":{"rendered":"https:\/\/thevintagetraveler.com\/?post_type=product&#038;p=4107"},"modified":"2025-09-16T15:16:26","modified_gmt":"2025-09-16T13:16:26","slug":"broche-chanel-croix-byzantine-gripoix-2003","status":"publish","type":"product","link":"https:\/\/thevintagetraveler.com\/en\/produit\/broche-chanel-croix-byzantine-gripoix-2003\/","title":{"rendered":"Broche Chanel croix byzantine Gripoix"},"content":{"rendered":"<h3 class=\"\" data-start=\"1008\" data-end=\"1076\">Broche Chanel \u2013 Croix Byzantine avec Perle &amp; Gripoix, Ann\u00e9e 2003<\/h3>\n<p class=\"\" data-start=\"1078\" data-end=\"1515\">Cette <strong data-start=\"1084\" data-end=\"1129\">broche Chanel en forme de croix byzantine<\/strong>, dat\u00e9e de <strong data-start=\"1140\" data-end=\"1148\">2003<\/strong>, est une pi\u00e8ce joailli\u00e8re embl\u00e9matique de la maison. Inspir\u00e9e des cr\u00e9ations couture des ann\u00e9es 80-90, elle m\u00eale avec brio <strong data-start=\"1271\" data-end=\"1344\">\u00e9l\u00e9ments baroques, influences sacr\u00e9es et savoir-faire haute fantaisie<\/strong>. En son centre, une <strong data-start=\"1365\" data-end=\"1391\">fausse perle lumineuse<\/strong>. Aux extr\u00e9mit\u00e9s, des <strong data-start=\"1413\" data-end=\"1448\">cabochons color\u00e9s fa\u00e7on Gripoix<\/strong>, dans des teintes \u00e9clatantes qui rappellent les vitraux byzantins.<\/p>\n<p class=\"\" data-start=\"1517\" data-end=\"1622\">En <strong data-start=\"1520\" data-end=\"1538\">excellent \u00e9tat<\/strong>, ce bijou est une <strong data-start=\"1557\" data-end=\"1590\">pi\u00e8ce rare et collectionnable<\/strong>, \u00e9l\u00e9gamment estampill\u00e9e Chanel.<\/p>\n<hr class=\"\" data-start=\"1624\" data-end=\"1627\" \/>\n<h3 class=\"\" data-start=\"1629\" data-end=\"1681\">Un hommage au style byzantin de Gabrielle Chanel<\/h3>\n<p class=\"\" data-start=\"1683\" data-end=\"2055\">Les <strong data-start=\"1687\" data-end=\"1707\">croix byzantines<\/strong> sont indissociables de l\u2019univers de Gabrielle Chanel, qui en poss\u00e9dait plusieurs, et de Karl Lagerfeld, qui les remit en lumi\u00e8re dans ses d\u00e9fil\u00e9s Haute Couture. Ce mod\u00e8le de 2003 s\u2019inscrit dans cette tradition, avec un design structur\u00e9, <strong data-start=\"1945\" data-end=\"1967\">m\u00e9tal dor\u00e9 martel\u00e9<\/strong>, <strong data-start=\"1969\" data-end=\"2021\">cabochons en p\u00e2te de verre color\u00e9e fa\u00e7on Gripoix<\/strong> et une <strong data-start=\"2029\" data-end=\"2054\">perle centrale nacr\u00e9e<\/strong>.<\/p>\n<p class=\"\" data-start=\"2057\" data-end=\"2170\">C\u2019est une pi\u00e8ce puissante et expressive, qui incarne parfaitement le <strong data-start=\"2126\" data-end=\"2156\">luxe baroque et intemporel<\/strong> de la maison.<\/p>\n<hr class=\"\" data-start=\"2172\" data-end=\"2175\" \/>\n<h3 class=\"\" data-start=\"2177\" data-end=\"2208\">Caract\u00e9ristiques du produit<\/h3>\n<ul data-start=\"2210\" data-end=\"2696\">\n<li class=\"\" data-start=\"2210\" data-end=\"2233\">\n<p class=\"\" data-start=\"2212\" data-end=\"2233\"><strong data-start=\"2212\" data-end=\"2224\">Marque :<\/strong> Chanel<\/p>\n<\/li>\n<li class=\"\" data-start=\"2234\" data-end=\"2287\">\n<p class=\"\" data-start=\"2236\" data-end=\"2287\"><strong data-start=\"2236\" data-end=\"2247\">Ann\u00e9e :<\/strong> 2003 (estampille CHANEL\u00ae 03 A au dos)<\/p>\n<\/li>\n<li class=\"\" data-start=\"2288\" data-end=\"2324\">\n<p class=\"\" data-start=\"2290\" data-end=\"2324\"><strong data-start=\"2290\" data-end=\"2303\">Mati\u00e8re :<\/strong> M\u00e9tal dor\u00e9 martel\u00e9<\/p>\n<\/li>\n<li class=\"\" data-start=\"2325\" data-end=\"2412\">\n<p class=\"\" data-start=\"2327\" data-end=\"2412\"><strong data-start=\"2327\" data-end=\"2342\">Ornements :<\/strong> Perle centrale (fantaisie) + cabochons style Gripoix (verre color\u00e9)<\/p>\n<\/li>\n<li class=\"\" data-start=\"2413\" data-end=\"2444\">\n<p class=\"\" data-start=\"2415\" data-end=\"2444\"><strong data-start=\"2415\" data-end=\"2426\">Forme :<\/strong> Croix byzantine<\/p>\n<\/li>\n<li class=\"\" data-start=\"2445\" data-end=\"2491\">\n<p class=\"\" data-start=\"2447\" data-end=\"2491\"><strong data-start=\"2447\" data-end=\"2462\">Fermeture :<\/strong> Broche \u00e0 \u00e9pingle s\u00e9curis\u00e9e<\/p>\n<\/li>\n<li class=\"\" data-start=\"2492\" data-end=\"2559\">\n<p class=\"\" data-start=\"2494\" data-end=\"2559\"><strong data-start=\"2494\" data-end=\"2510\">Dimensions :<\/strong> Environ 5 cm x 5 cm (\u00e0 confirmer selon mod\u00e8le)<\/p>\n<\/li>\n<li class=\"\" data-start=\"2560\" data-end=\"2621\">\n<p class=\"\" data-start=\"2562\" data-end=\"2621\"><strong data-start=\"2562\" data-end=\"2572\">\u00c9tat :<\/strong> Excellent \u2013 dorure brillante, pierres intactes<\/p>\n<\/li>\n<li class=\"\" data-start=\"2622\" data-end=\"2696\">\n<p class=\"\" data-start=\"2624\" data-end=\"2696\"><strong data-start=\"2624\" data-end=\"2646\">Authentification :<\/strong> Certifi\u00e9e \u2013 livr\u00e9e avec certificat d\u2019authenticit\u00e9<\/p>\n<\/li>\n<\/ul>\n<hr class=\"\" data-start=\"2698\" data-end=\"2701\" \/>\n<h3 class=\"\" data-start=\"2703\" data-end=\"2741\">Une pi\u00e8ce couture au style affirm\u00e9<\/h3>\n<p class=\"\" data-start=\"2743\" data-end=\"2792\">Cette broche peut se porter de multiples fa\u00e7ons :<\/p>\n<ul data-start=\"2794\" data-end=\"3035\">\n<li class=\"\" data-start=\"2794\" data-end=\"2864\">\n<p class=\"\" data-start=\"2796\" data-end=\"2864\">Sur un <strong data-start=\"2803\" data-end=\"2862\">blazer noir, une veste en tweed ou un manteau structur\u00e9<\/strong><\/p>\n<\/li>\n<li class=\"\" data-start=\"2865\" data-end=\"2926\">\n<p class=\"\" data-start=\"2867\" data-end=\"2926\">En <strong data-start=\"2870\" data-end=\"2886\">bijou de col<\/strong> sur une chemise blanche ou un foulard<\/p>\n<\/li>\n<li class=\"\" data-start=\"2927\" data-end=\"2977\">\n<p class=\"\" data-start=\"2929\" data-end=\"2977\">Accroch\u00e9e \u00e0 un <strong data-start=\"2944\" data-end=\"2975\">sac vintage ou une ceinture<\/strong><\/p>\n<\/li>\n<li class=\"\" data-start=\"2978\" data-end=\"3035\">\n<p class=\"\" data-start=\"2980\" data-end=\"3035\">Ou expos\u00e9e comme <strong data-start=\"2997\" data-end=\"3035\">pi\u00e8ce de collection Chanel couture<\/strong><\/p>\n<\/li>\n<\/ul>\n<p class=\"\" data-start=\"3037\" data-end=\"3200\">Gr\u00e2ce \u00e0 ses couleurs riches (rouge rubis, vert \u00e9meraude, bleu saphir selon le mod\u00e8le), elle rehausse instantan\u00e9ment une tenue et capte la lumi\u00e8re avec raffinement.<\/p>\n<hr class=\"\" data-start=\"3202\" data-end=\"3205\" \/>\n<h3 class=\"\" data-start=\"3207\" data-end=\"3261\">Pourquoi investir dans une broche Chanel vintage ?<\/h3>\n<ul data-start=\"3263\" data-end=\"3564\">\n<li class=\"\" data-start=\"3263\" data-end=\"3315\">\n<p class=\"\" data-start=\"3265\" data-end=\"3315\"><strong data-start=\"3265\" data-end=\"3303\">Motif croix byzantine embl\u00e9matique<\/strong> de <a href=\"https:\/\/thevintagetraveler.com\/sac-chanel-vintage\/\">Chanel<\/a><\/p>\n<\/li>\n<li class=\"\" data-start=\"3316\" data-end=\"3364\">\n<p class=\"\" data-start=\"3318\" data-end=\"3364\"><strong data-start=\"3318\" data-end=\"3345\">Ornements fa\u00e7on Gripoix<\/strong>, tr\u00e8s recherch\u00e9s<\/p>\n<\/li>\n<li class=\"\" data-start=\"3365\" data-end=\"3424\">\n<p class=\"\" data-start=\"3367\" data-end=\"3424\"><strong data-start=\"3367\" data-end=\"3396\">Mod\u00e8le sign\u00e9 et dat\u00e9 2003<\/strong>, avec estampille d\u2019\u00e9poque<\/p>\n<\/li>\n<li class=\"\" data-start=\"3425\" data-end=\"3474\">\n<p class=\"\" data-start=\"3427\" data-end=\"3474\"><strong data-start=\"3427\" data-end=\"3444\">Tr\u00e8s bon \u00e9tat<\/strong>, rare pour ce type de pi\u00e8ce<\/p>\n<\/li>\n<li class=\"\" data-start=\"3475\" data-end=\"3564\">\n<p class=\"\" data-start=\"3477\" data-end=\"3564\">Parfait pour <strong data-start=\"3490\" data-end=\"3528\">collectionneuses de bijoux couture<\/strong> ou amatrices de vintage d\u2019exception<\/p>\n<\/li>\n<\/ul>\n<hr class=\"\" data-start=\"3566\" data-end=\"3569\" \/>\n<h3 class=\"\" data-start=\"3571\" data-end=\"3612\">Pourquoi choisir TheVintageTraveler ?<\/h3>\n<p class=\"\" data-start=\"3614\" data-end=\"3938\">Chez <strong data-start=\"3619\" data-end=\"3641\">TheVintageTraveler<\/strong>, chaque bijou est s\u00e9lectionn\u00e9 pour son <strong data-start=\"3681\" data-end=\"3742\">originalit\u00e9, son authenticit\u00e9 et son \u00e9tat de conservation<\/strong>. Cette broche Chanel est livr\u00e9e avec un <strong data-start=\"3783\" data-end=\"3812\">certificat d\u2019authenticit\u00e9<\/strong>, dans un emballage s\u00e9curis\u00e9. Retrait possible dans notre <strong data-start=\"3870\" data-end=\"3914\">showroom au March\u00e9 Serpette (Saint-Ouen)<\/strong> ou envoi soign\u00e9 assur\u00e9.<\/p>\n<hr class=\"\" data-start=\"3940\" data-end=\"3943\" \/>\n<h3 class=\"\" data-start=\"3945\" data-end=\"3959\">Conclusion<\/h3>\n<p class=\"\" data-start=\"3961\" data-end=\"4368\">Cette <strong data-start=\"3967\" data-end=\"4000\">broche Chanel vintage de 2003<\/strong> en forme de <strong data-start=\"4013\" data-end=\"4032\">croix byzantine<\/strong>, avec <strong data-start=\"4039\" data-end=\"4084\">perle centrale et cabochons style Gripoix<\/strong>, est une <strong data-start=\"4094\" data-end=\"4141\">pi\u00e8ce de caract\u00e8re et de raffinement absolu<\/strong>. Elle incarne \u00e0 la fois l\u2019esprit baroque de Chanel et la noblesse de l\u2019artisanat couture. En excellent \u00e9tat, c\u2019est une <strong data-start=\"4261\" data-end=\"4285\">\u0153uvre d\u2019art portable<\/strong>, parfaite pour sublimer vos tenues ou enrichir une collection de bijoux iconiques.<\/p>\n<p>Suivez &#8211; nous sur <a href=\"https:\/\/www.facebook.com\/TheVintageTravelerFR\">Facebook<\/a> et <a href=\"https:\/\/www.instagram.com\/the_vintagetraveler\/?igsh=aXdsbDJkdnpwZjcx#\">Instagram<\/a><\/p>\n","protected":false},"excerpt":{"rendered":"<p class=\"\" data-start=\"758\" data-end=\"945\">Broche Chanel croix byzantine 2003 avec perle centrale et cabochons color\u00e9s style Gripoix. Mod\u00e8le rare, en excellent \u00e9tat. Bijou iconique certifi\u00e9.<\/p>\n","protected":false},"featured_media":4104,"template":"","meta":[],"product_brand":[],"product_cat":[302,124,274],"product_tag":[166,287],"class_list":{"0":"post-4107","1":"product","2":"type-product","3":"status-publish","4":"has-post-thumbnail","6":"product_cat-jewelry","7":"product_cat-chanel-bijoux","8":"product_cat-news","9":"product_tag-bijouxchanel","10":"product_tag-chanel","12":"first","13":"outofstock","14":"sold-individually","15":"shipping-taxable","16":"purchasable","17":"product-type-simple"},"yoast_head":"<!-- This site is optimized with the Yoast SEO plugin v27.1.1 - https:\/\/yoast.com\/product\/yoast-seo-wordpress\/ -->\n<title>Broche Chanel Croix Byzantine Gripoix 2003 | TheVintageTraveler<\/title>\n<meta name=\"description\" content=\"Broche Chanel croix byzantine de 2003 avec perle centrale et cabochons color\u00e9s style Gripoix. En excellent \u00e9tat, rare et certifi\u00e9e authentique.\" \/>\n<meta name=\"robots\" content=\"index, follow, max-snippet:-1, max-image-preview:large, max-video-preview:-1\" \/>\n<link rel=\"canonical\" href=\"https:\/\/thevintagetraveler.com\/en\/produit\/broche-chanel-croix-byzantine-gripoix-2003\/\" \/>\n<meta property=\"og:locale\" content=\"en_US\" \/>\n<meta property=\"og:type\" content=\"article\" \/>\n<meta property=\"og:title\" content=\"Broche Chanel Croix Byzantine Gripoix 2003 | TheVintageTraveler\" \/>\n<meta property=\"og:description\" content=\"Broche Chanel croix byzantine de 2003 avec perle centrale et cabochons color\u00e9s style Gripoix. En excellent \u00e9tat, rare et certifi\u00e9e authentique.\" \/>\n<meta property=\"og:url\" content=\"https:\/\/thevintagetraveler.com\/en\/produit\/broche-chanel-croix-byzantine-gripoix-2003\/\" \/>\n<meta property=\"og:site_name\" content=\"TheVintageTraveler\" \/>\n<meta property=\"article:publisher\" content=\"https:\/\/www.facebook.com\/TheVintageTravelerFR\/\" \/>\n<meta property=\"article:modified_time\" content=\"2025-09-16T13:16:26+00:00\" \/>\n<meta property=\"og:image\" content=\"https:\/\/thevintagetraveler.com\/wp-content\/uploads\/2025\/04\/20250207_181850.jpg\" \/>\n\t<meta property=\"og:image:width\" content=\"1500\" \/>\n\t<meta property=\"og:image:height\" content=\"2000\" \/>\n\t<meta property=\"og:image:type\" content=\"image\/jpeg\" \/>\n<meta name=\"twitter:card\" content=\"summary_large_image\" \/>\n<meta name=\"twitter:label1\" content=\"Est. reading time\" \/>\n\t<meta name=\"twitter:data1\" content=\"3 minutes\" \/>\n<script type=\"application\/ld+json\" class=\"yoast-schema-graph\">{\"@context\":\"https:\/\/schema.org\",\"@graph\":[{\"@type\":\"WebPage\",\"@id\":\"https:\/\/thevintagetraveler.com\/en\/produit\/broche-chanel-croix-byzantine-gripoix-2003\/\",\"url\":\"https:\/\/thevintagetraveler.com\/en\/produit\/broche-chanel-croix-byzantine-gripoix-2003\/\",\"name\":\"Broche Chanel Croix Byzantine Gripoix 2003 | TheVintageTraveler\",\"isPartOf\":{\"@id\":\"https:\/\/thevintagetraveler.com\/en\/#website\"},\"primaryImageOfPage\":{\"@id\":\"https:\/\/thevintagetraveler.com\/en\/produit\/broche-chanel-croix-byzantine-gripoix-2003\/#primaryimage\"},\"image\":{\"@id\":\"https:\/\/thevintagetraveler.com\/en\/produit\/broche-chanel-croix-byzantine-gripoix-2003\/#primaryimage\"},\"thumbnailUrl\":\"https:\/\/thevintagetraveler.com\/wp-content\/uploads\/2025\/04\/20250207_181850.jpg\",\"datePublished\":\"2024-04-24T15:14:00+00:00\",\"dateModified\":\"2025-09-16T13:16:26+00:00\",\"description\":\"Broche Chanel croix byzantine de 2003 avec perle centrale et cabochons color\u00e9s style Gripoix. En excellent \u00e9tat, rare et certifi\u00e9e authentique.\",\"breadcrumb\":{\"@id\":\"https:\/\/thevintagetraveler.com\/en\/produit\/broche-chanel-croix-byzantine-gripoix-2003\/#breadcrumb\"},\"inLanguage\":\"en-US\",\"potentialAction\":[{\"@type\":\"ReadAction\",\"target\":[\"https:\/\/thevintagetraveler.com\/en\/produit\/broche-chanel-croix-byzantine-gripoix-2003\/\"]}]},{\"@type\":\"ImageObject\",\"inLanguage\":\"en-US\",\"@id\":\"https:\/\/thevintagetraveler.com\/en\/produit\/broche-chanel-croix-byzantine-gripoix-2003\/#primaryimage\",\"url\":\"https:\/\/thevintagetraveler.com\/wp-content\/uploads\/2025\/04\/20250207_181850.jpg\",\"contentUrl\":\"https:\/\/thevintagetraveler.com\/wp-content\/uploads\/2025\/04\/20250207_181850.jpg\",\"width\":1500,\"height\":2000,\"caption\":\"broche Chanel croix byzantine Gripoix 2003\"},{\"@type\":\"BreadcrumbList\",\"@id\":\"https:\/\/thevintagetraveler.com\/en\/produit\/broche-chanel-croix-byzantine-gripoix-2003\/#breadcrumb\",\"itemListElement\":[{\"@type\":\"ListItem\",\"position\":1,\"name\":\"Accueil\",\"item\":\"https:\/\/thevintagetraveler.com\/en\/\"},{\"@type\":\"ListItem\",\"position\":2,\"name\":\"Shop\",\"item\":\"https:\/\/thevintagetraveler.com\/shop\/\"},{\"@type\":\"ListItem\",\"position\":3,\"name\":\"Broche Chanel croix byzantine Gripoix\"}]},{\"@type\":\"WebSite\",\"@id\":\"https:\/\/thevintagetraveler.com\/en\/#website\",\"url\":\"https:\/\/thevintagetraveler.com\/en\/\",\"name\":\"TheVintageTraveler\",\"description\":\"Luxury experts in Louis Vuitton, Chanel &amp; Herm\u00e8s\",\"publisher\":{\"@id\":\"https:\/\/thevintagetraveler.com\/en\/#organization\"},\"potentialAction\":[{\"@type\":\"SearchAction\",\"target\":{\"@type\":\"EntryPoint\",\"urlTemplate\":\"https:\/\/thevintagetraveler.com\/en\/?s={search_term_string}\"},\"query-input\":{\"@type\":\"PropertyValueSpecification\",\"valueRequired\":true,\"valueName\":\"search_term_string\"}}],\"inLanguage\":\"en-US\"},{\"@type\":\"Organization\",\"@id\":\"https:\/\/thevintagetraveler.com\/en\/#organization\",\"name\":\"TheVintageTraveler\",\"url\":\"https:\/\/thevintagetraveler.com\/en\/\",\"logo\":{\"@type\":\"ImageObject\",\"inLanguage\":\"en-US\",\"@id\":\"https:\/\/thevintagetraveler.com\/en\/#\/schema\/logo\/image\/\",\"url\":\"https:\/\/thevintagetraveler.com\/wp-content\/uploads\/2025\/04\/LOGO-THE-VINTAGE-TRAVELER-FINAL-e1745392697678.png\",\"contentUrl\":\"https:\/\/thevintagetraveler.com\/wp-content\/uploads\/2025\/04\/LOGO-THE-VINTAGE-TRAVELER-FINAL-e1745392697678.png\",\"width\":798,\"height\":318,\"caption\":\"TheVintageTraveler\"},\"image\":{\"@id\":\"https:\/\/thevintagetraveler.com\/en\/#\/schema\/logo\/image\/\"},\"sameAs\":[\"https:\/\/www.facebook.com\/TheVintageTravelerFR\/\",\"https:\/\/www.instagram.com\/the_vintagetraveler\"]}]}<\/script>\n<!-- \/ Yoast SEO plugin. -->","yoast_head_json":{"title":"Broche Chanel Croix Byzantine Gripoix 2003 | TheVintageTraveler","description":"Broche Chanel croix byzantine de 2003 avec perle centrale et cabochons color\u00e9s style Gripoix. En excellent \u00e9tat, rare et certifi\u00e9e authentique.","robots":{"index":"index","follow":"follow","max-snippet":"max-snippet:-1","max-image-preview":"max-image-preview:large","max-video-preview":"max-video-preview:-1"},"canonical":"https:\/\/thevintagetraveler.com\/en\/produit\/broche-chanel-croix-byzantine-gripoix-2003\/","og_locale":"en_US","og_type":"article","og_title":"Broche Chanel Croix Byzantine Gripoix 2003 | TheVintageTraveler","og_description":"Broche Chanel croix byzantine de 2003 avec perle centrale et cabochons color\u00e9s style Gripoix. En excellent \u00e9tat, rare et certifi\u00e9e authentique.","og_url":"https:\/\/thevintagetraveler.com\/en\/produit\/broche-chanel-croix-byzantine-gripoix-2003\/","og_site_name":"TheVintageTraveler","article_publisher":"https:\/\/www.facebook.com\/TheVintageTravelerFR\/","article_modified_time":"2025-09-16T13:16:26+00:00","og_image":[{"width":1500,"height":2000,"url":"https:\/\/thevintagetraveler.com\/wp-content\/uploads\/2025\/04\/20250207_181850.jpg","type":"image\/jpeg"}],"twitter_card":"summary_large_image","twitter_misc":{"Est. reading time":"3 minutes"},"schema":{"@context":"https:\/\/schema.org","@graph":[{"@type":"WebPage","@id":"https:\/\/thevintagetraveler.com\/en\/produit\/broche-chanel-croix-byzantine-gripoix-2003\/","url":"https:\/\/thevintagetraveler.com\/en\/produit\/broche-chanel-croix-byzantine-gripoix-2003\/","name":"Broche Chanel Croix Byzantine Gripoix 2003 | TheVintageTraveler","isPartOf":{"@id":"https:\/\/thevintagetraveler.com\/en\/#website"},"primaryImageOfPage":{"@id":"https:\/\/thevintagetraveler.com\/en\/produit\/broche-chanel-croix-byzantine-gripoix-2003\/#primaryimage"},"image":{"@id":"https:\/\/thevintagetraveler.com\/en\/produit\/broche-chanel-croix-byzantine-gripoix-2003\/#primaryimage"},"thumbnailUrl":"https:\/\/thevintagetraveler.com\/wp-content\/uploads\/2025\/04\/20250207_181850.jpg","datePublished":"2024-04-24T15:14:00+00:00","dateModified":"2025-09-16T13:16:26+00:00","description":"Broche Chanel croix byzantine de 2003 avec perle centrale et cabochons color\u00e9s style Gripoix. En excellent \u00e9tat, rare et certifi\u00e9e authentique.","breadcrumb":{"@id":"https:\/\/thevintagetraveler.com\/en\/produit\/broche-chanel-croix-byzantine-gripoix-2003\/#breadcrumb"},"inLanguage":"en-US","potentialAction":[{"@type":"ReadAction","target":["https:\/\/thevintagetraveler.com\/en\/produit\/broche-chanel-croix-byzantine-gripoix-2003\/"]}]},{"@type":"ImageObject","inLanguage":"en-US","@id":"https:\/\/thevintagetraveler.com\/en\/produit\/broche-chanel-croix-byzantine-gripoix-2003\/#primaryimage","url":"https:\/\/thevintagetraveler.com\/wp-content\/uploads\/2025\/04\/20250207_181850.jpg","contentUrl":"https:\/\/thevintagetraveler.com\/wp-content\/uploads\/2025\/04\/20250207_181850.jpg","width":1500,"height":2000,"caption":"broche Chanel croix byzantine Gripoix 2003"},{"@type":"BreadcrumbList","@id":"https:\/\/thevintagetraveler.com\/en\/produit\/broche-chanel-croix-byzantine-gripoix-2003\/#breadcrumb","itemListElement":[{"@type":"ListItem","position":1,"name":"Accueil","item":"https:\/\/thevintagetraveler.com\/en\/"},{"@type":"ListItem","position":2,"name":"Shop","item":"https:\/\/thevintagetraveler.com\/shop\/"},{"@type":"ListItem","position":3,"name":"Broche Chanel croix byzantine Gripoix"}]},{"@type":"WebSite","@id":"https:\/\/thevintagetraveler.com\/en\/#website","url":"https:\/\/thevintagetraveler.com\/en\/","name":"TheVintageTraveler","description":"Luxury experts in Louis Vuitton, Chanel &amp; Herm\u00e8s","publisher":{"@id":"https:\/\/thevintagetraveler.com\/en\/#organization"},"potentialAction":[{"@type":"SearchAction","target":{"@type":"EntryPoint","urlTemplate":"https:\/\/thevintagetraveler.com\/en\/?s={search_term_string}"},"query-input":{"@type":"PropertyValueSpecification","valueRequired":true,"valueName":"search_term_string"}}],"inLanguage":"en-US"},{"@type":"Organization","@id":"https:\/\/thevintagetraveler.com\/en\/#organization","name":"TheVintageTraveler","url":"https:\/\/thevintagetraveler.com\/en\/","logo":{"@type":"ImageObject","inLanguage":"en-US","@id":"https:\/\/thevintagetraveler.com\/en\/#\/schema\/logo\/image\/","url":"https:\/\/thevintagetraveler.com\/wp-content\/uploads\/2025\/04\/LOGO-THE-VINTAGE-TRAVELER-FINAL-e1745392697678.png","contentUrl":"https:\/\/thevintagetraveler.com\/wp-content\/uploads\/2025\/04\/LOGO-THE-VINTAGE-TRAVELER-FINAL-e1745392697678.png","width":798,"height":318,"caption":"TheVintageTraveler"},"image":{"@id":"https:\/\/thevintagetraveler.com\/en\/#\/schema\/logo\/image\/"},"sameAs":["https:\/\/www.facebook.com\/TheVintageTravelerFR\/","https:\/\/www.instagram.com\/the_vintagetraveler"]}]}},"_links":{"self":[{"href":"https:\/\/thevintagetraveler.com\/en\/wp-json\/wp\/v2\/product\/4107","targetHints":{"allow":["GET"]}}],"collection":[{"href":"https:\/\/thevintagetraveler.com\/en\/wp-json\/wp\/v2\/product"}],"about":[{"href":"https:\/\/thevintagetraveler.com\/en\/wp-json\/wp\/v2\/types\/product"}],"wp:featuredmedia":[{"embeddable":true,"href":"https:\/\/thevintagetraveler.com\/en\/wp-json\/wp\/v2\/media\/4104"}],"wp:attachment":[{"href":"https:\/\/thevintagetraveler.com\/en\/wp-json\/wp\/v2\/media?parent=4107"}],"wp:term":[{"taxonomy":"product_brand","embeddable":true,"href":"https:\/\/thevintagetraveler.com\/en\/wp-json\/wp\/v2\/product_brand?post=4107"},{"taxonomy":"product_cat","embeddable":true,"href":"https:\/\/thevintagetraveler.com\/en\/wp-json\/wp\/v2\/product_cat?post=4107"},{"taxonomy":"product_tag","embeddable":true,"href":"https:\/\/thevintagetraveler.com\/en\/wp-json\/wp\/v2\/product_tag?post=4107"}],"curies":[{"name":"wp","href":"https:\/\/api.w.org\/{rel}","templated":true}]}}