{"id":4186,"date":"2025-04-30T17:42:30","date_gmt":"2025-04-30T15:42:30","guid":{"rendered":"https:\/\/thevintagetraveler.com\/?post_type=product&#038;p=4186"},"modified":"2025-04-30T17:58:41","modified_gmt":"2025-04-30T15:58:41","slug":"pochette-chanel-vintage-blanche-gripoix","status":"publish","type":"product","link":"https:\/\/thevintagetraveler.com\/en\/produit\/pochette-chanel-vintage-blanche-gripoix\/","title":{"rendered":"Pochette Chanel vintage motif Gripoix"},"content":{"rendered":"<h3 class=\"\" data-start=\"950\" data-end=\"1020\">Pochette Chanel Vintage \u2013 Blanche, Motif Gripoix &amp; Fermoir CC Dor\u00e9<\/h3>\n<p class=\"\" data-start=\"1022\" data-end=\"1465\">Cette <strong data-start=\"1028\" data-end=\"1055\">pochette Chanel vintage<\/strong> est une <strong data-start=\"1064\" data-end=\"1093\">pi\u00e8ce de soir\u00e9e pr\u00e9cieuse<\/strong>, \u00e0 la fois audacieuse et embl\u00e9matique. En <strong data-start=\"1136\" data-end=\"1151\">tissu blanc<\/strong>, elle est orn\u00e9e d\u2019un <strong data-start=\"1173\" data-end=\"1218\">motif inspir\u00e9 des c\u00e9l\u00e8bres bijoux Gripoix<\/strong> de la maison Chanel : pierres color\u00e9es fa\u00e7on \u00e9meraude, rubis, am\u00e9thyste ou saphir stylis\u00e9es dans un imprim\u00e9 luxueux. Le tout est sublim\u00e9 par un <strong data-start=\"1363\" data-end=\"1397\">grand fermoir CC en m\u00e9tal dor\u00e9<\/strong>, clin d\u2019\u0153il chic et affirm\u00e9 \u00e0 l\u2019univers de la haute couture Chanel.<\/p>\n<p class=\"\" data-start=\"1467\" data-end=\"1591\">En <strong data-start=\"1470\" data-end=\"1487\">tr\u00e8s bon \u00e9tat<\/strong>, cette pochette rare est id\u00e9ale pour une tenue habill\u00e9e ou pour enrichir une collection Chanel vintage.<\/p>\n<hr class=\"\" data-start=\"1593\" data-end=\"1596\" \/>\n<h3 class=\"\" data-start=\"1598\" data-end=\"1638\">Un hommage aux bijoux Gripoix Chanel<\/h3>\n<p class=\"\" data-start=\"1640\" data-end=\"1918\">Depuis les ann\u00e9es 1920, les <strong data-start=\"1668\" data-end=\"1698\">bijoux Gripoix pour <a href=\"https:\/\/thevintagetraveler.com\/sac-chanel-vintage\/\">Chanel<\/a><\/strong> incarnent l&#8217;opulence raffin\u00e9e de la maison. Cette pochette rend hommage \u00e0 cet h\u00e9ritage en <strong data-start=\"1789\" data-end=\"1822\">reproduisant en motif textile<\/strong> les c\u00e9l\u00e8bres cabochons color\u00e9s en p\u00e2te de verre, embl\u00e8mes des broches et colliers de la maison.<\/p>\n<p class=\"\" data-start=\"1920\" data-end=\"2092\">Associ\u00e9e \u00e0 un <strong data-start=\"1934\" data-end=\"1966\">cuir ou tissu blanc lumineux<\/strong> et un <strong data-start=\"1973\" data-end=\"2003\">grand fermoir CC plaqu\u00e9 or<\/strong>, cette cr\u00e9ation m\u00eale <strong data-start=\"2025\" data-end=\"2050\">\u00e9l\u00e9gance et fantaisie<\/strong>, dans un format compact mais sophistiqu\u00e9.<\/p>\n<hr class=\"\" data-start=\"2094\" data-end=\"2097\" \/>\n<h3 class=\"\" data-start=\"2099\" data-end=\"2130\">Caract\u00e9ristiques du produit<\/h3>\n<ul data-start=\"2132\" data-end=\"2620\">\n<li class=\"\" data-start=\"2132\" data-end=\"2155\">\n<p class=\"\" data-start=\"2134\" data-end=\"2155\"><strong data-start=\"2134\" data-end=\"2146\">Marque :<\/strong> Chanel<\/p>\n<\/li>\n<li class=\"\" data-start=\"2156\" data-end=\"2197\">\n<p class=\"\" data-start=\"2158\" data-end=\"2197\"><strong data-start=\"2158\" data-end=\"2168\">Type :<\/strong> Pochette vintage de soir\u00e9e<\/p>\n<\/li>\n<li class=\"\" data-start=\"2198\" data-end=\"2260\">\n<p class=\"\" data-start=\"2200\" data-end=\"2260\"><strong data-start=\"2200\" data-end=\"2213\">Couleur :<\/strong> Blanc avec imprim\u00e9 fa\u00e7on Gripoix multicolore<\/p>\n<\/li>\n<li class=\"\" data-start=\"2261\" data-end=\"2318\">\n<p class=\"\" data-start=\"2263\" data-end=\"2318\"><strong data-start=\"2263\" data-end=\"2276\">Fermoir :<\/strong> Grand logo CC en m\u00e9tal dor\u00e9 (plaqu\u00e9 or)<\/p>\n<\/li>\n<li class=\"\" data-start=\"2319\" data-end=\"2372\">\n<p class=\"\" data-start=\"2321\" data-end=\"2372\"><strong data-start=\"2321\" data-end=\"2336\">Int\u00e9rieur :<\/strong> Compartiment doubl\u00e9, logo estamp\u00e9<\/p>\n<\/li>\n<li class=\"\" data-start=\"2373\" data-end=\"2455\">\n<p class=\"\" data-start=\"2375\" data-end=\"2455\"><strong data-start=\"2375\" data-end=\"2387\">Format :<\/strong> Id\u00e9al pour l\u2019essentiel d\u2019une soir\u00e9e (cl\u00e9s, rouge \u00e0 l\u00e8vres, carte)<\/p>\n<\/li>\n<li class=\"\" data-start=\"2456\" data-end=\"2534\">\n<p class=\"\" data-start=\"2458\" data-end=\"2534\"><strong data-start=\"2458\" data-end=\"2468\">\u00c9tat :<\/strong> Tr\u00e8s bon \u2013 tissu propre, fermoir brillant, int\u00e9rieur impeccable<\/p>\n<\/li>\n<li class=\"\" data-start=\"2535\" data-end=\"2620\">\n<p class=\"\" data-start=\"2537\" data-end=\"2620\"><strong data-start=\"2537\" data-end=\"2559\">Authentification :<\/strong> Certifi\u00e9e par expert \u2013 livr\u00e9e avec certificat d\u2019authenticit\u00e9<\/p>\n<\/li>\n<\/ul>\n<hr class=\"\" data-start=\"2622\" data-end=\"2625\" \/>\n<h3 class=\"\" data-start=\"2627\" data-end=\"2678\">Une pi\u00e8ce parfaite pour les occasions sp\u00e9ciales<\/h3>\n<p class=\"\" data-start=\"2680\" data-end=\"2713\">Cette pochette peut \u00eatre port\u00e9e :<\/p>\n<ul data-start=\"2715\" data-end=\"2967\">\n<li class=\"\" data-start=\"2715\" data-end=\"2764\">\n<p class=\"\" data-start=\"2717\" data-end=\"2764\">Lors d\u2019un <strong data-start=\"2727\" data-end=\"2762\">cocktail, mariage ou d\u00eener chic<\/strong><\/p>\n<\/li>\n<li class=\"\" data-start=\"2765\" data-end=\"2835\">\n<p class=\"\" data-start=\"2767\" data-end=\"2835\">Pour <strong data-start=\"2772\" data-end=\"2801\">rehausser une tenue sobre<\/strong> avec une touche vintage color\u00e9e<\/p>\n<\/li>\n<li class=\"\" data-start=\"2836\" data-end=\"2898\">\n<p class=\"\" data-start=\"2838\" data-end=\"2898\">En <strong data-start=\"2841\" data-end=\"2896\">association avec des bijoux Chanel Gripoix d\u2019\u00e9poque<\/strong><\/p>\n<\/li>\n<li class=\"\" data-start=\"2899\" data-end=\"2967\">\n<p class=\"\" data-start=\"2901\" data-end=\"2967\">Ou expos\u00e9e dans une <strong data-start=\"2921\" data-end=\"2967\">collection de maroquinerie couture vintage<\/strong><\/p>\n<\/li>\n<\/ul>\n<p class=\"\" data-start=\"2969\" data-end=\"3087\">Son <strong data-start=\"2973\" data-end=\"2991\">format \u00e9l\u00e9gant<\/strong>, sa <strong data-start=\"2996\" data-end=\"3020\">couleur intemporelle<\/strong> et son <strong data-start=\"3028\" data-end=\"3052\">imprim\u00e9 bijou unique<\/strong> en font un accessoire de prestige.<\/p>\n<hr class=\"\" data-start=\"3089\" data-end=\"3092\" \/>\n<h3 class=\"\" data-start=\"3094\" data-end=\"3150\">Pourquoi investir dans une pochette Chanel vintage ?<\/h3>\n<ul data-start=\"3152\" data-end=\"3466\">\n<li class=\"\" data-start=\"3152\" data-end=\"3201\">\n<p class=\"\" data-start=\"3154\" data-end=\"3201\"><strong data-start=\"3154\" data-end=\"3169\">Mod\u00e8le rare<\/strong> inspir\u00e9 de l\u2019h\u00e9ritage Gripoix<\/p>\n<\/li>\n<li class=\"\" data-start=\"3202\" data-end=\"3272\">\n<p class=\"\" data-start=\"3204\" data-end=\"3272\"><strong data-start=\"3204\" data-end=\"3229\">Grand fermoir CC dor\u00e9<\/strong>, tr\u00e8s recherch\u00e9 par les collectionneuses<\/p>\n<\/li>\n<li class=\"\" data-start=\"3273\" data-end=\"3330\">\n<p class=\"\" data-start=\"3275\" data-end=\"3330\"><strong data-start=\"3275\" data-end=\"3291\">Parfait \u00e9tat<\/strong>, rare pour les pi\u00e8ces en tissu blanc<\/p>\n<\/li>\n<li class=\"\" data-start=\"3331\" data-end=\"3401\">\n<p class=\"\" data-start=\"3333\" data-end=\"3401\"><strong data-start=\"3333\" data-end=\"3354\">Valeur croissante<\/strong> sur le march\u00e9 des accessoires Chanel vintage<\/p>\n<\/li>\n<li class=\"\" data-start=\"3402\" data-end=\"3466\">\n<p class=\"\" data-start=\"3404\" data-end=\"3466\">Pi\u00e8ce <strong data-start=\"3410\" data-end=\"3466\">\u00e0 la crois\u00e9e du luxe, de la mode et de la collection<\/strong><\/p>\n<\/li>\n<\/ul>\n<hr class=\"\" data-start=\"3468\" data-end=\"3471\" \/>\n<h3 class=\"\" data-start=\"3473\" data-end=\"3514\">Pourquoi choisir TheVintageTraveler ?<\/h3>\n<p class=\"\" data-start=\"3516\" data-end=\"3821\">Chez <strong data-start=\"3521\" data-end=\"3543\">TheVintageTraveler<\/strong>, chaque pi\u00e8ce est <strong data-start=\"3562\" data-end=\"3606\">authentifi\u00e9e, expertis\u00e9e et s\u00e9lectionn\u00e9e<\/strong> avec soin. Cette pochette est <strong data-start=\"3637\" data-end=\"3678\">livr\u00e9e avec certificat d\u2019authenticit\u00e9<\/strong>, emball\u00e9e avec pr\u00e9caution, et peut \u00eatre <strong data-start=\"3719\" data-end=\"3782\">retir\u00e9e dans notre showroom du March\u00e9 Serpette (Saint-Ouen)<\/strong> ou <strong data-start=\"3786\" data-end=\"3820\">exp\u00e9di\u00e9e partout avec s\u00e9curit\u00e9<\/strong>.<\/p>\n<hr class=\"\" data-start=\"3823\" data-end=\"3826\" \/>\n<h3 class=\"\" data-start=\"3828\" data-end=\"3842\">Conclusion<\/h3>\n<p class=\"\" data-start=\"3844\" data-end=\"4174\">Cette <strong data-start=\"3850\" data-end=\"3885\">pochette Chanel vintage blanche<\/strong>, au <strong data-start=\"3890\" data-end=\"3926\">motif inspir\u00e9 des bijoux Gripoix<\/strong> et au <strong data-start=\"3933\" data-end=\"3963\">grand fermoir CC plaqu\u00e9 or<\/strong>, est une <strong data-start=\"3973\" data-end=\"3999\">pi\u00e8ce rare et \u00e9l\u00e9gante<\/strong>, parfaite pour une soir\u00e9e ou une collection couture. Un <strong data-start=\"4056\" data-end=\"4089\">accessoire de luxe intemporel<\/strong>, raffin\u00e9 et unique, pour les amatrices de Chanel et les passionn\u00e9es de mode vintage.<\/p>\n<p>Suivez &#8211; nous sur <a href=\"https:\/\/www.facebook.com\/TheVintageTravelerFR\">Facebook<\/a> et <a href=\"https:\/\/www.instagram.com\/the_vintagetraveler\/?igsh=aXdsbDJkdnpwZjcx#\">Instagram<\/a><\/p>\n","protected":false},"excerpt":{"rendered":"<p>Pochette Chanel vintage blanche avec imprim\u00e9 bijoux Gripoix et fermoir CC dor\u00e9. \u00c9l\u00e9gante et rare, parfaite pour le soir. Tr\u00e8s bon \u00e9tat, certifi\u00e9e.<\/p>\n","protected":false},"featured_media":4187,"template":"","meta":[],"product_brand":[],"product_cat":[285,274,168,279],"product_tag":[287],"class_list":{"0":"post-4186","1":"product","2":"type-product","3":"status-publish","4":"has-post-thumbnail","6":"product_cat-chanel","7":"product_cat-news","8":"product_cat-pochette","9":"product_cat-bags","10":"product_tag-chanel","12":"first","13":"instock","14":"sold-individually","15":"shipping-taxable","16":"purchasable","17":"product-type-simple"},"yoast_head":"<!-- This site is optimized with the Yoast SEO plugin v27.1.1 - https:\/\/yoast.com\/product\/yoast-seo-wordpress\/ -->\n<title>Pochette Chanel Vintage Gripoix Blanc | TheVintageTraveler<\/title>\n<meta name=\"description\" content=\"Pochette Chanel vintage blanc avec motif Gripoix et fermoir CC plaqu\u00e9 or. Jolie pi\u00e8ce de soir\u00e9e en tr\u00e8s bon \u00e9tat, certifi\u00e9e authentique.\" \/>\n<meta name=\"robots\" content=\"index, follow, max-snippet:-1, max-image-preview:large, max-video-preview:-1\" \/>\n<link rel=\"canonical\" href=\"https:\/\/thevintagetraveler.com\/en\/produit\/pochette-chanel-vintage-blanche-gripoix\/\" \/>\n<meta property=\"og:locale\" content=\"en_US\" \/>\n<meta property=\"og:type\" content=\"article\" \/>\n<meta property=\"og:title\" content=\"Pochette Chanel Vintage Gripoix Blanc | TheVintageTraveler\" \/>\n<meta property=\"og:description\" content=\"Pochette Chanel vintage blanc avec motif Gripoix et fermoir CC plaqu\u00e9 or. Jolie pi\u00e8ce de soir\u00e9e en tr\u00e8s bon \u00e9tat, certifi\u00e9e authentique.\" \/>\n<meta property=\"og:url\" content=\"https:\/\/thevintagetraveler.com\/en\/produit\/pochette-chanel-vintage-blanche-gripoix\/\" \/>\n<meta property=\"og:site_name\" content=\"TheVintageTraveler\" \/>\n<meta property=\"article:publisher\" content=\"https:\/\/www.facebook.com\/TheVintageTravelerFR\/\" \/>\n<meta property=\"article:modified_time\" content=\"2025-04-30T15:58:41+00:00\" \/>\n<meta property=\"og:image\" content=\"https:\/\/thevintagetraveler.com\/wp-content\/uploads\/2025\/04\/20250117_162615.jpg\" \/>\n\t<meta property=\"og:image:width\" content=\"1500\" \/>\n\t<meta property=\"og:image:height\" content=\"2000\" \/>\n\t<meta property=\"og:image:type\" content=\"image\/jpeg\" \/>\n<meta name=\"twitter:card\" content=\"summary_large_image\" \/>\n<meta name=\"twitter:label1\" content=\"Est. reading time\" \/>\n\t<meta name=\"twitter:data1\" content=\"3 minutes\" \/>\n<script type=\"application\/ld+json\" class=\"yoast-schema-graph\">{\"@context\":\"https:\/\/schema.org\",\"@graph\":[{\"@type\":\"WebPage\",\"@id\":\"https:\/\/thevintagetraveler.com\/en\/produit\/pochette-chanel-vintage-blanche-gripoix\/\",\"url\":\"https:\/\/thevintagetraveler.com\/en\/produit\/pochette-chanel-vintage-blanche-gripoix\/\",\"name\":\"Pochette Chanel Vintage Gripoix Blanc | TheVintageTraveler\",\"isPartOf\":{\"@id\":\"https:\/\/thevintagetraveler.com\/en\/#website\"},\"primaryImageOfPage\":{\"@id\":\"https:\/\/thevintagetraveler.com\/en\/produit\/pochette-chanel-vintage-blanche-gripoix\/#primaryimage\"},\"image\":{\"@id\":\"https:\/\/thevintagetraveler.com\/en\/produit\/pochette-chanel-vintage-blanche-gripoix\/#primaryimage\"},\"thumbnailUrl\":\"https:\/\/thevintagetraveler.com\/wp-content\/uploads\/2025\/04\/20250117_162615.jpg\",\"datePublished\":\"2025-04-30T15:42:30+00:00\",\"dateModified\":\"2025-04-30T15:58:41+00:00\",\"description\":\"Pochette Chanel vintage blanc avec motif Gripoix et fermoir CC plaqu\u00e9 or. Jolie pi\u00e8ce de soir\u00e9e en tr\u00e8s bon \u00e9tat, certifi\u00e9e authentique.\",\"breadcrumb\":{\"@id\":\"https:\/\/thevintagetraveler.com\/en\/produit\/pochette-chanel-vintage-blanche-gripoix\/#breadcrumb\"},\"inLanguage\":\"en-US\",\"potentialAction\":[{\"@type\":\"ReadAction\",\"target\":[\"https:\/\/thevintagetraveler.com\/en\/produit\/pochette-chanel-vintage-blanche-gripoix\/\"]}]},{\"@type\":\"ImageObject\",\"inLanguage\":\"en-US\",\"@id\":\"https:\/\/thevintagetraveler.com\/en\/produit\/pochette-chanel-vintage-blanche-gripoix\/#primaryimage\",\"url\":\"https:\/\/thevintagetraveler.com\/wp-content\/uploads\/2025\/04\/20250117_162615.jpg\",\"contentUrl\":\"https:\/\/thevintagetraveler.com\/wp-content\/uploads\/2025\/04\/20250117_162615.jpg\",\"width\":1500,\"height\":2000,\"caption\":\"pochette Chanel vintage Gripoix blanc\"},{\"@type\":\"BreadcrumbList\",\"@id\":\"https:\/\/thevintagetraveler.com\/en\/produit\/pochette-chanel-vintage-blanche-gripoix\/#breadcrumb\",\"itemListElement\":[{\"@type\":\"ListItem\",\"position\":1,\"name\":\"Accueil\",\"item\":\"https:\/\/thevintagetraveler.com\/en\/\"},{\"@type\":\"ListItem\",\"position\":2,\"name\":\"Shop\",\"item\":\"https:\/\/thevintagetraveler.com\/shop\/\"},{\"@type\":\"ListItem\",\"position\":3,\"name\":\"Pochette Chanel vintage motif Gripoix\"}]},{\"@type\":\"WebSite\",\"@id\":\"https:\/\/thevintagetraveler.com\/en\/#website\",\"url\":\"https:\/\/thevintagetraveler.com\/en\/\",\"name\":\"TheVintageTraveler\",\"description\":\"Luxury experts in Louis Vuitton, Chanel &amp; Herm\u00e8s\",\"publisher\":{\"@id\":\"https:\/\/thevintagetraveler.com\/en\/#organization\"},\"potentialAction\":[{\"@type\":\"SearchAction\",\"target\":{\"@type\":\"EntryPoint\",\"urlTemplate\":\"https:\/\/thevintagetraveler.com\/en\/?s={search_term_string}\"},\"query-input\":{\"@type\":\"PropertyValueSpecification\",\"valueRequired\":true,\"valueName\":\"search_term_string\"}}],\"inLanguage\":\"en-US\"},{\"@type\":\"Organization\",\"@id\":\"https:\/\/thevintagetraveler.com\/en\/#organization\",\"name\":\"TheVintageTraveler\",\"url\":\"https:\/\/thevintagetraveler.com\/en\/\",\"logo\":{\"@type\":\"ImageObject\",\"inLanguage\":\"en-US\",\"@id\":\"https:\/\/thevintagetraveler.com\/en\/#\/schema\/logo\/image\/\",\"url\":\"https:\/\/thevintagetraveler.com\/wp-content\/uploads\/2025\/04\/LOGO-THE-VINTAGE-TRAVELER-FINAL-e1745392697678.png\",\"contentUrl\":\"https:\/\/thevintagetraveler.com\/wp-content\/uploads\/2025\/04\/LOGO-THE-VINTAGE-TRAVELER-FINAL-e1745392697678.png\",\"width\":798,\"height\":318,\"caption\":\"TheVintageTraveler\"},\"image\":{\"@id\":\"https:\/\/thevintagetraveler.com\/en\/#\/schema\/logo\/image\/\"},\"sameAs\":[\"https:\/\/www.facebook.com\/TheVintageTravelerFR\/\",\"https:\/\/www.instagram.com\/the_vintagetraveler\"]}]}<\/script>\n<!-- \/ Yoast SEO plugin. -->","yoast_head_json":{"title":"Pochette Chanel Vintage Gripoix Blanc | TheVintageTraveler","description":"Pochette Chanel vintage blanc avec motif Gripoix et fermoir CC plaqu\u00e9 or. Jolie pi\u00e8ce de soir\u00e9e en tr\u00e8s bon \u00e9tat, certifi\u00e9e authentique.","robots":{"index":"index","follow":"follow","max-snippet":"max-snippet:-1","max-image-preview":"max-image-preview:large","max-video-preview":"max-video-preview:-1"},"canonical":"https:\/\/thevintagetraveler.com\/en\/produit\/pochette-chanel-vintage-blanche-gripoix\/","og_locale":"en_US","og_type":"article","og_title":"Pochette Chanel Vintage Gripoix Blanc | TheVintageTraveler","og_description":"Pochette Chanel vintage blanc avec motif Gripoix et fermoir CC plaqu\u00e9 or. Jolie pi\u00e8ce de soir\u00e9e en tr\u00e8s bon \u00e9tat, certifi\u00e9e authentique.","og_url":"https:\/\/thevintagetraveler.com\/en\/produit\/pochette-chanel-vintage-blanche-gripoix\/","og_site_name":"TheVintageTraveler","article_publisher":"https:\/\/www.facebook.com\/TheVintageTravelerFR\/","article_modified_time":"2025-04-30T15:58:41+00:00","og_image":[{"width":1500,"height":2000,"url":"https:\/\/thevintagetraveler.com\/wp-content\/uploads\/2025\/04\/20250117_162615.jpg","type":"image\/jpeg"}],"twitter_card":"summary_large_image","twitter_misc":{"Est. reading time":"3 minutes"},"schema":{"@context":"https:\/\/schema.org","@graph":[{"@type":"WebPage","@id":"https:\/\/thevintagetraveler.com\/en\/produit\/pochette-chanel-vintage-blanche-gripoix\/","url":"https:\/\/thevintagetraveler.com\/en\/produit\/pochette-chanel-vintage-blanche-gripoix\/","name":"Pochette Chanel Vintage Gripoix Blanc | TheVintageTraveler","isPartOf":{"@id":"https:\/\/thevintagetraveler.com\/en\/#website"},"primaryImageOfPage":{"@id":"https:\/\/thevintagetraveler.com\/en\/produit\/pochette-chanel-vintage-blanche-gripoix\/#primaryimage"},"image":{"@id":"https:\/\/thevintagetraveler.com\/en\/produit\/pochette-chanel-vintage-blanche-gripoix\/#primaryimage"},"thumbnailUrl":"https:\/\/thevintagetraveler.com\/wp-content\/uploads\/2025\/04\/20250117_162615.jpg","datePublished":"2025-04-30T15:42:30+00:00","dateModified":"2025-04-30T15:58:41+00:00","description":"Pochette Chanel vintage blanc avec motif Gripoix et fermoir CC plaqu\u00e9 or. Jolie pi\u00e8ce de soir\u00e9e en tr\u00e8s bon \u00e9tat, certifi\u00e9e authentique.","breadcrumb":{"@id":"https:\/\/thevintagetraveler.com\/en\/produit\/pochette-chanel-vintage-blanche-gripoix\/#breadcrumb"},"inLanguage":"en-US","potentialAction":[{"@type":"ReadAction","target":["https:\/\/thevintagetraveler.com\/en\/produit\/pochette-chanel-vintage-blanche-gripoix\/"]}]},{"@type":"ImageObject","inLanguage":"en-US","@id":"https:\/\/thevintagetraveler.com\/en\/produit\/pochette-chanel-vintage-blanche-gripoix\/#primaryimage","url":"https:\/\/thevintagetraveler.com\/wp-content\/uploads\/2025\/04\/20250117_162615.jpg","contentUrl":"https:\/\/thevintagetraveler.com\/wp-content\/uploads\/2025\/04\/20250117_162615.jpg","width":1500,"height":2000,"caption":"pochette Chanel vintage Gripoix blanc"},{"@type":"BreadcrumbList","@id":"https:\/\/thevintagetraveler.com\/en\/produit\/pochette-chanel-vintage-blanche-gripoix\/#breadcrumb","itemListElement":[{"@type":"ListItem","position":1,"name":"Accueil","item":"https:\/\/thevintagetraveler.com\/en\/"},{"@type":"ListItem","position":2,"name":"Shop","item":"https:\/\/thevintagetraveler.com\/shop\/"},{"@type":"ListItem","position":3,"name":"Pochette Chanel vintage motif Gripoix"}]},{"@type":"WebSite","@id":"https:\/\/thevintagetraveler.com\/en\/#website","url":"https:\/\/thevintagetraveler.com\/en\/","name":"TheVintageTraveler","description":"Luxury experts in Louis Vuitton, Chanel &amp; Herm\u00e8s","publisher":{"@id":"https:\/\/thevintagetraveler.com\/en\/#organization"},"potentialAction":[{"@type":"SearchAction","target":{"@type":"EntryPoint","urlTemplate":"https:\/\/thevintagetraveler.com\/en\/?s={search_term_string}"},"query-input":{"@type":"PropertyValueSpecification","valueRequired":true,"valueName":"search_term_string"}}],"inLanguage":"en-US"},{"@type":"Organization","@id":"https:\/\/thevintagetraveler.com\/en\/#organization","name":"TheVintageTraveler","url":"https:\/\/thevintagetraveler.com\/en\/","logo":{"@type":"ImageObject","inLanguage":"en-US","@id":"https:\/\/thevintagetraveler.com\/en\/#\/schema\/logo\/image\/","url":"https:\/\/thevintagetraveler.com\/wp-content\/uploads\/2025\/04\/LOGO-THE-VINTAGE-TRAVELER-FINAL-e1745392697678.png","contentUrl":"https:\/\/thevintagetraveler.com\/wp-content\/uploads\/2025\/04\/LOGO-THE-VINTAGE-TRAVELER-FINAL-e1745392697678.png","width":798,"height":318,"caption":"TheVintageTraveler"},"image":{"@id":"https:\/\/thevintagetraveler.com\/en\/#\/schema\/logo\/image\/"},"sameAs":["https:\/\/www.facebook.com\/TheVintageTravelerFR\/","https:\/\/www.instagram.com\/the_vintagetraveler"]}]}},"_links":{"self":[{"href":"https:\/\/thevintagetraveler.com\/en\/wp-json\/wp\/v2\/product\/4186","targetHints":{"allow":["GET"]}}],"collection":[{"href":"https:\/\/thevintagetraveler.com\/en\/wp-json\/wp\/v2\/product"}],"about":[{"href":"https:\/\/thevintagetraveler.com\/en\/wp-json\/wp\/v2\/types\/product"}],"wp:featuredmedia":[{"embeddable":true,"href":"https:\/\/thevintagetraveler.com\/en\/wp-json\/wp\/v2\/media\/4187"}],"wp:attachment":[{"href":"https:\/\/thevintagetraveler.com\/en\/wp-json\/wp\/v2\/media?parent=4186"}],"wp:term":[{"taxonomy":"product_brand","embeddable":true,"href":"https:\/\/thevintagetraveler.com\/en\/wp-json\/wp\/v2\/product_brand?post=4186"},{"taxonomy":"product_cat","embeddable":true,"href":"https:\/\/thevintagetraveler.com\/en\/wp-json\/wp\/v2\/product_cat?post=4186"},{"taxonomy":"product_tag","embeddable":true,"href":"https:\/\/thevintagetraveler.com\/en\/wp-json\/wp\/v2\/product_tag?post=4186"}],"curies":[{"name":"wp","href":"https:\/\/api.w.org\/{rel}","templated":true}]}}