{"id":4287,"date":"2025-05-07T14:26:57","date_gmt":"2025-05-07T12:26:57","guid":{"rendered":"https:\/\/thevintagetraveler.com\/?post_type=product&#038;p=4287"},"modified":"2025-05-07T14:34:49","modified_gmt":"2025-05-07T12:34:49","slug":"sac-hermes-victoria-40-toile-beige-cuir-marron","status":"publish","type":"product","link":"https:\/\/thevintagetraveler.com\/en\/produit\/sac-hermes-victoria-40-toile-beige-cuir-marron\/","title":{"rendered":"Sac Herm\u00e8s Victoria 40 toile et cuir"},"content":{"rendered":"<h3 class=\"\" data-start=\"1019\" data-end=\"1079\">Sac Herm\u00e8s Victoria 40 \u2013 Toile Beige &amp; Cuir Marron Clair<\/h3>\n<p class=\"\" data-start=\"1081\" data-end=\"1427\">Le <strong data-start=\"1084\" data-end=\"1110\">sac Herm\u00e8s Victoria 40<\/strong> est un mod\u00e8le iconique de la maison, appr\u00e9ci\u00e9 pour son <strong data-start=\"1166\" data-end=\"1182\">design \u00e9pur\u00e9<\/strong>, sa <strong data-start=\"1187\" data-end=\"1209\">capacit\u00e9 g\u00e9n\u00e9reuse<\/strong> et sa <strong data-start=\"1216\" data-end=\"1239\">souplesse \u00e0 l\u2019usage<\/strong>. Ici propos\u00e9 dans une version en <strong data-start=\"1273\" data-end=\"1319\">toile beige naturelle et cuir marron clair<\/strong>, ce mod\u00e8le est \u00e0 la fois <strong data-start=\"1345\" data-end=\"1368\">\u00e9l\u00e9gant et pratique<\/strong>, parfait pour accompagner vos journ\u00e9es actives avec style.<\/p>\n<p class=\"\" data-start=\"1429\" data-end=\"1546\">Ce format de <strong data-start=\"1442\" data-end=\"1451\">40 cm<\/strong> est id\u00e9al pour contenir documents, trousse, ordinateur, effets personnels et bien plus encore.<\/p>\n<hr class=\"\" data-start=\"1548\" data-end=\"1551\" \/>\n<h3 class=\"\" data-start=\"1553\" data-end=\"1600\">Un sac Herm\u00e8s sobre, fonctionnel et raffin\u00e9<\/h3>\n<p class=\"\" data-start=\"1602\" data-end=\"1718\">Pens\u00e9 pour les femmes et hommes qui recherchent <strong data-start=\"1650\" data-end=\"1686\">discr\u00e9tion, qualit\u00e9 et praticit\u00e9<\/strong>, le Victoria se distingue par :<\/p>\n<ul data-start=\"1720\" data-end=\"2011\">\n<li class=\"\" data-start=\"1720\" data-end=\"1780\">\n<p class=\"\" data-start=\"1722\" data-end=\"1780\">Sa <strong data-start=\"1725\" data-end=\"1755\">structure souple et l\u00e9g\u00e8re<\/strong> pour un port\u00e9 agr\u00e9able<\/p>\n<\/li>\n<li class=\"\" data-start=\"1781\" data-end=\"1863\">\n<p class=\"\" data-start=\"1783\" data-end=\"1863\">Son m\u00e9lange de <strong data-start=\"1798\" data-end=\"1840\">toile r\u00e9sistante et cuir haut de gamme<\/strong>, facile \u00e0 entretenir<\/p>\n<\/li>\n<li class=\"\" data-start=\"1864\" data-end=\"1953\">\n<p class=\"\" data-start=\"1866\" data-end=\"1953\">Son format <strong data-start=\"1877\" data-end=\"1904\">id\u00e9al pour le quotidien<\/strong>, les d\u00e9placements ou les escapades de week-end<\/p>\n<\/li>\n<li class=\"\" data-start=\"1954\" data-end=\"2011\">\n<p class=\"\" data-start=\"1956\" data-end=\"2011\">Sa <strong data-start=\"1959\" data-end=\"1989\">fermeture zipp\u00e9e s\u00e9curis\u00e9e<\/strong> avec finitions Herm\u00e8s<\/p>\n<\/li>\n<\/ul>\n<hr class=\"\" data-start=\"2013\" data-end=\"2016\" \/>\n<h3 class=\"\" data-start=\"2018\" data-end=\"2049\">Caract\u00e9ristiques du produit<\/h3>\n<ul data-start=\"2051\" data-end=\"2559\">\n<li class=\"\" data-start=\"2051\" data-end=\"2074\">\n<p class=\"\" data-start=\"2053\" data-end=\"2074\"><strong data-start=\"2053\" data-end=\"2065\">Marque :<\/strong> Herm\u00e8s<\/p>\n<\/li>\n<li class=\"\" data-start=\"2075\" data-end=\"2103\">\n<p class=\"\" data-start=\"2077\" data-end=\"2103\"><strong data-start=\"2077\" data-end=\"2089\">Mod\u00e8le :<\/strong> Victoria 40<\/p>\n<\/li>\n<li class=\"\" data-start=\"2104\" data-end=\"2174\">\n<p class=\"\" data-start=\"2106\" data-end=\"2174\"><strong data-start=\"2106\" data-end=\"2119\">Mati\u00e8re :<\/strong> Toile beige + cuir taurillon ou swift (marron clair)<\/p>\n<\/li>\n<li class=\"\" data-start=\"2175\" data-end=\"2210\">\n<p class=\"\" data-start=\"2177\" data-end=\"2210\"><strong data-start=\"2177\" data-end=\"2192\">Finitions :<\/strong> M\u00e9tal palladium<\/p>\n<\/li>\n<li class=\"\" data-start=\"2211\" data-end=\"2269\">\n<p class=\"\" data-start=\"2213\" data-end=\"2269\"><strong data-start=\"2213\" data-end=\"2228\">Fermeture :<\/strong> Zip double curseur avec cadenas Herm\u00e8s<\/p>\n<\/li>\n<li class=\"\" data-start=\"2270\" data-end=\"2326\">\n<p class=\"\" data-start=\"2272\" data-end=\"2326\"><strong data-start=\"2272\" data-end=\"2287\">Int\u00e9rieur :<\/strong> Toile ton sur ton avec poches plates<\/p>\n<\/li>\n<li class=\"\" data-start=\"2327\" data-end=\"2398\">\n<p class=\"\" data-start=\"2329\" data-end=\"2398\"><strong data-start=\"2329\" data-end=\"2345\">Dimensions :<\/strong> 40 cm de longueur (format voyage \/ ville spacieux)<\/p>\n<\/li>\n<li class=\"\" data-start=\"2399\" data-end=\"2475\">\n<p class=\"\" data-start=\"2401\" data-end=\"2475\"><strong data-start=\"2401\" data-end=\"2411\">\u00c9tat :<\/strong> Tr\u00e8s bon \u2013 toile propre avec une trace cf photos, cuir patin\u00e9 uniform\u00e9ment, zip fluide<\/p>\n<\/li>\n<li class=\"\" data-start=\"2476\" data-end=\"2559\">\n<p class=\"\" data-start=\"2478\" data-end=\"2559\"><strong data-start=\"2478\" data-end=\"2500\">Authentification :<\/strong> Certifi\u00e9 par expert \u2013 livr\u00e9 avec certificat d\u2019authenticit\u00e9<\/p>\n<\/li>\n<\/ul>\n<hr class=\"\" data-start=\"2561\" data-end=\"2564\" \/>\n<h3 class=\"\" data-start=\"2566\" data-end=\"2609\">Une pi\u00e8ce Herm\u00e8s pour un quotidien chic<\/h3>\n<p class=\"\" data-start=\"2611\" data-end=\"2634\">Ce sac est id\u00e9al pour :<\/p>\n<ul data-start=\"2636\" data-end=\"2932\">\n<li class=\"\" data-start=\"2636\" data-end=\"2715\">\n<p class=\"\" data-start=\"2638\" data-end=\"2715\"><strong data-start=\"2638\" data-end=\"2673\">Une utilisation professionnelle<\/strong> : transporter documents, laptop, effets<\/p>\n<\/li>\n<li class=\"\" data-start=\"2716\" data-end=\"2772\">\n<p class=\"\" data-start=\"2718\" data-end=\"2772\"><strong data-start=\"2718\" data-end=\"2740\">Les voyages courts<\/strong> : format cabine l\u00e9ger et chic<\/p>\n<\/li>\n<li class=\"\" data-start=\"2773\" data-end=\"2850\">\n<p class=\"\" data-start=\"2775\" data-end=\"2850\"><strong data-start=\"2775\" data-end=\"2802\">Les amoureuses d\u2019Herm\u00e8s<\/strong> \u00e0 la recherche d\u2019un sac pratique au quotidien<\/p>\n<\/li>\n<li class=\"\" data-start=\"2851\" data-end=\"2932\">\n<p class=\"\" data-start=\"2853\" data-end=\"2932\"><strong data-start=\"2853\" data-end=\"2879\">Un investissement luxe<\/strong> accessible, dans l\u2019univers de la maroquinerie <a href=\"https:\/\/thevintagetraveler.com\/hermes-une-histoire-dexcellence-et-dintemporalite\/\">Herm\u00e8s<\/a><\/p>\n<\/li>\n<\/ul>\n<hr class=\"\" data-start=\"2934\" data-end=\"2937\" \/>\n<h3 class=\"\" data-start=\"2939\" data-end=\"2987\">Pourquoi choisir un sac Herm\u00e8s Victoria 40 ?<\/h3>\n<ul data-start=\"2989\" data-end=\"3292\">\n<li class=\"\" data-start=\"2989\" data-end=\"3046\">\n<p class=\"\" data-start=\"2991\" data-end=\"3046\"><strong data-start=\"2991\" data-end=\"3018\">Mod\u00e8le sobre et unisexe<\/strong>, adapt\u00e9 \u00e0 tous les styles<\/p>\n<\/li>\n<li class=\"\" data-start=\"3047\" data-end=\"3108\">\n<p class=\"\" data-start=\"3049\" data-end=\"3108\"><strong data-start=\"3049\" data-end=\"3081\">Grande capacit\u00e9 de rangement<\/strong>, sans perdre en \u00e9l\u00e9gance<\/p>\n<\/li>\n<li class=\"\" data-start=\"3109\" data-end=\"3168\">\n<p class=\"\" data-start=\"3111\" data-end=\"3168\"><strong data-start=\"3111\" data-end=\"3131\">Mat\u00e9riaux nobles<\/strong> : cuir naturel et toile r\u00e9sistante<\/p>\n<\/li>\n<li class=\"\" data-start=\"3169\" data-end=\"3229\">\n<p class=\"\" data-start=\"3171\" data-end=\"3229\"><strong data-start=\"3171\" data-end=\"3205\">Excellent rapport qualit\u00e9-prix<\/strong> dans l\u2019univers Herm\u00e8s<\/p>\n<\/li>\n<li class=\"\" data-start=\"3230\" data-end=\"3292\">\n<p class=\"\" data-start=\"3232\" data-end=\"3292\"><strong data-start=\"3232\" data-end=\"3260\">Valeur de revente stable<\/strong>, tr\u00e8s recherch\u00e9 en seconde main<\/p>\n<\/li>\n<\/ul>\n<hr class=\"\" data-start=\"3294\" data-end=\"3297\" \/>\n<h3 class=\"\" data-start=\"3299\" data-end=\"3345\">Pourquoi acheter chez TheVintageTraveler ?<\/h3>\n<p class=\"\" data-start=\"3347\" data-end=\"3669\">Chez <strong data-start=\"3352\" data-end=\"3374\">TheVintageTraveler<\/strong>, chaque pi\u00e8ce est s\u00e9lectionn\u00e9e pour son <strong data-start=\"3415\" data-end=\"3471\">authenticit\u00e9, sa qualit\u00e9 et son \u00e9tat de conservation<\/strong>. Ce sac Herm\u00e8s Victoria 40 est <strong data-start=\"3503\" data-end=\"3532\">authentifi\u00e9 par un expert<\/strong>, livr\u00e9 avec <strong data-start=\"3545\" data-end=\"3574\">certificat d\u2019authenticit\u00e9<\/strong>, et propos\u00e9 avec <strong data-start=\"3592\" data-end=\"3668\">exp\u00e9dition s\u00e9curis\u00e9e ou retrait showroom au March\u00e9 Serpette (Saint-Ouen)<\/strong>.<\/p>\n<hr class=\"\" data-start=\"3671\" data-end=\"3674\" \/>\n<h3 class=\"\" data-start=\"3676\" data-end=\"3690\">Conclusion<\/h3>\n<p class=\"\" data-start=\"3692\" data-end=\"4048\">Ce <strong data-start=\"3695\" data-end=\"3721\">sac Herm\u00e8s Victoria 40<\/strong> en <strong data-start=\"3725\" data-end=\"3761\">toile beige et cuir marron clair<\/strong> est une <strong data-start=\"3770\" data-end=\"3785\">valeur s\u00fbre<\/strong>, \u00e0 la fois fonctionnelle et \u00e9l\u00e9gante. Id\u00e9al pour un usage quotidien ou des d\u00e9placements, il vous accompagne avec raffinement et discr\u00e9tion. Une pi\u00e8ce Herm\u00e8s <strong data-start=\"3943\" data-end=\"3974\">polyvalente et intemporelle<\/strong>, parfaite pour enrichir une garde-robe de luxe ou d\u00e9buter une collection.<\/p>\n<p>Suivez &#8211; nous sur <a href=\"https:\/\/www.facebook.com\/TheVintageTravelerFR\">Facebook<\/a> et <a href=\"https:\/\/www.instagram.com\/the_vintagetraveler\/?igsh=aXdsbDJkdnpwZjcx#\">Instagram<\/a><\/p>\n","protected":false},"excerpt":{"rendered":"<p class=\"\" data-start=\"764\" data-end=\"956\">Sac Herm\u00e8s Victoria 40 en toile beige et cuir marron clair. Grand format \u00e9l\u00e9gant, id\u00e9al pour une utilisation quotidienne. Authentifi\u00e9, en tr\u00e8s bon \u00e9tat.<\/p>\n","protected":false},"featured_media":4290,"template":"","meta":[],"product_brand":[],"product_cat":[280,274,289,290,279],"product_tag":[281,169],"class_list":{"0":"post-4287","1":"product","2":"type-product","3":"status-publish","4":"has-post-thumbnail","6":"product_cat-hermes","7":"product_cat-news","8":"product_cat-handbag","9":"product_cat-travel-bag","10":"product_cat-bags","11":"product_tag-hermes","12":"product_tag-hermesvictoria","14":"first","15":"instock","16":"sold-individually","17":"shipping-taxable","18":"purchasable","19":"product-type-simple"},"yoast_head":"<!-- This site is optimized with the Yoast SEO plugin v27.1.1 - https:\/\/yoast.com\/product\/yoast-seo-wordpress\/ -->\n<title>Sac Herm\u00e8s Victoria 40 Toile Beige &amp; Cuir Marron Clair<\/title>\n<meta name=\"description\" content=\"Sac Herm\u00e8s Victoria 40 en toile beige et cuir marron clair. \u00c9l\u00e9gant et spacieux, parfait pour le quotidien. Pi\u00e8ce de luxe certifi\u00e9e, tr\u00e8s bon \u00e9tat.\" \/>\n<meta name=\"robots\" content=\"index, follow, max-snippet:-1, max-image-preview:large, max-video-preview:-1\" \/>\n<link rel=\"canonical\" href=\"https:\/\/thevintagetraveler.com\/en\/produit\/sac-hermes-victoria-40-toile-beige-cuir-marron\/\" \/>\n<meta property=\"og:locale\" content=\"en_US\" \/>\n<meta property=\"og:type\" content=\"article\" \/>\n<meta property=\"og:title\" content=\"Sac Herm\u00e8s Victoria 40 Toile Beige &amp; Cuir Marron Clair\" \/>\n<meta property=\"og:description\" content=\"Sac Herm\u00e8s Victoria 40 en toile beige et cuir marron clair. \u00c9l\u00e9gant et spacieux, parfait pour le quotidien. Pi\u00e8ce de luxe certifi\u00e9e, tr\u00e8s bon \u00e9tat.\" \/>\n<meta property=\"og:url\" content=\"https:\/\/thevintagetraveler.com\/en\/produit\/sac-hermes-victoria-40-toile-beige-cuir-marron\/\" \/>\n<meta property=\"og:site_name\" content=\"TheVintageTraveler\" \/>\n<meta property=\"article:publisher\" content=\"https:\/\/www.facebook.com\/TheVintageTravelerFR\/\" \/>\n<meta property=\"article:modified_time\" content=\"2025-05-07T12:34:49+00:00\" \/>\n<meta property=\"og:image\" content=\"https:\/\/thevintagetraveler.com\/wp-content\/uploads\/2025\/05\/20241206_183344.jpg\" \/>\n\t<meta property=\"og:image:width\" content=\"1500\" \/>\n\t<meta property=\"og:image:height\" content=\"2000\" \/>\n\t<meta property=\"og:image:type\" content=\"image\/jpeg\" \/>\n<meta name=\"twitter:card\" content=\"summary_large_image\" \/>\n<meta name=\"twitter:label1\" content=\"Est. reading time\" \/>\n\t<meta name=\"twitter:data1\" content=\"3 minutes\" \/>\n<script type=\"application\/ld+json\" class=\"yoast-schema-graph\">{\"@context\":\"https:\/\/schema.org\",\"@graph\":[{\"@type\":\"WebPage\",\"@id\":\"https:\/\/thevintagetraveler.com\/en\/produit\/sac-hermes-victoria-40-toile-beige-cuir-marron\/\",\"url\":\"https:\/\/thevintagetraveler.com\/en\/produit\/sac-hermes-victoria-40-toile-beige-cuir-marron\/\",\"name\":\"Sac Herm\u00e8s Victoria 40 Toile Beige & Cuir Marron Clair\",\"isPartOf\":{\"@id\":\"https:\/\/thevintagetraveler.com\/en\/#website\"},\"primaryImageOfPage\":{\"@id\":\"https:\/\/thevintagetraveler.com\/en\/produit\/sac-hermes-victoria-40-toile-beige-cuir-marron\/#primaryimage\"},\"image\":{\"@id\":\"https:\/\/thevintagetraveler.com\/en\/produit\/sac-hermes-victoria-40-toile-beige-cuir-marron\/#primaryimage\"},\"thumbnailUrl\":\"https:\/\/thevintagetraveler.com\/wp-content\/uploads\/2025\/05\/20241206_183344.jpg\",\"datePublished\":\"2025-05-07T12:26:57+00:00\",\"dateModified\":\"2025-05-07T12:34:49+00:00\",\"description\":\"Sac Herm\u00e8s Victoria 40 en toile beige et cuir marron clair. \u00c9l\u00e9gant et spacieux, parfait pour le quotidien. Pi\u00e8ce de luxe certifi\u00e9e, tr\u00e8s bon \u00e9tat.\",\"breadcrumb\":{\"@id\":\"https:\/\/thevintagetraveler.com\/en\/produit\/sac-hermes-victoria-40-toile-beige-cuir-marron\/#breadcrumb\"},\"inLanguage\":\"en-US\",\"potentialAction\":[{\"@type\":\"ReadAction\",\"target\":[\"https:\/\/thevintagetraveler.com\/en\/produit\/sac-hermes-victoria-40-toile-beige-cuir-marron\/\"]}]},{\"@type\":\"ImageObject\",\"inLanguage\":\"en-US\",\"@id\":\"https:\/\/thevintagetraveler.com\/en\/produit\/sac-hermes-victoria-40-toile-beige-cuir-marron\/#primaryimage\",\"url\":\"https:\/\/thevintagetraveler.com\/wp-content\/uploads\/2025\/05\/20241206_183344.jpg\",\"contentUrl\":\"https:\/\/thevintagetraveler.com\/wp-content\/uploads\/2025\/05\/20241206_183344.jpg\",\"width\":1500,\"height\":2000,\"caption\":\"sac Herm\u00e8s Victoria 40 toile beige cuir marron clair\"},{\"@type\":\"BreadcrumbList\",\"@id\":\"https:\/\/thevintagetraveler.com\/en\/produit\/sac-hermes-victoria-40-toile-beige-cuir-marron\/#breadcrumb\",\"itemListElement\":[{\"@type\":\"ListItem\",\"position\":1,\"name\":\"Accueil\",\"item\":\"https:\/\/thevintagetraveler.com\/en\/\"},{\"@type\":\"ListItem\",\"position\":2,\"name\":\"Shop\",\"item\":\"https:\/\/thevintagetraveler.com\/shop\/\"},{\"@type\":\"ListItem\",\"position\":3,\"name\":\"Sac Herm\u00e8s Victoria 40 toile et cuir\"}]},{\"@type\":\"WebSite\",\"@id\":\"https:\/\/thevintagetraveler.com\/en\/#website\",\"url\":\"https:\/\/thevintagetraveler.com\/en\/\",\"name\":\"TheVintageTraveler\",\"description\":\"Luxury experts in Louis Vuitton, Chanel &amp; Herm\u00e8s\",\"publisher\":{\"@id\":\"https:\/\/thevintagetraveler.com\/en\/#organization\"},\"potentialAction\":[{\"@type\":\"SearchAction\",\"target\":{\"@type\":\"EntryPoint\",\"urlTemplate\":\"https:\/\/thevintagetraveler.com\/en\/?s={search_term_string}\"},\"query-input\":{\"@type\":\"PropertyValueSpecification\",\"valueRequired\":true,\"valueName\":\"search_term_string\"}}],\"inLanguage\":\"en-US\"},{\"@type\":\"Organization\",\"@id\":\"https:\/\/thevintagetraveler.com\/en\/#organization\",\"name\":\"TheVintageTraveler\",\"url\":\"https:\/\/thevintagetraveler.com\/en\/\",\"logo\":{\"@type\":\"ImageObject\",\"inLanguage\":\"en-US\",\"@id\":\"https:\/\/thevintagetraveler.com\/en\/#\/schema\/logo\/image\/\",\"url\":\"https:\/\/thevintagetraveler.com\/wp-content\/uploads\/2025\/04\/LOGO-THE-VINTAGE-TRAVELER-FINAL-e1745392697678.png\",\"contentUrl\":\"https:\/\/thevintagetraveler.com\/wp-content\/uploads\/2025\/04\/LOGO-THE-VINTAGE-TRAVELER-FINAL-e1745392697678.png\",\"width\":798,\"height\":318,\"caption\":\"TheVintageTraveler\"},\"image\":{\"@id\":\"https:\/\/thevintagetraveler.com\/en\/#\/schema\/logo\/image\/\"},\"sameAs\":[\"https:\/\/www.facebook.com\/TheVintageTravelerFR\/\",\"https:\/\/www.instagram.com\/the_vintagetraveler\"]}]}<\/script>\n<!-- \/ Yoast SEO plugin. -->","yoast_head_json":{"title":"Sac Herm\u00e8s Victoria 40 Toile Beige & Cuir Marron Clair","description":"Sac Herm\u00e8s Victoria 40 en toile beige et cuir marron clair. \u00c9l\u00e9gant et spacieux, parfait pour le quotidien. Pi\u00e8ce de luxe certifi\u00e9e, tr\u00e8s bon \u00e9tat.","robots":{"index":"index","follow":"follow","max-snippet":"max-snippet:-1","max-image-preview":"max-image-preview:large","max-video-preview":"max-video-preview:-1"},"canonical":"https:\/\/thevintagetraveler.com\/en\/produit\/sac-hermes-victoria-40-toile-beige-cuir-marron\/","og_locale":"en_US","og_type":"article","og_title":"Sac Herm\u00e8s Victoria 40 Toile Beige & Cuir Marron Clair","og_description":"Sac Herm\u00e8s Victoria 40 en toile beige et cuir marron clair. \u00c9l\u00e9gant et spacieux, parfait pour le quotidien. Pi\u00e8ce de luxe certifi\u00e9e, tr\u00e8s bon \u00e9tat.","og_url":"https:\/\/thevintagetraveler.com\/en\/produit\/sac-hermes-victoria-40-toile-beige-cuir-marron\/","og_site_name":"TheVintageTraveler","article_publisher":"https:\/\/www.facebook.com\/TheVintageTravelerFR\/","article_modified_time":"2025-05-07T12:34:49+00:00","og_image":[{"width":1500,"height":2000,"url":"https:\/\/thevintagetraveler.com\/wp-content\/uploads\/2025\/05\/20241206_183344.jpg","type":"image\/jpeg"}],"twitter_card":"summary_large_image","twitter_misc":{"Est. reading time":"3 minutes"},"schema":{"@context":"https:\/\/schema.org","@graph":[{"@type":"WebPage","@id":"https:\/\/thevintagetraveler.com\/en\/produit\/sac-hermes-victoria-40-toile-beige-cuir-marron\/","url":"https:\/\/thevintagetraveler.com\/en\/produit\/sac-hermes-victoria-40-toile-beige-cuir-marron\/","name":"Sac Herm\u00e8s Victoria 40 Toile Beige & Cuir Marron Clair","isPartOf":{"@id":"https:\/\/thevintagetraveler.com\/en\/#website"},"primaryImageOfPage":{"@id":"https:\/\/thevintagetraveler.com\/en\/produit\/sac-hermes-victoria-40-toile-beige-cuir-marron\/#primaryimage"},"image":{"@id":"https:\/\/thevintagetraveler.com\/en\/produit\/sac-hermes-victoria-40-toile-beige-cuir-marron\/#primaryimage"},"thumbnailUrl":"https:\/\/thevintagetraveler.com\/wp-content\/uploads\/2025\/05\/20241206_183344.jpg","datePublished":"2025-05-07T12:26:57+00:00","dateModified":"2025-05-07T12:34:49+00:00","description":"Sac Herm\u00e8s Victoria 40 en toile beige et cuir marron clair. \u00c9l\u00e9gant et spacieux, parfait pour le quotidien. Pi\u00e8ce de luxe certifi\u00e9e, tr\u00e8s bon \u00e9tat.","breadcrumb":{"@id":"https:\/\/thevintagetraveler.com\/en\/produit\/sac-hermes-victoria-40-toile-beige-cuir-marron\/#breadcrumb"},"inLanguage":"en-US","potentialAction":[{"@type":"ReadAction","target":["https:\/\/thevintagetraveler.com\/en\/produit\/sac-hermes-victoria-40-toile-beige-cuir-marron\/"]}]},{"@type":"ImageObject","inLanguage":"en-US","@id":"https:\/\/thevintagetraveler.com\/en\/produit\/sac-hermes-victoria-40-toile-beige-cuir-marron\/#primaryimage","url":"https:\/\/thevintagetraveler.com\/wp-content\/uploads\/2025\/05\/20241206_183344.jpg","contentUrl":"https:\/\/thevintagetraveler.com\/wp-content\/uploads\/2025\/05\/20241206_183344.jpg","width":1500,"height":2000,"caption":"sac Herm\u00e8s Victoria 40 toile beige cuir marron clair"},{"@type":"BreadcrumbList","@id":"https:\/\/thevintagetraveler.com\/en\/produit\/sac-hermes-victoria-40-toile-beige-cuir-marron\/#breadcrumb","itemListElement":[{"@type":"ListItem","position":1,"name":"Accueil","item":"https:\/\/thevintagetraveler.com\/en\/"},{"@type":"ListItem","position":2,"name":"Shop","item":"https:\/\/thevintagetraveler.com\/shop\/"},{"@type":"ListItem","position":3,"name":"Sac Herm\u00e8s Victoria 40 toile et cuir"}]},{"@type":"WebSite","@id":"https:\/\/thevintagetraveler.com\/en\/#website","url":"https:\/\/thevintagetraveler.com\/en\/","name":"TheVintageTraveler","description":"Luxury experts in Louis Vuitton, Chanel &amp; Herm\u00e8s","publisher":{"@id":"https:\/\/thevintagetraveler.com\/en\/#organization"},"potentialAction":[{"@type":"SearchAction","target":{"@type":"EntryPoint","urlTemplate":"https:\/\/thevintagetraveler.com\/en\/?s={search_term_string}"},"query-input":{"@type":"PropertyValueSpecification","valueRequired":true,"valueName":"search_term_string"}}],"inLanguage":"en-US"},{"@type":"Organization","@id":"https:\/\/thevintagetraveler.com\/en\/#organization","name":"TheVintageTraveler","url":"https:\/\/thevintagetraveler.com\/en\/","logo":{"@type":"ImageObject","inLanguage":"en-US","@id":"https:\/\/thevintagetraveler.com\/en\/#\/schema\/logo\/image\/","url":"https:\/\/thevintagetraveler.com\/wp-content\/uploads\/2025\/04\/LOGO-THE-VINTAGE-TRAVELER-FINAL-e1745392697678.png","contentUrl":"https:\/\/thevintagetraveler.com\/wp-content\/uploads\/2025\/04\/LOGO-THE-VINTAGE-TRAVELER-FINAL-e1745392697678.png","width":798,"height":318,"caption":"TheVintageTraveler"},"image":{"@id":"https:\/\/thevintagetraveler.com\/en\/#\/schema\/logo\/image\/"},"sameAs":["https:\/\/www.facebook.com\/TheVintageTravelerFR\/","https:\/\/www.instagram.com\/the_vintagetraveler"]}]}},"_links":{"self":[{"href":"https:\/\/thevintagetraveler.com\/en\/wp-json\/wp\/v2\/product\/4287","targetHints":{"allow":["GET"]}}],"collection":[{"href":"https:\/\/thevintagetraveler.com\/en\/wp-json\/wp\/v2\/product"}],"about":[{"href":"https:\/\/thevintagetraveler.com\/en\/wp-json\/wp\/v2\/types\/product"}],"wp:featuredmedia":[{"embeddable":true,"href":"https:\/\/thevintagetraveler.com\/en\/wp-json\/wp\/v2\/media\/4290"}],"wp:attachment":[{"href":"https:\/\/thevintagetraveler.com\/en\/wp-json\/wp\/v2\/media?parent=4287"}],"wp:term":[{"taxonomy":"product_brand","embeddable":true,"href":"https:\/\/thevintagetraveler.com\/en\/wp-json\/wp\/v2\/product_brand?post=4287"},{"taxonomy":"product_cat","embeddable":true,"href":"https:\/\/thevintagetraveler.com\/en\/wp-json\/wp\/v2\/product_cat?post=4287"},{"taxonomy":"product_tag","embeddable":true,"href":"https:\/\/thevintagetraveler.com\/en\/wp-json\/wp\/v2\/product_tag?post=4287"}],"curies":[{"name":"wp","href":"https:\/\/api.w.org\/{rel}","templated":true}]}}