{"id":4371,"date":"2024-05-15T17:05:15","date_gmt":"2024-05-15T15:05:15","guid":{"rendered":"https:\/\/thevintagetraveler.com\/?post_type=product&#038;p=4371"},"modified":"2025-09-30T14:59:12","modified_gmt":"2025-09-30T12:59:12","slug":"sac-hermes-hac-40-courchevel-gold-dore","status":"publish","type":"product","link":"https:\/\/thevintagetraveler.com\/en\/produit\/sac-hermes-hac-40-courchevel-gold-dore\/","title":{"rendered":"Sac Herm\u00e8s HAC 40 Courchevel gold"},"content":{"rendered":"<h3 class=\"\" data-start=\"979\" data-end=\"1042\">Sac Herm\u00e8s HAC 40 \u2013 Cuir Courchevel Gold &amp; Finitions Dor\u00e9es<\/h3>\n<p class=\"\" data-start=\"1044\" data-end=\"1365\">Ce <strong data-start=\"1047\" data-end=\"1094\">sac Herm\u00e8s Haut \u00e0 Courroies (HAC) taille 40<\/strong> en <strong data-start=\"1098\" data-end=\"1122\">cuir Courchevel gold<\/strong> est une <strong data-start=\"1131\" data-end=\"1152\">pi\u00e8ce d\u2019exception<\/strong>, \u00e0 la fois \u00e9l\u00e9gante, structur\u00e9e et hautement collectionnable. Dot\u00e9 de <strong data-start=\"1223\" data-end=\"1243\">finitions dor\u00e9es<\/strong>, il est propos\u00e9 ici en <strong data-start=\"1267\" data-end=\"1284\">tr\u00e8s bon \u00e9tat<\/strong>, pr\u00eat \u00e0 \u00eatre utilis\u00e9, expos\u00e9 ou int\u00e9gr\u00e9 \u00e0 une collection de maroquinerie Herm\u00e8s.<\/p>\n<p class=\"\" data-start=\"1367\" data-end=\"1618\">Le <strong data-start=\"1370\" data-end=\"1380\">HAC 40<\/strong> est une version plus haute et plus spacieuse que le Birkin traditionnel, d\u2019abord con\u00e7u pour transporter du mat\u00e9riel \u00e9questre. Aujourd\u2019hui, il s\u00e9duit les passionn\u00e9(e)s d\u2019Herm\u00e8s en qu\u00eate d\u2019un <strong data-start=\"1571\" data-end=\"1617\">sac grand format, statutaire et intemporel<\/strong>.<\/p>\n<hr class=\"\" data-start=\"1620\" data-end=\"1623\" \/>\n<h3 class=\"\" data-start=\"1625\" data-end=\"1675\">Le cuir Courchevel : finesse et tenue parfaite<\/h3>\n<p class=\"\" data-start=\"1677\" data-end=\"1791\">Le <strong data-start=\"1680\" data-end=\"1699\">cuir Courchevel<\/strong> est l\u2019un des cuirs historiques d\u2019Herm\u00e8s, pr\u00e9d\u00e9cesseur du cuir Epsom. Il est appr\u00e9ci\u00e9 pour :<\/p>\n<ul data-start=\"1793\" data-end=\"2033\">\n<li class=\"\" data-start=\"1793\" data-end=\"1867\">\n<p class=\"\" data-start=\"1795\" data-end=\"1867\">Sa <strong data-start=\"1798\" data-end=\"1835\">texture grain\u00e9e fine et r\u00e9guli\u00e8re<\/strong>, qui r\u00e9siste bien aux rayures<\/p>\n<\/li>\n<li class=\"\" data-start=\"1868\" data-end=\"1944\">\n<p class=\"\" data-start=\"1870\" data-end=\"1944\">Sa <strong data-start=\"1873\" data-end=\"1885\">l\u00e9g\u00e8ret\u00e9<\/strong> et sa <strong data-start=\"1892\" data-end=\"1912\">structure rigide<\/strong>, garantissant une belle tenue<\/p>\n<\/li>\n<li class=\"\" data-start=\"1945\" data-end=\"2033\">\n<p class=\"\" data-start=\"1947\" data-end=\"2033\">Son <strong data-start=\"1951\" data-end=\"1978\">effet l\u00e9g\u00e8rement satin\u00e9<\/strong>, qui sublime la couleur <strong data-start=\"2003\" data-end=\"2011\">gold<\/strong> embl\u00e9matique d\u2019<a href=\"https:\/\/thevintagetraveler.com\/hermes-une-histoire-dexcellence-et-dintemporalite\/\">Herm\u00e8s<\/a><\/p>\n<\/li>\n<\/ul>\n<p class=\"\" data-start=\"2035\" data-end=\"2165\">La teinte gold, rehauss\u00e9e par des <strong data-start=\"2069\" data-end=\"2099\">ferrures dor\u00e9es brillantes<\/strong>, est l\u2019une des plus recherch\u00e9es sur le march\u00e9 du vintage de luxe.<\/p>\n<hr class=\"\" data-start=\"2167\" data-end=\"2170\" \/>\n<h3 class=\"\" data-start=\"2172\" data-end=\"2203\">Caract\u00e9ristiques du produit<\/h3>\n<ul data-start=\"2205\" data-end=\"2719\">\n<li class=\"\" data-start=\"2205\" data-end=\"2228\">\n<p class=\"\" data-start=\"2207\" data-end=\"2228\"><strong data-start=\"2207\" data-end=\"2219\">Marque :<\/strong> Herm\u00e8s<\/p>\n<\/li>\n<li class=\"\" data-start=\"2229\" data-end=\"2271\">\n<p class=\"\" data-start=\"2231\" data-end=\"2271\"><strong data-start=\"2231\" data-end=\"2243\">Mod\u00e8le :<\/strong> HAC (Haut \u00e0 Courroies) 40<\/p>\n<\/li>\n<li class=\"\" data-start=\"2272\" data-end=\"2305\">\n<p class=\"\" data-start=\"2274\" data-end=\"2305\"><strong data-start=\"2274\" data-end=\"2287\">Mati\u00e8re :<\/strong> Cuir Courchevel<\/p>\n<\/li>\n<li class=\"\" data-start=\"2306\" data-end=\"2370\">\n<p class=\"\" data-start=\"2308\" data-end=\"2370\"><strong data-start=\"2308\" data-end=\"2321\">Couleur :<\/strong> Gold (camel chaud avec surpiq\u00fbres contrast\u00e9es)<\/p>\n<\/li>\n<li class=\"\" data-start=\"2371\" data-end=\"2407\">\n<p class=\"\" data-start=\"2373\" data-end=\"2407\"><strong data-start=\"2373\" data-end=\"2388\">Finitions :<\/strong> M\u00e9tallerie dor\u00e9e<\/p>\n<\/li>\n<li class=\"\" data-start=\"2408\" data-end=\"2474\">\n<p class=\"\" data-start=\"2410\" data-end=\"2474\"><strong data-start=\"2410\" data-end=\"2425\">Fermeture :<\/strong> Rabat \u00e0 sanglons avec boucle et cadenas Herm\u00e8s<\/p>\n<\/li>\n<li class=\"\" data-start=\"2475\" data-end=\"2504\">\n<p class=\"\" data-start=\"2477\" data-end=\"2504\"><strong data-start=\"2477\" data-end=\"2491\">Poign\u00e9es :<\/strong> Port\u00e9 main<\/p>\n<\/li>\n<li class=\"\" data-start=\"2505\" data-end=\"2550\">\n<p class=\"\" data-start=\"2507\" data-end=\"2550\"><strong data-start=\"2507\" data-end=\"2522\">Int\u00e9rieur :<\/strong> Cuir lisse, poche plaqu\u00e9e<\/p>\n<\/li>\n<li class=\"\" data-start=\"2551\" data-end=\"2635\">\n<p class=\"\" data-start=\"2553\" data-end=\"2635\"><strong data-start=\"2553\" data-end=\"2563\">\u00c9tat :<\/strong> Tr\u00e8s bon \u2013 structure impeccable, cuir propre, l\u00e9g\u00e8re patine naturelle<\/p>\n<\/li>\n<li class=\"\" data-start=\"2636\" data-end=\"2719\">\n<p class=\"\" data-start=\"2638\" data-end=\"2719\"><strong data-start=\"2638\" data-end=\"2660\">Authentification :<\/strong> Certifi\u00e9 par expert \u2013 livr\u00e9 avec certificat d\u2019authenticit\u00e9<\/p>\n<\/li>\n<\/ul>\n<hr class=\"\" data-start=\"2721\" data-end=\"2724\" \/>\n<h3 class=\"\" data-start=\"2726\" data-end=\"2763\">Un format iconique et fonctionnel<\/h3>\n<p class=\"\" data-start=\"2765\" data-end=\"2791\">Le HAC 40 est id\u00e9al pour :<\/p>\n<ul data-start=\"2793\" data-end=\"3119\">\n<li class=\"\" data-start=\"2793\" data-end=\"2875\">\n<p class=\"\" data-start=\"2795\" data-end=\"2875\"><strong data-start=\"2795\" data-end=\"2832\">Les amateurs de sacs grand format<\/strong>, pour un usage professionnel ou week-end<\/p>\n<\/li>\n<li class=\"\" data-start=\"2876\" data-end=\"2963\">\n<p class=\"\" data-start=\"2878\" data-end=\"2963\"><strong data-start=\"2878\" data-end=\"2918\">Les collectionneurs d\u2019Herm\u00e8s vintage<\/strong>, \u00e0 la recherche de cuirs aujourd\u2019hui rares<\/p>\n<\/li>\n<li class=\"\" data-start=\"2964\" data-end=\"3038\">\n<p class=\"\" data-start=\"2966\" data-end=\"3038\"><strong data-start=\"2966\" data-end=\"2994\">Un usage quotidien styl\u00e9<\/strong>, pour affirmer un look affirm\u00e9 et luxueux<\/p>\n<\/li>\n<li class=\"\" data-start=\"3039\" data-end=\"3119\">\n<p class=\"\" data-start=\"3041\" data-end=\"3119\"><strong data-start=\"3041\" data-end=\"3069\">Un placement patrimonial<\/strong>, car les HAC vintage prennent fortement en valeur<\/p>\n<\/li>\n<\/ul>\n<hr class=\"\" data-start=\"3121\" data-end=\"3124\" \/>\n<h3 class=\"\" data-start=\"3126\" data-end=\"3183\">Pourquoi investir dans un sac Herm\u00e8s HAC Courchevel ?<\/h3>\n<ul data-start=\"3185\" data-end=\"3494\">\n<li class=\"\" data-start=\"3185\" data-end=\"3241\">\n<p class=\"\" data-start=\"3187\" data-end=\"3241\"><strong data-start=\"3187\" data-end=\"3210\">Mod\u00e8le embl\u00e9matique<\/strong>, moins courant que le Birkin<\/p>\n<\/li>\n<li class=\"\" data-start=\"3242\" data-end=\"3298\">\n<p class=\"\" data-start=\"3244\" data-end=\"3298\"><strong data-start=\"3244\" data-end=\"3263\">Cuir Courchevel<\/strong>, discontinu\u00e9 mais tr\u00e8s recherch\u00e9<\/p>\n<\/li>\n<li class=\"\" data-start=\"3299\" data-end=\"3361\">\n<p class=\"\" data-start=\"3301\" data-end=\"3361\"><strong data-start=\"3301\" data-end=\"3317\">Couleur gold<\/strong> + finitions dor\u00e9es = combinaison gagnante<\/p>\n<\/li>\n<li class=\"\" data-start=\"3362\" data-end=\"3429\">\n<p class=\"\" data-start=\"3364\" data-end=\"3429\"><strong data-start=\"3364\" data-end=\"3398\">Excellent \u00e9tat de conservation<\/strong>, valeur stable et croissante<\/p>\n<\/li>\n<li class=\"\" data-start=\"3430\" data-end=\"3494\">\n<p class=\"\" data-start=\"3432\" data-end=\"3494\"><strong data-start=\"3432\" data-end=\"3494\">Parfait comme pi\u00e8ce de collection ou d\u2019usage haut de gamme<\/strong><\/p>\n<\/li>\n<\/ul>\n<hr class=\"\" data-start=\"3496\" data-end=\"3499\" \/>\n<h3 class=\"\" data-start=\"3501\" data-end=\"3547\">Pourquoi acheter chez TheVintageTraveler ?<\/h3>\n<p class=\"\" data-start=\"3549\" data-end=\"3685\">Chez <strong data-start=\"3554\" data-end=\"3576\">TheVintageTraveler<\/strong>, nous s\u00e9lectionnons des sacs de luxe vintage rares, certifi\u00e9s et en superbe condition. Ce HAC 40 est livr\u00e9 :<\/p>\n<ul data-start=\"3687\" data-end=\"3860\">\n<li class=\"\" data-start=\"3687\" data-end=\"3725\">\n<p class=\"\" data-start=\"3689\" data-end=\"3725\">Avec <strong data-start=\"3694\" data-end=\"3723\">certificat d\u2019authenticit\u00e9<\/strong><\/p>\n<\/li>\n<li class=\"\" data-start=\"3726\" data-end=\"3755\">\n<p class=\"\" data-start=\"3728\" data-end=\"3755\"><strong data-start=\"3728\" data-end=\"3753\">Contr\u00f4l\u00e9 et expertis\u00e9<\/strong><\/p>\n<\/li>\n<li class=\"\" data-start=\"3756\" data-end=\"3860\">\n<p class=\"\" data-start=\"3758\" data-end=\"3860\"><strong data-start=\"3758\" data-end=\"3779\">Emball\u00e9 avec soin<\/strong>, pr\u00eat \u00e0 \u00eatre exp\u00e9di\u00e9 ou r\u00e9cup\u00e9r\u00e9 au <strong data-start=\"3816\" data-end=\"3860\">showroom du March\u00e9 Serpette (Saint-Ouen)<\/strong><\/p>\n<\/li>\n<\/ul>\n<hr class=\"\" data-start=\"3862\" data-end=\"3865\" \/>\n<h3 class=\"\" data-start=\"3867\" data-end=\"3881\">Conclusion<\/h3>\n<p class=\"\" data-start=\"3883\" data-end=\"4227\">Ce <strong data-start=\"3886\" data-end=\"3931\">sac Herm\u00e8s HAC 40 en cuir Courchevel gold<\/strong>, aux <strong data-start=\"3937\" data-end=\"3957\">finitions dor\u00e9es<\/strong>, est une <strong data-start=\"3967\" data-end=\"3993\">pi\u00e8ce iconique et rare<\/strong>, id\u00e9ale pour les passionn\u00e9s d\u2019Herm\u00e8s, les amateurs de beaux cuirs et les investisseurs dans la maroquinerie de luxe vintage. En <strong data-start=\"4122\" data-end=\"4139\">tr\u00e8s bon \u00e9tat<\/strong>, il offre une <strong data-start=\"4154\" data-end=\"4226\">combinaison parfaite de style, fonctionnalit\u00e9 et valeur patrimoniale<\/strong>.<\/p>\n<p>Suivez &#8211; nous sur <a href=\"https:\/\/www.facebook.com\/TheVintageTravelerFR\">Facebook<\/a> et <a href=\"https:\/\/www.instagram.com\/the_vintagetraveler\/?igsh=aXdsbDJkdnpwZjcx#\">Instagram<\/a><\/p>\n","protected":false},"excerpt":{"rendered":"<p>Sac Herm\u00e8s HAC 40 en cuir Courchevel gold, finitions dor\u00e9es. Tr\u00e8s bon \u00e9tat, rare et recherch\u00e9. Une pi\u00e8ce iconique, id\u00e9ale comme investissement de luxe.<\/p>\n","protected":false},"featured_media":4375,"template":"","meta":[],"product_brand":[],"product_cat":[115,140,112],"product_tag":[136,145],"class_list":{"0":"post-4371","1":"product","2":"type-product","3":"status-publish","4":"has-post-thumbnail","6":"product_cat-hermes","7":"product_cat-nouveautes","8":"product_cat-sacs","9":"product_tag-hermes","10":"product_tag-hermeshac","12":"first","13":"outofstock","14":"sold-individually","15":"shipping-taxable","16":"purchasable","17":"product-type-simple"},"yoast_head":"<!-- This site is optimized with the Yoast SEO plugin v27.1.1 - https:\/\/yoast.com\/product\/yoast-seo-wordpress\/ -->\n<title>Sac Herm\u00e8s HAC 40 Courchevel Gold Dor\u00e9 | TheVintageTraveler<\/title>\n<meta name=\"description\" content=\"Sac Herm\u00e8s HAC 40 en cuir Courchevel gold, finitions dor\u00e9es. Tr\u00e8s bon \u00e9tat. Mod\u00e8le rare, \u00e9l\u00e9gant et structur\u00e9. Excellent investissement luxe vintage.\" \/>\n<meta name=\"robots\" content=\"index, follow, max-snippet:-1, max-image-preview:large, max-video-preview:-1\" \/>\n<link rel=\"canonical\" href=\"https:\/\/thevintagetraveler.com\/en\/produit\/sac-hermes-hac-40-courchevel-gold-dore\/\" \/>\n<meta property=\"og:locale\" content=\"en_US\" \/>\n<meta property=\"og:type\" content=\"article\" \/>\n<meta property=\"og:title\" content=\"Sac Herm\u00e8s HAC 40 Courchevel Gold Dor\u00e9 | TheVintageTraveler\" \/>\n<meta property=\"og:description\" content=\"Sac Herm\u00e8s HAC 40 en cuir Courchevel gold, finitions dor\u00e9es. Tr\u00e8s bon \u00e9tat. Mod\u00e8le rare, \u00e9l\u00e9gant et structur\u00e9. Excellent investissement luxe vintage.\" \/>\n<meta property=\"og:url\" content=\"https:\/\/thevintagetraveler.com\/en\/produit\/sac-hermes-hac-40-courchevel-gold-dore\/\" \/>\n<meta property=\"og:site_name\" content=\"TheVintageTraveler\" \/>\n<meta property=\"article:publisher\" content=\"https:\/\/www.facebook.com\/TheVintageTravelerFR\/\" \/>\n<meta property=\"article:modified_time\" content=\"2025-09-30T12:59:12+00:00\" \/>\n<meta property=\"og:image\" content=\"https:\/\/thevintagetraveler.com\/wp-content\/uploads\/2025\/05\/20241025_164121.jpg\" \/>\n\t<meta property=\"og:image:width\" content=\"1500\" \/>\n\t<meta property=\"og:image:height\" content=\"2000\" \/>\n\t<meta property=\"og:image:type\" content=\"image\/jpeg\" \/>\n<meta name=\"twitter:card\" content=\"summary_large_image\" \/>\n<meta name=\"twitter:label1\" content=\"Est. reading time\" \/>\n\t<meta name=\"twitter:data1\" content=\"3 minutes\" \/>\n<script type=\"application\/ld+json\" class=\"yoast-schema-graph\">{\"@context\":\"https:\/\/schema.org\",\"@graph\":[{\"@type\":\"WebPage\",\"@id\":\"https:\/\/thevintagetraveler.com\/en\/produit\/sac-hermes-hac-40-courchevel-gold-dore\/\",\"url\":\"https:\/\/thevintagetraveler.com\/en\/produit\/sac-hermes-hac-40-courchevel-gold-dore\/\",\"name\":\"Sac Herm\u00e8s HAC 40 Courchevel Gold Dor\u00e9 | TheVintageTraveler\",\"isPartOf\":{\"@id\":\"https:\/\/thevintagetraveler.com\/en\/#website\"},\"primaryImageOfPage\":{\"@id\":\"https:\/\/thevintagetraveler.com\/en\/produit\/sac-hermes-hac-40-courchevel-gold-dore\/#primaryimage\"},\"image\":{\"@id\":\"https:\/\/thevintagetraveler.com\/en\/produit\/sac-hermes-hac-40-courchevel-gold-dore\/#primaryimage\"},\"thumbnailUrl\":\"https:\/\/thevintagetraveler.com\/wp-content\/uploads\/2025\/05\/20241025_164121.jpg\",\"datePublished\":\"2024-05-15T15:05:15+00:00\",\"dateModified\":\"2025-09-30T12:59:12+00:00\",\"description\":\"Sac Herm\u00e8s HAC 40 en cuir Courchevel gold, finitions dor\u00e9es. Tr\u00e8s bon \u00e9tat. Mod\u00e8le rare, \u00e9l\u00e9gant et structur\u00e9. Excellent investissement luxe vintage.\",\"breadcrumb\":{\"@id\":\"https:\/\/thevintagetraveler.com\/en\/produit\/sac-hermes-hac-40-courchevel-gold-dore\/#breadcrumb\"},\"inLanguage\":\"en-US\",\"potentialAction\":[{\"@type\":\"ReadAction\",\"target\":[\"https:\/\/thevintagetraveler.com\/en\/produit\/sac-hermes-hac-40-courchevel-gold-dore\/\"]}]},{\"@type\":\"ImageObject\",\"inLanguage\":\"en-US\",\"@id\":\"https:\/\/thevintagetraveler.com\/en\/produit\/sac-hermes-hac-40-courchevel-gold-dore\/#primaryimage\",\"url\":\"https:\/\/thevintagetraveler.com\/wp-content\/uploads\/2025\/05\/20241025_164121.jpg\",\"contentUrl\":\"https:\/\/thevintagetraveler.com\/wp-content\/uploads\/2025\/05\/20241025_164121.jpg\",\"width\":1500,\"height\":2000,\"caption\":\"sac Herm\u00e8s HAC 40 cuir Courchevel gold\"},{\"@type\":\"BreadcrumbList\",\"@id\":\"https:\/\/thevintagetraveler.com\/en\/produit\/sac-hermes-hac-40-courchevel-gold-dore\/#breadcrumb\",\"itemListElement\":[{\"@type\":\"ListItem\",\"position\":1,\"name\":\"Accueil\",\"item\":\"https:\/\/thevintagetraveler.com\/en\/\"},{\"@type\":\"ListItem\",\"position\":2,\"name\":\"Shop\",\"item\":\"https:\/\/thevintagetraveler.com\/shop\/\"},{\"@type\":\"ListItem\",\"position\":3,\"name\":\"Sac Herm\u00e8s HAC 40 Courchevel gold\"}]},{\"@type\":\"WebSite\",\"@id\":\"https:\/\/thevintagetraveler.com\/en\/#website\",\"url\":\"https:\/\/thevintagetraveler.com\/en\/\",\"name\":\"TheVintageTraveler\",\"description\":\"Luxury experts in Louis Vuitton, Chanel &amp; Herm\u00e8s\",\"publisher\":{\"@id\":\"https:\/\/thevintagetraveler.com\/en\/#organization\"},\"potentialAction\":[{\"@type\":\"SearchAction\",\"target\":{\"@type\":\"EntryPoint\",\"urlTemplate\":\"https:\/\/thevintagetraveler.com\/en\/?s={search_term_string}\"},\"query-input\":{\"@type\":\"PropertyValueSpecification\",\"valueRequired\":true,\"valueName\":\"search_term_string\"}}],\"inLanguage\":\"en-US\"},{\"@type\":\"Organization\",\"@id\":\"https:\/\/thevintagetraveler.com\/en\/#organization\",\"name\":\"TheVintageTraveler\",\"url\":\"https:\/\/thevintagetraveler.com\/en\/\",\"logo\":{\"@type\":\"ImageObject\",\"inLanguage\":\"en-US\",\"@id\":\"https:\/\/thevintagetraveler.com\/en\/#\/schema\/logo\/image\/\",\"url\":\"https:\/\/thevintagetraveler.com\/wp-content\/uploads\/2025\/04\/LOGO-THE-VINTAGE-TRAVELER-FINAL-e1745392697678.png\",\"contentUrl\":\"https:\/\/thevintagetraveler.com\/wp-content\/uploads\/2025\/04\/LOGO-THE-VINTAGE-TRAVELER-FINAL-e1745392697678.png\",\"width\":798,\"height\":318,\"caption\":\"TheVintageTraveler\"},\"image\":{\"@id\":\"https:\/\/thevintagetraveler.com\/en\/#\/schema\/logo\/image\/\"},\"sameAs\":[\"https:\/\/www.facebook.com\/TheVintageTravelerFR\/\",\"https:\/\/www.instagram.com\/the_vintagetraveler\"]}]}<\/script>\n<!-- \/ Yoast SEO plugin. -->","yoast_head_json":{"title":"Sac Herm\u00e8s HAC 40 Courchevel Gold Dor\u00e9 | TheVintageTraveler","description":"Sac Herm\u00e8s HAC 40 en cuir Courchevel gold, finitions dor\u00e9es. Tr\u00e8s bon \u00e9tat. Mod\u00e8le rare, \u00e9l\u00e9gant et structur\u00e9. Excellent investissement luxe vintage.","robots":{"index":"index","follow":"follow","max-snippet":"max-snippet:-1","max-image-preview":"max-image-preview:large","max-video-preview":"max-video-preview:-1"},"canonical":"https:\/\/thevintagetraveler.com\/en\/produit\/sac-hermes-hac-40-courchevel-gold-dore\/","og_locale":"en_US","og_type":"article","og_title":"Sac Herm\u00e8s HAC 40 Courchevel Gold Dor\u00e9 | TheVintageTraveler","og_description":"Sac Herm\u00e8s HAC 40 en cuir Courchevel gold, finitions dor\u00e9es. Tr\u00e8s bon \u00e9tat. Mod\u00e8le rare, \u00e9l\u00e9gant et structur\u00e9. Excellent investissement luxe vintage.","og_url":"https:\/\/thevintagetraveler.com\/en\/produit\/sac-hermes-hac-40-courchevel-gold-dore\/","og_site_name":"TheVintageTraveler","article_publisher":"https:\/\/www.facebook.com\/TheVintageTravelerFR\/","article_modified_time":"2025-09-30T12:59:12+00:00","og_image":[{"width":1500,"height":2000,"url":"https:\/\/thevintagetraveler.com\/wp-content\/uploads\/2025\/05\/20241025_164121.jpg","type":"image\/jpeg"}],"twitter_card":"summary_large_image","twitter_misc":{"Est. reading time":"3 minutes"},"schema":{"@context":"https:\/\/schema.org","@graph":[{"@type":"WebPage","@id":"https:\/\/thevintagetraveler.com\/en\/produit\/sac-hermes-hac-40-courchevel-gold-dore\/","url":"https:\/\/thevintagetraveler.com\/en\/produit\/sac-hermes-hac-40-courchevel-gold-dore\/","name":"Sac Herm\u00e8s HAC 40 Courchevel Gold Dor\u00e9 | TheVintageTraveler","isPartOf":{"@id":"https:\/\/thevintagetraveler.com\/en\/#website"},"primaryImageOfPage":{"@id":"https:\/\/thevintagetraveler.com\/en\/produit\/sac-hermes-hac-40-courchevel-gold-dore\/#primaryimage"},"image":{"@id":"https:\/\/thevintagetraveler.com\/en\/produit\/sac-hermes-hac-40-courchevel-gold-dore\/#primaryimage"},"thumbnailUrl":"https:\/\/thevintagetraveler.com\/wp-content\/uploads\/2025\/05\/20241025_164121.jpg","datePublished":"2024-05-15T15:05:15+00:00","dateModified":"2025-09-30T12:59:12+00:00","description":"Sac Herm\u00e8s HAC 40 en cuir Courchevel gold, finitions dor\u00e9es. Tr\u00e8s bon \u00e9tat. Mod\u00e8le rare, \u00e9l\u00e9gant et structur\u00e9. Excellent investissement luxe vintage.","breadcrumb":{"@id":"https:\/\/thevintagetraveler.com\/en\/produit\/sac-hermes-hac-40-courchevel-gold-dore\/#breadcrumb"},"inLanguage":"en-US","potentialAction":[{"@type":"ReadAction","target":["https:\/\/thevintagetraveler.com\/en\/produit\/sac-hermes-hac-40-courchevel-gold-dore\/"]}]},{"@type":"ImageObject","inLanguage":"en-US","@id":"https:\/\/thevintagetraveler.com\/en\/produit\/sac-hermes-hac-40-courchevel-gold-dore\/#primaryimage","url":"https:\/\/thevintagetraveler.com\/wp-content\/uploads\/2025\/05\/20241025_164121.jpg","contentUrl":"https:\/\/thevintagetraveler.com\/wp-content\/uploads\/2025\/05\/20241025_164121.jpg","width":1500,"height":2000,"caption":"sac Herm\u00e8s HAC 40 cuir Courchevel gold"},{"@type":"BreadcrumbList","@id":"https:\/\/thevintagetraveler.com\/en\/produit\/sac-hermes-hac-40-courchevel-gold-dore\/#breadcrumb","itemListElement":[{"@type":"ListItem","position":1,"name":"Accueil","item":"https:\/\/thevintagetraveler.com\/en\/"},{"@type":"ListItem","position":2,"name":"Shop","item":"https:\/\/thevintagetraveler.com\/shop\/"},{"@type":"ListItem","position":3,"name":"Sac Herm\u00e8s HAC 40 Courchevel gold"}]},{"@type":"WebSite","@id":"https:\/\/thevintagetraveler.com\/en\/#website","url":"https:\/\/thevintagetraveler.com\/en\/","name":"TheVintageTraveler","description":"Luxury experts in Louis Vuitton, Chanel &amp; Herm\u00e8s","publisher":{"@id":"https:\/\/thevintagetraveler.com\/en\/#organization"},"potentialAction":[{"@type":"SearchAction","target":{"@type":"EntryPoint","urlTemplate":"https:\/\/thevintagetraveler.com\/en\/?s={search_term_string}"},"query-input":{"@type":"PropertyValueSpecification","valueRequired":true,"valueName":"search_term_string"}}],"inLanguage":"en-US"},{"@type":"Organization","@id":"https:\/\/thevintagetraveler.com\/en\/#organization","name":"TheVintageTraveler","url":"https:\/\/thevintagetraveler.com\/en\/","logo":{"@type":"ImageObject","inLanguage":"en-US","@id":"https:\/\/thevintagetraveler.com\/en\/#\/schema\/logo\/image\/","url":"https:\/\/thevintagetraveler.com\/wp-content\/uploads\/2025\/04\/LOGO-THE-VINTAGE-TRAVELER-FINAL-e1745392697678.png","contentUrl":"https:\/\/thevintagetraveler.com\/wp-content\/uploads\/2025\/04\/LOGO-THE-VINTAGE-TRAVELER-FINAL-e1745392697678.png","width":798,"height":318,"caption":"TheVintageTraveler"},"image":{"@id":"https:\/\/thevintagetraveler.com\/en\/#\/schema\/logo\/image\/"},"sameAs":["https:\/\/www.facebook.com\/TheVintageTravelerFR\/","https:\/\/www.instagram.com\/the_vintagetraveler"]}]}},"_links":{"self":[{"href":"https:\/\/thevintagetraveler.com\/en\/wp-json\/wp\/v2\/product\/4371","targetHints":{"allow":["GET"]}}],"collection":[{"href":"https:\/\/thevintagetraveler.com\/en\/wp-json\/wp\/v2\/product"}],"about":[{"href":"https:\/\/thevintagetraveler.com\/en\/wp-json\/wp\/v2\/types\/product"}],"wp:featuredmedia":[{"embeddable":true,"href":"https:\/\/thevintagetraveler.com\/en\/wp-json\/wp\/v2\/media\/4375"}],"wp:attachment":[{"href":"https:\/\/thevintagetraveler.com\/en\/wp-json\/wp\/v2\/media?parent=4371"}],"wp:term":[{"taxonomy":"product_brand","embeddable":true,"href":"https:\/\/thevintagetraveler.com\/en\/wp-json\/wp\/v2\/product_brand?post=4371"},{"taxonomy":"product_cat","embeddable":true,"href":"https:\/\/thevintagetraveler.com\/en\/wp-json\/wp\/v2\/product_cat?post=4371"},{"taxonomy":"product_tag","embeddable":true,"href":"https:\/\/thevintagetraveler.com\/en\/wp-json\/wp\/v2\/product_tag?post=4371"}],"curies":[{"name":"wp","href":"https:\/\/api.w.org\/{rel}","templated":true}]}}