{"id":4411,"date":"2025-05-22T16:22:02","date_gmt":"2025-05-22T14:22:02","guid":{"rendered":"https:\/\/thevintagetraveler.com\/?post_type=product&#038;p=4411"},"modified":"2025-05-22T16:32:33","modified_gmt":"2025-05-22T14:32:33","slug":"boite-champagne-louis-vuitton-dom-perignon-1998","status":"publish","type":"product","link":"https:\/\/thevintagetraveler.com\/en\/produit\/boite-champagne-louis-vuitton-dom-perignon-1998\/","title":{"rendered":"Boite \u00e0 champagne Louis Vuitton X Dom P\u00e9rignon"},"content":{"rendered":"<h3 data-start=\"1081\" data-end=\"1174\">Bo\u00eete \u00e0 Champagne Louis Vuitton X Dom P\u00e9rignon \u2013 \u00c9dition Limit\u00e9e 1998, Avec Fourreau Cuir<\/h3>\n<p data-start=\"1176\" data-end=\"1581\">Voici une <strong data-start=\"1186\" data-end=\"1221\">pi\u00e8ce de collection d\u2019exception<\/strong> : la <strong data-start=\"1227\" data-end=\"1277\">bo\u00eete \u00e0 champagne Louis Vuitton x Dom P\u00e9rignon<\/strong>, issue d\u2019une <strong data-start=\"1291\" data-end=\"1353\">\u00e9dition limit\u00e9e \u00e0 seulement 1000 exemplaires dans le monde<\/strong>, lanc\u00e9e en <strong data-start=\"1365\" data-end=\"1373\">1998<\/strong>. R\u00e9sultat d\u2019une <strong data-start=\"1390\" data-end=\"1453\">collaboration entre deux maisons iconiques du luxe fran\u00e7ais<\/strong>, elle allie le savoir-faire artisanal de Louis Vuitton \u00e0 l\u2019univers raffin\u00e9 de la prestigieuse maison de champagne Dom P\u00e9rignon.<\/p>\n<p data-start=\"1583\" data-end=\"1764\">Elle est ici propos\u00e9e <strong data-start=\"1605\" data-end=\"1632\">avec sa bo\u00eete d\u2019origine<\/strong> ainsi que son <strong data-start=\"1647\" data-end=\"1701\">fourreau pour bouteille en cuir de vache naturelle<\/strong>, estampill\u00e9 <a href=\"https:\/\/thevintagetraveler.com\/malles-louis-vuitton-vintage\/\">Louis Vuitton<\/a>. <strong data-start=\"1729\" data-end=\"1763\">La bouteille n\u2019est pas incluse<\/strong>.<\/p>\n<hr data-start=\"1766\" data-end=\"1769\" \/>\n<h3 data-start=\"1771\" data-end=\"1819\">Une pi\u00e8ce de collection rare et prestigieuse<\/h3>\n<p data-start=\"1821\" data-end=\"2118\">R\u00e9alis\u00e9e \u00e0 l\u2019occasion d\u2019une \u00e9dition sp\u00e9ciale de la cuv\u00e9e Dom P\u00e9rignon, cette bo\u00eete est con\u00e7ue dans <strong data-start=\"1920\" data-end=\"1956\">l\u2019esprit malletier Louis Vuitton<\/strong>, avec un design sobre, \u00e9pur\u00e9 et hautement qualitatif. Son format compact, sa toile rigide et ses finitions soign\u00e9es en font une <strong data-start=\"2085\" data-end=\"2117\">v\u00e9ritable mini-malle de luxe<\/strong>.<\/p>\n<p data-start=\"2120\" data-end=\"2287\">Ce coffret a \u00e9t\u00e9 produit <strong data-start=\"2145\" data-end=\"2177\">\u00e0 seulement 1000 exemplaires<\/strong>, ce qui en fait aujourd\u2019hui une <strong data-start=\"2210\" data-end=\"2241\">pi\u00e8ce extr\u00eamement convoit\u00e9e<\/strong> sur le march\u00e9 du luxe et du design collector.<\/p>\n<hr data-start=\"2289\" data-end=\"2292\" \/>\n<h3 data-start=\"2294\" data-end=\"2325\">Caract\u00e9ristiques du produit<\/h3>\n<ul data-start=\"2327\" data-end=\"2925\">\n<li data-start=\"2327\" data-end=\"2372\">\n<p data-start=\"2329\" data-end=\"2372\"><strong data-start=\"2329\" data-end=\"2341\">Marque :<\/strong> Louis Vuitton x Dom P\u00e9rignon<\/p>\n<\/li>\n<li data-start=\"2373\" data-end=\"2393\">\n<p data-start=\"2375\" data-end=\"2393\"><strong data-start=\"2375\" data-end=\"2386\">Ann\u00e9e :<\/strong> 1998<\/p>\n<\/li>\n<li data-start=\"2394\" data-end=\"2453\">\n<p data-start=\"2396\" data-end=\"2453\"><strong data-start=\"2396\" data-end=\"2409\">\u00c9dition :<\/strong> Limit\u00e9e \u00e0 1\u202f000 exemplaires dans le monde<\/p>\n<\/li>\n<li data-start=\"2454\" data-end=\"2528\">\n<p data-start=\"2456\" data-end=\"2528\"><strong data-start=\"2456\" data-end=\"2469\">Mati\u00e8re :<\/strong> Toile rigide + cuir vache naturelle (fourreau int\u00e9rieur)<\/p>\n<\/li>\n<li data-start=\"2529\" data-end=\"2622\">\n<p data-start=\"2531\" data-end=\"2622\"><strong data-start=\"2531\" data-end=\"2555\">Accessoires inclus :<\/strong> Bo\u00eete d\u2019origine Louis Vuitton + fourreau porte-bouteille en cuir<\/p>\n<\/li>\n<li data-start=\"2687\" data-end=\"2733\">\n<p data-start=\"2689\" data-end=\"2733\"><strong data-start=\"2689\" data-end=\"2705\">Dimensions :<\/strong> Format bouteille standard<\/p>\n<\/li>\n<li data-start=\"2734\" data-end=\"2817\">\n<p data-start=\"2736\" data-end=\"2817\"><strong data-start=\"2736\" data-end=\"2746\">\u00c9tat :<\/strong> Tr\u00e8s bon \u2013 int\u00e9rieur propre, cuir patin\u00e9 avec charme, bo\u00eete compl\u00e8te<\/p>\n<\/li>\n<li data-start=\"2818\" data-end=\"2894\">\n<p data-start=\"2820\" data-end=\"2894\"><strong data-start=\"2820\" data-end=\"2842\">Authentification :<\/strong> Certifi\u00e9e \u2013 livr\u00e9e avec certificat d\u2019authenticit\u00e9<\/p>\n<\/li>\n<li data-start=\"2895\" data-end=\"2925\">\n<p data-start=\"2897\" data-end=\"2925\"><strong data-start=\"2897\" data-end=\"2925\">\u26a0\ufe0f Bouteille non incluse<\/strong><\/p>\n<\/li>\n<\/ul>\n<hr data-start=\"2927\" data-end=\"2930\" \/>\n<h3 data-start=\"2932\" data-end=\"2979\">Un objet de luxe pour collectionneur averti<\/h3>\n<p data-start=\"2981\" data-end=\"3010\">Cette bo\u00eete est id\u00e9ale pour :<\/p>\n<ul data-start=\"3012\" data-end=\"3303\">\n<li data-start=\"3012\" data-end=\"3071\">\n<p data-start=\"3014\" data-end=\"3071\">Les <strong data-start=\"3018\" data-end=\"3069\">collectionneurs de collaborations Louis Vuitton<\/strong><\/p>\n<\/li>\n<li data-start=\"3072\" data-end=\"3124\">\n<p data-start=\"3074\" data-end=\"3124\">Les <strong data-start=\"3078\" data-end=\"3122\">amateurs de vin et champagne de prestige<\/strong><\/p>\n<\/li>\n<li data-start=\"3125\" data-end=\"3208\">\n<p data-start=\"3127\" data-end=\"3208\">\u00catre expos\u00e9e dans une <strong data-start=\"3149\" data-end=\"3206\">cave \u00e0 vin, un bar priv\u00e9 ou une vitrine de collection<\/strong><\/p>\n<\/li>\n<li data-start=\"3209\" data-end=\"3303\">\n<p data-start=\"3211\" data-end=\"3303\">Offrir un <strong data-start=\"3221\" data-end=\"3246\">cadeau ultra exclusif<\/strong> \u00e0 un amateur de Dom P\u00e9rignon ou de maroquinerie ancienne<\/p>\n<\/li>\n<\/ul>\n<p data-start=\"3305\" data-end=\"3423\">C\u2019est une <strong data-start=\"3315\" data-end=\"3339\">\u0153uvre de design rare<\/strong>, \u00e0 la crois\u00e9e de la bagagerie, de l\u2019art de vivre et du patrimoine du luxe fran\u00e7ais.<\/p>\n<hr data-start=\"3425\" data-end=\"3428\" \/>\n<h3 data-start=\"3430\" data-end=\"3499\">Pourquoi investir dans cette bo\u00eete Louis Vuitton x Dom P\u00e9rignon ?<\/h3>\n<ul data-start=\"3501\" data-end=\"3829\">\n<li data-start=\"3501\" data-end=\"3549\">\n<p data-start=\"3503\" data-end=\"3549\"><strong data-start=\"3503\" data-end=\"3528\">\u00c9dition ultra limit\u00e9e<\/strong> \u00e0 1000 exemplaires<\/p>\n<\/li>\n<li data-start=\"3550\" data-end=\"3618\">\n<p data-start=\"3552\" data-end=\"3618\"><strong data-start=\"3552\" data-end=\"3569\">Objet hybride<\/strong> entre malle, cave \u00e0 vin et objet de collection<\/p>\n<\/li>\n<li data-start=\"3619\" data-end=\"3688\">\n<p data-start=\"3621\" data-end=\"3688\"><strong data-start=\"3621\" data-end=\"3672\">Avec bo\u00eete d\u2019origine + fourreau en cuir naturel<\/strong> estampill\u00e9 LV<\/p>\n<\/li>\n<li data-start=\"3689\" data-end=\"3750\">\n<p data-start=\"3691\" data-end=\"3750\"><strong data-start=\"3691\" data-end=\"3748\">Pi\u00e8ce unique sur le march\u00e9 de la seconde main de luxe<\/strong><\/p>\n<\/li>\n<li data-start=\"3751\" data-end=\"3829\">\n<p data-start=\"3753\" data-end=\"3829\"><strong data-start=\"3753\" data-end=\"3774\">Valeur croissante<\/strong> dans les univers du luxe vintage et du vin de prestige<\/p>\n<\/li>\n<\/ul>\n<hr data-start=\"3831\" data-end=\"3834\" \/>\n<h3 data-start=\"3836\" data-end=\"3882\">Pourquoi acheter chez TheVintageTraveler ?<\/h3>\n<p data-start=\"3884\" data-end=\"3934\">Chez <strong data-start=\"3889\" data-end=\"3911\">TheVintageTraveler<\/strong>, nous vous proposons :<\/p>\n<ul data-start=\"3936\" data-end=\"4186\">\n<li data-start=\"3936\" data-end=\"3992\">\n<p data-start=\"3938\" data-end=\"3992\">Des <strong data-start=\"3942\" data-end=\"3972\">pi\u00e8ces rares et certifi\u00e9es<\/strong>, avec tra\u00e7abilit\u00e9<\/p>\n<\/li>\n<li data-start=\"3993\" data-end=\"4029\">\n<p data-start=\"3995\" data-end=\"4029\">Une <strong data-start=\"3999\" data-end=\"4027\">authentification experte<\/strong><\/p>\n<\/li>\n<li data-start=\"4030\" data-end=\"4118\">\n<p data-start=\"4032\" data-end=\"4118\">Une <strong data-start=\"4036\" data-end=\"4059\">livraison s\u00e9curis\u00e9e<\/strong>, ou <strong data-start=\"4064\" data-end=\"4116\">retrait showroom au March\u00e9 Serpette (Saint-Ouen)<\/strong><\/p>\n<\/li>\n<li data-start=\"4119\" data-end=\"4186\">\n<p data-start=\"4121\" data-end=\"4186\">Un <strong data-start=\"4124\" data-end=\"4148\">service personnalis\u00e9<\/strong>, adapt\u00e9 aux collectionneurs exigeants<\/p>\n<\/li>\n<\/ul>\n<hr data-start=\"4188\" data-end=\"4191\" \/>\n<h3 data-start=\"4193\" data-end=\"4207\">Conclusion<\/h3>\n<p data-start=\"4209\" data-end=\"4647\">Cette <strong data-start=\"4215\" data-end=\"4290\">bo\u00eete \u00e0 champagne Louis Vuitton x Dom P\u00e9rignon, \u00e9dition limit\u00e9e de 1998<\/strong>, est bien plus qu\u2019un accessoire : c\u2019est une <strong data-start=\"4335\" data-end=\"4368\">\u0153uvre de collection exclusive<\/strong>, alliant deux maisons embl\u00e9matiques du luxe. Livr\u00e9e avec sa <strong data-start=\"4429\" data-end=\"4448\">bo\u00eete d\u2019origine<\/strong> et son <strong data-start=\"4456\" data-end=\"4484\">fourreau en cuir naturel<\/strong>, elle incarne le <strong data-start=\"4502\" data-end=\"4546\">raffinement ultime du lifestyle fran\u00e7ais<\/strong>. Une <strong data-start=\"4552\" data-end=\"4599\">pi\u00e8ce rare, \u00e9l\u00e9gante et hautement d\u00e9sirable<\/strong> pour tout amateur de prestige et d\u2019exclusivit\u00e9.<\/p>\n<p>Suivez &#8211; nous sur <a href=\"https:\/\/www.facebook.com\/TheVintageTravelerFR\">Facebook<\/a> et <a href=\"https:\/\/www.instagram.com\/the_vintagetraveler\/?igsh=aXdsbDJkdnpwZjcx#\">Instagram<\/a><\/p>\n","protected":false},"excerpt":{"rendered":"<p>Bo\u00eete \u00e0 champagne Louis Vuitton x Dom P\u00e9rignon, \u00e9dition limit\u00e9e \u00e0 1000 exemplaires (1998). Avec fourreau en cuir vache naturel. Objet de collection rare.<\/p>\n","protected":false},"featured_media":4418,"template":"","meta":[],"product_brand":[],"product_cat":[126,128,284,274,305,170,279],"product_tag":[275],"class_list":{"0":"post-4411","1":"product","2":"type-product","3":"status-publish","4":"has-post-thumbnail","6":"product_cat-accessoires-de-luxe-vintage","7":"product_cat-lifestyle-maison","8":"product_cat-louis-vuitton","9":"product_cat-news","10":"product_cat-handbag-3","11":"product_cat-sac-de-voyage-louis-vuitton","12":"product_cat-bags","13":"product_tag-louisvuitton","15":"first","16":"instock","17":"sold-individually","18":"shipping-taxable","19":"purchasable","20":"product-type-simple"},"yoast_head":"<!-- This site is optimized with the Yoast SEO plugin v27.1.1 - https:\/\/yoast.com\/product\/yoast-seo-wordpress\/ -->\n<title>Bo\u00eete Champagne Louis Vuitton X Dom P\u00e9rignon 1998<\/title>\n<meta name=\"description\" content=\"Bo\u00eete \u00e0 champagne Louis Vuitton x Dom P\u00e9rignon, \u00e9dition limit\u00e9e 1998. 1\u202f000 ex. seulement. Avec fourreau cuir et bo\u00eete d\u2019origine. Pi\u00e8ce de collection rare.\" \/>\n<meta name=\"robots\" content=\"index, follow, max-snippet:-1, max-image-preview:large, max-video-preview:-1\" \/>\n<link rel=\"canonical\" href=\"https:\/\/thevintagetraveler.com\/en\/produit\/boite-champagne-louis-vuitton-dom-perignon-1998\/\" \/>\n<meta property=\"og:locale\" content=\"en_US\" \/>\n<meta property=\"og:type\" content=\"article\" \/>\n<meta property=\"og:title\" content=\"Bo\u00eete Champagne Louis Vuitton X Dom P\u00e9rignon 1998\" \/>\n<meta property=\"og:description\" content=\"Bo\u00eete \u00e0 champagne Louis Vuitton x Dom P\u00e9rignon, \u00e9dition limit\u00e9e 1998. 1\u202f000 ex. seulement. Avec fourreau cuir et bo\u00eete d\u2019origine. Pi\u00e8ce de collection rare.\" \/>\n<meta property=\"og:url\" content=\"https:\/\/thevintagetraveler.com\/en\/produit\/boite-champagne-louis-vuitton-dom-perignon-1998\/\" \/>\n<meta property=\"og:site_name\" content=\"TheVintageTraveler\" \/>\n<meta property=\"article:publisher\" content=\"https:\/\/www.facebook.com\/TheVintageTravelerFR\/\" \/>\n<meta property=\"article:modified_time\" content=\"2025-05-22T14:32:33+00:00\" \/>\n<meta property=\"og:image\" content=\"https:\/\/thevintagetraveler.com\/wp-content\/uploads\/2025\/05\/20240927_161959-1.jpg\" \/>\n\t<meta property=\"og:image:width\" content=\"1500\" \/>\n\t<meta property=\"og:image:height\" content=\"2000\" \/>\n\t<meta property=\"og:image:type\" content=\"image\/jpeg\" \/>\n<meta name=\"twitter:card\" content=\"summary_large_image\" \/>\n<meta name=\"twitter:label1\" content=\"Est. reading time\" \/>\n\t<meta name=\"twitter:data1\" content=\"3 minutes\" \/>\n<script type=\"application\/ld+json\" class=\"yoast-schema-graph\">{\"@context\":\"https:\/\/schema.org\",\"@graph\":[{\"@type\":\"WebPage\",\"@id\":\"https:\/\/thevintagetraveler.com\/en\/produit\/boite-champagne-louis-vuitton-dom-perignon-1998\/\",\"url\":\"https:\/\/thevintagetraveler.com\/en\/produit\/boite-champagne-louis-vuitton-dom-perignon-1998\/\",\"name\":\"Bo\u00eete Champagne Louis Vuitton X Dom P\u00e9rignon 1998\",\"isPartOf\":{\"@id\":\"https:\/\/thevintagetraveler.com\/en\/#website\"},\"primaryImageOfPage\":{\"@id\":\"https:\/\/thevintagetraveler.com\/en\/produit\/boite-champagne-louis-vuitton-dom-perignon-1998\/#primaryimage\"},\"image\":{\"@id\":\"https:\/\/thevintagetraveler.com\/en\/produit\/boite-champagne-louis-vuitton-dom-perignon-1998\/#primaryimage\"},\"thumbnailUrl\":\"https:\/\/thevintagetraveler.com\/wp-content\/uploads\/2025\/05\/20240927_161959-1.jpg\",\"datePublished\":\"2025-05-22T14:22:02+00:00\",\"dateModified\":\"2025-05-22T14:32:33+00:00\",\"description\":\"Bo\u00eete \u00e0 champagne Louis Vuitton x Dom P\u00e9rignon, \u00e9dition limit\u00e9e 1998. 1\u202f000 ex. seulement. Avec fourreau cuir et bo\u00eete d\u2019origine. Pi\u00e8ce de collection rare.\",\"breadcrumb\":{\"@id\":\"https:\/\/thevintagetraveler.com\/en\/produit\/boite-champagne-louis-vuitton-dom-perignon-1998\/#breadcrumb\"},\"inLanguage\":\"en-US\",\"potentialAction\":[{\"@type\":\"ReadAction\",\"target\":[\"https:\/\/thevintagetraveler.com\/en\/produit\/boite-champagne-louis-vuitton-dom-perignon-1998\/\"]}]},{\"@type\":\"ImageObject\",\"inLanguage\":\"en-US\",\"@id\":\"https:\/\/thevintagetraveler.com\/en\/produit\/boite-champagne-louis-vuitton-dom-perignon-1998\/#primaryimage\",\"url\":\"https:\/\/thevintagetraveler.com\/wp-content\/uploads\/2025\/05\/20240927_161959-1.jpg\",\"contentUrl\":\"https:\/\/thevintagetraveler.com\/wp-content\/uploads\/2025\/05\/20240927_161959-1.jpg\",\"width\":1500,\"height\":2000,\"caption\":\"bo\u00eete \u00e0 champagne Louis Vuitton Dom P\u00e9rignon 1998\"},{\"@type\":\"BreadcrumbList\",\"@id\":\"https:\/\/thevintagetraveler.com\/en\/produit\/boite-champagne-louis-vuitton-dom-perignon-1998\/#breadcrumb\",\"itemListElement\":[{\"@type\":\"ListItem\",\"position\":1,\"name\":\"Accueil\",\"item\":\"https:\/\/thevintagetraveler.com\/en\/\"},{\"@type\":\"ListItem\",\"position\":2,\"name\":\"Shop\",\"item\":\"https:\/\/thevintagetraveler.com\/shop\/\"},{\"@type\":\"ListItem\",\"position\":3,\"name\":\"Boite \u00e0 champagne Louis Vuitton X Dom P\u00e9rignon\"}]},{\"@type\":\"WebSite\",\"@id\":\"https:\/\/thevintagetraveler.com\/en\/#website\",\"url\":\"https:\/\/thevintagetraveler.com\/en\/\",\"name\":\"TheVintageTraveler\",\"description\":\"Luxury experts in Louis Vuitton, Chanel &amp; Herm\u00e8s\",\"publisher\":{\"@id\":\"https:\/\/thevintagetraveler.com\/en\/#organization\"},\"potentialAction\":[{\"@type\":\"SearchAction\",\"target\":{\"@type\":\"EntryPoint\",\"urlTemplate\":\"https:\/\/thevintagetraveler.com\/en\/?s={search_term_string}\"},\"query-input\":{\"@type\":\"PropertyValueSpecification\",\"valueRequired\":true,\"valueName\":\"search_term_string\"}}],\"inLanguage\":\"en-US\"},{\"@type\":\"Organization\",\"@id\":\"https:\/\/thevintagetraveler.com\/en\/#organization\",\"name\":\"TheVintageTraveler\",\"url\":\"https:\/\/thevintagetraveler.com\/en\/\",\"logo\":{\"@type\":\"ImageObject\",\"inLanguage\":\"en-US\",\"@id\":\"https:\/\/thevintagetraveler.com\/en\/#\/schema\/logo\/image\/\",\"url\":\"https:\/\/thevintagetraveler.com\/wp-content\/uploads\/2025\/04\/LOGO-THE-VINTAGE-TRAVELER-FINAL-e1745392697678.png\",\"contentUrl\":\"https:\/\/thevintagetraveler.com\/wp-content\/uploads\/2025\/04\/LOGO-THE-VINTAGE-TRAVELER-FINAL-e1745392697678.png\",\"width\":798,\"height\":318,\"caption\":\"TheVintageTraveler\"},\"image\":{\"@id\":\"https:\/\/thevintagetraveler.com\/en\/#\/schema\/logo\/image\/\"},\"sameAs\":[\"https:\/\/www.facebook.com\/TheVintageTravelerFR\/\",\"https:\/\/www.instagram.com\/the_vintagetraveler\"]}]}<\/script>\n<!-- \/ Yoast SEO plugin. -->","yoast_head_json":{"title":"Bo\u00eete Champagne Louis Vuitton X Dom P\u00e9rignon 1998","description":"Bo\u00eete \u00e0 champagne Louis Vuitton x Dom P\u00e9rignon, \u00e9dition limit\u00e9e 1998. 1\u202f000 ex. seulement. Avec fourreau cuir et bo\u00eete d\u2019origine. Pi\u00e8ce de collection rare.","robots":{"index":"index","follow":"follow","max-snippet":"max-snippet:-1","max-image-preview":"max-image-preview:large","max-video-preview":"max-video-preview:-1"},"canonical":"https:\/\/thevintagetraveler.com\/en\/produit\/boite-champagne-louis-vuitton-dom-perignon-1998\/","og_locale":"en_US","og_type":"article","og_title":"Bo\u00eete Champagne Louis Vuitton X Dom P\u00e9rignon 1998","og_description":"Bo\u00eete \u00e0 champagne Louis Vuitton x Dom P\u00e9rignon, \u00e9dition limit\u00e9e 1998. 1\u202f000 ex. seulement. Avec fourreau cuir et bo\u00eete d\u2019origine. Pi\u00e8ce de collection rare.","og_url":"https:\/\/thevintagetraveler.com\/en\/produit\/boite-champagne-louis-vuitton-dom-perignon-1998\/","og_site_name":"TheVintageTraveler","article_publisher":"https:\/\/www.facebook.com\/TheVintageTravelerFR\/","article_modified_time":"2025-05-22T14:32:33+00:00","og_image":[{"width":1500,"height":2000,"url":"https:\/\/thevintagetraveler.com\/wp-content\/uploads\/2025\/05\/20240927_161959-1.jpg","type":"image\/jpeg"}],"twitter_card":"summary_large_image","twitter_misc":{"Est. reading time":"3 minutes"},"schema":{"@context":"https:\/\/schema.org","@graph":[{"@type":"WebPage","@id":"https:\/\/thevintagetraveler.com\/en\/produit\/boite-champagne-louis-vuitton-dom-perignon-1998\/","url":"https:\/\/thevintagetraveler.com\/en\/produit\/boite-champagne-louis-vuitton-dom-perignon-1998\/","name":"Bo\u00eete Champagne Louis Vuitton X Dom P\u00e9rignon 1998","isPartOf":{"@id":"https:\/\/thevintagetraveler.com\/en\/#website"},"primaryImageOfPage":{"@id":"https:\/\/thevintagetraveler.com\/en\/produit\/boite-champagne-louis-vuitton-dom-perignon-1998\/#primaryimage"},"image":{"@id":"https:\/\/thevintagetraveler.com\/en\/produit\/boite-champagne-louis-vuitton-dom-perignon-1998\/#primaryimage"},"thumbnailUrl":"https:\/\/thevintagetraveler.com\/wp-content\/uploads\/2025\/05\/20240927_161959-1.jpg","datePublished":"2025-05-22T14:22:02+00:00","dateModified":"2025-05-22T14:32:33+00:00","description":"Bo\u00eete \u00e0 champagne Louis Vuitton x Dom P\u00e9rignon, \u00e9dition limit\u00e9e 1998. 1\u202f000 ex. seulement. Avec fourreau cuir et bo\u00eete d\u2019origine. Pi\u00e8ce de collection rare.","breadcrumb":{"@id":"https:\/\/thevintagetraveler.com\/en\/produit\/boite-champagne-louis-vuitton-dom-perignon-1998\/#breadcrumb"},"inLanguage":"en-US","potentialAction":[{"@type":"ReadAction","target":["https:\/\/thevintagetraveler.com\/en\/produit\/boite-champagne-louis-vuitton-dom-perignon-1998\/"]}]},{"@type":"ImageObject","inLanguage":"en-US","@id":"https:\/\/thevintagetraveler.com\/en\/produit\/boite-champagne-louis-vuitton-dom-perignon-1998\/#primaryimage","url":"https:\/\/thevintagetraveler.com\/wp-content\/uploads\/2025\/05\/20240927_161959-1.jpg","contentUrl":"https:\/\/thevintagetraveler.com\/wp-content\/uploads\/2025\/05\/20240927_161959-1.jpg","width":1500,"height":2000,"caption":"bo\u00eete \u00e0 champagne Louis Vuitton Dom P\u00e9rignon 1998"},{"@type":"BreadcrumbList","@id":"https:\/\/thevintagetraveler.com\/en\/produit\/boite-champagne-louis-vuitton-dom-perignon-1998\/#breadcrumb","itemListElement":[{"@type":"ListItem","position":1,"name":"Accueil","item":"https:\/\/thevintagetraveler.com\/en\/"},{"@type":"ListItem","position":2,"name":"Shop","item":"https:\/\/thevintagetraveler.com\/shop\/"},{"@type":"ListItem","position":3,"name":"Boite \u00e0 champagne Louis Vuitton X Dom P\u00e9rignon"}]},{"@type":"WebSite","@id":"https:\/\/thevintagetraveler.com\/en\/#website","url":"https:\/\/thevintagetraveler.com\/en\/","name":"TheVintageTraveler","description":"Luxury experts in Louis Vuitton, Chanel &amp; Herm\u00e8s","publisher":{"@id":"https:\/\/thevintagetraveler.com\/en\/#organization"},"potentialAction":[{"@type":"SearchAction","target":{"@type":"EntryPoint","urlTemplate":"https:\/\/thevintagetraveler.com\/en\/?s={search_term_string}"},"query-input":{"@type":"PropertyValueSpecification","valueRequired":true,"valueName":"search_term_string"}}],"inLanguage":"en-US"},{"@type":"Organization","@id":"https:\/\/thevintagetraveler.com\/en\/#organization","name":"TheVintageTraveler","url":"https:\/\/thevintagetraveler.com\/en\/","logo":{"@type":"ImageObject","inLanguage":"en-US","@id":"https:\/\/thevintagetraveler.com\/en\/#\/schema\/logo\/image\/","url":"https:\/\/thevintagetraveler.com\/wp-content\/uploads\/2025\/04\/LOGO-THE-VINTAGE-TRAVELER-FINAL-e1745392697678.png","contentUrl":"https:\/\/thevintagetraveler.com\/wp-content\/uploads\/2025\/04\/LOGO-THE-VINTAGE-TRAVELER-FINAL-e1745392697678.png","width":798,"height":318,"caption":"TheVintageTraveler"},"image":{"@id":"https:\/\/thevintagetraveler.com\/en\/#\/schema\/logo\/image\/"},"sameAs":["https:\/\/www.facebook.com\/TheVintageTravelerFR\/","https:\/\/www.instagram.com\/the_vintagetraveler"]}]}},"_links":{"self":[{"href":"https:\/\/thevintagetraveler.com\/en\/wp-json\/wp\/v2\/product\/4411","targetHints":{"allow":["GET"]}}],"collection":[{"href":"https:\/\/thevintagetraveler.com\/en\/wp-json\/wp\/v2\/product"}],"about":[{"href":"https:\/\/thevintagetraveler.com\/en\/wp-json\/wp\/v2\/types\/product"}],"wp:featuredmedia":[{"embeddable":true,"href":"https:\/\/thevintagetraveler.com\/en\/wp-json\/wp\/v2\/media\/4418"}],"wp:attachment":[{"href":"https:\/\/thevintagetraveler.com\/en\/wp-json\/wp\/v2\/media?parent=4411"}],"wp:term":[{"taxonomy":"product_brand","embeddable":true,"href":"https:\/\/thevintagetraveler.com\/en\/wp-json\/wp\/v2\/product_brand?post=4411"},{"taxonomy":"product_cat","embeddable":true,"href":"https:\/\/thevintagetraveler.com\/en\/wp-json\/wp\/v2\/product_cat?post=4411"},{"taxonomy":"product_tag","embeddable":true,"href":"https:\/\/thevintagetraveler.com\/en\/wp-json\/wp\/v2\/product_tag?post=4411"}],"curies":[{"name":"wp","href":"https:\/\/api.w.org\/{rel}","templated":true}]}}