{"id":4586,"date":"2024-05-30T14:24:07","date_gmt":"2024-05-30T12:24:07","guid":{"rendered":"https:\/\/thevintagetraveler.com\/?post_type=product&#038;p=4586"},"modified":"2025-11-26T15:49:41","modified_gmt":"2025-11-26T14:49:41","slug":"ballon-louis-vuitton-edition-limitee-1998","status":"publish","type":"product","link":"https:\/\/thevintagetraveler.com\/en\/produit\/ballon-louis-vuitton-edition-limitee-1998\/","title":{"rendered":"Ballon foot Louis Vuitton 1998"},"content":{"rendered":"<h3 data-start=\"994\" data-end=\"1071\">Ballon Louis Vuitton \u2013 \u00c9dition Limit\u00e9e 1998, 3\u202f000 Exemplaires, \u00c9tat Neuf<\/h3>\n<p data-start=\"1073\" data-end=\"1419\">Ce <strong data-start=\"1076\" data-end=\"1112\">ballon de football Louis Vuitton<\/strong>, lanc\u00e9 \u00e0 l\u2019occasion de la <strong data-start=\"1139\" data-end=\"1174\">Coupe du Monde de football 1998<\/strong> organis\u00e9e en France, est une <strong data-start=\"1204\" data-end=\"1240\">pi\u00e8ce de collection embl\u00e9matique<\/strong> de la maison. Produite en <strong data-start=\"1267\" data-end=\"1320\">\u00e9dition limit\u00e9e \u00e0 3\u202f000 exemplaires dans le monde<\/strong>, cette cr\u00e9ation m\u00eale <strong data-start=\"1342\" data-end=\"1383\">artisanat de luxe et culture sportive<\/strong>, dans un objet in\u00e9dit et audacieux.<\/p>\n<p data-start=\"1421\" data-end=\"1607\">Ce mod\u00e8le est propos\u00e9 <strong data-start=\"1443\" data-end=\"1459\">en \u00e9tat neuf<\/strong>, ce qui en fait une <strong data-start=\"1480\" data-end=\"1507\">pi\u00e8ce rare et pr\u00e9cieuse<\/strong>, convoit\u00e9e aussi bien par les amateurs de sport que par les collectionneurs d\u2019objets Louis Vuitton.<\/p>\n<hr data-start=\"1609\" data-end=\"1612\" \/>\n<h3 data-start=\"1614\" data-end=\"1676\">Un symbole du luxe \u00e0 la fran\u00e7aise pour l\u2019\u00e9v\u00e9nement mondial<\/h3>\n<p data-start=\"1678\" data-end=\"1800\">En 1998, <a href=\"https:\/\/thevintagetraveler.com\/les-toiles-des-malles-louis-vuitton-histoire-evolution-et-signification\/\">Louis Vuitton<\/a> rend hommage \u00e0 l\u2019univers du football avec ce <strong data-start=\"1746\" data-end=\"1798\">ballon revisit\u00e9 \u00e0 travers les codes de la maison<\/strong> :<\/p>\n<ul data-start=\"1802\" data-end=\"2051\">\n<li data-start=\"1802\" data-end=\"1847\">\n<p data-start=\"1804\" data-end=\"1847\">Rev\u00eatement en <strong data-start=\"1818\" data-end=\"1845\">toile Monogram iconique<\/strong><\/p>\n<\/li>\n<li data-start=\"1848\" data-end=\"1924\">\n<p data-start=\"1850\" data-end=\"1924\">Fabrication soign\u00e9e, au croisement entre <strong data-start=\"1891\" data-end=\"1922\">sport et haute maroquinerie<\/strong><\/p>\n<\/li>\n<li data-start=\"1925\" data-end=\"1984\">\n<p data-start=\"1927\" data-end=\"1984\">\u00c9dition limit\u00e9e <strong data-start=\"1943\" data-end=\"1956\">num\u00e9rot\u00e9e<\/strong>, jamais reproduite depuis<\/p>\n<\/li>\n<li data-start=\"1985\" data-end=\"2051\">\n<p data-start=\"1987\" data-end=\"2051\">Produit en tr\u00e8s petite quantit\u00e9 (<strong data-start=\"2020\" data-end=\"2050\">3\u202f000 exemplaires mondiaux<\/strong>)<\/p>\n<\/li>\n<\/ul>\n<hr data-start=\"2053\" data-end=\"2056\" \/>\n<h3 data-start=\"2058\" data-end=\"2089\">Caract\u00e9ristiques du produit<\/h3>\n<ul data-start=\"2091\" data-end=\"2545\">\n<li data-start=\"2091\" data-end=\"2121\">\n<p data-start=\"2093\" data-end=\"2121\"><strong data-start=\"2093\" data-end=\"2105\">Marque :<\/strong> Louis Vuitton<\/p>\n<\/li>\n<li data-start=\"2122\" data-end=\"2180\">\n<p data-start=\"2124\" data-end=\"2180\"><strong data-start=\"2124\" data-end=\"2136\">Mod\u00e8le :<\/strong> Ballon de football 1998 \u2013 \u00e9dition limit\u00e9e<\/p>\n<\/li>\n<li data-start=\"2181\" data-end=\"2201\">\n<p data-start=\"2183\" data-end=\"2201\"><strong data-start=\"2183\" data-end=\"2194\">Ann\u00e9e :<\/strong> 1998<\/p>\n<\/li>\n<li data-start=\"2202\" data-end=\"2257\">\n<p data-start=\"2204\" data-end=\"2257\"><strong data-start=\"2204\" data-end=\"2227\">Quantit\u00e9 produite :<\/strong> 3\u202f000 exemplaires num\u00e9rot\u00e9s<\/p>\n<\/li>\n<li data-start=\"2258\" data-end=\"2321\">\n<p data-start=\"2260\" data-end=\"2321\"><strong data-start=\"2260\" data-end=\"2273\">Mati\u00e8re :<\/strong> Toile Monogram + structure interne caoutchouc<\/p>\n<\/li>\n<li data-start=\"2322\" data-end=\"2385\">\n<p data-start=\"2324\" data-end=\"2385\"><strong data-start=\"2324\" data-end=\"2334\">\u00c9tat :<\/strong> <strong data-start=\"2335\" data-end=\"2343\">Neuf<\/strong> \u2013 jamais utilis\u00e9, conservation parfaite<\/p>\n<\/li>\n<li data-start=\"2386\" data-end=\"2472\">\n<p data-start=\"2388\" data-end=\"2472\"><strong data-start=\"2388\" data-end=\"2405\">Accessoires :<\/strong> Souvent accompagn\u00e9 de sa bo\u00eete d\u2019origine ou support (\u00e0 pr\u00e9ciser)<\/p>\n<\/li>\n<li data-start=\"2473\" data-end=\"2545\">\n<p data-start=\"2475\" data-end=\"2545\"><strong data-start=\"2475\" data-end=\"2497\">Authentification :<\/strong> Certifi\u00e9 \u2013 livr\u00e9 avec certificat d\u2019authenticit\u00e9<\/p>\n<\/li>\n<\/ul>\n<hr data-start=\"2547\" data-end=\"2550\" \/>\n<h3 data-start=\"2552\" data-end=\"2587\">Un objet d\u2019art et de collection<\/h3>\n<p data-start=\"2589\" data-end=\"2617\">Ce ballon est parfait pour :<\/p>\n<ul data-start=\"2619\" data-end=\"2890\">\n<li data-start=\"2619\" data-end=\"2683\">\n<p data-start=\"2621\" data-end=\"2683\">\u00catre <strong data-start=\"2626\" data-end=\"2681\">expos\u00e9 dans un int\u00e9rieur design ou showroom de luxe<\/strong><\/p>\n<\/li>\n<li data-start=\"2684\" data-end=\"2753\">\n<p data-start=\"2686\" data-end=\"2753\">Offrir en <strong data-start=\"2696\" data-end=\"2716\">cadeau collector<\/strong> \u00e0 un passionn\u00e9 de sport ou de mode<\/p>\n<\/li>\n<li data-start=\"2754\" data-end=\"2829\">\n<p data-start=\"2756\" data-end=\"2829\">Int\u00e9grer une <strong data-start=\"2769\" data-end=\"2827\">collection Louis Vuitton ou d\u2019objets de luxe iconiques<\/strong><\/p>\n<\/li>\n<li data-start=\"2830\" data-end=\"2890\">\n<p data-start=\"2832\" data-end=\"2890\">\u00catre conserv\u00e9 comme <strong data-start=\"2852\" data-end=\"2890\">investissement rare et valorisable<\/strong><\/p>\n<\/li>\n<\/ul>\n<hr data-start=\"2892\" data-end=\"2895\" \/>\n<h3 data-start=\"2897\" data-end=\"2954\">Pourquoi investir dans ce ballon Louis Vuitton 1998 ?<\/h3>\n<ul data-start=\"2956\" data-end=\"3278\">\n<li data-start=\"2956\" data-end=\"3013\">\n<p data-start=\"2958\" data-end=\"3013\"><strong data-start=\"2958\" data-end=\"2994\">\u00c9dition limit\u00e9e ultra restreinte<\/strong>, jamais r\u00e9\u00e9dit\u00e9e<\/p>\n<\/li>\n<li data-start=\"3014\" data-end=\"3061\">\n<p data-start=\"3016\" data-end=\"3061\"><strong data-start=\"3016\" data-end=\"3033\">Objet hybride<\/strong> entre sport, mode et luxe<\/p>\n<\/li>\n<li data-start=\"3062\" data-end=\"3122\">\n<p data-start=\"3064\" data-end=\"3122\"><strong data-start=\"3064\" data-end=\"3080\">En \u00e9tat neuf<\/strong>, tr\u00e8s difficile \u00e0 trouver sur le march\u00e9<\/p>\n<\/li>\n<li data-start=\"3123\" data-end=\"3191\">\n<p data-start=\"3125\" data-end=\"3191\"><strong data-start=\"3125\" data-end=\"3153\">Cote en constante hausse<\/strong> sur le march\u00e9 des objets collectors<\/p>\n<\/li>\n<li data-start=\"3192\" data-end=\"3278\">\n<p data-start=\"3194\" data-end=\"3278\">Parfait pour <strong data-start=\"3207\" data-end=\"3278\">collectionneur de luxe, amateur de football ou designer d\u2019int\u00e9rieur<\/strong><\/p>\n<\/li>\n<\/ul>\n<hr data-start=\"3280\" data-end=\"3283\" \/>\n<h3 data-start=\"3285\" data-end=\"3331\">Pourquoi acheter chez TheVintageTraveler ?<\/h3>\n<p data-start=\"3333\" data-end=\"3385\">Chez <strong data-start=\"3338\" data-end=\"3360\">TheVintageTraveler<\/strong>, chaque pi\u00e8ce rare est :<\/p>\n<ul data-start=\"3387\" data-end=\"3647\">\n<li data-start=\"3387\" data-end=\"3450\">\n<p data-start=\"3389\" data-end=\"3450\"><strong data-start=\"3389\" data-end=\"3448\">Certifi\u00e9e et authentifi\u00e9e par un expert du luxe vintage<\/strong><\/p>\n<\/li>\n<li data-start=\"3451\" data-end=\"3502\">\n<p data-start=\"3453\" data-end=\"3502\">Propos\u00e9e dans un <strong data-start=\"3470\" data-end=\"3500\">\u00e9tat contr\u00f4l\u00e9 et document\u00e9<\/strong><\/p>\n<\/li>\n<li data-start=\"3503\" data-end=\"3548\">\n<p data-start=\"3505\" data-end=\"3548\">Livr\u00e9e avec <strong data-start=\"3517\" data-end=\"3546\">certificat d\u2019authenticit\u00e9<\/strong><\/p>\n<\/li>\n<li data-start=\"3549\" data-end=\"3647\">\n<p data-start=\"3551\" data-end=\"3647\">Disponible en <strong data-start=\"3565\" data-end=\"3617\">retrait showroom au March\u00e9 Serpette (Saint-Ouen)<\/strong> ou en <strong data-start=\"3624\" data-end=\"3647\">livraison s\u00e9curis\u00e9e<\/strong><\/p>\n<\/li>\n<\/ul>\n<hr data-start=\"3649\" data-end=\"3652\" \/>\n<h3 data-start=\"3654\" data-end=\"3668\">Conclusion<\/h3>\n<p data-start=\"3670\" data-end=\"4056\">Ce <strong data-start=\"3673\" data-end=\"3721\">ballon Louis Vuitton \u00e9dition limit\u00e9e de 1998<\/strong>, en <strong data-start=\"3726\" data-end=\"3739\">\u00e9tat neuf<\/strong>, repr\u00e9sente bien plus qu\u2019un simple objet sportif : c\u2019est un <strong data-start=\"3800\" data-end=\"3862\">symbole de la fusion entre art, sport et artisanat de luxe<\/strong>. Produit \u00e0 <strong data-start=\"3874\" data-end=\"3905\">seulement 3\u202f000 exemplaires<\/strong>, il est aujourd\u2019hui un <strong data-start=\"3929\" data-end=\"3957\">collector tr\u00e8s recherch\u00e9<\/strong>, parfait pour enrichir une collection ou marquer une d\u00e9coration d\u2019int\u00e9rieur avec une pi\u00e8ce unique.<\/p>\n<p>Suivez &#8211; nous sur <a href=\"https:\/\/www.facebook.com\/TheVintageTravelerFR\">Facebook<\/a> et <a href=\"https:\/\/www.instagram.com\/the_vintagetraveler\/?igsh=aXdsbDJkdnpwZjcx#\">Instagram<\/a><\/p>\n","protected":false},"excerpt":{"rendered":"<p>Ballon de football Louis Vuitton, \u00e9dition limit\u00e9e de 1998 \u00e0 3\u202f000 exemplaires. \u00c9tat neuf, pi\u00e8ce de collection de luxe rare et embl\u00e9matique.<\/p>\n","protected":false},"featured_media":4590,"template":"","meta":[],"product_brand":[],"product_cat":[128,113,140,170,112],"product_tag":[146,171],"class_list":{"0":"post-4586","1":"product","2":"type-product","3":"status-publish","4":"has-post-thumbnail","6":"product_cat-lifestyle-maison","7":"product_cat-louis-vuitton","8":"product_cat-nouveautes","9":"product_cat-sac-de-voyage-louis-vuitton","10":"product_cat-sacs","11":"product_tag-louisvuitton","12":"product_tag-louisvuittonbumbag","14":"first","15":"outofstock","16":"sold-individually","17":"shipping-taxable","18":"product-type-simple"},"yoast_head":"<!-- This site is optimized with the Yoast SEO plugin v27.1.1 - https:\/\/yoast.com\/product\/yoast-seo-wordpress\/ -->\n<title>Ballon Louis Vuitton 1998 \u00c9dition Limit\u00e9e | TheVintageTraveler<\/title>\n<meta name=\"description\" content=\"Ballon de foot Louis Vuitton \u00e9dition limit\u00e9e 1998. 3\u202f000 ex. dans le monde. \u00c9tat neuf. Objet de collection rare et embl\u00e9matique du luxe sportif.\" \/>\n<meta name=\"robots\" content=\"index, follow, max-snippet:-1, max-image-preview:large, max-video-preview:-1\" \/>\n<link rel=\"canonical\" href=\"https:\/\/thevintagetraveler.com\/en\/produit\/ballon-louis-vuitton-edition-limitee-1998\/\" \/>\n<meta property=\"og:locale\" content=\"en_US\" \/>\n<meta property=\"og:type\" content=\"article\" \/>\n<meta property=\"og:title\" content=\"Ballon Louis Vuitton 1998 \u00c9dition Limit\u00e9e | TheVintageTraveler\" \/>\n<meta property=\"og:description\" content=\"Ballon de foot Louis Vuitton \u00e9dition limit\u00e9e 1998. 3\u202f000 ex. dans le monde. \u00c9tat neuf. Objet de collection rare et embl\u00e9matique du luxe sportif.\" \/>\n<meta property=\"og:url\" content=\"https:\/\/thevintagetraveler.com\/en\/produit\/ballon-louis-vuitton-edition-limitee-1998\/\" \/>\n<meta property=\"og:site_name\" content=\"TheVintageTraveler\" \/>\n<meta property=\"article:publisher\" content=\"https:\/\/www.facebook.com\/TheVintageTravelerFR\/\" \/>\n<meta property=\"article:modified_time\" content=\"2025-11-26T14:49:41+00:00\" \/>\n<meta property=\"og:image\" content=\"https:\/\/thevintagetraveler.com\/wp-content\/uploads\/2025\/05\/20231017_182225.jpg\" \/>\n\t<meta property=\"og:image:width\" content=\"1500\" \/>\n\t<meta property=\"og:image:height\" content=\"2000\" \/>\n\t<meta property=\"og:image:type\" content=\"image\/jpeg\" \/>\n<meta name=\"twitter:card\" content=\"summary_large_image\" \/>\n<meta name=\"twitter:label1\" content=\"Est. reading time\" \/>\n\t<meta name=\"twitter:data1\" content=\"3 minutes\" \/>\n<script type=\"application\/ld+json\" class=\"yoast-schema-graph\">{\"@context\":\"https:\/\/schema.org\",\"@graph\":[{\"@type\":\"WebPage\",\"@id\":\"https:\/\/thevintagetraveler.com\/en\/produit\/ballon-louis-vuitton-edition-limitee-1998\/\",\"url\":\"https:\/\/thevintagetraveler.com\/en\/produit\/ballon-louis-vuitton-edition-limitee-1998\/\",\"name\":\"Ballon Louis Vuitton 1998 \u00c9dition Limit\u00e9e | TheVintageTraveler\",\"isPartOf\":{\"@id\":\"https:\/\/thevintagetraveler.com\/en\/#website\"},\"primaryImageOfPage\":{\"@id\":\"https:\/\/thevintagetraveler.com\/en\/produit\/ballon-louis-vuitton-edition-limitee-1998\/#primaryimage\"},\"image\":{\"@id\":\"https:\/\/thevintagetraveler.com\/en\/produit\/ballon-louis-vuitton-edition-limitee-1998\/#primaryimage\"},\"thumbnailUrl\":\"https:\/\/thevintagetraveler.com\/wp-content\/uploads\/2025\/05\/20231017_182225.jpg\",\"datePublished\":\"2024-05-30T12:24:07+00:00\",\"dateModified\":\"2025-11-26T14:49:41+00:00\",\"description\":\"Ballon de foot Louis Vuitton \u00e9dition limit\u00e9e 1998. 3\u202f000 ex. dans le monde. \u00c9tat neuf. Objet de collection rare et embl\u00e9matique du luxe sportif.\",\"breadcrumb\":{\"@id\":\"https:\/\/thevintagetraveler.com\/en\/produit\/ballon-louis-vuitton-edition-limitee-1998\/#breadcrumb\"},\"inLanguage\":\"en-US\",\"potentialAction\":[{\"@type\":\"ReadAction\",\"target\":[\"https:\/\/thevintagetraveler.com\/en\/produit\/ballon-louis-vuitton-edition-limitee-1998\/\"]}]},{\"@type\":\"ImageObject\",\"inLanguage\":\"en-US\",\"@id\":\"https:\/\/thevintagetraveler.com\/en\/produit\/ballon-louis-vuitton-edition-limitee-1998\/#primaryimage\",\"url\":\"https:\/\/thevintagetraveler.com\/wp-content\/uploads\/2025\/05\/20231017_182225.jpg\",\"contentUrl\":\"https:\/\/thevintagetraveler.com\/wp-content\/uploads\/2025\/05\/20231017_182225.jpg\",\"width\":1500,\"height\":2000,\"caption\":\"ballon Louis Vuitton \u00e9dition limit\u00e9e 1998\"},{\"@type\":\"BreadcrumbList\",\"@id\":\"https:\/\/thevintagetraveler.com\/en\/produit\/ballon-louis-vuitton-edition-limitee-1998\/#breadcrumb\",\"itemListElement\":[{\"@type\":\"ListItem\",\"position\":1,\"name\":\"Accueil\",\"item\":\"https:\/\/thevintagetraveler.com\/en\/\"},{\"@type\":\"ListItem\",\"position\":2,\"name\":\"Shop\",\"item\":\"https:\/\/thevintagetraveler.com\/shop\/\"},{\"@type\":\"ListItem\",\"position\":3,\"name\":\"Ballon foot Louis Vuitton 1998\"}]},{\"@type\":\"WebSite\",\"@id\":\"https:\/\/thevintagetraveler.com\/en\/#website\",\"url\":\"https:\/\/thevintagetraveler.com\/en\/\",\"name\":\"TheVintageTraveler\",\"description\":\"Luxury experts in Louis Vuitton, Chanel &amp; Herm\u00e8s\",\"publisher\":{\"@id\":\"https:\/\/thevintagetraveler.com\/en\/#organization\"},\"potentialAction\":[{\"@type\":\"SearchAction\",\"target\":{\"@type\":\"EntryPoint\",\"urlTemplate\":\"https:\/\/thevintagetraveler.com\/en\/?s={search_term_string}\"},\"query-input\":{\"@type\":\"PropertyValueSpecification\",\"valueRequired\":true,\"valueName\":\"search_term_string\"}}],\"inLanguage\":\"en-US\"},{\"@type\":\"Organization\",\"@id\":\"https:\/\/thevintagetraveler.com\/en\/#organization\",\"name\":\"TheVintageTraveler\",\"url\":\"https:\/\/thevintagetraveler.com\/en\/\",\"logo\":{\"@type\":\"ImageObject\",\"inLanguage\":\"en-US\",\"@id\":\"https:\/\/thevintagetraveler.com\/en\/#\/schema\/logo\/image\/\",\"url\":\"https:\/\/thevintagetraveler.com\/wp-content\/uploads\/2025\/04\/LOGO-THE-VINTAGE-TRAVELER-FINAL-e1745392697678.png\",\"contentUrl\":\"https:\/\/thevintagetraveler.com\/wp-content\/uploads\/2025\/04\/LOGO-THE-VINTAGE-TRAVELER-FINAL-e1745392697678.png\",\"width\":798,\"height\":318,\"caption\":\"TheVintageTraveler\"},\"image\":{\"@id\":\"https:\/\/thevintagetraveler.com\/en\/#\/schema\/logo\/image\/\"},\"sameAs\":[\"https:\/\/www.facebook.com\/TheVintageTravelerFR\/\",\"https:\/\/www.instagram.com\/the_vintagetraveler\"]}]}<\/script>\n<!-- \/ Yoast SEO plugin. -->","yoast_head_json":{"title":"Ballon Louis Vuitton 1998 \u00c9dition Limit\u00e9e | TheVintageTraveler","description":"Ballon de foot Louis Vuitton \u00e9dition limit\u00e9e 1998. 3\u202f000 ex. dans le monde. \u00c9tat neuf. Objet de collection rare et embl\u00e9matique du luxe sportif.","robots":{"index":"index","follow":"follow","max-snippet":"max-snippet:-1","max-image-preview":"max-image-preview:large","max-video-preview":"max-video-preview:-1"},"canonical":"https:\/\/thevintagetraveler.com\/en\/produit\/ballon-louis-vuitton-edition-limitee-1998\/","og_locale":"en_US","og_type":"article","og_title":"Ballon Louis Vuitton 1998 \u00c9dition Limit\u00e9e | TheVintageTraveler","og_description":"Ballon de foot Louis Vuitton \u00e9dition limit\u00e9e 1998. 3\u202f000 ex. dans le monde. \u00c9tat neuf. Objet de collection rare et embl\u00e9matique du luxe sportif.","og_url":"https:\/\/thevintagetraveler.com\/en\/produit\/ballon-louis-vuitton-edition-limitee-1998\/","og_site_name":"TheVintageTraveler","article_publisher":"https:\/\/www.facebook.com\/TheVintageTravelerFR\/","article_modified_time":"2025-11-26T14:49:41+00:00","og_image":[{"width":1500,"height":2000,"url":"https:\/\/thevintagetraveler.com\/wp-content\/uploads\/2025\/05\/20231017_182225.jpg","type":"image\/jpeg"}],"twitter_card":"summary_large_image","twitter_misc":{"Est. reading time":"3 minutes"},"schema":{"@context":"https:\/\/schema.org","@graph":[{"@type":"WebPage","@id":"https:\/\/thevintagetraveler.com\/en\/produit\/ballon-louis-vuitton-edition-limitee-1998\/","url":"https:\/\/thevintagetraveler.com\/en\/produit\/ballon-louis-vuitton-edition-limitee-1998\/","name":"Ballon Louis Vuitton 1998 \u00c9dition Limit\u00e9e | TheVintageTraveler","isPartOf":{"@id":"https:\/\/thevintagetraveler.com\/en\/#website"},"primaryImageOfPage":{"@id":"https:\/\/thevintagetraveler.com\/en\/produit\/ballon-louis-vuitton-edition-limitee-1998\/#primaryimage"},"image":{"@id":"https:\/\/thevintagetraveler.com\/en\/produit\/ballon-louis-vuitton-edition-limitee-1998\/#primaryimage"},"thumbnailUrl":"https:\/\/thevintagetraveler.com\/wp-content\/uploads\/2025\/05\/20231017_182225.jpg","datePublished":"2024-05-30T12:24:07+00:00","dateModified":"2025-11-26T14:49:41+00:00","description":"Ballon de foot Louis Vuitton \u00e9dition limit\u00e9e 1998. 3\u202f000 ex. dans le monde. \u00c9tat neuf. Objet de collection rare et embl\u00e9matique du luxe sportif.","breadcrumb":{"@id":"https:\/\/thevintagetraveler.com\/en\/produit\/ballon-louis-vuitton-edition-limitee-1998\/#breadcrumb"},"inLanguage":"en-US","potentialAction":[{"@type":"ReadAction","target":["https:\/\/thevintagetraveler.com\/en\/produit\/ballon-louis-vuitton-edition-limitee-1998\/"]}]},{"@type":"ImageObject","inLanguage":"en-US","@id":"https:\/\/thevintagetraveler.com\/en\/produit\/ballon-louis-vuitton-edition-limitee-1998\/#primaryimage","url":"https:\/\/thevintagetraveler.com\/wp-content\/uploads\/2025\/05\/20231017_182225.jpg","contentUrl":"https:\/\/thevintagetraveler.com\/wp-content\/uploads\/2025\/05\/20231017_182225.jpg","width":1500,"height":2000,"caption":"ballon Louis Vuitton \u00e9dition limit\u00e9e 1998"},{"@type":"BreadcrumbList","@id":"https:\/\/thevintagetraveler.com\/en\/produit\/ballon-louis-vuitton-edition-limitee-1998\/#breadcrumb","itemListElement":[{"@type":"ListItem","position":1,"name":"Accueil","item":"https:\/\/thevintagetraveler.com\/en\/"},{"@type":"ListItem","position":2,"name":"Shop","item":"https:\/\/thevintagetraveler.com\/shop\/"},{"@type":"ListItem","position":3,"name":"Ballon foot Louis Vuitton 1998"}]},{"@type":"WebSite","@id":"https:\/\/thevintagetraveler.com\/en\/#website","url":"https:\/\/thevintagetraveler.com\/en\/","name":"TheVintageTraveler","description":"Luxury experts in Louis Vuitton, Chanel &amp; Herm\u00e8s","publisher":{"@id":"https:\/\/thevintagetraveler.com\/en\/#organization"},"potentialAction":[{"@type":"SearchAction","target":{"@type":"EntryPoint","urlTemplate":"https:\/\/thevintagetraveler.com\/en\/?s={search_term_string}"},"query-input":{"@type":"PropertyValueSpecification","valueRequired":true,"valueName":"search_term_string"}}],"inLanguage":"en-US"},{"@type":"Organization","@id":"https:\/\/thevintagetraveler.com\/en\/#organization","name":"TheVintageTraveler","url":"https:\/\/thevintagetraveler.com\/en\/","logo":{"@type":"ImageObject","inLanguage":"en-US","@id":"https:\/\/thevintagetraveler.com\/en\/#\/schema\/logo\/image\/","url":"https:\/\/thevintagetraveler.com\/wp-content\/uploads\/2025\/04\/LOGO-THE-VINTAGE-TRAVELER-FINAL-e1745392697678.png","contentUrl":"https:\/\/thevintagetraveler.com\/wp-content\/uploads\/2025\/04\/LOGO-THE-VINTAGE-TRAVELER-FINAL-e1745392697678.png","width":798,"height":318,"caption":"TheVintageTraveler"},"image":{"@id":"https:\/\/thevintagetraveler.com\/en\/#\/schema\/logo\/image\/"},"sameAs":["https:\/\/www.facebook.com\/TheVintageTravelerFR\/","https:\/\/www.instagram.com\/the_vintagetraveler"]}]}},"_links":{"self":[{"href":"https:\/\/thevintagetraveler.com\/en\/wp-json\/wp\/v2\/product\/4586","targetHints":{"allow":["GET"]}}],"collection":[{"href":"https:\/\/thevintagetraveler.com\/en\/wp-json\/wp\/v2\/product"}],"about":[{"href":"https:\/\/thevintagetraveler.com\/en\/wp-json\/wp\/v2\/types\/product"}],"wp:featuredmedia":[{"embeddable":true,"href":"https:\/\/thevintagetraveler.com\/en\/wp-json\/wp\/v2\/media\/4590"}],"wp:attachment":[{"href":"https:\/\/thevintagetraveler.com\/en\/wp-json\/wp\/v2\/media?parent=4586"}],"wp:term":[{"taxonomy":"product_brand","embeddable":true,"href":"https:\/\/thevintagetraveler.com\/en\/wp-json\/wp\/v2\/product_brand?post=4586"},{"taxonomy":"product_cat","embeddable":true,"href":"https:\/\/thevintagetraveler.com\/en\/wp-json\/wp\/v2\/product_cat?post=4586"},{"taxonomy":"product_tag","embeddable":true,"href":"https:\/\/thevintagetraveler.com\/en\/wp-json\/wp\/v2\/product_tag?post=4586"}],"curies":[{"name":"wp","href":"https:\/\/api.w.org\/{rel}","templated":true}]}}