{"id":4593,"date":"2025-05-30T14:31:40","date_gmt":"2025-05-30T12:31:40","guid":{"rendered":"https:\/\/thevintagetraveler.com\/?post_type=product&#038;p=4593"},"modified":"2025-05-30T14:36:37","modified_gmt":"2025-05-30T12:36:37","slug":"globe-louis-vuitton-groom-iconique","status":"publish","type":"product","link":"https:\/\/thevintagetraveler.com\/en\/produit\/globe-louis-vuitton-groom-iconique\/","title":{"rendered":"Globe Louis Vuitton groom"},"content":{"rendered":"<h3 data-start=\"938\" data-end=\"1006\">Globe Louis Vuitton \u2013 Mod\u00e8le Groom, Objet de D\u00e9coration Iconique<\/h3>\n<p data-start=\"1008\" data-end=\"1321\">Ce <strong data-start=\"1011\" data-end=\"1040\">globe Louis Vuitton Groom<\/strong> est une <strong data-start=\"1049\" data-end=\"1082\">pi\u00e8ce d\u00e9corative embl\u00e9matique<\/strong>, inspir\u00e9e de l\u2019univers du voyage cher \u00e0 la maison. Illustr\u00e9 du <strong data-start=\"1146\" data-end=\"1168\">personnage &#8220;Groom&#8221;<\/strong>, figure historique de la communication <a href=\"https:\/\/thevintagetraveler.com\/malles-louis-vuitton-vintage\/\">Louis Vuitton<\/a>, ce globe rend hommage \u00e0 l\u2019esprit de l\u2019h\u00f4tel, du service et de la tradition du luxe \u00e0 la fran\u00e7aise.<\/p>\n<p data-start=\"1323\" data-end=\"1490\">Propos\u00e9 en <strong data-start=\"1334\" data-end=\"1350\">\u00e9tat superbe<\/strong>, ce globe est aujourd\u2019hui une <strong data-start=\"1381\" data-end=\"1420\">pi\u00e8ce de collection tr\u00e8s recherch\u00e9e<\/strong>, souvent r\u00e9serv\u00e9e \u00e0 certains points de vente ou \u00e9v\u00e9nements exclusifs.<\/p>\n<hr data-start=\"1492\" data-end=\"1495\" \/>\n<h3 data-start=\"1497\" data-end=\"1548\">Le Groom : une ic\u00f4ne de l\u2019univers Louis Vuitton<\/h3>\n<p data-start=\"1550\" data-end=\"1747\">Le <strong data-start=\"1553\" data-end=\"1562\">Groom<\/strong> est un personnage embl\u00e9matique chez Louis Vuitton. Ce petit <strong data-start=\"1623\" data-end=\"1642\">portier stylis\u00e9<\/strong> \u00e9voque les grands palaces, l\u2019accueil sur mesure et l\u2019art du voyage avec \u00e9l\u00e9gance. Il a \u00e9t\u00e9 d\u00e9clin\u00e9 sur :<\/p>\n<ul data-start=\"1749\" data-end=\"1899\">\n<li data-start=\"1749\" data-end=\"1780\">\n<p data-start=\"1751\" data-end=\"1780\">Des <strong data-start=\"1755\" data-end=\"1778\">objets de papeterie<\/strong><\/p>\n<\/li>\n<li data-start=\"1781\" data-end=\"1827\">\n<p data-start=\"1783\" data-end=\"1827\">Des <strong data-start=\"1787\" data-end=\"1825\">pi\u00e8ces de vitrine ou de collection<\/strong><\/p>\n<\/li>\n<li data-start=\"1828\" data-end=\"1899\">\n<p data-start=\"1830\" data-end=\"1899\">Des <strong data-start=\"1834\" data-end=\"1884\">accessoires collectors et objets de d\u00e9coration<\/strong> comme ce globe<\/p>\n<\/li>\n<\/ul>\n<p data-start=\"1901\" data-end=\"2009\">Le globe Groom est donc <strong data-start=\"1925\" data-end=\"1945\">plus qu\u2019un objet<\/strong>, c\u2019est une <strong data-start=\"1957\" data-end=\"2008\">illustration de l\u2019h\u00e9ritage de la maison Vuitton<\/strong>.<\/p>\n<hr data-start=\"2011\" data-end=\"2014\" \/>\n<h3 data-start=\"2016\" data-end=\"2047\">Caract\u00e9ristiques du produit<\/h3>\n<ul data-start=\"2049\" data-end=\"2482\">\n<li data-start=\"2049\" data-end=\"2079\">\n<p data-start=\"2051\" data-end=\"2079\"><strong data-start=\"2051\" data-end=\"2063\">Marque :<\/strong> Louis Vuitton<\/p>\n<\/li>\n<li data-start=\"2080\" data-end=\"2108\">\n<p data-start=\"2082\" data-end=\"2108\"><strong data-start=\"2082\" data-end=\"2094\">Mod\u00e8le :<\/strong> Globe Groom<\/p>\n<\/li>\n<li data-start=\"2109\" data-end=\"2156\">\n<p data-start=\"2111\" data-end=\"2156\"><strong data-start=\"2111\" data-end=\"2121\">Type :<\/strong> Objet de d\u00e9coration \/ collection<\/p>\n<\/li>\n<li data-start=\"2157\" data-end=\"2210\">\n<p data-start=\"2159\" data-end=\"2210\"><strong data-start=\"2159\" data-end=\"2177\">Illustration :<\/strong> Personnage Groom Louis Vuitton<\/p>\n<\/li>\n<li data-start=\"2211\" data-end=\"2281\">\n<p data-start=\"2213\" data-end=\"2281\"><strong data-start=\"2213\" data-end=\"2228\">Mat\u00e9riaux :<\/strong> Base en bois ou m\u00e9tal, globe illustr\u00e9 (\u00e0 pr\u00e9ciser)<\/p>\n<\/li>\n<li data-start=\"2282\" data-end=\"2360\">\n<p data-start=\"2284\" data-end=\"2360\"><strong data-start=\"2284\" data-end=\"2298\">Couleurs :<\/strong> Multicolore (dominante cr\u00e8me, rouge et noir selon versions)<\/p>\n<\/li>\n<li data-start=\"2361\" data-end=\"2409\">\n<p data-start=\"2363\" data-end=\"2409\"><strong data-start=\"2363\" data-end=\"2373\">\u00c9tat :<\/strong> Superbe \u2013 parfait pour exposition<\/p>\n<\/li>\n<li data-start=\"2410\" data-end=\"2482\">\n<p data-start=\"2412\" data-end=\"2482\"><strong data-start=\"2412\" data-end=\"2434\">Authentification :<\/strong> Certifi\u00e9 \u2013 livr\u00e9 avec certificat d\u2019authenticit\u00e9<\/p>\n<\/li>\n<\/ul>\n<hr data-start=\"2484\" data-end=\"2487\" \/>\n<h3 data-start=\"2489\" data-end=\"2539\">Un objet de luxe pour collection ou d\u00e9coration<\/h3>\n<p data-start=\"2541\" data-end=\"2568\">Ce globe est parfait pour :<\/p>\n<ul data-start=\"2570\" data-end=\"2872\">\n<li data-start=\"2570\" data-end=\"2631\">\n<p data-start=\"2572\" data-end=\"2631\"><strong data-start=\"2572\" data-end=\"2629\">Compl\u00e9ter une collection Louis Vuitton d\u2019objets rares<\/strong><\/p>\n<\/li>\n<li data-start=\"2632\" data-end=\"2706\">\n<p data-start=\"2634\" data-end=\"2706\">\u00catre expos\u00e9 dans un <strong data-start=\"2654\" data-end=\"2704\">bureau, une biblioth\u00e8que ou un espace de vente<\/strong><\/p>\n<\/li>\n<li data-start=\"2707\" data-end=\"2761\">\n<p data-start=\"2709\" data-end=\"2761\"><strong data-start=\"2709\" data-end=\"2739\">Capter l\u2019essence du voyage<\/strong> selon Louis Vuitton<\/p>\n<\/li>\n<li data-start=\"2762\" data-end=\"2872\">\n<p data-start=\"2764\" data-end=\"2872\">\u00catre offert en <strong data-start=\"2779\" data-end=\"2823\">cadeau de luxe \u00e0 un amateur de la maison<\/strong> ou en pi\u00e8ce d\u00e9corative pour amateurs d\u2019artisanat<\/p>\n<\/li>\n<\/ul>\n<hr data-start=\"2874\" data-end=\"2877\" \/>\n<h3 data-start=\"2879\" data-end=\"2936\">Pourquoi investir dans un globe Louis Vuitton Groom ?<\/h3>\n<ul data-start=\"2938\" data-end=\"3348\">\n<li data-start=\"2938\" data-end=\"3000\">\n<p data-start=\"2940\" data-end=\"3000\"><strong data-start=\"2940\" data-end=\"2959\">Ic\u00f4ne de marque<\/strong>, repr\u00e9sentative de l\u2019ADN Louis Vuitton<\/p>\n<\/li>\n<li data-start=\"3001\" data-end=\"3088\">\n<p data-start=\"3003\" data-end=\"3088\"><strong data-start=\"3003\" data-end=\"3024\">Objet peu courant<\/strong>, distribu\u00e9 en \u00e9dition limit\u00e9e ou dans des contextes exclusifs<\/p>\n<\/li>\n<li data-start=\"3089\" data-end=\"3176\">\n<p data-start=\"3091\" data-end=\"3176\"><strong data-start=\"3091\" data-end=\"3115\">Valeur de collection<\/strong>, recherch\u00e9e par les amateurs de pi\u00e8ces d\u00e9coratives Vuitton<\/p>\n<\/li>\n<li data-start=\"3177\" data-end=\"3237\">\n<p data-start=\"3179\" data-end=\"3237\"><strong data-start=\"3179\" data-end=\"3195\">Parfait \u00e9tat<\/strong>, avec un fort potentiel de valorisation<\/p>\n<\/li>\n<li data-start=\"3238\" data-end=\"3348\">\n<p data-start=\"3240\" data-end=\"3348\"><strong data-start=\"3240\" data-end=\"3277\">D\u00e9coration \u00e9l\u00e9gante et symbolique<\/strong>, parfaite pour les passionn\u00e9s de voyage, de mode et d\u2019histoire du luxe<\/p>\n<\/li>\n<\/ul>\n<hr data-start=\"3350\" data-end=\"3353\" \/>\n<h3 data-start=\"3355\" data-end=\"3401\">Pourquoi acheter chez TheVintageTraveler ?<\/h3>\n<p data-start=\"3403\" data-end=\"3462\">Chez <strong data-start=\"3408\" data-end=\"3430\">TheVintageTraveler<\/strong>, chaque objet d\u2019exception est :<\/p>\n<ul data-start=\"3464\" data-end=\"3812\">\n<li data-start=\"3464\" data-end=\"3539\">\n<p data-start=\"3466\" data-end=\"3539\"><strong data-start=\"3466\" data-end=\"3495\">Authentifi\u00e9 par un expert<\/strong>, livr\u00e9 avec <strong data-start=\"3508\" data-end=\"3537\">certificat d\u2019authenticit\u00e9<\/strong><\/p>\n<\/li>\n<li data-start=\"3540\" data-end=\"3624\">\n<p data-start=\"3542\" data-end=\"3624\">S\u00e9lectionn\u00e9 pour sa <strong data-start=\"3562\" data-end=\"3622\">raret\u00e9, son \u00e9tat et sa valeur d\u00e9corative et patrimoniale<\/strong><\/p>\n<\/li>\n<li data-start=\"3625\" data-end=\"3725\">\n<p data-start=\"3627\" data-end=\"3725\">Disponible en <strong data-start=\"3641\" data-end=\"3664\">livraison s\u00e9curis\u00e9e<\/strong> ou en <strong data-start=\"3671\" data-end=\"3723\">retrait showroom au March\u00e9 Serpette (Saint-Ouen)<\/strong><\/p>\n<\/li>\n<li data-start=\"3726\" data-end=\"3812\">\n<p data-start=\"3728\" data-end=\"3812\">Accompagn\u00e9 d\u2019un <strong data-start=\"3744\" data-end=\"3768\">service personnalis\u00e9<\/strong>, adapt\u00e9 aux collectionneurs de pi\u00e8ces rares<\/p>\n<\/li>\n<\/ul>\n<hr data-start=\"3814\" data-end=\"3817\" \/>\n<h3 data-start=\"3819\" data-end=\"3833\">Conclusion<\/h3>\n<p data-start=\"3835\" data-end=\"4188\">Le <strong data-start=\"3838\" data-end=\"3867\">globe Louis Vuitton Groom<\/strong> est une <strong data-start=\"3876\" data-end=\"3922\">pi\u00e8ce de d\u00e9coration symbolique et raffin\u00e9e<\/strong>, \u00e0 la crois\u00e9e du luxe, de l\u2019histoire de la maison et de l\u2019univers du voyage. <strong data-start=\"4000\" data-end=\"4020\">Iconique et rare<\/strong>, il apportera une <strong data-start=\"4039\" data-end=\"4075\">touche de prestige et d\u2019\u00e9l\u00e9gance<\/strong> \u00e0 n\u2019importe quel espace ou collection priv\u00e9e. Une <strong data-start=\"4126\" data-end=\"4141\">valeur s\u00fbre<\/strong> pour les amoureux du patrimoine Louis Vuitton.<\/p>\n<p>Suivez &#8211; nous sur <a href=\"https:\/\/www.facebook.com\/TheVintageTravelerFR\">Facebook<\/a> et <a href=\"https:\/\/www.instagram.com\/the_vintagetraveler\/?igsh=aXdsbDJkdnpwZjcx#\">Instagram<\/a><\/p>\n","protected":false},"excerpt":{"rendered":"<p>Globe Louis Vuitton mod\u00e8le Groom, objet de d\u00e9coration iconique. Pi\u00e8ce de collection rare et certifi\u00e9e, inspir\u00e9e de l\u2019univers du voyage.<\/p>\n","protected":false},"featured_media":4594,"template":"","meta":[],"product_brand":[],"product_cat":[128,113,140,112],"product_tag":[146,171],"class_list":{"0":"post-4593","1":"product","2":"type-product","3":"status-publish","4":"has-post-thumbnail","6":"product_cat-lifestyle-maison","7":"product_cat-louis-vuitton","8":"product_cat-nouveautes","9":"product_cat-sacs","10":"product_tag-louisvuitton","11":"product_tag-louisvuittonbumbag","13":"first","14":"instock","15":"sold-individually","16":"shipping-taxable","17":"purchasable","18":"product-type-simple"},"yoast_head":"<!-- This site is optimized with the Yoast SEO plugin v27.1.1 - https:\/\/yoast.com\/product\/yoast-seo-wordpress\/ -->\n<title>Globe Louis Vuitton Groom Iconique de Collection TheVintageTraveler<\/title>\n<meta name=\"description\" content=\"Globe Louis Vuitton Groom, pi\u00e8ce iconique de d\u00e9coration. Objet rare et embl\u00e9matique de l\u2019univers du voyage. Collector certifi\u00e9, \u00e9tat superbe.\" \/>\n<meta name=\"robots\" content=\"index, follow, max-snippet:-1, max-image-preview:large, max-video-preview:-1\" \/>\n<link rel=\"canonical\" href=\"https:\/\/thevintagetraveler.com\/en\/produit\/globe-louis-vuitton-groom-iconique\/\" \/>\n<meta property=\"og:locale\" content=\"en_US\" \/>\n<meta property=\"og:type\" content=\"article\" \/>\n<meta property=\"og:title\" content=\"Globe Louis Vuitton Groom Iconique de Collection TheVintageTraveler\" \/>\n<meta property=\"og:description\" content=\"Globe Louis Vuitton Groom, pi\u00e8ce iconique de d\u00e9coration. Objet rare et embl\u00e9matique de l\u2019univers du voyage. Collector certifi\u00e9, \u00e9tat superbe.\" \/>\n<meta property=\"og:url\" content=\"https:\/\/thevintagetraveler.com\/en\/produit\/globe-louis-vuitton-groom-iconique\/\" \/>\n<meta property=\"og:site_name\" content=\"TheVintageTraveler\" \/>\n<meta property=\"article:publisher\" content=\"https:\/\/www.facebook.com\/TheVintageTravelerFR\/\" \/>\n<meta property=\"article:modified_time\" content=\"2025-05-30T12:36:37+00:00\" \/>\n<meta property=\"og:image\" content=\"https:\/\/thevintagetraveler.com\/wp-content\/uploads\/2025\/05\/20230921_193945-1.jpg\" \/>\n\t<meta property=\"og:image:width\" content=\"1500\" \/>\n\t<meta property=\"og:image:height\" content=\"2000\" \/>\n\t<meta property=\"og:image:type\" content=\"image\/jpeg\" \/>\n<meta name=\"twitter:card\" content=\"summary_large_image\" \/>\n<meta name=\"twitter:label1\" content=\"Est. reading time\" \/>\n\t<meta name=\"twitter:data1\" content=\"3 minutes\" \/>\n<script type=\"application\/ld+json\" class=\"yoast-schema-graph\">{\"@context\":\"https:\/\/schema.org\",\"@graph\":[{\"@type\":\"WebPage\",\"@id\":\"https:\/\/thevintagetraveler.com\/en\/produit\/globe-louis-vuitton-groom-iconique\/\",\"url\":\"https:\/\/thevintagetraveler.com\/en\/produit\/globe-louis-vuitton-groom-iconique\/\",\"name\":\"Globe Louis Vuitton Groom Iconique de Collection TheVintageTraveler\",\"isPartOf\":{\"@id\":\"https:\/\/thevintagetraveler.com\/en\/#website\"},\"primaryImageOfPage\":{\"@id\":\"https:\/\/thevintagetraveler.com\/en\/produit\/globe-louis-vuitton-groom-iconique\/#primaryimage\"},\"image\":{\"@id\":\"https:\/\/thevintagetraveler.com\/en\/produit\/globe-louis-vuitton-groom-iconique\/#primaryimage\"},\"thumbnailUrl\":\"https:\/\/thevintagetraveler.com\/wp-content\/uploads\/2025\/05\/20230921_193945-1.jpg\",\"datePublished\":\"2025-05-30T12:31:40+00:00\",\"dateModified\":\"2025-05-30T12:36:37+00:00\",\"description\":\"Globe Louis Vuitton Groom, pi\u00e8ce iconique de d\u00e9coration. Objet rare et embl\u00e9matique de l\u2019univers du voyage. Collector certifi\u00e9, \u00e9tat superbe.\",\"breadcrumb\":{\"@id\":\"https:\/\/thevintagetraveler.com\/en\/produit\/globe-louis-vuitton-groom-iconique\/#breadcrumb\"},\"inLanguage\":\"en-US\",\"potentialAction\":[{\"@type\":\"ReadAction\",\"target\":[\"https:\/\/thevintagetraveler.com\/en\/produit\/globe-louis-vuitton-groom-iconique\/\"]}]},{\"@type\":\"ImageObject\",\"inLanguage\":\"en-US\",\"@id\":\"https:\/\/thevintagetraveler.com\/en\/produit\/globe-louis-vuitton-groom-iconique\/#primaryimage\",\"url\":\"https:\/\/thevintagetraveler.com\/wp-content\/uploads\/2025\/05\/20230921_193945-1.jpg\",\"contentUrl\":\"https:\/\/thevintagetraveler.com\/wp-content\/uploads\/2025\/05\/20230921_193945-1.jpg\",\"width\":1500,\"height\":2000,\"caption\":\"globe Louis Vuitton Groom iconique\"},{\"@type\":\"BreadcrumbList\",\"@id\":\"https:\/\/thevintagetraveler.com\/en\/produit\/globe-louis-vuitton-groom-iconique\/#breadcrumb\",\"itemListElement\":[{\"@type\":\"ListItem\",\"position\":1,\"name\":\"Accueil\",\"item\":\"https:\/\/thevintagetraveler.com\/en\/\"},{\"@type\":\"ListItem\",\"position\":2,\"name\":\"Shop\",\"item\":\"https:\/\/thevintagetraveler.com\/shop\/\"},{\"@type\":\"ListItem\",\"position\":3,\"name\":\"Globe Louis Vuitton groom\"}]},{\"@type\":\"WebSite\",\"@id\":\"https:\/\/thevintagetraveler.com\/en\/#website\",\"url\":\"https:\/\/thevintagetraveler.com\/en\/\",\"name\":\"TheVintageTraveler\",\"description\":\"Luxury experts in Louis Vuitton, Chanel &amp; Herm\u00e8s\",\"publisher\":{\"@id\":\"https:\/\/thevintagetraveler.com\/en\/#organization\"},\"potentialAction\":[{\"@type\":\"SearchAction\",\"target\":{\"@type\":\"EntryPoint\",\"urlTemplate\":\"https:\/\/thevintagetraveler.com\/en\/?s={search_term_string}\"},\"query-input\":{\"@type\":\"PropertyValueSpecification\",\"valueRequired\":true,\"valueName\":\"search_term_string\"}}],\"inLanguage\":\"en-US\"},{\"@type\":\"Organization\",\"@id\":\"https:\/\/thevintagetraveler.com\/en\/#organization\",\"name\":\"TheVintageTraveler\",\"url\":\"https:\/\/thevintagetraveler.com\/en\/\",\"logo\":{\"@type\":\"ImageObject\",\"inLanguage\":\"en-US\",\"@id\":\"https:\/\/thevintagetraveler.com\/en\/#\/schema\/logo\/image\/\",\"url\":\"https:\/\/thevintagetraveler.com\/wp-content\/uploads\/2025\/04\/LOGO-THE-VINTAGE-TRAVELER-FINAL-e1745392697678.png\",\"contentUrl\":\"https:\/\/thevintagetraveler.com\/wp-content\/uploads\/2025\/04\/LOGO-THE-VINTAGE-TRAVELER-FINAL-e1745392697678.png\",\"width\":798,\"height\":318,\"caption\":\"TheVintageTraveler\"},\"image\":{\"@id\":\"https:\/\/thevintagetraveler.com\/en\/#\/schema\/logo\/image\/\"},\"sameAs\":[\"https:\/\/www.facebook.com\/TheVintageTravelerFR\/\",\"https:\/\/www.instagram.com\/the_vintagetraveler\"]}]}<\/script>\n<!-- \/ Yoast SEO plugin. -->","yoast_head_json":{"title":"Globe Louis Vuitton Groom Iconique de Collection TheVintageTraveler","description":"Globe Louis Vuitton Groom, pi\u00e8ce iconique de d\u00e9coration. Objet rare et embl\u00e9matique de l\u2019univers du voyage. Collector certifi\u00e9, \u00e9tat superbe.","robots":{"index":"index","follow":"follow","max-snippet":"max-snippet:-1","max-image-preview":"max-image-preview:large","max-video-preview":"max-video-preview:-1"},"canonical":"https:\/\/thevintagetraveler.com\/en\/produit\/globe-louis-vuitton-groom-iconique\/","og_locale":"en_US","og_type":"article","og_title":"Globe Louis Vuitton Groom Iconique de Collection TheVintageTraveler","og_description":"Globe Louis Vuitton Groom, pi\u00e8ce iconique de d\u00e9coration. Objet rare et embl\u00e9matique de l\u2019univers du voyage. Collector certifi\u00e9, \u00e9tat superbe.","og_url":"https:\/\/thevintagetraveler.com\/en\/produit\/globe-louis-vuitton-groom-iconique\/","og_site_name":"TheVintageTraveler","article_publisher":"https:\/\/www.facebook.com\/TheVintageTravelerFR\/","article_modified_time":"2025-05-30T12:36:37+00:00","og_image":[{"width":1500,"height":2000,"url":"https:\/\/thevintagetraveler.com\/wp-content\/uploads\/2025\/05\/20230921_193945-1.jpg","type":"image\/jpeg"}],"twitter_card":"summary_large_image","twitter_misc":{"Est. reading time":"3 minutes"},"schema":{"@context":"https:\/\/schema.org","@graph":[{"@type":"WebPage","@id":"https:\/\/thevintagetraveler.com\/en\/produit\/globe-louis-vuitton-groom-iconique\/","url":"https:\/\/thevintagetraveler.com\/en\/produit\/globe-louis-vuitton-groom-iconique\/","name":"Globe Louis Vuitton Groom Iconique de Collection TheVintageTraveler","isPartOf":{"@id":"https:\/\/thevintagetraveler.com\/en\/#website"},"primaryImageOfPage":{"@id":"https:\/\/thevintagetraveler.com\/en\/produit\/globe-louis-vuitton-groom-iconique\/#primaryimage"},"image":{"@id":"https:\/\/thevintagetraveler.com\/en\/produit\/globe-louis-vuitton-groom-iconique\/#primaryimage"},"thumbnailUrl":"https:\/\/thevintagetraveler.com\/wp-content\/uploads\/2025\/05\/20230921_193945-1.jpg","datePublished":"2025-05-30T12:31:40+00:00","dateModified":"2025-05-30T12:36:37+00:00","description":"Globe Louis Vuitton Groom, pi\u00e8ce iconique de d\u00e9coration. Objet rare et embl\u00e9matique de l\u2019univers du voyage. Collector certifi\u00e9, \u00e9tat superbe.","breadcrumb":{"@id":"https:\/\/thevintagetraveler.com\/en\/produit\/globe-louis-vuitton-groom-iconique\/#breadcrumb"},"inLanguage":"en-US","potentialAction":[{"@type":"ReadAction","target":["https:\/\/thevintagetraveler.com\/en\/produit\/globe-louis-vuitton-groom-iconique\/"]}]},{"@type":"ImageObject","inLanguage":"en-US","@id":"https:\/\/thevintagetraveler.com\/en\/produit\/globe-louis-vuitton-groom-iconique\/#primaryimage","url":"https:\/\/thevintagetraveler.com\/wp-content\/uploads\/2025\/05\/20230921_193945-1.jpg","contentUrl":"https:\/\/thevintagetraveler.com\/wp-content\/uploads\/2025\/05\/20230921_193945-1.jpg","width":1500,"height":2000,"caption":"globe Louis Vuitton Groom iconique"},{"@type":"BreadcrumbList","@id":"https:\/\/thevintagetraveler.com\/en\/produit\/globe-louis-vuitton-groom-iconique\/#breadcrumb","itemListElement":[{"@type":"ListItem","position":1,"name":"Accueil","item":"https:\/\/thevintagetraveler.com\/en\/"},{"@type":"ListItem","position":2,"name":"Shop","item":"https:\/\/thevintagetraveler.com\/shop\/"},{"@type":"ListItem","position":3,"name":"Globe Louis Vuitton groom"}]},{"@type":"WebSite","@id":"https:\/\/thevintagetraveler.com\/en\/#website","url":"https:\/\/thevintagetraveler.com\/en\/","name":"TheVintageTraveler","description":"Luxury experts in Louis Vuitton, Chanel &amp; Herm\u00e8s","publisher":{"@id":"https:\/\/thevintagetraveler.com\/en\/#organization"},"potentialAction":[{"@type":"SearchAction","target":{"@type":"EntryPoint","urlTemplate":"https:\/\/thevintagetraveler.com\/en\/?s={search_term_string}"},"query-input":{"@type":"PropertyValueSpecification","valueRequired":true,"valueName":"search_term_string"}}],"inLanguage":"en-US"},{"@type":"Organization","@id":"https:\/\/thevintagetraveler.com\/en\/#organization","name":"TheVintageTraveler","url":"https:\/\/thevintagetraveler.com\/en\/","logo":{"@type":"ImageObject","inLanguage":"en-US","@id":"https:\/\/thevintagetraveler.com\/en\/#\/schema\/logo\/image\/","url":"https:\/\/thevintagetraveler.com\/wp-content\/uploads\/2025\/04\/LOGO-THE-VINTAGE-TRAVELER-FINAL-e1745392697678.png","contentUrl":"https:\/\/thevintagetraveler.com\/wp-content\/uploads\/2025\/04\/LOGO-THE-VINTAGE-TRAVELER-FINAL-e1745392697678.png","width":798,"height":318,"caption":"TheVintageTraveler"},"image":{"@id":"https:\/\/thevintagetraveler.com\/en\/#\/schema\/logo\/image\/"},"sameAs":["https:\/\/www.facebook.com\/TheVintageTravelerFR\/","https:\/\/www.instagram.com\/the_vintagetraveler"]}]}},"_links":{"self":[{"href":"https:\/\/thevintagetraveler.com\/en\/wp-json\/wp\/v2\/product\/4593","targetHints":{"allow":["GET"]}}],"collection":[{"href":"https:\/\/thevintagetraveler.com\/en\/wp-json\/wp\/v2\/product"}],"about":[{"href":"https:\/\/thevintagetraveler.com\/en\/wp-json\/wp\/v2\/types\/product"}],"wp:featuredmedia":[{"embeddable":true,"href":"https:\/\/thevintagetraveler.com\/en\/wp-json\/wp\/v2\/media\/4594"}],"wp:attachment":[{"href":"https:\/\/thevintagetraveler.com\/en\/wp-json\/wp\/v2\/media?parent=4593"}],"wp:term":[{"taxonomy":"product_brand","embeddable":true,"href":"https:\/\/thevintagetraveler.com\/en\/wp-json\/wp\/v2\/product_brand?post=4593"},{"taxonomy":"product_cat","embeddable":true,"href":"https:\/\/thevintagetraveler.com\/en\/wp-json\/wp\/v2\/product_cat?post=4593"},{"taxonomy":"product_tag","embeddable":true,"href":"https:\/\/thevintagetraveler.com\/en\/wp-json\/wp\/v2\/product_tag?post=4593"}],"curies":[{"name":"wp","href":"https:\/\/api.w.org\/{rel}","templated":true}]}}