{"id":4605,"date":"2025-05-30T14:44:58","date_gmt":"2025-05-30T12:44:58","guid":{"rendered":"https:\/\/thevintagetraveler.com\/?post_type=product&#038;p=4605"},"modified":"2025-05-30T14:49:56","modified_gmt":"2025-05-30T12:49:56","slug":"montre-hermes-cape-cod-double-tour-etoupe","status":"publish","type":"product","link":"https:\/\/thevintagetraveler.com\/en\/produit\/montre-hermes-cape-cod-double-tour-etoupe\/","title":{"rendered":"Montre Herm\u00e8s cape code double tour"},"content":{"rendered":"<h3 data-start=\"983\" data-end=\"1062\">Montre Herm\u00e8s Cape Cod \u2013 Double Tour, Bracelet \u00c9toupe, Avec Bo\u00eete &amp; Papiers<\/h3>\n<p data-start=\"1064\" data-end=\"1394\">La <strong data-start=\"1067\" data-end=\"1093\">montre Herm\u00e8s Cape Cod<\/strong> est une <strong data-start=\"1102\" data-end=\"1147\">cr\u00e9ation embl\u00e9matique de la maison Herm\u00e8s<\/strong>, m\u00ealant <strong data-start=\"1156\" data-end=\"1209\">\u00e9l\u00e9gance horlog\u00e8re et sophistication maroquini\u00e8re<\/strong>. Ce mod\u00e8le <strong data-start=\"1221\" data-end=\"1236\">double tour<\/strong>, ici pr\u00e9sent\u00e9 avec son <strong data-start=\"1260\" data-end=\"1295\">bracelet en cuir couleur \u00e9toupe<\/strong>, incarne parfaitement l\u2019esprit <a href=\"https:\/\/thevintagetraveler.com\/stamp-hermes-date-de-fabrication-sac-hermes\/\">Herm\u00e8s<\/a> : chic discret, artisanat d\u2019excellence et design intemporel.<\/p>\n<p data-start=\"1396\" data-end=\"1556\">Vendue <strong data-start=\"1403\" data-end=\"1445\">avec sa bo\u00eete d\u2019origine et ses papiers<\/strong>, cette montre est <strong data-start=\"1464\" data-end=\"1503\">authentifi\u00e9e, compl\u00e8te et certifi\u00e9e<\/strong> \u2014 une pi\u00e8ce aussi belle \u00e0 porter qu\u2019\u00e0 collectionner.<\/p>\n<hr data-start=\"1558\" data-end=\"1561\" \/>\n<h3 data-start=\"1563\" data-end=\"1615\">Le style Cape Cod : une ic\u00f4ne Herm\u00e8s depuis 1991<\/h3>\n<p data-start=\"1617\" data-end=\"1786\">Cr\u00e9\u00e9e par Henri d\u2019Origny, la Cape Cod revisite le carr\u00e9 Herm\u00e8s dans un <strong data-start=\"1688\" data-end=\"1752\">bo\u00eetier rectangulaire inspir\u00e9 d\u2019un maillon de cha\u00eene d\u2019ancre<\/strong>. Son identit\u00e9 forte r\u00e9side dans :<\/p>\n<ul data-start=\"1788\" data-end=\"2040\">\n<li data-start=\"1788\" data-end=\"1862\">\n<p data-start=\"1790\" data-end=\"1862\">Son <strong data-start=\"1794\" data-end=\"1826\">design simple mais graphique<\/strong>, reconnaissable au premier regard<\/p>\n<\/li>\n<li data-start=\"1863\" data-end=\"1944\">\n<p data-start=\"1865\" data-end=\"1944\">Son <strong data-start=\"1869\" data-end=\"1893\">bracelet double tour<\/strong>, imagin\u00e9 par Martin Margiela pour Herm\u00e8s en 1998<\/p>\n<\/li>\n<li data-start=\"1945\" data-end=\"2040\">\n<p data-start=\"1947\" data-end=\"2040\">Sa capacit\u00e9 \u00e0 s\u2019adapter \u00e0 toutes les g\u00e9n\u00e9rations, gr\u00e2ce \u00e0 son <strong data-start=\"2009\" data-end=\"2040\">luxe discret et fonctionnel<\/strong><\/p>\n<\/li>\n<\/ul>\n<p data-start=\"2042\" data-end=\"2198\">Le <strong data-start=\"2045\" data-end=\"2064\">bracelet \u00e9toupe<\/strong>, teinte signature Herm\u00e8s entre le gris et le taupe, ajoute une touche de <strong data-start=\"2138\" data-end=\"2173\">raffinement neutre et universel<\/strong>, tr\u00e8s facile \u00e0 associer.<\/p>\n<hr data-start=\"2200\" data-end=\"2203\" \/>\n<h3 data-start=\"2205\" data-end=\"2236\">Caract\u00e9ristiques du produit<\/h3>\n<ul data-start=\"2238\" data-end=\"2756\">\n<li data-start=\"2238\" data-end=\"2261\">\n<p data-start=\"2240\" data-end=\"2261\"><strong data-start=\"2240\" data-end=\"2252\">Marque :<\/strong> Herm\u00e8s<\/p>\n<\/li>\n<li data-start=\"2262\" data-end=\"2299\">\n<p data-start=\"2264\" data-end=\"2299\"><strong data-start=\"2264\" data-end=\"2276\">Mod\u00e8le :<\/strong> Cape Cod Double Tour<\/p>\n<\/li>\n<li data-start=\"2300\" data-end=\"2365\">\n<p data-start=\"2302\" data-end=\"2365\"><strong data-start=\"2302\" data-end=\"2314\">Cadran :<\/strong> Rectangulaire argent\u00e9 avec index chiffres arabes<\/p>\n<\/li>\n<li data-start=\"2366\" data-end=\"2441\">\n<p data-start=\"2368\" data-end=\"2441\"><strong data-start=\"2368\" data-end=\"2382\">Bracelet :<\/strong> Cuir Herm\u00e8s double tour couleur \u00e9toupe (interchangeable)<\/p>\n<\/li>\n<li data-start=\"2442\" data-end=\"2482\">\n<p data-start=\"2444\" data-end=\"2482\"><strong data-start=\"2444\" data-end=\"2457\">Fermoir :<\/strong> Boucle ardillon Herm\u00e8s<\/p>\n<\/li>\n<li data-start=\"2483\" data-end=\"2517\">\n<p data-start=\"2485\" data-end=\"2517\"><strong data-start=\"2485\" data-end=\"2498\">Bo\u00eetier :<\/strong> Acier inoxydable<\/p>\n<\/li>\n<li data-start=\"2518\" data-end=\"2544\">\n<p data-start=\"2520\" data-end=\"2544\"><strong data-start=\"2520\" data-end=\"2535\">Mouvement :<\/strong> Quartz<\/p>\n<\/li>\n<li data-start=\"2545\" data-end=\"2599\">\n<p data-start=\"2547\" data-end=\"2599\"><strong data-start=\"2547\" data-end=\"2564\">Accessoires :<\/strong> Bo\u00eete Herm\u00e8s d\u2019origine + papiers<\/p>\n<\/li>\n<li data-start=\"2600\" data-end=\"2682\">\n<p data-start=\"2602\" data-end=\"2682\"><strong data-start=\"2602\" data-end=\"2612\">\u00c9tat :<\/strong> Excellent \u2013 tr\u00e8s peu port\u00e9e, bracelet souple, mouvement fonctionnel<\/p>\n<\/li>\n<li data-start=\"2683\" data-end=\"2756\">\n<p data-start=\"2685\" data-end=\"2756\"><strong data-start=\"2685\" data-end=\"2707\">Authentification :<\/strong> Certifi\u00e9e \u2013 livr\u00e9 avec certificat d\u2019authenticit\u00e9<\/p>\n<\/li>\n<\/ul>\n<hr data-start=\"2758\" data-end=\"2761\" \/>\n<h3 data-start=\"2763\" data-end=\"2803\">Une montre \u00e9l\u00e9gante et fonctionnelle<\/h3>\n<p data-start=\"2805\" data-end=\"2834\">La Cape Cod est id\u00e9ale pour :<\/p>\n<ul data-start=\"2836\" data-end=\"3091\">\n<li data-start=\"2836\" data-end=\"2907\">\n<p data-start=\"2838\" data-end=\"2907\"><strong data-start=\"2838\" data-end=\"2905\">Une femme \u00e0 la recherche d\u2019une montre \u00e0 la fois chic et subtile<\/strong><\/p>\n<\/li>\n<li data-start=\"2908\" data-end=\"2960\">\n<p data-start=\"2910\" data-end=\"2960\">Les amateurs de <strong data-start=\"2926\" data-end=\"2958\">design intemporel et discret<\/strong><\/p>\n<\/li>\n<li data-start=\"2961\" data-end=\"3043\">\n<p data-start=\"2963\" data-end=\"3043\"><strong data-start=\"2963\" data-end=\"3010\">Un usage quotidien ou une occasion sp\u00e9ciale<\/strong>, gr\u00e2ce \u00e0 sa grande versatilit\u00e9<\/p>\n<\/li>\n<li data-start=\"3044\" data-end=\"3091\">\n<p data-start=\"3046\" data-end=\"3091\"><strong data-start=\"3046\" data-end=\"3091\">Un cadeau de luxe embl\u00e9matique et raffin\u00e9<\/strong><\/p>\n<\/li>\n<\/ul>\n<hr data-start=\"3093\" data-end=\"3096\" \/>\n<h3 data-start=\"3098\" data-end=\"3146\">Pourquoi investir dans une Cape Cod Herm\u00e8s ?<\/h3>\n<ul data-start=\"3148\" data-end=\"3485\">\n<li data-start=\"3148\" data-end=\"3219\">\n<p data-start=\"3150\" data-end=\"3219\"><strong data-start=\"3150\" data-end=\"3186\">Ic\u00f4ne du design horloger f\u00e9minin<\/strong>, reconnue dans le monde entier<\/p>\n<\/li>\n<li data-start=\"3220\" data-end=\"3292\">\n<p data-start=\"3222\" data-end=\"3292\"><strong data-start=\"3222\" data-end=\"3261\">Bracelet double tour couleur \u00e9toupe<\/strong>, combinaison tr\u00e8s recherch\u00e9e<\/p>\n<\/li>\n<li data-start=\"3293\" data-end=\"3374\">\n<p data-start=\"3295\" data-end=\"3374\"><strong data-start=\"3295\" data-end=\"3336\">Montre compl\u00e8te avec bo\u00eete et papiers<\/strong>, rare sur le march\u00e9 de seconde main<\/p>\n<\/li>\n<li data-start=\"3375\" data-end=\"3439\">\n<p data-start=\"3377\" data-end=\"3439\"><strong data-start=\"3377\" data-end=\"3392\">Valeur s\u00fbre<\/strong>, parfaite pour usage personnel ou collection<\/p>\n<\/li>\n<li data-start=\"3440\" data-end=\"3485\">\n<p data-start=\"3442\" data-end=\"3485\">\u00c9l\u00e9gance sobre, fid\u00e8le \u00e0 <strong data-start=\"3467\" data-end=\"3485\">l\u2019ADN d\u2019Herm\u00e8s<\/strong><\/p>\n<\/li>\n<\/ul>\n<hr data-start=\"3487\" data-end=\"3490\" \/>\n<h3 data-start=\"3492\" data-end=\"3538\">Pourquoi acheter chez TheVintageTraveler ?<\/h3>\n<p data-start=\"3540\" data-end=\"3588\">Chez <strong data-start=\"3545\" data-end=\"3567\">TheVintageTraveler<\/strong>, chaque montre est :<\/p>\n<ul data-start=\"3590\" data-end=\"3931\">\n<li data-start=\"3590\" data-end=\"3667\">\n<p data-start=\"3592\" data-end=\"3667\"><strong data-start=\"3592\" data-end=\"3622\">Authentifi\u00e9e par un expert<\/strong>, avec contr\u00f4le du mouvement et du bracelet<\/p>\n<\/li>\n<li data-start=\"3668\" data-end=\"3741\">\n<p data-start=\"3670\" data-end=\"3741\"><strong data-start=\"3670\" data-end=\"3689\">Livr\u00e9e compl\u00e8te<\/strong>, avec bo\u00eete, papiers et certificat d\u2019authenticit\u00e9<\/p>\n<\/li>\n<li data-start=\"3742\" data-end=\"3839\">\n<p data-start=\"3744\" data-end=\"3839\">Disponible en <strong data-start=\"3758\" data-end=\"3810\">retrait showroom au March\u00e9 Serpette (Saint-Ouen)<\/strong> ou <strong data-start=\"3814\" data-end=\"3837\">livraison s\u00e9curis\u00e9e<\/strong><\/p>\n<\/li>\n<li data-start=\"3840\" data-end=\"3931\">\n<p data-start=\"3842\" data-end=\"3931\">Propos\u00e9e dans un <strong data-start=\"3859\" data-end=\"3890\">\u00e9tat rigoureusement v\u00e9rifi\u00e9<\/strong>, avec transparence et service sur mesure<\/p>\n<\/li>\n<\/ul>\n<hr data-start=\"3933\" data-end=\"3936\" \/>\n<h3 data-start=\"3938\" data-end=\"3952\">Conclusion<\/h3>\n<p data-start=\"3954\" data-end=\"4322\">Cette <strong data-start=\"3960\" data-end=\"3998\">montre Herm\u00e8s Cape Cod double tour<\/strong>, avec son <strong data-start=\"4009\" data-end=\"4028\">bracelet \u00e9toupe<\/strong> embl\u00e9matique et ses <strong data-start=\"4049\" data-end=\"4070\">papiers d\u2019origine<\/strong>, est un <strong data-start=\"4079\" data-end=\"4117\">classique horloger du luxe discret<\/strong>. \u00c9l\u00e9gante, certifi\u00e9e, pr\u00eate \u00e0 porter ou \u00e0 offrir, elle saura s\u00e9duire toute amatrice d\u2019Herm\u00e8s ou passionn\u00e9e de montres iconiques. Une <strong data-start=\"4251\" data-end=\"4266\">valeur s\u00fbre<\/strong> qui conjugue <strong data-start=\"4280\" data-end=\"4321\">raffinement et modernit\u00e9 intemporelle<\/strong>.<\/p>\n<p>Suivez &#8211; nous sur <a href=\"https:\/\/www.facebook.com\/TheVintageTravelerFR\">Facebook<\/a> et <a href=\"https:\/\/www.instagram.com\/the_vintagetraveler\/?igsh=aXdsbDJkdnpwZjcx#\">Instagram<\/a><\/p>\n","protected":false},"excerpt":{"rendered":"<p>Montre Herm\u00e8s Cape Cod double tour, bracelet cuir \u00e9toupe. Avec bo\u00eete et papiers. \u00c9l\u00e9gance discr\u00e8te, ic\u00f4ne horlog\u00e8re certifi\u00e9e et authentique.<\/p>\n","protected":false},"featured_media":4607,"template":"","meta":[],"product_brand":[],"product_cat":[126,302,280,303,175,128,274],"product_tag":[281],"class_list":{"0":"post-4605","1":"product","2":"type-product","3":"status-publish","4":"has-post-thumbnail","6":"product_cat-accessoires-de-luxe-vintage","7":"product_cat-jewelry","8":"product_cat-hermes","9":"product_cat-hermes-2","10":"product_cat-lifestyle-maison-hermes","11":"product_cat-lifestyle-maison","12":"product_cat-news","13":"product_tag-hermes","15":"first","16":"instock","17":"sold-individually","18":"shipping-taxable","19":"purchasable","20":"product-type-simple"},"yoast_head":"<!-- This site is optimized with the Yoast SEO plugin v27.1.1 - https:\/\/yoast.com\/product\/yoast-seo-wordpress\/ -->\n<title>Montre Herm\u00e8s Cape Cod Double Tour \u00c9toupe | TheVintageTraveler<\/title>\n<meta name=\"description\" content=\"Montre Herm\u00e8s Cape Cod double tour, bracelet \u00e9toupe. Avec bo\u00eete et papiers d\u2019origine. \u00c9l\u00e9gante, certifi\u00e9e, intemporelle. Authentique et raffin\u00e9e.\" \/>\n<meta name=\"robots\" content=\"index, follow, max-snippet:-1, max-image-preview:large, max-video-preview:-1\" \/>\n<link rel=\"canonical\" href=\"https:\/\/thevintagetraveler.com\/en\/produit\/montre-hermes-cape-cod-double-tour-etoupe\/\" \/>\n<meta property=\"og:locale\" content=\"en_US\" \/>\n<meta property=\"og:type\" content=\"article\" \/>\n<meta property=\"og:title\" content=\"Montre Herm\u00e8s Cape Cod Double Tour \u00c9toupe | TheVintageTraveler\" \/>\n<meta property=\"og:description\" content=\"Montre Herm\u00e8s Cape Cod double tour, bracelet \u00e9toupe. Avec bo\u00eete et papiers d\u2019origine. \u00c9l\u00e9gante, certifi\u00e9e, intemporelle. Authentique et raffin\u00e9e.\" \/>\n<meta property=\"og:url\" content=\"https:\/\/thevintagetraveler.com\/en\/produit\/montre-hermes-cape-cod-double-tour-etoupe\/\" \/>\n<meta property=\"og:site_name\" content=\"TheVintageTraveler\" \/>\n<meta property=\"article:publisher\" content=\"https:\/\/www.facebook.com\/TheVintageTravelerFR\/\" \/>\n<meta property=\"article:modified_time\" content=\"2025-05-30T12:49:56+00:00\" \/>\n<meta property=\"og:image\" content=\"https:\/\/thevintagetraveler.com\/wp-content\/uploads\/2025\/05\/20230428_160758.jpg\" \/>\n\t<meta property=\"og:image:width\" content=\"1500\" \/>\n\t<meta property=\"og:image:height\" content=\"2000\" \/>\n\t<meta property=\"og:image:type\" content=\"image\/jpeg\" \/>\n<meta name=\"twitter:card\" content=\"summary_large_image\" \/>\n<meta name=\"twitter:label1\" content=\"Est. reading time\" \/>\n\t<meta name=\"twitter:data1\" content=\"3 minutes\" \/>\n<script type=\"application\/ld+json\" class=\"yoast-schema-graph\">{\"@context\":\"https:\/\/schema.org\",\"@graph\":[{\"@type\":\"WebPage\",\"@id\":\"https:\/\/thevintagetraveler.com\/en\/produit\/montre-hermes-cape-cod-double-tour-etoupe\/\",\"url\":\"https:\/\/thevintagetraveler.com\/en\/produit\/montre-hermes-cape-cod-double-tour-etoupe\/\",\"name\":\"Montre Herm\u00e8s Cape Cod Double Tour \u00c9toupe | TheVintageTraveler\",\"isPartOf\":{\"@id\":\"https:\/\/thevintagetraveler.com\/en\/#website\"},\"primaryImageOfPage\":{\"@id\":\"https:\/\/thevintagetraveler.com\/en\/produit\/montre-hermes-cape-cod-double-tour-etoupe\/#primaryimage\"},\"image\":{\"@id\":\"https:\/\/thevintagetraveler.com\/en\/produit\/montre-hermes-cape-cod-double-tour-etoupe\/#primaryimage\"},\"thumbnailUrl\":\"https:\/\/thevintagetraveler.com\/wp-content\/uploads\/2025\/05\/20230428_160758.jpg\",\"datePublished\":\"2025-05-30T12:44:58+00:00\",\"dateModified\":\"2025-05-30T12:49:56+00:00\",\"description\":\"Montre Herm\u00e8s Cape Cod double tour, bracelet \u00e9toupe. Avec bo\u00eete et papiers d\u2019origine. \u00c9l\u00e9gante, certifi\u00e9e, intemporelle. Authentique et raffin\u00e9e.\",\"breadcrumb\":{\"@id\":\"https:\/\/thevintagetraveler.com\/en\/produit\/montre-hermes-cape-cod-double-tour-etoupe\/#breadcrumb\"},\"inLanguage\":\"en-US\",\"potentialAction\":[{\"@type\":\"ReadAction\",\"target\":[\"https:\/\/thevintagetraveler.com\/en\/produit\/montre-hermes-cape-cod-double-tour-etoupe\/\"]}]},{\"@type\":\"ImageObject\",\"inLanguage\":\"en-US\",\"@id\":\"https:\/\/thevintagetraveler.com\/en\/produit\/montre-hermes-cape-cod-double-tour-etoupe\/#primaryimage\",\"url\":\"https:\/\/thevintagetraveler.com\/wp-content\/uploads\/2025\/05\/20230428_160758.jpg\",\"contentUrl\":\"https:\/\/thevintagetraveler.com\/wp-content\/uploads\/2025\/05\/20230428_160758.jpg\",\"width\":1500,\"height\":2000,\"caption\":\"montre Herm\u00e8s Cape Cod double tour \u00e9toupe\"},{\"@type\":\"BreadcrumbList\",\"@id\":\"https:\/\/thevintagetraveler.com\/en\/produit\/montre-hermes-cape-cod-double-tour-etoupe\/#breadcrumb\",\"itemListElement\":[{\"@type\":\"ListItem\",\"position\":1,\"name\":\"Accueil\",\"item\":\"https:\/\/thevintagetraveler.com\/en\/\"},{\"@type\":\"ListItem\",\"position\":2,\"name\":\"Shop\",\"item\":\"https:\/\/thevintagetraveler.com\/shop\/\"},{\"@type\":\"ListItem\",\"position\":3,\"name\":\"Montre Herm\u00e8s cape code double tour\"}]},{\"@type\":\"WebSite\",\"@id\":\"https:\/\/thevintagetraveler.com\/en\/#website\",\"url\":\"https:\/\/thevintagetraveler.com\/en\/\",\"name\":\"TheVintageTraveler\",\"description\":\"Luxury experts in Louis Vuitton, Chanel &amp; Herm\u00e8s\",\"publisher\":{\"@id\":\"https:\/\/thevintagetraveler.com\/en\/#organization\"},\"potentialAction\":[{\"@type\":\"SearchAction\",\"target\":{\"@type\":\"EntryPoint\",\"urlTemplate\":\"https:\/\/thevintagetraveler.com\/en\/?s={search_term_string}\"},\"query-input\":{\"@type\":\"PropertyValueSpecification\",\"valueRequired\":true,\"valueName\":\"search_term_string\"}}],\"inLanguage\":\"en-US\"},{\"@type\":\"Organization\",\"@id\":\"https:\/\/thevintagetraveler.com\/en\/#organization\",\"name\":\"TheVintageTraveler\",\"url\":\"https:\/\/thevintagetraveler.com\/en\/\",\"logo\":{\"@type\":\"ImageObject\",\"inLanguage\":\"en-US\",\"@id\":\"https:\/\/thevintagetraveler.com\/en\/#\/schema\/logo\/image\/\",\"url\":\"https:\/\/thevintagetraveler.com\/wp-content\/uploads\/2025\/04\/LOGO-THE-VINTAGE-TRAVELER-FINAL-e1745392697678.png\",\"contentUrl\":\"https:\/\/thevintagetraveler.com\/wp-content\/uploads\/2025\/04\/LOGO-THE-VINTAGE-TRAVELER-FINAL-e1745392697678.png\",\"width\":798,\"height\":318,\"caption\":\"TheVintageTraveler\"},\"image\":{\"@id\":\"https:\/\/thevintagetraveler.com\/en\/#\/schema\/logo\/image\/\"},\"sameAs\":[\"https:\/\/www.facebook.com\/TheVintageTravelerFR\/\",\"https:\/\/www.instagram.com\/the_vintagetraveler\"]}]}<\/script>\n<!-- \/ Yoast SEO plugin. -->","yoast_head_json":{"title":"Montre Herm\u00e8s Cape Cod Double Tour \u00c9toupe | TheVintageTraveler","description":"Montre Herm\u00e8s Cape Cod double tour, bracelet \u00e9toupe. Avec bo\u00eete et papiers d\u2019origine. \u00c9l\u00e9gante, certifi\u00e9e, intemporelle. Authentique et raffin\u00e9e.","robots":{"index":"index","follow":"follow","max-snippet":"max-snippet:-1","max-image-preview":"max-image-preview:large","max-video-preview":"max-video-preview:-1"},"canonical":"https:\/\/thevintagetraveler.com\/en\/produit\/montre-hermes-cape-cod-double-tour-etoupe\/","og_locale":"en_US","og_type":"article","og_title":"Montre Herm\u00e8s Cape Cod Double Tour \u00c9toupe | TheVintageTraveler","og_description":"Montre Herm\u00e8s Cape Cod double tour, bracelet \u00e9toupe. Avec bo\u00eete et papiers d\u2019origine. \u00c9l\u00e9gante, certifi\u00e9e, intemporelle. Authentique et raffin\u00e9e.","og_url":"https:\/\/thevintagetraveler.com\/en\/produit\/montre-hermes-cape-cod-double-tour-etoupe\/","og_site_name":"TheVintageTraveler","article_publisher":"https:\/\/www.facebook.com\/TheVintageTravelerFR\/","article_modified_time":"2025-05-30T12:49:56+00:00","og_image":[{"width":1500,"height":2000,"url":"https:\/\/thevintagetraveler.com\/wp-content\/uploads\/2025\/05\/20230428_160758.jpg","type":"image\/jpeg"}],"twitter_card":"summary_large_image","twitter_misc":{"Est. reading time":"3 minutes"},"schema":{"@context":"https:\/\/schema.org","@graph":[{"@type":"WebPage","@id":"https:\/\/thevintagetraveler.com\/en\/produit\/montre-hermes-cape-cod-double-tour-etoupe\/","url":"https:\/\/thevintagetraveler.com\/en\/produit\/montre-hermes-cape-cod-double-tour-etoupe\/","name":"Montre Herm\u00e8s Cape Cod Double Tour \u00c9toupe | TheVintageTraveler","isPartOf":{"@id":"https:\/\/thevintagetraveler.com\/en\/#website"},"primaryImageOfPage":{"@id":"https:\/\/thevintagetraveler.com\/en\/produit\/montre-hermes-cape-cod-double-tour-etoupe\/#primaryimage"},"image":{"@id":"https:\/\/thevintagetraveler.com\/en\/produit\/montre-hermes-cape-cod-double-tour-etoupe\/#primaryimage"},"thumbnailUrl":"https:\/\/thevintagetraveler.com\/wp-content\/uploads\/2025\/05\/20230428_160758.jpg","datePublished":"2025-05-30T12:44:58+00:00","dateModified":"2025-05-30T12:49:56+00:00","description":"Montre Herm\u00e8s Cape Cod double tour, bracelet \u00e9toupe. Avec bo\u00eete et papiers d\u2019origine. \u00c9l\u00e9gante, certifi\u00e9e, intemporelle. Authentique et raffin\u00e9e.","breadcrumb":{"@id":"https:\/\/thevintagetraveler.com\/en\/produit\/montre-hermes-cape-cod-double-tour-etoupe\/#breadcrumb"},"inLanguage":"en-US","potentialAction":[{"@type":"ReadAction","target":["https:\/\/thevintagetraveler.com\/en\/produit\/montre-hermes-cape-cod-double-tour-etoupe\/"]}]},{"@type":"ImageObject","inLanguage":"en-US","@id":"https:\/\/thevintagetraveler.com\/en\/produit\/montre-hermes-cape-cod-double-tour-etoupe\/#primaryimage","url":"https:\/\/thevintagetraveler.com\/wp-content\/uploads\/2025\/05\/20230428_160758.jpg","contentUrl":"https:\/\/thevintagetraveler.com\/wp-content\/uploads\/2025\/05\/20230428_160758.jpg","width":1500,"height":2000,"caption":"montre Herm\u00e8s Cape Cod double tour \u00e9toupe"},{"@type":"BreadcrumbList","@id":"https:\/\/thevintagetraveler.com\/en\/produit\/montre-hermes-cape-cod-double-tour-etoupe\/#breadcrumb","itemListElement":[{"@type":"ListItem","position":1,"name":"Accueil","item":"https:\/\/thevintagetraveler.com\/en\/"},{"@type":"ListItem","position":2,"name":"Shop","item":"https:\/\/thevintagetraveler.com\/shop\/"},{"@type":"ListItem","position":3,"name":"Montre Herm\u00e8s cape code double tour"}]},{"@type":"WebSite","@id":"https:\/\/thevintagetraveler.com\/en\/#website","url":"https:\/\/thevintagetraveler.com\/en\/","name":"TheVintageTraveler","description":"Luxury experts in Louis Vuitton, Chanel &amp; Herm\u00e8s","publisher":{"@id":"https:\/\/thevintagetraveler.com\/en\/#organization"},"potentialAction":[{"@type":"SearchAction","target":{"@type":"EntryPoint","urlTemplate":"https:\/\/thevintagetraveler.com\/en\/?s={search_term_string}"},"query-input":{"@type":"PropertyValueSpecification","valueRequired":true,"valueName":"search_term_string"}}],"inLanguage":"en-US"},{"@type":"Organization","@id":"https:\/\/thevintagetraveler.com\/en\/#organization","name":"TheVintageTraveler","url":"https:\/\/thevintagetraveler.com\/en\/","logo":{"@type":"ImageObject","inLanguage":"en-US","@id":"https:\/\/thevintagetraveler.com\/en\/#\/schema\/logo\/image\/","url":"https:\/\/thevintagetraveler.com\/wp-content\/uploads\/2025\/04\/LOGO-THE-VINTAGE-TRAVELER-FINAL-e1745392697678.png","contentUrl":"https:\/\/thevintagetraveler.com\/wp-content\/uploads\/2025\/04\/LOGO-THE-VINTAGE-TRAVELER-FINAL-e1745392697678.png","width":798,"height":318,"caption":"TheVintageTraveler"},"image":{"@id":"https:\/\/thevintagetraveler.com\/en\/#\/schema\/logo\/image\/"},"sameAs":["https:\/\/www.facebook.com\/TheVintageTravelerFR\/","https:\/\/www.instagram.com\/the_vintagetraveler"]}]}},"_links":{"self":[{"href":"https:\/\/thevintagetraveler.com\/en\/wp-json\/wp\/v2\/product\/4605","targetHints":{"allow":["GET"]}}],"collection":[{"href":"https:\/\/thevintagetraveler.com\/en\/wp-json\/wp\/v2\/product"}],"about":[{"href":"https:\/\/thevintagetraveler.com\/en\/wp-json\/wp\/v2\/types\/product"}],"wp:featuredmedia":[{"embeddable":true,"href":"https:\/\/thevintagetraveler.com\/en\/wp-json\/wp\/v2\/media\/4607"}],"wp:attachment":[{"href":"https:\/\/thevintagetraveler.com\/en\/wp-json\/wp\/v2\/media?parent=4605"}],"wp:term":[{"taxonomy":"product_brand","embeddable":true,"href":"https:\/\/thevintagetraveler.com\/en\/wp-json\/wp\/v2\/product_brand?post=4605"},{"taxonomy":"product_cat","embeddable":true,"href":"https:\/\/thevintagetraveler.com\/en\/wp-json\/wp\/v2\/product_cat?post=4605"},{"taxonomy":"product_tag","embeddable":true,"href":"https:\/\/thevintagetraveler.com\/en\/wp-json\/wp\/v2\/product_tag?post=4605"}],"curies":[{"name":"wp","href":"https:\/\/api.w.org\/{rel}","templated":true}]}}