{"id":4739,"date":"2024-06-10T15:29:39","date_gmt":"2024-06-10T13:29:39","guid":{"rendered":"https:\/\/thevintagetraveler.com\/?post_type=product&#038;p=4739"},"modified":"2025-09-16T15:06:12","modified_gmt":"2025-09-16T13:06:12","slug":"sac-hermes-birkin-30-swift-noir-gold","status":"publish","type":"product","link":"https:\/\/thevintagetraveler.com\/en\/produit\/sac-hermes-birkin-30-swift-noir-gold\/","title":{"rendered":"Sac Herm\u00e8s Birkin 30 noir swift"},"content":{"rendered":"<h3 data-start=\"965\" data-end=\"1022\">Sac Herm\u00e8s Birkin 30 \u2013 Cuir Swift Noir &amp; Finitions Or<\/h3>\n<p data-start=\"1024\" data-end=\"1304\">Le <strong data-start=\"1027\" data-end=\"1051\">sac Herm\u00e8s Birkin 30<\/strong> est une <strong data-start=\"1060\" data-end=\"1104\">ic\u00f4ne absolue de la maroquinerie de luxe<\/strong>, symbole d\u2019\u00e9l\u00e9gance, de savoir-faire et d\u2019exclusivit\u00e9. Ce mod\u00e8le, r\u00e9alis\u00e9 en <strong data-start=\"1182\" data-end=\"1201\">cuir Swift noir<\/strong>, est sublim\u00e9 par des <strong data-start=\"1223\" data-end=\"1243\">finitions dor\u00e9es<\/strong> (gold), qui rehaussent l\u2019intensit\u00e9 du noir avec raffinement.<\/p>\n<p data-start=\"1306\" data-end=\"1456\">Propos\u00e9 ici en <strong data-start=\"1321\" data-end=\"1338\">tr\u00e8s bon \u00e9tat<\/strong>, il incarne la <strong data-start=\"1354\" data-end=\"1375\">perfection Herm\u00e8s<\/strong> : une pi\u00e8ce rare, fonctionnelle, au <strong data-start=\"1412\" data-end=\"1455\">potentiel d\u2019investissement exceptionnel<\/strong>.<\/p>\n<hr data-start=\"1458\" data-end=\"1461\" \/>\n<h3 data-start=\"1463\" data-end=\"1501\">Le cuir Swift : souplesse et \u00e9clat<\/h3>\n<p data-start=\"1503\" data-end=\"1570\">Le <strong data-start=\"1506\" data-end=\"1520\">cuir Swift<\/strong>, est reconnu pour :<\/p>\n<ul data-start=\"1572\" data-end=\"1808\">\n<li data-start=\"1572\" data-end=\"1615\">\n<p data-start=\"1574\" data-end=\"1615\">Son <strong data-start=\"1578\" data-end=\"1596\">grain tr\u00e8s fin<\/strong> et presque lisse<\/p>\n<\/li>\n<li data-start=\"1616\" data-end=\"1684\">\n<p data-start=\"1618\" data-end=\"1684\">Sa <strong data-start=\"1621\" data-end=\"1642\">brillance subtile<\/strong> qui accentue la profondeur des couleurs<\/p>\n<\/li>\n<li data-start=\"1685\" data-end=\"1769\">\n<p data-start=\"1687\" data-end=\"1769\">Sa <strong data-start=\"1690\" data-end=\"1703\">souplesse<\/strong>, qui rend le sac l\u00e9g\u00e8rement plus fluide que les mod\u00e8les rigides<\/p>\n<\/li>\n<li data-start=\"1770\" data-end=\"1808\">\n<p data-start=\"1772\" data-end=\"1808\">Sa <strong data-start=\"1775\" data-end=\"1808\">patine \u00e9l\u00e9gante avec le temps<\/strong><\/p>\n<\/li>\n<\/ul>\n<p data-start=\"1810\" data-end=\"1876\">Il conf\u00e8re au Birkin une <strong data-start=\"1835\" data-end=\"1875\">allure douce, fluide et sophistiqu\u00e9e<\/strong>.<\/p>\n<hr data-start=\"1878\" data-end=\"1881\" \/>\n<h3 data-start=\"1883\" data-end=\"1914\">Caract\u00e9ristiques du produit<\/h3>\n<ul data-start=\"1916\" data-end=\"2350\">\n<li data-start=\"1916\" data-end=\"1939\">\n<p data-start=\"1918\" data-end=\"1939\"><strong data-start=\"1918\" data-end=\"1930\">Marque :<\/strong> <a href=\"https:\/\/thevintagetraveler.com\/types-cuirs-hermes-guide\/\">Herm\u00e8s<\/a><\/p>\n<\/li>\n<li data-start=\"1940\" data-end=\"1966\">\n<p data-start=\"1942\" data-end=\"1966\"><strong data-start=\"1942\" data-end=\"1954\">Mod\u00e8le :<\/strong> Birkin 30<\/p>\n<\/li>\n<li data-start=\"1967\" data-end=\"1989\">\n<p data-start=\"1969\" data-end=\"1989\"><strong data-start=\"1969\" data-end=\"1982\">Couleur :<\/strong> Noir<\/p>\n<\/li>\n<li data-start=\"1990\" data-end=\"2010\">\n<p data-start=\"1992\" data-end=\"2010\"><strong data-start=\"1992\" data-end=\"2002\">Cuir :<\/strong> Swift<\/p>\n<\/li>\n<li data-start=\"2011\" data-end=\"2054\">\n<p data-start=\"2013\" data-end=\"2054\"><strong data-start=\"2013\" data-end=\"2028\">Finitions :<\/strong> M\u00e9tallerie dor\u00e9e (gold)<\/p>\n<\/li>\n<li data-start=\"2055\" data-end=\"2132\">\n<p data-start=\"2057\" data-end=\"2132\"><strong data-start=\"2057\" data-end=\"2072\">Fermeture :<\/strong> Rabat \u00e0 sanglons avec boucle, cadenas et clochette Herm\u00e8s<\/p>\n<\/li>\n<li data-start=\"2133\" data-end=\"2153\">\n<p data-start=\"2135\" data-end=\"2153\"><strong data-start=\"2135\" data-end=\"2146\">Port\u00e9 :<\/strong> Main<\/p>\n<\/li>\n<li data-start=\"2154\" data-end=\"2200\">\n<p data-start=\"2156\" data-end=\"2200\"><strong data-start=\"2156\" data-end=\"2172\">Dimensions :<\/strong> 30 x 22 x 16 cm (environ)<\/p>\n<\/li>\n<li data-start=\"2201\" data-end=\"2277\">\n<p data-start=\"2203\" data-end=\"2277\"><strong data-start=\"2203\" data-end=\"2213\">\u00c9tat :<\/strong> Tr\u00e8s bon \u2013 cuir propre, structure souple, ferrures brillantes<\/p>\n<\/li>\n<li data-start=\"2278\" data-end=\"2350\">\n<p data-start=\"2280\" data-end=\"2350\"><strong data-start=\"2280\" data-end=\"2302\">Authentification :<\/strong> Certifi\u00e9 \u2013 livr\u00e9 avec certificat d\u2019authenticit\u00e9<\/p>\n<\/li>\n<\/ul>\n<hr data-start=\"2352\" data-end=\"2355\" \/>\n<h3 data-start=\"2357\" data-end=\"2410\">Une pi\u00e8ce iconique, \u00e0 la fois rare et polyvalente<\/h3>\n<p data-start=\"2412\" data-end=\"2443\">Ce Birkin 30 est parfait pour :<\/p>\n<ul data-start=\"2445\" data-end=\"2705\">\n<li data-start=\"2445\" data-end=\"2497\">\n<p data-start=\"2447\" data-end=\"2497\"><strong data-start=\"2447\" data-end=\"2477\">Un usage quotidien raffin\u00e9<\/strong>, sans ostentation<\/p>\n<\/li>\n<li data-start=\"2498\" data-end=\"2575\">\n<p data-start=\"2500\" data-end=\"2575\">\u00catre port\u00e9 lors de <strong data-start=\"2519\" data-end=\"2573\">d\u00e9placements professionnels ou occasions sp\u00e9ciales<\/strong><\/p>\n<\/li>\n<li data-start=\"2576\" data-end=\"2631\">\n<p data-start=\"2578\" data-end=\"2631\"><strong data-start=\"2578\" data-end=\"2602\">Un achat patrimonial<\/strong>, \u00e0 forte valeur de revente<\/p>\n<\/li>\n<li data-start=\"2632\" data-end=\"2705\">\n<p data-start=\"2634\" data-end=\"2705\"><strong data-start=\"2634\" data-end=\"2665\">Les collectionneuses Herm\u00e8s<\/strong> cherchant un mod\u00e8le sobre mais pr\u00e9cieux<\/p>\n<\/li>\n<\/ul>\n<hr data-start=\"2707\" data-end=\"2710\" \/>\n<h3 data-start=\"2712\" data-end=\"2778\">Pourquoi investir dans un sac Herm\u00e8s Birkin 30 noir Swift or ?<\/h3>\n<ul data-start=\"2780\" data-end=\"3064\">\n<li data-start=\"2780\" data-end=\"2832\">\n<p data-start=\"2782\" data-end=\"2832\"><strong data-start=\"2782\" data-end=\"2801\">Cuir Swift noir<\/strong>, un classique tr\u00e8s recherch\u00e9<\/p>\n<\/li>\n<li data-start=\"2833\" data-end=\"2892\">\n<p data-start=\"2835\" data-end=\"2892\"><strong data-start=\"2835\" data-end=\"2851\">Format 30 cm<\/strong>, le plus polyvalent de la gamme Birkin<\/p>\n<\/li>\n<li data-start=\"2893\" data-end=\"2943\">\n<p data-start=\"2895\" data-end=\"2943\"><strong data-start=\"2895\" data-end=\"2913\">Finitions gold<\/strong>, \u00e9l\u00e9gantes et intemporelles<\/p>\n<\/li>\n<li data-start=\"2944\" data-end=\"3013\">\n<p data-start=\"2946\" data-end=\"3013\"><strong data-start=\"2946\" data-end=\"2976\">Valeur en hausse constante<\/strong> sur le march\u00e9 de l\u2019occasion Herm\u00e8s<\/p>\n<\/li>\n<li data-start=\"3014\" data-end=\"3064\">\n<p data-start=\"3016\" data-end=\"3064\"><strong data-start=\"3016\" data-end=\"3064\">Mod\u00e8le complet, certifi\u00e9 et en tr\u00e8s bon \u00e9tat<\/strong><\/p>\n<\/li>\n<\/ul>\n<p data-start=\"3066\" data-end=\"3213\">Ce type de Birkin est consid\u00e9r\u00e9 comme <strong data-start=\"3104\" data-end=\"3166\">l\u2019un des meilleurs placements dans la maroquinerie de luxe<\/strong>, combinant raret\u00e9, d\u00e9sirabilit\u00e9 et durabilit\u00e9.<\/p>\n<hr data-start=\"3215\" data-end=\"3218\" \/>\n<h3 data-start=\"3220\" data-end=\"3266\">Pourquoi acheter chez TheVintageTraveler ?<\/h3>\n<p data-start=\"3268\" data-end=\"3313\">Chez <strong data-start=\"3273\" data-end=\"3295\">TheVintageTraveler<\/strong>, chaque sac est :<\/p>\n<ul data-start=\"3315\" data-end=\"3602\">\n<li data-start=\"3315\" data-end=\"3360\">\n<p data-start=\"3317\" data-end=\"3360\"><strong data-start=\"3317\" data-end=\"3358\">Expertis\u00e9 et authentifi\u00e9 avec rigueur<\/strong><\/p>\n<\/li>\n<li data-start=\"3361\" data-end=\"3429\">\n<p data-start=\"3363\" data-end=\"3429\">Livr\u00e9 avec <strong data-start=\"3374\" data-end=\"3427\">certificat d\u2019authenticit\u00e9 et tra\u00e7abilit\u00e9 compl\u00e8te<\/strong><\/p>\n<\/li>\n<li data-start=\"3430\" data-end=\"3526\">\n<p data-start=\"3432\" data-end=\"3526\">Disponible en <strong data-start=\"3446\" data-end=\"3469\">livraison s\u00e9curis\u00e9e<\/strong> ou <strong data-start=\"3473\" data-end=\"3524\">retrait showroom (March\u00e9 Serpette \u2013 Saint-Ouen)<\/strong><\/p>\n<\/li>\n<li data-start=\"3527\" data-end=\"3602\">\n<p data-start=\"3529\" data-end=\"3602\">Propos\u00e9 dans un <strong data-start=\"3545\" data-end=\"3567\">\u00e9tat irr\u00e9prochable<\/strong>, avec transparence sur les d\u00e9tails<\/p>\n<\/li>\n<\/ul>\n<hr data-start=\"3604\" data-end=\"3607\" \/>\n<h3 data-start=\"3609\" data-end=\"3623\">Conclusion<\/h3>\n<p data-start=\"3625\" data-end=\"3949\">Ce <strong data-start=\"3628\" data-end=\"3671\">sac Herm\u00e8s Birkin 30 en cuir Swift noir<\/strong>, avec <strong data-start=\"3678\" data-end=\"3698\">finitions dor\u00e9es<\/strong>, est une <strong data-start=\"3708\" data-end=\"3730\">pi\u00e8ce intemporelle<\/strong>, \u00e0 la crois\u00e9e de l\u2019\u00e9l\u00e9gance, de la fonctionnalit\u00e9 et de l\u2019investissement. En <strong data-start=\"3808\" data-end=\"3825\">tr\u00e8s bon \u00e9tat<\/strong>, il repr\u00e9sente une opportunit\u00e9 rare d\u2019acqu\u00e9rir une ic\u00f4ne du luxe Herm\u00e8s, \u00e0 la fois belle \u00e0 porter et pr\u00e9cieuse \u00e0 conserver.<\/p>\n<p>Suivez &#8211; nous sur <a href=\"https:\/\/www.facebook.com\/TheVintageTravelerFR\">Facebook<\/a> et <a href=\"https:\/\/www.instagram.com\/the_vintagetraveler\/?igsh=aXdsbDJkdnpwZjcx#\">Instagram<\/a><\/p>\n","protected":false},"excerpt":{"rendered":"<p data-start=\"718\" data-end=\"902\">Sac Herm\u00e8s Birkin 30 en cuir Swift noir avec finitions dor\u00e9es. Tr\u00e8s bon \u00e9tat, certifi\u00e9 authentique. Luxe discret et valeur patrimoniale assur\u00e9e.<\/p>\n","protected":false},"featured_media":4745,"template":"","meta":[],"product_brand":[],"product_cat":[115,140,152,149,112],"product_tag":[136,153],"class_list":{"0":"post-4739","1":"product","2":"type-product","3":"status-publish","4":"has-post-thumbnail","6":"product_cat-hermes","7":"product_cat-nouveautes","8":"product_cat-sac-a-main","9":"product_cat-sac-de-voyage","10":"product_cat-sacs","11":"product_tag-hermes","12":"product_tag-hermesbirkin","14":"first","15":"outofstock","16":"sold-individually","17":"shipping-taxable","18":"purchasable","19":"product-type-simple"},"yoast_head":"<!-- This site is optimized with the Yoast SEO plugin v27.1.1 - https:\/\/yoast.com\/product\/yoast-seo-wordpress\/ -->\n<title>Sac Herm\u00e8s Birkin 30 cuir Swift Noir gold | TheVintageTraveler<\/title>\n<meta name=\"description\" content=\"Sac Herm\u00e8s Birkin 30 en cuir Swift noir, finitions gold. Tr\u00e8s bon \u00e9tat. Ic\u00f4ne intemporelle, rare et certifi\u00e9e. Excellent investissement luxe.\" \/>\n<meta name=\"robots\" content=\"index, follow, max-snippet:-1, max-image-preview:large, max-video-preview:-1\" \/>\n<link rel=\"canonical\" href=\"https:\/\/thevintagetraveler.com\/en\/produit\/sac-hermes-birkin-30-swift-noir-gold\/\" \/>\n<meta property=\"og:locale\" content=\"en_US\" \/>\n<meta property=\"og:type\" content=\"article\" \/>\n<meta property=\"og:title\" content=\"Sac Herm\u00e8s Birkin 30 cuir Swift Noir gold | TheVintageTraveler\" \/>\n<meta property=\"og:description\" content=\"Sac Herm\u00e8s Birkin 30 en cuir Swift noir, finitions gold. Tr\u00e8s bon \u00e9tat. Ic\u00f4ne intemporelle, rare et certifi\u00e9e. Excellent investissement luxe.\" \/>\n<meta property=\"og:url\" content=\"https:\/\/thevintagetraveler.com\/en\/produit\/sac-hermes-birkin-30-swift-noir-gold\/\" \/>\n<meta property=\"og:site_name\" content=\"TheVintageTraveler\" \/>\n<meta property=\"article:publisher\" content=\"https:\/\/www.facebook.com\/TheVintageTravelerFR\/\" \/>\n<meta property=\"article:modified_time\" content=\"2025-09-16T13:06:12+00:00\" \/>\n<meta property=\"og:image\" content=\"https:\/\/thevintagetraveler.com\/wp-content\/uploads\/2025\/06\/20250606_185342.jpg\" \/>\n\t<meta property=\"og:image:width\" content=\"1500\" \/>\n\t<meta property=\"og:image:height\" content=\"2000\" \/>\n\t<meta property=\"og:image:type\" content=\"image\/jpeg\" \/>\n<meta name=\"twitter:card\" content=\"summary_large_image\" \/>\n<meta name=\"twitter:label1\" content=\"Est. reading time\" \/>\n\t<meta name=\"twitter:data1\" content=\"3 minutes\" \/>\n<script type=\"application\/ld+json\" class=\"yoast-schema-graph\">{\"@context\":\"https:\/\/schema.org\",\"@graph\":[{\"@type\":\"WebPage\",\"@id\":\"https:\/\/thevintagetraveler.com\/en\/produit\/sac-hermes-birkin-30-swift-noir-gold\/\",\"url\":\"https:\/\/thevintagetraveler.com\/en\/produit\/sac-hermes-birkin-30-swift-noir-gold\/\",\"name\":\"Sac Herm\u00e8s Birkin 30 cuir Swift Noir gold | TheVintageTraveler\",\"isPartOf\":{\"@id\":\"https:\/\/thevintagetraveler.com\/en\/#website\"},\"primaryImageOfPage\":{\"@id\":\"https:\/\/thevintagetraveler.com\/en\/produit\/sac-hermes-birkin-30-swift-noir-gold\/#primaryimage\"},\"image\":{\"@id\":\"https:\/\/thevintagetraveler.com\/en\/produit\/sac-hermes-birkin-30-swift-noir-gold\/#primaryimage\"},\"thumbnailUrl\":\"https:\/\/thevintagetraveler.com\/wp-content\/uploads\/2025\/06\/20250606_185342.jpg\",\"datePublished\":\"2024-06-10T13:29:39+00:00\",\"dateModified\":\"2025-09-16T13:06:12+00:00\",\"description\":\"Sac Herm\u00e8s Birkin 30 en cuir Swift noir, finitions gold. Tr\u00e8s bon \u00e9tat. Ic\u00f4ne intemporelle, rare et certifi\u00e9e. Excellent investissement luxe.\",\"breadcrumb\":{\"@id\":\"https:\/\/thevintagetraveler.com\/en\/produit\/sac-hermes-birkin-30-swift-noir-gold\/#breadcrumb\"},\"inLanguage\":\"en-US\",\"potentialAction\":[{\"@type\":\"ReadAction\",\"target\":[\"https:\/\/thevintagetraveler.com\/en\/produit\/sac-hermes-birkin-30-swift-noir-gold\/\"]}]},{\"@type\":\"ImageObject\",\"inLanguage\":\"en-US\",\"@id\":\"https:\/\/thevintagetraveler.com\/en\/produit\/sac-hermes-birkin-30-swift-noir-gold\/#primaryimage\",\"url\":\"https:\/\/thevintagetraveler.com\/wp-content\/uploads\/2025\/06\/20250606_185342.jpg\",\"contentUrl\":\"https:\/\/thevintagetraveler.com\/wp-content\/uploads\/2025\/06\/20250606_185342.jpg\",\"width\":1500,\"height\":2000,\"caption\":\"sac Herm\u00e8s Birkin 30 cuir Swift noir gold\"},{\"@type\":\"BreadcrumbList\",\"@id\":\"https:\/\/thevintagetraveler.com\/en\/produit\/sac-hermes-birkin-30-swift-noir-gold\/#breadcrumb\",\"itemListElement\":[{\"@type\":\"ListItem\",\"position\":1,\"name\":\"Accueil\",\"item\":\"https:\/\/thevintagetraveler.com\/en\/\"},{\"@type\":\"ListItem\",\"position\":2,\"name\":\"Shop\",\"item\":\"https:\/\/thevintagetraveler.com\/shop\/\"},{\"@type\":\"ListItem\",\"position\":3,\"name\":\"Sac Herm\u00e8s Birkin 30 noir swift\"}]},{\"@type\":\"WebSite\",\"@id\":\"https:\/\/thevintagetraveler.com\/en\/#website\",\"url\":\"https:\/\/thevintagetraveler.com\/en\/\",\"name\":\"TheVintageTraveler\",\"description\":\"Luxury experts in Louis Vuitton, Chanel &amp; Herm\u00e8s\",\"publisher\":{\"@id\":\"https:\/\/thevintagetraveler.com\/en\/#organization\"},\"potentialAction\":[{\"@type\":\"SearchAction\",\"target\":{\"@type\":\"EntryPoint\",\"urlTemplate\":\"https:\/\/thevintagetraveler.com\/en\/?s={search_term_string}\"},\"query-input\":{\"@type\":\"PropertyValueSpecification\",\"valueRequired\":true,\"valueName\":\"search_term_string\"}}],\"inLanguage\":\"en-US\"},{\"@type\":\"Organization\",\"@id\":\"https:\/\/thevintagetraveler.com\/en\/#organization\",\"name\":\"TheVintageTraveler\",\"url\":\"https:\/\/thevintagetraveler.com\/en\/\",\"logo\":{\"@type\":\"ImageObject\",\"inLanguage\":\"en-US\",\"@id\":\"https:\/\/thevintagetraveler.com\/en\/#\/schema\/logo\/image\/\",\"url\":\"https:\/\/thevintagetraveler.com\/wp-content\/uploads\/2025\/04\/LOGO-THE-VINTAGE-TRAVELER-FINAL-e1745392697678.png\",\"contentUrl\":\"https:\/\/thevintagetraveler.com\/wp-content\/uploads\/2025\/04\/LOGO-THE-VINTAGE-TRAVELER-FINAL-e1745392697678.png\",\"width\":798,\"height\":318,\"caption\":\"TheVintageTraveler\"},\"image\":{\"@id\":\"https:\/\/thevintagetraveler.com\/en\/#\/schema\/logo\/image\/\"},\"sameAs\":[\"https:\/\/www.facebook.com\/TheVintageTravelerFR\/\",\"https:\/\/www.instagram.com\/the_vintagetraveler\"]}]}<\/script>\n<!-- \/ Yoast SEO plugin. -->","yoast_head_json":{"title":"Sac Herm\u00e8s Birkin 30 cuir Swift Noir gold | TheVintageTraveler","description":"Sac Herm\u00e8s Birkin 30 en cuir Swift noir, finitions gold. Tr\u00e8s bon \u00e9tat. Ic\u00f4ne intemporelle, rare et certifi\u00e9e. Excellent investissement luxe.","robots":{"index":"index","follow":"follow","max-snippet":"max-snippet:-1","max-image-preview":"max-image-preview:large","max-video-preview":"max-video-preview:-1"},"canonical":"https:\/\/thevintagetraveler.com\/en\/produit\/sac-hermes-birkin-30-swift-noir-gold\/","og_locale":"en_US","og_type":"article","og_title":"Sac Herm\u00e8s Birkin 30 cuir Swift Noir gold | TheVintageTraveler","og_description":"Sac Herm\u00e8s Birkin 30 en cuir Swift noir, finitions gold. Tr\u00e8s bon \u00e9tat. Ic\u00f4ne intemporelle, rare et certifi\u00e9e. Excellent investissement luxe.","og_url":"https:\/\/thevintagetraveler.com\/en\/produit\/sac-hermes-birkin-30-swift-noir-gold\/","og_site_name":"TheVintageTraveler","article_publisher":"https:\/\/www.facebook.com\/TheVintageTravelerFR\/","article_modified_time":"2025-09-16T13:06:12+00:00","og_image":[{"width":1500,"height":2000,"url":"https:\/\/thevintagetraveler.com\/wp-content\/uploads\/2025\/06\/20250606_185342.jpg","type":"image\/jpeg"}],"twitter_card":"summary_large_image","twitter_misc":{"Est. reading time":"3 minutes"},"schema":{"@context":"https:\/\/schema.org","@graph":[{"@type":"WebPage","@id":"https:\/\/thevintagetraveler.com\/en\/produit\/sac-hermes-birkin-30-swift-noir-gold\/","url":"https:\/\/thevintagetraveler.com\/en\/produit\/sac-hermes-birkin-30-swift-noir-gold\/","name":"Sac Herm\u00e8s Birkin 30 cuir Swift Noir gold | TheVintageTraveler","isPartOf":{"@id":"https:\/\/thevintagetraveler.com\/en\/#website"},"primaryImageOfPage":{"@id":"https:\/\/thevintagetraveler.com\/en\/produit\/sac-hermes-birkin-30-swift-noir-gold\/#primaryimage"},"image":{"@id":"https:\/\/thevintagetraveler.com\/en\/produit\/sac-hermes-birkin-30-swift-noir-gold\/#primaryimage"},"thumbnailUrl":"https:\/\/thevintagetraveler.com\/wp-content\/uploads\/2025\/06\/20250606_185342.jpg","datePublished":"2024-06-10T13:29:39+00:00","dateModified":"2025-09-16T13:06:12+00:00","description":"Sac Herm\u00e8s Birkin 30 en cuir Swift noir, finitions gold. Tr\u00e8s bon \u00e9tat. Ic\u00f4ne intemporelle, rare et certifi\u00e9e. Excellent investissement luxe.","breadcrumb":{"@id":"https:\/\/thevintagetraveler.com\/en\/produit\/sac-hermes-birkin-30-swift-noir-gold\/#breadcrumb"},"inLanguage":"en-US","potentialAction":[{"@type":"ReadAction","target":["https:\/\/thevintagetraveler.com\/en\/produit\/sac-hermes-birkin-30-swift-noir-gold\/"]}]},{"@type":"ImageObject","inLanguage":"en-US","@id":"https:\/\/thevintagetraveler.com\/en\/produit\/sac-hermes-birkin-30-swift-noir-gold\/#primaryimage","url":"https:\/\/thevintagetraveler.com\/wp-content\/uploads\/2025\/06\/20250606_185342.jpg","contentUrl":"https:\/\/thevintagetraveler.com\/wp-content\/uploads\/2025\/06\/20250606_185342.jpg","width":1500,"height":2000,"caption":"sac Herm\u00e8s Birkin 30 cuir Swift noir gold"},{"@type":"BreadcrumbList","@id":"https:\/\/thevintagetraveler.com\/en\/produit\/sac-hermes-birkin-30-swift-noir-gold\/#breadcrumb","itemListElement":[{"@type":"ListItem","position":1,"name":"Accueil","item":"https:\/\/thevintagetraveler.com\/en\/"},{"@type":"ListItem","position":2,"name":"Shop","item":"https:\/\/thevintagetraveler.com\/shop\/"},{"@type":"ListItem","position":3,"name":"Sac Herm\u00e8s Birkin 30 noir swift"}]},{"@type":"WebSite","@id":"https:\/\/thevintagetraveler.com\/en\/#website","url":"https:\/\/thevintagetraveler.com\/en\/","name":"TheVintageTraveler","description":"Luxury experts in Louis Vuitton, Chanel &amp; Herm\u00e8s","publisher":{"@id":"https:\/\/thevintagetraveler.com\/en\/#organization"},"potentialAction":[{"@type":"SearchAction","target":{"@type":"EntryPoint","urlTemplate":"https:\/\/thevintagetraveler.com\/en\/?s={search_term_string}"},"query-input":{"@type":"PropertyValueSpecification","valueRequired":true,"valueName":"search_term_string"}}],"inLanguage":"en-US"},{"@type":"Organization","@id":"https:\/\/thevintagetraveler.com\/en\/#organization","name":"TheVintageTraveler","url":"https:\/\/thevintagetraveler.com\/en\/","logo":{"@type":"ImageObject","inLanguage":"en-US","@id":"https:\/\/thevintagetraveler.com\/en\/#\/schema\/logo\/image\/","url":"https:\/\/thevintagetraveler.com\/wp-content\/uploads\/2025\/04\/LOGO-THE-VINTAGE-TRAVELER-FINAL-e1745392697678.png","contentUrl":"https:\/\/thevintagetraveler.com\/wp-content\/uploads\/2025\/04\/LOGO-THE-VINTAGE-TRAVELER-FINAL-e1745392697678.png","width":798,"height":318,"caption":"TheVintageTraveler"},"image":{"@id":"https:\/\/thevintagetraveler.com\/en\/#\/schema\/logo\/image\/"},"sameAs":["https:\/\/www.facebook.com\/TheVintageTravelerFR\/","https:\/\/www.instagram.com\/the_vintagetraveler"]}]}},"_links":{"self":[{"href":"https:\/\/thevintagetraveler.com\/en\/wp-json\/wp\/v2\/product\/4739","targetHints":{"allow":["GET"]}}],"collection":[{"href":"https:\/\/thevintagetraveler.com\/en\/wp-json\/wp\/v2\/product"}],"about":[{"href":"https:\/\/thevintagetraveler.com\/en\/wp-json\/wp\/v2\/types\/product"}],"wp:featuredmedia":[{"embeddable":true,"href":"https:\/\/thevintagetraveler.com\/en\/wp-json\/wp\/v2\/media\/4745"}],"wp:attachment":[{"href":"https:\/\/thevintagetraveler.com\/en\/wp-json\/wp\/v2\/media?parent=4739"}],"wp:term":[{"taxonomy":"product_brand","embeddable":true,"href":"https:\/\/thevintagetraveler.com\/en\/wp-json\/wp\/v2\/product_brand?post=4739"},{"taxonomy":"product_cat","embeddable":true,"href":"https:\/\/thevintagetraveler.com\/en\/wp-json\/wp\/v2\/product_cat?post=4739"},{"taxonomy":"product_tag","embeddable":true,"href":"https:\/\/thevintagetraveler.com\/en\/wp-json\/wp\/v2\/product_tag?post=4739"}],"curies":[{"name":"wp","href":"https:\/\/api.w.org\/{rel}","templated":true}]}}