{"id":4769,"date":"2024-06-11T15:22:01","date_gmt":"2024-06-11T13:22:01","guid":{"rendered":"https:\/\/thevintagetraveler.com\/?post_type=product&#038;p=4769"},"modified":"2025-09-16T15:05:44","modified_gmt":"2025-09-16T13:05:44","slug":"sac-chanel-v-stitch-noir-coins-dores","status":"publish","type":"product","link":"https:\/\/thevintagetraveler.com\/en\/produit\/sac-chanel-v-stitch-noir-coins-dores\/","title":{"rendered":"Sac Chanel V stich coins dor\u00e9s"},"content":{"rendered":"<h3 data-start=\"927\" data-end=\"1011\">Sac Chanel Vintage \u2013 Cuir Noir V-Stitch &amp; Coins Dor\u00e9s, Avec Carte d\u2019Authenticit\u00e9<\/h3>\n<p data-start=\"1013\" data-end=\"1335\">Ce <strong data-start=\"1016\" data-end=\"1043\">sac Chanel en cuir noir<\/strong>, au <strong data-start=\"1048\" data-end=\"1079\">matelassage en V (V-stitch)<\/strong>, est une <strong data-start=\"1089\" data-end=\"1130\">pi\u00e8ce vintage \u00e9l\u00e9gante et peu commune<\/strong>, sublim\u00e9e par ses <strong data-start=\"1149\" data-end=\"1176\">coins dor\u00e9s m\u00e9talliques<\/strong>. \u00c9l\u00e9ment de style affirm\u00e9, cette finition conf\u00e8re au sac un <strong data-start=\"1237\" data-end=\"1270\">look structur\u00e9 et sophistiqu\u00e9<\/strong>, tout en conservant l\u2019\u00e9l\u00e9gance intemporelle de la maison <a href=\"https:\/\/thevintagetraveler.com\/les-dates-codes-stamp-chanel-comprendre-lauthenticite-et-lhistoire-des-sacs-emblematiques\/\">Chanel<\/a>.<\/p>\n<p data-start=\"1337\" data-end=\"1482\">Vendu avec <strong data-start=\"1348\" data-end=\"1375\">sa carte d\u2019authenticit\u00e9<\/strong>, ce mod\u00e8le rare est parfait pour les amateurs de <strong data-start=\"1425\" data-end=\"1455\">pi\u00e8ces couture audacieuses<\/strong>, au design vintage marqu\u00e9.<\/p>\n<hr data-start=\"1484\" data-end=\"1487\" \/>\n<h3 data-start=\"1489\" data-end=\"1555\">Le V-stitch : l\u2019alternative graphique au matelassage classique<\/h3>\n<p data-start=\"1557\" data-end=\"1667\">Contrairement au classique motif en losanges, le <strong data-start=\"1606\" data-end=\"1625\">V-stitch Chanel<\/strong> est plus rare et graphique. Il accentue :<\/p>\n<ul data-start=\"1669\" data-end=\"1859\">\n<li data-start=\"1669\" data-end=\"1718\">\n<p data-start=\"1671\" data-end=\"1718\">L\u2019<strong data-start=\"1673\" data-end=\"1692\">effet de volume<\/strong> et le caract\u00e8re du cuir<\/p>\n<\/li>\n<li data-start=\"1719\" data-end=\"1766\">\n<p data-start=\"1721\" data-end=\"1766\">Le <strong data-start=\"1724\" data-end=\"1757\">style g\u00e9om\u00e9trique et anguleux<\/strong> du sac<\/p>\n<\/li>\n<li data-start=\"1767\" data-end=\"1859\">\n<p data-start=\"1769\" data-end=\"1859\">Une silhouette <strong data-start=\"1784\" data-end=\"1818\">plus contemporaine et affirm\u00e9e<\/strong>, tr\u00e8s appr\u00e9ci\u00e9e dans les mod\u00e8les vintage<\/p>\n<\/li>\n<\/ul>\n<p data-start=\"1861\" data-end=\"1976\">Les <strong data-start=\"1865\" data-end=\"1892\">coins dor\u00e9s m\u00e9talliques<\/strong> prot\u00e8gent la structure et ajoutent une touche de <strong data-start=\"1942\" data-end=\"1964\">bijouterie couture<\/strong> audacieuse.<\/p>\n<hr data-start=\"1978\" data-end=\"1981\" \/>\n<h3 data-start=\"1983\" data-end=\"2014\">Caract\u00e9ristiques du produit<\/h3>\n<ul data-start=\"2016\" data-end=\"2602\">\n<li data-start=\"2016\" data-end=\"2039\">\n<p data-start=\"2018\" data-end=\"2039\"><strong data-start=\"2018\" data-end=\"2030\">Marque :<\/strong> Chanel<\/p>\n<\/li>\n<li data-start=\"2040\" data-end=\"2077\">\n<p data-start=\"2042\" data-end=\"2077\"><strong data-start=\"2042\" data-end=\"2054\">Mod\u00e8le :<\/strong> Sac V-Stitch vintage<\/p>\n<\/li>\n<li data-start=\"2078\" data-end=\"2129\">\n<p data-start=\"2080\" data-end=\"2129\"><strong data-start=\"2080\" data-end=\"2093\">Mati\u00e8re :<\/strong> Cuir d\u2019agneau noir matelass\u00e9 en V<\/p>\n<\/li>\n<li data-start=\"2130\" data-end=\"2190\">\n<p data-start=\"2132\" data-end=\"2190\"><strong data-start=\"2132\" data-end=\"2147\">Finitions :<\/strong> Coins en m\u00e9tal dor\u00e9, bijouterie assortie<\/p>\n<\/li>\n<li data-start=\"2191\" data-end=\"2263\">\n<p data-start=\"2193\" data-end=\"2263\"><strong data-start=\"2193\" data-end=\"2210\">Bandouli\u00e8re :<\/strong> Cha\u00eene entrelac\u00e9e de cuir (port\u00e9 \u00e9paule ou crois\u00e9)<\/p>\n<\/li>\n<li data-start=\"2264\" data-end=\"2340\">\n<p data-start=\"2266\" data-end=\"2340\"><strong data-start=\"2266\" data-end=\"2279\">Fermoir :<\/strong> Logo CC ou bouton pression (\u00e0 pr\u00e9ciser selon mod\u00e8le exact)<\/p>\n<\/li>\n<li data-start=\"2341\" data-end=\"2387\">\n<p data-start=\"2343\" data-end=\"2387\"><strong data-start=\"2343\" data-end=\"2358\">Int\u00e9rieur :<\/strong> Cuir ou toile, avec poches<\/p>\n<\/li>\n<li data-start=\"2388\" data-end=\"2438\">\n<p data-start=\"2390\" data-end=\"2438\"><strong data-start=\"2390\" data-end=\"2407\">Accessoires :<\/strong> Carte d\u2019authenticit\u00e9 incluse<\/p>\n<\/li>\n<li data-start=\"2439\" data-end=\"2529\">\n<p data-start=\"2441\" data-end=\"2529\"><strong data-start=\"2441\" data-end=\"2451\">\u00c9tat :<\/strong> Tr\u00e8s bon \u00e9tat vintage \u2013 structure solide, coins brillants, int\u00e9rieur propre<\/p>\n<\/li>\n<li data-start=\"2530\" data-end=\"2602\">\n<p data-start=\"2532\" data-end=\"2602\"><strong data-start=\"2532\" data-end=\"2554\">Authentification :<\/strong> Certifi\u00e9 \u2013 livr\u00e9 avec certificat d\u2019authenticit\u00e9<\/p>\n<\/li>\n<\/ul>\n<hr data-start=\"2604\" data-end=\"2607\" \/>\n<h3 data-start=\"2609\" data-end=\"2653\">Un sac au style audacieux et patrimonial<\/h3>\n<p data-start=\"2655\" data-end=\"2681\">Ce mod\u00e8le est id\u00e9al pour :<\/p>\n<ul data-start=\"2683\" data-end=\"2941\">\n<li data-start=\"2683\" data-end=\"2756\">\n<p data-start=\"2685\" data-end=\"2756\">Les <strong data-start=\"2689\" data-end=\"2754\">collectionneurs de pi\u00e8ces Chanel vintage non conventionnelles<\/strong><\/p>\n<\/li>\n<li data-start=\"2757\" data-end=\"2822\">\n<p data-start=\"2759\" data-end=\"2822\">Les passionn\u00e9es de <strong data-start=\"2778\" data-end=\"2820\">design graphique et couture structur\u00e9e<\/strong><\/p>\n<\/li>\n<li data-start=\"2823\" data-end=\"2881\">\n<p data-start=\"2825\" data-end=\"2881\"><strong data-start=\"2825\" data-end=\"2849\">\u00c9lever un look sobre<\/strong> avec un sac fort en caract\u00e8re<\/p>\n<\/li>\n<li data-start=\"2882\" data-end=\"2941\">\n<p data-start=\"2884\" data-end=\"2941\"><strong data-start=\"2884\" data-end=\"2916\">Investir dans une pi\u00e8ce rare<\/strong>, certifi\u00e9e et recherch\u00e9e<\/p>\n<\/li>\n<\/ul>\n<hr data-start=\"2943\" data-end=\"2946\" \/>\n<h3 data-start=\"2948\" data-end=\"3015\">Pourquoi investir dans ce sac Chanel V-stitch aux coins dor\u00e9s ?<\/h3>\n<ul data-start=\"3017\" data-end=\"3327\">\n<li data-start=\"3017\" data-end=\"3076\">\n<p data-start=\"3019\" data-end=\"3076\"><strong data-start=\"3019\" data-end=\"3038\">Design original<\/strong>, peu produit et difficile \u00e0 trouver<\/p>\n<\/li>\n<li data-start=\"3077\" data-end=\"3135\">\n<p data-start=\"3079\" data-end=\"3135\"><strong data-start=\"3079\" data-end=\"3104\">Finitions coins dor\u00e9s<\/strong>, protectrices et d\u00e9coratives<\/p>\n<\/li>\n<li data-start=\"3136\" data-end=\"3180\">\n<p data-start=\"3138\" data-end=\"3180\"><strong data-start=\"3138\" data-end=\"3178\">Cuir d\u2019agneau noir souple et \u00e9l\u00e9gant<\/strong><\/p>\n<\/li>\n<li data-start=\"3181\" data-end=\"3248\">\n<p data-start=\"3183\" data-end=\"3248\"><strong data-start=\"3183\" data-end=\"3216\">Carte d\u2019authenticit\u00e9 pr\u00e9sente<\/strong>, gage de valeur sur le march\u00e9<\/p>\n<\/li>\n<li data-start=\"3249\" data-end=\"3327\">\n<p data-start=\"3251\" data-end=\"3327\">Parfait \u00e9tat de conservation et <strong data-start=\"3283\" data-end=\"3327\">pi\u00e8ce pr\u00eate \u00e0 l\u2019usage ou \u00e0 la collection<\/strong><\/p>\n<\/li>\n<\/ul>\n<hr data-start=\"3329\" data-end=\"3332\" \/>\n<h3 data-start=\"3334\" data-end=\"3380\">Pourquoi acheter chez TheVintageTraveler ?<\/h3>\n<p data-start=\"3382\" data-end=\"3429\">Chez <strong data-start=\"3387\" data-end=\"3409\">TheVintageTraveler<\/strong>, chaque pi\u00e8ce est :<\/p>\n<ul data-start=\"3431\" data-end=\"3743\">\n<li data-start=\"3431\" data-end=\"3501\">\n<p data-start=\"3433\" data-end=\"3501\"><strong data-start=\"3433\" data-end=\"3462\">Authentifi\u00e9e et certifi\u00e9e<\/strong>, avec tous les documents disponibles<\/p>\n<\/li>\n<li data-start=\"3502\" data-end=\"3566\">\n<p data-start=\"3504\" data-end=\"3566\">S\u00e9lectionn\u00e9e pour sa <strong data-start=\"3525\" data-end=\"3564\">raret\u00e9, son originalit\u00e9 et son \u00e9tat<\/strong><\/p>\n<\/li>\n<li data-start=\"3567\" data-end=\"3666\">\n<p data-start=\"3569\" data-end=\"3666\">Disponible en <strong data-start=\"3583\" data-end=\"3634\">retrait showroom (March\u00e9 Serpette \u2013 Saint-Ouen)<\/strong> ou en <strong data-start=\"3641\" data-end=\"3664\">livraison s\u00e9curis\u00e9e<\/strong><\/p>\n<\/li>\n<li data-start=\"3667\" data-end=\"3743\">\n<p data-start=\"3669\" data-end=\"3743\">Pr\u00e9sent\u00e9e avec <strong data-start=\"3684\" data-end=\"3743\">transparence sur les d\u00e9tails esth\u00e9tiques et historiques<\/strong><\/p>\n<\/li>\n<\/ul>\n<hr data-start=\"3745\" data-end=\"3748\" \/>\n<h3 data-start=\"3750\" data-end=\"3764\">Conclusion<\/h3>\n<p data-start=\"3766\" data-end=\"4090\">Ce <strong data-start=\"3769\" data-end=\"3805\">sac Chanel en cuir noir V-stitch<\/strong>, avec ses <strong data-start=\"3816\" data-end=\"3831\">coins dor\u00e9s<\/strong> et sa <strong data-start=\"3838\" data-end=\"3862\">carte d\u2019authenticit\u00e9<\/strong>, est une <strong data-start=\"3872\" data-end=\"3900\">pi\u00e8ce couture audacieuse<\/strong>, rare et tr\u00e8s recherch\u00e9e. Id\u00e9al pour les passionn\u00e9es de Chanel qui souhaitent <strong data-start=\"3979\" data-end=\"4012\">sortir des mod\u00e8les classiques<\/strong>, tout en investissant dans une <strong data-start=\"4044\" data-end=\"4089\">pi\u00e8ce vintage \u00e0 forte valeur patrimoniale<\/strong>.<\/p>\n<p>Suivez &#8211; nous sur <a href=\"https:\/\/www.facebook.com\/TheVintageTravelerFR\">Facebook<\/a> et <a href=\"https:\/\/www.instagram.com\/the_vintagetraveler\/?igsh=aXdsbDJkdnpwZjcx#\">Instagram<\/a><\/p>\n","protected":false},"excerpt":{"rendered":"<p>Sac Chanel en cuir noir V-stitch, finitions coins dor\u00e9s, avec carte d\u2019authenticit\u00e9. Design rare et structur\u00e9, certifi\u00e9 et \u00e9l\u00e9gant.<\/p>\n","protected":false},"featured_media":4770,"template":"","meta":[],"product_brand":[],"product_cat":[114,140,155,112],"product_tag":[137,156,157],"class_list":{"0":"post-4769","1":"product","2":"type-product","3":"status-publish","4":"has-post-thumbnail","6":"product_cat-chanel","7":"product_cat-nouveautes","8":"product_cat-sac-a-main-chanel","9":"product_cat-sacs","10":"product_tag-chanel","11":"product_tag-chanelclassique","12":"product_tag-chanelmedium","14":"first","15":"outofstock","16":"sold-individually","17":"shipping-taxable","18":"product-type-simple"},"yoast_head":"<!-- This site is optimized with the Yoast SEO plugin v27.1.1 - https:\/\/yoast.com\/product\/yoast-seo-wordpress\/ -->\n<title>Sac Chanel V-Stitch Noir Coins Dor\u00e9s | TheVintageTraveler<\/title>\n<meta name=\"description\" content=\"Sac Chanel en cuir noir V-stitch, coins dor\u00e9s, avec carte d\u2019authenticit\u00e9. Pi\u00e8ce vintage rare et chic, au style structur\u00e9 et certifi\u00e9.\" \/>\n<meta name=\"robots\" content=\"index, follow, max-snippet:-1, max-image-preview:large, max-video-preview:-1\" \/>\n<link rel=\"canonical\" href=\"https:\/\/thevintagetraveler.com\/en\/produit\/sac-chanel-v-stitch-noir-coins-dores\/\" \/>\n<meta property=\"og:locale\" content=\"en_US\" \/>\n<meta property=\"og:type\" content=\"article\" \/>\n<meta property=\"og:title\" content=\"Sac Chanel V-Stitch Noir Coins Dor\u00e9s | TheVintageTraveler\" \/>\n<meta property=\"og:description\" content=\"Sac Chanel en cuir noir V-stitch, coins dor\u00e9s, avec carte d\u2019authenticit\u00e9. Pi\u00e8ce vintage rare et chic, au style structur\u00e9 et certifi\u00e9.\" \/>\n<meta property=\"og:url\" content=\"https:\/\/thevintagetraveler.com\/en\/produit\/sac-chanel-v-stitch-noir-coins-dores\/\" \/>\n<meta property=\"og:site_name\" content=\"TheVintageTraveler\" \/>\n<meta property=\"article:publisher\" content=\"https:\/\/www.facebook.com\/TheVintageTravelerFR\/\" \/>\n<meta property=\"article:modified_time\" content=\"2025-09-16T13:05:44+00:00\" \/>\n<meta property=\"og:image\" content=\"https:\/\/thevintagetraveler.com\/wp-content\/uploads\/2025\/06\/20250606_185547.jpg\" \/>\n\t<meta property=\"og:image:width\" content=\"1500\" \/>\n\t<meta property=\"og:image:height\" content=\"2000\" \/>\n\t<meta property=\"og:image:type\" content=\"image\/jpeg\" \/>\n<meta name=\"twitter:card\" content=\"summary_large_image\" \/>\n<meta name=\"twitter:label1\" content=\"Est. reading time\" \/>\n\t<meta name=\"twitter:data1\" content=\"3 minutes\" \/>\n<script type=\"application\/ld+json\" class=\"yoast-schema-graph\">{\"@context\":\"https:\/\/schema.org\",\"@graph\":[{\"@type\":\"WebPage\",\"@id\":\"https:\/\/thevintagetraveler.com\/en\/produit\/sac-chanel-v-stitch-noir-coins-dores\/\",\"url\":\"https:\/\/thevintagetraveler.com\/en\/produit\/sac-chanel-v-stitch-noir-coins-dores\/\",\"name\":\"Sac Chanel V-Stitch Noir Coins Dor\u00e9s | TheVintageTraveler\",\"isPartOf\":{\"@id\":\"https:\/\/thevintagetraveler.com\/en\/#website\"},\"primaryImageOfPage\":{\"@id\":\"https:\/\/thevintagetraveler.com\/en\/produit\/sac-chanel-v-stitch-noir-coins-dores\/#primaryimage\"},\"image\":{\"@id\":\"https:\/\/thevintagetraveler.com\/en\/produit\/sac-chanel-v-stitch-noir-coins-dores\/#primaryimage\"},\"thumbnailUrl\":\"https:\/\/thevintagetraveler.com\/wp-content\/uploads\/2025\/06\/20250606_185547.jpg\",\"datePublished\":\"2024-06-11T13:22:01+00:00\",\"dateModified\":\"2025-09-16T13:05:44+00:00\",\"description\":\"Sac Chanel en cuir noir V-stitch, coins dor\u00e9s, avec carte d\u2019authenticit\u00e9. Pi\u00e8ce vintage rare et chic, au style structur\u00e9 et certifi\u00e9.\",\"breadcrumb\":{\"@id\":\"https:\/\/thevintagetraveler.com\/en\/produit\/sac-chanel-v-stitch-noir-coins-dores\/#breadcrumb\"},\"inLanguage\":\"en-US\",\"potentialAction\":[{\"@type\":\"ReadAction\",\"target\":[\"https:\/\/thevintagetraveler.com\/en\/produit\/sac-chanel-v-stitch-noir-coins-dores\/\"]}]},{\"@type\":\"ImageObject\",\"inLanguage\":\"en-US\",\"@id\":\"https:\/\/thevintagetraveler.com\/en\/produit\/sac-chanel-v-stitch-noir-coins-dores\/#primaryimage\",\"url\":\"https:\/\/thevintagetraveler.com\/wp-content\/uploads\/2025\/06\/20250606_185547.jpg\",\"contentUrl\":\"https:\/\/thevintagetraveler.com\/wp-content\/uploads\/2025\/06\/20250606_185547.jpg\",\"width\":1500,\"height\":2000,\"caption\":\"sac Chanel cuir V stitch noir coins dor\u00e9s\"},{\"@type\":\"BreadcrumbList\",\"@id\":\"https:\/\/thevintagetraveler.com\/en\/produit\/sac-chanel-v-stitch-noir-coins-dores\/#breadcrumb\",\"itemListElement\":[{\"@type\":\"ListItem\",\"position\":1,\"name\":\"Accueil\",\"item\":\"https:\/\/thevintagetraveler.com\/en\/\"},{\"@type\":\"ListItem\",\"position\":2,\"name\":\"Shop\",\"item\":\"https:\/\/thevintagetraveler.com\/shop\/\"},{\"@type\":\"ListItem\",\"position\":3,\"name\":\"Sac Chanel V stich coins dor\u00e9s\"}]},{\"@type\":\"WebSite\",\"@id\":\"https:\/\/thevintagetraveler.com\/en\/#website\",\"url\":\"https:\/\/thevintagetraveler.com\/en\/\",\"name\":\"TheVintageTraveler\",\"description\":\"Luxury experts in Louis Vuitton, Chanel &amp; Herm\u00e8s\",\"publisher\":{\"@id\":\"https:\/\/thevintagetraveler.com\/en\/#organization\"},\"potentialAction\":[{\"@type\":\"SearchAction\",\"target\":{\"@type\":\"EntryPoint\",\"urlTemplate\":\"https:\/\/thevintagetraveler.com\/en\/?s={search_term_string}\"},\"query-input\":{\"@type\":\"PropertyValueSpecification\",\"valueRequired\":true,\"valueName\":\"search_term_string\"}}],\"inLanguage\":\"en-US\"},{\"@type\":\"Organization\",\"@id\":\"https:\/\/thevintagetraveler.com\/en\/#organization\",\"name\":\"TheVintageTraveler\",\"url\":\"https:\/\/thevintagetraveler.com\/en\/\",\"logo\":{\"@type\":\"ImageObject\",\"inLanguage\":\"en-US\",\"@id\":\"https:\/\/thevintagetraveler.com\/en\/#\/schema\/logo\/image\/\",\"url\":\"https:\/\/thevintagetraveler.com\/wp-content\/uploads\/2025\/04\/LOGO-THE-VINTAGE-TRAVELER-FINAL-e1745392697678.png\",\"contentUrl\":\"https:\/\/thevintagetraveler.com\/wp-content\/uploads\/2025\/04\/LOGO-THE-VINTAGE-TRAVELER-FINAL-e1745392697678.png\",\"width\":798,\"height\":318,\"caption\":\"TheVintageTraveler\"},\"image\":{\"@id\":\"https:\/\/thevintagetraveler.com\/en\/#\/schema\/logo\/image\/\"},\"sameAs\":[\"https:\/\/www.facebook.com\/TheVintageTravelerFR\/\",\"https:\/\/www.instagram.com\/the_vintagetraveler\"]}]}<\/script>\n<!-- \/ Yoast SEO plugin. -->","yoast_head_json":{"title":"Sac Chanel V-Stitch Noir Coins Dor\u00e9s | TheVintageTraveler","description":"Sac Chanel en cuir noir V-stitch, coins dor\u00e9s, avec carte d\u2019authenticit\u00e9. Pi\u00e8ce vintage rare et chic, au style structur\u00e9 et certifi\u00e9.","robots":{"index":"index","follow":"follow","max-snippet":"max-snippet:-1","max-image-preview":"max-image-preview:large","max-video-preview":"max-video-preview:-1"},"canonical":"https:\/\/thevintagetraveler.com\/en\/produit\/sac-chanel-v-stitch-noir-coins-dores\/","og_locale":"en_US","og_type":"article","og_title":"Sac Chanel V-Stitch Noir Coins Dor\u00e9s | TheVintageTraveler","og_description":"Sac Chanel en cuir noir V-stitch, coins dor\u00e9s, avec carte d\u2019authenticit\u00e9. Pi\u00e8ce vintage rare et chic, au style structur\u00e9 et certifi\u00e9.","og_url":"https:\/\/thevintagetraveler.com\/en\/produit\/sac-chanel-v-stitch-noir-coins-dores\/","og_site_name":"TheVintageTraveler","article_publisher":"https:\/\/www.facebook.com\/TheVintageTravelerFR\/","article_modified_time":"2025-09-16T13:05:44+00:00","og_image":[{"width":1500,"height":2000,"url":"https:\/\/thevintagetraveler.com\/wp-content\/uploads\/2025\/06\/20250606_185547.jpg","type":"image\/jpeg"}],"twitter_card":"summary_large_image","twitter_misc":{"Est. reading time":"3 minutes"},"schema":{"@context":"https:\/\/schema.org","@graph":[{"@type":"WebPage","@id":"https:\/\/thevintagetraveler.com\/en\/produit\/sac-chanel-v-stitch-noir-coins-dores\/","url":"https:\/\/thevintagetraveler.com\/en\/produit\/sac-chanel-v-stitch-noir-coins-dores\/","name":"Sac Chanel V-Stitch Noir Coins Dor\u00e9s | TheVintageTraveler","isPartOf":{"@id":"https:\/\/thevintagetraveler.com\/en\/#website"},"primaryImageOfPage":{"@id":"https:\/\/thevintagetraveler.com\/en\/produit\/sac-chanel-v-stitch-noir-coins-dores\/#primaryimage"},"image":{"@id":"https:\/\/thevintagetraveler.com\/en\/produit\/sac-chanel-v-stitch-noir-coins-dores\/#primaryimage"},"thumbnailUrl":"https:\/\/thevintagetraveler.com\/wp-content\/uploads\/2025\/06\/20250606_185547.jpg","datePublished":"2024-06-11T13:22:01+00:00","dateModified":"2025-09-16T13:05:44+00:00","description":"Sac Chanel en cuir noir V-stitch, coins dor\u00e9s, avec carte d\u2019authenticit\u00e9. Pi\u00e8ce vintage rare et chic, au style structur\u00e9 et certifi\u00e9.","breadcrumb":{"@id":"https:\/\/thevintagetraveler.com\/en\/produit\/sac-chanel-v-stitch-noir-coins-dores\/#breadcrumb"},"inLanguage":"en-US","potentialAction":[{"@type":"ReadAction","target":["https:\/\/thevintagetraveler.com\/en\/produit\/sac-chanel-v-stitch-noir-coins-dores\/"]}]},{"@type":"ImageObject","inLanguage":"en-US","@id":"https:\/\/thevintagetraveler.com\/en\/produit\/sac-chanel-v-stitch-noir-coins-dores\/#primaryimage","url":"https:\/\/thevintagetraveler.com\/wp-content\/uploads\/2025\/06\/20250606_185547.jpg","contentUrl":"https:\/\/thevintagetraveler.com\/wp-content\/uploads\/2025\/06\/20250606_185547.jpg","width":1500,"height":2000,"caption":"sac Chanel cuir V stitch noir coins dor\u00e9s"},{"@type":"BreadcrumbList","@id":"https:\/\/thevintagetraveler.com\/en\/produit\/sac-chanel-v-stitch-noir-coins-dores\/#breadcrumb","itemListElement":[{"@type":"ListItem","position":1,"name":"Accueil","item":"https:\/\/thevintagetraveler.com\/en\/"},{"@type":"ListItem","position":2,"name":"Shop","item":"https:\/\/thevintagetraveler.com\/shop\/"},{"@type":"ListItem","position":3,"name":"Sac Chanel V stich coins dor\u00e9s"}]},{"@type":"WebSite","@id":"https:\/\/thevintagetraveler.com\/en\/#website","url":"https:\/\/thevintagetraveler.com\/en\/","name":"TheVintageTraveler","description":"Luxury experts in Louis Vuitton, Chanel &amp; Herm\u00e8s","publisher":{"@id":"https:\/\/thevintagetraveler.com\/en\/#organization"},"potentialAction":[{"@type":"SearchAction","target":{"@type":"EntryPoint","urlTemplate":"https:\/\/thevintagetraveler.com\/en\/?s={search_term_string}"},"query-input":{"@type":"PropertyValueSpecification","valueRequired":true,"valueName":"search_term_string"}}],"inLanguage":"en-US"},{"@type":"Organization","@id":"https:\/\/thevintagetraveler.com\/en\/#organization","name":"TheVintageTraveler","url":"https:\/\/thevintagetraveler.com\/en\/","logo":{"@type":"ImageObject","inLanguage":"en-US","@id":"https:\/\/thevintagetraveler.com\/en\/#\/schema\/logo\/image\/","url":"https:\/\/thevintagetraveler.com\/wp-content\/uploads\/2025\/04\/LOGO-THE-VINTAGE-TRAVELER-FINAL-e1745392697678.png","contentUrl":"https:\/\/thevintagetraveler.com\/wp-content\/uploads\/2025\/04\/LOGO-THE-VINTAGE-TRAVELER-FINAL-e1745392697678.png","width":798,"height":318,"caption":"TheVintageTraveler"},"image":{"@id":"https:\/\/thevintagetraveler.com\/en\/#\/schema\/logo\/image\/"},"sameAs":["https:\/\/www.facebook.com\/TheVintageTravelerFR\/","https:\/\/www.instagram.com\/the_vintagetraveler"]}]}},"_links":{"self":[{"href":"https:\/\/thevintagetraveler.com\/en\/wp-json\/wp\/v2\/product\/4769","targetHints":{"allow":["GET"]}}],"collection":[{"href":"https:\/\/thevintagetraveler.com\/en\/wp-json\/wp\/v2\/product"}],"about":[{"href":"https:\/\/thevintagetraveler.com\/en\/wp-json\/wp\/v2\/types\/product"}],"wp:featuredmedia":[{"embeddable":true,"href":"https:\/\/thevintagetraveler.com\/en\/wp-json\/wp\/v2\/media\/4770"}],"wp:attachment":[{"href":"https:\/\/thevintagetraveler.com\/en\/wp-json\/wp\/v2\/media?parent=4769"}],"wp:term":[{"taxonomy":"product_brand","embeddable":true,"href":"https:\/\/thevintagetraveler.com\/en\/wp-json\/wp\/v2\/product_brand?post=4769"},{"taxonomy":"product_cat","embeddable":true,"href":"https:\/\/thevintagetraveler.com\/en\/wp-json\/wp\/v2\/product_cat?post=4769"},{"taxonomy":"product_tag","embeddable":true,"href":"https:\/\/thevintagetraveler.com\/en\/wp-json\/wp\/v2\/product_tag?post=4769"}],"curies":[{"name":"wp","href":"https:\/\/api.w.org\/{rel}","templated":true}]}}