{"id":4778,"date":"2025-06-11T15:29:58","date_gmt":"2025-06-11T13:29:58","guid":{"rendered":"https:\/\/thevintagetraveler.com\/?post_type=product&#038;p=4778"},"modified":"2025-06-11T15:36:21","modified_gmt":"2025-06-11T13:36:21","slug":"petite-malle-louis-vuitton-monogram-fleur-peinte","status":"publish","type":"product","link":"https:\/\/thevintagetraveler.com\/en\/produit\/petite-malle-louis-vuitton-monogram-fleur-peinte\/","title":{"rendered":"Petite malle Louis Vuitton fushia"},"content":{"rendered":"<h3 data-start=\"1036\" data-end=\"1133\">Petite Malle Louis Vuitton \u2013 Toile Monogram, Int\u00e9rieur Fuchsia &amp; D\u00e9cor Fleur Peinte \u00e0 la Main<\/h3>\n<p data-start=\"1135\" data-end=\"1478\">Cette <strong data-start=\"1141\" data-end=\"1171\">petite malle Louis Vuitton<\/strong> est une <strong data-start=\"1180\" data-end=\"1210\">pi\u00e8ce unique et d\u00e9corative<\/strong>, alliant <strong data-start=\"1220\" data-end=\"1255\">patrimoine de la maison Vuitton<\/strong> et <strong data-start=\"1259\" data-end=\"1298\">expression artistique contemporaine<\/strong>. Confectionn\u00e9e en <strong data-start=\"1317\" data-end=\"1335\">toile Monogram<\/strong>, elle s\u00e9duit par son <strong data-start=\"1357\" data-end=\"1387\">int\u00e9rieur fuchsia \u00e9clatant<\/strong> et son <strong data-start=\"1395\" data-end=\"1429\">d\u00e9cor de fleur peint \u00e0 la main<\/strong>, rendant chaque exemplaire absolument singulier.<\/p>\n<p data-start=\"1480\" data-end=\"1641\">En <strong data-start=\"1483\" data-end=\"1499\">parfait \u00e9tat<\/strong>, cette malle est id\u00e9ale pour les amateurs de <strong data-start=\"1545\" data-end=\"1590\">pi\u00e8ces rares et \u00e9l\u00e9gamment personnalis\u00e9es<\/strong>, \u00e0 la crois\u00e9e du <strong data-start=\"1608\" data-end=\"1640\">luxe et de l\u2019artisanat d\u2019art<\/strong>.<\/p>\n<hr data-start=\"1643\" data-end=\"1646\" \/>\n<h3 data-start=\"1648\" data-end=\"1700\">Une pi\u00e8ce entre tradition et cr\u00e9ation artistique<\/h3>\n<p data-start=\"1702\" data-end=\"1753\">Cette malle r\u00e9unit plusieurs \u00e9l\u00e9ments d\u2019exception :<\/p>\n<ul data-start=\"1755\" data-end=\"2018\">\n<li data-start=\"1755\" data-end=\"1815\">\n<p data-start=\"1757\" data-end=\"1815\"><strong data-start=\"1757\" data-end=\"1784\">Toile Monogram iconique<\/strong>, ind\u00e9modable et patrimoniale<\/p>\n<\/li>\n<li data-start=\"1816\" data-end=\"1873\">\n<p data-start=\"1818\" data-end=\"1873\"><strong data-start=\"1818\" data-end=\"1856\">Finitions en laiton dor\u00e9 ou bross\u00e9<\/strong> (selon mod\u00e8le)<\/p>\n<\/li>\n<li data-start=\"1874\" data-end=\"1920\">\n<p data-start=\"1876\" data-end=\"1920\"><strong data-start=\"1876\" data-end=\"1897\">Int\u00e9rieur fuchsia<\/strong>, lumineux et moderne<\/p>\n<\/li>\n<li data-start=\"1921\" data-end=\"2018\">\n<p data-start=\"1923\" data-end=\"2018\"><strong data-start=\"1923\" data-end=\"1954\">Peinture florale artisanale<\/strong>, r\u00e9alis\u00e9e \u00e0 la main sur le couvercle ou le panneau (\u00e0 pr\u00e9ciser)<\/p>\n<\/li>\n<\/ul>\n<p data-start=\"2020\" data-end=\"2136\">C\u2019est une <strong data-start=\"2030\" data-end=\"2093\">interpr\u00e9tation po\u00e9tique et artistique d\u2019une malle classique<\/strong>, parfaite pour un usage ou une exposition.<\/p>\n<hr data-start=\"2138\" data-end=\"2141\" \/>\n<h3 data-start=\"2143\" data-end=\"2174\">Caract\u00e9ristiques du produit<\/h3>\n<ul data-start=\"2176\" data-end=\"2686\">\n<li data-start=\"2176\" data-end=\"2206\">\n<p data-start=\"2178\" data-end=\"2206\"><strong data-start=\"2178\" data-end=\"2190\">Marque :<\/strong> Louis Vuitton<\/p>\n<\/li>\n<li data-start=\"2207\" data-end=\"2243\">\n<p data-start=\"2209\" data-end=\"2243\"><strong data-start=\"2209\" data-end=\"2221\">Mod\u00e8le :<\/strong> Petite malle rigide<\/p>\n<\/li>\n<li data-start=\"2244\" data-end=\"2308\">\n<p data-start=\"2246\" data-end=\"2308\"><strong data-start=\"2246\" data-end=\"2261\">Ext\u00e9rieur :<\/strong> Toile Monogram + lozine + ferrures en laiton<\/p>\n<\/li>\n<li data-start=\"2309\" data-end=\"2367\">\n<p data-start=\"2311\" data-end=\"2367\"><strong data-start=\"2311\" data-end=\"2326\">Int\u00e9rieur :<\/strong> Rev\u00eatement fuchsia, propre et lumineux<\/p>\n<\/li>\n<li data-start=\"2368\" data-end=\"2426\">\n<p data-start=\"2370\" data-end=\"2426\"><strong data-start=\"2370\" data-end=\"2381\">D\u00e9cor :<\/strong> Motif de <strong data-start=\"2391\" data-end=\"2416\">fleur peint \u00e0 la main<\/strong>, unique<\/p>\n<\/li>\n<li data-start=\"2427\" data-end=\"2476\">\n<p data-start=\"2429\" data-end=\"2476\"><strong data-start=\"2429\" data-end=\"2444\">Fermeture :<\/strong> Serrure + loqueteaux lat\u00e9raux<\/p>\n<\/li>\n<li data-start=\"2477\" data-end=\"2539\">\n<p data-start=\"2479\" data-end=\"2539\"><strong data-start=\"2479\" data-end=\"2492\">Poign\u00e9e :<\/strong> Sup\u00e9rieure en cuir ou lozine (selon version)<\/p>\n<\/li>\n<li data-start=\"2540\" data-end=\"2611\">\n<p data-start=\"2542\" data-end=\"2611\"><strong data-start=\"2542\" data-end=\"2552\">\u00c9tat :<\/strong> Parfait \u2013 aucune restauration visible, structure intacte<\/p>\n<\/li>\n<li data-start=\"2612\" data-end=\"2686\">\n<p data-start=\"2614\" data-end=\"2686\"><strong data-start=\"2614\" data-end=\"2636\">Authentification :<\/strong> Certifi\u00e9e \u2013 livr\u00e9e avec certificat d\u2019authenticit\u00e9<\/p>\n<\/li>\n<\/ul>\n<hr data-start=\"2688\" data-end=\"2691\" \/>\n<h3 data-start=\"2693\" data-end=\"2734\">Une pi\u00e8ce d\u00e9corative ou fonctionnelle<\/h3>\n<p data-start=\"2736\" data-end=\"2759\">Cette <a href=\"https:\/\/thevintagetraveler.com\/malles-louis-vuitton-vintage\/\">malle<\/a> peut \u00eatre :<\/p>\n<ul data-start=\"2761\" data-end=\"3025\">\n<li data-start=\"2761\" data-end=\"2833\">\n<p data-start=\"2763\" data-end=\"2833\"><strong data-start=\"2763\" data-end=\"2831\">Utilis\u00e9e pour le rangement de petits objets, bijoux, accessoires<\/strong><\/p>\n<\/li>\n<li data-start=\"2834\" data-end=\"2884\">\n<p data-start=\"2836\" data-end=\"2884\">Expos\u00e9e comme <strong data-start=\"2850\" data-end=\"2882\">objet d\u2019art et de collection<\/strong><\/p>\n<\/li>\n<li data-start=\"2885\" data-end=\"2944\">\n<p data-start=\"2887\" data-end=\"2944\">Int\u00e9gr\u00e9e \u00e0 une <strong data-start=\"2902\" data-end=\"2942\">d\u00e9coration d\u2019int\u00e9rieur haut de gamme<\/strong><\/p>\n<\/li>\n<li data-start=\"2945\" data-end=\"3025\">\n<p data-start=\"2947\" data-end=\"3025\">Offerte en <strong data-start=\"2958\" data-end=\"2981\">cadeau exceptionnel<\/strong> \u00e0 un amateur de pi\u00e8ces rares et artistiques<\/p>\n<\/li>\n<\/ul>\n<hr data-start=\"3027\" data-end=\"3030\" \/>\n<h3 data-start=\"3032\" data-end=\"3099\">Pourquoi investir dans une petite malle Louis Vuitton d\u00e9cor\u00e9e ?<\/h3>\n<ul data-start=\"3101\" data-end=\"3462\">\n<li data-start=\"3101\" data-end=\"3178\">\n<p data-start=\"3103\" data-end=\"3178\"><strong data-start=\"3103\" data-end=\"3132\">Format compact et \u00e9l\u00e9gant<\/strong>, facile \u00e0 int\u00e9grer dans tous les int\u00e9rieurs<\/p>\n<\/li>\n<li data-start=\"3179\" data-end=\"3237\">\n<p data-start=\"3181\" data-end=\"3237\"><strong data-start=\"3181\" data-end=\"3206\">D\u00e9cor peint \u00e0 la main<\/strong>, rendant chaque pi\u00e8ce unique<\/p>\n<\/li>\n<li data-start=\"3238\" data-end=\"3310\">\n<p data-start=\"3240\" data-end=\"3310\"><strong data-start=\"3240\" data-end=\"3308\">Valeur patrimoniale renforc\u00e9e par la personnalisation artisanale<\/strong><\/p>\n<\/li>\n<li data-start=\"3311\" data-end=\"3372\">\n<p data-start=\"3313\" data-end=\"3372\"><strong data-start=\"3313\" data-end=\"3329\">\u00c9tat parfait<\/strong>, rare pour une malle ancienne ou vintage<\/p>\n<\/li>\n<li data-start=\"3373\" data-end=\"3462\">\n<p data-start=\"3375\" data-end=\"3462\"><strong data-start=\"3375\" data-end=\"3419\">Objet \u00e0 la fois utilitaire et artistique<\/strong>, parfait pour collectionneur ou d\u00e9corateur<\/p>\n<\/li>\n<\/ul>\n<hr data-start=\"3464\" data-end=\"3467\" \/>\n<h3 data-start=\"3469\" data-end=\"3515\">Pourquoi acheter chez TheVintageTraveler ?<\/h3>\n<p data-start=\"3517\" data-end=\"3564\">Chez <strong data-start=\"3522\" data-end=\"3544\">TheVintageTraveler<\/strong>, chaque pi\u00e8ce est :<\/p>\n<ul data-start=\"3566\" data-end=\"3815\">\n<li data-start=\"3566\" data-end=\"3613\">\n<p data-start=\"3568\" data-end=\"3613\"><strong data-start=\"3568\" data-end=\"3598\">Expertis\u00e9e et authentifi\u00e9e<\/strong> avec rigueur<\/p>\n<\/li>\n<li data-start=\"3614\" data-end=\"3668\">\n<p data-start=\"3616\" data-end=\"3668\"><strong data-start=\"3616\" data-end=\"3666\">Photographi\u00e9e et d\u00e9crite en toute transparence<\/strong><\/p>\n<\/li>\n<li data-start=\"3669\" data-end=\"3716\">\n<p data-start=\"3671\" data-end=\"3716\">Propos\u00e9e avec <strong data-start=\"3685\" data-end=\"3714\">certificat d\u2019authenticit\u00e9<\/strong><\/p>\n<\/li>\n<li data-start=\"3717\" data-end=\"3815\">\n<p data-start=\"3719\" data-end=\"3815\">Disponible en <strong data-start=\"3733\" data-end=\"3756\">livraison s\u00e9curis\u00e9e<\/strong> ou en <strong data-start=\"3763\" data-end=\"3815\">retrait showroom au March\u00e9 Serpette (Saint-Ouen)<\/strong><\/p>\n<\/li>\n<\/ul>\n<hr data-start=\"3817\" data-end=\"3820\" \/>\n<h3 data-start=\"3822\" data-end=\"3836\">Conclusion<\/h3>\n<p data-start=\"3838\" data-end=\"4185\">Cette <strong data-start=\"3844\" data-end=\"3883\">petite malle Louis Vuitton Monogram<\/strong>, avec <strong data-start=\"3890\" data-end=\"3911\">int\u00e9rieur fuchsia<\/strong> et <strong data-start=\"3915\" data-end=\"3947\">d\u00e9cor floral peint \u00e0 la main<\/strong>, est une <strong data-start=\"3957\" data-end=\"4006\">pi\u00e8ce d\u2019exception entre tradition et cr\u00e9ation<\/strong>. En <strong data-start=\"4011\" data-end=\"4027\">parfait \u00e9tat<\/strong>, elle s\u00e9duira les amoureux du luxe \u00e0 la fran\u00e7aise, de l\u2019art appliqu\u00e9 et des objets uniques. Un <strong data-start=\"4123\" data-end=\"4184\">investissement d\u00e9coratif, pr\u00e9cieux et hautement d\u00e9sirable<\/strong>.<\/p>\n<p>Suivez &#8211; nous sur <a href=\"https:\/\/www.facebook.com\/TheVintageTravelerFR\">Facebook<\/a> et <a href=\"https:\/\/www.instagram.com\/the_vintagetraveler\/?igsh=aXdsbDJkdnpwZjcx#\">Instagram<\/a><\/p>\n","protected":false},"excerpt":{"rendered":"<p>Petite malle Louis Vuitton en toile Monogram, int\u00e9rieur fuchsia, fleur peinte \u00e0 la main. Parfait \u00e9tat, pi\u00e8ce rare, certifi\u00e9e et d\u00e9corative.<\/p>\n","protected":false},"featured_media":4780,"template":"","meta":[],"product_brand":[],"product_cat":[126,127,113,140,194,120],"product_tag":[146,195,154],"class_list":{"0":"post-4778","1":"product","2":"type-product","3":"status-publish","4":"has-post-thumbnail","6":"product_cat-accessoires-de-luxe-vintage","7":"product_cat-decorations","8":"product_cat-louis-vuitton","9":"product_cat-nouveautes","10":"product_cat-petite-malle","11":"product_cat-valises-boites-vanity-louis-vuitton","12":"product_tag-louisvuitton","13":"product_tag-valiselouisvuitton","14":"product_tag-vanitylouisvuitton","16":"first","17":"instock","18":"sold-individually","19":"shipping-taxable","20":"purchasable","21":"product-type-simple"},"yoast_head":"<!-- This site is optimized with the Yoast SEO plugin v27.1.1 - https:\/\/yoast.com\/product\/yoast-seo-wordpress\/ -->\n<title>Petite Malle Louis Vuitton Monogram Fleur Peinte | TheVintageTraveler<\/title>\n<meta name=\"description\" content=\"Petite malle Louis Vuitton Monogram, int\u00e9rieur fuchsia. Fleur peinte \u00e0 la main. Parfait \u00e9tat. Pi\u00e8ce rare et d\u00e9corative, certifi\u00e9e authentique.\" \/>\n<meta name=\"robots\" content=\"index, follow, max-snippet:-1, max-image-preview:large, max-video-preview:-1\" \/>\n<link rel=\"canonical\" href=\"https:\/\/thevintagetraveler.com\/en\/produit\/petite-malle-louis-vuitton-monogram-fleur-peinte\/\" \/>\n<meta property=\"og:locale\" content=\"en_US\" \/>\n<meta property=\"og:type\" content=\"article\" \/>\n<meta property=\"og:title\" content=\"Petite Malle Louis Vuitton Monogram Fleur Peinte | TheVintageTraveler\" \/>\n<meta property=\"og:description\" content=\"Petite malle Louis Vuitton Monogram, int\u00e9rieur fuchsia. Fleur peinte \u00e0 la main. Parfait \u00e9tat. Pi\u00e8ce rare et d\u00e9corative, certifi\u00e9e authentique.\" \/>\n<meta property=\"og:url\" content=\"https:\/\/thevintagetraveler.com\/en\/produit\/petite-malle-louis-vuitton-monogram-fleur-peinte\/\" \/>\n<meta property=\"og:site_name\" content=\"TheVintageTraveler\" \/>\n<meta property=\"article:publisher\" content=\"https:\/\/www.facebook.com\/TheVintageTravelerFR\/\" \/>\n<meta property=\"article:modified_time\" content=\"2025-06-11T13:36:21+00:00\" \/>\n<meta property=\"og:image\" content=\"https:\/\/thevintagetraveler.com\/wp-content\/uploads\/2025\/06\/20250606_185815.jpg\" \/>\n\t<meta property=\"og:image:width\" content=\"1500\" \/>\n\t<meta property=\"og:image:height\" content=\"2000\" \/>\n\t<meta property=\"og:image:type\" content=\"image\/jpeg\" \/>\n<meta name=\"twitter:card\" content=\"summary_large_image\" \/>\n<meta name=\"twitter:label1\" content=\"Est. reading time\" \/>\n\t<meta name=\"twitter:data1\" content=\"3 minutes\" \/>\n<script type=\"application\/ld+json\" class=\"yoast-schema-graph\">{\"@context\":\"https:\/\/schema.org\",\"@graph\":[{\"@type\":\"WebPage\",\"@id\":\"https:\/\/thevintagetraveler.com\/en\/produit\/petite-malle-louis-vuitton-monogram-fleur-peinte\/\",\"url\":\"https:\/\/thevintagetraveler.com\/en\/produit\/petite-malle-louis-vuitton-monogram-fleur-peinte\/\",\"name\":\"Petite Malle Louis Vuitton Monogram Fleur Peinte | TheVintageTraveler\",\"isPartOf\":{\"@id\":\"https:\/\/thevintagetraveler.com\/en\/#website\"},\"primaryImageOfPage\":{\"@id\":\"https:\/\/thevintagetraveler.com\/en\/produit\/petite-malle-louis-vuitton-monogram-fleur-peinte\/#primaryimage\"},\"image\":{\"@id\":\"https:\/\/thevintagetraveler.com\/en\/produit\/petite-malle-louis-vuitton-monogram-fleur-peinte\/#primaryimage\"},\"thumbnailUrl\":\"https:\/\/thevintagetraveler.com\/wp-content\/uploads\/2025\/06\/20250606_185815.jpg\",\"datePublished\":\"2025-06-11T13:29:58+00:00\",\"dateModified\":\"2025-06-11T13:36:21+00:00\",\"description\":\"Petite malle Louis Vuitton Monogram, int\u00e9rieur fuchsia. Fleur peinte \u00e0 la main. Parfait \u00e9tat. Pi\u00e8ce rare et d\u00e9corative, certifi\u00e9e authentique.\",\"breadcrumb\":{\"@id\":\"https:\/\/thevintagetraveler.com\/en\/produit\/petite-malle-louis-vuitton-monogram-fleur-peinte\/#breadcrumb\"},\"inLanguage\":\"en-US\",\"potentialAction\":[{\"@type\":\"ReadAction\",\"target\":[\"https:\/\/thevintagetraveler.com\/en\/produit\/petite-malle-louis-vuitton-monogram-fleur-peinte\/\"]}]},{\"@type\":\"ImageObject\",\"inLanguage\":\"en-US\",\"@id\":\"https:\/\/thevintagetraveler.com\/en\/produit\/petite-malle-louis-vuitton-monogram-fleur-peinte\/#primaryimage\",\"url\":\"https:\/\/thevintagetraveler.com\/wp-content\/uploads\/2025\/06\/20250606_185815.jpg\",\"contentUrl\":\"https:\/\/thevintagetraveler.com\/wp-content\/uploads\/2025\/06\/20250606_185815.jpg\",\"width\":1500,\"height\":2000,\"caption\":\"petite malle Louis Vuitton monogram int\u00e9rieur fuchsia d\u00e9cor fleur\"},{\"@type\":\"BreadcrumbList\",\"@id\":\"https:\/\/thevintagetraveler.com\/en\/produit\/petite-malle-louis-vuitton-monogram-fleur-peinte\/#breadcrumb\",\"itemListElement\":[{\"@type\":\"ListItem\",\"position\":1,\"name\":\"Accueil\",\"item\":\"https:\/\/thevintagetraveler.com\/en\/\"},{\"@type\":\"ListItem\",\"position\":2,\"name\":\"Shop\",\"item\":\"https:\/\/thevintagetraveler.com\/shop\/\"},{\"@type\":\"ListItem\",\"position\":3,\"name\":\"Petite malle Louis Vuitton fushia\"}]},{\"@type\":\"WebSite\",\"@id\":\"https:\/\/thevintagetraveler.com\/en\/#website\",\"url\":\"https:\/\/thevintagetraveler.com\/en\/\",\"name\":\"TheVintageTraveler\",\"description\":\"Luxury experts in Louis Vuitton, Chanel &amp; Herm\u00e8s\",\"publisher\":{\"@id\":\"https:\/\/thevintagetraveler.com\/en\/#organization\"},\"potentialAction\":[{\"@type\":\"SearchAction\",\"target\":{\"@type\":\"EntryPoint\",\"urlTemplate\":\"https:\/\/thevintagetraveler.com\/en\/?s={search_term_string}\"},\"query-input\":{\"@type\":\"PropertyValueSpecification\",\"valueRequired\":true,\"valueName\":\"search_term_string\"}}],\"inLanguage\":\"en-US\"},{\"@type\":\"Organization\",\"@id\":\"https:\/\/thevintagetraveler.com\/en\/#organization\",\"name\":\"TheVintageTraveler\",\"url\":\"https:\/\/thevintagetraveler.com\/en\/\",\"logo\":{\"@type\":\"ImageObject\",\"inLanguage\":\"en-US\",\"@id\":\"https:\/\/thevintagetraveler.com\/en\/#\/schema\/logo\/image\/\",\"url\":\"https:\/\/thevintagetraveler.com\/wp-content\/uploads\/2025\/04\/LOGO-THE-VINTAGE-TRAVELER-FINAL-e1745392697678.png\",\"contentUrl\":\"https:\/\/thevintagetraveler.com\/wp-content\/uploads\/2025\/04\/LOGO-THE-VINTAGE-TRAVELER-FINAL-e1745392697678.png\",\"width\":798,\"height\":318,\"caption\":\"TheVintageTraveler\"},\"image\":{\"@id\":\"https:\/\/thevintagetraveler.com\/en\/#\/schema\/logo\/image\/\"},\"sameAs\":[\"https:\/\/www.facebook.com\/TheVintageTravelerFR\/\",\"https:\/\/www.instagram.com\/the_vintagetraveler\"]}]}<\/script>\n<!-- \/ Yoast SEO plugin. -->","yoast_head_json":{"title":"Petite Malle Louis Vuitton Monogram Fleur Peinte | TheVintageTraveler","description":"Petite malle Louis Vuitton Monogram, int\u00e9rieur fuchsia. Fleur peinte \u00e0 la main. Parfait \u00e9tat. Pi\u00e8ce rare et d\u00e9corative, certifi\u00e9e authentique.","robots":{"index":"index","follow":"follow","max-snippet":"max-snippet:-1","max-image-preview":"max-image-preview:large","max-video-preview":"max-video-preview:-1"},"canonical":"https:\/\/thevintagetraveler.com\/en\/produit\/petite-malle-louis-vuitton-monogram-fleur-peinte\/","og_locale":"en_US","og_type":"article","og_title":"Petite Malle Louis Vuitton Monogram Fleur Peinte | TheVintageTraveler","og_description":"Petite malle Louis Vuitton Monogram, int\u00e9rieur fuchsia. Fleur peinte \u00e0 la main. Parfait \u00e9tat. Pi\u00e8ce rare et d\u00e9corative, certifi\u00e9e authentique.","og_url":"https:\/\/thevintagetraveler.com\/en\/produit\/petite-malle-louis-vuitton-monogram-fleur-peinte\/","og_site_name":"TheVintageTraveler","article_publisher":"https:\/\/www.facebook.com\/TheVintageTravelerFR\/","article_modified_time":"2025-06-11T13:36:21+00:00","og_image":[{"width":1500,"height":2000,"url":"https:\/\/thevintagetraveler.com\/wp-content\/uploads\/2025\/06\/20250606_185815.jpg","type":"image\/jpeg"}],"twitter_card":"summary_large_image","twitter_misc":{"Est. reading time":"3 minutes"},"schema":{"@context":"https:\/\/schema.org","@graph":[{"@type":"WebPage","@id":"https:\/\/thevintagetraveler.com\/en\/produit\/petite-malle-louis-vuitton-monogram-fleur-peinte\/","url":"https:\/\/thevintagetraveler.com\/en\/produit\/petite-malle-louis-vuitton-monogram-fleur-peinte\/","name":"Petite Malle Louis Vuitton Monogram Fleur Peinte | TheVintageTraveler","isPartOf":{"@id":"https:\/\/thevintagetraveler.com\/en\/#website"},"primaryImageOfPage":{"@id":"https:\/\/thevintagetraveler.com\/en\/produit\/petite-malle-louis-vuitton-monogram-fleur-peinte\/#primaryimage"},"image":{"@id":"https:\/\/thevintagetraveler.com\/en\/produit\/petite-malle-louis-vuitton-monogram-fleur-peinte\/#primaryimage"},"thumbnailUrl":"https:\/\/thevintagetraveler.com\/wp-content\/uploads\/2025\/06\/20250606_185815.jpg","datePublished":"2025-06-11T13:29:58+00:00","dateModified":"2025-06-11T13:36:21+00:00","description":"Petite malle Louis Vuitton Monogram, int\u00e9rieur fuchsia. Fleur peinte \u00e0 la main. Parfait \u00e9tat. Pi\u00e8ce rare et d\u00e9corative, certifi\u00e9e authentique.","breadcrumb":{"@id":"https:\/\/thevintagetraveler.com\/en\/produit\/petite-malle-louis-vuitton-monogram-fleur-peinte\/#breadcrumb"},"inLanguage":"en-US","potentialAction":[{"@type":"ReadAction","target":["https:\/\/thevintagetraveler.com\/en\/produit\/petite-malle-louis-vuitton-monogram-fleur-peinte\/"]}]},{"@type":"ImageObject","inLanguage":"en-US","@id":"https:\/\/thevintagetraveler.com\/en\/produit\/petite-malle-louis-vuitton-monogram-fleur-peinte\/#primaryimage","url":"https:\/\/thevintagetraveler.com\/wp-content\/uploads\/2025\/06\/20250606_185815.jpg","contentUrl":"https:\/\/thevintagetraveler.com\/wp-content\/uploads\/2025\/06\/20250606_185815.jpg","width":1500,"height":2000,"caption":"petite malle Louis Vuitton monogram int\u00e9rieur fuchsia d\u00e9cor fleur"},{"@type":"BreadcrumbList","@id":"https:\/\/thevintagetraveler.com\/en\/produit\/petite-malle-louis-vuitton-monogram-fleur-peinte\/#breadcrumb","itemListElement":[{"@type":"ListItem","position":1,"name":"Accueil","item":"https:\/\/thevintagetraveler.com\/en\/"},{"@type":"ListItem","position":2,"name":"Shop","item":"https:\/\/thevintagetraveler.com\/shop\/"},{"@type":"ListItem","position":3,"name":"Petite malle Louis Vuitton fushia"}]},{"@type":"WebSite","@id":"https:\/\/thevintagetraveler.com\/en\/#website","url":"https:\/\/thevintagetraveler.com\/en\/","name":"TheVintageTraveler","description":"Luxury experts in Louis Vuitton, Chanel &amp; Herm\u00e8s","publisher":{"@id":"https:\/\/thevintagetraveler.com\/en\/#organization"},"potentialAction":[{"@type":"SearchAction","target":{"@type":"EntryPoint","urlTemplate":"https:\/\/thevintagetraveler.com\/en\/?s={search_term_string}"},"query-input":{"@type":"PropertyValueSpecification","valueRequired":true,"valueName":"search_term_string"}}],"inLanguage":"en-US"},{"@type":"Organization","@id":"https:\/\/thevintagetraveler.com\/en\/#organization","name":"TheVintageTraveler","url":"https:\/\/thevintagetraveler.com\/en\/","logo":{"@type":"ImageObject","inLanguage":"en-US","@id":"https:\/\/thevintagetraveler.com\/en\/#\/schema\/logo\/image\/","url":"https:\/\/thevintagetraveler.com\/wp-content\/uploads\/2025\/04\/LOGO-THE-VINTAGE-TRAVELER-FINAL-e1745392697678.png","contentUrl":"https:\/\/thevintagetraveler.com\/wp-content\/uploads\/2025\/04\/LOGO-THE-VINTAGE-TRAVELER-FINAL-e1745392697678.png","width":798,"height":318,"caption":"TheVintageTraveler"},"image":{"@id":"https:\/\/thevintagetraveler.com\/en\/#\/schema\/logo\/image\/"},"sameAs":["https:\/\/www.facebook.com\/TheVintageTravelerFR\/","https:\/\/www.instagram.com\/the_vintagetraveler"]}]}},"_links":{"self":[{"href":"https:\/\/thevintagetraveler.com\/en\/wp-json\/wp\/v2\/product\/4778","targetHints":{"allow":["GET"]}}],"collection":[{"href":"https:\/\/thevintagetraveler.com\/en\/wp-json\/wp\/v2\/product"}],"about":[{"href":"https:\/\/thevintagetraveler.com\/en\/wp-json\/wp\/v2\/types\/product"}],"wp:featuredmedia":[{"embeddable":true,"href":"https:\/\/thevintagetraveler.com\/en\/wp-json\/wp\/v2\/media\/4780"}],"wp:attachment":[{"href":"https:\/\/thevintagetraveler.com\/en\/wp-json\/wp\/v2\/media?parent=4778"}],"wp:term":[{"taxonomy":"product_brand","embeddable":true,"href":"https:\/\/thevintagetraveler.com\/en\/wp-json\/wp\/v2\/product_brand?post=4778"},{"taxonomy":"product_cat","embeddable":true,"href":"https:\/\/thevintagetraveler.com\/en\/wp-json\/wp\/v2\/product_cat?post=4778"},{"taxonomy":"product_tag","embeddable":true,"href":"https:\/\/thevintagetraveler.com\/en\/wp-json\/wp\/v2\/product_tag?post=4778"}],"curies":[{"name":"wp","href":"https:\/\/api.w.org\/{rel}","templated":true}]}}