{"id":4785,"date":"2024-06-11T15:36:59","date_gmt":"2024-06-11T13:36:59","guid":{"rendered":"https:\/\/thevintagetraveler.com\/?post_type=product&#038;p=4785"},"modified":"2025-09-30T14:52:16","modified_gmt":"2025-09-30T12:52:16","slug":"sac-chanel-pst-cuir-caviar-noir-or","status":"publish","type":"product","link":"https:\/\/thevintagetraveler.com\/en\/produit\/sac-chanel-pst-cuir-caviar-noir-or\/","title":{"rendered":"Sac cabas Chanel PST noir"},"content":{"rendered":"<h3 data-start=\"968\" data-end=\"1020\">Sac Chanel PST \u2013 Cuir Caviar Noir &amp; Finitions Or<\/h3>\n<p data-start=\"1022\" data-end=\"1340\">Le <strong data-start=\"1025\" data-end=\"1066\">sac Chanel PST (Petite Shopping Tote)<\/strong> est une pi\u00e8ce embl\u00e9matique pour celles qui recherchent un <strong data-start=\"1125\" data-end=\"1170\">sac cabas \u00e9l\u00e9gant, pratique et intemporel<\/strong>. Confectionn\u00e9 en <strong data-start=\"1188\" data-end=\"1208\">cuir caviar noir<\/strong>, avec des <strong data-start=\"1219\" data-end=\"1239\">finitions dor\u00e9es<\/strong>, ce mod\u00e8le est \u00e0 la fois <strong data-start=\"1265\" data-end=\"1339\">r\u00e9sistant, raffin\u00e9 et parfaitement dimensionn\u00e9 pour un usage quotidien<\/strong>.<\/p>\n<p data-start=\"1342\" data-end=\"1511\">Polyvalent et chic, ce Chanel PST est <strong data-start=\"1380\" data-end=\"1406\">une alternative au GST<\/strong> (Grand Shopping Tote), id\u00e9ale pour les femmes qui veulent allier <strong data-start=\"1472\" data-end=\"1510\">discr\u00e9tion, luxe et fonctionnalit\u00e9<\/strong>.<\/p>\n<hr data-start=\"1513\" data-end=\"1516\" \/>\n<h3 data-start=\"1518\" data-end=\"1556\">Un cabas Chanel au style structur\u00e9<\/h3>\n<p data-start=\"1558\" data-end=\"1717\">Le <strong data-start=\"1561\" data-end=\"1576\">cuir caviar<\/strong> est l\u2019un des cuirs les plus embl\u00e9matiques de la maison : grain\u00e9, r\u00e9sistant et l\u00e9g\u00e8rement satin\u00e9, il vieillit parfaitement et garde sa forme.<\/p>\n<p data-start=\"1719\" data-end=\"1748\">Le sac PST se distingue par :<\/p>\n<ul data-start=\"1750\" data-end=\"1974\">\n<li data-start=\"1750\" data-end=\"1785\">\n<p data-start=\"1752\" data-end=\"1785\">Sa <strong data-start=\"1755\" data-end=\"1783\">structure trap\u00e8ze rigide<\/strong><\/p>\n<\/li>\n<li data-start=\"1786\" data-end=\"1854\">\n<p data-start=\"1788\" data-end=\"1854\">Son <strong data-start=\"1792\" data-end=\"1823\">logo CC cousu sur le devant<\/strong>, discret mais reconnaissable<\/p>\n<\/li>\n<li data-start=\"1855\" data-end=\"1908\">\n<p data-start=\"1857\" data-end=\"1908\">Ses <strong data-start=\"1861\" data-end=\"1885\">anses cha\u00eene et cuir<\/strong>, signature de Chanel<\/p>\n<\/li>\n<li data-start=\"1909\" data-end=\"1974\">\n<p data-start=\"1911\" data-end=\"1974\">Son <strong data-start=\"1915\" data-end=\"1947\">format compact mais spacieux<\/strong>, id\u00e9al pour les essentiels<\/p>\n<\/li>\n<\/ul>\n<hr data-start=\"1976\" data-end=\"1979\" \/>\n<h3 data-start=\"1981\" data-end=\"2012\">Caract\u00e9ristiques du produit<\/h3>\n<ul data-start=\"2014\" data-end=\"2488\">\n<li data-start=\"2014\" data-end=\"2037\">\n<p data-start=\"2016\" data-end=\"2037\"><strong data-start=\"2016\" data-end=\"2028\">Marque :<\/strong> Chanel<\/p>\n<\/li>\n<li data-start=\"2038\" data-end=\"2081\">\n<p data-start=\"2040\" data-end=\"2081\"><strong data-start=\"2040\" data-end=\"2052\">Mod\u00e8le :<\/strong> PST \u2013 Petite Shopping Tote<\/p>\n<\/li>\n<li data-start=\"2082\" data-end=\"2123\">\n<p data-start=\"2084\" data-end=\"2123\"><strong data-start=\"2084\" data-end=\"2097\">Mati\u00e8re :<\/strong> Cuir caviar noir grain\u00e9<\/p>\n<\/li>\n<li data-start=\"2124\" data-end=\"2160\">\n<p data-start=\"2126\" data-end=\"2160\"><strong data-start=\"2126\" data-end=\"2141\">Finitions :<\/strong> M\u00e9tallerie dor\u00e9e<\/p>\n<\/li>\n<li data-start=\"2161\" data-end=\"2233\">\n<p data-start=\"2163\" data-end=\"2233\"><strong data-start=\"2163\" data-end=\"2174\">Port\u00e9 :<\/strong> \u00c9paule ou main (doubles anses cha\u00eene entrelac\u00e9e de cuir)<\/p>\n<\/li>\n<li data-start=\"2234\" data-end=\"2303\">\n<p data-start=\"2236\" data-end=\"2303\"><strong data-start=\"2236\" data-end=\"2251\">Fermeture :<\/strong> Compartiment principal zipp\u00e9 + poches int\u00e9rieures<\/p>\n<\/li>\n<li data-start=\"2304\" data-end=\"2347\">\n<p data-start=\"2306\" data-end=\"2347\"><strong data-start=\"2306\" data-end=\"2322\">Dimensions :<\/strong> Environ 24 x 25 x 9 cm<\/p>\n<\/li>\n<li data-start=\"2348\" data-end=\"2415\">\n<p data-start=\"2350\" data-end=\"2415\"><strong data-start=\"2350\" data-end=\"2360\">\u00c9tat :<\/strong> Tr\u00e8s bon \u00e0 excellent (\u00e0 ajuster selon produit exact)<\/p>\n<\/li>\n<li data-start=\"2416\" data-end=\"2488\">\n<p data-start=\"2418\" data-end=\"2488\"><strong data-start=\"2418\" data-end=\"2440\">Authentification :<\/strong> Certifi\u00e9 \u2013 livr\u00e9 avec certificat d\u2019authenticit\u00e9<\/p>\n<\/li>\n<\/ul>\n<hr data-start=\"2490\" data-end=\"2493\" \/>\n<h3 data-start=\"2495\" data-end=\"2534\">Un cabas Chanel iconique et durable<\/h3>\n<p data-start=\"2536\" data-end=\"2568\">Ce <a href=\"https:\/\/thevintagetraveler.com\/les-dates-codes-stamp-chanel-comprendre-lauthenticite-et-lhistoire-des-sacs-emblematiques\/\">Chanel<\/a> PST est parfait pour :<\/p>\n<ul data-start=\"2570\" data-end=\"2815\">\n<li data-start=\"2570\" data-end=\"2621\">\n<p data-start=\"2572\" data-end=\"2621\">Un <strong data-start=\"2575\" data-end=\"2619\">usage quotidien professionnel ou citadin<\/strong><\/p>\n<\/li>\n<li data-start=\"2622\" data-end=\"2672\">\n<p data-start=\"2624\" data-end=\"2672\">Les amatrices de <strong data-start=\"2641\" data-end=\"2670\">luxe discret et structur\u00e9<\/strong><\/p>\n<\/li>\n<li data-start=\"2673\" data-end=\"2743\">\n<p data-start=\"2675\" data-end=\"2743\"><strong data-start=\"2675\" data-end=\"2717\">Investir dans une pi\u00e8ce Chanel vintage<\/strong> toujours tr\u00e8s convoit\u00e9e<\/p>\n<\/li>\n<li data-start=\"2744\" data-end=\"2815\">\n<p data-start=\"2746\" data-end=\"2815\">Une <strong data-start=\"2750\" data-end=\"2780\">collection Chanel compl\u00e8te<\/strong>, en format plus compact que le GST<\/p>\n<\/li>\n<\/ul>\n<hr data-start=\"2817\" data-end=\"2820\" \/>\n<h3 data-start=\"2822\" data-end=\"2883\">Pourquoi investir dans un sac Chanel PST caviar noir or ?<\/h3>\n<ul data-start=\"2885\" data-end=\"3193\">\n<li data-start=\"2885\" data-end=\"2959\">\n<p data-start=\"2887\" data-end=\"2959\"><strong data-start=\"2887\" data-end=\"2917\">Cuir caviar + finitions or<\/strong>, combinaison intemporelle et r\u00e9sistante<\/p>\n<\/li>\n<li data-start=\"2960\" data-end=\"3024\">\n<p data-start=\"2962\" data-end=\"3024\"><strong data-start=\"2962\" data-end=\"2995\">Format cabas tr\u00e8s fonctionnel<\/strong>, sans sacrifier l\u2019\u00e9l\u00e9gance<\/p>\n<\/li>\n<li data-start=\"3025\" data-end=\"3092\">\n<p data-start=\"3027\" data-end=\"3092\"><strong data-start=\"3027\" data-end=\"3062\">Mod\u00e8le PST de plus en plus rare<\/strong> sur le march\u00e9 de l\u2019occasion<\/p>\n<\/li>\n<li data-start=\"3093\" data-end=\"3145\">\n<p data-start=\"3095\" data-end=\"3145\"><strong data-start=\"3095\" data-end=\"3112\">Valeur stable<\/strong>, avec potentiel d\u2019appr\u00e9ciation<\/p>\n<\/li>\n<li data-start=\"3146\" data-end=\"3193\">\n<p data-start=\"3148\" data-end=\"3193\"><strong data-start=\"3148\" data-end=\"3167\">Pi\u00e8ce certifi\u00e9e<\/strong>, avec tra\u00e7abilit\u00e9 assur\u00e9e<\/p>\n<\/li>\n<\/ul>\n<hr data-start=\"3195\" data-end=\"3198\" \/>\n<h3 data-start=\"3200\" data-end=\"3246\">Pourquoi acheter chez TheVintageTraveler ?<\/h3>\n<p data-start=\"3248\" data-end=\"3300\">Chez <strong data-start=\"3253\" data-end=\"3275\">TheVintageTraveler<\/strong>, chaque sac Chanel est :<\/p>\n<ul data-start=\"3302\" data-end=\"3580\">\n<li data-start=\"3302\" data-end=\"3366\">\n<p data-start=\"3304\" data-end=\"3366\"><strong data-start=\"3304\" data-end=\"3364\">Authentifi\u00e9 et s\u00e9lectionn\u00e9 par un expert du luxe vintage<\/strong><\/p>\n<\/li>\n<li data-start=\"3367\" data-end=\"3414\">\n<p data-start=\"3369\" data-end=\"3414\">Livr\u00e9 avec un <strong data-start=\"3383\" data-end=\"3412\">certificat d\u2019authenticit\u00e9<\/strong><\/p>\n<\/li>\n<li data-start=\"3415\" data-end=\"3482\">\n<p data-start=\"3417\" data-end=\"3482\">Propos\u00e9 en <strong data-start=\"3428\" data-end=\"3445\">\u00e9tat contr\u00f4l\u00e9<\/strong>, avec <strong data-start=\"3452\" data-end=\"3480\">description transparente<\/strong><\/p>\n<\/li>\n<li data-start=\"3483\" data-end=\"3580\">\n<p data-start=\"3485\" data-end=\"3580\">Disponible en <strong data-start=\"3499\" data-end=\"3550\">retrait showroom (March\u00e9 Serpette \u2013 Saint-Ouen)<\/strong> ou en <strong data-start=\"3557\" data-end=\"3580\">livraison s\u00e9curis\u00e9e<\/strong><\/p>\n<\/li>\n<\/ul>\n<hr data-start=\"3582\" data-end=\"3585\" \/>\n<h3 data-start=\"3587\" data-end=\"3601\">Conclusion<\/h3>\n<p data-start=\"3603\" data-end=\"3961\">Ce <strong data-start=\"3606\" data-end=\"3644\">sac Chanel PST en cuir caviar noir<\/strong>, avec ses <strong data-start=\"3655\" data-end=\"3675\">finitions dor\u00e9es<\/strong>, est une <strong data-start=\"3685\" data-end=\"3728\">pi\u00e8ce de luxe fonctionnelle et \u00e9l\u00e9gante<\/strong>, parfaite pour une utilisation quotidienne tout en portant une ic\u00f4ne de la maison Chanel. Son <strong data-start=\"3823\" data-end=\"3857\">design structur\u00e9 et intemporel<\/strong>, alli\u00e9 \u00e0 sa <strong data-start=\"3870\" data-end=\"3900\">r\u00e9sistance et sa praticit\u00e9<\/strong>, en fait un <strong data-start=\"3913\" data-end=\"3960\">excellent investissement et une valeur s\u00fbre<\/strong>.<\/p>\n<p>Suivez &#8211; nous sur <a href=\"https:\/\/www.facebook.com\/TheVintageTravelerFR\">Facebook<\/a> et <a href=\"https:\/\/www.instagram.com\/the_vintagetraveler\/?igsh=aXdsbDJkdnpwZjcx#\">Instagram<\/a><\/p>\n","protected":false},"excerpt":{"rendered":"<p data-start=\"716\" data-end=\"905\">Sac Chanel PST en cuir caviar noir, finitions or. Format cabas \u00e9l\u00e9gant, pratique au quotidien. Intemporel et certifi\u00e9. Investissement Chanel vintage.<\/p>\n","protected":false},"featured_media":4788,"template":"","meta":[],"product_brand":[],"product_cat":[114,140,150,112],"product_tag":[137,156,157],"class_list":{"0":"post-4785","1":"product","2":"type-product","3":"status-publish","4":"has-post-thumbnail","6":"product_cat-chanel","7":"product_cat-nouveautes","8":"product_cat-sac-cabas","9":"product_cat-sacs","10":"product_tag-chanel","11":"product_tag-chanelclassique","12":"product_tag-chanelmedium","14":"first","15":"outofstock","16":"sold-individually","17":"shipping-taxable","18":"purchasable","19":"product-type-simple"},"yoast_head":"<!-- This site is optimized with the Yoast SEO plugin v27.1.1 - https:\/\/yoast.com\/product\/yoast-seo-wordpress\/ -->\n<title>Sac Chanel PST Cuir Caviar Noir Finitions Or | TheVintageTraveler<\/title>\n<meta name=\"description\" content=\"Sac cabas Chanel PST en cuir caviar noir, finitions dor\u00e9es. \u00c9l\u00e9gant et fonctionnel, ic\u00f4ne Chanel intemporelle. Pi\u00e8ce certifi\u00e9e en excellent \u00e9tat.\" \/>\n<meta name=\"robots\" content=\"index, follow, max-snippet:-1, max-image-preview:large, max-video-preview:-1\" \/>\n<link rel=\"canonical\" href=\"https:\/\/thevintagetraveler.com\/en\/produit\/sac-chanel-pst-cuir-caviar-noir-or\/\" \/>\n<meta property=\"og:locale\" content=\"en_US\" \/>\n<meta property=\"og:type\" content=\"article\" \/>\n<meta property=\"og:title\" content=\"Sac Chanel PST Cuir Caviar Noir Finitions Or | TheVintageTraveler\" \/>\n<meta property=\"og:description\" content=\"Sac cabas Chanel PST en cuir caviar noir, finitions dor\u00e9es. \u00c9l\u00e9gant et fonctionnel, ic\u00f4ne Chanel intemporelle. Pi\u00e8ce certifi\u00e9e en excellent \u00e9tat.\" \/>\n<meta property=\"og:url\" content=\"https:\/\/thevintagetraveler.com\/en\/produit\/sac-chanel-pst-cuir-caviar-noir-or\/\" \/>\n<meta property=\"og:site_name\" content=\"TheVintageTraveler\" \/>\n<meta property=\"article:publisher\" content=\"https:\/\/www.facebook.com\/TheVintageTravelerFR\/\" \/>\n<meta property=\"article:modified_time\" content=\"2025-09-30T12:52:16+00:00\" \/>\n<meta property=\"og:image\" content=\"https:\/\/thevintagetraveler.com\/wp-content\/uploads\/2025\/06\/20250606_190040.jpg\" \/>\n\t<meta property=\"og:image:width\" content=\"1500\" \/>\n\t<meta property=\"og:image:height\" content=\"2000\" \/>\n\t<meta property=\"og:image:type\" content=\"image\/jpeg\" \/>\n<meta name=\"twitter:card\" content=\"summary_large_image\" \/>\n<meta name=\"twitter:label1\" content=\"Est. reading time\" \/>\n\t<meta name=\"twitter:data1\" content=\"3 minutes\" \/>\n<script type=\"application\/ld+json\" class=\"yoast-schema-graph\">{\"@context\":\"https:\/\/schema.org\",\"@graph\":[{\"@type\":\"WebPage\",\"@id\":\"https:\/\/thevintagetraveler.com\/en\/produit\/sac-chanel-pst-cuir-caviar-noir-or\/\",\"url\":\"https:\/\/thevintagetraveler.com\/en\/produit\/sac-chanel-pst-cuir-caviar-noir-or\/\",\"name\":\"Sac Chanel PST Cuir Caviar Noir Finitions Or | TheVintageTraveler\",\"isPartOf\":{\"@id\":\"https:\/\/thevintagetraveler.com\/en\/#website\"},\"primaryImageOfPage\":{\"@id\":\"https:\/\/thevintagetraveler.com\/en\/produit\/sac-chanel-pst-cuir-caviar-noir-or\/#primaryimage\"},\"image\":{\"@id\":\"https:\/\/thevintagetraveler.com\/en\/produit\/sac-chanel-pst-cuir-caviar-noir-or\/#primaryimage\"},\"thumbnailUrl\":\"https:\/\/thevintagetraveler.com\/wp-content\/uploads\/2025\/06\/20250606_190040.jpg\",\"datePublished\":\"2024-06-11T13:36:59+00:00\",\"dateModified\":\"2025-09-30T12:52:16+00:00\",\"description\":\"Sac cabas Chanel PST en cuir caviar noir, finitions dor\u00e9es. \u00c9l\u00e9gant et fonctionnel, ic\u00f4ne Chanel intemporelle. Pi\u00e8ce certifi\u00e9e en excellent \u00e9tat.\",\"breadcrumb\":{\"@id\":\"https:\/\/thevintagetraveler.com\/en\/produit\/sac-chanel-pst-cuir-caviar-noir-or\/#breadcrumb\"},\"inLanguage\":\"en-US\",\"potentialAction\":[{\"@type\":\"ReadAction\",\"target\":[\"https:\/\/thevintagetraveler.com\/en\/produit\/sac-chanel-pst-cuir-caviar-noir-or\/\"]}]},{\"@type\":\"ImageObject\",\"inLanguage\":\"en-US\",\"@id\":\"https:\/\/thevintagetraveler.com\/en\/produit\/sac-chanel-pst-cuir-caviar-noir-or\/#primaryimage\",\"url\":\"https:\/\/thevintagetraveler.com\/wp-content\/uploads\/2025\/06\/20250606_190040.jpg\",\"contentUrl\":\"https:\/\/thevintagetraveler.com\/wp-content\/uploads\/2025\/06\/20250606_190040.jpg\",\"width\":1500,\"height\":2000,\"caption\":\"sac Chanel PST cuir caviar noir or\"},{\"@type\":\"BreadcrumbList\",\"@id\":\"https:\/\/thevintagetraveler.com\/en\/produit\/sac-chanel-pst-cuir-caviar-noir-or\/#breadcrumb\",\"itemListElement\":[{\"@type\":\"ListItem\",\"position\":1,\"name\":\"Accueil\",\"item\":\"https:\/\/thevintagetraveler.com\/en\/\"},{\"@type\":\"ListItem\",\"position\":2,\"name\":\"Shop\",\"item\":\"https:\/\/thevintagetraveler.com\/shop\/\"},{\"@type\":\"ListItem\",\"position\":3,\"name\":\"Sac cabas Chanel PST noir\"}]},{\"@type\":\"WebSite\",\"@id\":\"https:\/\/thevintagetraveler.com\/en\/#website\",\"url\":\"https:\/\/thevintagetraveler.com\/en\/\",\"name\":\"TheVintageTraveler\",\"description\":\"Luxury experts in Louis Vuitton, Chanel &amp; Herm\u00e8s\",\"publisher\":{\"@id\":\"https:\/\/thevintagetraveler.com\/en\/#organization\"},\"potentialAction\":[{\"@type\":\"SearchAction\",\"target\":{\"@type\":\"EntryPoint\",\"urlTemplate\":\"https:\/\/thevintagetraveler.com\/en\/?s={search_term_string}\"},\"query-input\":{\"@type\":\"PropertyValueSpecification\",\"valueRequired\":true,\"valueName\":\"search_term_string\"}}],\"inLanguage\":\"en-US\"},{\"@type\":\"Organization\",\"@id\":\"https:\/\/thevintagetraveler.com\/en\/#organization\",\"name\":\"TheVintageTraveler\",\"url\":\"https:\/\/thevintagetraveler.com\/en\/\",\"logo\":{\"@type\":\"ImageObject\",\"inLanguage\":\"en-US\",\"@id\":\"https:\/\/thevintagetraveler.com\/en\/#\/schema\/logo\/image\/\",\"url\":\"https:\/\/thevintagetraveler.com\/wp-content\/uploads\/2025\/04\/LOGO-THE-VINTAGE-TRAVELER-FINAL-e1745392697678.png\",\"contentUrl\":\"https:\/\/thevintagetraveler.com\/wp-content\/uploads\/2025\/04\/LOGO-THE-VINTAGE-TRAVELER-FINAL-e1745392697678.png\",\"width\":798,\"height\":318,\"caption\":\"TheVintageTraveler\"},\"image\":{\"@id\":\"https:\/\/thevintagetraveler.com\/en\/#\/schema\/logo\/image\/\"},\"sameAs\":[\"https:\/\/www.facebook.com\/TheVintageTravelerFR\/\",\"https:\/\/www.instagram.com\/the_vintagetraveler\"]}]}<\/script>\n<!-- \/ Yoast SEO plugin. -->","yoast_head_json":{"title":"Sac Chanel PST Cuir Caviar Noir Finitions Or | TheVintageTraveler","description":"Sac cabas Chanel PST en cuir caviar noir, finitions dor\u00e9es. \u00c9l\u00e9gant et fonctionnel, ic\u00f4ne Chanel intemporelle. Pi\u00e8ce certifi\u00e9e en excellent \u00e9tat.","robots":{"index":"index","follow":"follow","max-snippet":"max-snippet:-1","max-image-preview":"max-image-preview:large","max-video-preview":"max-video-preview:-1"},"canonical":"https:\/\/thevintagetraveler.com\/en\/produit\/sac-chanel-pst-cuir-caviar-noir-or\/","og_locale":"en_US","og_type":"article","og_title":"Sac Chanel PST Cuir Caviar Noir Finitions Or | TheVintageTraveler","og_description":"Sac cabas Chanel PST en cuir caviar noir, finitions dor\u00e9es. \u00c9l\u00e9gant et fonctionnel, ic\u00f4ne Chanel intemporelle. Pi\u00e8ce certifi\u00e9e en excellent \u00e9tat.","og_url":"https:\/\/thevintagetraveler.com\/en\/produit\/sac-chanel-pst-cuir-caviar-noir-or\/","og_site_name":"TheVintageTraveler","article_publisher":"https:\/\/www.facebook.com\/TheVintageTravelerFR\/","article_modified_time":"2025-09-30T12:52:16+00:00","og_image":[{"width":1500,"height":2000,"url":"https:\/\/thevintagetraveler.com\/wp-content\/uploads\/2025\/06\/20250606_190040.jpg","type":"image\/jpeg"}],"twitter_card":"summary_large_image","twitter_misc":{"Est. reading time":"3 minutes"},"schema":{"@context":"https:\/\/schema.org","@graph":[{"@type":"WebPage","@id":"https:\/\/thevintagetraveler.com\/en\/produit\/sac-chanel-pst-cuir-caviar-noir-or\/","url":"https:\/\/thevintagetraveler.com\/en\/produit\/sac-chanel-pst-cuir-caviar-noir-or\/","name":"Sac Chanel PST Cuir Caviar Noir Finitions Or | TheVintageTraveler","isPartOf":{"@id":"https:\/\/thevintagetraveler.com\/en\/#website"},"primaryImageOfPage":{"@id":"https:\/\/thevintagetraveler.com\/en\/produit\/sac-chanel-pst-cuir-caviar-noir-or\/#primaryimage"},"image":{"@id":"https:\/\/thevintagetraveler.com\/en\/produit\/sac-chanel-pst-cuir-caviar-noir-or\/#primaryimage"},"thumbnailUrl":"https:\/\/thevintagetraveler.com\/wp-content\/uploads\/2025\/06\/20250606_190040.jpg","datePublished":"2024-06-11T13:36:59+00:00","dateModified":"2025-09-30T12:52:16+00:00","description":"Sac cabas Chanel PST en cuir caviar noir, finitions dor\u00e9es. \u00c9l\u00e9gant et fonctionnel, ic\u00f4ne Chanel intemporelle. Pi\u00e8ce certifi\u00e9e en excellent \u00e9tat.","breadcrumb":{"@id":"https:\/\/thevintagetraveler.com\/en\/produit\/sac-chanel-pst-cuir-caviar-noir-or\/#breadcrumb"},"inLanguage":"en-US","potentialAction":[{"@type":"ReadAction","target":["https:\/\/thevintagetraveler.com\/en\/produit\/sac-chanel-pst-cuir-caviar-noir-or\/"]}]},{"@type":"ImageObject","inLanguage":"en-US","@id":"https:\/\/thevintagetraveler.com\/en\/produit\/sac-chanel-pst-cuir-caviar-noir-or\/#primaryimage","url":"https:\/\/thevintagetraveler.com\/wp-content\/uploads\/2025\/06\/20250606_190040.jpg","contentUrl":"https:\/\/thevintagetraveler.com\/wp-content\/uploads\/2025\/06\/20250606_190040.jpg","width":1500,"height":2000,"caption":"sac Chanel PST cuir caviar noir or"},{"@type":"BreadcrumbList","@id":"https:\/\/thevintagetraveler.com\/en\/produit\/sac-chanel-pst-cuir-caviar-noir-or\/#breadcrumb","itemListElement":[{"@type":"ListItem","position":1,"name":"Accueil","item":"https:\/\/thevintagetraveler.com\/en\/"},{"@type":"ListItem","position":2,"name":"Shop","item":"https:\/\/thevintagetraveler.com\/shop\/"},{"@type":"ListItem","position":3,"name":"Sac cabas Chanel PST noir"}]},{"@type":"WebSite","@id":"https:\/\/thevintagetraveler.com\/en\/#website","url":"https:\/\/thevintagetraveler.com\/en\/","name":"TheVintageTraveler","description":"Luxury experts in Louis Vuitton, Chanel &amp; Herm\u00e8s","publisher":{"@id":"https:\/\/thevintagetraveler.com\/en\/#organization"},"potentialAction":[{"@type":"SearchAction","target":{"@type":"EntryPoint","urlTemplate":"https:\/\/thevintagetraveler.com\/en\/?s={search_term_string}"},"query-input":{"@type":"PropertyValueSpecification","valueRequired":true,"valueName":"search_term_string"}}],"inLanguage":"en-US"},{"@type":"Organization","@id":"https:\/\/thevintagetraveler.com\/en\/#organization","name":"TheVintageTraveler","url":"https:\/\/thevintagetraveler.com\/en\/","logo":{"@type":"ImageObject","inLanguage":"en-US","@id":"https:\/\/thevintagetraveler.com\/en\/#\/schema\/logo\/image\/","url":"https:\/\/thevintagetraveler.com\/wp-content\/uploads\/2025\/04\/LOGO-THE-VINTAGE-TRAVELER-FINAL-e1745392697678.png","contentUrl":"https:\/\/thevintagetraveler.com\/wp-content\/uploads\/2025\/04\/LOGO-THE-VINTAGE-TRAVELER-FINAL-e1745392697678.png","width":798,"height":318,"caption":"TheVintageTraveler"},"image":{"@id":"https:\/\/thevintagetraveler.com\/en\/#\/schema\/logo\/image\/"},"sameAs":["https:\/\/www.facebook.com\/TheVintageTravelerFR\/","https:\/\/www.instagram.com\/the_vintagetraveler"]}]}},"_links":{"self":[{"href":"https:\/\/thevintagetraveler.com\/en\/wp-json\/wp\/v2\/product\/4785","targetHints":{"allow":["GET"]}}],"collection":[{"href":"https:\/\/thevintagetraveler.com\/en\/wp-json\/wp\/v2\/product"}],"about":[{"href":"https:\/\/thevintagetraveler.com\/en\/wp-json\/wp\/v2\/types\/product"}],"wp:featuredmedia":[{"embeddable":true,"href":"https:\/\/thevintagetraveler.com\/en\/wp-json\/wp\/v2\/media\/4788"}],"wp:attachment":[{"href":"https:\/\/thevintagetraveler.com\/en\/wp-json\/wp\/v2\/media?parent=4785"}],"wp:term":[{"taxonomy":"product_brand","embeddable":true,"href":"https:\/\/thevintagetraveler.com\/en\/wp-json\/wp\/v2\/product_brand?post=4785"},{"taxonomy":"product_cat","embeddable":true,"href":"https:\/\/thevintagetraveler.com\/en\/wp-json\/wp\/v2\/product_cat?post=4785"},{"taxonomy":"product_tag","embeddable":true,"href":"https:\/\/thevintagetraveler.com\/en\/wp-json\/wp\/v2\/product_tag?post=4785"}],"curies":[{"name":"wp","href":"https:\/\/api.w.org\/{rel}","templated":true}]}}