{"id":4805,"date":"2025-06-11T15:53:47","date_gmt":"2025-06-11T13:53:47","guid":{"rendered":"https:\/\/thevintagetraveler.com\/?post_type=product&#038;p=4805"},"modified":"2025-06-11T15:58:36","modified_gmt":"2025-06-11T13:58:36","slug":"collier-chanel-vintage-gripoix-dore-vert-rouge","status":"publish","type":"product","link":"https:\/\/thevintagetraveler.com\/en\/produit\/collier-chanel-vintage-gripoix-dore-vert-rouge\/","title":{"rendered":"Collier Chanel vintage dor\u00e9"},"content":{"rendered":"<h3 data-start=\"985\" data-end=\"1056\">Collier Chanel Vintage \u2013 Dor\u00e9 avec Pierres Gripoix Vertes et Rouges<\/h3>\n<p data-start=\"1058\" data-end=\"1357\">Ce <strong data-start=\"1061\" data-end=\"1087\">collier Chanel vintage<\/strong>, r\u00e9alis\u00e9 en <strong data-start=\"1100\" data-end=\"1114\">m\u00e9tal dor\u00e9<\/strong>, est orn\u00e9 des c\u00e9l\u00e8bres <strong data-start=\"1138\" data-end=\"1157\">pierres Gripoix<\/strong>, ici dans une <strong data-start=\"1172\" data-end=\"1222\">combinaison de vert \u00e9meraude et de rouge rubis<\/strong>. Ce bijou d\u2019exception incarne \u00e0 la perfection l\u2019esth\u00e9tique <strong data-start=\"1282\" data-end=\"1305\">baroque et opulente<\/strong> de Chanel dans ses pi\u00e8ces couture des ann\u00e9es 80-90.<\/p>\n<p data-start=\"1359\" data-end=\"1493\">Il s\u2019agit d\u2019une <strong data-start=\"1375\" data-end=\"1389\">pi\u00e8ce rare<\/strong>, pr\u00e9cieuse pour les collectionneuses comme pour les amatrices de bijoux embl\u00e9matiques au style affirm\u00e9.<\/p>\n<hr data-start=\"1495\" data-end=\"1498\" \/>\n<h3 data-start=\"1500\" data-end=\"1544\">Gripoix &amp; Chanel : une alliance iconique<\/h3>\n<p data-start=\"1546\" data-end=\"1775\">La <strong data-start=\"1549\" data-end=\"1567\">Maison Gripoix<\/strong>, fond\u00e9e au XIXe si\u00e8cle, est c\u00e9l\u00e8bre pour ses <strong data-start=\"1613\" data-end=\"1641\">verres moul\u00e9s artisanaux<\/strong>, souvent confondus avec des pierres pr\u00e9cieuses. <a href=\"https:\/\/thevintagetraveler.com\/les-dates-codes-stamp-chanel-comprendre-lauthenticite-et-lhistoire-des-sacs-emblematiques\/\">Chanel<\/a> a collabor\u00e9 avec Gripoix d\u00e8s les ann\u00e9es 1920, donnant naissance \u00e0 des bijoux :<\/p>\n<ul data-start=\"1777\" data-end=\"1943\">\n<li data-start=\"1777\" data-end=\"1816\">\n<p data-start=\"1779\" data-end=\"1816\"><strong data-start=\"1779\" data-end=\"1814\">Riches en couleur et en lumi\u00e8re<\/strong><\/p>\n<\/li>\n<li data-start=\"1817\" data-end=\"1890\">\n<p data-start=\"1819\" data-end=\"1890\">Fabriqu\u00e9s \u00e0 la main avec <strong data-start=\"1844\" data-end=\"1888\">des techniques d\u2019\u00e9mail et de verre coul\u00e9<\/strong><\/p>\n<\/li>\n<li data-start=\"1891\" data-end=\"1943\">\n<p data-start=\"1893\" data-end=\"1943\">Devenus <strong data-start=\"1901\" data-end=\"1931\">hautement collectionnables<\/strong> aujourd\u2019hui<\/p>\n<\/li>\n<\/ul>\n<p data-start=\"1945\" data-end=\"2085\">Ce collier illustre parfaitement cette tradition, avec ses <strong data-start=\"2004\" data-end=\"2045\">pierres cabochon aux teintes intenses<\/strong>, mont\u00e9es sur un <strong data-start=\"2062\" data-end=\"2084\">m\u00e9tal dor\u00e9 textur\u00e9<\/strong>.<\/p>\n<hr data-start=\"2087\" data-end=\"2090\" \/>\n<h3 data-start=\"2092\" data-end=\"2123\">Caract\u00e9ristiques du produit<\/h3>\n<ul data-start=\"2125\" data-end=\"2584\">\n<li data-start=\"2125\" data-end=\"2148\">\n<p data-start=\"2127\" data-end=\"2148\"><strong data-start=\"2127\" data-end=\"2139\">Marque :<\/strong> Chanel<\/p>\n<\/li>\n<li data-start=\"2149\" data-end=\"2205\">\n<p data-start=\"2151\" data-end=\"2205\"><strong data-start=\"2151\" data-end=\"2164\">P\u00e9riode :<\/strong> Vintage (probablement ann\u00e9es 80 ou 90)<\/p>\n<\/li>\n<li data-start=\"2206\" data-end=\"2228\">\n<p data-start=\"2208\" data-end=\"2228\"><strong data-start=\"2208\" data-end=\"2218\">Type :<\/strong> Collier<\/p>\n<\/li>\n<li data-start=\"2229\" data-end=\"2257\">\n<p data-start=\"2231\" data-end=\"2257\"><strong data-start=\"2231\" data-end=\"2244\">Mati\u00e8re :<\/strong> M\u00e9tal dor\u00e9<\/p>\n<\/li>\n<li data-start=\"2258\" data-end=\"2310\">\n<p data-start=\"2260\" data-end=\"2310\"><strong data-start=\"2260\" data-end=\"2275\">Ornements :<\/strong> Pierres Gripoix vertes et rouges<\/p>\n<\/li>\n<li data-start=\"2311\" data-end=\"2376\">\n<p data-start=\"2313\" data-end=\"2376\"><strong data-start=\"2313\" data-end=\"2326\">Fermoir :<\/strong> Mousqueton ou crochet (\u00e0 pr\u00e9ciser selon mod\u00e8le)<\/p>\n<\/li>\n<li data-start=\"2377\" data-end=\"2450\">\n<p data-start=\"2379\" data-end=\"2450\"><strong data-start=\"2379\" data-end=\"2391\">Taille :<\/strong> Collier ras-du-cou ou mi-long (mesure exacte \u00e0 pr\u00e9ciser)<\/p>\n<\/li>\n<li data-start=\"2451\" data-end=\"2511\">\n<p data-start=\"2453\" data-end=\"2511\"><strong data-start=\"2453\" data-end=\"2463\">\u00c9tat :<\/strong> Tr\u00e8s bon \u2013 dorure brillante, pierres intactes<\/p>\n<\/li>\n<li data-start=\"2512\" data-end=\"2584\">\n<p data-start=\"2514\" data-end=\"2584\"><strong data-start=\"2514\" data-end=\"2536\">Authentification :<\/strong> Certifi\u00e9 \u2013 livr\u00e9 avec certificat d\u2019authenticit\u00e9<\/p>\n<\/li>\n<\/ul>\n<hr data-start=\"2586\" data-end=\"2589\" \/>\n<h3 data-start=\"2591\" data-end=\"2639\">Un bijou couture \u00e0 collectionner ou \u00e0 porter<\/h3>\n<p data-start=\"2641\" data-end=\"2668\">Ce collier est id\u00e9al pour :<\/p>\n<ul data-start=\"2670\" data-end=\"2918\">\n<li data-start=\"2670\" data-end=\"2737\">\n<p data-start=\"2672\" data-end=\"2737\"><strong data-start=\"2672\" data-end=\"2700\">Sublimer une tenue sobre<\/strong> avec une touche baroque de couleur<\/p>\n<\/li>\n<li data-start=\"2738\" data-end=\"2795\">\n<p data-start=\"2740\" data-end=\"2795\"><strong data-start=\"2740\" data-end=\"2793\">Compl\u00e9ter une collection de bijoux Chanel vintage<\/strong><\/p>\n<\/li>\n<li data-start=\"2796\" data-end=\"2856\">\n<p data-start=\"2798\" data-end=\"2856\">\u00catre port\u00e9 en <strong data-start=\"2812\" data-end=\"2835\">soir\u00e9e ou \u00e9v\u00e9nement<\/strong>, comme pi\u00e8ce forte<\/p>\n<\/li>\n<li data-start=\"2857\" data-end=\"2918\">\n<p data-start=\"2859\" data-end=\"2918\">\u00catre offert en <strong data-start=\"2874\" data-end=\"2918\">cadeau pr\u00e9cieux \u00e0 une passionn\u00e9e de mode<\/strong><\/p>\n<\/li>\n<\/ul>\n<hr data-start=\"2920\" data-end=\"2923\" \/>\n<h3 data-start=\"2925\" data-end=\"2987\">Pourquoi investir dans un collier Chanel Gripoix vintage ?<\/h3>\n<ul data-start=\"2989\" data-end=\"3296\">\n<li data-start=\"2989\" data-end=\"3053\">\n<p data-start=\"2991\" data-end=\"3053\"><strong data-start=\"2991\" data-end=\"3030\">Pi\u00e8ce rare et difficile \u00e0 retrouver<\/strong>, surtout en bon \u00e9tat<\/p>\n<\/li>\n<li data-start=\"3054\" data-end=\"3100\">\n<p data-start=\"3056\" data-end=\"3100\"><strong data-start=\"3056\" data-end=\"3087\">Travail Gripoix authentique<\/strong>, fait main<\/p>\n<\/li>\n<li data-start=\"3101\" data-end=\"3149\">\n<p data-start=\"3103\" data-end=\"3149\"><strong data-start=\"3103\" data-end=\"3130\">Coloris verts et rouges<\/strong>, tr\u00e8s recherch\u00e9s<\/p>\n<\/li>\n<li data-start=\"3150\" data-end=\"3219\">\n<p data-start=\"3152\" data-end=\"3219\"><strong data-start=\"3152\" data-end=\"3185\">Bijou certifi\u00e9 Chanel vintage<\/strong>, avec valeur patrimoniale forte<\/p>\n<\/li>\n<li data-start=\"3220\" data-end=\"3296\">\n<p data-start=\"3222\" data-end=\"3296\"><strong data-start=\"3222\" data-end=\"3257\">Esth\u00e9tique couture intemporelle<\/strong>, toujours dans les tendances actuelles<\/p>\n<\/li>\n<\/ul>\n<hr data-start=\"3298\" data-end=\"3301\" \/>\n<h3 data-start=\"3303\" data-end=\"3349\">Pourquoi acheter chez TheVintageTraveler ?<\/h3>\n<p data-start=\"3351\" data-end=\"3398\">Chez <strong data-start=\"3356\" data-end=\"3378\">TheVintageTraveler<\/strong>, chaque bijou est :<\/p>\n<ul data-start=\"3400\" data-end=\"3685\">\n<li data-start=\"3400\" data-end=\"3472\">\n<p data-start=\"3402\" data-end=\"3472\"><strong data-start=\"3402\" data-end=\"3470\">S\u00e9lectionn\u00e9 pour son authenticit\u00e9, son originalit\u00e9 et sa qualit\u00e9<\/strong><\/p>\n<\/li>\n<li data-start=\"3473\" data-end=\"3522\">\n<p data-start=\"3475\" data-end=\"3522\">Accompagn\u00e9 d\u2019un <strong data-start=\"3491\" data-end=\"3520\">certificat d\u2019authenticit\u00e9<\/strong><\/p>\n<\/li>\n<li data-start=\"3523\" data-end=\"3590\">\n<p data-start=\"3525\" data-end=\"3590\"><strong data-start=\"3525\" data-end=\"3549\">Inspect\u00e9 et contr\u00f4l\u00e9<\/strong>, pour garantir une pr\u00e9sentation fid\u00e8le<\/p>\n<\/li>\n<li data-start=\"3591\" data-end=\"3685\">\n<p data-start=\"3593\" data-end=\"3685\">Disponible en <strong data-start=\"3607\" data-end=\"3630\">livraison s\u00e9curis\u00e9e<\/strong> ou <strong data-start=\"3634\" data-end=\"3685\">retrait showroom (March\u00e9 Serpette \u2013 Saint-Ouen)<\/strong><\/p>\n<\/li>\n<\/ul>\n<hr data-start=\"3687\" data-end=\"3690\" \/>\n<h3 data-start=\"3692\" data-end=\"3706\">Conclusion<\/h3>\n<p data-start=\"3708\" data-end=\"4028\">Ce <strong data-start=\"3711\" data-end=\"3742\">collier Chanel vintage dor\u00e9<\/strong>, orn\u00e9 de <strong data-start=\"3752\" data-end=\"3788\">pierres Gripoix vertes et rouges<\/strong>, est une <strong data-start=\"3798\" data-end=\"3819\">pi\u00e8ce d\u2019exception<\/strong> au style intemporel. Un bijou iconique, \u00e0 la <strong data-start=\"3865\" data-end=\"3934\">crois\u00e9e du luxe, de l\u2019histoire de la mode et de l\u2019artisanat d\u2019art<\/strong>. \u00c0 collectionner, \u00e0 porter ou \u00e0 transmettre \u2014 un <strong data-start=\"3984\" data-end=\"4027\">investissement bijou plein de caract\u00e8re<\/strong>.<\/p>\n<p>Suivez &#8211; nous sur <a href=\"https:\/\/www.facebook.com\/TheVintageTravelerFR\">Facebook<\/a> et <a href=\"https:\/\/www.instagram.com\/the_vintagetraveler\/?igsh=aXdsbDJkdnpwZjcx#\">Instagram<\/a><\/p>\n","protected":false},"excerpt":{"rendered":"<p>Collier Chanel vintage en m\u00e9tal dor\u00e9, orn\u00e9 de pierres Gripoix vertes et rouges. Bijou couture rare, certifi\u00e9 authentique. Pi\u00e8ce \u00e9l\u00e9gante et embl\u00e9matique.<\/p>\n","protected":false},"featured_media":4808,"template":"","meta":[],"product_brand":[],"product_cat":[302,124,274],"product_tag":[166,287],"class_list":{"0":"post-4805","1":"product","2":"type-product","3":"status-publish","4":"has-post-thumbnail","6":"product_cat-jewelry","7":"product_cat-chanel-bijoux","8":"product_cat-news","9":"product_tag-bijouxchanel","10":"product_tag-chanel","12":"first","13":"instock","14":"sold-individually","15":"shipping-taxable","16":"purchasable","17":"product-type-simple"},"yoast_head":"<!-- This site is optimized with the Yoast SEO plugin v27.1.1 - https:\/\/yoast.com\/product\/yoast-seo-wordpress\/ -->\n<title>Collier Chanel Vintage Gripoix Dor\u00e9 Vert et Rouge<\/title>\n<meta name=\"description\" content=\"Collier Chanel vintage dor\u00e9 avec pierres Gripoix vertes et rouges. Bijou couture rare, certifi\u00e9 authentique. \u00c9l\u00e9gant, color\u00e9, embl\u00e9matique.\" \/>\n<meta name=\"robots\" content=\"index, follow, max-snippet:-1, max-image-preview:large, max-video-preview:-1\" \/>\n<link rel=\"canonical\" href=\"https:\/\/thevintagetraveler.com\/en\/produit\/collier-chanel-vintage-gripoix-dore-vert-rouge\/\" \/>\n<meta property=\"og:locale\" content=\"en_US\" \/>\n<meta property=\"og:type\" content=\"article\" \/>\n<meta property=\"og:title\" content=\"Collier Chanel Vintage Gripoix Dor\u00e9 Vert et Rouge\" \/>\n<meta property=\"og:description\" content=\"Collier Chanel vintage dor\u00e9 avec pierres Gripoix vertes et rouges. Bijou couture rare, certifi\u00e9 authentique. \u00c9l\u00e9gant, color\u00e9, embl\u00e9matique.\" \/>\n<meta property=\"og:url\" content=\"https:\/\/thevintagetraveler.com\/en\/produit\/collier-chanel-vintage-gripoix-dore-vert-rouge\/\" \/>\n<meta property=\"og:site_name\" content=\"TheVintageTraveler\" \/>\n<meta property=\"article:publisher\" content=\"https:\/\/www.facebook.com\/TheVintageTravelerFR\/\" \/>\n<meta property=\"article:modified_time\" content=\"2025-06-11T13:58:36+00:00\" \/>\n<meta property=\"og:image\" content=\"https:\/\/thevintagetraveler.com\/wp-content\/uploads\/2025\/06\/20250606_190658.jpg\" \/>\n\t<meta property=\"og:image:width\" content=\"1500\" \/>\n\t<meta property=\"og:image:height\" content=\"2000\" \/>\n\t<meta property=\"og:image:type\" content=\"image\/jpeg\" \/>\n<meta name=\"twitter:card\" content=\"summary_large_image\" \/>\n<meta name=\"twitter:label1\" content=\"Est. reading time\" \/>\n\t<meta name=\"twitter:data1\" content=\"3 minutes\" \/>\n<script type=\"application\/ld+json\" class=\"yoast-schema-graph\">{\"@context\":\"https:\/\/schema.org\",\"@graph\":[{\"@type\":\"WebPage\",\"@id\":\"https:\/\/thevintagetraveler.com\/en\/produit\/collier-chanel-vintage-gripoix-dore-vert-rouge\/\",\"url\":\"https:\/\/thevintagetraveler.com\/en\/produit\/collier-chanel-vintage-gripoix-dore-vert-rouge\/\",\"name\":\"Collier Chanel Vintage Gripoix Dor\u00e9 Vert et Rouge\",\"isPartOf\":{\"@id\":\"https:\/\/thevintagetraveler.com\/en\/#website\"},\"primaryImageOfPage\":{\"@id\":\"https:\/\/thevintagetraveler.com\/en\/produit\/collier-chanel-vintage-gripoix-dore-vert-rouge\/#primaryimage\"},\"image\":{\"@id\":\"https:\/\/thevintagetraveler.com\/en\/produit\/collier-chanel-vintage-gripoix-dore-vert-rouge\/#primaryimage\"},\"thumbnailUrl\":\"https:\/\/thevintagetraveler.com\/wp-content\/uploads\/2025\/06\/20250606_190658.jpg\",\"datePublished\":\"2025-06-11T13:53:47+00:00\",\"dateModified\":\"2025-06-11T13:58:36+00:00\",\"description\":\"Collier Chanel vintage dor\u00e9 avec pierres Gripoix vertes et rouges. Bijou couture rare, certifi\u00e9 authentique. \u00c9l\u00e9gant, color\u00e9, embl\u00e9matique.\",\"breadcrumb\":{\"@id\":\"https:\/\/thevintagetraveler.com\/en\/produit\/collier-chanel-vintage-gripoix-dore-vert-rouge\/#breadcrumb\"},\"inLanguage\":\"en-US\",\"potentialAction\":[{\"@type\":\"ReadAction\",\"target\":[\"https:\/\/thevintagetraveler.com\/en\/produit\/collier-chanel-vintage-gripoix-dore-vert-rouge\/\"]}]},{\"@type\":\"ImageObject\",\"inLanguage\":\"en-US\",\"@id\":\"https:\/\/thevintagetraveler.com\/en\/produit\/collier-chanel-vintage-gripoix-dore-vert-rouge\/#primaryimage\",\"url\":\"https:\/\/thevintagetraveler.com\/wp-content\/uploads\/2025\/06\/20250606_190658.jpg\",\"contentUrl\":\"https:\/\/thevintagetraveler.com\/wp-content\/uploads\/2025\/06\/20250606_190658.jpg\",\"width\":1500,\"height\":2000,\"caption\":\"collier Chanel vintage Gripoix dor\u00e9 vert rouge\"},{\"@type\":\"BreadcrumbList\",\"@id\":\"https:\/\/thevintagetraveler.com\/en\/produit\/collier-chanel-vintage-gripoix-dore-vert-rouge\/#breadcrumb\",\"itemListElement\":[{\"@type\":\"ListItem\",\"position\":1,\"name\":\"Accueil\",\"item\":\"https:\/\/thevintagetraveler.com\/en\/\"},{\"@type\":\"ListItem\",\"position\":2,\"name\":\"Shop\",\"item\":\"https:\/\/thevintagetraveler.com\/shop\/\"},{\"@type\":\"ListItem\",\"position\":3,\"name\":\"Collier Chanel vintage dor\u00e9\"}]},{\"@type\":\"WebSite\",\"@id\":\"https:\/\/thevintagetraveler.com\/en\/#website\",\"url\":\"https:\/\/thevintagetraveler.com\/en\/\",\"name\":\"TheVintageTraveler\",\"description\":\"Luxury experts in Louis Vuitton, Chanel &amp; Herm\u00e8s\",\"publisher\":{\"@id\":\"https:\/\/thevintagetraveler.com\/en\/#organization\"},\"potentialAction\":[{\"@type\":\"SearchAction\",\"target\":{\"@type\":\"EntryPoint\",\"urlTemplate\":\"https:\/\/thevintagetraveler.com\/en\/?s={search_term_string}\"},\"query-input\":{\"@type\":\"PropertyValueSpecification\",\"valueRequired\":true,\"valueName\":\"search_term_string\"}}],\"inLanguage\":\"en-US\"},{\"@type\":\"Organization\",\"@id\":\"https:\/\/thevintagetraveler.com\/en\/#organization\",\"name\":\"TheVintageTraveler\",\"url\":\"https:\/\/thevintagetraveler.com\/en\/\",\"logo\":{\"@type\":\"ImageObject\",\"inLanguage\":\"en-US\",\"@id\":\"https:\/\/thevintagetraveler.com\/en\/#\/schema\/logo\/image\/\",\"url\":\"https:\/\/thevintagetraveler.com\/wp-content\/uploads\/2025\/04\/LOGO-THE-VINTAGE-TRAVELER-FINAL-e1745392697678.png\",\"contentUrl\":\"https:\/\/thevintagetraveler.com\/wp-content\/uploads\/2025\/04\/LOGO-THE-VINTAGE-TRAVELER-FINAL-e1745392697678.png\",\"width\":798,\"height\":318,\"caption\":\"TheVintageTraveler\"},\"image\":{\"@id\":\"https:\/\/thevintagetraveler.com\/en\/#\/schema\/logo\/image\/\"},\"sameAs\":[\"https:\/\/www.facebook.com\/TheVintageTravelerFR\/\",\"https:\/\/www.instagram.com\/the_vintagetraveler\"]}]}<\/script>\n<!-- \/ Yoast SEO plugin. -->","yoast_head_json":{"title":"Collier Chanel Vintage Gripoix Dor\u00e9 Vert et Rouge","description":"Collier Chanel vintage dor\u00e9 avec pierres Gripoix vertes et rouges. Bijou couture rare, certifi\u00e9 authentique. \u00c9l\u00e9gant, color\u00e9, embl\u00e9matique.","robots":{"index":"index","follow":"follow","max-snippet":"max-snippet:-1","max-image-preview":"max-image-preview:large","max-video-preview":"max-video-preview:-1"},"canonical":"https:\/\/thevintagetraveler.com\/en\/produit\/collier-chanel-vintage-gripoix-dore-vert-rouge\/","og_locale":"en_US","og_type":"article","og_title":"Collier Chanel Vintage Gripoix Dor\u00e9 Vert et Rouge","og_description":"Collier Chanel vintage dor\u00e9 avec pierres Gripoix vertes et rouges. Bijou couture rare, certifi\u00e9 authentique. \u00c9l\u00e9gant, color\u00e9, embl\u00e9matique.","og_url":"https:\/\/thevintagetraveler.com\/en\/produit\/collier-chanel-vintage-gripoix-dore-vert-rouge\/","og_site_name":"TheVintageTraveler","article_publisher":"https:\/\/www.facebook.com\/TheVintageTravelerFR\/","article_modified_time":"2025-06-11T13:58:36+00:00","og_image":[{"width":1500,"height":2000,"url":"https:\/\/thevintagetraveler.com\/wp-content\/uploads\/2025\/06\/20250606_190658.jpg","type":"image\/jpeg"}],"twitter_card":"summary_large_image","twitter_misc":{"Est. reading time":"3 minutes"},"schema":{"@context":"https:\/\/schema.org","@graph":[{"@type":"WebPage","@id":"https:\/\/thevintagetraveler.com\/en\/produit\/collier-chanel-vintage-gripoix-dore-vert-rouge\/","url":"https:\/\/thevintagetraveler.com\/en\/produit\/collier-chanel-vintage-gripoix-dore-vert-rouge\/","name":"Collier Chanel Vintage Gripoix Dor\u00e9 Vert et Rouge","isPartOf":{"@id":"https:\/\/thevintagetraveler.com\/en\/#website"},"primaryImageOfPage":{"@id":"https:\/\/thevintagetraveler.com\/en\/produit\/collier-chanel-vintage-gripoix-dore-vert-rouge\/#primaryimage"},"image":{"@id":"https:\/\/thevintagetraveler.com\/en\/produit\/collier-chanel-vintage-gripoix-dore-vert-rouge\/#primaryimage"},"thumbnailUrl":"https:\/\/thevintagetraveler.com\/wp-content\/uploads\/2025\/06\/20250606_190658.jpg","datePublished":"2025-06-11T13:53:47+00:00","dateModified":"2025-06-11T13:58:36+00:00","description":"Collier Chanel vintage dor\u00e9 avec pierres Gripoix vertes et rouges. Bijou couture rare, certifi\u00e9 authentique. \u00c9l\u00e9gant, color\u00e9, embl\u00e9matique.","breadcrumb":{"@id":"https:\/\/thevintagetraveler.com\/en\/produit\/collier-chanel-vintage-gripoix-dore-vert-rouge\/#breadcrumb"},"inLanguage":"en-US","potentialAction":[{"@type":"ReadAction","target":["https:\/\/thevintagetraveler.com\/en\/produit\/collier-chanel-vintage-gripoix-dore-vert-rouge\/"]}]},{"@type":"ImageObject","inLanguage":"en-US","@id":"https:\/\/thevintagetraveler.com\/en\/produit\/collier-chanel-vintage-gripoix-dore-vert-rouge\/#primaryimage","url":"https:\/\/thevintagetraveler.com\/wp-content\/uploads\/2025\/06\/20250606_190658.jpg","contentUrl":"https:\/\/thevintagetraveler.com\/wp-content\/uploads\/2025\/06\/20250606_190658.jpg","width":1500,"height":2000,"caption":"collier Chanel vintage Gripoix dor\u00e9 vert rouge"},{"@type":"BreadcrumbList","@id":"https:\/\/thevintagetraveler.com\/en\/produit\/collier-chanel-vintage-gripoix-dore-vert-rouge\/#breadcrumb","itemListElement":[{"@type":"ListItem","position":1,"name":"Accueil","item":"https:\/\/thevintagetraveler.com\/en\/"},{"@type":"ListItem","position":2,"name":"Shop","item":"https:\/\/thevintagetraveler.com\/shop\/"},{"@type":"ListItem","position":3,"name":"Collier Chanel vintage dor\u00e9"}]},{"@type":"WebSite","@id":"https:\/\/thevintagetraveler.com\/en\/#website","url":"https:\/\/thevintagetraveler.com\/en\/","name":"TheVintageTraveler","description":"Luxury experts in Louis Vuitton, Chanel &amp; Herm\u00e8s","publisher":{"@id":"https:\/\/thevintagetraveler.com\/en\/#organization"},"potentialAction":[{"@type":"SearchAction","target":{"@type":"EntryPoint","urlTemplate":"https:\/\/thevintagetraveler.com\/en\/?s={search_term_string}"},"query-input":{"@type":"PropertyValueSpecification","valueRequired":true,"valueName":"search_term_string"}}],"inLanguage":"en-US"},{"@type":"Organization","@id":"https:\/\/thevintagetraveler.com\/en\/#organization","name":"TheVintageTraveler","url":"https:\/\/thevintagetraveler.com\/en\/","logo":{"@type":"ImageObject","inLanguage":"en-US","@id":"https:\/\/thevintagetraveler.com\/en\/#\/schema\/logo\/image\/","url":"https:\/\/thevintagetraveler.com\/wp-content\/uploads\/2025\/04\/LOGO-THE-VINTAGE-TRAVELER-FINAL-e1745392697678.png","contentUrl":"https:\/\/thevintagetraveler.com\/wp-content\/uploads\/2025\/04\/LOGO-THE-VINTAGE-TRAVELER-FINAL-e1745392697678.png","width":798,"height":318,"caption":"TheVintageTraveler"},"image":{"@id":"https:\/\/thevintagetraveler.com\/en\/#\/schema\/logo\/image\/"},"sameAs":["https:\/\/www.facebook.com\/TheVintageTravelerFR\/","https:\/\/www.instagram.com\/the_vintagetraveler"]}]}},"_links":{"self":[{"href":"https:\/\/thevintagetraveler.com\/en\/wp-json\/wp\/v2\/product\/4805","targetHints":{"allow":["GET"]}}],"collection":[{"href":"https:\/\/thevintagetraveler.com\/en\/wp-json\/wp\/v2\/product"}],"about":[{"href":"https:\/\/thevintagetraveler.com\/en\/wp-json\/wp\/v2\/types\/product"}],"wp:featuredmedia":[{"embeddable":true,"href":"https:\/\/thevintagetraveler.com\/en\/wp-json\/wp\/v2\/media\/4808"}],"wp:attachment":[{"href":"https:\/\/thevintagetraveler.com\/en\/wp-json\/wp\/v2\/media?parent=4805"}],"wp:term":[{"taxonomy":"product_brand","embeddable":true,"href":"https:\/\/thevintagetraveler.com\/en\/wp-json\/wp\/v2\/product_brand?post=4805"},{"taxonomy":"product_cat","embeddable":true,"href":"https:\/\/thevintagetraveler.com\/en\/wp-json\/wp\/v2\/product_cat?post=4805"},{"taxonomy":"product_tag","embeddable":true,"href":"https:\/\/thevintagetraveler.com\/en\/wp-json\/wp\/v2\/product_tag?post=4805"}],"curies":[{"name":"wp","href":"https:\/\/api.w.org\/{rel}","templated":true}]}}