{"id":4890,"date":"2024-06-12T17:01:02","date_gmt":"2024-06-12T15:01:02","guid":{"rendered":"https:\/\/thevintagetraveler.com\/?post_type=product&#038;p=4890"},"modified":"2025-09-16T15:02:53","modified_gmt":"2025-09-16T13:02:53","slug":"malle-louis-vuitton-cabine-1910-grand-format","status":"publish","type":"product","link":"https:\/\/thevintagetraveler.com\/en\/produit\/malle-louis-vuitton-cabine-1910-grand-format\/","title":{"rendered":"Malle Louis Vuitton cabine grand format 1910"},"content":{"rendered":"<h3 data-start=\"1072\" data-end=\"1161\">Malle Louis Vuitton Cabine \u2013 Ann\u00e9e 1910, Grand Format, Monogram &amp; \u00c9tiquettes d\u2019\u00c9poque<\/h3>\n<p data-start=\"1163\" data-end=\"1587\">Cette <strong data-start=\"1169\" data-end=\"1199\">malle cabine Louis Vuitton<\/strong> datant de <strong data-start=\"1210\" data-end=\"1218\">1910<\/strong> est une <strong data-start=\"1227\" data-end=\"1257\">v\u00e9ritable pi\u00e8ce historique<\/strong>, dans un <strong data-start=\"1267\" data-end=\"1288\">grand format rare<\/strong> mesurant 110 cm de large. Elle est habill\u00e9e de la <strong data-start=\"1339\" data-end=\"1370\">toile Monogram embl\u00e9matique<\/strong>, renforc\u00e9e de <strong data-start=\"1385\" data-end=\"1417\">lozine et de coins en laiton<\/strong>, et dispose de <strong data-start=\"1433\" data-end=\"1473\">poign\u00e9es lat\u00e9rales en cuir d\u2019origine<\/strong>. En prime : <strong data-start=\"1486\" data-end=\"1546\">plusieurs \u00e9tiquettes de voyages d\u2019\u00e9poque encore visibles<\/strong>, t\u00e9moignant de son histoire authentique.<\/p>\n<p data-start=\"1589\" data-end=\"1815\">En <strong data-start=\"1592\" data-end=\"1622\">tr\u00e8s bon \u00e9tat pour son \u00e2ge<\/strong>, cette <a href=\"https:\/\/thevintagetraveler.com\/les-toiles-des-malles-louis-vuitton-histoire-evolution-et-signification\/\">malle<\/a> est une <strong data-start=\"1644\" data-end=\"1724\">opportunit\u00e9 rare d\u2019acqu\u00e9rir un objet de collection prestigieux et valorisant<\/strong>, parfait pour une <strong data-start=\"1743\" data-end=\"1777\">d\u00e9coration d\u2019int\u00e9rieur de luxe<\/strong> ou un <strong data-start=\"1784\" data-end=\"1814\">investissement patrimonial<\/strong>.<\/p>\n<hr data-start=\"1817\" data-end=\"1820\" \/>\n<h3 data-start=\"1822\" data-end=\"1860\">Une pi\u00e8ce historique Louis Vuitton<\/h3>\n<p data-start=\"1862\" data-end=\"1934\">Les <strong data-start=\"1866\" data-end=\"1884\">malles cabines<\/strong> de la maison Louis Vuitton \u00e9taient con\u00e7ues pour :<\/p>\n<ul data-start=\"1936\" data-end=\"2152\">\n<li data-start=\"1936\" data-end=\"2012\">\n<p data-start=\"1938\" data-end=\"2012\"><strong data-start=\"1938\" data-end=\"1988\">Se glisser sous les couchettes des wagons-lits<\/strong> ou cabines de bateaux<\/p>\n<\/li>\n<li data-start=\"2013\" data-end=\"2080\">\n<p data-start=\"2015\" data-end=\"2080\">\u00catre <strong data-start=\"2020\" data-end=\"2059\">plus plates que les malles courrier<\/strong>, mais tr\u00e8s longues<\/p>\n<\/li>\n<li data-start=\"2081\" data-end=\"2152\">\n<p data-start=\"2083\" data-end=\"2152\">Offrir une <strong data-start=\"2094\" data-end=\"2152\">grande capacit\u00e9 de rangement dans un format horizontal<\/strong><\/p>\n<\/li>\n<\/ul>\n<p data-start=\"2154\" data-end=\"2182\">Ce mod\u00e8le se distingue par :<\/p>\n<ul data-start=\"2184\" data-end=\"2505\">\n<li data-start=\"2184\" data-end=\"2256\">\n<p data-start=\"2186\" data-end=\"2256\">Sa <strong data-start=\"2189\" data-end=\"2217\">grande largeur de 110 cm<\/strong>, plus rare que les formats standards<\/p>\n<\/li>\n<li data-start=\"2257\" data-end=\"2338\">\n<p data-start=\"2259\" data-end=\"2338\">Sa <strong data-start=\"2262\" data-end=\"2287\">hauteur basse (34 cm)<\/strong>, id\u00e9ale pour un usage en <strong data-start=\"2313\" data-end=\"2336\">table basse de luxe<\/strong><\/p>\n<\/li>\n<li data-start=\"2339\" data-end=\"2378\">\n<p data-start=\"2341\" data-end=\"2378\">Sa <strong data-start=\"2344\" data-end=\"2376\">profondeur g\u00e9n\u00e9reuse (55 cm)<\/strong><\/p>\n<\/li>\n<li data-start=\"2379\" data-end=\"2441\">\n<p data-start=\"2381\" data-end=\"2441\">Ses <strong data-start=\"2385\" data-end=\"2415\">poign\u00e9es en cuir d\u2019origine<\/strong>, patin\u00e9es avec \u00e9l\u00e9gance<\/p>\n<\/li>\n<li data-start=\"2442\" data-end=\"2505\">\n<p data-start=\"2444\" data-end=\"2505\">Ses <strong data-start=\"2448\" data-end=\"2483\">\u00e9tiquettes de voyages anciennes<\/strong>, conserv\u00e9es avec soin<\/p>\n<\/li>\n<\/ul>\n<hr data-start=\"2507\" data-end=\"2510\" \/>\n<h3 data-start=\"2512\" data-end=\"2543\">Caract\u00e9ristiques du produit<\/h3>\n<ul data-start=\"2545\" data-end=\"3048\">\n<li data-start=\"2545\" data-end=\"2575\">\n<p data-start=\"2547\" data-end=\"2575\"><strong data-start=\"2547\" data-end=\"2559\">Marque :<\/strong> Louis Vuitton<\/p>\n<\/li>\n<li data-start=\"2576\" data-end=\"2605\">\n<p data-start=\"2578\" data-end=\"2605\"><strong data-start=\"2578\" data-end=\"2590\">Mod\u00e8le :<\/strong> Malle cabine<\/p>\n<\/li>\n<li data-start=\"2606\" data-end=\"2632\">\n<p data-start=\"2608\" data-end=\"2632\"><strong data-start=\"2608\" data-end=\"2619\">Ann\u00e9e :<\/strong> Circa 1910<\/p>\n<\/li>\n<li data-start=\"2633\" data-end=\"2676\">\n<p data-start=\"2635\" data-end=\"2676\"><strong data-start=\"2635\" data-end=\"2651\">Dimensions :<\/strong> L 110 \u00d7 H 34 \u00d7 P 55 cm<\/p>\n<\/li>\n<li data-start=\"2677\" data-end=\"2711\">\n<p data-start=\"2679\" data-end=\"2711\"><strong data-start=\"2679\" data-end=\"2690\">Toile :<\/strong> Monogram d\u2019origine<\/p>\n<\/li>\n<li data-start=\"2712\" data-end=\"2752\">\n<p data-start=\"2714\" data-end=\"2752\"><strong data-start=\"2714\" data-end=\"2729\">Finitions :<\/strong> Lozine + laiton dor\u00e9<\/p>\n<\/li>\n<li data-start=\"2753\" data-end=\"2796\">\n<p data-start=\"2755\" data-end=\"2796\"><strong data-start=\"2755\" data-end=\"2769\">Poign\u00e9es :<\/strong> Lat\u00e9rales en cuir patin\u00e9<\/p>\n<\/li>\n<li data-start=\"2797\" data-end=\"2851\">\n<p data-start=\"2799\" data-end=\"2851\"><strong data-start=\"2799\" data-end=\"2819\">Particularit\u00e9s :<\/strong> \u00c9tiquettes de voyage d\u2019\u00e9poque<\/p>\n<\/li>\n<li data-start=\"2852\" data-end=\"2954\">\n<p data-start=\"2854\" data-end=\"2954\"><strong data-start=\"2854\" data-end=\"2864\">\u00c9tat :<\/strong> Tr\u00e8s bon pour son \u00e2ge \u2013 structure saine, belles finitions, \u00e9l\u00e9ments d\u2019origine conserv\u00e9s<\/p>\n<\/li>\n<li data-start=\"2955\" data-end=\"3048\">\n<p data-start=\"2957\" data-end=\"3048\"><strong data-start=\"2957\" data-end=\"2979\">Authentification :<\/strong> Certifi\u00e9e \u2013 livr\u00e9e avec certificat d\u2019authenticit\u00e9 TheVintageTraveler<\/p>\n<\/li>\n<\/ul>\n<hr data-start=\"3050\" data-end=\"3053\" \/>\n<h3 data-start=\"3055\" data-end=\"3099\">Un objet d\u2019art, de collection et d\u2019usage<\/h3>\n<p data-start=\"3101\" data-end=\"3132\">Cette malle est parfaite pour :<\/p>\n<ul data-start=\"3134\" data-end=\"3385\">\n<li data-start=\"3134\" data-end=\"3185\">\n<p data-start=\"3136\" data-end=\"3185\">\u00catre utilis\u00e9e comme <strong data-start=\"3156\" data-end=\"3183\">table basse de prestige<\/strong><\/p>\n<\/li>\n<li data-start=\"3186\" data-end=\"3249\">\n<p data-start=\"3188\" data-end=\"3249\"><strong data-start=\"3188\" data-end=\"3247\">D\u00e9corer un salon, un hall ou une boutique haut de gamme<\/strong><\/p>\n<\/li>\n<li data-start=\"3250\" data-end=\"3318\">\n<p data-start=\"3252\" data-end=\"3318\"><strong data-start=\"3252\" data-end=\"3316\">Compl\u00e9ter une collection de bagagerie ancienne Louis Vuitton<\/strong><\/p>\n<\/li>\n<li data-start=\"3319\" data-end=\"3385\">\n<p data-start=\"3321\" data-end=\"3385\">Servir de <strong data-start=\"3331\" data-end=\"3385\">pi\u00e8ce de conversation et de transmission familiale<\/strong><\/p>\n<\/li>\n<\/ul>\n<hr data-start=\"3387\" data-end=\"3390\" \/>\n<h3 data-start=\"3392\" data-end=\"3459\">Pourquoi investir dans une malle cabine Louis Vuitton de 1910 ?<\/h3>\n<ul data-start=\"3461\" data-end=\"3761\">\n<li data-start=\"3461\" data-end=\"3526\">\n<p data-start=\"3463\" data-end=\"3526\"><strong data-start=\"3463\" data-end=\"3501\">Authenticit\u00e9 historique v\u00e9rifiable<\/strong>, avec d\u00e9tails d\u2019\u00e9poque<\/p>\n<\/li>\n<li data-start=\"3527\" data-end=\"3587\">\n<p data-start=\"3529\" data-end=\"3587\"><strong data-start=\"3529\" data-end=\"3557\">Format rare et recherch\u00e9<\/strong>, id\u00e9al pour usage d\u00e9coratif<\/p>\n<\/li>\n<li data-start=\"3588\" data-end=\"3631\">\n<p data-start=\"3590\" data-end=\"3631\"><strong data-start=\"3590\" data-end=\"3607\">Tr\u00e8s bon \u00e9tat<\/strong> malgr\u00e9 son anciennet\u00e9<\/p>\n<\/li>\n<li data-start=\"3632\" data-end=\"3702\">\n<p data-start=\"3634\" data-end=\"3702\"><strong data-start=\"3634\" data-end=\"3662\">Patrimoine Louis Vuitton<\/strong> valoris\u00e9 par les \u00e9tiquettes d\u2019origine<\/p>\n<\/li>\n<li data-start=\"3703\" data-end=\"3761\">\n<p data-start=\"3705\" data-end=\"3761\"><strong data-start=\"3705\" data-end=\"3726\">Valeur croissante<\/strong> sur le march\u00e9 des malles anciennes<\/p>\n<\/li>\n<\/ul>\n<hr data-start=\"3763\" data-end=\"3766\" \/>\n<h3 data-start=\"3768\" data-end=\"3814\">Pourquoi acheter chez TheVintageTraveler ?<\/h3>\n<p data-start=\"3816\" data-end=\"3859\">Chez <strong data-start=\"3821\" data-end=\"3843\">TheVintageTraveler<\/strong>, chaque malle :<\/p>\n<ul data-start=\"3861\" data-end=\"4211\">\n<li data-start=\"3861\" data-end=\"3925\">\n<p data-start=\"3863\" data-end=\"3925\">Est <strong data-start=\"3867\" data-end=\"3923\">authentifi\u00e9e, inspect\u00e9e et certifi\u00e9e par des experts<\/strong><\/p>\n<\/li>\n<li data-start=\"3926\" data-end=\"4020\">\n<p data-start=\"3928\" data-end=\"4020\">Fait partie d\u2019une <strong data-start=\"3946\" data-end=\"3973\">s\u00e9lection haut de gamme<\/strong>, avec pi\u00e8ces uniques et restaur\u00e9es avec soin<\/p>\n<\/li>\n<li data-start=\"4021\" data-end=\"4145\">\n<p data-start=\"4023\" data-end=\"4145\">Est disponible en <strong data-start=\"4041\" data-end=\"4092\">retrait showroom (March\u00e9 Serpette \u2013 Saint-Ouen)<\/strong> ou en <strong data-start=\"4099\" data-end=\"4143\">livraison s\u00e9curis\u00e9e dans le monde entier<\/strong><\/p>\n<\/li>\n<li data-start=\"4146\" data-end=\"4211\">\n<p data-start=\"4148\" data-end=\"4211\">Est accompagn\u00e9e d\u2019un <strong data-start=\"4169\" data-end=\"4211\">certificat d\u2019authenticit\u00e9 personnalis\u00e9<\/strong><\/p>\n<\/li>\n<\/ul>\n<hr data-start=\"4213\" data-end=\"4216\" \/>\n<h3 data-start=\"4218\" data-end=\"4232\">Conclusion<\/h3>\n<p data-start=\"4234\" data-end=\"4628\">Cette <strong data-start=\"4240\" data-end=\"4283\">malle Louis Vuitton cabine grand format<\/strong>, dat\u00e9e de <strong data-start=\"4294\" data-end=\"4302\">1910<\/strong>, est une <strong data-start=\"4312\" data-end=\"4337\">\u0153uvre d\u2019art du voyage<\/strong>. Son <strong data-start=\"4343\" data-end=\"4364\">grand format rare<\/strong>, sa <strong data-start=\"4369\" data-end=\"4397\">toile Monogram d\u2019origine<\/strong>, ses <strong data-start=\"4403\" data-end=\"4433\">\u00e9l\u00e9ments anciens pr\u00e9serv\u00e9s<\/strong>, et son <strong data-start=\"4442\" data-end=\"4478\">potentiel d\u00e9coratif exceptionnel<\/strong> en font une <strong data-start=\"4491\" data-end=\"4555\">pi\u00e8ce de collection \u00e0 fort rendement \u00e9motionnel et financier<\/strong>. Un <strong data-start=\"4560\" data-end=\"4590\">investissement de prestige<\/strong>, \u00e0 la fois authentique et intemporel.<\/p>\n<p>Suivez &#8211; nous sur <a href=\"https:\/\/www.facebook.com\/TheVintageTravelerFR\">Facebook<\/a> et <a href=\"https:\/\/www.instagram.com\/the_vintagetraveler\/?igsh=aXdsbDJkdnpwZjcx#\">Instagram<\/a><\/p>\n","protected":false},"excerpt":{"rendered":"<p>Malle Louis Vuitton cabine de 1910, toile Monogram, lozine, poign\u00e9es cuir. Grand format rare, avec \u00e9tiquettes d\u2019\u00e9poque. Pi\u00e8ce de collection et d\u2019investissement.<\/p>\n","protected":false},"featured_media":4901,"template":"","meta":[],"product_brand":[],"product_cat":[118,119,140],"product_tag":[146,164,165,163],"class_list":{"0":"post-4890","1":"product","2":"type-product","3":"status-publish","4":"has-post-thumbnail","6":"product_cat-malles","7":"product_cat-malles-louis-vuitton","8":"product_cat-nouveautes","9":"product_tag-louisvuitton","10":"product_tag-louisvuittontrunk","11":"product_tag-lvtrunk","12":"product_tag-mallelouisvuitton","14":"first","15":"outofstock","16":"sold-individually","17":"shipping-taxable","18":"purchasable","19":"product-type-simple"},"yoast_head":"<!-- This site is optimized with the Yoast SEO plugin v27.1.1 - https:\/\/yoast.com\/product\/yoast-seo-wordpress\/ -->\n<title>Malle Louis Vuitton Cabine 1910 Grand Format TheVintageTraveler<\/title>\n<meta name=\"description\" content=\"Malle Louis Vuitton cabine 1910 en Monogram avec lozine et cuir. Tr\u00e8s bon investissement, grand format rare avec \u00e9tiquettes de voyage d\u2019\u00e9poque.\" \/>\n<meta name=\"robots\" content=\"index, follow, max-snippet:-1, max-image-preview:large, max-video-preview:-1\" \/>\n<link rel=\"canonical\" href=\"https:\/\/thevintagetraveler.com\/en\/produit\/malle-louis-vuitton-cabine-1910-grand-format\/\" \/>\n<meta property=\"og:locale\" content=\"en_US\" \/>\n<meta property=\"og:type\" content=\"article\" \/>\n<meta property=\"og:title\" content=\"Malle Louis Vuitton Cabine 1910 Grand Format TheVintageTraveler\" \/>\n<meta property=\"og:description\" content=\"Malle Louis Vuitton cabine 1910 en Monogram avec lozine et cuir. Tr\u00e8s bon investissement, grand format rare avec \u00e9tiquettes de voyage d\u2019\u00e9poque.\" \/>\n<meta property=\"og:url\" content=\"https:\/\/thevintagetraveler.com\/en\/produit\/malle-louis-vuitton-cabine-1910-grand-format\/\" \/>\n<meta property=\"og:site_name\" content=\"TheVintageTraveler\" \/>\n<meta property=\"article:publisher\" content=\"https:\/\/www.facebook.com\/TheVintageTravelerFR\/\" \/>\n<meta property=\"article:modified_time\" content=\"2025-09-16T13:02:53+00:00\" \/>\n<meta property=\"og:image\" content=\"https:\/\/thevintagetraveler.com\/wp-content\/uploads\/2025\/06\/20250310_130509.jpg\" \/>\n\t<meta property=\"og:image:width\" content=\"1500\" \/>\n\t<meta property=\"og:image:height\" content=\"2000\" \/>\n\t<meta property=\"og:image:type\" content=\"image\/jpeg\" \/>\n<meta name=\"twitter:card\" content=\"summary_large_image\" \/>\n<meta name=\"twitter:label1\" content=\"Est. reading time\" \/>\n\t<meta name=\"twitter:data1\" content=\"3 minutes\" \/>\n<script type=\"application\/ld+json\" class=\"yoast-schema-graph\">{\"@context\":\"https:\/\/schema.org\",\"@graph\":[{\"@type\":\"WebPage\",\"@id\":\"https:\/\/thevintagetraveler.com\/en\/produit\/malle-louis-vuitton-cabine-1910-grand-format\/\",\"url\":\"https:\/\/thevintagetraveler.com\/en\/produit\/malle-louis-vuitton-cabine-1910-grand-format\/\",\"name\":\"Malle Louis Vuitton Cabine 1910 Grand Format TheVintageTraveler\",\"isPartOf\":{\"@id\":\"https:\/\/thevintagetraveler.com\/en\/#website\"},\"primaryImageOfPage\":{\"@id\":\"https:\/\/thevintagetraveler.com\/en\/produit\/malle-louis-vuitton-cabine-1910-grand-format\/#primaryimage\"},\"image\":{\"@id\":\"https:\/\/thevintagetraveler.com\/en\/produit\/malle-louis-vuitton-cabine-1910-grand-format\/#primaryimage\"},\"thumbnailUrl\":\"https:\/\/thevintagetraveler.com\/wp-content\/uploads\/2025\/06\/20250310_130509.jpg\",\"datePublished\":\"2024-06-12T15:01:02+00:00\",\"dateModified\":\"2025-09-16T13:02:53+00:00\",\"description\":\"Malle Louis Vuitton cabine 1910 en Monogram avec lozine et cuir. Tr\u00e8s bon investissement, grand format rare avec \u00e9tiquettes de voyage d\u2019\u00e9poque.\",\"breadcrumb\":{\"@id\":\"https:\/\/thevintagetraveler.com\/en\/produit\/malle-louis-vuitton-cabine-1910-grand-format\/#breadcrumb\"},\"inLanguage\":\"en-US\",\"potentialAction\":[{\"@type\":\"ReadAction\",\"target\":[\"https:\/\/thevintagetraveler.com\/en\/produit\/malle-louis-vuitton-cabine-1910-grand-format\/\"]}]},{\"@type\":\"ImageObject\",\"inLanguage\":\"en-US\",\"@id\":\"https:\/\/thevintagetraveler.com\/en\/produit\/malle-louis-vuitton-cabine-1910-grand-format\/#primaryimage\",\"url\":\"https:\/\/thevintagetraveler.com\/wp-content\/uploads\/2025\/06\/20250310_130509.jpg\",\"contentUrl\":\"https:\/\/thevintagetraveler.com\/wp-content\/uploads\/2025\/06\/20250310_130509.jpg\",\"width\":1500,\"height\":2000,\"caption\":\"malle Louis Vuitton cabine 1910 grand format\"},{\"@type\":\"BreadcrumbList\",\"@id\":\"https:\/\/thevintagetraveler.com\/en\/produit\/malle-louis-vuitton-cabine-1910-grand-format\/#breadcrumb\",\"itemListElement\":[{\"@type\":\"ListItem\",\"position\":1,\"name\":\"Accueil\",\"item\":\"https:\/\/thevintagetraveler.com\/en\/\"},{\"@type\":\"ListItem\",\"position\":2,\"name\":\"Shop\",\"item\":\"https:\/\/thevintagetraveler.com\/shop\/\"},{\"@type\":\"ListItem\",\"position\":3,\"name\":\"Malle Louis Vuitton cabine grand format 1910\"}]},{\"@type\":\"WebSite\",\"@id\":\"https:\/\/thevintagetraveler.com\/en\/#website\",\"url\":\"https:\/\/thevintagetraveler.com\/en\/\",\"name\":\"TheVintageTraveler\",\"description\":\"Luxury experts in Louis Vuitton, Chanel &amp; Herm\u00e8s\",\"publisher\":{\"@id\":\"https:\/\/thevintagetraveler.com\/en\/#organization\"},\"potentialAction\":[{\"@type\":\"SearchAction\",\"target\":{\"@type\":\"EntryPoint\",\"urlTemplate\":\"https:\/\/thevintagetraveler.com\/en\/?s={search_term_string}\"},\"query-input\":{\"@type\":\"PropertyValueSpecification\",\"valueRequired\":true,\"valueName\":\"search_term_string\"}}],\"inLanguage\":\"en-US\"},{\"@type\":\"Organization\",\"@id\":\"https:\/\/thevintagetraveler.com\/en\/#organization\",\"name\":\"TheVintageTraveler\",\"url\":\"https:\/\/thevintagetraveler.com\/en\/\",\"logo\":{\"@type\":\"ImageObject\",\"inLanguage\":\"en-US\",\"@id\":\"https:\/\/thevintagetraveler.com\/en\/#\/schema\/logo\/image\/\",\"url\":\"https:\/\/thevintagetraveler.com\/wp-content\/uploads\/2025\/04\/LOGO-THE-VINTAGE-TRAVELER-FINAL-e1745392697678.png\",\"contentUrl\":\"https:\/\/thevintagetraveler.com\/wp-content\/uploads\/2025\/04\/LOGO-THE-VINTAGE-TRAVELER-FINAL-e1745392697678.png\",\"width\":798,\"height\":318,\"caption\":\"TheVintageTraveler\"},\"image\":{\"@id\":\"https:\/\/thevintagetraveler.com\/en\/#\/schema\/logo\/image\/\"},\"sameAs\":[\"https:\/\/www.facebook.com\/TheVintageTravelerFR\/\",\"https:\/\/www.instagram.com\/the_vintagetraveler\"]}]}<\/script>\n<!-- \/ Yoast SEO plugin. -->","yoast_head_json":{"title":"Malle Louis Vuitton Cabine 1910 Grand Format TheVintageTraveler","description":"Malle Louis Vuitton cabine 1910 en Monogram avec lozine et cuir. Tr\u00e8s bon investissement, grand format rare avec \u00e9tiquettes de voyage d\u2019\u00e9poque.","robots":{"index":"index","follow":"follow","max-snippet":"max-snippet:-1","max-image-preview":"max-image-preview:large","max-video-preview":"max-video-preview:-1"},"canonical":"https:\/\/thevintagetraveler.com\/en\/produit\/malle-louis-vuitton-cabine-1910-grand-format\/","og_locale":"en_US","og_type":"article","og_title":"Malle Louis Vuitton Cabine 1910 Grand Format TheVintageTraveler","og_description":"Malle Louis Vuitton cabine 1910 en Monogram avec lozine et cuir. Tr\u00e8s bon investissement, grand format rare avec \u00e9tiquettes de voyage d\u2019\u00e9poque.","og_url":"https:\/\/thevintagetraveler.com\/en\/produit\/malle-louis-vuitton-cabine-1910-grand-format\/","og_site_name":"TheVintageTraveler","article_publisher":"https:\/\/www.facebook.com\/TheVintageTravelerFR\/","article_modified_time":"2025-09-16T13:02:53+00:00","og_image":[{"width":1500,"height":2000,"url":"https:\/\/thevintagetraveler.com\/wp-content\/uploads\/2025\/06\/20250310_130509.jpg","type":"image\/jpeg"}],"twitter_card":"summary_large_image","twitter_misc":{"Est. reading time":"3 minutes"},"schema":{"@context":"https:\/\/schema.org","@graph":[{"@type":"WebPage","@id":"https:\/\/thevintagetraveler.com\/en\/produit\/malle-louis-vuitton-cabine-1910-grand-format\/","url":"https:\/\/thevintagetraveler.com\/en\/produit\/malle-louis-vuitton-cabine-1910-grand-format\/","name":"Malle Louis Vuitton Cabine 1910 Grand Format TheVintageTraveler","isPartOf":{"@id":"https:\/\/thevintagetraveler.com\/en\/#website"},"primaryImageOfPage":{"@id":"https:\/\/thevintagetraveler.com\/en\/produit\/malle-louis-vuitton-cabine-1910-grand-format\/#primaryimage"},"image":{"@id":"https:\/\/thevintagetraveler.com\/en\/produit\/malle-louis-vuitton-cabine-1910-grand-format\/#primaryimage"},"thumbnailUrl":"https:\/\/thevintagetraveler.com\/wp-content\/uploads\/2025\/06\/20250310_130509.jpg","datePublished":"2024-06-12T15:01:02+00:00","dateModified":"2025-09-16T13:02:53+00:00","description":"Malle Louis Vuitton cabine 1910 en Monogram avec lozine et cuir. Tr\u00e8s bon investissement, grand format rare avec \u00e9tiquettes de voyage d\u2019\u00e9poque.","breadcrumb":{"@id":"https:\/\/thevintagetraveler.com\/en\/produit\/malle-louis-vuitton-cabine-1910-grand-format\/#breadcrumb"},"inLanguage":"en-US","potentialAction":[{"@type":"ReadAction","target":["https:\/\/thevintagetraveler.com\/en\/produit\/malle-louis-vuitton-cabine-1910-grand-format\/"]}]},{"@type":"ImageObject","inLanguage":"en-US","@id":"https:\/\/thevintagetraveler.com\/en\/produit\/malle-louis-vuitton-cabine-1910-grand-format\/#primaryimage","url":"https:\/\/thevintagetraveler.com\/wp-content\/uploads\/2025\/06\/20250310_130509.jpg","contentUrl":"https:\/\/thevintagetraveler.com\/wp-content\/uploads\/2025\/06\/20250310_130509.jpg","width":1500,"height":2000,"caption":"malle Louis Vuitton cabine 1910 grand format"},{"@type":"BreadcrumbList","@id":"https:\/\/thevintagetraveler.com\/en\/produit\/malle-louis-vuitton-cabine-1910-grand-format\/#breadcrumb","itemListElement":[{"@type":"ListItem","position":1,"name":"Accueil","item":"https:\/\/thevintagetraveler.com\/en\/"},{"@type":"ListItem","position":2,"name":"Shop","item":"https:\/\/thevintagetraveler.com\/shop\/"},{"@type":"ListItem","position":3,"name":"Malle Louis Vuitton cabine grand format 1910"}]},{"@type":"WebSite","@id":"https:\/\/thevintagetraveler.com\/en\/#website","url":"https:\/\/thevintagetraveler.com\/en\/","name":"TheVintageTraveler","description":"Luxury experts in Louis Vuitton, Chanel &amp; Herm\u00e8s","publisher":{"@id":"https:\/\/thevintagetraveler.com\/en\/#organization"},"potentialAction":[{"@type":"SearchAction","target":{"@type":"EntryPoint","urlTemplate":"https:\/\/thevintagetraveler.com\/en\/?s={search_term_string}"},"query-input":{"@type":"PropertyValueSpecification","valueRequired":true,"valueName":"search_term_string"}}],"inLanguage":"en-US"},{"@type":"Organization","@id":"https:\/\/thevintagetraveler.com\/en\/#organization","name":"TheVintageTraveler","url":"https:\/\/thevintagetraveler.com\/en\/","logo":{"@type":"ImageObject","inLanguage":"en-US","@id":"https:\/\/thevintagetraveler.com\/en\/#\/schema\/logo\/image\/","url":"https:\/\/thevintagetraveler.com\/wp-content\/uploads\/2025\/04\/LOGO-THE-VINTAGE-TRAVELER-FINAL-e1745392697678.png","contentUrl":"https:\/\/thevintagetraveler.com\/wp-content\/uploads\/2025\/04\/LOGO-THE-VINTAGE-TRAVELER-FINAL-e1745392697678.png","width":798,"height":318,"caption":"TheVintageTraveler"},"image":{"@id":"https:\/\/thevintagetraveler.com\/en\/#\/schema\/logo\/image\/"},"sameAs":["https:\/\/www.facebook.com\/TheVintageTravelerFR\/","https:\/\/www.instagram.com\/the_vintagetraveler"]}]}},"_links":{"self":[{"href":"https:\/\/thevintagetraveler.com\/en\/wp-json\/wp\/v2\/product\/4890","targetHints":{"allow":["GET"]}}],"collection":[{"href":"https:\/\/thevintagetraveler.com\/en\/wp-json\/wp\/v2\/product"}],"about":[{"href":"https:\/\/thevintagetraveler.com\/en\/wp-json\/wp\/v2\/types\/product"}],"wp:featuredmedia":[{"embeddable":true,"href":"https:\/\/thevintagetraveler.com\/en\/wp-json\/wp\/v2\/media\/4901"}],"wp:attachment":[{"href":"https:\/\/thevintagetraveler.com\/en\/wp-json\/wp\/v2\/media?parent=4890"}],"wp:term":[{"taxonomy":"product_brand","embeddable":true,"href":"https:\/\/thevintagetraveler.com\/en\/wp-json\/wp\/v2\/product_brand?post=4890"},{"taxonomy":"product_cat","embeddable":true,"href":"https:\/\/thevintagetraveler.com\/en\/wp-json\/wp\/v2\/product_cat?post=4890"},{"taxonomy":"product_tag","embeddable":true,"href":"https:\/\/thevintagetraveler.com\/en\/wp-json\/wp\/v2\/product_tag?post=4890"}],"curies":[{"name":"wp","href":"https:\/\/api.w.org\/{rel}","templated":true}]}}