{"id":4948,"date":"2025-06-18T10:55:30","date_gmt":"2025-06-18T08:55:30","guid":{"rendered":"https:\/\/thevintagetraveler.com\/?post_type=product&#038;p=4948"},"modified":"2025-06-18T11:07:51","modified_gmt":"2025-06-18T09:07:51","slug":"sac-chanel-reissue-255-caviar-noir-or-2016","status":"publish","type":"product","link":"https:\/\/thevintagetraveler.com\/en\/produit\/sac-chanel-reissue-255-caviar-noir-or-2016\/","title":{"rendered":"Sac Chanel Reissue 2.55 cuir caviar"},"content":{"rendered":"<hr data-start=\"986\" data-end=\"989\" \/>\n<h3 data-start=\"991\" data-end=\"1064\">Sac Chanel Reissue 2.55 \u2013 Cuir Caviar Noir &amp; Finitions Or, Ann\u00e9e 2016<\/h3>\n<p data-start=\"1066\" data-end=\"1497\">Ce <strong data-start=\"1069\" data-end=\"1096\">sac Chanel Reissue 2.55<\/strong> est un hommage fid\u00e8le au tout premier sac imagin\u00e9 par <strong data-start=\"1151\" data-end=\"1187\">Gabrielle Chanel en f\u00e9vrier 1955<\/strong>. R\u00e9\u00e9dit\u00e9 dans sa version la plus classique, il est ici pr\u00e9sent\u00e9 en <strong data-start=\"1255\" data-end=\"1275\">cuir caviar noir<\/strong>, avec <strong data-start=\"1282\" data-end=\"1308\">int\u00e9rieur noir assorti<\/strong>, <strong data-start=\"1310\" data-end=\"1330\">finitions dor\u00e9es<\/strong> et une <strong data-start=\"1338\" data-end=\"1372\">cha\u00eene en m\u00e9tal &#8220;Mademoiselle&#8221;<\/strong> signature du mod\u00e8le Reissue. Un <strong data-start=\"1405\" data-end=\"1418\">must-have<\/strong> du vestiaire <a href=\"https:\/\/thevintagetraveler.com\/les-dates-codes-stamp-chanel-comprendre-lauthenticite-et-lhistoire-des-sacs-emblematiques\/\">Chanel<\/a>, \u00e0 la fois <strong data-start=\"1450\" data-end=\"1496\">historique, discret et hautement d\u00e9sirable<\/strong>.<\/p>\n<hr data-start=\"1499\" data-end=\"1502\" \/>\n<h3 data-start=\"1504\" data-end=\"1555\">Une r\u00e9\u00e9dition fid\u00e8le au mod\u00e8le iconique de 1955<\/h3>\n<p data-start=\"1557\" data-end=\"1642\">Le <strong data-start=\"1560\" data-end=\"1576\">Reissue 2.55<\/strong> se distingue du Timeless par plusieurs d\u00e9tails caract\u00e9ristiques :<\/p>\n<ul data-start=\"1644\" data-end=\"1859\">\n<li data-start=\"1644\" data-end=\"1699\">\n<p data-start=\"1646\" data-end=\"1699\"><strong data-start=\"1646\" data-end=\"1686\">Fermoir rectangulaire &#8220;Mademoiselle&#8221;<\/strong>, sans logo<\/p>\n<\/li>\n<li data-start=\"1700\" data-end=\"1748\">\n<p data-start=\"1702\" data-end=\"1748\"><strong data-start=\"1702\" data-end=\"1723\">Cha\u00eene tout m\u00e9tal<\/strong> sans entrelacs de cuir<\/p>\n<\/li>\n<li data-start=\"1749\" data-end=\"1808\">\n<p data-start=\"1751\" data-end=\"1808\"><strong data-start=\"1751\" data-end=\"1781\">Ligne \u00e9pur\u00e9e et structur\u00e9e<\/strong>, au style vintage assum\u00e9<\/p>\n<\/li>\n<li data-start=\"1809\" data-end=\"1859\">\n<p data-start=\"1811\" data-end=\"1859\"><strong data-start=\"1811\" data-end=\"1859\">Format parfait pour la journ\u00e9e comme le soir<\/strong><\/p>\n<\/li>\n<\/ul>\n<p data-start=\"1861\" data-end=\"2033\">Le choix du <strong data-start=\"1873\" data-end=\"1888\">cuir caviar<\/strong> ajoute une touche de modernit\u00e9 et de r\u00e9sistance, tout en conservant l\u2019\u00e9l\u00e9gance naturelle du noir et la brillance subtile des <strong data-start=\"2014\" data-end=\"2032\">finitions gold<\/strong>.<\/p>\n<hr data-start=\"2035\" data-end=\"2038\" \/>\n<h3 data-start=\"2040\" data-end=\"2071\">Caract\u00e9ristiques du produit<\/h3>\n<ul data-start=\"2073\" data-end=\"2542\">\n<li data-start=\"2073\" data-end=\"2096\">\n<p data-start=\"2075\" data-end=\"2096\"><strong data-start=\"2075\" data-end=\"2087\">Marque :<\/strong> Chanel<\/p>\n<\/li>\n<li data-start=\"2097\" data-end=\"2126\">\n<p data-start=\"2099\" data-end=\"2126\"><strong data-start=\"2099\" data-end=\"2111\">Mod\u00e8le :<\/strong> Reissue 2.55<\/p>\n<\/li>\n<li data-start=\"2127\" data-end=\"2147\">\n<p data-start=\"2129\" data-end=\"2147\"><strong data-start=\"2129\" data-end=\"2140\">Ann\u00e9e :<\/strong> 2016<\/p>\n<\/li>\n<li data-start=\"2148\" data-end=\"2189\">\n<p data-start=\"2150\" data-end=\"2189\"><strong data-start=\"2150\" data-end=\"2163\">Mati\u00e8re :<\/strong> Cuir caviar noir grain\u00e9<\/p>\n<\/li>\n<li data-start=\"2190\" data-end=\"2214\">\n<p data-start=\"2192\" data-end=\"2214\"><strong data-start=\"2192\" data-end=\"2207\">Int\u00e9rieur :<\/strong> Noir<\/p>\n<\/li>\n<li data-start=\"2215\" data-end=\"2261\">\n<p data-start=\"2217\" data-end=\"2261\"><strong data-start=\"2217\" data-end=\"2230\">Fermoir :<\/strong> Mademoiselle (rectangulaire)<\/p>\n<\/li>\n<li data-start=\"2262\" data-end=\"2331\">\n<p data-start=\"2264\" data-end=\"2331\"><strong data-start=\"2264\" data-end=\"2281\">Bandouli\u00e8re :<\/strong> Cha\u00eene tout m\u00e9tal dor\u00e9 (double ou simple port\u00e9)<\/p>\n<\/li>\n<li data-start=\"2332\" data-end=\"2368\">\n<p data-start=\"2334\" data-end=\"2368\"><strong data-start=\"2334\" data-end=\"2349\">Finitions :<\/strong> M\u00e9tallerie dor\u00e9e<\/p>\n<\/li>\n<li data-start=\"2369\" data-end=\"2450\">\n<p data-start=\"2371\" data-end=\"2450\"><strong data-start=\"2371\" data-end=\"2381\">\u00c9tat :<\/strong> Tr\u00e8s bon \u00e9tat \u2013 cuir impeccable, int\u00e9rieur propre, structure ferme<\/p>\n<\/li>\n<li data-start=\"2451\" data-end=\"2542\">\n<p data-start=\"2453\" data-end=\"2542\"><strong data-start=\"2453\" data-end=\"2475\">Authentification :<\/strong> Certifi\u00e9 \u2013 livr\u00e9 avec certificat d\u2019authenticit\u00e9 TheVintageTraveler<\/p>\n<\/li>\n<\/ul>\n<hr data-start=\"2544\" data-end=\"2547\" \/>\n<h3 data-start=\"2549\" data-end=\"2600\">Un sac de collection, pour toutes les occasions<\/h3>\n<p data-start=\"2602\" data-end=\"2640\">Ce sac Reissue 2.55 est parfait pour :<\/p>\n<ul data-start=\"2642\" data-end=\"2922\">\n<li data-start=\"2642\" data-end=\"2710\">\n<p data-start=\"2644\" data-end=\"2710\">Un <strong data-start=\"2647\" data-end=\"2674\">usage quotidien \u00e9l\u00e9gant<\/strong>, avec une tenue sobre ou habill\u00e9e<\/p>\n<\/li>\n<li data-start=\"2711\" data-end=\"2777\">\n<p data-start=\"2713\" data-end=\"2777\">Un <strong data-start=\"2716\" data-end=\"2755\">investissement dans une valeur s\u00fbre<\/strong> de la maison Chanel<\/p>\n<\/li>\n<li data-start=\"2778\" data-end=\"2857\">\n<p data-start=\"2780\" data-end=\"2857\"><strong data-start=\"2780\" data-end=\"2814\">Une collection Chanel compl\u00e8te<\/strong>, dans une version discr\u00e8te et historique<\/p>\n<\/li>\n<li data-start=\"2858\" data-end=\"2922\">\n<p data-start=\"2860\" data-end=\"2922\"><strong data-start=\"2860\" data-end=\"2904\">Offrir un classique de la mode fran\u00e7aise<\/strong>, dat\u00e9 et certifi\u00e9<\/p>\n<\/li>\n<\/ul>\n<hr data-start=\"2924\" data-end=\"2927\" \/>\n<h3 data-start=\"2929\" data-end=\"3000\">Pourquoi investir dans un Chanel Reissue 2.55 en cuir caviar noir ?<\/h3>\n<ul data-start=\"3002\" data-end=\"3299\">\n<li data-start=\"3002\" data-end=\"3054\">\n<p data-start=\"3004\" data-end=\"3054\"><strong data-start=\"3004\" data-end=\"3027\">Mod\u00e8le embl\u00e9matique<\/strong> de l\u2019histoire de la mode<\/p>\n<\/li>\n<li data-start=\"3055\" data-end=\"3106\">\n<p data-start=\"3057\" data-end=\"3106\"><strong data-start=\"3057\" data-end=\"3082\">Cuir caviar r\u00e9sistant<\/strong>, \u00e0 l\u2019\u00e9preuve du temps<\/p>\n<\/li>\n<li data-start=\"3107\" data-end=\"3174\">\n<p data-start=\"3109\" data-end=\"3174\"><strong data-start=\"3109\" data-end=\"3143\">Finitions or et int\u00e9rieur noir<\/strong>, combinaison tr\u00e8s recherch\u00e9e<\/p>\n<\/li>\n<li data-start=\"3175\" data-end=\"3229\">\n<p data-start=\"3177\" data-end=\"3229\"><strong data-start=\"3177\" data-end=\"3191\">Ann\u00e9e 2016<\/strong>, encore r\u00e9cent et en excellent \u00e9tat<\/p>\n<\/li>\n<li data-start=\"3230\" data-end=\"3299\">\n<p data-start=\"3232\" data-end=\"3299\"><strong data-start=\"3232\" data-end=\"3262\">Valeur patrimoniale \u00e9lev\u00e9e<\/strong>, avec potentiel de revente croissant<\/p>\n<\/li>\n<\/ul>\n<hr data-start=\"3301\" data-end=\"3304\" \/>\n<h3 data-start=\"3306\" data-end=\"3352\">Pourquoi acheter chez TheVintageTraveler ?<\/h3>\n<p data-start=\"3354\" data-end=\"3406\">Chez <strong data-start=\"3359\" data-end=\"3381\">TheVintageTraveler<\/strong>, chaque sac Chanel est :<\/p>\n<ul data-start=\"3408\" data-end=\"3721\">\n<li data-start=\"3408\" data-end=\"3482\">\n<p data-start=\"3410\" data-end=\"3482\"><strong data-start=\"3410\" data-end=\"3438\">Expertis\u00e9 avec pr\u00e9cision<\/strong>, num\u00e9ro de s\u00e9rie et authenticit\u00e9 v\u00e9rifi\u00e9s<\/p>\n<\/li>\n<li data-start=\"3483\" data-end=\"3530\">\n<p data-start=\"3485\" data-end=\"3530\">Livr\u00e9 avec un <strong data-start=\"3499\" data-end=\"3528\">certificat d\u2019authenticit\u00e9<\/strong><\/p>\n<\/li>\n<li data-start=\"3531\" data-end=\"3608\">\n<p data-start=\"3533\" data-end=\"3608\">Propos\u00e9 avec <strong data-start=\"3546\" data-end=\"3606\">description transparente et \u00e9tat rigoureusement contr\u00f4l\u00e9<\/strong><\/p>\n<\/li>\n<li data-start=\"3609\" data-end=\"3721\">\n<p data-start=\"3611\" data-end=\"3721\">Disponible en <strong data-start=\"3625\" data-end=\"3676\">retrait showroom (March\u00e9 Serpette \u2013 Saint-Ouen)<\/strong> ou en <strong data-start=\"3683\" data-end=\"3721\">livraison s\u00e9curis\u00e9e internationale<\/strong><\/p>\n<\/li>\n<\/ul>\n<hr data-start=\"3723\" data-end=\"3726\" \/>\n<h3 data-start=\"3728\" data-end=\"3742\">Conclusion<\/h3>\n<p data-start=\"3744\" data-end=\"4082\">Ce <strong data-start=\"3747\" data-end=\"3774\">sac Chanel Reissue 2.55<\/strong> en <strong data-start=\"3778\" data-end=\"3798\">cuir caviar noir<\/strong>, avec <strong data-start=\"3805\" data-end=\"3821\">finitions or<\/strong>, <strong data-start=\"3823\" data-end=\"3841\">int\u00e9rieur noir<\/strong> et dat\u00e9 de <strong data-start=\"3853\" data-end=\"3861\">2016<\/strong>, est une <strong data-start=\"3871\" data-end=\"3910\">pi\u00e8ce intemporelle du luxe fran\u00e7ais<\/strong>. Parfaitement \u00e9quilibr\u00e9 entre <strong data-start=\"3941\" data-end=\"3981\">histoire, \u00e9l\u00e9gance et fonctionnalit\u00e9<\/strong>, il s\u00e9duit aussi bien les <strong data-start=\"4008\" data-end=\"4041\">amatrices de Chanel classique<\/strong> que les <strong data-start=\"4050\" data-end=\"4081\">collectionneuses exigeantes<\/strong>.<\/p>\n<p>Suivez &#8211; nous sur <a href=\"https:\/\/www.facebook.com\/TheVintageTravelerFR\">Facebook<\/a> et <a href=\"https:\/\/www.instagram.com\/the_vintagetraveler\/?igsh=aXdsbDJkdnpwZjcx#\">Instagram<\/a><\/p>\n","protected":false},"excerpt":{"rendered":"<p data-start=\"751\" data-end=\"928\">Sac Chanel Reissue 2.55 en cuir caviar noir, int\u00e9rieur assorti, finitions or. Tr\u00e8s bon \u00e9tat, dat\u00e9 de 2016. \u00c9l\u00e9gant, intemporel, certifi\u00e9.<\/p>\n","protected":false},"featured_media":4954,"template":"","meta":[],"product_brand":[],"product_cat":[285,274,295,279],"product_tag":[287,296,297],"class_list":{"0":"post-4948","1":"product","2":"type-product","3":"status-publish","4":"has-post-thumbnail","6":"product_cat-chanel","7":"product_cat-news","8":"product_cat-handbag-2","9":"product_cat-bags","10":"product_tag-chanel","11":"product_tag-chanelclassique","12":"product_tag-chanelmedium","14":"first","15":"instock","16":"sold-individually","17":"shipping-taxable","18":"purchasable","19":"product-type-simple"},"yoast_head":"<!-- This site is optimized with the Yoast SEO plugin v27.1.1 - https:\/\/yoast.com\/product\/yoast-seo-wordpress\/ -->\n<title>Sac Chanel Reissue 2.55 cuir Caviar Noir Or | TheVintageTraveler<\/title>\n<meta name=\"description\" content=\"Sac Chanel Reissue 2.55 en cuir caviar noir, int\u00e9rieur noir, finitions dor\u00e9es. Tr\u00e8s bon \u00e9tat. Mod\u00e8le iconique dat\u00e9 de 2016, certifi\u00e9 authentique.\" \/>\n<meta name=\"robots\" content=\"index, follow, max-snippet:-1, max-image-preview:large, max-video-preview:-1\" \/>\n<link rel=\"canonical\" href=\"https:\/\/thevintagetraveler.com\/en\/produit\/sac-chanel-reissue-255-caviar-noir-or-2016\/\" \/>\n<meta property=\"og:locale\" content=\"en_US\" \/>\n<meta property=\"og:type\" content=\"article\" \/>\n<meta property=\"og:title\" content=\"Sac Chanel Reissue 2.55 cuir Caviar Noir Or | TheVintageTraveler\" \/>\n<meta property=\"og:description\" content=\"Sac Chanel Reissue 2.55 en cuir caviar noir, int\u00e9rieur noir, finitions dor\u00e9es. Tr\u00e8s bon \u00e9tat. Mod\u00e8le iconique dat\u00e9 de 2016, certifi\u00e9 authentique.\" \/>\n<meta property=\"og:url\" content=\"https:\/\/thevintagetraveler.com\/en\/produit\/sac-chanel-reissue-255-caviar-noir-or-2016\/\" \/>\n<meta property=\"og:site_name\" content=\"TheVintageTraveler\" \/>\n<meta property=\"article:publisher\" content=\"https:\/\/www.facebook.com\/TheVintageTravelerFR\/\" \/>\n<meta property=\"article:modified_time\" content=\"2025-06-18T09:07:51+00:00\" \/>\n<meta property=\"og:image\" content=\"https:\/\/thevintagetraveler.com\/wp-content\/uploads\/2025\/06\/20250613_165302.jpg\" \/>\n\t<meta property=\"og:image:width\" content=\"1920\" \/>\n\t<meta property=\"og:image:height\" content=\"2560\" \/>\n\t<meta property=\"og:image:type\" content=\"image\/jpeg\" \/>\n<meta name=\"twitter:card\" content=\"summary_large_image\" \/>\n<meta name=\"twitter:label1\" content=\"Est. reading time\" \/>\n\t<meta name=\"twitter:data1\" content=\"3 minutes\" \/>\n<script type=\"application\/ld+json\" class=\"yoast-schema-graph\">{\"@context\":\"https:\/\/schema.org\",\"@graph\":[{\"@type\":\"WebPage\",\"@id\":\"https:\/\/thevintagetraveler.com\/en\/produit\/sac-chanel-reissue-255-caviar-noir-or-2016\/\",\"url\":\"https:\/\/thevintagetraveler.com\/en\/produit\/sac-chanel-reissue-255-caviar-noir-or-2016\/\",\"name\":\"Sac Chanel Reissue 2.55 cuir Caviar Noir Or | TheVintageTraveler\",\"isPartOf\":{\"@id\":\"https:\/\/thevintagetraveler.com\/en\/#website\"},\"primaryImageOfPage\":{\"@id\":\"https:\/\/thevintagetraveler.com\/en\/produit\/sac-chanel-reissue-255-caviar-noir-or-2016\/#primaryimage\"},\"image\":{\"@id\":\"https:\/\/thevintagetraveler.com\/en\/produit\/sac-chanel-reissue-255-caviar-noir-or-2016\/#primaryimage\"},\"thumbnailUrl\":\"https:\/\/thevintagetraveler.com\/wp-content\/uploads\/2025\/06\/20250613_165302.jpg\",\"datePublished\":\"2025-06-18T08:55:30+00:00\",\"dateModified\":\"2025-06-18T09:07:51+00:00\",\"description\":\"Sac Chanel Reissue 2.55 en cuir caviar noir, int\u00e9rieur noir, finitions dor\u00e9es. Tr\u00e8s bon \u00e9tat. Mod\u00e8le iconique dat\u00e9 de 2016, certifi\u00e9 authentique.\",\"breadcrumb\":{\"@id\":\"https:\/\/thevintagetraveler.com\/en\/produit\/sac-chanel-reissue-255-caviar-noir-or-2016\/#breadcrumb\"},\"inLanguage\":\"en-US\",\"potentialAction\":[{\"@type\":\"ReadAction\",\"target\":[\"https:\/\/thevintagetraveler.com\/en\/produit\/sac-chanel-reissue-255-caviar-noir-or-2016\/\"]}]},{\"@type\":\"ImageObject\",\"inLanguage\":\"en-US\",\"@id\":\"https:\/\/thevintagetraveler.com\/en\/produit\/sac-chanel-reissue-255-caviar-noir-or-2016\/#primaryimage\",\"url\":\"https:\/\/thevintagetraveler.com\/wp-content\/uploads\/2025\/06\/20250613_165302.jpg\",\"contentUrl\":\"https:\/\/thevintagetraveler.com\/wp-content\/uploads\/2025\/06\/20250613_165302.jpg\",\"width\":1920,\"height\":2560,\"caption\":\"sac Chanel Reissue 2.55 cuir caviar noir or 2016\"},{\"@type\":\"BreadcrumbList\",\"@id\":\"https:\/\/thevintagetraveler.com\/en\/produit\/sac-chanel-reissue-255-caviar-noir-or-2016\/#breadcrumb\",\"itemListElement\":[{\"@type\":\"ListItem\",\"position\":1,\"name\":\"Accueil\",\"item\":\"https:\/\/thevintagetraveler.com\/en\/\"},{\"@type\":\"ListItem\",\"position\":2,\"name\":\"Shop\",\"item\":\"https:\/\/thevintagetraveler.com\/shop\/\"},{\"@type\":\"ListItem\",\"position\":3,\"name\":\"Sac Chanel Reissue 2.55 cuir caviar\"}]},{\"@type\":\"WebSite\",\"@id\":\"https:\/\/thevintagetraveler.com\/en\/#website\",\"url\":\"https:\/\/thevintagetraveler.com\/en\/\",\"name\":\"TheVintageTraveler\",\"description\":\"Luxury experts in Louis Vuitton, Chanel &amp; Herm\u00e8s\",\"publisher\":{\"@id\":\"https:\/\/thevintagetraveler.com\/en\/#organization\"},\"potentialAction\":[{\"@type\":\"SearchAction\",\"target\":{\"@type\":\"EntryPoint\",\"urlTemplate\":\"https:\/\/thevintagetraveler.com\/en\/?s={search_term_string}\"},\"query-input\":{\"@type\":\"PropertyValueSpecification\",\"valueRequired\":true,\"valueName\":\"search_term_string\"}}],\"inLanguage\":\"en-US\"},{\"@type\":\"Organization\",\"@id\":\"https:\/\/thevintagetraveler.com\/en\/#organization\",\"name\":\"TheVintageTraveler\",\"url\":\"https:\/\/thevintagetraveler.com\/en\/\",\"logo\":{\"@type\":\"ImageObject\",\"inLanguage\":\"en-US\",\"@id\":\"https:\/\/thevintagetraveler.com\/en\/#\/schema\/logo\/image\/\",\"url\":\"https:\/\/thevintagetraveler.com\/wp-content\/uploads\/2025\/04\/LOGO-THE-VINTAGE-TRAVELER-FINAL-e1745392697678.png\",\"contentUrl\":\"https:\/\/thevintagetraveler.com\/wp-content\/uploads\/2025\/04\/LOGO-THE-VINTAGE-TRAVELER-FINAL-e1745392697678.png\",\"width\":798,\"height\":318,\"caption\":\"TheVintageTraveler\"},\"image\":{\"@id\":\"https:\/\/thevintagetraveler.com\/en\/#\/schema\/logo\/image\/\"},\"sameAs\":[\"https:\/\/www.facebook.com\/TheVintageTravelerFR\/\",\"https:\/\/www.instagram.com\/the_vintagetraveler\"]}]}<\/script>\n<!-- \/ Yoast SEO plugin. -->","yoast_head_json":{"title":"Sac Chanel Reissue 2.55 cuir Caviar Noir Or | TheVintageTraveler","description":"Sac Chanel Reissue 2.55 en cuir caviar noir, int\u00e9rieur noir, finitions dor\u00e9es. Tr\u00e8s bon \u00e9tat. Mod\u00e8le iconique dat\u00e9 de 2016, certifi\u00e9 authentique.","robots":{"index":"index","follow":"follow","max-snippet":"max-snippet:-1","max-image-preview":"max-image-preview:large","max-video-preview":"max-video-preview:-1"},"canonical":"https:\/\/thevintagetraveler.com\/en\/produit\/sac-chanel-reissue-255-caviar-noir-or-2016\/","og_locale":"en_US","og_type":"article","og_title":"Sac Chanel Reissue 2.55 cuir Caviar Noir Or | TheVintageTraveler","og_description":"Sac Chanel Reissue 2.55 en cuir caviar noir, int\u00e9rieur noir, finitions dor\u00e9es. Tr\u00e8s bon \u00e9tat. Mod\u00e8le iconique dat\u00e9 de 2016, certifi\u00e9 authentique.","og_url":"https:\/\/thevintagetraveler.com\/en\/produit\/sac-chanel-reissue-255-caviar-noir-or-2016\/","og_site_name":"TheVintageTraveler","article_publisher":"https:\/\/www.facebook.com\/TheVintageTravelerFR\/","article_modified_time":"2025-06-18T09:07:51+00:00","og_image":[{"width":1920,"height":2560,"url":"https:\/\/thevintagetraveler.com\/wp-content\/uploads\/2025\/06\/20250613_165302.jpg","type":"image\/jpeg"}],"twitter_card":"summary_large_image","twitter_misc":{"Est. reading time":"3 minutes"},"schema":{"@context":"https:\/\/schema.org","@graph":[{"@type":"WebPage","@id":"https:\/\/thevintagetraveler.com\/en\/produit\/sac-chanel-reissue-255-caviar-noir-or-2016\/","url":"https:\/\/thevintagetraveler.com\/en\/produit\/sac-chanel-reissue-255-caviar-noir-or-2016\/","name":"Sac Chanel Reissue 2.55 cuir Caviar Noir Or | TheVintageTraveler","isPartOf":{"@id":"https:\/\/thevintagetraveler.com\/en\/#website"},"primaryImageOfPage":{"@id":"https:\/\/thevintagetraveler.com\/en\/produit\/sac-chanel-reissue-255-caviar-noir-or-2016\/#primaryimage"},"image":{"@id":"https:\/\/thevintagetraveler.com\/en\/produit\/sac-chanel-reissue-255-caviar-noir-or-2016\/#primaryimage"},"thumbnailUrl":"https:\/\/thevintagetraveler.com\/wp-content\/uploads\/2025\/06\/20250613_165302.jpg","datePublished":"2025-06-18T08:55:30+00:00","dateModified":"2025-06-18T09:07:51+00:00","description":"Sac Chanel Reissue 2.55 en cuir caviar noir, int\u00e9rieur noir, finitions dor\u00e9es. Tr\u00e8s bon \u00e9tat. Mod\u00e8le iconique dat\u00e9 de 2016, certifi\u00e9 authentique.","breadcrumb":{"@id":"https:\/\/thevintagetraveler.com\/en\/produit\/sac-chanel-reissue-255-caviar-noir-or-2016\/#breadcrumb"},"inLanguage":"en-US","potentialAction":[{"@type":"ReadAction","target":["https:\/\/thevintagetraveler.com\/en\/produit\/sac-chanel-reissue-255-caviar-noir-or-2016\/"]}]},{"@type":"ImageObject","inLanguage":"en-US","@id":"https:\/\/thevintagetraveler.com\/en\/produit\/sac-chanel-reissue-255-caviar-noir-or-2016\/#primaryimage","url":"https:\/\/thevintagetraveler.com\/wp-content\/uploads\/2025\/06\/20250613_165302.jpg","contentUrl":"https:\/\/thevintagetraveler.com\/wp-content\/uploads\/2025\/06\/20250613_165302.jpg","width":1920,"height":2560,"caption":"sac Chanel Reissue 2.55 cuir caviar noir or 2016"},{"@type":"BreadcrumbList","@id":"https:\/\/thevintagetraveler.com\/en\/produit\/sac-chanel-reissue-255-caviar-noir-or-2016\/#breadcrumb","itemListElement":[{"@type":"ListItem","position":1,"name":"Accueil","item":"https:\/\/thevintagetraveler.com\/en\/"},{"@type":"ListItem","position":2,"name":"Shop","item":"https:\/\/thevintagetraveler.com\/shop\/"},{"@type":"ListItem","position":3,"name":"Sac Chanel Reissue 2.55 cuir caviar"}]},{"@type":"WebSite","@id":"https:\/\/thevintagetraveler.com\/en\/#website","url":"https:\/\/thevintagetraveler.com\/en\/","name":"TheVintageTraveler","description":"Luxury experts in Louis Vuitton, Chanel &amp; Herm\u00e8s","publisher":{"@id":"https:\/\/thevintagetraveler.com\/en\/#organization"},"potentialAction":[{"@type":"SearchAction","target":{"@type":"EntryPoint","urlTemplate":"https:\/\/thevintagetraveler.com\/en\/?s={search_term_string}"},"query-input":{"@type":"PropertyValueSpecification","valueRequired":true,"valueName":"search_term_string"}}],"inLanguage":"en-US"},{"@type":"Organization","@id":"https:\/\/thevintagetraveler.com\/en\/#organization","name":"TheVintageTraveler","url":"https:\/\/thevintagetraveler.com\/en\/","logo":{"@type":"ImageObject","inLanguage":"en-US","@id":"https:\/\/thevintagetraveler.com\/en\/#\/schema\/logo\/image\/","url":"https:\/\/thevintagetraveler.com\/wp-content\/uploads\/2025\/04\/LOGO-THE-VINTAGE-TRAVELER-FINAL-e1745392697678.png","contentUrl":"https:\/\/thevintagetraveler.com\/wp-content\/uploads\/2025\/04\/LOGO-THE-VINTAGE-TRAVELER-FINAL-e1745392697678.png","width":798,"height":318,"caption":"TheVintageTraveler"},"image":{"@id":"https:\/\/thevintagetraveler.com\/en\/#\/schema\/logo\/image\/"},"sameAs":["https:\/\/www.facebook.com\/TheVintageTravelerFR\/","https:\/\/www.instagram.com\/the_vintagetraveler"]}]}},"_links":{"self":[{"href":"https:\/\/thevintagetraveler.com\/en\/wp-json\/wp\/v2\/product\/4948","targetHints":{"allow":["GET"]}}],"collection":[{"href":"https:\/\/thevintagetraveler.com\/en\/wp-json\/wp\/v2\/product"}],"about":[{"href":"https:\/\/thevintagetraveler.com\/en\/wp-json\/wp\/v2\/types\/product"}],"wp:featuredmedia":[{"embeddable":true,"href":"https:\/\/thevintagetraveler.com\/en\/wp-json\/wp\/v2\/media\/4954"}],"wp:attachment":[{"href":"https:\/\/thevintagetraveler.com\/en\/wp-json\/wp\/v2\/media?parent=4948"}],"wp:term":[{"taxonomy":"product_brand","embeddable":true,"href":"https:\/\/thevintagetraveler.com\/en\/wp-json\/wp\/v2\/product_brand?post=4948"},{"taxonomy":"product_cat","embeddable":true,"href":"https:\/\/thevintagetraveler.com\/en\/wp-json\/wp\/v2\/product_cat?post=4948"},{"taxonomy":"product_tag","embeddable":true,"href":"https:\/\/thevintagetraveler.com\/en\/wp-json\/wp\/v2\/product_tag?post=4948"}],"curies":[{"name":"wp","href":"https:\/\/api.w.org\/{rel}","templated":true}]}}