{"id":4973,"date":"2024-06-18T11:35:35","date_gmt":"2024-06-18T09:35:35","guid":{"rendered":"https:\/\/thevintagetraveler.com\/?post_type=product&#038;p=4973"},"modified":"2025-12-05T15:01:20","modified_gmt":"2025-12-05T14:01:20","slug":"boite-a-tout-louis-vuitton-vintage-decoration","status":"publish","type":"product","link":"https:\/\/thevintagetraveler.com\/en\/produit\/boite-a-tout-louis-vuitton-vintage-decoration\/","title":{"rendered":"Boite \u00e0 tout Louis Vuitton"},"content":{"rendered":"<h3 data-start=\"981\" data-end=\"1056\">Bo\u00eete \u00e0 Tout Louis Vuitton \u2013 Int\u00e9rieur Marron, Pi\u00e8ce D\u00e9corative Vintage<\/h3>\n<p data-start=\"1058\" data-end=\"1414\">Cette <strong data-start=\"1064\" data-end=\"1094\">bo\u00eete \u00e0 tout Louis Vuitton<\/strong> est un objet de <strong data-start=\"1111\" data-end=\"1142\">petite maroquinerie vintage<\/strong>, \u00e0 la fois <strong data-start=\"1154\" data-end=\"1182\">fonctionnel et d\u00e9coratif<\/strong>. Son <strong data-start=\"1188\" data-end=\"1206\">format compact<\/strong>, son <strong data-start=\"1212\" data-end=\"1240\">int\u00e9rieur marron raffin\u00e9<\/strong> et sa <strong data-start=\"1247\" data-end=\"1287\">signature Louis Vuitton embl\u00e9matique<\/strong> en font un accessoire parfait pour le <strong data-start=\"1326\" data-end=\"1364\">rangement \u00e9l\u00e9gant de petits objets<\/strong> ou comme <strong data-start=\"1374\" data-end=\"1413\">\u00e9l\u00e9ment de d\u00e9coration haut de gamme<\/strong>.<\/p>\n<hr data-start=\"1416\" data-end=\"1419\" \/>\n<h3 data-start=\"1421\" data-end=\"1458\">Un accessoire aussi chic qu\u2019utile<\/h3>\n<p data-start=\"1460\" data-end=\"1493\">La bo\u00eete \u00e0 tout est id\u00e9ale pour :<\/p>\n<ul data-start=\"1495\" data-end=\"1796\">\n<li data-start=\"1495\" data-end=\"1579\">\n<p data-start=\"1497\" data-end=\"1579\"><strong data-start=\"1497\" data-end=\"1523\">Ranger des accessoires<\/strong>, bijoux, boutons de manchette, cl\u00e9s ou petites pi\u00e8ces<\/p>\n<\/li>\n<li data-start=\"1580\" data-end=\"1665\">\n<p data-start=\"1582\" data-end=\"1665\"><strong data-start=\"1582\" data-end=\"1621\">Apporter une touche de luxe discret<\/strong> \u00e0 un bureau, une coiffeuse ou une \u00e9tag\u00e8re<\/p>\n<\/li>\n<li data-start=\"1666\" data-end=\"1744\">\n<p data-start=\"1668\" data-end=\"1744\">\u00catre <strong data-start=\"1673\" data-end=\"1695\">expos\u00e9e en vitrine<\/strong> ou en compl\u00e9ment d&#8217;une malle ou valise vintage<\/p>\n<\/li>\n<li data-start=\"1745\" data-end=\"1796\">\n<p data-start=\"1747\" data-end=\"1796\"><strong data-start=\"1747\" data-end=\"1776\">Offrir un cadeau original<\/strong> sign\u00e9 <a href=\"https:\/\/thevintagetraveler.com\/prix-malle-louis-vuitton\/\">Louis Vuitton<\/a><\/p>\n<\/li>\n<\/ul>\n<hr data-start=\"1798\" data-end=\"1801\" \/>\n<h3 data-start=\"1803\" data-end=\"1834\">Caract\u00e9ristiques du produit<\/h3>\n<ul data-start=\"1836\" data-end=\"2307\">\n<li data-start=\"1836\" data-end=\"1866\">\n<p data-start=\"1838\" data-end=\"1866\"><strong data-start=\"1838\" data-end=\"1850\">Marque :<\/strong> Louis Vuitton<\/p>\n<\/li>\n<li data-start=\"1867\" data-end=\"1896\">\n<p data-start=\"1869\" data-end=\"1896\"><strong data-start=\"1869\" data-end=\"1881\">Mod\u00e8le :<\/strong> Bo\u00eete \u00e0 tout<\/p>\n<\/li>\n<li data-start=\"1897\" data-end=\"1975\">\n<p data-start=\"1899\" data-end=\"1975\"><strong data-start=\"1899\" data-end=\"1923\">Mati\u00e8re ext\u00e9rieure :<\/strong> Toile Monogram ou simili-cuir rigide (\u00e0 pr\u00e9ciser)<\/p>\n<\/li>\n<li data-start=\"1976\" data-end=\"2017\">\n<p data-start=\"1978\" data-end=\"2017\"><strong data-start=\"1978\" data-end=\"1993\">Int\u00e9rieur :<\/strong> Doublure marron lisse<\/p>\n<\/li>\n<li data-start=\"2018\" data-end=\"2085\">\n<p data-start=\"2020\" data-end=\"2085\"><strong data-start=\"2020\" data-end=\"2035\">Fermeture :<\/strong> Couvercle ou clapet simple (selon mod\u00e8le exact)<\/p>\n<\/li>\n<li data-start=\"2086\" data-end=\"2149\">\n<p data-start=\"2088\" data-end=\"2149\"><strong data-start=\"2088\" data-end=\"2100\">Format :<\/strong> Petit mod\u00e8le d\u00e9coratif (dimensions \u00e0 pr\u00e9ciser)<\/p>\n<\/li>\n<li data-start=\"2150\" data-end=\"2215\">\n<p data-start=\"2152\" data-end=\"2215\"><strong data-start=\"2152\" data-end=\"2162\">\u00c9tat :<\/strong> Tr\u00e8s bon \u2013 int\u00e9rieur propre, ext\u00e9rieur en bel \u00e9tat<\/p>\n<\/li>\n<li data-start=\"2216\" data-end=\"2307\">\n<p data-start=\"2218\" data-end=\"2307\"><strong data-start=\"2218\" data-end=\"2240\">Authentification :<\/strong> Certifi\u00e9 \u2013 livr\u00e9 avec certificat d\u2019authenticit\u00e9 TheVintageTraveler<\/p>\n<\/li>\n<\/ul>\n<hr data-start=\"2309\" data-end=\"2312\" \/>\n<h3 data-start=\"2314\" data-end=\"2351\">Une pi\u00e8ce d\u00e9corative de caract\u00e8re<\/h3>\n<p data-start=\"2353\" data-end=\"2393\">Malgr\u00e9 sa taille compacte, cette bo\u00eete :<\/p>\n<ul data-start=\"2395\" data-end=\"2616\">\n<li data-start=\"2395\" data-end=\"2460\">\n<p data-start=\"2397\" data-end=\"2460\">Est <strong data-start=\"2401\" data-end=\"2429\">hautement reconnaissable<\/strong> avec ses codes Louis Vuitton<\/p>\n<\/li>\n<li data-start=\"2461\" data-end=\"2528\">\n<p data-start=\"2463\" data-end=\"2528\">Peut \u00eatre <strong data-start=\"2473\" data-end=\"2526\">combin\u00e9e \u00e0 d&#8217;autres accessoires ou malles vintage<\/strong><\/p>\n<\/li>\n<li data-start=\"2529\" data-end=\"2616\">\n<p data-start=\"2531\" data-end=\"2616\">S\u2019int\u00e8gre parfaitement \u00e0 une <strong data-start=\"2560\" data-end=\"2616\">biblioth\u00e8que, un bureau ou une vitrine de collection<\/strong><\/p>\n<\/li>\n<\/ul>\n<hr data-start=\"2618\" data-end=\"2621\" \/>\n<h3 data-start=\"2623\" data-end=\"2682\">Pourquoi investir dans une bo\u00eete \u00e0 tout Louis Vuitton ?<\/h3>\n<ul data-start=\"2684\" data-end=\"3025\">\n<li data-start=\"2684\" data-end=\"2738\">\n<p data-start=\"2686\" data-end=\"2738\"><strong data-start=\"2686\" data-end=\"2715\">Objet authentique et rare<\/strong>, surtout en bon \u00e9tat<\/p>\n<\/li>\n<li data-start=\"2739\" data-end=\"2805\">\n<p data-start=\"2741\" data-end=\"2805\"><strong data-start=\"2741\" data-end=\"2770\">Pi\u00e8ce d\u00e9corative discr\u00e8te<\/strong>, mais imm\u00e9diatement identifiable<\/p>\n<\/li>\n<li data-start=\"2806\" data-end=\"2857\">\n<p data-start=\"2808\" data-end=\"2857\"><strong data-start=\"2808\" data-end=\"2855\">Format id\u00e9al pour cadeau ou usage personnel<\/strong><\/p>\n<\/li>\n<li data-start=\"2858\" data-end=\"2960\">\n<p data-start=\"2860\" data-end=\"2960\"><strong data-start=\"2860\" data-end=\"2885\">\u00c9l\u00e9ment de collection<\/strong>, parfait pour amateur de vintage ou passionn\u00e9 de la maison Louis Vuitton<\/p>\n<\/li>\n<li data-start=\"2961\" data-end=\"3025\">\n<p data-start=\"2963\" data-end=\"3025\"><strong data-start=\"2963\" data-end=\"2980\">Valeur stable<\/strong>, notamment en bon \u00e9tat avec int\u00e9rieur propre<\/p>\n<\/li>\n<\/ul>\n<hr data-start=\"3027\" data-end=\"3030\" \/>\n<h3 data-start=\"3032\" data-end=\"3078\">Pourquoi acheter chez TheVintageTraveler ?<\/h3>\n<p data-start=\"3080\" data-end=\"3129\">Chez <strong data-start=\"3085\" data-end=\"3107\">TheVintageTraveler<\/strong>, chaque article est :<\/p>\n<ul data-start=\"3131\" data-end=\"3421\">\n<li data-start=\"3131\" data-end=\"3195\">\n<p data-start=\"3133\" data-end=\"3195\"><strong data-start=\"3133\" data-end=\"3156\">Expertis\u00e9 avec soin<\/strong> par un professionnel du luxe vintage<\/p>\n<\/li>\n<li data-start=\"3196\" data-end=\"3262\">\n<p data-start=\"3198\" data-end=\"3262\"><strong data-start=\"3198\" data-end=\"3225\">Photographi\u00e9 fid\u00e8lement<\/strong>, avec transparence sur l\u2019\u00e9tat r\u00e9el<\/p>\n<\/li>\n<li data-start=\"3263\" data-end=\"3323\">\n<p data-start=\"3265\" data-end=\"3323\">Livr\u00e9 avec un <strong data-start=\"3279\" data-end=\"3321\">certificat d\u2019authenticit\u00e9 personnalis\u00e9<\/strong><\/p>\n<\/li>\n<li data-start=\"3324\" data-end=\"3421\">\n<p data-start=\"3326\" data-end=\"3421\">Disponible en <strong data-start=\"3340\" data-end=\"3391\">retrait showroom (March\u00e9 Serpette \u2013 Saint-Ouen)<\/strong> ou en <strong data-start=\"3398\" data-end=\"3421\">livraison s\u00e9curis\u00e9e<\/strong><\/p>\n<\/li>\n<\/ul>\n<hr data-start=\"3423\" data-end=\"3426\" \/>\n<h3 data-start=\"3428\" data-end=\"3442\">Conclusion<\/h3>\n<p data-start=\"3444\" data-end=\"3771\">Cette <strong data-start=\"3450\" data-end=\"3488\">bo\u00eete \u00e0 tout Louis Vuitton vintage<\/strong>, avec son <strong data-start=\"3499\" data-end=\"3536\">int\u00e9rieur marron sobre et \u00e9l\u00e9gant<\/strong>, est un <strong data-start=\"3545\" data-end=\"3616\">accessoire de charme, \u00e0 la fois utile, d\u00e9coratif et collectionnable<\/strong>. Parfaite pour un <strong data-start=\"3635\" data-end=\"3653\">cadeau raffin\u00e9<\/strong> ou un <strong data-start=\"3660\" data-end=\"3691\">\u00e9l\u00e9ment d\u2019int\u00e9rieur luxueux<\/strong>, elle ajoute une <strong data-start=\"3709\" data-end=\"3746\">touche de sophistication discr\u00e8te<\/strong> \u00e0 n\u2019importe quel espace.<\/p>\n<p>Suivez &#8211; nous sur <a href=\"https:\/\/www.facebook.com\/TheVintageTravelerFR\">Facebook<\/a> et <a href=\"https:\/\/www.instagram.com\/the_vintagetraveler\/?igsh=aXdsbDJkdnpwZjcx#\">Instagram<\/a><\/p>\n","protected":false},"excerpt":{"rendered":"<p>Bo\u00eete \u00e0 tout Louis Vuitton vintage, int\u00e9rieur marron. Format compact, id\u00e9ale en d\u00e9coration ou rangement. \u00c9l\u00e9gante, certifi\u00e9e, embl\u00e9matique.<\/p>\n","protected":false},"featured_media":4975,"template":"","meta":[],"product_brand":[],"product_cat":[126,127,113,140,194,120],"product_tag":[146,195,154],"class_list":{"0":"post-4973","1":"product","2":"type-product","3":"status-publish","4":"has-post-thumbnail","6":"product_cat-accessoires-de-luxe-vintage","7":"product_cat-decorations","8":"product_cat-louis-vuitton","9":"product_cat-nouveautes","10":"product_cat-petite-malle","11":"product_cat-valises-boites-vanity-louis-vuitton","12":"product_tag-louisvuitton","13":"product_tag-valiselouisvuitton","14":"product_tag-vanitylouisvuitton","16":"first","17":"outofstock","18":"sold-individually","19":"shipping-taxable","20":"product-type-simple"},"yoast_head":"<!-- This site is optimized with the Yoast SEO plugin v27.1.1 - https:\/\/yoast.com\/product\/yoast-seo-wordpress\/ -->\n<title>Bo\u00eete \u00e0 Tout Louis Vuitton Vintage D\u00e9co | TheVintageTraveler<\/title>\n<meta name=\"description\" content=\"Bo\u00eete \u00e0 tout Louis Vuitton, int\u00e9rieur marron. Petit format d\u00e9coratif, id\u00e9al pour rangement chic ou collection. Pi\u00e8ce authentique et iconique.\" \/>\n<meta name=\"robots\" content=\"index, follow, max-snippet:-1, max-image-preview:large, max-video-preview:-1\" \/>\n<link rel=\"canonical\" href=\"https:\/\/thevintagetraveler.com\/en\/produit\/boite-a-tout-louis-vuitton-vintage-decoration\/\" \/>\n<meta property=\"og:locale\" content=\"en_US\" \/>\n<meta property=\"og:type\" content=\"article\" \/>\n<meta property=\"og:title\" content=\"Bo\u00eete \u00e0 Tout Louis Vuitton Vintage D\u00e9co | TheVintageTraveler\" \/>\n<meta property=\"og:description\" content=\"Bo\u00eete \u00e0 tout Louis Vuitton, int\u00e9rieur marron. Petit format d\u00e9coratif, id\u00e9al pour rangement chic ou collection. Pi\u00e8ce authentique et iconique.\" \/>\n<meta property=\"og:url\" content=\"https:\/\/thevintagetraveler.com\/en\/produit\/boite-a-tout-louis-vuitton-vintage-decoration\/\" \/>\n<meta property=\"og:site_name\" content=\"TheVintageTraveler\" \/>\n<meta property=\"article:publisher\" content=\"https:\/\/www.facebook.com\/TheVintageTravelerFR\/\" \/>\n<meta property=\"article:modified_time\" content=\"2025-12-05T14:01:20+00:00\" \/>\n<meta property=\"og:image\" content=\"https:\/\/thevintagetraveler.com\/wp-content\/uploads\/2025\/06\/20250613_092916.jpg\" \/>\n\t<meta property=\"og:image:width\" content=\"1920\" \/>\n\t<meta property=\"og:image:height\" content=\"2560\" \/>\n\t<meta property=\"og:image:type\" content=\"image\/jpeg\" \/>\n<meta name=\"twitter:card\" content=\"summary_large_image\" \/>\n<meta name=\"twitter:label1\" content=\"Est. reading time\" \/>\n\t<meta name=\"twitter:data1\" content=\"3 minutes\" \/>\n<script type=\"application\/ld+json\" class=\"yoast-schema-graph\">{\"@context\":\"https:\/\/schema.org\",\"@graph\":[{\"@type\":\"WebPage\",\"@id\":\"https:\/\/thevintagetraveler.com\/en\/produit\/boite-a-tout-louis-vuitton-vintage-decoration\/\",\"url\":\"https:\/\/thevintagetraveler.com\/en\/produit\/boite-a-tout-louis-vuitton-vintage-decoration\/\",\"name\":\"Bo\u00eete \u00e0 Tout Louis Vuitton Vintage D\u00e9co | TheVintageTraveler\",\"isPartOf\":{\"@id\":\"https:\/\/thevintagetraveler.com\/en\/#website\"},\"primaryImageOfPage\":{\"@id\":\"https:\/\/thevintagetraveler.com\/en\/produit\/boite-a-tout-louis-vuitton-vintage-decoration\/#primaryimage\"},\"image\":{\"@id\":\"https:\/\/thevintagetraveler.com\/en\/produit\/boite-a-tout-louis-vuitton-vintage-decoration\/#primaryimage\"},\"thumbnailUrl\":\"https:\/\/thevintagetraveler.com\/wp-content\/uploads\/2025\/06\/20250613_092916.jpg\",\"datePublished\":\"2024-06-18T09:35:35+00:00\",\"dateModified\":\"2025-12-05T14:01:20+00:00\",\"description\":\"Bo\u00eete \u00e0 tout Louis Vuitton, int\u00e9rieur marron. Petit format d\u00e9coratif, id\u00e9al pour rangement chic ou collection. Pi\u00e8ce authentique et iconique.\",\"breadcrumb\":{\"@id\":\"https:\/\/thevintagetraveler.com\/en\/produit\/boite-a-tout-louis-vuitton-vintage-decoration\/#breadcrumb\"},\"inLanguage\":\"en-US\",\"potentialAction\":[{\"@type\":\"ReadAction\",\"target\":[\"https:\/\/thevintagetraveler.com\/en\/produit\/boite-a-tout-louis-vuitton-vintage-decoration\/\"]}]},{\"@type\":\"ImageObject\",\"inLanguage\":\"en-US\",\"@id\":\"https:\/\/thevintagetraveler.com\/en\/produit\/boite-a-tout-louis-vuitton-vintage-decoration\/#primaryimage\",\"url\":\"https:\/\/thevintagetraveler.com\/wp-content\/uploads\/2025\/06\/20250613_092916.jpg\",\"contentUrl\":\"https:\/\/thevintagetraveler.com\/wp-content\/uploads\/2025\/06\/20250613_092916.jpg\",\"width\":1920,\"height\":2560,\"caption\":\"bo\u00eete \u00e0 tout Louis Vuitton vintage d\u00e9coration\"},{\"@type\":\"BreadcrumbList\",\"@id\":\"https:\/\/thevintagetraveler.com\/en\/produit\/boite-a-tout-louis-vuitton-vintage-decoration\/#breadcrumb\",\"itemListElement\":[{\"@type\":\"ListItem\",\"position\":1,\"name\":\"Accueil\",\"item\":\"https:\/\/thevintagetraveler.com\/en\/\"},{\"@type\":\"ListItem\",\"position\":2,\"name\":\"Shop\",\"item\":\"https:\/\/thevintagetraveler.com\/shop\/\"},{\"@type\":\"ListItem\",\"position\":3,\"name\":\"Boite \u00e0 tout Louis Vuitton\"}]},{\"@type\":\"WebSite\",\"@id\":\"https:\/\/thevintagetraveler.com\/en\/#website\",\"url\":\"https:\/\/thevintagetraveler.com\/en\/\",\"name\":\"TheVintageTraveler\",\"description\":\"Luxury experts in Louis Vuitton, Chanel &amp; Herm\u00e8s\",\"publisher\":{\"@id\":\"https:\/\/thevintagetraveler.com\/en\/#organization\"},\"potentialAction\":[{\"@type\":\"SearchAction\",\"target\":{\"@type\":\"EntryPoint\",\"urlTemplate\":\"https:\/\/thevintagetraveler.com\/en\/?s={search_term_string}\"},\"query-input\":{\"@type\":\"PropertyValueSpecification\",\"valueRequired\":true,\"valueName\":\"search_term_string\"}}],\"inLanguage\":\"en-US\"},{\"@type\":\"Organization\",\"@id\":\"https:\/\/thevintagetraveler.com\/en\/#organization\",\"name\":\"TheVintageTraveler\",\"url\":\"https:\/\/thevintagetraveler.com\/en\/\",\"logo\":{\"@type\":\"ImageObject\",\"inLanguage\":\"en-US\",\"@id\":\"https:\/\/thevintagetraveler.com\/en\/#\/schema\/logo\/image\/\",\"url\":\"https:\/\/thevintagetraveler.com\/wp-content\/uploads\/2025\/04\/LOGO-THE-VINTAGE-TRAVELER-FINAL-e1745392697678.png\",\"contentUrl\":\"https:\/\/thevintagetraveler.com\/wp-content\/uploads\/2025\/04\/LOGO-THE-VINTAGE-TRAVELER-FINAL-e1745392697678.png\",\"width\":798,\"height\":318,\"caption\":\"TheVintageTraveler\"},\"image\":{\"@id\":\"https:\/\/thevintagetraveler.com\/en\/#\/schema\/logo\/image\/\"},\"sameAs\":[\"https:\/\/www.facebook.com\/TheVintageTravelerFR\/\",\"https:\/\/www.instagram.com\/the_vintagetraveler\"]}]}<\/script>\n<!-- \/ Yoast SEO plugin. -->","yoast_head_json":{"title":"Bo\u00eete \u00e0 Tout Louis Vuitton Vintage D\u00e9co | TheVintageTraveler","description":"Bo\u00eete \u00e0 tout Louis Vuitton, int\u00e9rieur marron. Petit format d\u00e9coratif, id\u00e9al pour rangement chic ou collection. Pi\u00e8ce authentique et iconique.","robots":{"index":"index","follow":"follow","max-snippet":"max-snippet:-1","max-image-preview":"max-image-preview:large","max-video-preview":"max-video-preview:-1"},"canonical":"https:\/\/thevintagetraveler.com\/en\/produit\/boite-a-tout-louis-vuitton-vintage-decoration\/","og_locale":"en_US","og_type":"article","og_title":"Bo\u00eete \u00e0 Tout Louis Vuitton Vintage D\u00e9co | TheVintageTraveler","og_description":"Bo\u00eete \u00e0 tout Louis Vuitton, int\u00e9rieur marron. Petit format d\u00e9coratif, id\u00e9al pour rangement chic ou collection. Pi\u00e8ce authentique et iconique.","og_url":"https:\/\/thevintagetraveler.com\/en\/produit\/boite-a-tout-louis-vuitton-vintage-decoration\/","og_site_name":"TheVintageTraveler","article_publisher":"https:\/\/www.facebook.com\/TheVintageTravelerFR\/","article_modified_time":"2025-12-05T14:01:20+00:00","og_image":[{"width":1920,"height":2560,"url":"https:\/\/thevintagetraveler.com\/wp-content\/uploads\/2025\/06\/20250613_092916.jpg","type":"image\/jpeg"}],"twitter_card":"summary_large_image","twitter_misc":{"Est. reading time":"3 minutes"},"schema":{"@context":"https:\/\/schema.org","@graph":[{"@type":"WebPage","@id":"https:\/\/thevintagetraveler.com\/en\/produit\/boite-a-tout-louis-vuitton-vintage-decoration\/","url":"https:\/\/thevintagetraveler.com\/en\/produit\/boite-a-tout-louis-vuitton-vintage-decoration\/","name":"Bo\u00eete \u00e0 Tout Louis Vuitton Vintage D\u00e9co | TheVintageTraveler","isPartOf":{"@id":"https:\/\/thevintagetraveler.com\/en\/#website"},"primaryImageOfPage":{"@id":"https:\/\/thevintagetraveler.com\/en\/produit\/boite-a-tout-louis-vuitton-vintage-decoration\/#primaryimage"},"image":{"@id":"https:\/\/thevintagetraveler.com\/en\/produit\/boite-a-tout-louis-vuitton-vintage-decoration\/#primaryimage"},"thumbnailUrl":"https:\/\/thevintagetraveler.com\/wp-content\/uploads\/2025\/06\/20250613_092916.jpg","datePublished":"2024-06-18T09:35:35+00:00","dateModified":"2025-12-05T14:01:20+00:00","description":"Bo\u00eete \u00e0 tout Louis Vuitton, int\u00e9rieur marron. Petit format d\u00e9coratif, id\u00e9al pour rangement chic ou collection. Pi\u00e8ce authentique et iconique.","breadcrumb":{"@id":"https:\/\/thevintagetraveler.com\/en\/produit\/boite-a-tout-louis-vuitton-vintage-decoration\/#breadcrumb"},"inLanguage":"en-US","potentialAction":[{"@type":"ReadAction","target":["https:\/\/thevintagetraveler.com\/en\/produit\/boite-a-tout-louis-vuitton-vintage-decoration\/"]}]},{"@type":"ImageObject","inLanguage":"en-US","@id":"https:\/\/thevintagetraveler.com\/en\/produit\/boite-a-tout-louis-vuitton-vintage-decoration\/#primaryimage","url":"https:\/\/thevintagetraveler.com\/wp-content\/uploads\/2025\/06\/20250613_092916.jpg","contentUrl":"https:\/\/thevintagetraveler.com\/wp-content\/uploads\/2025\/06\/20250613_092916.jpg","width":1920,"height":2560,"caption":"bo\u00eete \u00e0 tout Louis Vuitton vintage d\u00e9coration"},{"@type":"BreadcrumbList","@id":"https:\/\/thevintagetraveler.com\/en\/produit\/boite-a-tout-louis-vuitton-vintage-decoration\/#breadcrumb","itemListElement":[{"@type":"ListItem","position":1,"name":"Accueil","item":"https:\/\/thevintagetraveler.com\/en\/"},{"@type":"ListItem","position":2,"name":"Shop","item":"https:\/\/thevintagetraveler.com\/shop\/"},{"@type":"ListItem","position":3,"name":"Boite \u00e0 tout Louis Vuitton"}]},{"@type":"WebSite","@id":"https:\/\/thevintagetraveler.com\/en\/#website","url":"https:\/\/thevintagetraveler.com\/en\/","name":"TheVintageTraveler","description":"Luxury experts in Louis Vuitton, Chanel &amp; Herm\u00e8s","publisher":{"@id":"https:\/\/thevintagetraveler.com\/en\/#organization"},"potentialAction":[{"@type":"SearchAction","target":{"@type":"EntryPoint","urlTemplate":"https:\/\/thevintagetraveler.com\/en\/?s={search_term_string}"},"query-input":{"@type":"PropertyValueSpecification","valueRequired":true,"valueName":"search_term_string"}}],"inLanguage":"en-US"},{"@type":"Organization","@id":"https:\/\/thevintagetraveler.com\/en\/#organization","name":"TheVintageTraveler","url":"https:\/\/thevintagetraveler.com\/en\/","logo":{"@type":"ImageObject","inLanguage":"en-US","@id":"https:\/\/thevintagetraveler.com\/en\/#\/schema\/logo\/image\/","url":"https:\/\/thevintagetraveler.com\/wp-content\/uploads\/2025\/04\/LOGO-THE-VINTAGE-TRAVELER-FINAL-e1745392697678.png","contentUrl":"https:\/\/thevintagetraveler.com\/wp-content\/uploads\/2025\/04\/LOGO-THE-VINTAGE-TRAVELER-FINAL-e1745392697678.png","width":798,"height":318,"caption":"TheVintageTraveler"},"image":{"@id":"https:\/\/thevintagetraveler.com\/en\/#\/schema\/logo\/image\/"},"sameAs":["https:\/\/www.facebook.com\/TheVintageTravelerFR\/","https:\/\/www.instagram.com\/the_vintagetraveler"]}]}},"_links":{"self":[{"href":"https:\/\/thevintagetraveler.com\/en\/wp-json\/wp\/v2\/product\/4973","targetHints":{"allow":["GET"]}}],"collection":[{"href":"https:\/\/thevintagetraveler.com\/en\/wp-json\/wp\/v2\/product"}],"about":[{"href":"https:\/\/thevintagetraveler.com\/en\/wp-json\/wp\/v2\/types\/product"}],"wp:featuredmedia":[{"embeddable":true,"href":"https:\/\/thevintagetraveler.com\/en\/wp-json\/wp\/v2\/media\/4975"}],"wp:attachment":[{"href":"https:\/\/thevintagetraveler.com\/en\/wp-json\/wp\/v2\/media?parent=4973"}],"wp:term":[{"taxonomy":"product_brand","embeddable":true,"href":"https:\/\/thevintagetraveler.com\/en\/wp-json\/wp\/v2\/product_brand?post=4973"},{"taxonomy":"product_cat","embeddable":true,"href":"https:\/\/thevintagetraveler.com\/en\/wp-json\/wp\/v2\/product_cat?post=4973"},{"taxonomy":"product_tag","embeddable":true,"href":"https:\/\/thevintagetraveler.com\/en\/wp-json\/wp\/v2\/product_tag?post=4973"}],"curies":[{"name":"wp","href":"https:\/\/api.w.org\/{rel}","templated":true}]}}