{"id":5038,"date":"2024-06-19T14:26:56","date_gmt":"2024-06-19T12:26:56","guid":{"rendered":"https:\/\/thevintagetraveler.com\/?post_type=product&#038;p=5038"},"modified":"2025-09-30T14:51:16","modified_gmt":"2025-09-30T12:51:16","slug":"sac-camera-chanel-cuir-caviar-noir-dore","status":"publish","type":"product","link":"https:\/\/thevintagetraveler.com\/en\/produit\/sac-camera-chanel-cuir-caviar-noir-dore\/","title":{"rendered":"Sac Chanel Camera cuir caviar noir"},"content":{"rendered":"<hr data-start=\"986\" data-end=\"989\" \/>\n<h3 data-start=\"992\" data-end=\"1051\">Sac Chanel Camera \u2013 Cuir Caviar Noir &amp; Finitions Dor\u00e9es<\/h3>\n<p data-start=\"1053\" data-end=\"1327\">Ce <strong data-start=\"1056\" data-end=\"1077\">sac Camera Chanel<\/strong> est une <strong data-start=\"1086\" data-end=\"1116\">pi\u00e8ce vintage embl\u00e9matique<\/strong>, alliant <strong data-start=\"1126\" data-end=\"1166\">praticit\u00e9, \u00e9l\u00e9gance et intemporalit\u00e9<\/strong>. R\u00e9alis\u00e9 en <strong data-start=\"1179\" data-end=\"1206\">cuir caviar noir grain\u00e9<\/strong> avec <strong data-start=\"1212\" data-end=\"1232\">finitions dor\u00e9es<\/strong>, il est parfait pour celles qui souhaitent conjuguer <strong data-start=\"1286\" data-end=\"1313\">style et fonctionnalit\u00e9<\/strong> au quotidien.<\/p>\n<p data-start=\"1329\" data-end=\"1508\">Tr\u00e8s pris\u00e9 sur le march\u00e9 du luxe vintage, ce mod\u00e8le est ici propos\u00e9 en <strong data-start=\"1400\" data-end=\"1417\">tr\u00e8s bon \u00e9tat<\/strong> et <strong data-start=\"1421\" data-end=\"1445\">certifi\u00e9 authentique<\/strong>, pr\u00eat \u00e0 rejoindre une collection ou \u00e0 \u00eatre port\u00e9 au quotidien.<\/p>\n<hr data-start=\"1510\" data-end=\"1513\" \/>\n<h3 data-start=\"1515\" data-end=\"1563\">Le sac Camera : un format iconique de Chanel<\/h3>\n<p data-start=\"1565\" data-end=\"1657\">Inspir\u00e9 des sacs port\u00e9s par les photographes, le <strong data-start=\"1614\" data-end=\"1628\">sac Camera<\/strong> de <a href=\"https:\/\/thevintagetraveler.com\/les-dates-codes-stamp-chanel-comprendre-lauthenticite-et-lhistoire-des-sacs-emblematiques\/\">Chanel<\/a> se distingue par :<\/p>\n<ul data-start=\"1659\" data-end=\"1948\">\n<li data-start=\"1659\" data-end=\"1721\">\n<p data-start=\"1661\" data-end=\"1721\">Son <strong data-start=\"1665\" data-end=\"1696\">format rectangulaire souple<\/strong>, spacieux mais discret<\/p>\n<\/li>\n<li data-start=\"1722\" data-end=\"1778\">\n<p data-start=\"1724\" data-end=\"1778\">Sa <strong data-start=\"1727\" data-end=\"1747\">fermeture zipp\u00e9e<\/strong>, s\u00e9curis\u00e9e et facile d\u2019acc\u00e8s<\/p>\n<\/li>\n<li data-start=\"1779\" data-end=\"1852\">\n<p data-start=\"1781\" data-end=\"1852\">Une <strong data-start=\"1785\" data-end=\"1826\">bandouli\u00e8re cha\u00eene entrelac\u00e9e de cuir<\/strong>, signature de la maison<\/p>\n<\/li>\n<li data-start=\"1853\" data-end=\"1948\">\n<p data-start=\"1855\" data-end=\"1948\">Souvent compl\u00e9t\u00e9 par un <strong data-start=\"1879\" data-end=\"1916\">pompon ou un logo CC en pendentif<\/strong> (\u00e0 pr\u00e9ciser selon mod\u00e8le exact)<\/p>\n<\/li>\n<\/ul>\n<p data-start=\"1950\" data-end=\"2085\">Son <strong data-start=\"1954\" data-end=\"1974\">cuir caviar noir<\/strong>, durable et textur\u00e9, le rend <strong data-start=\"2004\" data-end=\"2048\">parfaitement adapt\u00e9 \u00e0 un usage quotidien<\/strong>, tout en conservant une allure chic.<\/p>\n<hr data-start=\"2087\" data-end=\"2090\" \/>\n<h3 data-start=\"2092\" data-end=\"2123\">Caract\u00e9ristiques du produit<\/h3>\n<ul data-start=\"2125\" data-end=\"2632\">\n<li data-start=\"2125\" data-end=\"2148\">\n<p data-start=\"2127\" data-end=\"2148\"><strong data-start=\"2127\" data-end=\"2139\">Marque :<\/strong> Chanel<\/p>\n<\/li>\n<li data-start=\"2149\" data-end=\"2197\">\n<p data-start=\"2151\" data-end=\"2197\"><strong data-start=\"2151\" data-end=\"2163\">Mod\u00e8le :<\/strong> Camera bag \/ Sac cam\u00e9ra vintage<\/p>\n<\/li>\n<li data-start=\"2198\" data-end=\"2239\">\n<p data-start=\"2200\" data-end=\"2239\"><strong data-start=\"2200\" data-end=\"2213\">Mati\u00e8re :<\/strong> Cuir caviar noir grain\u00e9<\/p>\n<\/li>\n<li data-start=\"2240\" data-end=\"2276\">\n<p data-start=\"2242\" data-end=\"2276\"><strong data-start=\"2242\" data-end=\"2257\">Finitions :<\/strong> M\u00e9tallerie dor\u00e9e<\/p>\n<\/li>\n<li data-start=\"2277\" data-end=\"2310\">\n<p data-start=\"2279\" data-end=\"2310\"><strong data-start=\"2279\" data-end=\"2294\">Fermeture :<\/strong> Zip sup\u00e9rieur<\/p>\n<\/li>\n<li data-start=\"2311\" data-end=\"2391\">\n<p data-start=\"2313\" data-end=\"2391\"><strong data-start=\"2313\" data-end=\"2330\">Bandouli\u00e8re :<\/strong> Cha\u00eene entrelac\u00e9e de cuir noir (port\u00e9 \u00e9paule ou crossbody)<\/p>\n<\/li>\n<li data-start=\"2392\" data-end=\"2464\">\n<p data-start=\"2394\" data-end=\"2464\"><strong data-start=\"2394\" data-end=\"2409\">Int\u00e9rieur :<\/strong> Doublure cuir ou toile, poches internes (\u00e0 pr\u00e9ciser)<\/p>\n<\/li>\n<li data-start=\"2465\" data-end=\"2540\">\n<p data-start=\"2467\" data-end=\"2540\"><strong data-start=\"2467\" data-end=\"2477\">\u00c9tat :<\/strong> Tr\u00e8s bon \u2013 cuir brillant, structure souple, int\u00e9rieur propre<\/p>\n<\/li>\n<li data-start=\"2541\" data-end=\"2632\">\n<p data-start=\"2543\" data-end=\"2632\"><strong data-start=\"2543\" data-end=\"2565\">Authentification :<\/strong> Certifi\u00e9 \u2013 livr\u00e9 avec certificat d\u2019authenticit\u00e9 TheVintageTraveler<\/p>\n<\/li>\n<\/ul>\n<hr data-start=\"2634\" data-end=\"2637\" \/>\n<h3 data-start=\"2639\" data-end=\"2692\">Un sac parfait pour le quotidien et les occasions<\/h3>\n<p data-start=\"2694\" data-end=\"2731\">Le sac Camera Chanel est id\u00e9al pour :<\/p>\n<ul data-start=\"2733\" data-end=\"2974\">\n<li data-start=\"2733\" data-end=\"2792\">\n<p data-start=\"2735\" data-end=\"2792\">Un <strong data-start=\"2738\" data-end=\"2765\">usage quotidien raffin\u00e9<\/strong> : compact, mais spacieux<\/p>\n<\/li>\n<li data-start=\"2793\" data-end=\"2844\">\n<p data-start=\"2795\" data-end=\"2844\">\u00catre <strong data-start=\"2800\" data-end=\"2842\">associ\u00e9 \u00e0 une tenue casual ou habill\u00e9e<\/strong><\/p>\n<\/li>\n<li data-start=\"2845\" data-end=\"2915\">\n<p data-start=\"2847\" data-end=\"2915\"><strong data-start=\"2847\" data-end=\"2884\">Remplacer un sac classique Chanel<\/strong> pour un format plus pratique<\/p>\n<\/li>\n<li data-start=\"2916\" data-end=\"2974\">\n<p data-start=\"2918\" data-end=\"2974\"><strong data-start=\"2918\" data-end=\"2960\">Int\u00e9grer une collection Chanel vintage<\/strong> avec \u00e9l\u00e9gance<\/p>\n<\/li>\n<\/ul>\n<hr data-start=\"2976\" data-end=\"2979\" \/>\n<h3 data-start=\"2981\" data-end=\"3050\">Pourquoi investir dans un sac Camera Chanel en cuir caviar noir ?<\/h3>\n<ul data-start=\"3052\" data-end=\"3313\">\n<li data-start=\"3052\" data-end=\"3102\">\n<p data-start=\"3054\" data-end=\"3102\"><strong data-start=\"3054\" data-end=\"3075\">Mod\u00e8le intemporel<\/strong>, toujours tr\u00e8s recherch\u00e9<\/p>\n<\/li>\n<li data-start=\"3103\" data-end=\"3161\">\n<p data-start=\"3105\" data-end=\"3161\"><strong data-start=\"3105\" data-end=\"3120\">Cuir caviar<\/strong> : robuste, \u00e9l\u00e9gant, facile d\u2019entretien<\/p>\n<\/li>\n<li data-start=\"3162\" data-end=\"3213\">\n<p data-start=\"3164\" data-end=\"3213\"><strong data-start=\"3164\" data-end=\"3184\">Finitions dor\u00e9es<\/strong>, typiques des ann\u00e9es 80-90<\/p>\n<\/li>\n<li data-start=\"3214\" data-end=\"3255\">\n<p data-start=\"3216\" data-end=\"3255\"><strong data-start=\"3216\" data-end=\"3233\">Tr\u00e8s bon \u00e9tat<\/strong>, avec certification<\/p>\n<\/li>\n<li data-start=\"3256\" data-end=\"3313\">\n<p data-start=\"3258\" data-end=\"3313\"><strong data-start=\"3258\" data-end=\"3275\">Valeur stable<\/strong>, excellente pi\u00e8ce pour investissement<\/p>\n<\/li>\n<\/ul>\n<hr data-start=\"3315\" data-end=\"3318\" \/>\n<h3 data-start=\"3320\" data-end=\"3366\">Pourquoi acheter chez TheVintageTraveler ?<\/h3>\n<p data-start=\"3368\" data-end=\"3420\">Chez <strong data-start=\"3373\" data-end=\"3395\">TheVintageTraveler<\/strong>, chaque sac Chanel est :<\/p>\n<ul data-start=\"3422\" data-end=\"3689\">\n<li data-start=\"3422\" data-end=\"3474\">\n<p data-start=\"3424\" data-end=\"3474\"><strong data-start=\"3424\" data-end=\"3447\">Expertis\u00e9 avec soin<\/strong>, num\u00e9ro de s\u00e9rie v\u00e9rifi\u00e9<\/p>\n<\/li>\n<li data-start=\"3475\" data-end=\"3543\">\n<p data-start=\"3477\" data-end=\"3543\"><strong data-start=\"3477\" data-end=\"3541\">Pr\u00e9sent\u00e9 avec des photos fid\u00e8les et description transparente<\/strong><\/p>\n<\/li>\n<li data-start=\"3544\" data-end=\"3591\">\n<p data-start=\"3546\" data-end=\"3591\">Livr\u00e9 avec un <strong data-start=\"3560\" data-end=\"3589\">certificat d\u2019authenticit\u00e9<\/strong><\/p>\n<\/li>\n<li data-start=\"3592\" data-end=\"3689\">\n<p data-start=\"3594\" data-end=\"3689\">Disponible en <strong data-start=\"3608\" data-end=\"3659\">retrait showroom (March\u00e9 Serpette \u2013 Saint-Ouen)<\/strong> ou en <strong data-start=\"3666\" data-end=\"3689\">livraison s\u00e9curis\u00e9e<\/strong><\/p>\n<\/li>\n<\/ul>\n<hr data-start=\"3691\" data-end=\"3694\" \/>\n<h3 data-start=\"3696\" data-end=\"3710\">Conclusion<\/h3>\n<p data-start=\"3712\" data-end=\"4009\">Ce <strong data-start=\"3715\" data-end=\"3756\">sac Camera Chanel en cuir caviar noir<\/strong>, avec <strong data-start=\"3763\" data-end=\"3783\">finitions dor\u00e9es<\/strong> et en <strong data-start=\"3790\" data-end=\"3807\">tr\u00e8s bon \u00e9tat<\/strong>, est une <strong data-start=\"3817\" data-end=\"3851\">pi\u00e8ce vintage chic et pratique<\/strong>, parfaite pour le <strong data-start=\"3870\" data-end=\"3908\">quotidien comme pour la collection<\/strong>. \u00c0 la fois <strong data-start=\"3920\" data-end=\"3959\">polyvalent, \u00e9l\u00e9gant et embl\u00e9matique<\/strong>, c\u2019est un <strong data-start=\"3970\" data-end=\"4008\">investissement mode s\u00fbr et durable<\/strong>.<\/p>\n<p>Suivez &#8211; nous sur <a href=\"https:\/\/www.facebook.com\/TheVintageTravelerFR\">Facebook<\/a> et <a href=\"https:\/\/www.instagram.com\/the_vintagetraveler\/?igsh=aXdsbDJkdnpwZjcx#\">Instagram<\/a><\/p>\n","protected":false},"excerpt":{"rendered":"<p>Sac Camera Chanel en cuir caviar noir, finitions dor\u00e9es. Tr\u00e8s bon \u00e9tat. Pratique et \u00e9l\u00e9gant, pi\u00e8ce vintage certifi\u00e9e, rare et recherch\u00e9e.<\/p>\n","protected":false},"featured_media":5044,"template":"","meta":[],"product_brand":[],"product_cat":[114,140,155,112],"product_tag":[137,156,157],"class_list":{"0":"post-5038","1":"product","2":"type-product","3":"status-publish","4":"has-post-thumbnail","6":"product_cat-chanel","7":"product_cat-nouveautes","8":"product_cat-sac-a-main-chanel","9":"product_cat-sacs","10":"product_tag-chanel","11":"product_tag-chanelclassique","12":"product_tag-chanelmedium","14":"first","15":"outofstock","16":"sold-individually","17":"shipping-taxable","18":"product-type-simple"},"yoast_head":"<!-- This site is optimized with the Yoast SEO plugin v27.1.1 - https:\/\/yoast.com\/product\/yoast-seo-wordpress\/ -->\n<title>Sac Camera Chanel Cuir Caviar Noir Dor\u00e9 | TheVintageTraveler<\/title>\n<meta name=\"description\" content=\"Sac Camera Chanel en cuir caviar noir, finitions dor\u00e9es. Tr\u00e8s bon \u00e9tat. Intemporel, certifi\u00e9, id\u00e9al pour usage quotidien ou collection vintage.\" \/>\n<meta name=\"robots\" content=\"index, follow, max-snippet:-1, max-image-preview:large, max-video-preview:-1\" \/>\n<link rel=\"canonical\" href=\"https:\/\/thevintagetraveler.com\/en\/produit\/sac-camera-chanel-cuir-caviar-noir-dore\/\" \/>\n<meta property=\"og:locale\" content=\"en_US\" \/>\n<meta property=\"og:type\" content=\"article\" \/>\n<meta property=\"og:title\" content=\"Sac Camera Chanel Cuir Caviar Noir Dor\u00e9 | TheVintageTraveler\" \/>\n<meta property=\"og:description\" content=\"Sac Camera Chanel en cuir caviar noir, finitions dor\u00e9es. Tr\u00e8s bon \u00e9tat. Intemporel, certifi\u00e9, id\u00e9al pour usage quotidien ou collection vintage.\" \/>\n<meta property=\"og:url\" content=\"https:\/\/thevintagetraveler.com\/en\/produit\/sac-camera-chanel-cuir-caviar-noir-dore\/\" \/>\n<meta property=\"og:site_name\" content=\"TheVintageTraveler\" \/>\n<meta property=\"article:publisher\" content=\"https:\/\/www.facebook.com\/TheVintageTravelerFR\/\" \/>\n<meta property=\"article:modified_time\" content=\"2025-09-30T12:51:16+00:00\" \/>\n<meta property=\"og:image\" content=\"https:\/\/thevintagetraveler.com\/wp-content\/uploads\/2025\/06\/image00041.jpeg\" \/>\n\t<meta property=\"og:image:width\" content=\"1800\" \/>\n\t<meta property=\"og:image:height\" content=\"2400\" \/>\n\t<meta property=\"og:image:type\" content=\"image\/jpeg\" \/>\n<meta name=\"twitter:card\" content=\"summary_large_image\" \/>\n<meta name=\"twitter:label1\" content=\"Est. reading time\" \/>\n\t<meta name=\"twitter:data1\" content=\"3 minutes\" \/>\n<script type=\"application\/ld+json\" class=\"yoast-schema-graph\">{\"@context\":\"https:\/\/schema.org\",\"@graph\":[{\"@type\":\"WebPage\",\"@id\":\"https:\/\/thevintagetraveler.com\/en\/produit\/sac-camera-chanel-cuir-caviar-noir-dore\/\",\"url\":\"https:\/\/thevintagetraveler.com\/en\/produit\/sac-camera-chanel-cuir-caviar-noir-dore\/\",\"name\":\"Sac Camera Chanel Cuir Caviar Noir Dor\u00e9 | TheVintageTraveler\",\"isPartOf\":{\"@id\":\"https:\/\/thevintagetraveler.com\/en\/#website\"},\"primaryImageOfPage\":{\"@id\":\"https:\/\/thevintagetraveler.com\/en\/produit\/sac-camera-chanel-cuir-caviar-noir-dore\/#primaryimage\"},\"image\":{\"@id\":\"https:\/\/thevintagetraveler.com\/en\/produit\/sac-camera-chanel-cuir-caviar-noir-dore\/#primaryimage\"},\"thumbnailUrl\":\"https:\/\/thevintagetraveler.com\/wp-content\/uploads\/2025\/06\/image00041.jpeg\",\"datePublished\":\"2024-06-19T12:26:56+00:00\",\"dateModified\":\"2025-09-30T12:51:16+00:00\",\"description\":\"Sac Camera Chanel en cuir caviar noir, finitions dor\u00e9es. Tr\u00e8s bon \u00e9tat. Intemporel, certifi\u00e9, id\u00e9al pour usage quotidien ou collection vintage.\",\"breadcrumb\":{\"@id\":\"https:\/\/thevintagetraveler.com\/en\/produit\/sac-camera-chanel-cuir-caviar-noir-dore\/#breadcrumb\"},\"inLanguage\":\"en-US\",\"potentialAction\":[{\"@type\":\"ReadAction\",\"target\":[\"https:\/\/thevintagetraveler.com\/en\/produit\/sac-camera-chanel-cuir-caviar-noir-dore\/\"]}]},{\"@type\":\"ImageObject\",\"inLanguage\":\"en-US\",\"@id\":\"https:\/\/thevintagetraveler.com\/en\/produit\/sac-camera-chanel-cuir-caviar-noir-dore\/#primaryimage\",\"url\":\"https:\/\/thevintagetraveler.com\/wp-content\/uploads\/2025\/06\/image00041.jpeg\",\"contentUrl\":\"https:\/\/thevintagetraveler.com\/wp-content\/uploads\/2025\/06\/image00041.jpeg\",\"width\":1800,\"height\":2400,\"caption\":\"sac Chanel camera cuir caviar noir dor\u00e9 vintage\"},{\"@type\":\"BreadcrumbList\",\"@id\":\"https:\/\/thevintagetraveler.com\/en\/produit\/sac-camera-chanel-cuir-caviar-noir-dore\/#breadcrumb\",\"itemListElement\":[{\"@type\":\"ListItem\",\"position\":1,\"name\":\"Accueil\",\"item\":\"https:\/\/thevintagetraveler.com\/en\/\"},{\"@type\":\"ListItem\",\"position\":2,\"name\":\"Shop\",\"item\":\"https:\/\/thevintagetraveler.com\/shop\/\"},{\"@type\":\"ListItem\",\"position\":3,\"name\":\"Sac Chanel Camera cuir caviar noir\"}]},{\"@type\":\"WebSite\",\"@id\":\"https:\/\/thevintagetraveler.com\/en\/#website\",\"url\":\"https:\/\/thevintagetraveler.com\/en\/\",\"name\":\"TheVintageTraveler\",\"description\":\"Luxury experts in Louis Vuitton, Chanel &amp; Herm\u00e8s\",\"publisher\":{\"@id\":\"https:\/\/thevintagetraveler.com\/en\/#organization\"},\"potentialAction\":[{\"@type\":\"SearchAction\",\"target\":{\"@type\":\"EntryPoint\",\"urlTemplate\":\"https:\/\/thevintagetraveler.com\/en\/?s={search_term_string}\"},\"query-input\":{\"@type\":\"PropertyValueSpecification\",\"valueRequired\":true,\"valueName\":\"search_term_string\"}}],\"inLanguage\":\"en-US\"},{\"@type\":\"Organization\",\"@id\":\"https:\/\/thevintagetraveler.com\/en\/#organization\",\"name\":\"TheVintageTraveler\",\"url\":\"https:\/\/thevintagetraveler.com\/en\/\",\"logo\":{\"@type\":\"ImageObject\",\"inLanguage\":\"en-US\",\"@id\":\"https:\/\/thevintagetraveler.com\/en\/#\/schema\/logo\/image\/\",\"url\":\"https:\/\/thevintagetraveler.com\/wp-content\/uploads\/2025\/04\/LOGO-THE-VINTAGE-TRAVELER-FINAL-e1745392697678.png\",\"contentUrl\":\"https:\/\/thevintagetraveler.com\/wp-content\/uploads\/2025\/04\/LOGO-THE-VINTAGE-TRAVELER-FINAL-e1745392697678.png\",\"width\":798,\"height\":318,\"caption\":\"TheVintageTraveler\"},\"image\":{\"@id\":\"https:\/\/thevintagetraveler.com\/en\/#\/schema\/logo\/image\/\"},\"sameAs\":[\"https:\/\/www.facebook.com\/TheVintageTravelerFR\/\",\"https:\/\/www.instagram.com\/the_vintagetraveler\"]}]}<\/script>\n<!-- \/ Yoast SEO plugin. -->","yoast_head_json":{"title":"Sac Camera Chanel Cuir Caviar Noir Dor\u00e9 | TheVintageTraveler","description":"Sac Camera Chanel en cuir caviar noir, finitions dor\u00e9es. Tr\u00e8s bon \u00e9tat. Intemporel, certifi\u00e9, id\u00e9al pour usage quotidien ou collection vintage.","robots":{"index":"index","follow":"follow","max-snippet":"max-snippet:-1","max-image-preview":"max-image-preview:large","max-video-preview":"max-video-preview:-1"},"canonical":"https:\/\/thevintagetraveler.com\/en\/produit\/sac-camera-chanel-cuir-caviar-noir-dore\/","og_locale":"en_US","og_type":"article","og_title":"Sac Camera Chanel Cuir Caviar Noir Dor\u00e9 | TheVintageTraveler","og_description":"Sac Camera Chanel en cuir caviar noir, finitions dor\u00e9es. Tr\u00e8s bon \u00e9tat. Intemporel, certifi\u00e9, id\u00e9al pour usage quotidien ou collection vintage.","og_url":"https:\/\/thevintagetraveler.com\/en\/produit\/sac-camera-chanel-cuir-caviar-noir-dore\/","og_site_name":"TheVintageTraveler","article_publisher":"https:\/\/www.facebook.com\/TheVintageTravelerFR\/","article_modified_time":"2025-09-30T12:51:16+00:00","og_image":[{"width":1800,"height":2400,"url":"https:\/\/thevintagetraveler.com\/wp-content\/uploads\/2025\/06\/image00041.jpeg","type":"image\/jpeg"}],"twitter_card":"summary_large_image","twitter_misc":{"Est. reading time":"3 minutes"},"schema":{"@context":"https:\/\/schema.org","@graph":[{"@type":"WebPage","@id":"https:\/\/thevintagetraveler.com\/en\/produit\/sac-camera-chanel-cuir-caviar-noir-dore\/","url":"https:\/\/thevintagetraveler.com\/en\/produit\/sac-camera-chanel-cuir-caviar-noir-dore\/","name":"Sac Camera Chanel Cuir Caviar Noir Dor\u00e9 | TheVintageTraveler","isPartOf":{"@id":"https:\/\/thevintagetraveler.com\/en\/#website"},"primaryImageOfPage":{"@id":"https:\/\/thevintagetraveler.com\/en\/produit\/sac-camera-chanel-cuir-caviar-noir-dore\/#primaryimage"},"image":{"@id":"https:\/\/thevintagetraveler.com\/en\/produit\/sac-camera-chanel-cuir-caviar-noir-dore\/#primaryimage"},"thumbnailUrl":"https:\/\/thevintagetraveler.com\/wp-content\/uploads\/2025\/06\/image00041.jpeg","datePublished":"2024-06-19T12:26:56+00:00","dateModified":"2025-09-30T12:51:16+00:00","description":"Sac Camera Chanel en cuir caviar noir, finitions dor\u00e9es. Tr\u00e8s bon \u00e9tat. Intemporel, certifi\u00e9, id\u00e9al pour usage quotidien ou collection vintage.","breadcrumb":{"@id":"https:\/\/thevintagetraveler.com\/en\/produit\/sac-camera-chanel-cuir-caviar-noir-dore\/#breadcrumb"},"inLanguage":"en-US","potentialAction":[{"@type":"ReadAction","target":["https:\/\/thevintagetraveler.com\/en\/produit\/sac-camera-chanel-cuir-caviar-noir-dore\/"]}]},{"@type":"ImageObject","inLanguage":"en-US","@id":"https:\/\/thevintagetraveler.com\/en\/produit\/sac-camera-chanel-cuir-caviar-noir-dore\/#primaryimage","url":"https:\/\/thevintagetraveler.com\/wp-content\/uploads\/2025\/06\/image00041.jpeg","contentUrl":"https:\/\/thevintagetraveler.com\/wp-content\/uploads\/2025\/06\/image00041.jpeg","width":1800,"height":2400,"caption":"sac Chanel camera cuir caviar noir dor\u00e9 vintage"},{"@type":"BreadcrumbList","@id":"https:\/\/thevintagetraveler.com\/en\/produit\/sac-camera-chanel-cuir-caviar-noir-dore\/#breadcrumb","itemListElement":[{"@type":"ListItem","position":1,"name":"Accueil","item":"https:\/\/thevintagetraveler.com\/en\/"},{"@type":"ListItem","position":2,"name":"Shop","item":"https:\/\/thevintagetraveler.com\/shop\/"},{"@type":"ListItem","position":3,"name":"Sac Chanel Camera cuir caviar noir"}]},{"@type":"WebSite","@id":"https:\/\/thevintagetraveler.com\/en\/#website","url":"https:\/\/thevintagetraveler.com\/en\/","name":"TheVintageTraveler","description":"Luxury experts in Louis Vuitton, Chanel &amp; Herm\u00e8s","publisher":{"@id":"https:\/\/thevintagetraveler.com\/en\/#organization"},"potentialAction":[{"@type":"SearchAction","target":{"@type":"EntryPoint","urlTemplate":"https:\/\/thevintagetraveler.com\/en\/?s={search_term_string}"},"query-input":{"@type":"PropertyValueSpecification","valueRequired":true,"valueName":"search_term_string"}}],"inLanguage":"en-US"},{"@type":"Organization","@id":"https:\/\/thevintagetraveler.com\/en\/#organization","name":"TheVintageTraveler","url":"https:\/\/thevintagetraveler.com\/en\/","logo":{"@type":"ImageObject","inLanguage":"en-US","@id":"https:\/\/thevintagetraveler.com\/en\/#\/schema\/logo\/image\/","url":"https:\/\/thevintagetraveler.com\/wp-content\/uploads\/2025\/04\/LOGO-THE-VINTAGE-TRAVELER-FINAL-e1745392697678.png","contentUrl":"https:\/\/thevintagetraveler.com\/wp-content\/uploads\/2025\/04\/LOGO-THE-VINTAGE-TRAVELER-FINAL-e1745392697678.png","width":798,"height":318,"caption":"TheVintageTraveler"},"image":{"@id":"https:\/\/thevintagetraveler.com\/en\/#\/schema\/logo\/image\/"},"sameAs":["https:\/\/www.facebook.com\/TheVintageTravelerFR\/","https:\/\/www.instagram.com\/the_vintagetraveler"]}]}},"_links":{"self":[{"href":"https:\/\/thevintagetraveler.com\/en\/wp-json\/wp\/v2\/product\/5038","targetHints":{"allow":["GET"]}}],"collection":[{"href":"https:\/\/thevintagetraveler.com\/en\/wp-json\/wp\/v2\/product"}],"about":[{"href":"https:\/\/thevintagetraveler.com\/en\/wp-json\/wp\/v2\/types\/product"}],"wp:featuredmedia":[{"embeddable":true,"href":"https:\/\/thevintagetraveler.com\/en\/wp-json\/wp\/v2\/media\/5044"}],"wp:attachment":[{"href":"https:\/\/thevintagetraveler.com\/en\/wp-json\/wp\/v2\/media?parent=5038"}],"wp:term":[{"taxonomy":"product_brand","embeddable":true,"href":"https:\/\/thevintagetraveler.com\/en\/wp-json\/wp\/v2\/product_brand?post=5038"},{"taxonomy":"product_cat","embeddable":true,"href":"https:\/\/thevintagetraveler.com\/en\/wp-json\/wp\/v2\/product_cat?post=5038"},{"taxonomy":"product_tag","embeddable":true,"href":"https:\/\/thevintagetraveler.com\/en\/wp-json\/wp\/v2\/product_tag?post=5038"}],"curies":[{"name":"wp","href":"https:\/\/api.w.org\/{rel}","templated":true}]}}