{"id":5052,"date":"2025-06-19T14:43:01","date_gmt":"2025-06-19T12:43:01","guid":{"rendered":"https:\/\/thevintagetraveler.com\/?post_type=product&#038;p=5052"},"modified":"2025-06-19T14:49:00","modified_gmt":"2025-06-19T12:49:00","slug":"boucles-oreilles-chanel-vintage-gripoix-2003","status":"publish","type":"product","link":"https:\/\/thevintagetraveler.com\/en\/produit\/boucles-oreilles-chanel-vintage-gripoix-2003\/","title":{"rendered":"Boucles d&#8217;oreilles Chanel vintage gripoix 2003"},"content":{"rendered":"<h3 data-start=\"1037\" data-end=\"1116\">Boucles d\u2019Oreilles Chanel Vintage \u2013 Gripoix Dor\u00e9es, 2003, Rouge Vert Orange<\/h3>\n<p data-start=\"1118\" data-end=\"1498\">Ces <strong data-start=\"1122\" data-end=\"1159\">boucles d\u2019oreilles Chanel vintage<\/strong> dat\u00e9es de <strong data-start=\"1170\" data-end=\"1178\">2003<\/strong> sont de v\u00e9ritables <strong data-start=\"1198\" data-end=\"1216\">bijoux couture<\/strong>, r\u00e9alis\u00e9es en <strong data-start=\"1231\" data-end=\"1245\">m\u00e9tal dor\u00e9<\/strong> et orn\u00e9es de <strong data-start=\"1259\" data-end=\"1278\">pierres Gripoix<\/strong> aux teintes \u00e9clatantes : <strong data-start=\"1304\" data-end=\"1350\">rouge rubis, vert \u00e9meraude et orange ambr\u00e9<\/strong>. Elles incarnent l\u2019h\u00e9ritage color\u00e9 et baroque des cr\u00e9ations embl\u00e9matiques de la maison <a href=\"https:\/\/thevintagetraveler.com\/les-dates-codes-stamp-chanel-comprendre-lauthenticite-et-lhistoire-des-sacs-emblematiques\/\">Chanel<\/a>, avec une touche de modernit\u00e9 propre aux ann\u00e9es 2000.<\/p>\n<hr data-start=\"1500\" data-end=\"1503\" \/>\n<h3 data-start=\"1505\" data-end=\"1555\">Le savoir-faire Gripoix : tradition et couleur<\/h3>\n<p data-start=\"1557\" data-end=\"1635\">Les <strong data-start=\"1561\" data-end=\"1580\">pierres Gripoix<\/strong>, moul\u00e9es \u00e0 la main en p\u00e2te de verre artisanale, sont :<\/p>\n<ul data-start=\"1637\" data-end=\"1910\">\n<li data-start=\"1637\" data-end=\"1697\">\n<p data-start=\"1639\" data-end=\"1697\">Reconnaissables \u00e0 leur <strong data-start=\"1662\" data-end=\"1695\">profondeur chromatique unique<\/strong><\/p>\n<\/li>\n<li data-start=\"1698\" data-end=\"1760\">\n<p data-start=\"1700\" data-end=\"1760\">Fabriqu\u00e9es selon des techniques parisiennes du XIXe si\u00e8cle<\/p>\n<\/li>\n<li data-start=\"1761\" data-end=\"1840\">\n<p data-start=\"1763\" data-end=\"1840\">Utilis\u00e9es depuis les ann\u00e9es 1920 dans les bijoux Chanel les plus recherch\u00e9s<\/p>\n<\/li>\n<li data-start=\"1841\" data-end=\"1910\">\n<p data-start=\"1843\" data-end=\"1910\">Tr\u00e8s convoit\u00e9es en <strong data-start=\"1862\" data-end=\"1899\">rouge, vert, orange ou bleu royal<\/strong>, comme ici<\/p>\n<\/li>\n<\/ul>\n<hr data-start=\"1912\" data-end=\"1915\" \/>\n<h3 data-start=\"1917\" data-end=\"1948\">Caract\u00e9ristiques du produit<\/h3>\n<ul data-start=\"1950\" data-end=\"2392\">\n<li data-start=\"1950\" data-end=\"1973\">\n<p data-start=\"1952\" data-end=\"1973\"><strong data-start=\"1952\" data-end=\"1964\">Marque :<\/strong> Chanel<\/p>\n<\/li>\n<li data-start=\"1974\" data-end=\"1999\">\n<p data-start=\"1976\" data-end=\"1999\"><strong data-start=\"1976\" data-end=\"1992\">Collection :<\/strong> 2003<\/p>\n<\/li>\n<li data-start=\"2000\" data-end=\"2053\">\n<p data-start=\"2002\" data-end=\"2053\"><strong data-start=\"2002\" data-end=\"2012\">Type :<\/strong> Boucles d\u2019oreilles clips<\/p>\n<\/li>\n<li data-start=\"2054\" data-end=\"2095\">\n<p data-start=\"2056\" data-end=\"2095\"><strong data-start=\"2056\" data-end=\"2069\">Mati\u00e8re :<\/strong> M\u00e9tal dor\u00e9 24k (plaqu\u00e9)<\/p>\n<\/li>\n<li data-start=\"2096\" data-end=\"2152\">\n<p data-start=\"2098\" data-end=\"2152\"><strong data-start=\"2098\" data-end=\"2112\">Ornement :<\/strong> Pierres Gripoix rouge, vert et orange<\/p>\n<\/li>\n<li data-start=\"2153\" data-end=\"2199\">\n<p data-start=\"2155\" data-end=\"2199\"><strong data-start=\"2155\" data-end=\"2168\">Fermoir :<\/strong> Clips<\/p>\n<\/li>\n<li data-start=\"2200\" data-end=\"2250\">\n<p data-start=\"2202\" data-end=\"2250\"><strong data-start=\"2202\" data-end=\"2214\">Taille :<\/strong> Moyenne<\/p>\n<\/li>\n<li data-start=\"2251\" data-end=\"2311\">\n<p data-start=\"2253\" data-end=\"2311\"><strong data-start=\"2253\" data-end=\"2263\">\u00c9tat :<\/strong> Tr\u00e8s bon \u2013 dorure brillante, pierres intactes<\/p>\n<\/li>\n<li data-start=\"2312\" data-end=\"2392\">\n<p data-start=\"2314\" data-end=\"2392\"><strong data-start=\"2314\" data-end=\"2336\">Authentification :<\/strong> Certifi\u00e9es \u2013 livr\u00e9es avec certificat TheVintageTraveler<\/p>\n<\/li>\n<\/ul>\n<hr data-start=\"2394\" data-end=\"2397\" \/>\n<h3 data-start=\"2399\" data-end=\"2445\">Un bijou couture \u00e0 porter ou collectionner<\/h3>\n<p data-start=\"2447\" data-end=\"2496\">Ces boucles d\u2019oreilles Chanel sont id\u00e9ales pour :<\/p>\n<ul data-start=\"2498\" data-end=\"2732\">\n<li data-start=\"2498\" data-end=\"2568\">\n<p data-start=\"2500\" data-end=\"2568\"><strong data-start=\"2500\" data-end=\"2538\">Sublimer une tenue noire ou neutre<\/strong> avec des touches de couleur<\/p>\n<\/li>\n<li data-start=\"2569\" data-end=\"2617\">\n<p data-start=\"2571\" data-end=\"2617\">\u00catre <strong data-start=\"2576\" data-end=\"2615\">port\u00e9es en soir\u00e9e ou \u00e9v\u00e9nement chic<\/strong><\/p>\n<\/li>\n<li data-start=\"2618\" data-end=\"2683\">\n<p data-start=\"2620\" data-end=\"2683\"><strong data-start=\"2620\" data-end=\"2681\">Compl\u00e9ter une collection de bijoux vintage Chanel Gripoix<\/strong><\/p>\n<\/li>\n<li data-start=\"2684\" data-end=\"2732\">\n<p data-start=\"2686\" data-end=\"2732\">Constituer un <strong data-start=\"2700\" data-end=\"2732\">cadeau couture et intemporel<\/strong><\/p>\n<\/li>\n<\/ul>\n<hr data-start=\"2734\" data-end=\"2737\" \/>\n<h3 data-start=\"2739\" data-end=\"2802\">Pourquoi investir dans ces boucles Chanel Gripoix de 2003 ?<\/h3>\n<ul data-start=\"2804\" data-end=\"3149\">\n<li data-start=\"2804\" data-end=\"2850\">\n<p data-start=\"2806\" data-end=\"2850\"><strong data-start=\"2806\" data-end=\"2830\">Mod\u00e8le dat\u00e9 et sign\u00e9<\/strong>, mill\u00e9sime Chanel<\/p>\n<\/li>\n<li data-start=\"2851\" data-end=\"2930\">\n<p data-start=\"2853\" data-end=\"2930\"><strong data-start=\"2853\" data-end=\"2889\">Couleurs \u00e9clatantes et raffin\u00e9es<\/strong>, dans un tr\u00e8s bon \u00e9tat de conservation<\/p>\n<\/li>\n<li data-start=\"2931\" data-end=\"3002\">\n<p data-start=\"2933\" data-end=\"3002\"><strong data-start=\"2933\" data-end=\"2952\">Pierres Gripoix<\/strong>, savoir-faire rare et hautement collectionnable<\/p>\n<\/li>\n<li data-start=\"3003\" data-end=\"3088\">\n<p data-start=\"3005\" data-end=\"3088\"><strong data-start=\"3005\" data-end=\"3026\">Valeur croissante<\/strong>, notamment sur le segment des bijoux Chanel vintage color\u00e9s<\/p>\n<\/li>\n<li data-start=\"3089\" data-end=\"3149\">\n<p data-start=\"3091\" data-end=\"3149\"><strong data-start=\"3091\" data-end=\"3108\">Style affirm\u00e9<\/strong>, \u00e9l\u00e9gant et imm\u00e9diatement reconnaissable<\/p>\n<\/li>\n<\/ul>\n<hr data-start=\"3151\" data-end=\"3154\" \/>\n<h3 data-start=\"3156\" data-end=\"3202\">Pourquoi acheter chez TheVintageTraveler ?<\/h3>\n<p data-start=\"3204\" data-end=\"3251\">Chez <strong data-start=\"3209\" data-end=\"3231\">TheVintageTraveler<\/strong>, chaque bijou est :<\/p>\n<ul data-start=\"3253\" data-end=\"3525\">\n<li data-start=\"3253\" data-end=\"3320\">\n<p data-start=\"3255\" data-end=\"3320\"><strong data-start=\"3255\" data-end=\"3284\">Authentifi\u00e9 par un expert<\/strong>, avec num\u00e9ro et datation v\u00e9rifi\u00e9s<\/p>\n<\/li>\n<li data-start=\"3321\" data-end=\"3385\">\n<p data-start=\"3323\" data-end=\"3385\"><strong data-start=\"3323\" data-end=\"3383\">S\u00e9lectionn\u00e9 pour son \u00e9tat, sa raret\u00e9 et son authenticit\u00e9<\/strong><\/p>\n<\/li>\n<li data-start=\"3386\" data-end=\"3430\">\n<p data-start=\"3388\" data-end=\"3430\">Livr\u00e9 avec <strong data-start=\"3399\" data-end=\"3428\">certificat d\u2019authenticit\u00e9<\/strong><\/p>\n<\/li>\n<li data-start=\"3431\" data-end=\"3525\">\n<p data-start=\"3433\" data-end=\"3525\">Disponible en <strong data-start=\"3447\" data-end=\"3498\">retrait showroom (March\u00e9 Serpette \u2013 Saint-Ouen)<\/strong> ou <strong data-start=\"3502\" data-end=\"3525\">livraison s\u00e9curis\u00e9e<\/strong><\/p>\n<\/li>\n<\/ul>\n<hr data-start=\"3527\" data-end=\"3530\" \/>\n<h3 data-start=\"3532\" data-end=\"3546\">Conclusion<\/h3>\n<p data-start=\"3548\" data-end=\"3931\">Ces <strong data-start=\"3552\" data-end=\"3597\">boucles d\u2019oreilles Chanel vintage Gripoix<\/strong> de <strong data-start=\"3601\" data-end=\"3609\">2003<\/strong>, en <strong data-start=\"3614\" data-end=\"3628\">m\u00e9tal dor\u00e9<\/strong>, orn\u00e9es de <strong data-start=\"3640\" data-end=\"3674\">verres rouges, verts et orange<\/strong>, sont des <strong data-start=\"3685\" data-end=\"3737\">pi\u00e8ces haute couture au charme baroque et color\u00e9<\/strong>. En <strong data-start=\"3742\" data-end=\"3759\">tr\u00e8s bon \u00e9tat<\/strong>, elles sont parfaites pour <strong data-start=\"3787\" data-end=\"3851\">sublimer une tenue ou enrichir une collection Chanel vintage<\/strong> \u2014 <strong data-start=\"3854\" data-end=\"3889\">un choix \u00e9l\u00e9gant et strat\u00e9gique<\/strong> dans l\u2019univers du bijou de luxe certifi\u00e9.<\/p>\n<p>Suivez &#8211; nous sur <a href=\"https:\/\/www.facebook.com\/TheVintageTravelerFR\">Facebook<\/a> et <a href=\"https:\/\/www.instagram.com\/the_vintagetraveler\/?igsh=aXdsbDJkdnpwZjcx#\">Instagram<\/a><\/p>\n","protected":false},"excerpt":{"rendered":"<p data-start=\"785\" data-end=\"974\">Boucles d\u2019oreilles Chanel vintage Gripoix dor\u00e9es, dat\u00e9es de 2003. M\u00e9lange de rouge, vert et orange. Tr\u00e8s bon \u00e9tat. Pi\u00e8ce color\u00e9e, certifi\u00e9e, couture.<\/p>\n","protected":false},"featured_media":5056,"template":"","meta":[],"product_brand":[],"product_cat":[302,124,274],"product_tag":[166,287],"class_list":{"0":"post-5052","1":"product","2":"type-product","3":"status-publish","4":"has-post-thumbnail","6":"product_cat-jewelry","7":"product_cat-chanel-bijoux","8":"product_cat-news","9":"product_tag-bijouxchanel","10":"product_tag-chanel","12":"first","13":"instock","14":"sold-individually","15":"shipping-taxable","16":"purchasable","17":"product-type-simple"},"yoast_head":"<!-- This site is optimized with the Yoast SEO plugin v27.1.1 - https:\/\/yoast.com\/product\/yoast-seo-wordpress\/ -->\n<title>Boucles d\u2019Oreilles Chanel Gripoix 2003 Vintage | TheVintageTraveler<\/title>\n<meta name=\"description\" content=\"Boucles d\u2019oreilles Chanel vintage Gripoix 2003. Dor\u00e9es, rouge, vert, orange. Tr\u00e8s bon \u00e9tat. Bijou couture iconique, certifi\u00e9 et color\u00e9.\" \/>\n<meta name=\"robots\" content=\"index, follow, max-snippet:-1, max-image-preview:large, max-video-preview:-1\" \/>\n<link rel=\"canonical\" href=\"https:\/\/thevintagetraveler.com\/en\/produit\/boucles-oreilles-chanel-vintage-gripoix-2003\/\" \/>\n<meta property=\"og:locale\" content=\"en_US\" \/>\n<meta property=\"og:type\" content=\"article\" \/>\n<meta property=\"og:title\" content=\"Boucles d\u2019Oreilles Chanel Gripoix 2003 Vintage | TheVintageTraveler\" \/>\n<meta property=\"og:description\" content=\"Boucles d\u2019oreilles Chanel vintage Gripoix 2003. Dor\u00e9es, rouge, vert, orange. Tr\u00e8s bon \u00e9tat. Bijou couture iconique, certifi\u00e9 et color\u00e9.\" \/>\n<meta property=\"og:url\" content=\"https:\/\/thevintagetraveler.com\/en\/produit\/boucles-oreilles-chanel-vintage-gripoix-2003\/\" \/>\n<meta property=\"og:site_name\" content=\"TheVintageTraveler\" \/>\n<meta property=\"article:publisher\" content=\"https:\/\/www.facebook.com\/TheVintageTravelerFR\/\" \/>\n<meta property=\"article:modified_time\" content=\"2025-06-19T12:49:00+00:00\" \/>\n<meta property=\"og:image\" content=\"https:\/\/thevintagetraveler.com\/wp-content\/uploads\/2025\/06\/image00031.jpeg\" \/>\n\t<meta property=\"og:image:width\" content=\"1800\" \/>\n\t<meta property=\"og:image:height\" content=\"2400\" \/>\n\t<meta property=\"og:image:type\" content=\"image\/jpeg\" \/>\n<meta name=\"twitter:card\" content=\"summary_large_image\" \/>\n<meta name=\"twitter:label1\" content=\"Est. reading time\" \/>\n\t<meta name=\"twitter:data1\" content=\"3 minutes\" \/>\n<script type=\"application\/ld+json\" class=\"yoast-schema-graph\">{\"@context\":\"https:\/\/schema.org\",\"@graph\":[{\"@type\":\"WebPage\",\"@id\":\"https:\/\/thevintagetraveler.com\/en\/produit\/boucles-oreilles-chanel-vintage-gripoix-2003\/\",\"url\":\"https:\/\/thevintagetraveler.com\/en\/produit\/boucles-oreilles-chanel-vintage-gripoix-2003\/\",\"name\":\"Boucles d\u2019Oreilles Chanel Gripoix 2003 Vintage | TheVintageTraveler\",\"isPartOf\":{\"@id\":\"https:\/\/thevintagetraveler.com\/en\/#website\"},\"primaryImageOfPage\":{\"@id\":\"https:\/\/thevintagetraveler.com\/en\/produit\/boucles-oreilles-chanel-vintage-gripoix-2003\/#primaryimage\"},\"image\":{\"@id\":\"https:\/\/thevintagetraveler.com\/en\/produit\/boucles-oreilles-chanel-vintage-gripoix-2003\/#primaryimage\"},\"thumbnailUrl\":\"https:\/\/thevintagetraveler.com\/wp-content\/uploads\/2025\/06\/image00031.jpeg\",\"datePublished\":\"2025-06-19T12:43:01+00:00\",\"dateModified\":\"2025-06-19T12:49:00+00:00\",\"description\":\"Boucles d\u2019oreilles Chanel vintage Gripoix 2003. Dor\u00e9es, rouge, vert, orange. Tr\u00e8s bon \u00e9tat. Bijou couture iconique, certifi\u00e9 et color\u00e9.\",\"breadcrumb\":{\"@id\":\"https:\/\/thevintagetraveler.com\/en\/produit\/boucles-oreilles-chanel-vintage-gripoix-2003\/#breadcrumb\"},\"inLanguage\":\"en-US\",\"potentialAction\":[{\"@type\":\"ReadAction\",\"target\":[\"https:\/\/thevintagetraveler.com\/en\/produit\/boucles-oreilles-chanel-vintage-gripoix-2003\/\"]}]},{\"@type\":\"ImageObject\",\"inLanguage\":\"en-US\",\"@id\":\"https:\/\/thevintagetraveler.com\/en\/produit\/boucles-oreilles-chanel-vintage-gripoix-2003\/#primaryimage\",\"url\":\"https:\/\/thevintagetraveler.com\/wp-content\/uploads\/2025\/06\/image00031.jpeg\",\"contentUrl\":\"https:\/\/thevintagetraveler.com\/wp-content\/uploads\/2025\/06\/image00031.jpeg\",\"width\":1800,\"height\":2400,\"caption\":\"boucles d\u2019oreilles Chanel vintage Gripoix 2003\"},{\"@type\":\"BreadcrumbList\",\"@id\":\"https:\/\/thevintagetraveler.com\/en\/produit\/boucles-oreilles-chanel-vintage-gripoix-2003\/#breadcrumb\",\"itemListElement\":[{\"@type\":\"ListItem\",\"position\":1,\"name\":\"Accueil\",\"item\":\"https:\/\/thevintagetraveler.com\/en\/\"},{\"@type\":\"ListItem\",\"position\":2,\"name\":\"Shop\",\"item\":\"https:\/\/thevintagetraveler.com\/shop\/\"},{\"@type\":\"ListItem\",\"position\":3,\"name\":\"Boucles d&rsquo;oreilles Chanel vintage gripoix 2003\"}]},{\"@type\":\"WebSite\",\"@id\":\"https:\/\/thevintagetraveler.com\/en\/#website\",\"url\":\"https:\/\/thevintagetraveler.com\/en\/\",\"name\":\"TheVintageTraveler\",\"description\":\"Luxury experts in Louis Vuitton, Chanel &amp; Herm\u00e8s\",\"publisher\":{\"@id\":\"https:\/\/thevintagetraveler.com\/en\/#organization\"},\"potentialAction\":[{\"@type\":\"SearchAction\",\"target\":{\"@type\":\"EntryPoint\",\"urlTemplate\":\"https:\/\/thevintagetraveler.com\/en\/?s={search_term_string}\"},\"query-input\":{\"@type\":\"PropertyValueSpecification\",\"valueRequired\":true,\"valueName\":\"search_term_string\"}}],\"inLanguage\":\"en-US\"},{\"@type\":\"Organization\",\"@id\":\"https:\/\/thevintagetraveler.com\/en\/#organization\",\"name\":\"TheVintageTraveler\",\"url\":\"https:\/\/thevintagetraveler.com\/en\/\",\"logo\":{\"@type\":\"ImageObject\",\"inLanguage\":\"en-US\",\"@id\":\"https:\/\/thevintagetraveler.com\/en\/#\/schema\/logo\/image\/\",\"url\":\"https:\/\/thevintagetraveler.com\/wp-content\/uploads\/2025\/04\/LOGO-THE-VINTAGE-TRAVELER-FINAL-e1745392697678.png\",\"contentUrl\":\"https:\/\/thevintagetraveler.com\/wp-content\/uploads\/2025\/04\/LOGO-THE-VINTAGE-TRAVELER-FINAL-e1745392697678.png\",\"width\":798,\"height\":318,\"caption\":\"TheVintageTraveler\"},\"image\":{\"@id\":\"https:\/\/thevintagetraveler.com\/en\/#\/schema\/logo\/image\/\"},\"sameAs\":[\"https:\/\/www.facebook.com\/TheVintageTravelerFR\/\",\"https:\/\/www.instagram.com\/the_vintagetraveler\"]}]}<\/script>\n<!-- \/ Yoast SEO plugin. -->","yoast_head_json":{"title":"Boucles d\u2019Oreilles Chanel Gripoix 2003 Vintage | TheVintageTraveler","description":"Boucles d\u2019oreilles Chanel vintage Gripoix 2003. Dor\u00e9es, rouge, vert, orange. Tr\u00e8s bon \u00e9tat. Bijou couture iconique, certifi\u00e9 et color\u00e9.","robots":{"index":"index","follow":"follow","max-snippet":"max-snippet:-1","max-image-preview":"max-image-preview:large","max-video-preview":"max-video-preview:-1"},"canonical":"https:\/\/thevintagetraveler.com\/en\/produit\/boucles-oreilles-chanel-vintage-gripoix-2003\/","og_locale":"en_US","og_type":"article","og_title":"Boucles d\u2019Oreilles Chanel Gripoix 2003 Vintage | TheVintageTraveler","og_description":"Boucles d\u2019oreilles Chanel vintage Gripoix 2003. Dor\u00e9es, rouge, vert, orange. Tr\u00e8s bon \u00e9tat. Bijou couture iconique, certifi\u00e9 et color\u00e9.","og_url":"https:\/\/thevintagetraveler.com\/en\/produit\/boucles-oreilles-chanel-vintage-gripoix-2003\/","og_site_name":"TheVintageTraveler","article_publisher":"https:\/\/www.facebook.com\/TheVintageTravelerFR\/","article_modified_time":"2025-06-19T12:49:00+00:00","og_image":[{"width":1800,"height":2400,"url":"https:\/\/thevintagetraveler.com\/wp-content\/uploads\/2025\/06\/image00031.jpeg","type":"image\/jpeg"}],"twitter_card":"summary_large_image","twitter_misc":{"Est. reading time":"3 minutes"},"schema":{"@context":"https:\/\/schema.org","@graph":[{"@type":"WebPage","@id":"https:\/\/thevintagetraveler.com\/en\/produit\/boucles-oreilles-chanel-vintage-gripoix-2003\/","url":"https:\/\/thevintagetraveler.com\/en\/produit\/boucles-oreilles-chanel-vintage-gripoix-2003\/","name":"Boucles d\u2019Oreilles Chanel Gripoix 2003 Vintage | TheVintageTraveler","isPartOf":{"@id":"https:\/\/thevintagetraveler.com\/en\/#website"},"primaryImageOfPage":{"@id":"https:\/\/thevintagetraveler.com\/en\/produit\/boucles-oreilles-chanel-vintage-gripoix-2003\/#primaryimage"},"image":{"@id":"https:\/\/thevintagetraveler.com\/en\/produit\/boucles-oreilles-chanel-vintage-gripoix-2003\/#primaryimage"},"thumbnailUrl":"https:\/\/thevintagetraveler.com\/wp-content\/uploads\/2025\/06\/image00031.jpeg","datePublished":"2025-06-19T12:43:01+00:00","dateModified":"2025-06-19T12:49:00+00:00","description":"Boucles d\u2019oreilles Chanel vintage Gripoix 2003. Dor\u00e9es, rouge, vert, orange. Tr\u00e8s bon \u00e9tat. Bijou couture iconique, certifi\u00e9 et color\u00e9.","breadcrumb":{"@id":"https:\/\/thevintagetraveler.com\/en\/produit\/boucles-oreilles-chanel-vintage-gripoix-2003\/#breadcrumb"},"inLanguage":"en-US","potentialAction":[{"@type":"ReadAction","target":["https:\/\/thevintagetraveler.com\/en\/produit\/boucles-oreilles-chanel-vintage-gripoix-2003\/"]}]},{"@type":"ImageObject","inLanguage":"en-US","@id":"https:\/\/thevintagetraveler.com\/en\/produit\/boucles-oreilles-chanel-vintage-gripoix-2003\/#primaryimage","url":"https:\/\/thevintagetraveler.com\/wp-content\/uploads\/2025\/06\/image00031.jpeg","contentUrl":"https:\/\/thevintagetraveler.com\/wp-content\/uploads\/2025\/06\/image00031.jpeg","width":1800,"height":2400,"caption":"boucles d\u2019oreilles Chanel vintage Gripoix 2003"},{"@type":"BreadcrumbList","@id":"https:\/\/thevintagetraveler.com\/en\/produit\/boucles-oreilles-chanel-vintage-gripoix-2003\/#breadcrumb","itemListElement":[{"@type":"ListItem","position":1,"name":"Accueil","item":"https:\/\/thevintagetraveler.com\/en\/"},{"@type":"ListItem","position":2,"name":"Shop","item":"https:\/\/thevintagetraveler.com\/shop\/"},{"@type":"ListItem","position":3,"name":"Boucles d&rsquo;oreilles Chanel vintage gripoix 2003"}]},{"@type":"WebSite","@id":"https:\/\/thevintagetraveler.com\/en\/#website","url":"https:\/\/thevintagetraveler.com\/en\/","name":"TheVintageTraveler","description":"Luxury experts in Louis Vuitton, Chanel &amp; Herm\u00e8s","publisher":{"@id":"https:\/\/thevintagetraveler.com\/en\/#organization"},"potentialAction":[{"@type":"SearchAction","target":{"@type":"EntryPoint","urlTemplate":"https:\/\/thevintagetraveler.com\/en\/?s={search_term_string}"},"query-input":{"@type":"PropertyValueSpecification","valueRequired":true,"valueName":"search_term_string"}}],"inLanguage":"en-US"},{"@type":"Organization","@id":"https:\/\/thevintagetraveler.com\/en\/#organization","name":"TheVintageTraveler","url":"https:\/\/thevintagetraveler.com\/en\/","logo":{"@type":"ImageObject","inLanguage":"en-US","@id":"https:\/\/thevintagetraveler.com\/en\/#\/schema\/logo\/image\/","url":"https:\/\/thevintagetraveler.com\/wp-content\/uploads\/2025\/04\/LOGO-THE-VINTAGE-TRAVELER-FINAL-e1745392697678.png","contentUrl":"https:\/\/thevintagetraveler.com\/wp-content\/uploads\/2025\/04\/LOGO-THE-VINTAGE-TRAVELER-FINAL-e1745392697678.png","width":798,"height":318,"caption":"TheVintageTraveler"},"image":{"@id":"https:\/\/thevintagetraveler.com\/en\/#\/schema\/logo\/image\/"},"sameAs":["https:\/\/www.facebook.com\/TheVintageTravelerFR\/","https:\/\/www.instagram.com\/the_vintagetraveler"]}]}},"_links":{"self":[{"href":"https:\/\/thevintagetraveler.com\/en\/wp-json\/wp\/v2\/product\/5052","targetHints":{"allow":["GET"]}}],"collection":[{"href":"https:\/\/thevintagetraveler.com\/en\/wp-json\/wp\/v2\/product"}],"about":[{"href":"https:\/\/thevintagetraveler.com\/en\/wp-json\/wp\/v2\/types\/product"}],"wp:featuredmedia":[{"embeddable":true,"href":"https:\/\/thevintagetraveler.com\/en\/wp-json\/wp\/v2\/media\/5056"}],"wp:attachment":[{"href":"https:\/\/thevintagetraveler.com\/en\/wp-json\/wp\/v2\/media?parent=5052"}],"wp:term":[{"taxonomy":"product_brand","embeddable":true,"href":"https:\/\/thevintagetraveler.com\/en\/wp-json\/wp\/v2\/product_brand?post=5052"},{"taxonomy":"product_cat","embeddable":true,"href":"https:\/\/thevintagetraveler.com\/en\/wp-json\/wp\/v2\/product_cat?post=5052"},{"taxonomy":"product_tag","embeddable":true,"href":"https:\/\/thevintagetraveler.com\/en\/wp-json\/wp\/v2\/product_tag?post=5052"}],"curies":[{"name":"wp","href":"https:\/\/api.w.org\/{rel}","templated":true}]}}