{"id":5067,"date":"2024-06-19T14:58:16","date_gmt":"2024-06-19T12:58:16","guid":{"rendered":"https:\/\/thevintagetraveler.com\/?post_type=product&#038;p=5067"},"modified":"2025-09-16T14:58:17","modified_gmt":"2025-09-16T12:58:17","slug":"birkin-30-hermes-epsom-bleu-electrique-thalassa-spa","status":"publish","type":"product","link":"https:\/\/thevintagetraveler.com\/en\/produit\/birkin-30-hermes-epsom-bleu-electrique-thalassa-spa\/","title":{"rendered":"Sac Herm\u00e8s Birkin 30 Bleu \u00e9l\u00e9ctrique x Thalassa"},"content":{"rendered":"<h3 data-start=\"1081\" data-end=\"1162\">Sac Herm\u00e8s Birkin 30 \u2013 Cuir Epsom \u00c9lectrique &amp; Int\u00e9rieur Thalassa, SPA Herm\u00e8s<\/h3>\n<p data-start=\"1164\" data-end=\"1511\">Ce <strong data-start=\"1167\" data-end=\"1191\">sac Herm\u00e8s Birkin 30<\/strong> est une <strong data-start=\"1200\" data-end=\"1230\">pi\u00e8ce rare et sophistiqu\u00e9e<\/strong>, en <strong data-start=\"1235\" data-end=\"1249\">cuir Epsom<\/strong>, avec une association de couleurs recherch\u00e9e : <strong data-start=\"1297\" data-end=\"1326\">ext\u00e9rieur bleu \u00c9lectrique<\/strong> et <strong data-start=\"1330\" data-end=\"1357\">int\u00e9rieur bleu Thalassa<\/strong>. Il est dot\u00e9 de <strong data-start=\"1374\" data-end=\"1409\">finitions palladium (argent\u00e9es)<\/strong> et a r\u00e9cemment \u00e9t\u00e9 <strong data-start=\"1429\" data-end=\"1471\">enti\u00e8rement restaur\u00e9 par le SPA Herm\u00e8s<\/strong>, garantissant un <strong data-start=\"1489\" data-end=\"1510\">\u00e9tat exceptionnel<\/strong>.<\/p>\n<p data-start=\"1513\" data-end=\"1676\">\u00c0 la fois <strong data-start=\"1523\" data-end=\"1577\">esth\u00e9tique, structur\u00e9 et hautement collectionnable<\/strong>, ce Birkin est une <strong data-start=\"1597\" data-end=\"1634\">valeur s\u00fbre pour l\u2019investissement<\/strong>, aussi d\u00e9sirable \u00e0 porter qu\u2019\u00e0 conserver.<\/p>\n<hr data-start=\"1678\" data-end=\"1681\" \/>\n<h3 data-start=\"1683\" data-end=\"1724\">Couleurs Herm\u00e8s : audace et subtilit\u00e9<\/h3>\n<ul data-start=\"1726\" data-end=\"2072\">\n<li data-start=\"1726\" data-end=\"1855\">\n<p data-start=\"1728\" data-end=\"1855\">Le <strong data-start=\"1731\" data-end=\"1750\">bleu \u00c9lectrique<\/strong> est l\u2019un des coloris les plus \u00e9clatants et vibrants de la maison, un bleu intense au caract\u00e8re affirm\u00e9<\/p>\n<\/li>\n<li data-start=\"1856\" data-end=\"1975\">\n<p data-start=\"1858\" data-end=\"1975\">Le <strong data-start=\"1861\" data-end=\"1878\">bleu Thalassa<\/strong>, plus discret et profond, contraste \u00e9l\u00e9gamment avec l\u2019ext\u00e9rieur pour un jeu de teintes raffin\u00e9<\/p>\n<\/li>\n<li data-start=\"1976\" data-end=\"2072\">\n<p data-start=\"1978\" data-end=\"2072\">Ce duo bleu\/bleu conf\u00e8re au sac <strong data-start=\"2010\" data-end=\"2041\">modernit\u00e9 et sophistication<\/strong>, rare sur le march\u00e9 secondaire<\/p>\n<\/li>\n<\/ul>\n<hr data-start=\"2074\" data-end=\"2077\" \/>\n<h3 data-start=\"2079\" data-end=\"2120\">Le cuir Epsom : l\u00e9g\u00e8ret\u00e9 et structure<\/h3>\n<ul data-start=\"2122\" data-end=\"2307\">\n<li data-start=\"2122\" data-end=\"2170\">\n<p data-start=\"2124\" data-end=\"2170\"><strong data-start=\"2124\" data-end=\"2146\">Cuir grain\u00e9 press\u00e9<\/strong>, r\u00e9sistant et \u00e9l\u00e9gant<\/p>\n<\/li>\n<li data-start=\"2171\" data-end=\"2240\">\n<p data-start=\"2173\" data-end=\"2240\"><strong data-start=\"2173\" data-end=\"2192\">L\u00e9ger et rigide<\/strong>, il garde parfaitement sa forme dans le temps<\/p>\n<\/li>\n<li data-start=\"2241\" data-end=\"2307\">\n<p data-start=\"2243\" data-end=\"2307\">Tr\u00e8s facile d\u2019entretien, parfait pour un usage quotidien de luxe<\/p>\n<\/li>\n<\/ul>\n<hr data-start=\"2309\" data-end=\"2312\" \/>\n<h3 data-start=\"2314\" data-end=\"2345\">Caract\u00e9ristiques du produit<\/h3>\n<ul data-start=\"2347\" data-end=\"2853\">\n<li data-start=\"2347\" data-end=\"2370\">\n<p data-start=\"2349\" data-end=\"2370\"><strong data-start=\"2349\" data-end=\"2361\">Marque :<\/strong> <a href=\"https:\/\/thevintagetraveler.com\/guide-des-couleurs-hermes-par-type-de-cuir-tout-savoir-pour-choisir-son-sac-vintage\/\">Herm\u00e8s<\/a><\/p>\n<\/li>\n<li data-start=\"2371\" data-end=\"2397\">\n<p data-start=\"2373\" data-end=\"2397\"><strong data-start=\"2373\" data-end=\"2385\">Mod\u00e8le :<\/strong> Birkin 30<\/p>\n<\/li>\n<li data-start=\"2398\" data-end=\"2418\">\n<p data-start=\"2400\" data-end=\"2418\"><strong data-start=\"2400\" data-end=\"2410\">Cuir :<\/strong> Epsom<\/p>\n<\/li>\n<li data-start=\"2419\" data-end=\"2479\">\n<p data-start=\"2421\" data-end=\"2479\"><strong data-start=\"2421\" data-end=\"2435\">Couleurs :<\/strong> Ext\u00e9rieur \u00c9lectrique \/ Int\u00e9rieur Thalassa<\/p>\n<\/li>\n<li data-start=\"2480\" data-end=\"2521\">\n<p data-start=\"2482\" data-end=\"2521\"><strong data-start=\"2482\" data-end=\"2497\">Finitions :<\/strong> Palladium (argent\u00e9es)<\/p>\n<\/li>\n<li data-start=\"2522\" data-end=\"2585\">\n<p data-start=\"2524\" data-end=\"2585\"><strong data-start=\"2524\" data-end=\"2540\">SPA Herm\u00e8s :<\/strong> Oui, \u00e9tat apr\u00e8s restauration maison Herm\u00e8s<\/p>\n<\/li>\n<li data-start=\"2586\" data-end=\"2642\">\n<p data-start=\"2588\" data-end=\"2642\"><strong data-start=\"2588\" data-end=\"2603\">Fermeture :<\/strong> Rabat \u00e0 sanglons, cadenas, clochette<\/p>\n<\/li>\n<li data-start=\"2643\" data-end=\"2689\">\n<p data-start=\"2645\" data-end=\"2689\"><strong data-start=\"2645\" data-end=\"2656\">Ann\u00e9e :<\/strong> 2011<\/p>\n<\/li>\n<li data-start=\"2690\" data-end=\"2710\">\n<p data-start=\"2692\" data-end=\"2710\"><strong data-start=\"2692\" data-end=\"2703\">Port\u00e9 :<\/strong> Main<\/p>\n<\/li>\n<li data-start=\"2711\" data-end=\"2761\">\n<p data-start=\"2713\" data-end=\"2761\"><strong data-start=\"2713\" data-end=\"2723\">\u00c9tat :<\/strong> Exceptionnel \u2013 revenu du SPA Herm\u00e8s<\/p>\n<\/li>\n<li data-start=\"2762\" data-end=\"2853\">\n<p data-start=\"2764\" data-end=\"2853\"><strong data-start=\"2764\" data-end=\"2786\">Authentification :<\/strong> Certifi\u00e9 \u2013 livr\u00e9 avec certificat d\u2019authenticit\u00e9 TheVintageTraveler<\/p>\n<\/li>\n<\/ul>\n<hr data-start=\"2855\" data-end=\"2858\" \/>\n<h3 data-start=\"2860\" data-end=\"2912\">Une pi\u00e8ce d\u2019exception, \u00e0 collectionner ou porter<\/h3>\n<p data-start=\"2914\" data-end=\"2943\">Ce Birkin 30 est id\u00e9al pour :<\/p>\n<ul data-start=\"2945\" data-end=\"3219\">\n<li data-start=\"2945\" data-end=\"3010\">\n<p data-start=\"2947\" data-end=\"3010\"><strong data-start=\"2947\" data-end=\"3008\">Compl\u00e9ter une collection Herm\u00e8s avec une combinaison rare<\/strong><\/p>\n<\/li>\n<li data-start=\"3011\" data-end=\"3069\">\n<p data-start=\"3013\" data-end=\"3069\">\u00catre <strong data-start=\"3018\" data-end=\"3067\">port\u00e9 avec \u00e9l\u00e9gance au quotidien ou en soir\u00e9e<\/strong><\/p>\n<\/li>\n<li data-start=\"3070\" data-end=\"3139\">\n<p data-start=\"3072\" data-end=\"3139\"><strong data-start=\"3072\" data-end=\"3137\">Investir dans une pi\u00e8ce certifi\u00e9e, r\u00e9vis\u00e9e et pr\u00eate \u00e0 l\u2019usage<\/strong><\/p>\n<\/li>\n<li data-start=\"3140\" data-end=\"3219\">\n<p data-start=\"3142\" data-end=\"3219\">Profiter d\u2019un <strong data-start=\"3156\" data-end=\"3186\">mod\u00e8le restaur\u00e9 par Herm\u00e8s<\/strong>, gage de confiance et de qualit\u00e9<\/p>\n<\/li>\n<\/ul>\n<hr data-start=\"3221\" data-end=\"3224\" \/>\n<h3 data-start=\"3226\" data-end=\"3289\">Pourquoi investir dans ce Birkin 30 \u00c9lectrique &amp; Thalassa ?<\/h3>\n<ul data-start=\"3291\" data-end=\"3591\">\n<li data-start=\"3291\" data-end=\"3377\">\n<p data-start=\"3293\" data-end=\"3377\"><strong data-start=\"3293\" data-end=\"3331\">Couleurs rares et tr\u00e8s recherch\u00e9es<\/strong>, notamment en contraste int\u00e9rieur\/ext\u00e9rieur<\/p>\n<\/li>\n<li data-start=\"3378\" data-end=\"3436\">\n<p data-start=\"3380\" data-end=\"3436\"><strong data-start=\"3380\" data-end=\"3401\">SPA Herm\u00e8s r\u00e9cent<\/strong>, assurant un \u00e9tat proche du neuf<\/p>\n<\/li>\n<li data-start=\"3437\" data-end=\"3487\">\n<p data-start=\"3439\" data-end=\"3487\"><strong data-start=\"3439\" data-end=\"3462\">Finitions palladium<\/strong>, \u00e9l\u00e9gantes et modernes<\/p>\n<\/li>\n<li data-start=\"3488\" data-end=\"3541\">\n<p data-start=\"3490\" data-end=\"3541\"><strong data-start=\"3490\" data-end=\"3504\">Cuir Epsom<\/strong>, id\u00e9al pour garder la forme du sac<\/p>\n<\/li>\n<li data-start=\"3542\" data-end=\"3591\">\n<p data-start=\"3544\" data-end=\"3591\"><strong data-start=\"3544\" data-end=\"3560\">Format 30 cm<\/strong>, le plus demand\u00e9 sur le march\u00e9<\/p>\n<\/li>\n<\/ul>\n<hr data-start=\"3593\" data-end=\"3596\" \/>\n<h3 data-start=\"3598\" data-end=\"3644\">Pourquoi acheter chez TheVintageTraveler ?<\/h3>\n<p data-start=\"3646\" data-end=\"3694\">Chez <strong data-start=\"3651\" data-end=\"3673\">TheVintageTraveler<\/strong>, chaque Birkin est :<\/p>\n<ul data-start=\"3696\" data-end=\"3997\">\n<li data-start=\"3696\" data-end=\"3762\">\n<p data-start=\"3698\" data-end=\"3762\"><strong data-start=\"3698\" data-end=\"3728\">Authentifi\u00e9 rigoureusement<\/strong>, avec historique et tra\u00e7abilit\u00e9<\/p>\n<\/li>\n<li data-start=\"3763\" data-end=\"3807\">\n<p data-start=\"3765\" data-end=\"3807\">Livr\u00e9 avec <strong data-start=\"3776\" data-end=\"3805\">certificat d\u2019authenticit\u00e9<\/strong><\/p>\n<\/li>\n<li data-start=\"3808\" data-end=\"3886\">\n<p data-start=\"3810\" data-end=\"3886\">S\u00e9lectionn\u00e9 pour son <strong data-start=\"3831\" data-end=\"3884\">\u00e9tat, sa raret\u00e9 et son potentiel d\u2019investissement<\/strong><\/p>\n<\/li>\n<li data-start=\"3887\" data-end=\"3997\">\n<p data-start=\"3889\" data-end=\"3997\">Disponible en <strong data-start=\"3903\" data-end=\"3954\">retrait showroom (March\u00e9 Serpette \u2013 Saint-Ouen)<\/strong> ou <strong data-start=\"3958\" data-end=\"3997\">exp\u00e9dition s\u00e9curis\u00e9e internationale<\/strong><\/p>\n<\/li>\n<\/ul>\n<hr data-start=\"3999\" data-end=\"4002\" \/>\n<h3 data-start=\"4004\" data-end=\"4018\">Conclusion<\/h3>\n<p data-start=\"4020\" data-end=\"4375\">Ce <strong data-start=\"4023\" data-end=\"4073\">Birkin 30 Herm\u00e8s en cuir Epsom bleu \u00c9lectrique<\/strong>, avec <strong data-start=\"4080\" data-end=\"4102\">int\u00e9rieur Thalassa<\/strong> et <strong data-start=\"4106\" data-end=\"4129\">finitions argent\u00e9es<\/strong>, est une <strong data-start=\"4139\" data-end=\"4174\">pi\u00e8ce de collection remarquable<\/strong>, en <strong data-start=\"4179\" data-end=\"4220\">\u00e9tat exceptionnel suite au SPA Herm\u00e8s<\/strong>. Rare, vibrant, structur\u00e9 et certifi\u00e9, il constitue un <strong data-start=\"4276\" data-end=\"4308\">investissement haut de gamme<\/strong>, aussi \u00e9l\u00e9gant \u00e0 porter qu\u2019\u00e0 conserver dans une collection Herm\u00e8s.<\/p>\n<p>Suivez &#8211; nous sur <a href=\"https:\/\/www.facebook.com\/TheVintageTravelerFR\">Facebook<\/a> et <a href=\"https:\/\/www.instagram.com\/the_vintagetraveler\/?igsh=aXdsbDJkdnpwZjcx#\">Instagram<\/a><\/p>\n","protected":false},"excerpt":{"rendered":"<p>Birkin 30 Herm\u00e8s en cuir Epsom ext\u00e9rieur \u00c9lectrique, int\u00e9rieur Thalassa. Revenu du SPA Herm\u00e8s. Finitions argent. \u00c9tat exceptionnel. Pi\u00e8ce certifi\u00e9e.<\/p>\n","protected":false},"featured_media":5069,"template":"","meta":[],"product_brand":[],"product_cat":[115,140,152,112],"product_tag":[136,153],"class_list":{"0":"post-5067","1":"product","2":"type-product","3":"status-publish","4":"has-post-thumbnail","6":"product_cat-hermes","7":"product_cat-nouveautes","8":"product_cat-sac-a-main","9":"product_cat-sacs","10":"product_tag-hermes","11":"product_tag-hermesbirkin","13":"first","14":"outofstock","15":"sold-individually","16":"shipping-taxable","17":"purchasable","18":"product-type-simple"},"yoast_head":"<!-- This site is optimized with the Yoast SEO plugin v27.1.1 - https:\/\/yoast.com\/product\/yoast-seo-wordpress\/ -->\n<title>Birkin 30 Herm\u00e8s Epsom Bleu \u00c9lectrique &amp; Thalassa | TheVintageTraveler<\/title>\n<meta name=\"description\" content=\"Birkin 30 Herm\u00e8s Epsom ext\u00e9rieur \u00c9lectrique, int\u00e9rieur Thalassa, finitions argent. Revenu du SPA Herm\u00e8s. \u00c9tat exceptionnel, investissement s\u00fbr.\" \/>\n<meta name=\"robots\" content=\"index, follow, max-snippet:-1, max-image-preview:large, max-video-preview:-1\" \/>\n<link rel=\"canonical\" href=\"https:\/\/thevintagetraveler.com\/en\/produit\/birkin-30-hermes-epsom-bleu-electrique-thalassa-spa\/\" \/>\n<meta property=\"og:locale\" content=\"en_US\" \/>\n<meta property=\"og:type\" content=\"article\" \/>\n<meta property=\"og:title\" content=\"Birkin 30 Herm\u00e8s Epsom Bleu \u00c9lectrique &amp; Thalassa | TheVintageTraveler\" \/>\n<meta property=\"og:description\" content=\"Birkin 30 Herm\u00e8s Epsom ext\u00e9rieur \u00c9lectrique, int\u00e9rieur Thalassa, finitions argent. Revenu du SPA Herm\u00e8s. \u00c9tat exceptionnel, investissement s\u00fbr.\" \/>\n<meta property=\"og:url\" content=\"https:\/\/thevintagetraveler.com\/en\/produit\/birkin-30-hermes-epsom-bleu-electrique-thalassa-spa\/\" \/>\n<meta property=\"og:site_name\" content=\"TheVintageTraveler\" \/>\n<meta property=\"article:publisher\" content=\"https:\/\/www.facebook.com\/TheVintageTravelerFR\/\" \/>\n<meta property=\"article:modified_time\" content=\"2025-09-16T12:58:17+00:00\" \/>\n<meta property=\"og:image\" content=\"https:\/\/thevintagetraveler.com\/wp-content\/uploads\/2025\/06\/image00012.jpeg\" \/>\n\t<meta property=\"og:image:width\" content=\"1800\" \/>\n\t<meta property=\"og:image:height\" content=\"2400\" \/>\n\t<meta property=\"og:image:type\" content=\"image\/jpeg\" \/>\n<meta name=\"twitter:card\" content=\"summary_large_image\" \/>\n<meta name=\"twitter:label1\" content=\"Est. reading time\" \/>\n\t<meta name=\"twitter:data1\" content=\"3 minutes\" \/>\n<script type=\"application\/ld+json\" class=\"yoast-schema-graph\">{\"@context\":\"https:\/\/schema.org\",\"@graph\":[{\"@type\":\"WebPage\",\"@id\":\"https:\/\/thevintagetraveler.com\/en\/produit\/birkin-30-hermes-epsom-bleu-electrique-thalassa-spa\/\",\"url\":\"https:\/\/thevintagetraveler.com\/en\/produit\/birkin-30-hermes-epsom-bleu-electrique-thalassa-spa\/\",\"name\":\"Birkin 30 Herm\u00e8s Epsom Bleu \u00c9lectrique & Thalassa | TheVintageTraveler\",\"isPartOf\":{\"@id\":\"https:\/\/thevintagetraveler.com\/en\/#website\"},\"primaryImageOfPage\":{\"@id\":\"https:\/\/thevintagetraveler.com\/en\/produit\/birkin-30-hermes-epsom-bleu-electrique-thalassa-spa\/#primaryimage\"},\"image\":{\"@id\":\"https:\/\/thevintagetraveler.com\/en\/produit\/birkin-30-hermes-epsom-bleu-electrique-thalassa-spa\/#primaryimage\"},\"thumbnailUrl\":\"https:\/\/thevintagetraveler.com\/wp-content\/uploads\/2025\/06\/image00012.jpeg\",\"datePublished\":\"2024-06-19T12:58:16+00:00\",\"dateModified\":\"2025-09-16T12:58:17+00:00\",\"description\":\"Birkin 30 Herm\u00e8s Epsom ext\u00e9rieur \u00c9lectrique, int\u00e9rieur Thalassa, finitions argent. Revenu du SPA Herm\u00e8s. \u00c9tat exceptionnel, investissement s\u00fbr.\",\"breadcrumb\":{\"@id\":\"https:\/\/thevintagetraveler.com\/en\/produit\/birkin-30-hermes-epsom-bleu-electrique-thalassa-spa\/#breadcrumb\"},\"inLanguage\":\"en-US\",\"potentialAction\":[{\"@type\":\"ReadAction\",\"target\":[\"https:\/\/thevintagetraveler.com\/en\/produit\/birkin-30-hermes-epsom-bleu-electrique-thalassa-spa\/\"]}]},{\"@type\":\"ImageObject\",\"inLanguage\":\"en-US\",\"@id\":\"https:\/\/thevintagetraveler.com\/en\/produit\/birkin-30-hermes-epsom-bleu-electrique-thalassa-spa\/#primaryimage\",\"url\":\"https:\/\/thevintagetraveler.com\/wp-content\/uploads\/2025\/06\/image00012.jpeg\",\"contentUrl\":\"https:\/\/thevintagetraveler.com\/wp-content\/uploads\/2025\/06\/image00012.jpeg\",\"width\":1800,\"height\":2400,\"caption\":\"sac Herm\u00e8s Birkin 30 Epsom bleu \u00e9lectrique Thalassa SPA\"},{\"@type\":\"BreadcrumbList\",\"@id\":\"https:\/\/thevintagetraveler.com\/en\/produit\/birkin-30-hermes-epsom-bleu-electrique-thalassa-spa\/#breadcrumb\",\"itemListElement\":[{\"@type\":\"ListItem\",\"position\":1,\"name\":\"Accueil\",\"item\":\"https:\/\/thevintagetraveler.com\/en\/\"},{\"@type\":\"ListItem\",\"position\":2,\"name\":\"Shop\",\"item\":\"https:\/\/thevintagetraveler.com\/shop\/\"},{\"@type\":\"ListItem\",\"position\":3,\"name\":\"Sac Herm\u00e8s Birkin 30 Bleu \u00e9l\u00e9ctrique x Thalassa\"}]},{\"@type\":\"WebSite\",\"@id\":\"https:\/\/thevintagetraveler.com\/en\/#website\",\"url\":\"https:\/\/thevintagetraveler.com\/en\/\",\"name\":\"TheVintageTraveler\",\"description\":\"Luxury experts in Louis Vuitton, Chanel &amp; Herm\u00e8s\",\"publisher\":{\"@id\":\"https:\/\/thevintagetraveler.com\/en\/#organization\"},\"potentialAction\":[{\"@type\":\"SearchAction\",\"target\":{\"@type\":\"EntryPoint\",\"urlTemplate\":\"https:\/\/thevintagetraveler.com\/en\/?s={search_term_string}\"},\"query-input\":{\"@type\":\"PropertyValueSpecification\",\"valueRequired\":true,\"valueName\":\"search_term_string\"}}],\"inLanguage\":\"en-US\"},{\"@type\":\"Organization\",\"@id\":\"https:\/\/thevintagetraveler.com\/en\/#organization\",\"name\":\"TheVintageTraveler\",\"url\":\"https:\/\/thevintagetraveler.com\/en\/\",\"logo\":{\"@type\":\"ImageObject\",\"inLanguage\":\"en-US\",\"@id\":\"https:\/\/thevintagetraveler.com\/en\/#\/schema\/logo\/image\/\",\"url\":\"https:\/\/thevintagetraveler.com\/wp-content\/uploads\/2025\/04\/LOGO-THE-VINTAGE-TRAVELER-FINAL-e1745392697678.png\",\"contentUrl\":\"https:\/\/thevintagetraveler.com\/wp-content\/uploads\/2025\/04\/LOGO-THE-VINTAGE-TRAVELER-FINAL-e1745392697678.png\",\"width\":798,\"height\":318,\"caption\":\"TheVintageTraveler\"},\"image\":{\"@id\":\"https:\/\/thevintagetraveler.com\/en\/#\/schema\/logo\/image\/\"},\"sameAs\":[\"https:\/\/www.facebook.com\/TheVintageTravelerFR\/\",\"https:\/\/www.instagram.com\/the_vintagetraveler\"]}]}<\/script>\n<!-- \/ Yoast SEO plugin. -->","yoast_head_json":{"title":"Birkin 30 Herm\u00e8s Epsom Bleu \u00c9lectrique & Thalassa | TheVintageTraveler","description":"Birkin 30 Herm\u00e8s Epsom ext\u00e9rieur \u00c9lectrique, int\u00e9rieur Thalassa, finitions argent. Revenu du SPA Herm\u00e8s. \u00c9tat exceptionnel, investissement s\u00fbr.","robots":{"index":"index","follow":"follow","max-snippet":"max-snippet:-1","max-image-preview":"max-image-preview:large","max-video-preview":"max-video-preview:-1"},"canonical":"https:\/\/thevintagetraveler.com\/en\/produit\/birkin-30-hermes-epsom-bleu-electrique-thalassa-spa\/","og_locale":"en_US","og_type":"article","og_title":"Birkin 30 Herm\u00e8s Epsom Bleu \u00c9lectrique & Thalassa | TheVintageTraveler","og_description":"Birkin 30 Herm\u00e8s Epsom ext\u00e9rieur \u00c9lectrique, int\u00e9rieur Thalassa, finitions argent. Revenu du SPA Herm\u00e8s. \u00c9tat exceptionnel, investissement s\u00fbr.","og_url":"https:\/\/thevintagetraveler.com\/en\/produit\/birkin-30-hermes-epsom-bleu-electrique-thalassa-spa\/","og_site_name":"TheVintageTraveler","article_publisher":"https:\/\/www.facebook.com\/TheVintageTravelerFR\/","article_modified_time":"2025-09-16T12:58:17+00:00","og_image":[{"width":1800,"height":2400,"url":"https:\/\/thevintagetraveler.com\/wp-content\/uploads\/2025\/06\/image00012.jpeg","type":"image\/jpeg"}],"twitter_card":"summary_large_image","twitter_misc":{"Est. reading time":"3 minutes"},"schema":{"@context":"https:\/\/schema.org","@graph":[{"@type":"WebPage","@id":"https:\/\/thevintagetraveler.com\/en\/produit\/birkin-30-hermes-epsom-bleu-electrique-thalassa-spa\/","url":"https:\/\/thevintagetraveler.com\/en\/produit\/birkin-30-hermes-epsom-bleu-electrique-thalassa-spa\/","name":"Birkin 30 Herm\u00e8s Epsom Bleu \u00c9lectrique & Thalassa | TheVintageTraveler","isPartOf":{"@id":"https:\/\/thevintagetraveler.com\/en\/#website"},"primaryImageOfPage":{"@id":"https:\/\/thevintagetraveler.com\/en\/produit\/birkin-30-hermes-epsom-bleu-electrique-thalassa-spa\/#primaryimage"},"image":{"@id":"https:\/\/thevintagetraveler.com\/en\/produit\/birkin-30-hermes-epsom-bleu-electrique-thalassa-spa\/#primaryimage"},"thumbnailUrl":"https:\/\/thevintagetraveler.com\/wp-content\/uploads\/2025\/06\/image00012.jpeg","datePublished":"2024-06-19T12:58:16+00:00","dateModified":"2025-09-16T12:58:17+00:00","description":"Birkin 30 Herm\u00e8s Epsom ext\u00e9rieur \u00c9lectrique, int\u00e9rieur Thalassa, finitions argent. Revenu du SPA Herm\u00e8s. \u00c9tat exceptionnel, investissement s\u00fbr.","breadcrumb":{"@id":"https:\/\/thevintagetraveler.com\/en\/produit\/birkin-30-hermes-epsom-bleu-electrique-thalassa-spa\/#breadcrumb"},"inLanguage":"en-US","potentialAction":[{"@type":"ReadAction","target":["https:\/\/thevintagetraveler.com\/en\/produit\/birkin-30-hermes-epsom-bleu-electrique-thalassa-spa\/"]}]},{"@type":"ImageObject","inLanguage":"en-US","@id":"https:\/\/thevintagetraveler.com\/en\/produit\/birkin-30-hermes-epsom-bleu-electrique-thalassa-spa\/#primaryimage","url":"https:\/\/thevintagetraveler.com\/wp-content\/uploads\/2025\/06\/image00012.jpeg","contentUrl":"https:\/\/thevintagetraveler.com\/wp-content\/uploads\/2025\/06\/image00012.jpeg","width":1800,"height":2400,"caption":"sac Herm\u00e8s Birkin 30 Epsom bleu \u00e9lectrique Thalassa SPA"},{"@type":"BreadcrumbList","@id":"https:\/\/thevintagetraveler.com\/en\/produit\/birkin-30-hermes-epsom-bleu-electrique-thalassa-spa\/#breadcrumb","itemListElement":[{"@type":"ListItem","position":1,"name":"Accueil","item":"https:\/\/thevintagetraveler.com\/en\/"},{"@type":"ListItem","position":2,"name":"Shop","item":"https:\/\/thevintagetraveler.com\/shop\/"},{"@type":"ListItem","position":3,"name":"Sac Herm\u00e8s Birkin 30 Bleu \u00e9l\u00e9ctrique x Thalassa"}]},{"@type":"WebSite","@id":"https:\/\/thevintagetraveler.com\/en\/#website","url":"https:\/\/thevintagetraveler.com\/en\/","name":"TheVintageTraveler","description":"Luxury experts in Louis Vuitton, Chanel &amp; Herm\u00e8s","publisher":{"@id":"https:\/\/thevintagetraveler.com\/en\/#organization"},"potentialAction":[{"@type":"SearchAction","target":{"@type":"EntryPoint","urlTemplate":"https:\/\/thevintagetraveler.com\/en\/?s={search_term_string}"},"query-input":{"@type":"PropertyValueSpecification","valueRequired":true,"valueName":"search_term_string"}}],"inLanguage":"en-US"},{"@type":"Organization","@id":"https:\/\/thevintagetraveler.com\/en\/#organization","name":"TheVintageTraveler","url":"https:\/\/thevintagetraveler.com\/en\/","logo":{"@type":"ImageObject","inLanguage":"en-US","@id":"https:\/\/thevintagetraveler.com\/en\/#\/schema\/logo\/image\/","url":"https:\/\/thevintagetraveler.com\/wp-content\/uploads\/2025\/04\/LOGO-THE-VINTAGE-TRAVELER-FINAL-e1745392697678.png","contentUrl":"https:\/\/thevintagetraveler.com\/wp-content\/uploads\/2025\/04\/LOGO-THE-VINTAGE-TRAVELER-FINAL-e1745392697678.png","width":798,"height":318,"caption":"TheVintageTraveler"},"image":{"@id":"https:\/\/thevintagetraveler.com\/en\/#\/schema\/logo\/image\/"},"sameAs":["https:\/\/www.facebook.com\/TheVintageTravelerFR\/","https:\/\/www.instagram.com\/the_vintagetraveler"]}]}},"_links":{"self":[{"href":"https:\/\/thevintagetraveler.com\/en\/wp-json\/wp\/v2\/product\/5067","targetHints":{"allow":["GET"]}}],"collection":[{"href":"https:\/\/thevintagetraveler.com\/en\/wp-json\/wp\/v2\/product"}],"about":[{"href":"https:\/\/thevintagetraveler.com\/en\/wp-json\/wp\/v2\/types\/product"}],"wp:featuredmedia":[{"embeddable":true,"href":"https:\/\/thevintagetraveler.com\/en\/wp-json\/wp\/v2\/media\/5069"}],"wp:attachment":[{"href":"https:\/\/thevintagetraveler.com\/en\/wp-json\/wp\/v2\/media?parent=5067"}],"wp:term":[{"taxonomy":"product_brand","embeddable":true,"href":"https:\/\/thevintagetraveler.com\/en\/wp-json\/wp\/v2\/product_brand?post=5067"},{"taxonomy":"product_cat","embeddable":true,"href":"https:\/\/thevintagetraveler.com\/en\/wp-json\/wp\/v2\/product_cat?post=5067"},{"taxonomy":"product_tag","embeddable":true,"href":"https:\/\/thevintagetraveler.com\/en\/wp-json\/wp\/v2\/product_tag?post=5067"}],"curies":[{"name":"wp","href":"https:\/\/api.w.org\/{rel}","templated":true}]}}