{"id":5177,"date":"2024-06-26T16:23:15","date_gmt":"2024-06-26T14:23:15","guid":{"rendered":"https:\/\/thevintagetraveler.com\/?post_type=product&#038;p=5177"},"modified":"2025-09-25T15:24:39","modified_gmt":"2025-09-25T13:24:39","slug":"vanity-louis-vuitton-damier-azur-bande-ecuries","status":"publish","type":"product","link":"https:\/\/thevintagetraveler.com\/en\/produit\/vanity-louis-vuitton-damier-azur-bande-ecuries\/","title":{"rendered":"Boite \u00e0 pharmacie Louis Vuitton commande sp\u00e9ciale"},"content":{"rendered":"<h3 data-start=\"1088\" data-end=\"1166\">Vanity Louis Vuitton \u2013 Toile Damier Azur, Bande d\u2019\u00c9curies, Int\u00e9rieur Mauve<\/h3>\n<p data-start=\"1168\" data-end=\"1480\">Ce <strong data-start=\"1171\" data-end=\"1195\">vanity Louis Vuitton<\/strong> en <strong data-start=\"1199\" data-end=\"1220\">toile Damier Azur<\/strong> est une <strong data-start=\"1229\" data-end=\"1265\">commande sp\u00e9ciale exceptionnelle<\/strong>, orn\u00e9 d\u2019une <strong data-start=\"1278\" data-end=\"1311\">bande d\u2019\u00e9curies personnalis\u00e9e<\/strong> et dot\u00e9 d\u2019un <strong data-start=\"1325\" data-end=\"1352\">int\u00e9rieur mauve raffin\u00e9<\/strong>. Rare sur le march\u00e9, ce mod\u00e8le m\u00eale <strong data-start=\"1389\" data-end=\"1408\">l\u2019art du voyage<\/strong> \u00e0 <strong data-start=\"1411\" data-end=\"1439\">l\u2019\u00e9l\u00e9gance contemporaine<\/strong>, dans un \u00e9tat <strong data-start=\"1454\" data-end=\"1479\">parfaitement conserv\u00e9<\/strong>.<\/p>\n<p data-start=\"1482\" data-end=\"1659\">Parfait comme <strong data-start=\"1496\" data-end=\"1563\">objet de collection, \u00e9l\u00e9ment d\u00e9coratif ou rangement d\u2019exception<\/strong>, il constitue \u00e9galement un <strong data-start=\"1591\" data-end=\"1658\">tr\u00e8s bon investissement dans l\u2019univers Louis Vuitton sur mesure<\/strong>.<\/p>\n<hr data-start=\"1661\" data-end=\"1664\" \/>\n<h3 data-start=\"1666\" data-end=\"1714\">Une commande sp\u00e9ciale unique et patrimoniale<\/h3>\n<p data-start=\"1716\" data-end=\"1803\">Cette pi\u00e8ce provient d\u2019un <strong data-start=\"1742\" data-end=\"1787\">service de personnalisation Louis Vuitton<\/strong>, reconnu pour :<\/p>\n<ul data-start=\"1805\" data-end=\"2055\">\n<li data-start=\"1805\" data-end=\"1894\">\n<p data-start=\"1807\" data-end=\"1894\">Ses <strong data-start=\"1811\" data-end=\"1849\">bandes d\u2019\u00e9curies peintes \u00e0 la main<\/strong>, inspir\u00e9es des codes \u00e9questres historiques<\/p>\n<\/li>\n<li data-start=\"1895\" data-end=\"1974\">\n<p data-start=\"1897\" data-end=\"1974\">Ses <strong data-start=\"1901\" data-end=\"1926\">int\u00e9rieurs sur-mesure<\/strong>, ici en <strong data-start=\"1935\" data-end=\"1952\">mauve d\u00e9licat<\/strong>, rarement rencontr\u00e9<\/p>\n<\/li>\n<li data-start=\"1975\" data-end=\"2055\">\n<p data-start=\"1977\" data-end=\"2055\">Sa <strong data-start=\"1980\" data-end=\"2001\">toile Damier Azur<\/strong>, lumineuse, fra\u00eeche et recherch\u00e9e en \u00e9dition sp\u00e9ciale<\/p>\n<\/li>\n<\/ul>\n<hr data-start=\"2057\" data-end=\"2060\" \/>\n<h3 data-start=\"2062\" data-end=\"2093\">Caract\u00e9ristiques du produit<\/h3>\n<ul data-start=\"2095\" data-end=\"2549\">\n<li data-start=\"2095\" data-end=\"2125\">\n<p data-start=\"2097\" data-end=\"2125\"><strong data-start=\"2097\" data-end=\"2109\">Marque :<\/strong> <a href=\"https:\/\/thevintagetraveler.com\/sac-louis-vuitton-vintage\/\">Louis Vuitton<\/a><\/p>\n<\/li>\n<li data-start=\"2126\" data-end=\"2179\">\n<p data-start=\"2128\" data-end=\"2179\"><strong data-start=\"2128\" data-end=\"2140\">Mod\u00e8le :<\/strong> Vanity \/ bo\u00eete \u00e0 pharmacie de voyage<\/p>\n<\/li>\n<li data-start=\"2180\" data-end=\"2207\">\n<p data-start=\"2182\" data-end=\"2207\"><strong data-start=\"2182\" data-end=\"2193\">Toile :<\/strong> Damier Azur<\/p>\n<\/li>\n<li data-start=\"2208\" data-end=\"2259\">\n<p data-start=\"2210\" data-end=\"2259\"><strong data-start=\"2210\" data-end=\"2232\">Personnalisation :<\/strong> Bande d\u2019\u00e9curies (peinte)<\/p>\n<\/li>\n<li data-start=\"2260\" data-end=\"2305\">\n<p data-start=\"2262\" data-end=\"2305\"><strong data-start=\"2262\" data-end=\"2277\">Int\u00e9rieur :<\/strong> Mauve (commande sp\u00e9ciale)<\/p>\n<\/li>\n<li data-start=\"2306\" data-end=\"2362\">\n<p data-start=\"2308\" data-end=\"2362\"><strong data-start=\"2308\" data-end=\"2323\">Fermeture :<\/strong> Charni\u00e8res m\u00e9talliques et serrure LV<\/p>\n<\/li>\n<li data-start=\"2363\" data-end=\"2398\">\n<p data-start=\"2365\" data-end=\"2398\"><strong data-start=\"2365\" data-end=\"2378\">Poign\u00e9e :<\/strong> Sup\u00e9rieure rigide<\/p>\n<\/li>\n<li data-start=\"2399\" data-end=\"2472\">\n<p data-start=\"2401\" data-end=\"2472\"><strong data-start=\"2401\" data-end=\"2411\">\u00c9tat :<\/strong> Parfait \u2013 aucune usure, int\u00e9rieur et ext\u00e9rieur impeccables<\/p>\n<\/li>\n<li data-start=\"2473\" data-end=\"2549\">\n<p data-start=\"2475\" data-end=\"2549\"><strong data-start=\"2475\" data-end=\"2497\">Authentification :<\/strong> Certifi\u00e9 \u2013 livr\u00e9 avec certificat TheVintageTraveler<\/p>\n<\/li>\n<\/ul>\n<hr data-start=\"2551\" data-end=\"2554\" \/>\n<h3 data-start=\"2556\" data-end=\"2611\">Un objet de d\u00e9coration, collection ou usage raffin\u00e9<\/h3>\n<p data-start=\"2613\" data-end=\"2650\">Ce vanity Louis Vuitton peut servir :<\/p>\n<ul data-start=\"2652\" data-end=\"2949\">\n<li data-start=\"2652\" data-end=\"2730\">\n<p data-start=\"2654\" data-end=\"2730\">De <strong data-start=\"2657\" data-end=\"2686\">coffret de rangement chic<\/strong> pour salle de bain, bijoux ou accessoires<\/p>\n<\/li>\n<li data-start=\"2731\" data-end=\"2804\">\n<p data-start=\"2733\" data-end=\"2804\">De <strong data-start=\"2736\" data-end=\"2770\">d\u00e9coration de table ou console<\/strong> dans un int\u00e9rieur haut de gamme<\/p>\n<\/li>\n<li data-start=\"2805\" data-end=\"2889\">\n<p data-start=\"2807\" data-end=\"2889\">De <strong data-start=\"2810\" data-end=\"2858\">pi\u00e8ce de collection Louis Vuitton sur mesure<\/strong>, \u00e0 forte valeur patrimoniale<\/p>\n<\/li>\n<li data-start=\"2890\" data-end=\"2949\">\n<p data-start=\"2892\" data-end=\"2949\">D\u2019<strong data-start=\"2894\" data-end=\"2922\">investissement d\u00e9coratif<\/strong>, de plus en plus recherch\u00e9<\/p>\n<\/li>\n<\/ul>\n<hr data-start=\"2951\" data-end=\"2954\" \/>\n<h3 data-start=\"2956\" data-end=\"3020\">Pourquoi investir dans ce vanity Louis Vuitton Damier Azur ?<\/h3>\n<ul data-start=\"3022\" data-end=\"3329\">\n<li data-start=\"3022\" data-end=\"3079\">\n<p data-start=\"3024\" data-end=\"3079\"><strong data-start=\"3024\" data-end=\"3045\">Commande sp\u00e9ciale<\/strong>, extr\u00eamement rare sur le march\u00e9<\/p>\n<\/li>\n<li data-start=\"3080\" data-end=\"3137\">\n<p data-start=\"3082\" data-end=\"3137\"><strong data-start=\"3082\" data-end=\"3103\">Toile Damier Azur<\/strong>, moins courante que le Monogram<\/p>\n<\/li>\n<li data-start=\"3138\" data-end=\"3193\">\n<p data-start=\"3140\" data-end=\"3193\"><strong data-start=\"3140\" data-end=\"3172\">Int\u00e9rieur mauve personnalis\u00e9<\/strong>, \u00e9l\u00e9gant et unique<\/p>\n<\/li>\n<li data-start=\"3194\" data-end=\"3266\">\n<p data-start=\"3196\" data-end=\"3266\"><strong data-start=\"3196\" data-end=\"3212\">Parfait \u00e9tat<\/strong>, crit\u00e8re essentiel pour la revente ou la collection<\/p>\n<\/li>\n<li data-start=\"3267\" data-end=\"3329\">\n<p data-start=\"3269\" data-end=\"3329\"><strong data-start=\"3269\" data-end=\"3312\">\u00c9l\u00e9ment de d\u00e9cor raffin\u00e9 et fonctionnel<\/strong>, en pi\u00e8ce unique<\/p>\n<\/li>\n<\/ul>\n<hr data-start=\"3331\" data-end=\"3334\" \/>\n<h3 data-start=\"3336\" data-end=\"3382\">Pourquoi acheter chez TheVintageTraveler ?<\/h3>\n<p data-start=\"3384\" data-end=\"3431\">Chez <strong data-start=\"3389\" data-end=\"3411\">TheVintageTraveler<\/strong>, chaque pi\u00e8ce est :<\/p>\n<ul data-start=\"3433\" data-end=\"3785\">\n<li data-start=\"3433\" data-end=\"3506\">\n<p data-start=\"3435\" data-end=\"3506\"><strong data-start=\"3435\" data-end=\"3464\">Authentifi\u00e9e avec rigueur<\/strong>, y compris pour les commandes sp\u00e9ciales<\/p>\n<\/li>\n<li data-start=\"3507\" data-end=\"3554\">\n<p data-start=\"3509\" data-end=\"3554\"><strong data-start=\"3509\" data-end=\"3552\">S\u00e9lectionn\u00e9e pour son \u00e9tat et sa raret\u00e9<\/strong><\/p>\n<\/li>\n<li data-start=\"3555\" data-end=\"3620\">\n<p data-start=\"3557\" data-end=\"3620\">Pr\u00e9sent\u00e9e avec <strong data-start=\"3572\" data-end=\"3618\">photos fid\u00e8les et description transparente<\/strong><\/p>\n<\/li>\n<li data-start=\"3621\" data-end=\"3666\">\n<p data-start=\"3623\" data-end=\"3666\">Livr\u00e9e avec <strong data-start=\"3635\" data-end=\"3664\">certificat d\u2019authenticit\u00e9<\/strong><\/p>\n<\/li>\n<li data-start=\"3667\" data-end=\"3785\">\n<p data-start=\"3669\" data-end=\"3785\">Disponible en <strong data-start=\"3683\" data-end=\"3734\">retrait showroom (March\u00e9 Serpette \u2013 Saint-Ouen)<\/strong> ou en <strong data-start=\"3741\" data-end=\"3785\">livraison s\u00e9curis\u00e9e dans le monde entier<\/strong><\/p>\n<\/li>\n<\/ul>\n<hr data-start=\"3787\" data-end=\"3790\" \/>\n<h3 data-start=\"3792\" data-end=\"3806\">Conclusion<\/h3>\n<p data-start=\"3808\" data-end=\"4162\">Ce <strong data-start=\"3811\" data-end=\"3856\">vanity Louis Vuitton en toile Damier Azur<\/strong>, orn\u00e9 d\u2019une <strong data-start=\"3869\" data-end=\"3902\">bande d\u2019\u00e9curies personnalis\u00e9e<\/strong> et dot\u00e9 d\u2019un <strong data-start=\"3916\" data-end=\"3940\">int\u00e9rieur mauve rare<\/strong>, est une <strong data-start=\"3950\" data-end=\"3995\">commande sp\u00e9ciale pr\u00e9cieuse et d\u00e9corative<\/strong>. Parfait en <strong data-start=\"4008\" data-end=\"4032\">objet d\u2019art de vivre<\/strong> ou en <strong data-start=\"4039\" data-end=\"4096\">pi\u00e8ce de collection \u00e0 fort potentiel d\u2019investissement<\/strong>, il incarne <strong data-start=\"4109\" data-end=\"4161\">l\u2019\u00e9l\u00e9gance sur mesure de la maison Louis Vuitton<\/strong>.<\/p>\n<p>Suivez &#8211; nous sur <a href=\"https:\/\/www.facebook.com\/TheVintageTravelerFR\">Facebook<\/a> et <a href=\"https:\/\/www.instagram.com\/the_vintagetraveler\/?igsh=aXdsbDJkdnpwZjcx#\">Instagram<\/a><\/p>\n","protected":false},"excerpt":{"rendered":"<p>Vanity Louis Vuitton en toile Damier Azur, bande d\u2019\u00e9curies, int\u00e9rieur mauve. Commande sp\u00e9ciale rare. Parfait \u00e9tat. Pi\u00e8ce d\u2019investissement d\u00e9corative.<\/p>\n","protected":false},"featured_media":5185,"template":"","meta":[],"product_brand":[],"product_cat":[126,127,284,274,194,120],"product_tag":[275,195,154],"class_list":{"0":"post-5177","1":"product","2":"type-product","3":"status-publish","4":"has-post-thumbnail","6":"product_cat-accessoires-de-luxe-vintage","7":"product_cat-decorations","8":"product_cat-louis-vuitton","9":"product_cat-news","10":"product_cat-petite-malle","11":"product_cat-valises-boites-vanity-louis-vuitton","12":"product_tag-louisvuitton","13":"product_tag-valiselouisvuitton","14":"product_tag-vanitylouisvuitton","16":"first","17":"outofstock","18":"sold-individually","19":"shipping-taxable","20":"purchasable","21":"product-type-simple"},"yoast_head":"<!-- This site is optimized with the Yoast SEO plugin v27.1.1 - https:\/\/yoast.com\/product\/yoast-seo-wordpress\/ -->\n<title>Vanity Louis Vuitton Damier Azur Commande Sp\u00e9ciale | TheVintageTraveler<\/title>\n<meta name=\"description\" content=\"Vanity Louis Vuitton en toile Damier Azur avec bande d\u2019\u00e9curies, int\u00e9rieur mauve. Commande sp\u00e9ciale rare. Parfait \u00e9tat. Excellent investissement d\u00e9co.\" \/>\n<meta name=\"robots\" content=\"index, follow, max-snippet:-1, max-image-preview:large, max-video-preview:-1\" \/>\n<link rel=\"canonical\" href=\"https:\/\/thevintagetraveler.com\/en\/produit\/vanity-louis-vuitton-damier-azur-bande-ecuries\/\" \/>\n<meta property=\"og:locale\" content=\"en_US\" \/>\n<meta property=\"og:type\" content=\"article\" \/>\n<meta property=\"og:title\" content=\"Vanity Louis Vuitton Damier Azur Commande Sp\u00e9ciale | TheVintageTraveler\" \/>\n<meta property=\"og:description\" content=\"Vanity Louis Vuitton en toile Damier Azur avec bande d\u2019\u00e9curies, int\u00e9rieur mauve. Commande sp\u00e9ciale rare. Parfait \u00e9tat. Excellent investissement d\u00e9co.\" \/>\n<meta property=\"og:url\" content=\"https:\/\/thevintagetraveler.com\/en\/produit\/vanity-louis-vuitton-damier-azur-bande-ecuries\/\" \/>\n<meta property=\"og:site_name\" content=\"TheVintageTraveler\" \/>\n<meta property=\"article:publisher\" content=\"https:\/\/www.facebook.com\/TheVintageTravelerFR\/\" \/>\n<meta property=\"article:modified_time\" content=\"2025-09-25T13:24:39+00:00\" \/>\n<meta property=\"og:image\" content=\"https:\/\/thevintagetraveler.com\/wp-content\/uploads\/2025\/06\/image00001-2.jpeg\" \/>\n\t<meta property=\"og:image:width\" content=\"1800\" \/>\n\t<meta property=\"og:image:height\" content=\"2400\" \/>\n\t<meta property=\"og:image:type\" content=\"image\/jpeg\" \/>\n<meta name=\"twitter:card\" content=\"summary_large_image\" \/>\n<meta name=\"twitter:label1\" content=\"Est. reading time\" \/>\n\t<meta name=\"twitter:data1\" content=\"3 minutes\" \/>\n<script type=\"application\/ld+json\" class=\"yoast-schema-graph\">{\"@context\":\"https:\/\/schema.org\",\"@graph\":[{\"@type\":\"WebPage\",\"@id\":\"https:\/\/thevintagetraveler.com\/en\/produit\/vanity-louis-vuitton-damier-azur-bande-ecuries\/\",\"url\":\"https:\/\/thevintagetraveler.com\/en\/produit\/vanity-louis-vuitton-damier-azur-bande-ecuries\/\",\"name\":\"Vanity Louis Vuitton Damier Azur Commande Sp\u00e9ciale | TheVintageTraveler\",\"isPartOf\":{\"@id\":\"https:\/\/thevintagetraveler.com\/en\/#website\"},\"primaryImageOfPage\":{\"@id\":\"https:\/\/thevintagetraveler.com\/en\/produit\/vanity-louis-vuitton-damier-azur-bande-ecuries\/#primaryimage\"},\"image\":{\"@id\":\"https:\/\/thevintagetraveler.com\/en\/produit\/vanity-louis-vuitton-damier-azur-bande-ecuries\/#primaryimage\"},\"thumbnailUrl\":\"https:\/\/thevintagetraveler.com\/wp-content\/uploads\/2025\/06\/image00001-2.jpeg\",\"datePublished\":\"2024-06-26T14:23:15+00:00\",\"dateModified\":\"2025-09-25T13:24:39+00:00\",\"description\":\"Vanity Louis Vuitton en toile Damier Azur avec bande d\u2019\u00e9curies, int\u00e9rieur mauve. Commande sp\u00e9ciale rare. Parfait \u00e9tat. Excellent investissement d\u00e9co.\",\"breadcrumb\":{\"@id\":\"https:\/\/thevintagetraveler.com\/en\/produit\/vanity-louis-vuitton-damier-azur-bande-ecuries\/#breadcrumb\"},\"inLanguage\":\"en-US\",\"potentialAction\":[{\"@type\":\"ReadAction\",\"target\":[\"https:\/\/thevintagetraveler.com\/en\/produit\/vanity-louis-vuitton-damier-azur-bande-ecuries\/\"]}]},{\"@type\":\"ImageObject\",\"inLanguage\":\"en-US\",\"@id\":\"https:\/\/thevintagetraveler.com\/en\/produit\/vanity-louis-vuitton-damier-azur-bande-ecuries\/#primaryimage\",\"url\":\"https:\/\/thevintagetraveler.com\/wp-content\/uploads\/2025\/06\/image00001-2.jpeg\",\"contentUrl\":\"https:\/\/thevintagetraveler.com\/wp-content\/uploads\/2025\/06\/image00001-2.jpeg\",\"width\":1800,\"height\":2400,\"caption\":\"vanity Louis Vuitton Damier Azur bande d\u2019\u00e9curies\"},{\"@type\":\"BreadcrumbList\",\"@id\":\"https:\/\/thevintagetraveler.com\/en\/produit\/vanity-louis-vuitton-damier-azur-bande-ecuries\/#breadcrumb\",\"itemListElement\":[{\"@type\":\"ListItem\",\"position\":1,\"name\":\"Accueil\",\"item\":\"https:\/\/thevintagetraveler.com\/en\/\"},{\"@type\":\"ListItem\",\"position\":2,\"name\":\"Shop\",\"item\":\"https:\/\/thevintagetraveler.com\/shop\/\"},{\"@type\":\"ListItem\",\"position\":3,\"name\":\"Boite \u00e0 pharmacie Louis Vuitton commande sp\u00e9ciale\"}]},{\"@type\":\"WebSite\",\"@id\":\"https:\/\/thevintagetraveler.com\/en\/#website\",\"url\":\"https:\/\/thevintagetraveler.com\/en\/\",\"name\":\"TheVintageTraveler\",\"description\":\"Luxury experts in Louis Vuitton, Chanel &amp; Herm\u00e8s\",\"publisher\":{\"@id\":\"https:\/\/thevintagetraveler.com\/en\/#organization\"},\"potentialAction\":[{\"@type\":\"SearchAction\",\"target\":{\"@type\":\"EntryPoint\",\"urlTemplate\":\"https:\/\/thevintagetraveler.com\/en\/?s={search_term_string}\"},\"query-input\":{\"@type\":\"PropertyValueSpecification\",\"valueRequired\":true,\"valueName\":\"search_term_string\"}}],\"inLanguage\":\"en-US\"},{\"@type\":\"Organization\",\"@id\":\"https:\/\/thevintagetraveler.com\/en\/#organization\",\"name\":\"TheVintageTraveler\",\"url\":\"https:\/\/thevintagetraveler.com\/en\/\",\"logo\":{\"@type\":\"ImageObject\",\"inLanguage\":\"en-US\",\"@id\":\"https:\/\/thevintagetraveler.com\/en\/#\/schema\/logo\/image\/\",\"url\":\"https:\/\/thevintagetraveler.com\/wp-content\/uploads\/2025\/04\/LOGO-THE-VINTAGE-TRAVELER-FINAL-e1745392697678.png\",\"contentUrl\":\"https:\/\/thevintagetraveler.com\/wp-content\/uploads\/2025\/04\/LOGO-THE-VINTAGE-TRAVELER-FINAL-e1745392697678.png\",\"width\":798,\"height\":318,\"caption\":\"TheVintageTraveler\"},\"image\":{\"@id\":\"https:\/\/thevintagetraveler.com\/en\/#\/schema\/logo\/image\/\"},\"sameAs\":[\"https:\/\/www.facebook.com\/TheVintageTravelerFR\/\",\"https:\/\/www.instagram.com\/the_vintagetraveler\"]}]}<\/script>\n<!-- \/ Yoast SEO plugin. -->","yoast_head_json":{"title":"Vanity Louis Vuitton Damier Azur Commande Sp\u00e9ciale | TheVintageTraveler","description":"Vanity Louis Vuitton en toile Damier Azur avec bande d\u2019\u00e9curies, int\u00e9rieur mauve. Commande sp\u00e9ciale rare. Parfait \u00e9tat. Excellent investissement d\u00e9co.","robots":{"index":"index","follow":"follow","max-snippet":"max-snippet:-1","max-image-preview":"max-image-preview:large","max-video-preview":"max-video-preview:-1"},"canonical":"https:\/\/thevintagetraveler.com\/en\/produit\/vanity-louis-vuitton-damier-azur-bande-ecuries\/","og_locale":"en_US","og_type":"article","og_title":"Vanity Louis Vuitton Damier Azur Commande Sp\u00e9ciale | TheVintageTraveler","og_description":"Vanity Louis Vuitton en toile Damier Azur avec bande d\u2019\u00e9curies, int\u00e9rieur mauve. Commande sp\u00e9ciale rare. Parfait \u00e9tat. Excellent investissement d\u00e9co.","og_url":"https:\/\/thevintagetraveler.com\/en\/produit\/vanity-louis-vuitton-damier-azur-bande-ecuries\/","og_site_name":"TheVintageTraveler","article_publisher":"https:\/\/www.facebook.com\/TheVintageTravelerFR\/","article_modified_time":"2025-09-25T13:24:39+00:00","og_image":[{"width":1800,"height":2400,"url":"https:\/\/thevintagetraveler.com\/wp-content\/uploads\/2025\/06\/image00001-2.jpeg","type":"image\/jpeg"}],"twitter_card":"summary_large_image","twitter_misc":{"Est. reading time":"3 minutes"},"schema":{"@context":"https:\/\/schema.org","@graph":[{"@type":"WebPage","@id":"https:\/\/thevintagetraveler.com\/en\/produit\/vanity-louis-vuitton-damier-azur-bande-ecuries\/","url":"https:\/\/thevintagetraveler.com\/en\/produit\/vanity-louis-vuitton-damier-azur-bande-ecuries\/","name":"Vanity Louis Vuitton Damier Azur Commande Sp\u00e9ciale | TheVintageTraveler","isPartOf":{"@id":"https:\/\/thevintagetraveler.com\/en\/#website"},"primaryImageOfPage":{"@id":"https:\/\/thevintagetraveler.com\/en\/produit\/vanity-louis-vuitton-damier-azur-bande-ecuries\/#primaryimage"},"image":{"@id":"https:\/\/thevintagetraveler.com\/en\/produit\/vanity-louis-vuitton-damier-azur-bande-ecuries\/#primaryimage"},"thumbnailUrl":"https:\/\/thevintagetraveler.com\/wp-content\/uploads\/2025\/06\/image00001-2.jpeg","datePublished":"2024-06-26T14:23:15+00:00","dateModified":"2025-09-25T13:24:39+00:00","description":"Vanity Louis Vuitton en toile Damier Azur avec bande d\u2019\u00e9curies, int\u00e9rieur mauve. Commande sp\u00e9ciale rare. Parfait \u00e9tat. Excellent investissement d\u00e9co.","breadcrumb":{"@id":"https:\/\/thevintagetraveler.com\/en\/produit\/vanity-louis-vuitton-damier-azur-bande-ecuries\/#breadcrumb"},"inLanguage":"en-US","potentialAction":[{"@type":"ReadAction","target":["https:\/\/thevintagetraveler.com\/en\/produit\/vanity-louis-vuitton-damier-azur-bande-ecuries\/"]}]},{"@type":"ImageObject","inLanguage":"en-US","@id":"https:\/\/thevintagetraveler.com\/en\/produit\/vanity-louis-vuitton-damier-azur-bande-ecuries\/#primaryimage","url":"https:\/\/thevintagetraveler.com\/wp-content\/uploads\/2025\/06\/image00001-2.jpeg","contentUrl":"https:\/\/thevintagetraveler.com\/wp-content\/uploads\/2025\/06\/image00001-2.jpeg","width":1800,"height":2400,"caption":"vanity Louis Vuitton Damier Azur bande d\u2019\u00e9curies"},{"@type":"BreadcrumbList","@id":"https:\/\/thevintagetraveler.com\/en\/produit\/vanity-louis-vuitton-damier-azur-bande-ecuries\/#breadcrumb","itemListElement":[{"@type":"ListItem","position":1,"name":"Accueil","item":"https:\/\/thevintagetraveler.com\/en\/"},{"@type":"ListItem","position":2,"name":"Shop","item":"https:\/\/thevintagetraveler.com\/shop\/"},{"@type":"ListItem","position":3,"name":"Boite \u00e0 pharmacie Louis Vuitton commande sp\u00e9ciale"}]},{"@type":"WebSite","@id":"https:\/\/thevintagetraveler.com\/en\/#website","url":"https:\/\/thevintagetraveler.com\/en\/","name":"TheVintageTraveler","description":"Luxury experts in Louis Vuitton, Chanel &amp; Herm\u00e8s","publisher":{"@id":"https:\/\/thevintagetraveler.com\/en\/#organization"},"potentialAction":[{"@type":"SearchAction","target":{"@type":"EntryPoint","urlTemplate":"https:\/\/thevintagetraveler.com\/en\/?s={search_term_string}"},"query-input":{"@type":"PropertyValueSpecification","valueRequired":true,"valueName":"search_term_string"}}],"inLanguage":"en-US"},{"@type":"Organization","@id":"https:\/\/thevintagetraveler.com\/en\/#organization","name":"TheVintageTraveler","url":"https:\/\/thevintagetraveler.com\/en\/","logo":{"@type":"ImageObject","inLanguage":"en-US","@id":"https:\/\/thevintagetraveler.com\/en\/#\/schema\/logo\/image\/","url":"https:\/\/thevintagetraveler.com\/wp-content\/uploads\/2025\/04\/LOGO-THE-VINTAGE-TRAVELER-FINAL-e1745392697678.png","contentUrl":"https:\/\/thevintagetraveler.com\/wp-content\/uploads\/2025\/04\/LOGO-THE-VINTAGE-TRAVELER-FINAL-e1745392697678.png","width":798,"height":318,"caption":"TheVintageTraveler"},"image":{"@id":"https:\/\/thevintagetraveler.com\/en\/#\/schema\/logo\/image\/"},"sameAs":["https:\/\/www.facebook.com\/TheVintageTravelerFR\/","https:\/\/www.instagram.com\/the_vintagetraveler"]}]}},"_links":{"self":[{"href":"https:\/\/thevintagetraveler.com\/en\/wp-json\/wp\/v2\/product\/5177","targetHints":{"allow":["GET"]}}],"collection":[{"href":"https:\/\/thevintagetraveler.com\/en\/wp-json\/wp\/v2\/product"}],"about":[{"href":"https:\/\/thevintagetraveler.com\/en\/wp-json\/wp\/v2\/types\/product"}],"wp:featuredmedia":[{"embeddable":true,"href":"https:\/\/thevintagetraveler.com\/en\/wp-json\/wp\/v2\/media\/5185"}],"wp:attachment":[{"href":"https:\/\/thevintagetraveler.com\/en\/wp-json\/wp\/v2\/media?parent=5177"}],"wp:term":[{"taxonomy":"product_brand","embeddable":true,"href":"https:\/\/thevintagetraveler.com\/en\/wp-json\/wp\/v2\/product_brand?post=5177"},{"taxonomy":"product_cat","embeddable":true,"href":"https:\/\/thevintagetraveler.com\/en\/wp-json\/wp\/v2\/product_cat?post=5177"},{"taxonomy":"product_tag","embeddable":true,"href":"https:\/\/thevintagetraveler.com\/en\/wp-json\/wp\/v2\/product_tag?post=5177"}],"curies":[{"name":"wp","href":"https:\/\/api.w.org\/{rel}","templated":true}]}}