{"id":5362,"date":"2024-07-17T15:57:47","date_gmt":"2024-07-17T13:57:47","guid":{"rendered":"https:\/\/thevintagetraveler.com\/?post_type=product&#038;p=5362"},"modified":"2025-09-16T14:52:00","modified_gmt":"2025-09-16T12:52:00","slug":"sac-hermes-garden-party-rocabar","status":"publish","type":"product","link":"https:\/\/thevintagetraveler.com\/en\/produit\/sac-hermes-garden-party-rocabar\/","title":{"rendered":"Sac Herm\u00e8s Garden Party Rocabar"},"content":{"rendered":"<h3 data-start=\"924\" data-end=\"967\">Sac Herm\u00e8s Garden Party \u2013 Toile Rocabar<\/h3>\n<p data-start=\"969\" data-end=\"1382\">Ce <strong data-start=\"972\" data-end=\"999\">sac Herm\u00e8s Garden Party<\/strong> en <strong data-start=\"1003\" data-end=\"1020\">toile Rocabar<\/strong> est une <strong data-start=\"1029\" data-end=\"1063\">pi\u00e8ce casual chic embl\u00e9matique<\/strong> de la maison Herm\u00e8s. \u00c0 la fois <strong data-start=\"1095\" data-end=\"1121\">\u00e9l\u00e9gant et fonctionnel<\/strong>, ce cabas intemporel se distingue ici par sa <strong data-start=\"1167\" data-end=\"1199\">toile iconique ray\u00e9e Rocabar<\/strong>, un clin d\u2019\u0153il aux racines \u00e9questres de la maison. Rarement propos\u00e9 sur le march\u00e9 de la seconde main, ce mod\u00e8le s\u00e9duit par son <strong data-start=\"1327\" data-end=\"1347\">style sport-luxe<\/strong> et sa <strong data-start=\"1354\" data-end=\"1381\">polyvalence quotidienne<\/strong>.<\/p>\n<hr data-start=\"1384\" data-end=\"1387\" \/>\n<h3 data-start=\"1389\" data-end=\"1438\">La toile Rocabar : l\u2019h\u00e9ritage \u00e9questre Herm\u00e8s<\/h3>\n<ul data-start=\"1440\" data-end=\"1762\">\n<li data-start=\"1440\" data-end=\"1602\">\n<p data-start=\"1442\" data-end=\"1602\">Inspir\u00e9e des <strong data-start=\"1455\" data-end=\"1488\">couvertures de chevaux Herm\u00e8s<\/strong>, la toile Rocabar est reconnaissable \u00e0 ses <strong data-start=\"1532\" data-end=\"1562\">rayures larges et color\u00e9es<\/strong> (souvent rouge, marine, beige, jaune)<\/p>\n<\/li>\n<li data-start=\"1603\" data-end=\"1671\">\n<p data-start=\"1605\" data-end=\"1671\"><strong data-start=\"1605\" data-end=\"1631\">R\u00e9sistante et \u00e9l\u00e9gante<\/strong>, elle \u00e9voque un style utilitaire chic<\/p>\n<\/li>\n<li data-start=\"1672\" data-end=\"1762\">\n<p data-start=\"1674\" data-end=\"1762\">Recherch\u00e9e par les collectionneurs Herm\u00e8s, notamment sur des mod\u00e8les de sacs peu communs<\/p>\n<\/li>\n<\/ul>\n<hr data-start=\"1764\" data-end=\"1767\" \/>\n<h3 data-start=\"1769\" data-end=\"1819\">Le Garden Party : un cabas Herm\u00e8s embl\u00e9matique<\/h3>\n<ul data-start=\"1821\" data-end=\"2085\">\n<li data-start=\"1821\" data-end=\"1885\">\n<p data-start=\"1823\" data-end=\"1885\"><strong data-start=\"1823\" data-end=\"1852\">Mod\u00e8le souple et spacieux<\/strong>, id\u00e9al pour un usage quotidien<\/p>\n<\/li>\n<li data-start=\"1886\" data-end=\"1971\">\n<p data-start=\"1888\" data-end=\"1971\">Compos\u00e9 g\u00e9n\u00e9ralement d\u2019un corps en toile ou cuir, et de renforts lat\u00e9raux en cuir<\/p>\n<\/li>\n<li data-start=\"1972\" data-end=\"2028\">\n<p data-start=\"1974\" data-end=\"2028\"><strong data-start=\"1974\" data-end=\"2007\">Fermeture par bouton pression<\/strong>, silhouette \u00e9pur\u00e9e<\/p>\n<\/li>\n<li data-start=\"2029\" data-end=\"2085\">\n<p data-start=\"2031\" data-end=\"2085\"><strong data-start=\"2031\" data-end=\"2085\">Parfait pour la ville, le week-end ou les vacances<\/strong><\/p>\n<\/li>\n<\/ul>\n<hr data-start=\"2087\" data-end=\"2090\" \/>\n<h3 data-start=\"2092\" data-end=\"2123\">Caract\u00e9ristiques du produit<\/h3>\n<ul data-start=\"2125\" data-end=\"2605\">\n<li data-start=\"2125\" data-end=\"2148\">\n<p data-start=\"2127\" data-end=\"2148\"><strong data-start=\"2127\" data-end=\"2139\">Marque :<\/strong> <a href=\"https:\/\/thevintagetraveler.com\/histoire-sac-hermes-birkin\/\">Herm\u00e8s<\/a><\/p>\n<\/li>\n<li data-start=\"2149\" data-end=\"2178\">\n<p data-start=\"2151\" data-end=\"2178\"><strong data-start=\"2151\" data-end=\"2163\">Mod\u00e8le :<\/strong> Garden Party<\/p>\n<\/li>\n<li data-start=\"2179\" data-end=\"2261\">\n<p data-start=\"2181\" data-end=\"2261\"><strong data-start=\"2181\" data-end=\"2194\">Mati\u00e8re :<\/strong> Toile Rocabar + cuir (souvent Veau Swift ou Negonda, \u00e0 pr\u00e9ciser)<\/p>\n<\/li>\n<li data-start=\"2262\" data-end=\"2306\">\n<p data-start=\"2264\" data-end=\"2306\"><strong data-start=\"2264\" data-end=\"2277\">Coloris :<\/strong> Rayures Rocabar classiques<\/p>\n<\/li>\n<li data-start=\"2307\" data-end=\"2366\">\n<p data-start=\"2309\" data-end=\"2366\"><strong data-start=\"2309\" data-end=\"2324\">Fermeture :<\/strong> Pression centrale + pressions lat\u00e9rales<\/p>\n<\/li>\n<li data-start=\"2367\" data-end=\"2435\">\n<p data-start=\"2369\" data-end=\"2435\"><strong data-start=\"2369\" data-end=\"2380\">Port\u00e9 :<\/strong> Main ou \u00e9paule (selon taille, souvent TPM, PM ou MM)<\/p>\n<\/li>\n<li data-start=\"2436\" data-end=\"2513\">\n<p data-start=\"2438\" data-end=\"2513\"><strong data-start=\"2438\" data-end=\"2448\">\u00c9tat :<\/strong> Tr\u00e8s bon \u00e9tat \u2013 toile propre, structure souple, int\u00e9rieur sain<\/p>\n<\/li>\n<li data-start=\"2514\" data-end=\"2605\">\n<p data-start=\"2516\" data-end=\"2605\"><strong data-start=\"2516\" data-end=\"2538\">Authentification :<\/strong> Certifi\u00e9 \u2013 livr\u00e9 avec certificat d\u2019authenticit\u00e9 TheVintageTraveler<\/p>\n<\/li>\n<\/ul>\n<hr data-start=\"2607\" data-end=\"2610\" \/>\n<h3 data-start=\"2612\" data-end=\"2657\">Une pi\u00e8ce parfaite pour le quotidien chic<\/h3>\n<p data-start=\"2659\" data-end=\"2699\">Le Garden Party Rocabar est id\u00e9al pour :<\/p>\n<ul data-start=\"2701\" data-end=\"2962\">\n<li data-start=\"2701\" data-end=\"2781\">\n<p data-start=\"2703\" data-end=\"2781\">Celles et ceux qui recherchent un <strong data-start=\"2737\" data-end=\"2779\">Herm\u00e8s plus discret mais toujours luxe<\/strong><\/p>\n<\/li>\n<li data-start=\"2782\" data-end=\"2832\">\n<p data-start=\"2784\" data-end=\"2832\"><strong data-start=\"2784\" data-end=\"2812\">Un usage quotidien styl\u00e9<\/strong>, sans ostentation<\/p>\n<\/li>\n<li data-start=\"2833\" data-end=\"2892\">\n<p data-start=\"2835\" data-end=\"2892\"><strong data-start=\"2835\" data-end=\"2866\">Un sac d\u2019\u00e9t\u00e9 ou de week-end<\/strong> fonctionnel et tendance<\/p>\n<\/li>\n<li data-start=\"2893\" data-end=\"2962\">\n<p data-start=\"2895\" data-end=\"2962\"><strong data-start=\"2895\" data-end=\"2930\">Commencer une collection Herm\u00e8s<\/strong> par un mod\u00e8le \u00e0 fort ADN maison<\/p>\n<\/li>\n<\/ul>\n<hr data-start=\"2964\" data-end=\"2967\" \/>\n<h3 data-start=\"2969\" data-end=\"3028\">Pourquoi investir dans un Herm\u00e8s Garden Party Rocabar ?<\/h3>\n<ul data-start=\"3030\" data-end=\"3325\">\n<li data-start=\"3030\" data-end=\"3093\">\n<p data-start=\"3032\" data-end=\"3093\"><strong data-start=\"3032\" data-end=\"3067\">Mod\u00e8le polyvalent et intemporel<\/strong>, toujours en collection<\/p>\n<\/li>\n<li data-start=\"3094\" data-end=\"3137\">\n<p data-start=\"3096\" data-end=\"3137\"><strong data-start=\"3096\" data-end=\"3113\">Toile Rocabar<\/strong>, rare et embl\u00e9matique<\/p>\n<\/li>\n<li data-start=\"3138\" data-end=\"3196\">\n<p data-start=\"3140\" data-end=\"3196\"><strong data-start=\"3140\" data-end=\"3175\">Parfait pour un usage quotidien<\/strong>, l\u00e9ger et spacieux<\/p>\n<\/li>\n<li data-start=\"3197\" data-end=\"3267\">\n<p data-start=\"3199\" data-end=\"3267\"><strong data-start=\"3199\" data-end=\"3227\">Bonne accessibilit\u00e9 prix<\/strong>, tout en gardant la valeur de revente<\/p>\n<\/li>\n<li data-start=\"3268\" data-end=\"3325\">\n<p data-start=\"3270\" data-end=\"3325\"><strong data-start=\"3270\" data-end=\"3298\">Style Herm\u00e8s sans effort<\/strong>, sport-luxe par excellence<\/p>\n<\/li>\n<\/ul>\n<hr data-start=\"3327\" data-end=\"3330\" \/>\n<h3 data-start=\"3332\" data-end=\"3378\">Pourquoi acheter chez TheVintageTraveler ?<\/h3>\n<p data-start=\"3380\" data-end=\"3427\">Chez <strong data-start=\"3385\" data-end=\"3407\">TheVintageTraveler<\/strong>, chaque pi\u00e8ce est :<\/p>\n<ul data-start=\"3429\" data-end=\"3711\">\n<li data-start=\"3429\" data-end=\"3476\">\n<p data-start=\"3431\" data-end=\"3476\"><strong data-start=\"3431\" data-end=\"3455\">Expertis\u00e9e avec soin<\/strong>, v\u00e9rifi\u00e9e et dat\u00e9e<\/p>\n<\/li>\n<li data-start=\"3477\" data-end=\"3549\">\n<p data-start=\"3479\" data-end=\"3549\">S\u00e9lectionn\u00e9e pour sa <strong data-start=\"3500\" data-end=\"3547\">rareur, son \u00e9tat et son int\u00e9r\u00eat stylistique<\/strong><\/p>\n<\/li>\n<li data-start=\"3550\" data-end=\"3598\">\n<p data-start=\"3552\" data-end=\"3598\">Livr\u00e9e avec un <strong data-start=\"3567\" data-end=\"3596\">certificat d\u2019authenticit\u00e9<\/strong><\/p>\n<\/li>\n<li data-start=\"3599\" data-end=\"3711\">\n<p data-start=\"3601\" data-end=\"3711\">Disponible en <strong data-start=\"3615\" data-end=\"3666\">retrait showroom (March\u00e9 Serpette \u2013 Saint-Ouen)<\/strong> ou en <strong data-start=\"3673\" data-end=\"3711\">livraison internationale s\u00e9curis\u00e9e<\/strong><\/p>\n<\/li>\n<\/ul>\n<hr data-start=\"3713\" data-end=\"3716\" \/>\n<h3 data-start=\"3718\" data-end=\"3732\">Conclusion<\/h3>\n<p data-start=\"3734\" data-end=\"4052\">Ce <strong data-start=\"3737\" data-end=\"3781\">sac Herm\u00e8s Garden Party en toile Rocabar<\/strong> est une <strong data-start=\"3790\" data-end=\"3849\">interpr\u00e9tation rare et raffin\u00e9e d\u2019un cabas embl\u00e9matique<\/strong>, parfait pour un usage quotidien chic. Avec son <strong data-start=\"3898\" data-end=\"3919\">h\u00e9ritage \u00e9questre<\/strong> et son allure casual sophistiqu\u00e9e, il s\u2019impose comme une <strong data-start=\"3977\" data-end=\"4008\">valeur s\u00fbre du luxe discret<\/strong> \u2014 \u00e0 collectionner, \u00e0 porter, et \u00e0 investir.<\/p>\n<p>Suivez &#8211; nous sur <a href=\"https:\/\/www.facebook.com\/TheVintageTravelerFR\">Facebook<\/a> et <a href=\"https:\/\/www.instagram.com\/the_vintagetraveler\/?igsh=aXdsbDJkdnpwZjcx#\">Instagram<\/a><\/p>\n","protected":false},"excerpt":{"rendered":"<p>Sac Herm\u00e8s Garden Party en toile Rocabar. \u00c9l\u00e9gant, fonctionnel et rare. Excellent \u00e9tat. Un cabas chic et iconique, parfait pour le quotidien.<\/p>\n","protected":false},"featured_media":5363,"template":"","meta":[],"product_brand":[],"product_cat":[280,274,289,279],"product_tag":[281],"class_list":{"0":"post-5362","1":"product","2":"type-product","3":"status-publish","4":"has-post-thumbnail","6":"product_cat-hermes","7":"product_cat-news","8":"product_cat-handbag","9":"product_cat-bags","10":"product_tag-hermes","12":"first","13":"outofstock","14":"sold-individually","15":"shipping-taxable","16":"purchasable","17":"product-type-simple"},"yoast_head":"<!-- This site is optimized with the Yoast SEO plugin v27.1.1 - https:\/\/yoast.com\/product\/yoast-seo-wordpress\/ -->\n<title>Sac Herm\u00e8s Garden Party Toile Rocabar | TheVintageTraveler<\/title>\n<meta name=\"description\" content=\"Sac Herm\u00e8s Garden Party en toile Rocabar. Pi\u00e8ce rare, \u00e9l\u00e9gante et d\u00e9contract\u00e9e. Tr\u00e8s bon \u00e9tat, certifi\u00e9e. Un classique chic et pratique Herm\u00e8s.\" \/>\n<meta name=\"robots\" content=\"index, follow, max-snippet:-1, max-image-preview:large, max-video-preview:-1\" \/>\n<link rel=\"canonical\" href=\"https:\/\/thevintagetraveler.com\/en\/produit\/sac-hermes-garden-party-rocabar\/\" \/>\n<meta property=\"og:locale\" content=\"en_US\" \/>\n<meta property=\"og:type\" content=\"article\" \/>\n<meta property=\"og:title\" content=\"Sac Herm\u00e8s Garden Party Toile Rocabar | TheVintageTraveler\" \/>\n<meta property=\"og:description\" content=\"Sac Herm\u00e8s Garden Party en toile Rocabar. Pi\u00e8ce rare, \u00e9l\u00e9gante et d\u00e9contract\u00e9e. Tr\u00e8s bon \u00e9tat, certifi\u00e9e. Un classique chic et pratique Herm\u00e8s.\" \/>\n<meta property=\"og:url\" content=\"https:\/\/thevintagetraveler.com\/en\/produit\/sac-hermes-garden-party-rocabar\/\" \/>\n<meta property=\"og:site_name\" content=\"TheVintageTraveler\" \/>\n<meta property=\"article:publisher\" content=\"https:\/\/www.facebook.com\/TheVintageTravelerFR\/\" \/>\n<meta property=\"article:modified_time\" content=\"2025-09-16T12:52:00+00:00\" \/>\n<meta property=\"og:image\" content=\"https:\/\/thevintagetraveler.com\/wp-content\/uploads\/2025\/07\/20250714_132925.jpg\" \/>\n\t<meta property=\"og:image:width\" content=\"1920\" \/>\n\t<meta property=\"og:image:height\" content=\"2560\" \/>\n\t<meta property=\"og:image:type\" content=\"image\/jpeg\" \/>\n<meta name=\"twitter:card\" content=\"summary_large_image\" \/>\n<meta name=\"twitter:label1\" content=\"Est. reading time\" \/>\n\t<meta name=\"twitter:data1\" content=\"3 minutes\" \/>\n<script type=\"application\/ld+json\" class=\"yoast-schema-graph\">{\"@context\":\"https:\/\/schema.org\",\"@graph\":[{\"@type\":\"WebPage\",\"@id\":\"https:\/\/thevintagetraveler.com\/en\/produit\/sac-hermes-garden-party-rocabar\/\",\"url\":\"https:\/\/thevintagetraveler.com\/en\/produit\/sac-hermes-garden-party-rocabar\/\",\"name\":\"Sac Herm\u00e8s Garden Party Toile Rocabar | TheVintageTraveler\",\"isPartOf\":{\"@id\":\"https:\/\/thevintagetraveler.com\/en\/#website\"},\"primaryImageOfPage\":{\"@id\":\"https:\/\/thevintagetraveler.com\/en\/produit\/sac-hermes-garden-party-rocabar\/#primaryimage\"},\"image\":{\"@id\":\"https:\/\/thevintagetraveler.com\/en\/produit\/sac-hermes-garden-party-rocabar\/#primaryimage\"},\"thumbnailUrl\":\"https:\/\/thevintagetraveler.com\/wp-content\/uploads\/2025\/07\/20250714_132925.jpg\",\"datePublished\":\"2024-07-17T13:57:47+00:00\",\"dateModified\":\"2025-09-16T12:52:00+00:00\",\"description\":\"Sac Herm\u00e8s Garden Party en toile Rocabar. Pi\u00e8ce rare, \u00e9l\u00e9gante et d\u00e9contract\u00e9e. Tr\u00e8s bon \u00e9tat, certifi\u00e9e. Un classique chic et pratique Herm\u00e8s.\",\"breadcrumb\":{\"@id\":\"https:\/\/thevintagetraveler.com\/en\/produit\/sac-hermes-garden-party-rocabar\/#breadcrumb\"},\"inLanguage\":\"en-US\",\"potentialAction\":[{\"@type\":\"ReadAction\",\"target\":[\"https:\/\/thevintagetraveler.com\/en\/produit\/sac-hermes-garden-party-rocabar\/\"]}]},{\"@type\":\"ImageObject\",\"inLanguage\":\"en-US\",\"@id\":\"https:\/\/thevintagetraveler.com\/en\/produit\/sac-hermes-garden-party-rocabar\/#primaryimage\",\"url\":\"https:\/\/thevintagetraveler.com\/wp-content\/uploads\/2025\/07\/20250714_132925.jpg\",\"contentUrl\":\"https:\/\/thevintagetraveler.com\/wp-content\/uploads\/2025\/07\/20250714_132925.jpg\",\"width\":1920,\"height\":2560,\"caption\":\"sac Herm\u00e8s Garden Party Rocabar\"},{\"@type\":\"BreadcrumbList\",\"@id\":\"https:\/\/thevintagetraveler.com\/en\/produit\/sac-hermes-garden-party-rocabar\/#breadcrumb\",\"itemListElement\":[{\"@type\":\"ListItem\",\"position\":1,\"name\":\"Accueil\",\"item\":\"https:\/\/thevintagetraveler.com\/en\/\"},{\"@type\":\"ListItem\",\"position\":2,\"name\":\"Shop\",\"item\":\"https:\/\/thevintagetraveler.com\/shop\/\"},{\"@type\":\"ListItem\",\"position\":3,\"name\":\"Sac Herm\u00e8s Garden Party Rocabar\"}]},{\"@type\":\"WebSite\",\"@id\":\"https:\/\/thevintagetraveler.com\/en\/#website\",\"url\":\"https:\/\/thevintagetraveler.com\/en\/\",\"name\":\"TheVintageTraveler\",\"description\":\"Luxury experts in Louis Vuitton, Chanel &amp; Herm\u00e8s\",\"publisher\":{\"@id\":\"https:\/\/thevintagetraveler.com\/en\/#organization\"},\"potentialAction\":[{\"@type\":\"SearchAction\",\"target\":{\"@type\":\"EntryPoint\",\"urlTemplate\":\"https:\/\/thevintagetraveler.com\/en\/?s={search_term_string}\"},\"query-input\":{\"@type\":\"PropertyValueSpecification\",\"valueRequired\":true,\"valueName\":\"search_term_string\"}}],\"inLanguage\":\"en-US\"},{\"@type\":\"Organization\",\"@id\":\"https:\/\/thevintagetraveler.com\/en\/#organization\",\"name\":\"TheVintageTraveler\",\"url\":\"https:\/\/thevintagetraveler.com\/en\/\",\"logo\":{\"@type\":\"ImageObject\",\"inLanguage\":\"en-US\",\"@id\":\"https:\/\/thevintagetraveler.com\/en\/#\/schema\/logo\/image\/\",\"url\":\"https:\/\/thevintagetraveler.com\/wp-content\/uploads\/2025\/04\/LOGO-THE-VINTAGE-TRAVELER-FINAL-e1745392697678.png\",\"contentUrl\":\"https:\/\/thevintagetraveler.com\/wp-content\/uploads\/2025\/04\/LOGO-THE-VINTAGE-TRAVELER-FINAL-e1745392697678.png\",\"width\":798,\"height\":318,\"caption\":\"TheVintageTraveler\"},\"image\":{\"@id\":\"https:\/\/thevintagetraveler.com\/en\/#\/schema\/logo\/image\/\"},\"sameAs\":[\"https:\/\/www.facebook.com\/TheVintageTravelerFR\/\",\"https:\/\/www.instagram.com\/the_vintagetraveler\"]}]}<\/script>\n<!-- \/ Yoast SEO plugin. -->","yoast_head_json":{"title":"Sac Herm\u00e8s Garden Party Toile Rocabar | TheVintageTraveler","description":"Sac Herm\u00e8s Garden Party en toile Rocabar. Pi\u00e8ce rare, \u00e9l\u00e9gante et d\u00e9contract\u00e9e. Tr\u00e8s bon \u00e9tat, certifi\u00e9e. Un classique chic et pratique Herm\u00e8s.","robots":{"index":"index","follow":"follow","max-snippet":"max-snippet:-1","max-image-preview":"max-image-preview:large","max-video-preview":"max-video-preview:-1"},"canonical":"https:\/\/thevintagetraveler.com\/en\/produit\/sac-hermes-garden-party-rocabar\/","og_locale":"en_US","og_type":"article","og_title":"Sac Herm\u00e8s Garden Party Toile Rocabar | TheVintageTraveler","og_description":"Sac Herm\u00e8s Garden Party en toile Rocabar. Pi\u00e8ce rare, \u00e9l\u00e9gante et d\u00e9contract\u00e9e. Tr\u00e8s bon \u00e9tat, certifi\u00e9e. Un classique chic et pratique Herm\u00e8s.","og_url":"https:\/\/thevintagetraveler.com\/en\/produit\/sac-hermes-garden-party-rocabar\/","og_site_name":"TheVintageTraveler","article_publisher":"https:\/\/www.facebook.com\/TheVintageTravelerFR\/","article_modified_time":"2025-09-16T12:52:00+00:00","og_image":[{"width":1920,"height":2560,"url":"https:\/\/thevintagetraveler.com\/wp-content\/uploads\/2025\/07\/20250714_132925.jpg","type":"image\/jpeg"}],"twitter_card":"summary_large_image","twitter_misc":{"Est. reading time":"3 minutes"},"schema":{"@context":"https:\/\/schema.org","@graph":[{"@type":"WebPage","@id":"https:\/\/thevintagetraveler.com\/en\/produit\/sac-hermes-garden-party-rocabar\/","url":"https:\/\/thevintagetraveler.com\/en\/produit\/sac-hermes-garden-party-rocabar\/","name":"Sac Herm\u00e8s Garden Party Toile Rocabar | TheVintageTraveler","isPartOf":{"@id":"https:\/\/thevintagetraveler.com\/en\/#website"},"primaryImageOfPage":{"@id":"https:\/\/thevintagetraveler.com\/en\/produit\/sac-hermes-garden-party-rocabar\/#primaryimage"},"image":{"@id":"https:\/\/thevintagetraveler.com\/en\/produit\/sac-hermes-garden-party-rocabar\/#primaryimage"},"thumbnailUrl":"https:\/\/thevintagetraveler.com\/wp-content\/uploads\/2025\/07\/20250714_132925.jpg","datePublished":"2024-07-17T13:57:47+00:00","dateModified":"2025-09-16T12:52:00+00:00","description":"Sac Herm\u00e8s Garden Party en toile Rocabar. Pi\u00e8ce rare, \u00e9l\u00e9gante et d\u00e9contract\u00e9e. Tr\u00e8s bon \u00e9tat, certifi\u00e9e. Un classique chic et pratique Herm\u00e8s.","breadcrumb":{"@id":"https:\/\/thevintagetraveler.com\/en\/produit\/sac-hermes-garden-party-rocabar\/#breadcrumb"},"inLanguage":"en-US","potentialAction":[{"@type":"ReadAction","target":["https:\/\/thevintagetraveler.com\/en\/produit\/sac-hermes-garden-party-rocabar\/"]}]},{"@type":"ImageObject","inLanguage":"en-US","@id":"https:\/\/thevintagetraveler.com\/en\/produit\/sac-hermes-garden-party-rocabar\/#primaryimage","url":"https:\/\/thevintagetraveler.com\/wp-content\/uploads\/2025\/07\/20250714_132925.jpg","contentUrl":"https:\/\/thevintagetraveler.com\/wp-content\/uploads\/2025\/07\/20250714_132925.jpg","width":1920,"height":2560,"caption":"sac Herm\u00e8s Garden Party Rocabar"},{"@type":"BreadcrumbList","@id":"https:\/\/thevintagetraveler.com\/en\/produit\/sac-hermes-garden-party-rocabar\/#breadcrumb","itemListElement":[{"@type":"ListItem","position":1,"name":"Accueil","item":"https:\/\/thevintagetraveler.com\/en\/"},{"@type":"ListItem","position":2,"name":"Shop","item":"https:\/\/thevintagetraveler.com\/shop\/"},{"@type":"ListItem","position":3,"name":"Sac Herm\u00e8s Garden Party Rocabar"}]},{"@type":"WebSite","@id":"https:\/\/thevintagetraveler.com\/en\/#website","url":"https:\/\/thevintagetraveler.com\/en\/","name":"TheVintageTraveler","description":"Luxury experts in Louis Vuitton, Chanel &amp; Herm\u00e8s","publisher":{"@id":"https:\/\/thevintagetraveler.com\/en\/#organization"},"potentialAction":[{"@type":"SearchAction","target":{"@type":"EntryPoint","urlTemplate":"https:\/\/thevintagetraveler.com\/en\/?s={search_term_string}"},"query-input":{"@type":"PropertyValueSpecification","valueRequired":true,"valueName":"search_term_string"}}],"inLanguage":"en-US"},{"@type":"Organization","@id":"https:\/\/thevintagetraveler.com\/en\/#organization","name":"TheVintageTraveler","url":"https:\/\/thevintagetraveler.com\/en\/","logo":{"@type":"ImageObject","inLanguage":"en-US","@id":"https:\/\/thevintagetraveler.com\/en\/#\/schema\/logo\/image\/","url":"https:\/\/thevintagetraveler.com\/wp-content\/uploads\/2025\/04\/LOGO-THE-VINTAGE-TRAVELER-FINAL-e1745392697678.png","contentUrl":"https:\/\/thevintagetraveler.com\/wp-content\/uploads\/2025\/04\/LOGO-THE-VINTAGE-TRAVELER-FINAL-e1745392697678.png","width":798,"height":318,"caption":"TheVintageTraveler"},"image":{"@id":"https:\/\/thevintagetraveler.com\/en\/#\/schema\/logo\/image\/"},"sameAs":["https:\/\/www.facebook.com\/TheVintageTravelerFR\/","https:\/\/www.instagram.com\/the_vintagetraveler"]}]}},"_links":{"self":[{"href":"https:\/\/thevintagetraveler.com\/en\/wp-json\/wp\/v2\/product\/5362","targetHints":{"allow":["GET"]}}],"collection":[{"href":"https:\/\/thevintagetraveler.com\/en\/wp-json\/wp\/v2\/product"}],"about":[{"href":"https:\/\/thevintagetraveler.com\/en\/wp-json\/wp\/v2\/types\/product"}],"wp:featuredmedia":[{"embeddable":true,"href":"https:\/\/thevintagetraveler.com\/en\/wp-json\/wp\/v2\/media\/5363"}],"wp:attachment":[{"href":"https:\/\/thevintagetraveler.com\/en\/wp-json\/wp\/v2\/media?parent=5362"}],"wp:term":[{"taxonomy":"product_brand","embeddable":true,"href":"https:\/\/thevintagetraveler.com\/en\/wp-json\/wp\/v2\/product_brand?post=5362"},{"taxonomy":"product_cat","embeddable":true,"href":"https:\/\/thevintagetraveler.com\/en\/wp-json\/wp\/v2\/product_cat?post=5362"},{"taxonomy":"product_tag","embeddable":true,"href":"https:\/\/thevintagetraveler.com\/en\/wp-json\/wp\/v2\/product_tag?post=5362"}],"curies":[{"name":"wp","href":"https:\/\/api.w.org\/{rel}","templated":true}]}}