{"id":5368,"date":"2024-07-17T16:11:37","date_gmt":"2024-07-17T14:11:37","guid":{"rendered":"https:\/\/thevintagetraveler.com\/?post_type=product&#038;p=5368"},"modified":"2025-11-13T14:01:23","modified_gmt":"2025-11-13T13:01:23","slug":"kelly-hermes-35-sellier-box-noir-vintage-1960","status":"publish","type":"product","link":"https:\/\/thevintagetraveler.com\/en\/produit\/kelly-hermes-35-sellier-box-noir-vintage-1960\/","title":{"rendered":"Sac Herm\u00e8s Kelly 35 noir sellier"},"content":{"rendered":"<h3 data-start=\"1043\" data-end=\"1119\">Sac Herm\u00e8s Kelly 35 Sellier \u2013 Cuir Box Noir, Finitions Gold, Ann\u00e9es 1960<\/h3>\n<p data-start=\"1121\" data-end=\"1524\">Ce <strong data-start=\"1124\" data-end=\"1155\">sac Herm\u00e8s Kelly Sellier 35<\/strong>, r\u00e9alis\u00e9 en <strong data-start=\"1168\" data-end=\"1185\">cuir Box noir<\/strong> avec <strong data-start=\"1191\" data-end=\"1211\">finitions dor\u00e9es<\/strong>, est une <strong data-start=\"1221\" data-end=\"1258\">pi\u00e8ce rare datant des ann\u00e9es 1960<\/strong>, dans un <strong data-start=\"1268\" data-end=\"1301\">tr\u00e8s bon \u00e9tat de conservation<\/strong>. Avec sa couture Sellier rigide, son format \u00e9l\u00e9gant et son <strong data-start=\"1361\" data-end=\"1385\">cuir patin\u00e9 d\u2019\u00e9poque<\/strong>, il s\u2019agit d\u2019un <strong data-start=\"1402\" data-end=\"1443\">v\u00e9ritable tr\u00e9sor du patrimoine Herm\u00e8s<\/strong> \u2014 convoit\u00e9 par les collectionneurs et les passionn\u00e9s de maroquinerie historique.<\/p>\n<hr data-start=\"1526\" data-end=\"1529\" \/>\n<h3 data-start=\"1531\" data-end=\"1565\">Un Kelly Sellier de collection<\/h3>\n<p data-start=\"1567\" data-end=\"1645\">Le <strong data-start=\"1570\" data-end=\"1587\">Kelly Sellier<\/strong> est la version rigide du mod\u00e8le <a href=\"https:\/\/thevintagetraveler.com\/histoire-sac-kelly-hermes\/\">Kelly<\/a>, reconnaissable \u00e0 :<\/p>\n<ul data-start=\"1647\" data-end=\"1905\">\n<li data-start=\"1647\" data-end=\"1699\">\n<p data-start=\"1649\" data-end=\"1699\">Sa <strong data-start=\"1652\" data-end=\"1682\">couture ext\u00e9rieure visible<\/strong>, plus formelle<\/p>\n<\/li>\n<li data-start=\"1700\" data-end=\"1771\">\n<p data-start=\"1702\" data-end=\"1771\">Sa <strong data-start=\"1705\" data-end=\"1738\">structure droite et anguleuse<\/strong>, qui lui donne de la prestance<\/p>\n<\/li>\n<li data-start=\"1772\" data-end=\"1840\">\n<p data-start=\"1774\" data-end=\"1840\">Son <strong data-start=\"1778\" data-end=\"1808\">allure plus architecturale<\/strong> par rapport au Kelly Retourne<\/p>\n<\/li>\n<li data-start=\"1841\" data-end=\"1905\">\n<p data-start=\"1843\" data-end=\"1905\">Sa <strong data-start=\"1846\" data-end=\"1868\">valeur plus \u00e9lev\u00e9e<\/strong> en collection, notamment en cuir Box<\/p>\n<\/li>\n<\/ul>\n<p data-start=\"1907\" data-end=\"2056\">Ce mod\u00e8le <strong data-start=\"1917\" data-end=\"1926\">35 cm<\/strong>, \u00e0 la fois spacieux et \u00e9l\u00e9gant, \u00e9tait l\u2019un des plus r\u00e9pandus dans les ann\u00e9es 60-70, mais <strong data-start=\"2016\" data-end=\"2055\">rarement conserv\u00e9 en aussi bon \u00e9tat<\/strong>.<\/p>\n<hr data-start=\"2058\" data-end=\"2061\" \/>\n<h3 data-start=\"2063\" data-end=\"2114\">Le cuir Box noir : ic\u00f4ne de la tradition Herm\u00e8s<\/h3>\n<ul data-start=\"2116\" data-end=\"2354\">\n<li data-start=\"2116\" data-end=\"2172\">\n<p data-start=\"2118\" data-end=\"2172\"><strong data-start=\"2118\" data-end=\"2140\">Cuir de veau lisse<\/strong>, au toucher brillant et glac\u00e9<\/p>\n<\/li>\n<li data-start=\"2173\" data-end=\"2224\">\n<p data-start=\"2175\" data-end=\"2224\">Tr\u00e8s utilis\u00e9 sur les <strong data-start=\"2196\" data-end=\"2222\">mod\u00e8les Kelly d\u2019\u00e9poque<\/strong><\/p>\n<\/li>\n<li data-start=\"2225\" data-end=\"2287\">\n<p data-start=\"2227\" data-end=\"2287\"><strong data-start=\"2227\" data-end=\"2255\">Patine noble et profonde<\/strong>, qui se bonifie avec le temps<\/p>\n<\/li>\n<li data-start=\"2288\" data-end=\"2354\">\n<p data-start=\"2290\" data-end=\"2354\">Ici associ\u00e9 \u00e0 des <strong data-start=\"2308\" data-end=\"2324\">finitions or<\/strong>, pour un contraste intemporel<\/p>\n<\/li>\n<\/ul>\n<hr data-start=\"2356\" data-end=\"2359\" \/>\n<h3 data-start=\"2361\" data-end=\"2392\">Caract\u00e9ristiques du produit<\/h3>\n<ul data-start=\"2394\" data-end=\"2837\">\n<li data-start=\"2394\" data-end=\"2417\">\n<p data-start=\"2396\" data-end=\"2417\"><strong data-start=\"2396\" data-end=\"2408\">Marque :<\/strong> Herm\u00e8s<\/p>\n<\/li>\n<li data-start=\"2418\" data-end=\"2451\">\n<p data-start=\"2420\" data-end=\"2451\"><strong data-start=\"2420\" data-end=\"2432\">Mod\u00e8le :<\/strong> Kelly 35 Sellier<\/p>\n<\/li>\n<li data-start=\"2452\" data-end=\"2483\">\n<p data-start=\"2454\" data-end=\"2483\"><strong data-start=\"2454\" data-end=\"2467\">Mati\u00e8re :<\/strong> Cuir Box noir<\/p>\n<\/li>\n<li data-start=\"2484\" data-end=\"2521\">\n<p data-start=\"2486\" data-end=\"2521\"><strong data-start=\"2486\" data-end=\"2501\">Finitions :<\/strong> M\u00e9tal dor\u00e9 (gold)<\/p>\n<\/li>\n<li data-start=\"2522\" data-end=\"2575\">\n<p data-start=\"2524\" data-end=\"2575\"><strong data-start=\"2524\" data-end=\"2535\">Ann\u00e9e :<\/strong> Ann\u00e9es 1960<\/p>\n<\/li>\n<li data-start=\"2576\" data-end=\"2634\">\n<p data-start=\"2578\" data-end=\"2634\"><strong data-start=\"2578\" data-end=\"2593\">Fermeture :<\/strong> Rabat \u00e0 sanglons, cadenas et clochette<\/p>\n<\/li>\n<li data-start=\"2635\" data-end=\"2691\">\n<p data-start=\"2637\" data-end=\"2691\"><strong data-start=\"2637\" data-end=\"2648\">Port\u00e9 :<\/strong> Main<\/p>\n<\/li>\n<li data-start=\"2692\" data-end=\"2760\">\n<p data-start=\"2694\" data-end=\"2760\"><strong data-start=\"2694\" data-end=\"2704\">\u00c9tat :<\/strong> Tr\u00e8s bon pour son \u00e2ge \u2013 cuir bien patin\u00e9, angles nets<\/p>\n<\/li>\n<li data-start=\"2761\" data-end=\"2837\">\n<p data-start=\"2763\" data-end=\"2837\"><strong data-start=\"2763\" data-end=\"2785\">Authentification :<\/strong> Certifi\u00e9 \u2013 livr\u00e9 avec certificat TheVintageTraveler<\/p>\n<\/li>\n<\/ul>\n<hr data-start=\"2839\" data-end=\"2842\" \/>\n<h3 data-start=\"2844\" data-end=\"2890\">Un sac de mus\u00e9e, \u00e0 porter ou collectionner<\/h3>\n<p data-start=\"2892\" data-end=\"2917\">Ce Kelly est id\u00e9al pour :<\/p>\n<ul data-start=\"2919\" data-end=\"3166\">\n<li data-start=\"2919\" data-end=\"2976\">\n<p data-start=\"2921\" data-end=\"2976\"><strong data-start=\"2921\" data-end=\"2974\">Les collectionneuses de pi\u00e8ces Herm\u00e8s historiques<\/strong><\/p>\n<\/li>\n<li data-start=\"2977\" data-end=\"3030\">\n<p data-start=\"2979\" data-end=\"3030\">Un usage formel ou une <strong data-start=\"3002\" data-end=\"3028\">tenue vintage raffin\u00e9e<\/strong><\/p>\n<\/li>\n<li data-start=\"3031\" data-end=\"3108\">\n<p data-start=\"3033\" data-end=\"3108\">\u00catre expos\u00e9 dans un showroom, <strong data-start=\"3063\" data-end=\"3106\">biblioth\u00e8que ou int\u00e9rieur haut de gamme<\/strong><\/p>\n<\/li>\n<li data-start=\"3109\" data-end=\"3166\">\n<p data-start=\"3111\" data-end=\"3166\"><strong data-start=\"3111\" data-end=\"3151\">Investir dans une pi\u00e8ce embl\u00e9matique<\/strong> et valorisable<\/p>\n<\/li>\n<\/ul>\n<hr data-start=\"3168\" data-end=\"3171\" \/>\n<h3 data-start=\"3173\" data-end=\"3236\">Pourquoi investir dans ce Kelly 35 cuir Box des ann\u00e9es 60 ?<\/h3>\n<ul data-start=\"3238\" data-end=\"3496\">\n<li data-start=\"3238\" data-end=\"3284\">\n<p data-start=\"3240\" data-end=\"3284\"><strong data-start=\"3240\" data-end=\"3266\">Mod\u00e8le Sellier vintage<\/strong>, tr\u00e8s recherch\u00e9<\/p>\n<\/li>\n<li data-start=\"3285\" data-end=\"3328\">\n<p data-start=\"3287\" data-end=\"3328\"><strong data-start=\"3287\" data-end=\"3304\">Cuir Box noir<\/strong>, patin\u00e9 avec \u00e9l\u00e9gance<\/p>\n<\/li>\n<li data-start=\"3329\" data-end=\"3376\">\n<p data-start=\"3331\" data-end=\"3376\"><strong data-start=\"3331\" data-end=\"3346\">Ann\u00e9es 1960<\/strong>, d\u00e9cennie rare \u00e0 la revente<\/p>\n<\/li>\n<li data-start=\"3377\" data-end=\"3431\">\n<p data-start=\"3379\" data-end=\"3431\"><strong data-start=\"3379\" data-end=\"3399\">\u00c9tat remarquable<\/strong> pour un sac de plus de 60 ans<\/p>\n<\/li>\n<li data-start=\"3432\" data-end=\"3496\">\n<p data-start=\"3434\" data-end=\"3496\"><strong data-start=\"3434\" data-end=\"3456\">Pi\u00e8ce patrimoniale<\/strong>, id\u00e9ale pour collection et transmission<\/p>\n<\/li>\n<\/ul>\n<hr data-start=\"3498\" data-end=\"3501\" \/>\n<h3 data-start=\"3503\" data-end=\"3549\">Pourquoi acheter chez TheVintageTraveler ?<\/h3>\n<p data-start=\"3551\" data-end=\"3606\">Chez <strong data-start=\"3556\" data-end=\"3578\">TheVintageTraveler<\/strong>, chaque pi\u00e8ce vintage est :<\/p>\n<ul data-start=\"3608\" data-end=\"3879\">\n<li data-start=\"3608\" data-end=\"3662\">\n<p data-start=\"3610\" data-end=\"3662\"><strong data-start=\"3610\" data-end=\"3633\">Expertis\u00e9e et dat\u00e9e<\/strong>, avec tra\u00e7abilit\u00e9 s\u00e9rieuse<\/p>\n<\/li>\n<li data-start=\"3663\" data-end=\"3723\">\n<p data-start=\"3665\" data-end=\"3723\">S\u00e9lectionn\u00e9e pour sa <strong data-start=\"3686\" data-end=\"3721\">valeur historique et esth\u00e9tique<\/strong><\/p>\n<\/li>\n<li data-start=\"3724\" data-end=\"3769\">\n<p data-start=\"3726\" data-end=\"3769\">Livr\u00e9e avec <strong data-start=\"3738\" data-end=\"3767\">certificat d\u2019authenticit\u00e9<\/strong><\/p>\n<\/li>\n<li data-start=\"3770\" data-end=\"3879\">\n<p data-start=\"3772\" data-end=\"3879\">Disponible en <strong data-start=\"3786\" data-end=\"3837\">retrait showroom (March\u00e9 Serpette \u2013 Saint-Ouen)<\/strong> ou <strong data-start=\"3841\" data-end=\"3879\">livraison internationale s\u00e9curis\u00e9e<\/strong><\/p>\n<\/li>\n<\/ul>\n<hr data-start=\"3881\" data-end=\"3884\" \/>\n<h3 data-start=\"3886\" data-end=\"3900\">Conclusion<\/h3>\n<p data-start=\"3902\" data-end=\"4209\">Ce <strong data-start=\"3905\" data-end=\"3949\">Herm\u00e8s Kelly 35 Sellier en cuir Box noir<\/strong>, datant des <strong data-start=\"3962\" data-end=\"3977\">ann\u00e9es 1960<\/strong>, est une <strong data-start=\"3987\" data-end=\"4013\">pi\u00e8ce iconique et rare<\/strong>. Parfaitement conserv\u00e9, certifi\u00e9, et au style intemporel, il repr\u00e9sente un <strong data-start=\"4089\" data-end=\"4146\">investissement de r\u00e9f\u00e9rence dans le patrimoine Herm\u00e8s<\/strong> \u2014 un sac \u00e0 la fois \u00e9l\u00e9gant, historique et hautement d\u00e9sirable.<\/p>\n<p>Suivez &#8211; nous sur <a href=\"https:\/\/www.facebook.com\/TheVintageTravelerFR\">Facebook<\/a> et <a href=\"https:\/\/www.instagram.com\/the_vintagetraveler\/?igsh=aXdsbDJkdnpwZjcx#\">Instagram<\/a><\/p>\n","protected":false},"excerpt":{"rendered":"<p>Sac Herm\u00e8s Kelly 35 Sellier en cuir Box noir, ann\u00e9es 1960. Finitions or. Tr\u00e8s bon \u00e9tat. Pi\u00e8ce vintage rare et certifi\u00e9e. Parfait pour investir.<\/p>\n","protected":false},"featured_media":5374,"template":"","meta":[],"product_brand":[],"product_cat":[115,140,152,112],"product_tag":[136,148],"class_list":{"0":"post-5368","1":"product","2":"type-product","3":"status-publish","4":"has-post-thumbnail","6":"product_cat-hermes","7":"product_cat-nouveautes","8":"product_cat-sac-a-main","9":"product_cat-sacs","10":"product_tag-hermes","11":"product_tag-hermeskelly","13":"first","14":"outofstock","15":"sold-individually","16":"shipping-taxable","17":"purchasable","18":"product-type-simple"},"yoast_head":"<!-- This site is optimized with the Yoast SEO plugin v27.1.1 - https:\/\/yoast.com\/product\/yoast-seo-wordpress\/ -->\n<title>Kelly Herm\u00e8s 35 Sellier Cuir Box Noir Ann\u00e9es 60 | TheVintageTraveler<\/title>\n<meta name=\"description\" content=\"Sac Kelly Herm\u00e8s 35 Sellier en cuir Box noir, finitions or. Ann\u00e9es 60. Tr\u00e8s bon \u00e9tat. Pi\u00e8ce vintage rare et certifi\u00e9e. Excellent investissement.\" \/>\n<meta name=\"robots\" content=\"index, follow, max-snippet:-1, max-image-preview:large, max-video-preview:-1\" \/>\n<link rel=\"canonical\" href=\"https:\/\/thevintagetraveler.com\/en\/produit\/kelly-hermes-35-sellier-box-noir-vintage-1960\/\" \/>\n<meta property=\"og:locale\" content=\"en_US\" \/>\n<meta property=\"og:type\" content=\"article\" \/>\n<meta property=\"og:title\" content=\"Kelly Herm\u00e8s 35 Sellier Cuir Box Noir Ann\u00e9es 60 | TheVintageTraveler\" \/>\n<meta property=\"og:description\" content=\"Sac Kelly Herm\u00e8s 35 Sellier en cuir Box noir, finitions or. Ann\u00e9es 60. Tr\u00e8s bon \u00e9tat. Pi\u00e8ce vintage rare et certifi\u00e9e. Excellent investissement.\" \/>\n<meta property=\"og:url\" content=\"https:\/\/thevintagetraveler.com\/en\/produit\/kelly-hermes-35-sellier-box-noir-vintage-1960\/\" \/>\n<meta property=\"og:site_name\" content=\"TheVintageTraveler\" \/>\n<meta property=\"article:publisher\" content=\"https:\/\/www.facebook.com\/TheVintageTravelerFR\/\" \/>\n<meta property=\"article:modified_time\" content=\"2025-11-13T13:01:23+00:00\" \/>\n<meta property=\"og:image\" content=\"https:\/\/thevintagetraveler.com\/wp-content\/uploads\/2025\/07\/20250714_134435.jpg\" \/>\n\t<meta property=\"og:image:width\" content=\"1920\" \/>\n\t<meta property=\"og:image:height\" content=\"2560\" \/>\n\t<meta property=\"og:image:type\" content=\"image\/jpeg\" \/>\n<meta name=\"twitter:card\" content=\"summary_large_image\" \/>\n<meta name=\"twitter:label1\" content=\"Est. reading time\" \/>\n\t<meta name=\"twitter:data1\" content=\"3 minutes\" \/>\n<script type=\"application\/ld+json\" class=\"yoast-schema-graph\">{\"@context\":\"https:\/\/schema.org\",\"@graph\":[{\"@type\":\"WebPage\",\"@id\":\"https:\/\/thevintagetraveler.com\/en\/produit\/kelly-hermes-35-sellier-box-noir-vintage-1960\/\",\"url\":\"https:\/\/thevintagetraveler.com\/en\/produit\/kelly-hermes-35-sellier-box-noir-vintage-1960\/\",\"name\":\"Kelly Herm\u00e8s 35 Sellier Cuir Box Noir Ann\u00e9es 60 | TheVintageTraveler\",\"isPartOf\":{\"@id\":\"https:\/\/thevintagetraveler.com\/en\/#website\"},\"primaryImageOfPage\":{\"@id\":\"https:\/\/thevintagetraveler.com\/en\/produit\/kelly-hermes-35-sellier-box-noir-vintage-1960\/#primaryimage\"},\"image\":{\"@id\":\"https:\/\/thevintagetraveler.com\/en\/produit\/kelly-hermes-35-sellier-box-noir-vintage-1960\/#primaryimage\"},\"thumbnailUrl\":\"https:\/\/thevintagetraveler.com\/wp-content\/uploads\/2025\/07\/20250714_134435.jpg\",\"datePublished\":\"2024-07-17T14:11:37+00:00\",\"dateModified\":\"2025-11-13T13:01:23+00:00\",\"description\":\"Sac Kelly Herm\u00e8s 35 Sellier en cuir Box noir, finitions or. Ann\u00e9es 60. Tr\u00e8s bon \u00e9tat. Pi\u00e8ce vintage rare et certifi\u00e9e. Excellent investissement.\",\"breadcrumb\":{\"@id\":\"https:\/\/thevintagetraveler.com\/en\/produit\/kelly-hermes-35-sellier-box-noir-vintage-1960\/#breadcrumb\"},\"inLanguage\":\"en-US\",\"potentialAction\":[{\"@type\":\"ReadAction\",\"target\":[\"https:\/\/thevintagetraveler.com\/en\/produit\/kelly-hermes-35-sellier-box-noir-vintage-1960\/\"]}]},{\"@type\":\"ImageObject\",\"inLanguage\":\"en-US\",\"@id\":\"https:\/\/thevintagetraveler.com\/en\/produit\/kelly-hermes-35-sellier-box-noir-vintage-1960\/#primaryimage\",\"url\":\"https:\/\/thevintagetraveler.com\/wp-content\/uploads\/2025\/07\/20250714_134435.jpg\",\"contentUrl\":\"https:\/\/thevintagetraveler.com\/wp-content\/uploads\/2025\/07\/20250714_134435.jpg\",\"width\":1920,\"height\":2560,\"caption\":\"sac Herm\u00e8s Kelly Sellier 35 cuir Box noir vintage 1960\"},{\"@type\":\"BreadcrumbList\",\"@id\":\"https:\/\/thevintagetraveler.com\/en\/produit\/kelly-hermes-35-sellier-box-noir-vintage-1960\/#breadcrumb\",\"itemListElement\":[{\"@type\":\"ListItem\",\"position\":1,\"name\":\"Accueil\",\"item\":\"https:\/\/thevintagetraveler.com\/en\/\"},{\"@type\":\"ListItem\",\"position\":2,\"name\":\"Shop\",\"item\":\"https:\/\/thevintagetraveler.com\/shop\/\"},{\"@type\":\"ListItem\",\"position\":3,\"name\":\"Sac Herm\u00e8s Kelly 35 noir sellier\"}]},{\"@type\":\"WebSite\",\"@id\":\"https:\/\/thevintagetraveler.com\/en\/#website\",\"url\":\"https:\/\/thevintagetraveler.com\/en\/\",\"name\":\"TheVintageTraveler\",\"description\":\"Luxury experts in Louis Vuitton, Chanel &amp; Herm\u00e8s\",\"publisher\":{\"@id\":\"https:\/\/thevintagetraveler.com\/en\/#organization\"},\"potentialAction\":[{\"@type\":\"SearchAction\",\"target\":{\"@type\":\"EntryPoint\",\"urlTemplate\":\"https:\/\/thevintagetraveler.com\/en\/?s={search_term_string}\"},\"query-input\":{\"@type\":\"PropertyValueSpecification\",\"valueRequired\":true,\"valueName\":\"search_term_string\"}}],\"inLanguage\":\"en-US\"},{\"@type\":\"Organization\",\"@id\":\"https:\/\/thevintagetraveler.com\/en\/#organization\",\"name\":\"TheVintageTraveler\",\"url\":\"https:\/\/thevintagetraveler.com\/en\/\",\"logo\":{\"@type\":\"ImageObject\",\"inLanguage\":\"en-US\",\"@id\":\"https:\/\/thevintagetraveler.com\/en\/#\/schema\/logo\/image\/\",\"url\":\"https:\/\/thevintagetraveler.com\/wp-content\/uploads\/2025\/04\/LOGO-THE-VINTAGE-TRAVELER-FINAL-e1745392697678.png\",\"contentUrl\":\"https:\/\/thevintagetraveler.com\/wp-content\/uploads\/2025\/04\/LOGO-THE-VINTAGE-TRAVELER-FINAL-e1745392697678.png\",\"width\":798,\"height\":318,\"caption\":\"TheVintageTraveler\"},\"image\":{\"@id\":\"https:\/\/thevintagetraveler.com\/en\/#\/schema\/logo\/image\/\"},\"sameAs\":[\"https:\/\/www.facebook.com\/TheVintageTravelerFR\/\",\"https:\/\/www.instagram.com\/the_vintagetraveler\"]}]}<\/script>\n<!-- \/ Yoast SEO plugin. -->","yoast_head_json":{"title":"Kelly Herm\u00e8s 35 Sellier Cuir Box Noir Ann\u00e9es 60 | TheVintageTraveler","description":"Sac Kelly Herm\u00e8s 35 Sellier en cuir Box noir, finitions or. Ann\u00e9es 60. Tr\u00e8s bon \u00e9tat. Pi\u00e8ce vintage rare et certifi\u00e9e. Excellent investissement.","robots":{"index":"index","follow":"follow","max-snippet":"max-snippet:-1","max-image-preview":"max-image-preview:large","max-video-preview":"max-video-preview:-1"},"canonical":"https:\/\/thevintagetraveler.com\/en\/produit\/kelly-hermes-35-sellier-box-noir-vintage-1960\/","og_locale":"en_US","og_type":"article","og_title":"Kelly Herm\u00e8s 35 Sellier Cuir Box Noir Ann\u00e9es 60 | TheVintageTraveler","og_description":"Sac Kelly Herm\u00e8s 35 Sellier en cuir Box noir, finitions or. Ann\u00e9es 60. Tr\u00e8s bon \u00e9tat. Pi\u00e8ce vintage rare et certifi\u00e9e. Excellent investissement.","og_url":"https:\/\/thevintagetraveler.com\/en\/produit\/kelly-hermes-35-sellier-box-noir-vintage-1960\/","og_site_name":"TheVintageTraveler","article_publisher":"https:\/\/www.facebook.com\/TheVintageTravelerFR\/","article_modified_time":"2025-11-13T13:01:23+00:00","og_image":[{"width":1920,"height":2560,"url":"https:\/\/thevintagetraveler.com\/wp-content\/uploads\/2025\/07\/20250714_134435.jpg","type":"image\/jpeg"}],"twitter_card":"summary_large_image","twitter_misc":{"Est. reading time":"3 minutes"},"schema":{"@context":"https:\/\/schema.org","@graph":[{"@type":"WebPage","@id":"https:\/\/thevintagetraveler.com\/en\/produit\/kelly-hermes-35-sellier-box-noir-vintage-1960\/","url":"https:\/\/thevintagetraveler.com\/en\/produit\/kelly-hermes-35-sellier-box-noir-vintage-1960\/","name":"Kelly Herm\u00e8s 35 Sellier Cuir Box Noir Ann\u00e9es 60 | TheVintageTraveler","isPartOf":{"@id":"https:\/\/thevintagetraveler.com\/en\/#website"},"primaryImageOfPage":{"@id":"https:\/\/thevintagetraveler.com\/en\/produit\/kelly-hermes-35-sellier-box-noir-vintage-1960\/#primaryimage"},"image":{"@id":"https:\/\/thevintagetraveler.com\/en\/produit\/kelly-hermes-35-sellier-box-noir-vintage-1960\/#primaryimage"},"thumbnailUrl":"https:\/\/thevintagetraveler.com\/wp-content\/uploads\/2025\/07\/20250714_134435.jpg","datePublished":"2024-07-17T14:11:37+00:00","dateModified":"2025-11-13T13:01:23+00:00","description":"Sac Kelly Herm\u00e8s 35 Sellier en cuir Box noir, finitions or. Ann\u00e9es 60. Tr\u00e8s bon \u00e9tat. Pi\u00e8ce vintage rare et certifi\u00e9e. Excellent investissement.","breadcrumb":{"@id":"https:\/\/thevintagetraveler.com\/en\/produit\/kelly-hermes-35-sellier-box-noir-vintage-1960\/#breadcrumb"},"inLanguage":"en-US","potentialAction":[{"@type":"ReadAction","target":["https:\/\/thevintagetraveler.com\/en\/produit\/kelly-hermes-35-sellier-box-noir-vintage-1960\/"]}]},{"@type":"ImageObject","inLanguage":"en-US","@id":"https:\/\/thevintagetraveler.com\/en\/produit\/kelly-hermes-35-sellier-box-noir-vintage-1960\/#primaryimage","url":"https:\/\/thevintagetraveler.com\/wp-content\/uploads\/2025\/07\/20250714_134435.jpg","contentUrl":"https:\/\/thevintagetraveler.com\/wp-content\/uploads\/2025\/07\/20250714_134435.jpg","width":1920,"height":2560,"caption":"sac Herm\u00e8s Kelly Sellier 35 cuir Box noir vintage 1960"},{"@type":"BreadcrumbList","@id":"https:\/\/thevintagetraveler.com\/en\/produit\/kelly-hermes-35-sellier-box-noir-vintage-1960\/#breadcrumb","itemListElement":[{"@type":"ListItem","position":1,"name":"Accueil","item":"https:\/\/thevintagetraveler.com\/en\/"},{"@type":"ListItem","position":2,"name":"Shop","item":"https:\/\/thevintagetraveler.com\/shop\/"},{"@type":"ListItem","position":3,"name":"Sac Herm\u00e8s Kelly 35 noir sellier"}]},{"@type":"WebSite","@id":"https:\/\/thevintagetraveler.com\/en\/#website","url":"https:\/\/thevintagetraveler.com\/en\/","name":"TheVintageTraveler","description":"Luxury experts in Louis Vuitton, Chanel &amp; Herm\u00e8s","publisher":{"@id":"https:\/\/thevintagetraveler.com\/en\/#organization"},"potentialAction":[{"@type":"SearchAction","target":{"@type":"EntryPoint","urlTemplate":"https:\/\/thevintagetraveler.com\/en\/?s={search_term_string}"},"query-input":{"@type":"PropertyValueSpecification","valueRequired":true,"valueName":"search_term_string"}}],"inLanguage":"en-US"},{"@type":"Organization","@id":"https:\/\/thevintagetraveler.com\/en\/#organization","name":"TheVintageTraveler","url":"https:\/\/thevintagetraveler.com\/en\/","logo":{"@type":"ImageObject","inLanguage":"en-US","@id":"https:\/\/thevintagetraveler.com\/en\/#\/schema\/logo\/image\/","url":"https:\/\/thevintagetraveler.com\/wp-content\/uploads\/2025\/04\/LOGO-THE-VINTAGE-TRAVELER-FINAL-e1745392697678.png","contentUrl":"https:\/\/thevintagetraveler.com\/wp-content\/uploads\/2025\/04\/LOGO-THE-VINTAGE-TRAVELER-FINAL-e1745392697678.png","width":798,"height":318,"caption":"TheVintageTraveler"},"image":{"@id":"https:\/\/thevintagetraveler.com\/en\/#\/schema\/logo\/image\/"},"sameAs":["https:\/\/www.facebook.com\/TheVintageTravelerFR\/","https:\/\/www.instagram.com\/the_vintagetraveler"]}]}},"_links":{"self":[{"href":"https:\/\/thevintagetraveler.com\/en\/wp-json\/wp\/v2\/product\/5368","targetHints":{"allow":["GET"]}}],"collection":[{"href":"https:\/\/thevintagetraveler.com\/en\/wp-json\/wp\/v2\/product"}],"about":[{"href":"https:\/\/thevintagetraveler.com\/en\/wp-json\/wp\/v2\/types\/product"}],"wp:featuredmedia":[{"embeddable":true,"href":"https:\/\/thevintagetraveler.com\/en\/wp-json\/wp\/v2\/media\/5374"}],"wp:attachment":[{"href":"https:\/\/thevintagetraveler.com\/en\/wp-json\/wp\/v2\/media?parent=5368"}],"wp:term":[{"taxonomy":"product_brand","embeddable":true,"href":"https:\/\/thevintagetraveler.com\/en\/wp-json\/wp\/v2\/product_brand?post=5368"},{"taxonomy":"product_cat","embeddable":true,"href":"https:\/\/thevintagetraveler.com\/en\/wp-json\/wp\/v2\/product_cat?post=5368"},{"taxonomy":"product_tag","embeddable":true,"href":"https:\/\/thevintagetraveler.com\/en\/wp-json\/wp\/v2\/product_tag?post=5368"}],"curies":[{"name":"wp","href":"https:\/\/api.w.org\/{rel}","templated":true}]}}