{"id":5375,"date":"2024-07-17T16:21:34","date_gmt":"2024-07-17T14:21:34","guid":{"rendered":"https:\/\/thevintagetraveler.com\/?post_type=product&#038;p=5375"},"modified":"2025-12-09T18:04:49","modified_gmt":"2025-12-09T17:04:49","slug":"keepall-louis-vuitton-chapman-brothers","status":"publish","type":"product","link":"https:\/\/thevintagetraveler.com\/en\/produit\/keepall-louis-vuitton-chapman-brothers\/","title":{"rendered":"Sac Louis Vuitton keepall Chapman"},"content":{"rendered":"<h3 data-start=\"1000\" data-end=\"1075\">Sac Louis Vuitton Keepall \u2013 \u00c9dition Limit\u00e9e Chapman Brothers, \u00c9tat Neuf<\/h3>\n<p data-start=\"1077\" data-end=\"1397\">Ce <strong data-start=\"1080\" data-end=\"1105\">Keepall Louis Vuitton<\/strong> est issu d\u2019une <strong data-start=\"1121\" data-end=\"1175\">collaboration artistique avec les Chapman Brothers<\/strong>, c\u00e9l\u00e8bre duo d\u2019artistes contemporains britanniques. Cette \u00e9dition limit\u00e9e m\u00eale <strong data-start=\"1255\" data-end=\"1310\">savoir-faire maroquinier de la maison Louis Vuitton<\/strong> et <strong data-start=\"1314\" data-end=\"1355\">illustrations animali\u00e8res audacieuses<\/strong>, pour un rendu graphique, chic et d\u00e9cal\u00e9.<\/p>\n<hr data-start=\"1399\" data-end=\"1402\" \/>\n<h3 data-start=\"1404\" data-end=\"1454\">Une \u00e9dition artistique sign\u00e9e Chapman Brothers<\/h3>\n<p data-start=\"1456\" data-end=\"1540\">Cr\u00e9\u00e9e dans le cadre d\u2019une <strong data-start=\"1482\" data-end=\"1507\">collaboration capsule<\/strong>, cette collection rend hommage :<\/p>\n<ul data-start=\"1542\" data-end=\"1814\">\n<li data-start=\"1542\" data-end=\"1602\">\n<p data-start=\"1544\" data-end=\"1602\">\u00c0 l\u2019univers <strong data-start=\"1556\" data-end=\"1588\">safari et animalier fantasm\u00e9<\/strong> des Chapman<\/p>\n<\/li>\n<li data-start=\"1603\" data-end=\"1671\">\n<p data-start=\"1605\" data-end=\"1671\">Aux <strong data-start=\"1609\" data-end=\"1641\">grands voyages d\u2019exploration<\/strong>, th\u00e8me cher \u00e0 <a href=\"https:\/\/thevintagetraveler.com\/date-code-louis-vuitton-authentification\/\">Louis Vuitton<\/a><\/p>\n<\/li>\n<li data-start=\"1672\" data-end=\"1747\">\n<p data-start=\"1674\" data-end=\"1747\">\u00c0 une <strong data-start=\"1680\" data-end=\"1714\">approche artistique subversive<\/strong>, dans une ex\u00e9cution ultra luxe<\/p>\n<\/li>\n<li data-start=\"1748\" data-end=\"1814\">\n<p data-start=\"1750\" data-end=\"1814\">\u00c0 une <strong data-start=\"1756\" data-end=\"1814\">pi\u00e8ce fonctionnelle transform\u00e9e en \u0153uvre de collection<\/strong><\/p>\n<\/li>\n<\/ul>\n<p data-start=\"1816\" data-end=\"1940\">Le Keepall, dans cette version, devient un <strong data-start=\"1859\" data-end=\"1883\">sac d\u2019artiste nomade<\/strong> \u2014 \u00e0 la fois <strong data-start=\"1896\" data-end=\"1939\">objet du quotidien et manifeste cr\u00e9atif<\/strong>.<\/p>\n<hr data-start=\"1942\" data-end=\"1945\" \/>\n<h3 data-start=\"1947\" data-end=\"1978\">Caract\u00e9ristiques du produit<\/h3>\n<ul data-start=\"1980\" data-end=\"2534\">\n<li data-start=\"1980\" data-end=\"2010\">\n<p data-start=\"1982\" data-end=\"2010\"><strong data-start=\"1982\" data-end=\"1994\">Marque :<\/strong> Louis Vuitton<\/p>\n<\/li>\n<li data-start=\"2011\" data-end=\"2058\">\n<p data-start=\"2013\" data-end=\"2058\"><strong data-start=\"2013\" data-end=\"2025\">Mod\u00e8le :<\/strong> Keepall 55<\/p>\n<\/li>\n<li data-start=\"2059\" data-end=\"2096\">\n<p data-start=\"2061\" data-end=\"2096\"><strong data-start=\"2061\" data-end=\"2077\">Collection :<\/strong> Chapman Brothers<\/p>\n<\/li>\n<li data-start=\"2097\" data-end=\"2171\">\n<p data-start=\"2099\" data-end=\"2171\"><strong data-start=\"2099\" data-end=\"2112\">Mati\u00e8re :<\/strong>toile illustr\u00e9e exclusive<\/p>\n<\/li>\n<li data-start=\"2172\" data-end=\"2228\">\n<p data-start=\"2174\" data-end=\"2228\"><strong data-start=\"2174\" data-end=\"2189\">Finitions :<\/strong> Cuir vache naturel, zips m\u00e9talliques<\/p>\n<\/li>\n<li data-start=\"2229\" data-end=\"2312\">\n<p data-start=\"2231\" data-end=\"2312\"><strong data-start=\"2231\" data-end=\"2249\">Illustration :<\/strong> Motifs d\u2019animaux fa\u00e7on gravure lion<\/p>\n<\/li>\n<li data-start=\"2313\" data-end=\"2381\">\n<p data-start=\"2315\" data-end=\"2381\"><strong data-start=\"2315\" data-end=\"2325\">\u00c9tat :<\/strong> Neuf \u2013 jamais port\u00e9, structure et couleur impeccables<\/p>\n<\/li>\n<li data-start=\"2382\" data-end=\"2460\">\n<p data-start=\"2384\" data-end=\"2460\"><strong data-start=\"2384\" data-end=\"2406\">Authentification :<\/strong> Certifi\u00e9 \u2013 livr\u00e9 avec certificat TheVintageTraveler<\/p>\n<\/li>\n<li data-start=\"2461\" data-end=\"2534\">\n<p data-start=\"2463\" data-end=\"2534\"><strong data-start=\"2463\" data-end=\"2480\">Accessoires :<\/strong> Bandouli\u00e8re, cadenas, dustbag, \u00e9tiquette (\u00e0 pr\u00e9ciser)<\/p>\n<\/li>\n<\/ul>\n<hr data-start=\"2536\" data-end=\"2539\" \/>\n<h3 data-start=\"2541\" data-end=\"2588\">Un sac de voyage, de style et de collection<\/h3>\n<p data-start=\"2590\" data-end=\"2617\">Ce Keepall est id\u00e9al pour :<\/p>\n<ul data-start=\"2619\" data-end=\"2904\">\n<li data-start=\"2619\" data-end=\"2686\">\n<p data-start=\"2621\" data-end=\"2686\">Un <strong data-start=\"2624\" data-end=\"2653\">voyageur au style affirm\u00e9<\/strong>, souhaitant allier art et luxe<\/p>\n<\/li>\n<li data-start=\"2687\" data-end=\"2749\">\n<p data-start=\"2689\" data-end=\"2749\">Les <strong data-start=\"2693\" data-end=\"2747\">collectionneurs d\u2019\u00e9ditions sp\u00e9ciales Louis Vuitton<\/strong><\/p>\n<\/li>\n<li data-start=\"2750\" data-end=\"2830\">\n<p data-start=\"2752\" data-end=\"2830\">\u00catre port\u00e9 ou conserv\u00e9 comme <strong data-start=\"2781\" data-end=\"2828\">\u0153uvre design dans un int\u00e9rieur contemporain<\/strong><\/p>\n<\/li>\n<li data-start=\"2831\" data-end=\"2904\">\n<p data-start=\"2833\" data-end=\"2904\"><strong data-start=\"2833\" data-end=\"2879\">Diversifier un investissement dans le luxe<\/strong> par une pi\u00e8ce artistique<\/p>\n<\/li>\n<\/ul>\n<hr data-start=\"2906\" data-end=\"2909\" \/>\n<h3 data-start=\"2911\" data-end=\"2967\">Pourquoi investir dans le Keepall Chapman Brothers ?<\/h3>\n<ul data-start=\"2969\" data-end=\"3290\">\n<li data-start=\"2969\" data-end=\"3024\">\n<p data-start=\"2971\" data-end=\"3024\"><strong data-start=\"2971\" data-end=\"2990\">\u00c9dition limit\u00e9e<\/strong>, rapidement \u00e9puis\u00e9e \u00e0 sa sortie<\/p>\n<\/li>\n<li data-start=\"3025\" data-end=\"3111\">\n<p data-start=\"3027\" data-end=\"3111\"><strong data-start=\"3027\" data-end=\"3071\">Collaborations artistiques Louis Vuitton<\/strong> tr\u00e8s pris\u00e9es sur le march\u00e9 secondaire<\/p>\n<\/li>\n<li data-start=\"3112\" data-end=\"3167\">\n<p data-start=\"3114\" data-end=\"3167\"><strong data-start=\"3114\" data-end=\"3127\">\u00c9tat neuf<\/strong>, crit\u00e8re rare et hautement valorisant<\/p>\n<\/li>\n<li data-start=\"3168\" data-end=\"3243\">\n<p data-start=\"3170\" data-end=\"3243\"><strong data-start=\"3170\" data-end=\"3205\">Grande visibilit\u00e9 en collection<\/strong>, pi\u00e8ce imm\u00e9diatement reconnaissable<\/p>\n<\/li>\n<li data-start=\"3244\" data-end=\"3290\">\n<p data-start=\"3246\" data-end=\"3290\"><strong data-start=\"3246\" data-end=\"3261\">Pi\u00e8ce mixte<\/strong>, esth\u00e9tique et fonctionnelle<\/p>\n<\/li>\n<\/ul>\n<hr data-start=\"3292\" data-end=\"3295\" \/>\n<h3 data-start=\"3297\" data-end=\"3343\">Pourquoi acheter chez TheVintageTraveler ?<\/h3>\n<p data-start=\"3345\" data-end=\"3392\">Chez <strong data-start=\"3350\" data-end=\"3372\">TheVintageTraveler<\/strong>, chaque pi\u00e8ce est :<\/p>\n<ul data-start=\"3394\" data-end=\"3683\">\n<li data-start=\"3394\" data-end=\"3463\">\n<p data-start=\"3396\" data-end=\"3463\"><strong data-start=\"3396\" data-end=\"3420\">Expertis\u00e9e avec soin<\/strong>, \u00e9dition v\u00e9rifi\u00e9e, authenticit\u00e9 garantie<\/p>\n<\/li>\n<li data-start=\"3464\" data-end=\"3527\">\n<p data-start=\"3466\" data-end=\"3527\"><strong data-start=\"3466\" data-end=\"3525\">S\u00e9lectionn\u00e9e pour sa raret\u00e9 et son potentiel de revente<\/strong><\/p>\n<\/li>\n<li data-start=\"3528\" data-end=\"3573\">\n<p data-start=\"3530\" data-end=\"3573\">Livr\u00e9e avec <strong data-start=\"3542\" data-end=\"3571\">certificat d\u2019authenticit\u00e9<\/strong><\/p>\n<\/li>\n<li data-start=\"3574\" data-end=\"3683\">\n<p data-start=\"3576\" data-end=\"3683\">Disponible en <strong data-start=\"3590\" data-end=\"3641\">retrait showroom (March\u00e9 Serpette \u2013 Saint-Ouen)<\/strong> ou <strong data-start=\"3645\" data-end=\"3683\">livraison internationale s\u00e9curis\u00e9e<\/strong><\/p>\n<\/li>\n<\/ul>\n<hr data-start=\"3685\" data-end=\"3688\" \/>\n<h3 data-start=\"3690\" data-end=\"3704\">Conclusion<\/h3>\n<p data-start=\"3706\" data-end=\"4049\">Ce <strong data-start=\"3709\" data-end=\"3755\">sac Louis Vuitton Keepall Chapman Brothers<\/strong>, en <strong data-start=\"3760\" data-end=\"3773\">\u00e9tat neuf<\/strong>, est bien plus qu\u2019un simple bagage : c\u2019est une <strong data-start=\"3821\" data-end=\"3845\">\u0153uvre d\u2019art portable<\/strong>, une <strong data-start=\"3851\" data-end=\"3888\">pi\u00e8ce de collection contemporaine<\/strong>, et un <strong data-start=\"3896\" data-end=\"3983\">investissement de choix dans l\u2019univers des collaborations artistiques Louis Vuitton<\/strong>. Parfait pour les amateurs de design, d\u2019art, et de luxe voyageur.<\/p>\n<p>Suivez &#8211; nous sur <a href=\"https:\/\/www.facebook.com\/TheVintageTravelerFR\">Facebook<\/a> et <a href=\"https:\/\/www.instagram.com\/the_vintagetraveler\/?igsh=aXdsbDJkdnpwZjcx#\">Instagram<\/a><\/p>\n","protected":false},"excerpt":{"rendered":"<p>Keepall Louis Vuitton \u00e9dition limit\u00e9e Chapman Brothers. Pi\u00e8ce d\u2019artiste en \u00e9tat neuf. Id\u00e9al collectionneur ou voyageur. Certifi\u00e9, rare et iconique.<\/p>\n","protected":false},"featured_media":5376,"template":"","meta":[],"product_brand":[],"product_cat":[113,140,170,112],"product_tag":[146],"class_list":{"0":"post-5375","1":"product","2":"type-product","3":"status-publish","4":"has-post-thumbnail","6":"product_cat-louis-vuitton","7":"product_cat-nouveautes","8":"product_cat-sac-de-voyage-louis-vuitton","9":"product_cat-sacs","10":"product_tag-louisvuitton","12":"first","13":"outofstock","14":"sold-individually","15":"shipping-taxable","16":"purchasable","17":"product-type-simple"},"yoast_head":"<!-- This site is optimized with the Yoast SEO plugin v27.1.1 - https:\/\/yoast.com\/product\/yoast-seo-wordpress\/ -->\n<title>Keepall Louis Vuitton Chapman Brothers | TheVintageTraveler<\/title>\n<meta name=\"description\" content=\"Sac Keepall Louis Vuitton \u00e9dition Chapman Brothers. Pi\u00e8ce artistique rare, en \u00e9tat neuf. Collectionneur et voyageur luxe. Authentifi\u00e9 et certifi\u00e9.\" \/>\n<meta name=\"robots\" content=\"index, follow, max-snippet:-1, max-image-preview:large, max-video-preview:-1\" \/>\n<link rel=\"canonical\" href=\"https:\/\/thevintagetraveler.com\/en\/produit\/keepall-louis-vuitton-chapman-brothers\/\" \/>\n<meta property=\"og:locale\" content=\"en_US\" \/>\n<meta property=\"og:type\" content=\"article\" \/>\n<meta property=\"og:title\" content=\"Keepall Louis Vuitton Chapman Brothers | TheVintageTraveler\" \/>\n<meta property=\"og:description\" content=\"Sac Keepall Louis Vuitton \u00e9dition Chapman Brothers. Pi\u00e8ce artistique rare, en \u00e9tat neuf. Collectionneur et voyageur luxe. Authentifi\u00e9 et certifi\u00e9.\" \/>\n<meta property=\"og:url\" content=\"https:\/\/thevintagetraveler.com\/en\/produit\/keepall-louis-vuitton-chapman-brothers\/\" \/>\n<meta property=\"og:site_name\" content=\"TheVintageTraveler\" \/>\n<meta property=\"article:publisher\" content=\"https:\/\/www.facebook.com\/TheVintageTravelerFR\/\" \/>\n<meta property=\"article:modified_time\" content=\"2025-12-09T17:04:49+00:00\" \/>\n<meta property=\"og:image\" content=\"https:\/\/thevintagetraveler.com\/wp-content\/uploads\/2025\/07\/20250714_131630.jpg\" \/>\n\t<meta property=\"og:image:width\" content=\"1920\" \/>\n\t<meta property=\"og:image:height\" content=\"2560\" \/>\n\t<meta property=\"og:image:type\" content=\"image\/jpeg\" \/>\n<meta name=\"twitter:card\" content=\"summary_large_image\" \/>\n<meta name=\"twitter:label1\" content=\"Est. reading time\" \/>\n\t<meta name=\"twitter:data1\" content=\"3 minutes\" \/>\n<script type=\"application\/ld+json\" class=\"yoast-schema-graph\">{\"@context\":\"https:\/\/schema.org\",\"@graph\":[{\"@type\":\"WebPage\",\"@id\":\"https:\/\/thevintagetraveler.com\/en\/produit\/keepall-louis-vuitton-chapman-brothers\/\",\"url\":\"https:\/\/thevintagetraveler.com\/en\/produit\/keepall-louis-vuitton-chapman-brothers\/\",\"name\":\"Keepall Louis Vuitton Chapman Brothers | TheVintageTraveler\",\"isPartOf\":{\"@id\":\"https:\/\/thevintagetraveler.com\/en\/#website\"},\"primaryImageOfPage\":{\"@id\":\"https:\/\/thevintagetraveler.com\/en\/produit\/keepall-louis-vuitton-chapman-brothers\/#primaryimage\"},\"image\":{\"@id\":\"https:\/\/thevintagetraveler.com\/en\/produit\/keepall-louis-vuitton-chapman-brothers\/#primaryimage\"},\"thumbnailUrl\":\"https:\/\/thevintagetraveler.com\/wp-content\/uploads\/2025\/07\/20250714_131630.jpg\",\"datePublished\":\"2024-07-17T14:21:34+00:00\",\"dateModified\":\"2025-12-09T17:04:49+00:00\",\"description\":\"Sac Keepall Louis Vuitton \u00e9dition Chapman Brothers. Pi\u00e8ce artistique rare, en \u00e9tat neuf. Collectionneur et voyageur luxe. Authentifi\u00e9 et certifi\u00e9.\",\"breadcrumb\":{\"@id\":\"https:\/\/thevintagetraveler.com\/en\/produit\/keepall-louis-vuitton-chapman-brothers\/#breadcrumb\"},\"inLanguage\":\"en-US\",\"potentialAction\":[{\"@type\":\"ReadAction\",\"target\":[\"https:\/\/thevintagetraveler.com\/en\/produit\/keepall-louis-vuitton-chapman-brothers\/\"]}]},{\"@type\":\"ImageObject\",\"inLanguage\":\"en-US\",\"@id\":\"https:\/\/thevintagetraveler.com\/en\/produit\/keepall-louis-vuitton-chapman-brothers\/#primaryimage\",\"url\":\"https:\/\/thevintagetraveler.com\/wp-content\/uploads\/2025\/07\/20250714_131630.jpg\",\"contentUrl\":\"https:\/\/thevintagetraveler.com\/wp-content\/uploads\/2025\/07\/20250714_131630.jpg\",\"width\":1920,\"height\":2560,\"caption\":\"sac Louis Vuitton Keepall Chapman Brothers \u00e9tat neuf\"},{\"@type\":\"BreadcrumbList\",\"@id\":\"https:\/\/thevintagetraveler.com\/en\/produit\/keepall-louis-vuitton-chapman-brothers\/#breadcrumb\",\"itemListElement\":[{\"@type\":\"ListItem\",\"position\":1,\"name\":\"Accueil\",\"item\":\"https:\/\/thevintagetraveler.com\/en\/\"},{\"@type\":\"ListItem\",\"position\":2,\"name\":\"Shop\",\"item\":\"https:\/\/thevintagetraveler.com\/shop\/\"},{\"@type\":\"ListItem\",\"position\":3,\"name\":\"Sac Louis Vuitton keepall Chapman\"}]},{\"@type\":\"WebSite\",\"@id\":\"https:\/\/thevintagetraveler.com\/en\/#website\",\"url\":\"https:\/\/thevintagetraveler.com\/en\/\",\"name\":\"TheVintageTraveler\",\"description\":\"Luxury experts in Louis Vuitton, Chanel &amp; Herm\u00e8s\",\"publisher\":{\"@id\":\"https:\/\/thevintagetraveler.com\/en\/#organization\"},\"potentialAction\":[{\"@type\":\"SearchAction\",\"target\":{\"@type\":\"EntryPoint\",\"urlTemplate\":\"https:\/\/thevintagetraveler.com\/en\/?s={search_term_string}\"},\"query-input\":{\"@type\":\"PropertyValueSpecification\",\"valueRequired\":true,\"valueName\":\"search_term_string\"}}],\"inLanguage\":\"en-US\"},{\"@type\":\"Organization\",\"@id\":\"https:\/\/thevintagetraveler.com\/en\/#organization\",\"name\":\"TheVintageTraveler\",\"url\":\"https:\/\/thevintagetraveler.com\/en\/\",\"logo\":{\"@type\":\"ImageObject\",\"inLanguage\":\"en-US\",\"@id\":\"https:\/\/thevintagetraveler.com\/en\/#\/schema\/logo\/image\/\",\"url\":\"https:\/\/thevintagetraveler.com\/wp-content\/uploads\/2025\/04\/LOGO-THE-VINTAGE-TRAVELER-FINAL-e1745392697678.png\",\"contentUrl\":\"https:\/\/thevintagetraveler.com\/wp-content\/uploads\/2025\/04\/LOGO-THE-VINTAGE-TRAVELER-FINAL-e1745392697678.png\",\"width\":798,\"height\":318,\"caption\":\"TheVintageTraveler\"},\"image\":{\"@id\":\"https:\/\/thevintagetraveler.com\/en\/#\/schema\/logo\/image\/\"},\"sameAs\":[\"https:\/\/www.facebook.com\/TheVintageTravelerFR\/\",\"https:\/\/www.instagram.com\/the_vintagetraveler\"]}]}<\/script>\n<!-- \/ Yoast SEO plugin. -->","yoast_head_json":{"title":"Keepall Louis Vuitton Chapman Brothers | TheVintageTraveler","description":"Sac Keepall Louis Vuitton \u00e9dition Chapman Brothers. Pi\u00e8ce artistique rare, en \u00e9tat neuf. Collectionneur et voyageur luxe. Authentifi\u00e9 et certifi\u00e9.","robots":{"index":"index","follow":"follow","max-snippet":"max-snippet:-1","max-image-preview":"max-image-preview:large","max-video-preview":"max-video-preview:-1"},"canonical":"https:\/\/thevintagetraveler.com\/en\/produit\/keepall-louis-vuitton-chapman-brothers\/","og_locale":"en_US","og_type":"article","og_title":"Keepall Louis Vuitton Chapman Brothers | TheVintageTraveler","og_description":"Sac Keepall Louis Vuitton \u00e9dition Chapman Brothers. Pi\u00e8ce artistique rare, en \u00e9tat neuf. Collectionneur et voyageur luxe. Authentifi\u00e9 et certifi\u00e9.","og_url":"https:\/\/thevintagetraveler.com\/en\/produit\/keepall-louis-vuitton-chapman-brothers\/","og_site_name":"TheVintageTraveler","article_publisher":"https:\/\/www.facebook.com\/TheVintageTravelerFR\/","article_modified_time":"2025-12-09T17:04:49+00:00","og_image":[{"width":1920,"height":2560,"url":"https:\/\/thevintagetraveler.com\/wp-content\/uploads\/2025\/07\/20250714_131630.jpg","type":"image\/jpeg"}],"twitter_card":"summary_large_image","twitter_misc":{"Est. reading time":"3 minutes"},"schema":{"@context":"https:\/\/schema.org","@graph":[{"@type":"WebPage","@id":"https:\/\/thevintagetraveler.com\/en\/produit\/keepall-louis-vuitton-chapman-brothers\/","url":"https:\/\/thevintagetraveler.com\/en\/produit\/keepall-louis-vuitton-chapman-brothers\/","name":"Keepall Louis Vuitton Chapman Brothers | TheVintageTraveler","isPartOf":{"@id":"https:\/\/thevintagetraveler.com\/en\/#website"},"primaryImageOfPage":{"@id":"https:\/\/thevintagetraveler.com\/en\/produit\/keepall-louis-vuitton-chapman-brothers\/#primaryimage"},"image":{"@id":"https:\/\/thevintagetraveler.com\/en\/produit\/keepall-louis-vuitton-chapman-brothers\/#primaryimage"},"thumbnailUrl":"https:\/\/thevintagetraveler.com\/wp-content\/uploads\/2025\/07\/20250714_131630.jpg","datePublished":"2024-07-17T14:21:34+00:00","dateModified":"2025-12-09T17:04:49+00:00","description":"Sac Keepall Louis Vuitton \u00e9dition Chapman Brothers. Pi\u00e8ce artistique rare, en \u00e9tat neuf. Collectionneur et voyageur luxe. Authentifi\u00e9 et certifi\u00e9.","breadcrumb":{"@id":"https:\/\/thevintagetraveler.com\/en\/produit\/keepall-louis-vuitton-chapman-brothers\/#breadcrumb"},"inLanguage":"en-US","potentialAction":[{"@type":"ReadAction","target":["https:\/\/thevintagetraveler.com\/en\/produit\/keepall-louis-vuitton-chapman-brothers\/"]}]},{"@type":"ImageObject","inLanguage":"en-US","@id":"https:\/\/thevintagetraveler.com\/en\/produit\/keepall-louis-vuitton-chapman-brothers\/#primaryimage","url":"https:\/\/thevintagetraveler.com\/wp-content\/uploads\/2025\/07\/20250714_131630.jpg","contentUrl":"https:\/\/thevintagetraveler.com\/wp-content\/uploads\/2025\/07\/20250714_131630.jpg","width":1920,"height":2560,"caption":"sac Louis Vuitton Keepall Chapman Brothers \u00e9tat neuf"},{"@type":"BreadcrumbList","@id":"https:\/\/thevintagetraveler.com\/en\/produit\/keepall-louis-vuitton-chapman-brothers\/#breadcrumb","itemListElement":[{"@type":"ListItem","position":1,"name":"Accueil","item":"https:\/\/thevintagetraveler.com\/en\/"},{"@type":"ListItem","position":2,"name":"Shop","item":"https:\/\/thevintagetraveler.com\/shop\/"},{"@type":"ListItem","position":3,"name":"Sac Louis Vuitton keepall Chapman"}]},{"@type":"WebSite","@id":"https:\/\/thevintagetraveler.com\/en\/#website","url":"https:\/\/thevintagetraveler.com\/en\/","name":"TheVintageTraveler","description":"Luxury experts in Louis Vuitton, Chanel &amp; Herm\u00e8s","publisher":{"@id":"https:\/\/thevintagetraveler.com\/en\/#organization"},"potentialAction":[{"@type":"SearchAction","target":{"@type":"EntryPoint","urlTemplate":"https:\/\/thevintagetraveler.com\/en\/?s={search_term_string}"},"query-input":{"@type":"PropertyValueSpecification","valueRequired":true,"valueName":"search_term_string"}}],"inLanguage":"en-US"},{"@type":"Organization","@id":"https:\/\/thevintagetraveler.com\/en\/#organization","name":"TheVintageTraveler","url":"https:\/\/thevintagetraveler.com\/en\/","logo":{"@type":"ImageObject","inLanguage":"en-US","@id":"https:\/\/thevintagetraveler.com\/en\/#\/schema\/logo\/image\/","url":"https:\/\/thevintagetraveler.com\/wp-content\/uploads\/2025\/04\/LOGO-THE-VINTAGE-TRAVELER-FINAL-e1745392697678.png","contentUrl":"https:\/\/thevintagetraveler.com\/wp-content\/uploads\/2025\/04\/LOGO-THE-VINTAGE-TRAVELER-FINAL-e1745392697678.png","width":798,"height":318,"caption":"TheVintageTraveler"},"image":{"@id":"https:\/\/thevintagetraveler.com\/en\/#\/schema\/logo\/image\/"},"sameAs":["https:\/\/www.facebook.com\/TheVintageTravelerFR\/","https:\/\/www.instagram.com\/the_vintagetraveler"]}]}},"_links":{"self":[{"href":"https:\/\/thevintagetraveler.com\/en\/wp-json\/wp\/v2\/product\/5375","targetHints":{"allow":["GET"]}}],"collection":[{"href":"https:\/\/thevintagetraveler.com\/en\/wp-json\/wp\/v2\/product"}],"about":[{"href":"https:\/\/thevintagetraveler.com\/en\/wp-json\/wp\/v2\/types\/product"}],"wp:featuredmedia":[{"embeddable":true,"href":"https:\/\/thevintagetraveler.com\/en\/wp-json\/wp\/v2\/media\/5376"}],"wp:attachment":[{"href":"https:\/\/thevintagetraveler.com\/en\/wp-json\/wp\/v2\/media?parent=5375"}],"wp:term":[{"taxonomy":"product_brand","embeddable":true,"href":"https:\/\/thevintagetraveler.com\/en\/wp-json\/wp\/v2\/product_brand?post=5375"},{"taxonomy":"product_cat","embeddable":true,"href":"https:\/\/thevintagetraveler.com\/en\/wp-json\/wp\/v2\/product_cat?post=5375"},{"taxonomy":"product_tag","embeddable":true,"href":"https:\/\/thevintagetraveler.com\/en\/wp-json\/wp\/v2\/product_tag?post=5375"}],"curies":[{"name":"wp","href":"https:\/\/api.w.org\/{rel}","templated":true}]}}