{"id":5379,"date":"2024-07-17T16:29:49","date_gmt":"2024-07-17T14:29:49","guid":{"rendered":"https:\/\/thevintagetraveler.com\/?post_type=product&#038;p=5379"},"modified":"2025-09-16T14:51:02","modified_gmt":"2025-09-16T12:51:02","slug":"keepall-louis-vuitton-miroir-bandouliere-cuir","status":"publish","type":"product","link":"https:\/\/thevintagetraveler.com\/en\/produit\/keepall-louis-vuitton-miroir-bandouliere-cuir\/","title":{"rendered":"Sac Louis Vuitton keepall Miroir"},"content":{"rendered":"<h3 data-start=\"1094\" data-end=\"1182\">Sac Louis Vuitton Keepall \u2013 Collection Miroir, Avec Bandouli\u00e8re Cuir Vache Naturelle<\/h3>\n<p data-start=\"1184\" data-end=\"1507\">Ce <strong data-start=\"1187\" data-end=\"1212\">Keepall Louis Vuitton<\/strong> provient de la c\u00e9l\u00e8bre <strong data-start=\"1236\" data-end=\"1257\">collection Miroir.<\/strong>\u00a0V\u00e9ritable objet de mode avant-gardiste, il est ici propos\u00e9 avec sa <strong data-start=\"1392\" data-end=\"1431\">bandouli\u00e8re en cuir vache naturelle<\/strong>, alliant fonctionnalit\u00e9, design futuriste et <strong data-start=\"1477\" data-end=\"1506\">rare valeur de collection<\/strong>.<\/p>\n<hr data-start=\"1509\" data-end=\"1512\" \/>\n<h3 data-start=\"1514\" data-end=\"1574\">La collection Miroir : innovation et effet spectaculaire<\/h3>\n<p data-start=\"1576\" data-end=\"1657\">Inspir\u00e9e de l\u2019univers pop et baroque, la <strong data-start=\"1617\" data-end=\"1638\">collection Miroir<\/strong> se distingue par :<\/p>\n<ul data-start=\"1659\" data-end=\"1942\">\n<li data-start=\"1659\" data-end=\"1720\">\n<p data-start=\"1661\" data-end=\"1720\">Sa <strong data-start=\"1664\" data-end=\"1699\">toile r\u00e9fl\u00e9chissante m\u00e9tallis\u00e9e<\/strong>, argent\u00e9e ou dor\u00e9e<\/p>\n<\/li>\n<li data-start=\"1721\" data-end=\"1784\">\n<p data-start=\"1723\" data-end=\"1784\">Son aspect <strong data-start=\"1734\" data-end=\"1752\">miroir liquide<\/strong>, imm\u00e9diatement reconnaissable<\/p>\n<\/li>\n<li data-start=\"1785\" data-end=\"1847\">\n<p data-start=\"1787\" data-end=\"1847\">Une sortie en <strong data-start=\"1801\" data-end=\"1825\">\u00e9dition tr\u00e8s limit\u00e9e<\/strong>, rapidement \u00e9puis\u00e9e<\/p>\n<\/li>\n<li data-start=\"1848\" data-end=\"1942\">\n<p data-start=\"1850\" data-end=\"1942\">Port\u00e9e \u00e0 l\u2019\u00e9poque par des ic\u00f4nes telles que <strong data-start=\"1894\" data-end=\"1942\">Kim Kardashian, Pharrell Williams ou Beyonc\u00e9<\/strong><\/p>\n<\/li>\n<\/ul>\n<p data-start=\"1944\" data-end=\"2058\">Aujourd\u2019hui, ces pi\u00e8ces sont <strong data-start=\"1973\" data-end=\"2003\">hautement collectionnables<\/strong>, notamment les Keepall avec <strong data-start=\"2032\" data-end=\"2057\">bandouli\u00e8re d\u2019origine<\/strong>.<\/p>\n<hr data-start=\"2060\" data-end=\"2063\" \/>\n<h3 data-start=\"2065\" data-end=\"2096\">Caract\u00e9ristiques du produit<\/h3>\n<ul data-start=\"2098\" data-end=\"2582\">\n<li data-start=\"2098\" data-end=\"2128\">\n<p data-start=\"2100\" data-end=\"2128\"><strong data-start=\"2100\" data-end=\"2112\">Marque :<\/strong> <a href=\"https:\/\/thevintagetraveler.com\/date-code-louis-vuitton-authentification\/\">Louis Vuitton<\/a><\/p>\n<\/li>\n<li data-start=\"2129\" data-end=\"2176\">\n<p data-start=\"2131\" data-end=\"2176\"><strong data-start=\"2131\" data-end=\"2143\">Mod\u00e8le :<\/strong> Keepall 45 ou 50 (\u00e0 confirmer)<\/p>\n<\/li>\n<li data-start=\"2177\" data-end=\"2227\">\n<p data-start=\"2179\" data-end=\"2227\"><strong data-start=\"2179\" data-end=\"2195\">Collection :<\/strong> Miroir \u2013 \u00e9dition limit\u00e9e 2021<\/p>\n<\/li>\n<li data-start=\"2228\" data-end=\"2288\">\n<p data-start=\"2230\" data-end=\"2288\"><strong data-start=\"2230\" data-end=\"2241\">Toile :<\/strong> Miroir m\u00e9tallis\u00e9e argent<\/p>\n<\/li>\n<li data-start=\"2289\" data-end=\"2355\">\n<p data-start=\"2291\" data-end=\"2355\"><strong data-start=\"2291\" data-end=\"2306\">Finitions :<\/strong> Cuir vache naturelle (bandouli\u00e8re et poign\u00e9es)<\/p>\n<\/li>\n<li data-start=\"2356\" data-end=\"2421\">\n<p data-start=\"2358\" data-end=\"2421\"><strong data-start=\"2358\" data-end=\"2368\">\u00c9tat :<\/strong> Tr\u00e8s bon \u2013 structure, \u00e9clat et cuir bien conserv\u00e9s<\/p>\n<\/li>\n<li data-start=\"2422\" data-end=\"2505\">\n<p data-start=\"2424\" data-end=\"2505\"><strong data-start=\"2424\" data-end=\"2441\">Accessoires :<\/strong> Bandouli\u00e8re d\u2019origine, cadenas, \u00e9tiquette bagage (\u00e0 pr\u00e9ciser)<\/p>\n<\/li>\n<li data-start=\"2506\" data-end=\"2582\">\n<p data-start=\"2508\" data-end=\"2582\"><strong data-start=\"2508\" data-end=\"2530\">Authentification :<\/strong> Certifi\u00e9 \u2013 livr\u00e9 avec certificat TheVintageTraveler<\/p>\n<\/li>\n<\/ul>\n<hr data-start=\"2584\" data-end=\"2587\" \/>\n<h3 data-start=\"2589\" data-end=\"2639\">Un sac de style, de collection et d\u2019expression<\/h3>\n<p data-start=\"2641\" data-end=\"2677\">Ce Keepall Miroir est parfait pour :<\/p>\n<ul data-start=\"2679\" data-end=\"2893\">\n<li data-start=\"2679\" data-end=\"2727\">\n<p data-start=\"2681\" data-end=\"2727\"><strong data-start=\"2681\" data-end=\"2705\">Un look mode affirm\u00e9<\/strong>, ultra contemporain<\/p>\n<\/li>\n<li data-start=\"2728\" data-end=\"2789\">\n<p data-start=\"2730\" data-end=\"2789\"><strong data-start=\"2730\" data-end=\"2787\">Les collectionneurs de pi\u00e8ces Louis Vuitton iconiques<\/strong><\/p>\n<\/li>\n<li data-start=\"2790\" data-end=\"2840\">\n<p data-start=\"2792\" data-end=\"2840\">Un usage en <strong data-start=\"2804\" data-end=\"2832\">weekend ou bagage cabine<\/strong> styl\u00e9<\/p>\n<\/li>\n<li data-start=\"2841\" data-end=\"2893\">\n<p data-start=\"2843\" data-end=\"2893\">\u00catre conserv\u00e9 comme <strong data-start=\"2863\" data-end=\"2893\">objet design et historique<\/strong><\/p>\n<\/li>\n<\/ul>\n<hr data-start=\"2895\" data-end=\"2898\" \/>\n<h3 data-start=\"2900\" data-end=\"2963\">Pourquoi investir dans ce Keepall Miroir avec bandouli\u00e8re ?<\/h3>\n<ul data-start=\"2965\" data-end=\"3238\">\n<li data-start=\"2965\" data-end=\"3011\">\n<p data-start=\"2967\" data-end=\"3011\"><strong data-start=\"2967\" data-end=\"2994\">\u00c9dition limit\u00e9e de 2006<\/strong>, devenue culte<\/p>\n<\/li>\n<li data-start=\"3012\" data-end=\"3072\">\n<p data-start=\"3014\" data-end=\"3072\"><strong data-start=\"3014\" data-end=\"3050\">Bandouli\u00e8re cuir vache naturelle<\/strong>, rare et recherch\u00e9e<\/p>\n<\/li>\n<li data-start=\"3073\" data-end=\"3128\">\n<p data-start=\"3075\" data-end=\"3128\"><strong data-start=\"3075\" data-end=\"3098\">Effet miroir unique<\/strong>, imm\u00e9diatement identifiable<\/p>\n<\/li>\n<li data-start=\"3129\" data-end=\"3189\">\n<p data-start=\"3131\" data-end=\"3189\"><strong data-start=\"3131\" data-end=\"3158\">Tr\u00e8s bonne conservation<\/strong>, malgr\u00e9 une mati\u00e8re sensible<\/p>\n<\/li>\n<li data-start=\"3190\" data-end=\"3238\">\n<p data-start=\"3192\" data-end=\"3238\"><strong data-start=\"3192\" data-end=\"3238\">Forte valeur sur le march\u00e9 du luxe vintage<\/strong><\/p>\n<\/li>\n<\/ul>\n<hr data-start=\"3240\" data-end=\"3243\" \/>\n<h3 data-start=\"3245\" data-end=\"3291\">Pourquoi acheter chez TheVintageTraveler ?<\/h3>\n<p data-start=\"3293\" data-end=\"3340\">Chez <strong data-start=\"3298\" data-end=\"3320\">TheVintageTraveler<\/strong>, chaque pi\u00e8ce est :<\/p>\n<ul data-start=\"3342\" data-end=\"3635\">\n<li data-start=\"3342\" data-end=\"3410\">\n<p data-start=\"3344\" data-end=\"3410\"><strong data-start=\"3344\" data-end=\"3373\">Expertis\u00e9e rigoureusement<\/strong>, \u00e9dition et authenticit\u00e9 v\u00e9rifi\u00e9es<\/p>\n<\/li>\n<li data-start=\"3411\" data-end=\"3473\">\n<p data-start=\"3413\" data-end=\"3473\"><strong data-start=\"3413\" data-end=\"3441\">Photographi\u00e9e fid\u00e8lement<\/strong>, avec transparence sur l\u2019\u00e9tat<\/p>\n<\/li>\n<li data-start=\"3474\" data-end=\"3519\">\n<p data-start=\"3476\" data-end=\"3519\">Livr\u00e9e avec <strong data-start=\"3488\" data-end=\"3517\">certificat d\u2019authenticit\u00e9<\/strong><\/p>\n<\/li>\n<li data-start=\"3520\" data-end=\"3635\">\n<p data-start=\"3522\" data-end=\"3635\">Disponible en <strong data-start=\"3536\" data-end=\"3587\">retrait showroom (March\u00e9 Serpette \u2013 Saint-Ouen)<\/strong> ou <strong data-start=\"3591\" data-end=\"3635\">livraison s\u00e9curis\u00e9e dans le monde entier<\/strong><\/p>\n<\/li>\n<\/ul>\n<hr data-start=\"3637\" data-end=\"3640\" \/>\n<h3 data-start=\"3642\" data-end=\"3656\">Conclusion<\/h3>\n<p data-start=\"3658\" data-end=\"3964\">Ce <strong data-start=\"3661\" data-end=\"3710\">Keepall Louis Vuitton de la collection Miroir<\/strong>, avec <strong data-start=\"3717\" data-end=\"3756\">bandouli\u00e8re en cuir vache naturelle<\/strong>, est une <strong data-start=\"3766\" data-end=\"3815\">pi\u00e8ce audacieuse, rare et hautement d\u00e9sirable<\/strong>. Entre <strong data-start=\"3823\" data-end=\"3860\">statement mode et objet collector<\/strong>, il repr\u00e9sente un <strong data-start=\"3879\" data-end=\"3963\">excellent investissement dans l\u2019univers du luxe exp\u00e9rimental sign\u00e9 Louis Vuitton<\/strong>.<\/p>\n<p>Suivez &#8211; nous sur <a href=\"https:\/\/www.facebook.com\/TheVintageTravelerFR\">Facebook<\/a> et <a href=\"https:\/\/www.instagram.com\/the_vintagetraveler\/?igsh=aXdsbDJkdnpwZjcx#\">Instagram<\/a><\/p>\n","protected":false},"excerpt":{"rendered":"<p>Keepall Louis Vuitton Miroir avec bandouli\u00e8re en cuir vache naturelle. Pi\u00e8ce iconique, futuriste, rare et certifi\u00e9e. Parfait pour collection et style.<\/p>\n","protected":false},"featured_media":5381,"template":"","meta":[],"product_brand":[],"product_cat":[113,140,170,112],"product_tag":[146],"class_list":{"0":"post-5379","1":"product","2":"type-product","3":"status-publish","4":"has-post-thumbnail","6":"product_cat-louis-vuitton","7":"product_cat-nouveautes","8":"product_cat-sac-de-voyage-louis-vuitton","9":"product_cat-sacs","10":"product_tag-louisvuitton","12":"first","13":"outofstock","14":"sold-individually","15":"shipping-taxable","16":"purchasable","17":"product-type-simple"},"yoast_head":"<!-- This site is optimized with the Yoast SEO plugin v27.1.1 - https:\/\/yoast.com\/product\/yoast-seo-wordpress\/ -->\n<title>Keepall Louis Vuitton Miroir avec Bandouli\u00e8re Cuir | TheVintageTraveler<\/title>\n<meta name=\"description\" content=\"Keepall Louis Vuitton Miroir avec bandouli\u00e8re en cuir vache naturelle. Pi\u00e8ce iconique, futuriste, rare et certifi\u00e9e. Parfait pour collection et style.\" \/>\n<meta name=\"robots\" content=\"index, follow, max-snippet:-1, max-image-preview:large, max-video-preview:-1\" \/>\n<link rel=\"canonical\" href=\"https:\/\/thevintagetraveler.com\/en\/produit\/keepall-louis-vuitton-miroir-bandouliere-cuir\/\" \/>\n<meta property=\"og:locale\" content=\"en_US\" \/>\n<meta property=\"og:type\" content=\"article\" \/>\n<meta property=\"og:title\" content=\"Keepall Louis Vuitton Miroir avec Bandouli\u00e8re Cuir | TheVintageTraveler\" \/>\n<meta property=\"og:description\" content=\"Keepall Louis Vuitton Miroir avec bandouli\u00e8re en cuir vache naturelle. Pi\u00e8ce iconique, futuriste, rare et certifi\u00e9e. Parfait pour collection et style.\" \/>\n<meta property=\"og:url\" content=\"https:\/\/thevintagetraveler.com\/en\/produit\/keepall-louis-vuitton-miroir-bandouliere-cuir\/\" \/>\n<meta property=\"og:site_name\" content=\"TheVintageTraveler\" \/>\n<meta property=\"article:publisher\" content=\"https:\/\/www.facebook.com\/TheVintageTravelerFR\/\" \/>\n<meta property=\"article:modified_time\" content=\"2025-09-16T12:51:02+00:00\" \/>\n<meta property=\"og:image\" content=\"https:\/\/thevintagetraveler.com\/wp-content\/uploads\/2025\/07\/20250714_131451.jpg\" \/>\n\t<meta property=\"og:image:width\" content=\"1920\" \/>\n\t<meta property=\"og:image:height\" content=\"2560\" \/>\n\t<meta property=\"og:image:type\" content=\"image\/jpeg\" \/>\n<meta name=\"twitter:card\" content=\"summary_large_image\" \/>\n<meta name=\"twitter:label1\" content=\"Est. reading time\" \/>\n\t<meta name=\"twitter:data1\" content=\"2 minutes\" \/>\n<script type=\"application\/ld+json\" class=\"yoast-schema-graph\">{\"@context\":\"https:\/\/schema.org\",\"@graph\":[{\"@type\":\"WebPage\",\"@id\":\"https:\/\/thevintagetraveler.com\/en\/produit\/keepall-louis-vuitton-miroir-bandouliere-cuir\/\",\"url\":\"https:\/\/thevintagetraveler.com\/en\/produit\/keepall-louis-vuitton-miroir-bandouliere-cuir\/\",\"name\":\"Keepall Louis Vuitton Miroir avec Bandouli\u00e8re Cuir | TheVintageTraveler\",\"isPartOf\":{\"@id\":\"https:\/\/thevintagetraveler.com\/en\/#website\"},\"primaryImageOfPage\":{\"@id\":\"https:\/\/thevintagetraveler.com\/en\/produit\/keepall-louis-vuitton-miroir-bandouliere-cuir\/#primaryimage\"},\"image\":{\"@id\":\"https:\/\/thevintagetraveler.com\/en\/produit\/keepall-louis-vuitton-miroir-bandouliere-cuir\/#primaryimage\"},\"thumbnailUrl\":\"https:\/\/thevintagetraveler.com\/wp-content\/uploads\/2025\/07\/20250714_131451.jpg\",\"datePublished\":\"2024-07-17T14:29:49+00:00\",\"dateModified\":\"2025-09-16T12:51:02+00:00\",\"description\":\"Keepall Louis Vuitton Miroir avec bandouli\u00e8re en cuir vache naturelle. Pi\u00e8ce iconique, futuriste, rare et certifi\u00e9e. Parfait pour collection et style.\",\"breadcrumb\":{\"@id\":\"https:\/\/thevintagetraveler.com\/en\/produit\/keepall-louis-vuitton-miroir-bandouliere-cuir\/#breadcrumb\"},\"inLanguage\":\"en-US\",\"potentialAction\":[{\"@type\":\"ReadAction\",\"target\":[\"https:\/\/thevintagetraveler.com\/en\/produit\/keepall-louis-vuitton-miroir-bandouliere-cuir\/\"]}]},{\"@type\":\"ImageObject\",\"inLanguage\":\"en-US\",\"@id\":\"https:\/\/thevintagetraveler.com\/en\/produit\/keepall-louis-vuitton-miroir-bandouliere-cuir\/#primaryimage\",\"url\":\"https:\/\/thevintagetraveler.com\/wp-content\/uploads\/2025\/07\/20250714_131451.jpg\",\"contentUrl\":\"https:\/\/thevintagetraveler.com\/wp-content\/uploads\/2025\/07\/20250714_131451.jpg\",\"width\":1920,\"height\":2560,\"caption\":\"sac Louis Vuitton Keepall Miroir bandouli\u00e8re cuir vache\"},{\"@type\":\"BreadcrumbList\",\"@id\":\"https:\/\/thevintagetraveler.com\/en\/produit\/keepall-louis-vuitton-miroir-bandouliere-cuir\/#breadcrumb\",\"itemListElement\":[{\"@type\":\"ListItem\",\"position\":1,\"name\":\"Accueil\",\"item\":\"https:\/\/thevintagetraveler.com\/en\/\"},{\"@type\":\"ListItem\",\"position\":2,\"name\":\"Shop\",\"item\":\"https:\/\/thevintagetraveler.com\/shop\/\"},{\"@type\":\"ListItem\",\"position\":3,\"name\":\"Sac Louis Vuitton keepall Miroir\"}]},{\"@type\":\"WebSite\",\"@id\":\"https:\/\/thevintagetraveler.com\/en\/#website\",\"url\":\"https:\/\/thevintagetraveler.com\/en\/\",\"name\":\"TheVintageTraveler\",\"description\":\"Luxury experts in Louis Vuitton, Chanel &amp; Herm\u00e8s\",\"publisher\":{\"@id\":\"https:\/\/thevintagetraveler.com\/en\/#organization\"},\"potentialAction\":[{\"@type\":\"SearchAction\",\"target\":{\"@type\":\"EntryPoint\",\"urlTemplate\":\"https:\/\/thevintagetraveler.com\/en\/?s={search_term_string}\"},\"query-input\":{\"@type\":\"PropertyValueSpecification\",\"valueRequired\":true,\"valueName\":\"search_term_string\"}}],\"inLanguage\":\"en-US\"},{\"@type\":\"Organization\",\"@id\":\"https:\/\/thevintagetraveler.com\/en\/#organization\",\"name\":\"TheVintageTraveler\",\"url\":\"https:\/\/thevintagetraveler.com\/en\/\",\"logo\":{\"@type\":\"ImageObject\",\"inLanguage\":\"en-US\",\"@id\":\"https:\/\/thevintagetraveler.com\/en\/#\/schema\/logo\/image\/\",\"url\":\"https:\/\/thevintagetraveler.com\/wp-content\/uploads\/2025\/04\/LOGO-THE-VINTAGE-TRAVELER-FINAL-e1745392697678.png\",\"contentUrl\":\"https:\/\/thevintagetraveler.com\/wp-content\/uploads\/2025\/04\/LOGO-THE-VINTAGE-TRAVELER-FINAL-e1745392697678.png\",\"width\":798,\"height\":318,\"caption\":\"TheVintageTraveler\"},\"image\":{\"@id\":\"https:\/\/thevintagetraveler.com\/en\/#\/schema\/logo\/image\/\"},\"sameAs\":[\"https:\/\/www.facebook.com\/TheVintageTravelerFR\/\",\"https:\/\/www.instagram.com\/the_vintagetraveler\"]}]}<\/script>\n<!-- \/ Yoast SEO plugin. -->","yoast_head_json":{"title":"Keepall Louis Vuitton Miroir avec Bandouli\u00e8re Cuir | TheVintageTraveler","description":"Keepall Louis Vuitton Miroir avec bandouli\u00e8re en cuir vache naturelle. Pi\u00e8ce iconique, futuriste, rare et certifi\u00e9e. Parfait pour collection et style.","robots":{"index":"index","follow":"follow","max-snippet":"max-snippet:-1","max-image-preview":"max-image-preview:large","max-video-preview":"max-video-preview:-1"},"canonical":"https:\/\/thevintagetraveler.com\/en\/produit\/keepall-louis-vuitton-miroir-bandouliere-cuir\/","og_locale":"en_US","og_type":"article","og_title":"Keepall Louis Vuitton Miroir avec Bandouli\u00e8re Cuir | TheVintageTraveler","og_description":"Keepall Louis Vuitton Miroir avec bandouli\u00e8re en cuir vache naturelle. Pi\u00e8ce iconique, futuriste, rare et certifi\u00e9e. Parfait pour collection et style.","og_url":"https:\/\/thevintagetraveler.com\/en\/produit\/keepall-louis-vuitton-miroir-bandouliere-cuir\/","og_site_name":"TheVintageTraveler","article_publisher":"https:\/\/www.facebook.com\/TheVintageTravelerFR\/","article_modified_time":"2025-09-16T12:51:02+00:00","og_image":[{"width":1920,"height":2560,"url":"https:\/\/thevintagetraveler.com\/wp-content\/uploads\/2025\/07\/20250714_131451.jpg","type":"image\/jpeg"}],"twitter_card":"summary_large_image","twitter_misc":{"Est. reading time":"2 minutes"},"schema":{"@context":"https:\/\/schema.org","@graph":[{"@type":"WebPage","@id":"https:\/\/thevintagetraveler.com\/en\/produit\/keepall-louis-vuitton-miroir-bandouliere-cuir\/","url":"https:\/\/thevintagetraveler.com\/en\/produit\/keepall-louis-vuitton-miroir-bandouliere-cuir\/","name":"Keepall Louis Vuitton Miroir avec Bandouli\u00e8re Cuir | TheVintageTraveler","isPartOf":{"@id":"https:\/\/thevintagetraveler.com\/en\/#website"},"primaryImageOfPage":{"@id":"https:\/\/thevintagetraveler.com\/en\/produit\/keepall-louis-vuitton-miroir-bandouliere-cuir\/#primaryimage"},"image":{"@id":"https:\/\/thevintagetraveler.com\/en\/produit\/keepall-louis-vuitton-miroir-bandouliere-cuir\/#primaryimage"},"thumbnailUrl":"https:\/\/thevintagetraveler.com\/wp-content\/uploads\/2025\/07\/20250714_131451.jpg","datePublished":"2024-07-17T14:29:49+00:00","dateModified":"2025-09-16T12:51:02+00:00","description":"Keepall Louis Vuitton Miroir avec bandouli\u00e8re en cuir vache naturelle. Pi\u00e8ce iconique, futuriste, rare et certifi\u00e9e. Parfait pour collection et style.","breadcrumb":{"@id":"https:\/\/thevintagetraveler.com\/en\/produit\/keepall-louis-vuitton-miroir-bandouliere-cuir\/#breadcrumb"},"inLanguage":"en-US","potentialAction":[{"@type":"ReadAction","target":["https:\/\/thevintagetraveler.com\/en\/produit\/keepall-louis-vuitton-miroir-bandouliere-cuir\/"]}]},{"@type":"ImageObject","inLanguage":"en-US","@id":"https:\/\/thevintagetraveler.com\/en\/produit\/keepall-louis-vuitton-miroir-bandouliere-cuir\/#primaryimage","url":"https:\/\/thevintagetraveler.com\/wp-content\/uploads\/2025\/07\/20250714_131451.jpg","contentUrl":"https:\/\/thevintagetraveler.com\/wp-content\/uploads\/2025\/07\/20250714_131451.jpg","width":1920,"height":2560,"caption":"sac Louis Vuitton Keepall Miroir bandouli\u00e8re cuir vache"},{"@type":"BreadcrumbList","@id":"https:\/\/thevintagetraveler.com\/en\/produit\/keepall-louis-vuitton-miroir-bandouliere-cuir\/#breadcrumb","itemListElement":[{"@type":"ListItem","position":1,"name":"Accueil","item":"https:\/\/thevintagetraveler.com\/en\/"},{"@type":"ListItem","position":2,"name":"Shop","item":"https:\/\/thevintagetraveler.com\/shop\/"},{"@type":"ListItem","position":3,"name":"Sac Louis Vuitton keepall Miroir"}]},{"@type":"WebSite","@id":"https:\/\/thevintagetraveler.com\/en\/#website","url":"https:\/\/thevintagetraveler.com\/en\/","name":"TheVintageTraveler","description":"Luxury experts in Louis Vuitton, Chanel &amp; Herm\u00e8s","publisher":{"@id":"https:\/\/thevintagetraveler.com\/en\/#organization"},"potentialAction":[{"@type":"SearchAction","target":{"@type":"EntryPoint","urlTemplate":"https:\/\/thevintagetraveler.com\/en\/?s={search_term_string}"},"query-input":{"@type":"PropertyValueSpecification","valueRequired":true,"valueName":"search_term_string"}}],"inLanguage":"en-US"},{"@type":"Organization","@id":"https:\/\/thevintagetraveler.com\/en\/#organization","name":"TheVintageTraveler","url":"https:\/\/thevintagetraveler.com\/en\/","logo":{"@type":"ImageObject","inLanguage":"en-US","@id":"https:\/\/thevintagetraveler.com\/en\/#\/schema\/logo\/image\/","url":"https:\/\/thevintagetraveler.com\/wp-content\/uploads\/2025\/04\/LOGO-THE-VINTAGE-TRAVELER-FINAL-e1745392697678.png","contentUrl":"https:\/\/thevintagetraveler.com\/wp-content\/uploads\/2025\/04\/LOGO-THE-VINTAGE-TRAVELER-FINAL-e1745392697678.png","width":798,"height":318,"caption":"TheVintageTraveler"},"image":{"@id":"https:\/\/thevintagetraveler.com\/en\/#\/schema\/logo\/image\/"},"sameAs":["https:\/\/www.facebook.com\/TheVintageTravelerFR\/","https:\/\/www.instagram.com\/the_vintagetraveler"]}]}},"_links":{"self":[{"href":"https:\/\/thevintagetraveler.com\/en\/wp-json\/wp\/v2\/product\/5379","targetHints":{"allow":["GET"]}}],"collection":[{"href":"https:\/\/thevintagetraveler.com\/en\/wp-json\/wp\/v2\/product"}],"about":[{"href":"https:\/\/thevintagetraveler.com\/en\/wp-json\/wp\/v2\/types\/product"}],"wp:featuredmedia":[{"embeddable":true,"href":"https:\/\/thevintagetraveler.com\/en\/wp-json\/wp\/v2\/media\/5381"}],"wp:attachment":[{"href":"https:\/\/thevintagetraveler.com\/en\/wp-json\/wp\/v2\/media?parent=5379"}],"wp:term":[{"taxonomy":"product_brand","embeddable":true,"href":"https:\/\/thevintagetraveler.com\/en\/wp-json\/wp\/v2\/product_brand?post=5379"},{"taxonomy":"product_cat","embeddable":true,"href":"https:\/\/thevintagetraveler.com\/en\/wp-json\/wp\/v2\/product_cat?post=5379"},{"taxonomy":"product_tag","embeddable":true,"href":"https:\/\/thevintagetraveler.com\/en\/wp-json\/wp\/v2\/product_tag?post=5379"}],"curies":[{"name":"wp","href":"https:\/\/api.w.org\/{rel}","templated":true}]}}