{"id":5384,"date":"2024-07-17T16:47:42","date_gmt":"2024-07-17T14:47:42","guid":{"rendered":"https:\/\/thevintagetraveler.com\/?post_type=product&#038;p=5384"},"modified":"2025-09-16T14:50:04","modified_gmt":"2025-09-16T12:50:04","slug":"malle-louis-vuitton-courrier-monogramme-debut-xxe","status":"publish","type":"product","link":"https:\/\/thevintagetraveler.com\/en\/produit\/malle-louis-vuitton-courrier-monogramme-debut-xxe\/","title":{"rendered":"Malle Louis Vuitton courrier d\u00e9but XXe"},"content":{"rendered":"<h3 data-start=\"1085\" data-end=\"1171\">Malle Louis Vuitton Courrier \u2013 D\u00e9but XXe, Monogramme au Pochoir, \u00c9tat Exceptionnel<\/h3>\n<p data-start=\"1173\" data-end=\"1495\">Cette <strong data-start=\"1179\" data-end=\"1211\">malle Louis Vuitton courrier<\/strong> datant du <strong data-start=\"1222\" data-end=\"1245\">d\u00e9but du XXe si\u00e8cle<\/strong> est une <strong data-start=\"1254\" data-end=\"1282\">pi\u00e8ce rare et historique<\/strong>, dans un <strong data-start=\"1292\" data-end=\"1329\">\u00e9tat de conservation exceptionnel<\/strong>. Con\u00e7ue pour r\u00e9sister aux grands voyages transatlantiques, elle offre aujourd\u2019hui une seconde vie en tant qu\u2019<strong data-start=\"1439\" data-end=\"1494\">objet de d\u00e9coration et d\u2019investissement patrimonial<\/strong>.<\/p>\n<hr data-start=\"1497\" data-end=\"1500\" \/>\n<h3 data-start=\"1502\" data-end=\"1541\">Une malle ancienne, 100 % d\u2019origine<\/h3>\n<p data-start=\"1543\" data-end=\"1573\">Cette pi\u00e8ce se distingue par :<\/p>\n<ul data-start=\"1575\" data-end=\"1941\">\n<li data-start=\"1575\" data-end=\"1644\">\n<p data-start=\"1577\" data-end=\"1644\">Sa <strong data-start=\"1580\" data-end=\"1621\">toile monogramme au pochoir d\u2019origine<\/strong>, typique de l\u2019\u00e9poque<\/p>\n<\/li>\n<li data-start=\"1645\" data-end=\"1731\">\n<p data-start=\"1647\" data-end=\"1731\">Ses <strong data-start=\"1651\" data-end=\"1697\">finitions en lozine noire et laiton massif<\/strong> (charni\u00e8res, coins, fermetures)<\/p>\n<\/li>\n<li data-start=\"1732\" data-end=\"1790\">\n<p data-start=\"1734\" data-end=\"1790\">Ses <strong data-start=\"1738\" data-end=\"1768\">poign\u00e9es en cuir d\u2019origine<\/strong>, souples et solides<\/p>\n<\/li>\n<li data-start=\"1791\" data-end=\"1868\">\n<p data-start=\"1793\" data-end=\"1868\">Son <strong data-start=\"1797\" data-end=\"1819\">int\u00e9rieur d\u2019\u00e9poque<\/strong>, pr\u00e9serv\u00e9 ou restaur\u00e9 dans les r\u00e8gles de l\u2019art<\/p>\n<\/li>\n<li data-start=\"1869\" data-end=\"1941\">\n<p data-start=\"1871\" data-end=\"1941\">Son <strong data-start=\"1875\" data-end=\"1896\">\u00e9tat exceptionnel<\/strong>, tr\u00e8s rare pour une malle de plus de 100 ans<\/p>\n<\/li>\n<\/ul>\n<hr data-start=\"1943\" data-end=\"1946\" \/>\n<h3 data-start=\"1948\" data-end=\"1979\">Caract\u00e9ristiques du produit<\/h3>\n<ul data-start=\"1981\" data-end=\"2478\">\n<li data-start=\"1981\" data-end=\"2011\">\n<p data-start=\"1983\" data-end=\"2011\"><strong data-start=\"1983\" data-end=\"1995\">Marque :<\/strong> Louis Vuitton<\/p>\n<\/li>\n<li data-start=\"2012\" data-end=\"2050\">\n<p data-start=\"2014\" data-end=\"2050\"><strong data-start=\"2014\" data-end=\"2024\">Type :<\/strong> <a href=\"https:\/\/thevintagetraveler.com\/les-toiles-des-malles-louis-vuitton-histoire-evolution-et-signification\/\">Malle<\/a> courrier ancienne<\/p>\n<\/li>\n<li data-start=\"2051\" data-end=\"2103\">\n<p data-start=\"2053\" data-end=\"2103\"><strong data-start=\"2053\" data-end=\"2067\">Datation :<\/strong> D\u00e9but XXe si\u00e8cle (vers 1900-1915)<\/p>\n<\/li>\n<li data-start=\"2104\" data-end=\"2168\">\n<p data-start=\"2106\" data-end=\"2168\"><strong data-start=\"2106\" data-end=\"2122\">Dimensions :<\/strong> Largeur 100 cm (parfait format table basse)<\/p>\n<\/li>\n<li data-start=\"2169\" data-end=\"2223\">\n<p data-start=\"2171\" data-end=\"2223\"><strong data-start=\"2171\" data-end=\"2195\">Mati\u00e8re ext\u00e9rieure :<\/strong> Toile Monogram au pochoir<\/p>\n<\/li>\n<li data-start=\"2224\" data-end=\"2271\">\n<p data-start=\"2226\" data-end=\"2271\"><strong data-start=\"2226\" data-end=\"2241\">Finitions :<\/strong> Lozine noire, laiton massif<\/p>\n<\/li>\n<li data-start=\"2272\" data-end=\"2313\">\n<p data-start=\"2274\" data-end=\"2313\"><strong data-start=\"2274\" data-end=\"2288\">Poign\u00e9es :<\/strong> Cuir naturel d\u2019origine<\/p>\n<\/li>\n<li data-start=\"2314\" data-end=\"2399\">\n<p data-start=\"2316\" data-end=\"2399\"><strong data-start=\"2316\" data-end=\"2326\">\u00c9tat :<\/strong> Exceptionnel \u2013 tout est d\u2019origine, patine homog\u00e8ne, structure parfaite<\/p>\n<\/li>\n<li data-start=\"2400\" data-end=\"2478\">\n<p data-start=\"2402\" data-end=\"2478\"><strong data-start=\"2402\" data-end=\"2424\">Authentification :<\/strong> Certifi\u00e9e \u2013 livr\u00e9e avec certificat TheVintageTraveler<\/p>\n<\/li>\n<\/ul>\n<hr data-start=\"2480\" data-end=\"2483\" \/>\n<h3 data-start=\"2485\" data-end=\"2517\">Une pi\u00e8ce rare et d\u00e9corative<\/h3>\n<p data-start=\"2519\" data-end=\"2591\">Gr\u00e2ce \u00e0 ses dimensions \u00e9quilibr\u00e9es (1 m\u00e8tre de large), cette malle est :<\/p>\n<ul data-start=\"2593\" data-end=\"2837\">\n<li data-start=\"2593\" data-end=\"2644\">\n<p data-start=\"2595\" data-end=\"2644\"><strong data-start=\"2595\" data-end=\"2620\">Id\u00e9ale en table basse<\/strong> dans un salon raffin\u00e9<\/p>\n<\/li>\n<li data-start=\"2645\" data-end=\"2723\">\n<p data-start=\"2647\" data-end=\"2723\">Parfaite pour une <strong data-start=\"2665\" data-end=\"2721\">d\u00e9coration d\u2019int\u00e9rieur esprit voyage \/ steamer trunk<\/strong><\/p>\n<\/li>\n<li data-start=\"2724\" data-end=\"2781\">\n<p data-start=\"2726\" data-end=\"2781\">Un <strong data-start=\"2729\" data-end=\"2755\">\u00e9l\u00e9ment fort de design<\/strong>, aussi utile qu\u2019\u00e9l\u00e9gant<\/p>\n<\/li>\n<li data-start=\"2782\" data-end=\"2837\">\n<p data-start=\"2784\" data-end=\"2837\">Un <strong data-start=\"2787\" data-end=\"2837\">t\u00e9moin du savoir-faire artisanal Louis Vuitton<\/strong><\/p>\n<\/li>\n<\/ul>\n<hr data-start=\"2839\" data-end=\"2842\" \/>\n<h3 data-start=\"2844\" data-end=\"2905\">Pourquoi investir dans une malle Louis Vuitton ancienne ?<\/h3>\n<ul data-start=\"2907\" data-end=\"3237\">\n<li data-start=\"2907\" data-end=\"2971\">\n<p data-start=\"2909\" data-end=\"2971\"><strong data-start=\"2909\" data-end=\"2934\">Pi\u00e8ce 100 % d\u2019origine<\/strong>, dat\u00e9e, tra\u00e7able et exceptionnelle<\/p>\n<\/li>\n<li data-start=\"2972\" data-end=\"3030\">\n<p data-start=\"2974\" data-end=\"3030\"><strong data-start=\"2974\" data-end=\"2990\">Parfait \u00e9tat<\/strong>, ultra rare pour une malle centenaire<\/p>\n<\/li>\n<li data-start=\"3031\" data-end=\"3104\">\n<p data-start=\"3033\" data-end=\"3104\"><strong data-start=\"3033\" data-end=\"3062\">Forte valeur patrimoniale<\/strong>, en constante progression sur le march\u00e9<\/p>\n<\/li>\n<li data-start=\"3105\" data-end=\"3155\">\n<p data-start=\"3107\" data-end=\"3155\">Utilisable en <strong data-start=\"3121\" data-end=\"3153\">mobilier fonctionnel de luxe<\/strong><\/p>\n<\/li>\n<li data-start=\"3156\" data-end=\"3237\">\n<p data-start=\"3158\" data-end=\"3237\">Recherch\u00e9e par les <strong data-start=\"3177\" data-end=\"3237\">collectionneurs, d\u00e9corateurs, amateurs de design vintage<\/strong><\/p>\n<\/li>\n<\/ul>\n<hr data-start=\"3239\" data-end=\"3242\" \/>\n<h3 data-start=\"3244\" data-end=\"3290\">Pourquoi acheter chez TheVintageTraveler ?<\/h3>\n<p data-start=\"3292\" data-end=\"3339\">Chez <strong data-start=\"3297\" data-end=\"3319\">TheVintageTraveler<\/strong>, chaque malle est :<\/p>\n<ul data-start=\"3341\" data-end=\"3653\">\n<li data-start=\"3341\" data-end=\"3416\">\n<p data-start=\"3343\" data-end=\"3416\"><strong data-start=\"3343\" data-end=\"3372\">Expertis\u00e9e rigoureusement<\/strong>, avec historique et authenticit\u00e9 v\u00e9rifi\u00e9s<\/p>\n<\/li>\n<li data-start=\"3417\" data-end=\"3499\">\n<p data-start=\"3419\" data-end=\"3499\">S\u00e9lectionn\u00e9e pour sa <strong data-start=\"3440\" data-end=\"3497\">valeur d\u00e9corative, sa raret\u00e9 et son \u00e9tat exceptionnel<\/strong><\/p>\n<\/li>\n<li data-start=\"3500\" data-end=\"3548\">\n<p data-start=\"3502\" data-end=\"3548\">Livr\u00e9e avec un <strong data-start=\"3517\" data-end=\"3546\">certificat d\u2019authenticit\u00e9<\/strong><\/p>\n<\/li>\n<li data-start=\"3549\" data-end=\"3653\">\n<p data-start=\"3551\" data-end=\"3653\">Visible en <strong data-start=\"3562\" data-end=\"3606\">showroom au March\u00e9 Serpette \u2013 Saint-Ouen<\/strong> ou exp\u00e9di\u00e9e avec <strong data-start=\"3624\" data-end=\"3653\">soin dans le monde entier<\/strong><\/p>\n<\/li>\n<\/ul>\n<hr data-start=\"3655\" data-end=\"3658\" \/>\n<h3 data-start=\"3660\" data-end=\"3674\">Conclusion<\/h3>\n<p data-start=\"3676\" data-end=\"4016\">Cette <strong data-start=\"3682\" data-end=\"3714\">malle Louis Vuitton courrier<\/strong> du <strong data-start=\"3718\" data-end=\"3741\">d\u00e9but du XXe si\u00e8cle<\/strong>, en <strong data-start=\"3746\" data-end=\"3786\">\u00e9tat exceptionnel et 100 % d\u2019origine<\/strong>, repr\u00e9sente une <strong data-start=\"3803\" data-end=\"3840\">opportunit\u00e9 d\u2019investissement rare<\/strong> dans l\u2019univers du luxe vintage. Parfaite en <strong data-start=\"3885\" data-end=\"3900\">table basse<\/strong>, elle conjugue <strong data-start=\"3916\" data-end=\"3963\">histoire, esth\u00e9tique et valeur patrimoniale<\/strong> \u2014 une pi\u00e8ce de mus\u00e9e \u00e0 exposer dans votre int\u00e9rieur.<\/p>\n<p>Suivez &#8211; nous sur <a href=\"https:\/\/www.facebook.com\/TheVintageTravelerFR\">Facebook<\/a> et <a href=\"https:\/\/www.instagram.com\/the_vintagetraveler\/?igsh=aXdsbDJkdnpwZjcx#\">Instagram<\/a><\/p>\n","protected":false},"excerpt":{"rendered":"<p>Malle Louis Vuitton courrier ancienne, d\u00e9but XXe. 1 m\u00e8tre de large. \u00c9tat exceptionnel, tout d\u2019origine. Id\u00e9ale en table basse. Investissement rare et certifi\u00e9.<\/p>\n","protected":false},"featured_media":5385,"template":"","meta":[],"product_brand":[],"product_cat":[272,273,274],"product_tag":[275,277,278,276],"class_list":{"0":"post-5384","1":"product","2":"type-product","3":"status-publish","4":"has-post-thumbnail","6":"product_cat-malles","7":"product_cat-louis-vuitton-trunks","8":"product_cat-news","9":"product_tag-louisvuitton","10":"product_tag-louisvuittontrunk","11":"product_tag-lvtrunk","12":"product_tag-mallelouisvuitton","14":"first","15":"outofstock","16":"sold-individually","17":"shipping-taxable","18":"purchasable","19":"product-type-simple"},"yoast_head":"<!-- This site is optimized with the Yoast SEO plugin v27.1.1 - https:\/\/yoast.com\/product\/yoast-seo-wordpress\/ -->\n<title>Malle Louis Vuitton Courrier D\u00e9but XXe | TheVintageTravele<\/title>\n<meta name=\"description\" content=\"Malle Louis Vuitton courrier ancienne d\u00e9but XXe, \u00e9tat exceptionnel. 100 % d\u2019origine. Toile monogram au pochoir. Id\u00e9ale table basse. Raret\u00e9 certifi\u00e9e.\" \/>\n<meta name=\"robots\" content=\"index, follow, max-snippet:-1, max-image-preview:large, max-video-preview:-1\" \/>\n<link rel=\"canonical\" href=\"https:\/\/thevintagetraveler.com\/en\/produit\/malle-louis-vuitton-courrier-monogramme-debut-xxe\/\" \/>\n<meta property=\"og:locale\" content=\"en_US\" \/>\n<meta property=\"og:type\" content=\"article\" \/>\n<meta property=\"og:title\" content=\"Malle Louis Vuitton Courrier D\u00e9but XXe | TheVintageTravele\" \/>\n<meta property=\"og:description\" content=\"Malle Louis Vuitton courrier ancienne d\u00e9but XXe, \u00e9tat exceptionnel. 100 % d\u2019origine. Toile monogram au pochoir. Id\u00e9ale table basse. Raret\u00e9 certifi\u00e9e.\" \/>\n<meta property=\"og:url\" content=\"https:\/\/thevintagetraveler.com\/en\/produit\/malle-louis-vuitton-courrier-monogramme-debut-xxe\/\" \/>\n<meta property=\"og:site_name\" content=\"TheVintageTraveler\" \/>\n<meta property=\"article:publisher\" content=\"https:\/\/www.facebook.com\/TheVintageTravelerFR\/\" \/>\n<meta property=\"article:modified_time\" content=\"2025-09-16T12:50:04+00:00\" \/>\n<meta property=\"og:image\" content=\"https:\/\/thevintagetraveler.com\/wp-content\/uploads\/2025\/07\/20250630_112046-1.jpg\" \/>\n\t<meta property=\"og:image:width\" content=\"1920\" \/>\n\t<meta property=\"og:image:height\" content=\"2560\" \/>\n\t<meta property=\"og:image:type\" content=\"image\/jpeg\" \/>\n<meta name=\"twitter:card\" content=\"summary_large_image\" \/>\n<meta name=\"twitter:label1\" content=\"Est. reading time\" \/>\n\t<meta name=\"twitter:data1\" content=\"3 minutes\" \/>\n<script type=\"application\/ld+json\" class=\"yoast-schema-graph\">{\"@context\":\"https:\/\/schema.org\",\"@graph\":[{\"@type\":\"WebPage\",\"@id\":\"https:\/\/thevintagetraveler.com\/en\/produit\/malle-louis-vuitton-courrier-monogramme-debut-xxe\/\",\"url\":\"https:\/\/thevintagetraveler.com\/en\/produit\/malle-louis-vuitton-courrier-monogramme-debut-xxe\/\",\"name\":\"Malle Louis Vuitton Courrier D\u00e9but XXe | TheVintageTravele\",\"isPartOf\":{\"@id\":\"https:\/\/thevintagetraveler.com\/en\/#website\"},\"primaryImageOfPage\":{\"@id\":\"https:\/\/thevintagetraveler.com\/en\/produit\/malle-louis-vuitton-courrier-monogramme-debut-xxe\/#primaryimage\"},\"image\":{\"@id\":\"https:\/\/thevintagetraveler.com\/en\/produit\/malle-louis-vuitton-courrier-monogramme-debut-xxe\/#primaryimage\"},\"thumbnailUrl\":\"https:\/\/thevintagetraveler.com\/wp-content\/uploads\/2025\/07\/20250630_112046-1.jpg\",\"datePublished\":\"2024-07-17T14:47:42+00:00\",\"dateModified\":\"2025-09-16T12:50:04+00:00\",\"description\":\"Malle Louis Vuitton courrier ancienne d\u00e9but XXe, \u00e9tat exceptionnel. 100 % d\u2019origine. Toile monogram au pochoir. Id\u00e9ale table basse. Raret\u00e9 certifi\u00e9e.\",\"breadcrumb\":{\"@id\":\"https:\/\/thevintagetraveler.com\/en\/produit\/malle-louis-vuitton-courrier-monogramme-debut-xxe\/#breadcrumb\"},\"inLanguage\":\"en-US\",\"potentialAction\":[{\"@type\":\"ReadAction\",\"target\":[\"https:\/\/thevintagetraveler.com\/en\/produit\/malle-louis-vuitton-courrier-monogramme-debut-xxe\/\"]}]},{\"@type\":\"ImageObject\",\"inLanguage\":\"en-US\",\"@id\":\"https:\/\/thevintagetraveler.com\/en\/produit\/malle-louis-vuitton-courrier-monogramme-debut-xxe\/#primaryimage\",\"url\":\"https:\/\/thevintagetraveler.com\/wp-content\/uploads\/2025\/07\/20250630_112046-1.jpg\",\"contentUrl\":\"https:\/\/thevintagetraveler.com\/wp-content\/uploads\/2025\/07\/20250630_112046-1.jpg\",\"width\":1920,\"height\":2560,\"caption\":\"malle Louis Vuitton courrier ancienne monogramme d\u00e9but XXe\"},{\"@type\":\"BreadcrumbList\",\"@id\":\"https:\/\/thevintagetraveler.com\/en\/produit\/malle-louis-vuitton-courrier-monogramme-debut-xxe\/#breadcrumb\",\"itemListElement\":[{\"@type\":\"ListItem\",\"position\":1,\"name\":\"Accueil\",\"item\":\"https:\/\/thevintagetraveler.com\/en\/\"},{\"@type\":\"ListItem\",\"position\":2,\"name\":\"Shop\",\"item\":\"https:\/\/thevintagetraveler.com\/shop\/\"},{\"@type\":\"ListItem\",\"position\":3,\"name\":\"Malle Louis Vuitton courrier d\u00e9but XXe\"}]},{\"@type\":\"WebSite\",\"@id\":\"https:\/\/thevintagetraveler.com\/en\/#website\",\"url\":\"https:\/\/thevintagetraveler.com\/en\/\",\"name\":\"TheVintageTraveler\",\"description\":\"Luxury experts in Louis Vuitton, Chanel &amp; Herm\u00e8s\",\"publisher\":{\"@id\":\"https:\/\/thevintagetraveler.com\/en\/#organization\"},\"potentialAction\":[{\"@type\":\"SearchAction\",\"target\":{\"@type\":\"EntryPoint\",\"urlTemplate\":\"https:\/\/thevintagetraveler.com\/en\/?s={search_term_string}\"},\"query-input\":{\"@type\":\"PropertyValueSpecification\",\"valueRequired\":true,\"valueName\":\"search_term_string\"}}],\"inLanguage\":\"en-US\"},{\"@type\":\"Organization\",\"@id\":\"https:\/\/thevintagetraveler.com\/en\/#organization\",\"name\":\"TheVintageTraveler\",\"url\":\"https:\/\/thevintagetraveler.com\/en\/\",\"logo\":{\"@type\":\"ImageObject\",\"inLanguage\":\"en-US\",\"@id\":\"https:\/\/thevintagetraveler.com\/en\/#\/schema\/logo\/image\/\",\"url\":\"https:\/\/thevintagetraveler.com\/wp-content\/uploads\/2025\/04\/LOGO-THE-VINTAGE-TRAVELER-FINAL-e1745392697678.png\",\"contentUrl\":\"https:\/\/thevintagetraveler.com\/wp-content\/uploads\/2025\/04\/LOGO-THE-VINTAGE-TRAVELER-FINAL-e1745392697678.png\",\"width\":798,\"height\":318,\"caption\":\"TheVintageTraveler\"},\"image\":{\"@id\":\"https:\/\/thevintagetraveler.com\/en\/#\/schema\/logo\/image\/\"},\"sameAs\":[\"https:\/\/www.facebook.com\/TheVintageTravelerFR\/\",\"https:\/\/www.instagram.com\/the_vintagetraveler\"]}]}<\/script>\n<!-- \/ Yoast SEO plugin. -->","yoast_head_json":{"title":"Malle Louis Vuitton Courrier D\u00e9but XXe | TheVintageTravele","description":"Malle Louis Vuitton courrier ancienne d\u00e9but XXe, \u00e9tat exceptionnel. 100 % d\u2019origine. Toile monogram au pochoir. Id\u00e9ale table basse. Raret\u00e9 certifi\u00e9e.","robots":{"index":"index","follow":"follow","max-snippet":"max-snippet:-1","max-image-preview":"max-image-preview:large","max-video-preview":"max-video-preview:-1"},"canonical":"https:\/\/thevintagetraveler.com\/en\/produit\/malle-louis-vuitton-courrier-monogramme-debut-xxe\/","og_locale":"en_US","og_type":"article","og_title":"Malle Louis Vuitton Courrier D\u00e9but XXe | TheVintageTravele","og_description":"Malle Louis Vuitton courrier ancienne d\u00e9but XXe, \u00e9tat exceptionnel. 100 % d\u2019origine. Toile monogram au pochoir. Id\u00e9ale table basse. Raret\u00e9 certifi\u00e9e.","og_url":"https:\/\/thevintagetraveler.com\/en\/produit\/malle-louis-vuitton-courrier-monogramme-debut-xxe\/","og_site_name":"TheVintageTraveler","article_publisher":"https:\/\/www.facebook.com\/TheVintageTravelerFR\/","article_modified_time":"2025-09-16T12:50:04+00:00","og_image":[{"width":1920,"height":2560,"url":"https:\/\/thevintagetraveler.com\/wp-content\/uploads\/2025\/07\/20250630_112046-1.jpg","type":"image\/jpeg"}],"twitter_card":"summary_large_image","twitter_misc":{"Est. reading time":"3 minutes"},"schema":{"@context":"https:\/\/schema.org","@graph":[{"@type":"WebPage","@id":"https:\/\/thevintagetraveler.com\/en\/produit\/malle-louis-vuitton-courrier-monogramme-debut-xxe\/","url":"https:\/\/thevintagetraveler.com\/en\/produit\/malle-louis-vuitton-courrier-monogramme-debut-xxe\/","name":"Malle Louis Vuitton Courrier D\u00e9but XXe | TheVintageTravele","isPartOf":{"@id":"https:\/\/thevintagetraveler.com\/en\/#website"},"primaryImageOfPage":{"@id":"https:\/\/thevintagetraveler.com\/en\/produit\/malle-louis-vuitton-courrier-monogramme-debut-xxe\/#primaryimage"},"image":{"@id":"https:\/\/thevintagetraveler.com\/en\/produit\/malle-louis-vuitton-courrier-monogramme-debut-xxe\/#primaryimage"},"thumbnailUrl":"https:\/\/thevintagetraveler.com\/wp-content\/uploads\/2025\/07\/20250630_112046-1.jpg","datePublished":"2024-07-17T14:47:42+00:00","dateModified":"2025-09-16T12:50:04+00:00","description":"Malle Louis Vuitton courrier ancienne d\u00e9but XXe, \u00e9tat exceptionnel. 100 % d\u2019origine. Toile monogram au pochoir. Id\u00e9ale table basse. Raret\u00e9 certifi\u00e9e.","breadcrumb":{"@id":"https:\/\/thevintagetraveler.com\/en\/produit\/malle-louis-vuitton-courrier-monogramme-debut-xxe\/#breadcrumb"},"inLanguage":"en-US","potentialAction":[{"@type":"ReadAction","target":["https:\/\/thevintagetraveler.com\/en\/produit\/malle-louis-vuitton-courrier-monogramme-debut-xxe\/"]}]},{"@type":"ImageObject","inLanguage":"en-US","@id":"https:\/\/thevintagetraveler.com\/en\/produit\/malle-louis-vuitton-courrier-monogramme-debut-xxe\/#primaryimage","url":"https:\/\/thevintagetraveler.com\/wp-content\/uploads\/2025\/07\/20250630_112046-1.jpg","contentUrl":"https:\/\/thevintagetraveler.com\/wp-content\/uploads\/2025\/07\/20250630_112046-1.jpg","width":1920,"height":2560,"caption":"malle Louis Vuitton courrier ancienne monogramme d\u00e9but XXe"},{"@type":"BreadcrumbList","@id":"https:\/\/thevintagetraveler.com\/en\/produit\/malle-louis-vuitton-courrier-monogramme-debut-xxe\/#breadcrumb","itemListElement":[{"@type":"ListItem","position":1,"name":"Accueil","item":"https:\/\/thevintagetraveler.com\/en\/"},{"@type":"ListItem","position":2,"name":"Shop","item":"https:\/\/thevintagetraveler.com\/shop\/"},{"@type":"ListItem","position":3,"name":"Malle Louis Vuitton courrier d\u00e9but XXe"}]},{"@type":"WebSite","@id":"https:\/\/thevintagetraveler.com\/en\/#website","url":"https:\/\/thevintagetraveler.com\/en\/","name":"TheVintageTraveler","description":"Luxury experts in Louis Vuitton, Chanel &amp; Herm\u00e8s","publisher":{"@id":"https:\/\/thevintagetraveler.com\/en\/#organization"},"potentialAction":[{"@type":"SearchAction","target":{"@type":"EntryPoint","urlTemplate":"https:\/\/thevintagetraveler.com\/en\/?s={search_term_string}"},"query-input":{"@type":"PropertyValueSpecification","valueRequired":true,"valueName":"search_term_string"}}],"inLanguage":"en-US"},{"@type":"Organization","@id":"https:\/\/thevintagetraveler.com\/en\/#organization","name":"TheVintageTraveler","url":"https:\/\/thevintagetraveler.com\/en\/","logo":{"@type":"ImageObject","inLanguage":"en-US","@id":"https:\/\/thevintagetraveler.com\/en\/#\/schema\/logo\/image\/","url":"https:\/\/thevintagetraveler.com\/wp-content\/uploads\/2025\/04\/LOGO-THE-VINTAGE-TRAVELER-FINAL-e1745392697678.png","contentUrl":"https:\/\/thevintagetraveler.com\/wp-content\/uploads\/2025\/04\/LOGO-THE-VINTAGE-TRAVELER-FINAL-e1745392697678.png","width":798,"height":318,"caption":"TheVintageTraveler"},"image":{"@id":"https:\/\/thevintagetraveler.com\/en\/#\/schema\/logo\/image\/"},"sameAs":["https:\/\/www.facebook.com\/TheVintageTravelerFR\/","https:\/\/www.instagram.com\/the_vintagetraveler"]}]}},"_links":{"self":[{"href":"https:\/\/thevintagetraveler.com\/en\/wp-json\/wp\/v2\/product\/5384","targetHints":{"allow":["GET"]}}],"collection":[{"href":"https:\/\/thevintagetraveler.com\/en\/wp-json\/wp\/v2\/product"}],"about":[{"href":"https:\/\/thevintagetraveler.com\/en\/wp-json\/wp\/v2\/types\/product"}],"wp:featuredmedia":[{"embeddable":true,"href":"https:\/\/thevintagetraveler.com\/en\/wp-json\/wp\/v2\/media\/5385"}],"wp:attachment":[{"href":"https:\/\/thevintagetraveler.com\/en\/wp-json\/wp\/v2\/media?parent=5384"}],"wp:term":[{"taxonomy":"product_brand","embeddable":true,"href":"https:\/\/thevintagetraveler.com\/en\/wp-json\/wp\/v2\/product_brand?post=5384"},{"taxonomy":"product_cat","embeddable":true,"href":"https:\/\/thevintagetraveler.com\/en\/wp-json\/wp\/v2\/product_cat?post=5384"},{"taxonomy":"product_tag","embeddable":true,"href":"https:\/\/thevintagetraveler.com\/en\/wp-json\/wp\/v2\/product_tag?post=5384"}],"curies":[{"name":"wp","href":"https:\/\/api.w.org\/{rel}","templated":true}]}}