{"id":5415,"date":"2024-07-25T16:39:21","date_gmt":"2024-07-25T14:39:21","guid":{"rendered":"https:\/\/thevintagetraveler.com\/?post_type=product&#038;p=5415"},"modified":"2025-11-13T14:00:59","modified_gmt":"2025-11-13T13:00:59","slug":"seau-champagne-hermes-vintage-metal-argente-cuir","status":"publish","type":"product","link":"https:\/\/thevintagetraveler.com\/en\/produit\/seau-champagne-hermes-vintage-metal-argente-cuir\/","title":{"rendered":"Seau \u00e0 champagne Herm\u00e8s vintage"},"content":{"rendered":"<h3 data-start=\"1094\" data-end=\"1166\">Seau \u00e0 Champagne Herm\u00e8s Vintage \u2013 M\u00e9tal Argent\u00e9 &amp; Cuir, Ann\u00e9es 80\u201390<\/h3>\n<p data-start=\"1168\" data-end=\"1480\">Ce <strong data-start=\"1171\" data-end=\"1198\">seau \u00e0 champagne Herm\u00e8s<\/strong>, dat\u00e9 des <strong data-start=\"1209\" data-end=\"1229\">ann\u00e9es 1980\u20131990<\/strong>, est une <strong data-start=\"1239\" data-end=\"1284\">pi\u00e8ce embl\u00e9matique du luxe \u00e0 la fran\u00e7aise<\/strong>. R\u00e9alis\u00e9 en <strong data-start=\"1297\" data-end=\"1314\">m\u00e9tal argent\u00e9<\/strong> avec une <strong data-start=\"1324\" data-end=\"1358\">grande poign\u00e9e en cuir sellier<\/strong>, il allie <strong data-start=\"1369\" data-end=\"1420\">\u00e9l\u00e9gance intemporelle et fonctionnalit\u00e9 festive<\/strong>, dans l&#8217;esprit de l\u2019art de vivre propre \u00e0 la maison<a href=\"https:\/\/thevintagetraveler.com\/investissement-sac-hermes\/\"> Herm\u00e8s<\/a>.<\/p>\n<hr data-start=\"1482\" data-end=\"1485\" \/>\n<h3 data-start=\"1487\" data-end=\"1524\">Une pi\u00e8ce Herm\u00e8s rare et iconique<\/h3>\n<p data-start=\"1526\" data-end=\"1585\">Ce seau \u00e0 champagne est bien plus qu\u2019un simple accessoire :<\/p>\n<ul data-start=\"1587\" data-end=\"1871\">\n<li data-start=\"1587\" data-end=\"1655\">\n<p data-start=\"1589\" data-end=\"1655\">C\u2019est une <strong data-start=\"1599\" data-end=\"1638\">pi\u00e8ce de d\u00e9coration et de r\u00e9ception<\/strong> \u00e0 part enti\u00e8re<\/p>\n<\/li>\n<li data-start=\"1656\" data-end=\"1721\">\n<p data-start=\"1658\" data-end=\"1721\">Dot\u00e9 d\u2019un <strong data-start=\"1668\" data-end=\"1695\">design sobre et raffin\u00e9<\/strong>, signature de la maison<\/p>\n<\/li>\n<li data-start=\"1722\" data-end=\"1791\">\n<p data-start=\"1724\" data-end=\"1791\">Utilisable lors de <strong data-start=\"1743\" data-end=\"1789\">d\u00eeners d\u2019exception ou r\u00e9ceptions \u00e9l\u00e9gantes<\/strong><\/p>\n<\/li>\n<li data-start=\"1792\" data-end=\"1871\">\n<p data-start=\"1794\" data-end=\"1871\">Recherch\u00e9 en tant qu\u2019objet <strong data-start=\"1821\" data-end=\"1871\">de collection ou de d\u00e9coration de table Herm\u00e8s<\/strong><\/p>\n<\/li>\n<\/ul>\n<hr data-start=\"1873\" data-end=\"1876\" \/>\n<h3 data-start=\"1878\" data-end=\"1909\">Caract\u00e9ristiques du produit<\/h3>\n<ul data-start=\"1911\" data-end=\"2318\">\n<li data-start=\"1911\" data-end=\"1934\">\n<p data-start=\"1913\" data-end=\"1934\"><strong data-start=\"1913\" data-end=\"1925\">Marque :<\/strong> Herm\u00e8s<\/p>\n<\/li>\n<li data-start=\"1935\" data-end=\"1964\">\n<p data-start=\"1937\" data-end=\"1964\"><strong data-start=\"1937\" data-end=\"1949\">\u00c9poque :<\/strong> Ann\u00e9es 80\u201390<\/p>\n<\/li>\n<li data-start=\"1965\" data-end=\"2026\">\n<p data-start=\"1967\" data-end=\"2026\"><strong data-start=\"1967\" data-end=\"1979\">Mod\u00e8le :<\/strong> Grand mod\u00e8le (capacit\u00e9 jusqu\u2019\u00e0 2 bouteilles)<\/p>\n<\/li>\n<li data-start=\"2027\" data-end=\"2091\">\n<p data-start=\"2029\" data-end=\"2091\"><strong data-start=\"2029\" data-end=\"2042\">Mati\u00e8re :<\/strong> M\u00e9tal argent\u00e9<\/p>\n<\/li>\n<li data-start=\"2092\" data-end=\"2160\">\n<p data-start=\"2094\" data-end=\"2160\"><strong data-start=\"2094\" data-end=\"2107\">Poign\u00e9e :<\/strong> Cuir naturel, couture sellier<\/p>\n<\/li>\n<li data-start=\"2161\" data-end=\"2241\">\n<p data-start=\"2163\" data-end=\"2241\"><strong data-start=\"2163\" data-end=\"2173\">\u00c9tat :<\/strong> Tr\u00e8s bon \u2013 m\u00e9tal brillant, cuir souple, sans enfoncements majeurs<\/p>\n<\/li>\n<li data-start=\"2242\" data-end=\"2318\">\n<p data-start=\"2244\" data-end=\"2318\"><strong data-start=\"2244\" data-end=\"2266\">Authentification :<\/strong> Certifi\u00e9 \u2013 livr\u00e9 avec certificat TheVintageTraveler<\/p>\n<\/li>\n<\/ul>\n<hr data-start=\"2320\" data-end=\"2323\" \/>\n<h3 data-start=\"2325\" data-end=\"2387\">Pourquoi ce seau \u00e0 champagne Herm\u00e8s est une pi\u00e8ce unique ?<\/h3>\n<ul data-start=\"2389\" data-end=\"2656\">\n<li data-start=\"2389\" data-end=\"2451\">\n<p data-start=\"2391\" data-end=\"2451\"><strong data-start=\"2391\" data-end=\"2412\">Design intemporel<\/strong>, \u00e0 la fois classique et contemporain<\/p>\n<\/li>\n<li data-start=\"2452\" data-end=\"2525\">\n<p data-start=\"2454\" data-end=\"2525\"><strong data-start=\"2454\" data-end=\"2483\">Haute qualit\u00e9 d\u2019ex\u00e9cution<\/strong>, m\u00e9tal et cuir Herm\u00e8s de grande facture<\/p>\n<\/li>\n<li data-start=\"2526\" data-end=\"2588\">\n<p data-start=\"2528\" data-end=\"2588\"><strong data-start=\"2528\" data-end=\"2556\">Pi\u00e8ce rare sur le march\u00e9<\/strong>, tr\u00e8s peu produite \u00e0 l\u2019\u00e9poque<\/p>\n<\/li>\n<li data-start=\"2589\" data-end=\"2656\">\n<p data-start=\"2591\" data-end=\"2656\"><strong data-start=\"2591\" data-end=\"2656\">Id\u00e9al pour un usage festif ou comme objet d\u00e9coratif permanent<\/strong><\/p>\n<\/li>\n<\/ul>\n<hr data-start=\"2658\" data-end=\"2661\" \/>\n<h3 data-start=\"2663\" data-end=\"2699\">Id\u00e9es d\u2019usages &amp; mises en valeur<\/h3>\n<p data-start=\"2701\" data-end=\"2720\">Ce seau peut \u00eatre :<\/p>\n<ul data-start=\"2722\" data-end=\"2958\">\n<li data-start=\"2722\" data-end=\"2779\">\n<p data-start=\"2724\" data-end=\"2779\">Utilis\u00e9 lors de <strong data-start=\"2740\" data-end=\"2777\">r\u00e9ceptions ou \u00e9v\u00e8nements sp\u00e9ciaux<\/strong><\/p>\n<\/li>\n<li data-start=\"2780\" data-end=\"2838\">\n<p data-start=\"2782\" data-end=\"2838\">Plac\u00e9 sur une <strong data-start=\"2796\" data-end=\"2836\">console ou un bar en pi\u00e8ce ma\u00eetresse<\/strong><\/p>\n<\/li>\n<li data-start=\"2839\" data-end=\"2895\">\n<p data-start=\"2841\" data-end=\"2895\">Int\u00e9gr\u00e9 \u00e0 une <strong data-start=\"2855\" data-end=\"2893\">collection d\u2019objets Herm\u00e8s vintage<\/strong><\/p>\n<\/li>\n<li data-start=\"2896\" data-end=\"2958\">\n<p data-start=\"2898\" data-end=\"2958\">Offert en <strong data-start=\"2908\" data-end=\"2930\">cadeau de prestige<\/strong> ou en d\u00e9coration de mariage<\/p>\n<\/li>\n<\/ul>\n<hr data-start=\"2960\" data-end=\"2963\" \/>\n<h3 data-start=\"2965\" data-end=\"3022\">Pourquoi investir dans un objet Herm\u00e8s de r\u00e9ception ?<\/h3>\n<ul data-start=\"3024\" data-end=\"3358\">\n<li data-start=\"3024\" data-end=\"3092\">\n<p data-start=\"3026\" data-end=\"3092\">Les <strong data-start=\"3030\" data-end=\"3069\">accessoires de table Herm\u00e8s vintage<\/strong> sont tr\u00e8s recherch\u00e9s<\/p>\n<\/li>\n<li data-start=\"3093\" data-end=\"3150\">\n<p data-start=\"3095\" data-end=\"3150\"><strong data-start=\"3095\" data-end=\"3116\">Raret\u00e9 des pi\u00e8ces<\/strong> produites dans les ann\u00e9es 80\u201390<\/p>\n<\/li>\n<li data-start=\"3151\" data-end=\"3214\">\n<p data-start=\"3153\" data-end=\"3214\"><strong data-start=\"3153\" data-end=\"3170\">Tr\u00e8s bon \u00e9tat<\/strong>, crit\u00e8re cl\u00e9 pour valorisation et revente<\/p>\n<\/li>\n<li data-start=\"3215\" data-end=\"3283\">\n<p data-start=\"3217\" data-end=\"3283\">Apporte <strong data-start=\"3225\" data-end=\"3281\">du cachet \u00e0 une d\u00e9coration ou un espace de r\u00e9ception<\/strong><\/p>\n<\/li>\n<li data-start=\"3284\" data-end=\"3358\">\n<p data-start=\"3286\" data-end=\"3358\"><strong data-start=\"3286\" data-end=\"3320\">Valeur patrimoniale croissante<\/strong> des objets de luxe utilitaires Herm\u00e8s<\/p>\n<\/li>\n<\/ul>\n<hr data-start=\"3360\" data-end=\"3363\" \/>\n<h3 data-start=\"3365\" data-end=\"3411\">Pourquoi acheter chez TheVintageTraveler ?<\/h3>\n<p data-start=\"3413\" data-end=\"3475\">Chez <strong data-start=\"3418\" data-end=\"3440\">TheVintageTraveler<\/strong>, chaque objet vintage Herm\u00e8s est :<\/p>\n<ul data-start=\"3477\" data-end=\"3758\">\n<li data-start=\"3477\" data-end=\"3538\">\n<p data-start=\"3479\" data-end=\"3538\"><strong data-start=\"3479\" data-end=\"3507\">Expertis\u00e9 et authentifi\u00e9<\/strong>, avec tra\u00e7abilit\u00e9 rigoureuse<\/p>\n<\/li>\n<li data-start=\"3539\" data-end=\"3600\">\n<p data-start=\"3541\" data-end=\"3600\"><strong data-start=\"3541\" data-end=\"3563\">Pr\u00e9sent\u00e9 avec soin<\/strong>, photographi\u00e9 sous tous les angles<\/p>\n<\/li>\n<li data-start=\"3601\" data-end=\"3648\">\n<p data-start=\"3603\" data-end=\"3648\">Livr\u00e9 avec un <strong data-start=\"3617\" data-end=\"3646\">certificat d\u2019authenticit\u00e9<\/strong><\/p>\n<\/li>\n<li data-start=\"3649\" data-end=\"3758\">\n<p data-start=\"3651\" data-end=\"3758\">Disponible en <strong data-start=\"3665\" data-end=\"3716\">retrait showroom (March\u00e9 Serpette \u2013 Saint-Ouen)<\/strong> ou <strong data-start=\"3720\" data-end=\"3758\">livraison internationale s\u00e9curis\u00e9e<\/strong><\/p>\n<\/li>\n<\/ul>\n<hr data-start=\"3760\" data-end=\"3763\" \/>\n<h3 data-start=\"3765\" data-end=\"3779\">Conclusion<\/h3>\n<p data-start=\"3781\" data-end=\"4179\">Ce <strong data-start=\"3784\" data-end=\"3819\">seau \u00e0 champagne Herm\u00e8s vintage<\/strong>, en <strong data-start=\"3824\" data-end=\"3862\">m\u00e9tal argent\u00e9 avec poign\u00e9e en cuir<\/strong>, est une <strong data-start=\"3872\" data-end=\"3915\">pi\u00e8ce de luxe raffin\u00e9e et fonctionnelle<\/strong>, parfaite pour les amoureux de l\u2019art de vivre et du patrimoine Herm\u00e8s. \u00c9l\u00e9ment d\u00e9coratif fort ou accessoire de r\u00e9ception unique, il incarne <strong data-start=\"4056\" data-end=\"4089\">le chic discret et intemporel<\/strong> de la maison parisienne \u2014 un <strong data-start=\"4119\" data-end=\"4178\">excellent investissement dans l\u2019univers du luxe vintage<\/strong>.<\/p>\n<p>Suivez &#8211; nous sur <a href=\"https:\/\/www.facebook.com\/TheVintageTravelerFR\">Facebook<\/a> et <a href=\"https:\/\/www.instagram.com\/the_vintagetraveler\/?igsh=aXdsbDJkdnpwZjcx#\">Instagram<\/a><\/p>\n","protected":false},"excerpt":{"rendered":"<p>Seau \u00e0 champagne Herm\u00e8s vintage, ann\u00e9es 80\u201390. Grand mod\u00e8le en m\u00e9tal argent\u00e9 avec poign\u00e9e en cuir. Pi\u00e8ce chic, rare, en tr\u00e8s bon \u00e9tat. Certifi\u00e9.<\/p>\n","protected":false},"featured_media":5418,"template":"","meta":[],"product_brand":[],"product_cat":[126,128,140],"product_tag":[136],"class_list":{"0":"post-5415","1":"product","2":"type-product","3":"status-publish","4":"has-post-thumbnail","6":"product_cat-accessoires-de-luxe-vintage","7":"product_cat-lifestyle-maison","8":"product_cat-nouveautes","9":"product_tag-hermes","11":"first","12":"outofstock","13":"sold-individually","14":"shipping-taxable","15":"purchasable","16":"product-type-simple"},"yoast_head":"<!-- This site is optimized with the Yoast SEO plugin v27.1.1 - https:\/\/yoast.com\/product\/yoast-seo-wordpress\/ -->\n<title>Seau \u00e0 Champagne Herm\u00e8s Vintage M\u00e9tal &amp; Cuir | TheVintageTraveler<\/title>\n<meta name=\"description\" content=\"Seau \u00e0 champagne Herm\u00e8s grand mod\u00e8le des ann\u00e9es 80\u201390, m\u00e9tal argent\u00e9, poign\u00e9e cuir. Tr\u00e8s bon \u00e9tat. Objet rare, chic et d\u00e9coratif. Certifi\u00e9.\" \/>\n<meta name=\"robots\" content=\"index, follow, max-snippet:-1, max-image-preview:large, max-video-preview:-1\" \/>\n<link rel=\"canonical\" href=\"https:\/\/thevintagetraveler.com\/en\/produit\/seau-champagne-hermes-vintage-metal-argente-cuir\/\" \/>\n<meta property=\"og:locale\" content=\"en_US\" \/>\n<meta property=\"og:type\" content=\"article\" \/>\n<meta property=\"og:title\" content=\"Seau \u00e0 Champagne Herm\u00e8s Vintage M\u00e9tal &amp; Cuir | TheVintageTraveler\" \/>\n<meta property=\"og:description\" content=\"Seau \u00e0 champagne Herm\u00e8s grand mod\u00e8le des ann\u00e9es 80\u201390, m\u00e9tal argent\u00e9, poign\u00e9e cuir. Tr\u00e8s bon \u00e9tat. Objet rare, chic et d\u00e9coratif. Certifi\u00e9.\" \/>\n<meta property=\"og:url\" content=\"https:\/\/thevintagetraveler.com\/en\/produit\/seau-champagne-hermes-vintage-metal-argente-cuir\/\" \/>\n<meta property=\"og:site_name\" content=\"TheVintageTraveler\" \/>\n<meta property=\"article:publisher\" content=\"https:\/\/www.facebook.com\/TheVintageTravelerFR\/\" \/>\n<meta property=\"article:modified_time\" content=\"2025-11-13T13:00:59+00:00\" \/>\n<meta property=\"og:image\" content=\"https:\/\/thevintagetraveler.com\/wp-content\/uploads\/2025\/07\/20250721_115312-1.jpg\" \/>\n\t<meta property=\"og:image:width\" content=\"1920\" \/>\n\t<meta property=\"og:image:height\" content=\"2560\" \/>\n\t<meta property=\"og:image:type\" content=\"image\/jpeg\" \/>\n<meta name=\"twitter:card\" content=\"summary_large_image\" \/>\n<meta name=\"twitter:label1\" content=\"Est. reading time\" \/>\n\t<meta name=\"twitter:data1\" content=\"3 minutes\" \/>\n<script type=\"application\/ld+json\" class=\"yoast-schema-graph\">{\"@context\":\"https:\/\/schema.org\",\"@graph\":[{\"@type\":\"WebPage\",\"@id\":\"https:\/\/thevintagetraveler.com\/en\/produit\/seau-champagne-hermes-vintage-metal-argente-cuir\/\",\"url\":\"https:\/\/thevintagetraveler.com\/en\/produit\/seau-champagne-hermes-vintage-metal-argente-cuir\/\",\"name\":\"Seau \u00e0 Champagne Herm\u00e8s Vintage M\u00e9tal & Cuir | TheVintageTraveler\",\"isPartOf\":{\"@id\":\"https:\/\/thevintagetraveler.com\/en\/#website\"},\"primaryImageOfPage\":{\"@id\":\"https:\/\/thevintagetraveler.com\/en\/produit\/seau-champagne-hermes-vintage-metal-argente-cuir\/#primaryimage\"},\"image\":{\"@id\":\"https:\/\/thevintagetraveler.com\/en\/produit\/seau-champagne-hermes-vintage-metal-argente-cuir\/#primaryimage\"},\"thumbnailUrl\":\"https:\/\/thevintagetraveler.com\/wp-content\/uploads\/2025\/07\/20250721_115312-1.jpg\",\"datePublished\":\"2024-07-25T14:39:21+00:00\",\"dateModified\":\"2025-11-13T13:00:59+00:00\",\"description\":\"Seau \u00e0 champagne Herm\u00e8s grand mod\u00e8le des ann\u00e9es 80\u201390, m\u00e9tal argent\u00e9, poign\u00e9e cuir. Tr\u00e8s bon \u00e9tat. Objet rare, chic et d\u00e9coratif. Certifi\u00e9.\",\"breadcrumb\":{\"@id\":\"https:\/\/thevintagetraveler.com\/en\/produit\/seau-champagne-hermes-vintage-metal-argente-cuir\/#breadcrumb\"},\"inLanguage\":\"en-US\",\"potentialAction\":[{\"@type\":\"ReadAction\",\"target\":[\"https:\/\/thevintagetraveler.com\/en\/produit\/seau-champagne-hermes-vintage-metal-argente-cuir\/\"]}]},{\"@type\":\"ImageObject\",\"inLanguage\":\"en-US\",\"@id\":\"https:\/\/thevintagetraveler.com\/en\/produit\/seau-champagne-hermes-vintage-metal-argente-cuir\/#primaryimage\",\"url\":\"https:\/\/thevintagetraveler.com\/wp-content\/uploads\/2025\/07\/20250721_115312-1.jpg\",\"contentUrl\":\"https:\/\/thevintagetraveler.com\/wp-content\/uploads\/2025\/07\/20250721_115312-1.jpg\",\"width\":1920,\"height\":2560,\"caption\":\"seau \u00e0 champagne Herm\u00e8s vintage m\u00e9tal argent\u00e9 cuir\"},{\"@type\":\"BreadcrumbList\",\"@id\":\"https:\/\/thevintagetraveler.com\/en\/produit\/seau-champagne-hermes-vintage-metal-argente-cuir\/#breadcrumb\",\"itemListElement\":[{\"@type\":\"ListItem\",\"position\":1,\"name\":\"Accueil\",\"item\":\"https:\/\/thevintagetraveler.com\/en\/\"},{\"@type\":\"ListItem\",\"position\":2,\"name\":\"Shop\",\"item\":\"https:\/\/thevintagetraveler.com\/shop\/\"},{\"@type\":\"ListItem\",\"position\":3,\"name\":\"Seau \u00e0 champagne Herm\u00e8s vintage\"}]},{\"@type\":\"WebSite\",\"@id\":\"https:\/\/thevintagetraveler.com\/en\/#website\",\"url\":\"https:\/\/thevintagetraveler.com\/en\/\",\"name\":\"TheVintageTraveler\",\"description\":\"Luxury experts in Louis Vuitton, Chanel &amp; Herm\u00e8s\",\"publisher\":{\"@id\":\"https:\/\/thevintagetraveler.com\/en\/#organization\"},\"potentialAction\":[{\"@type\":\"SearchAction\",\"target\":{\"@type\":\"EntryPoint\",\"urlTemplate\":\"https:\/\/thevintagetraveler.com\/en\/?s={search_term_string}\"},\"query-input\":{\"@type\":\"PropertyValueSpecification\",\"valueRequired\":true,\"valueName\":\"search_term_string\"}}],\"inLanguage\":\"en-US\"},{\"@type\":\"Organization\",\"@id\":\"https:\/\/thevintagetraveler.com\/en\/#organization\",\"name\":\"TheVintageTraveler\",\"url\":\"https:\/\/thevintagetraveler.com\/en\/\",\"logo\":{\"@type\":\"ImageObject\",\"inLanguage\":\"en-US\",\"@id\":\"https:\/\/thevintagetraveler.com\/en\/#\/schema\/logo\/image\/\",\"url\":\"https:\/\/thevintagetraveler.com\/wp-content\/uploads\/2025\/04\/LOGO-THE-VINTAGE-TRAVELER-FINAL-e1745392697678.png\",\"contentUrl\":\"https:\/\/thevintagetraveler.com\/wp-content\/uploads\/2025\/04\/LOGO-THE-VINTAGE-TRAVELER-FINAL-e1745392697678.png\",\"width\":798,\"height\":318,\"caption\":\"TheVintageTraveler\"},\"image\":{\"@id\":\"https:\/\/thevintagetraveler.com\/en\/#\/schema\/logo\/image\/\"},\"sameAs\":[\"https:\/\/www.facebook.com\/TheVintageTravelerFR\/\",\"https:\/\/www.instagram.com\/the_vintagetraveler\"]}]}<\/script>\n<!-- \/ Yoast SEO plugin. -->","yoast_head_json":{"title":"Seau \u00e0 Champagne Herm\u00e8s Vintage M\u00e9tal & Cuir | TheVintageTraveler","description":"Seau \u00e0 champagne Herm\u00e8s grand mod\u00e8le des ann\u00e9es 80\u201390, m\u00e9tal argent\u00e9, poign\u00e9e cuir. Tr\u00e8s bon \u00e9tat. Objet rare, chic et d\u00e9coratif. Certifi\u00e9.","robots":{"index":"index","follow":"follow","max-snippet":"max-snippet:-1","max-image-preview":"max-image-preview:large","max-video-preview":"max-video-preview:-1"},"canonical":"https:\/\/thevintagetraveler.com\/en\/produit\/seau-champagne-hermes-vintage-metal-argente-cuir\/","og_locale":"en_US","og_type":"article","og_title":"Seau \u00e0 Champagne Herm\u00e8s Vintage M\u00e9tal & Cuir | TheVintageTraveler","og_description":"Seau \u00e0 champagne Herm\u00e8s grand mod\u00e8le des ann\u00e9es 80\u201390, m\u00e9tal argent\u00e9, poign\u00e9e cuir. Tr\u00e8s bon \u00e9tat. Objet rare, chic et d\u00e9coratif. Certifi\u00e9.","og_url":"https:\/\/thevintagetraveler.com\/en\/produit\/seau-champagne-hermes-vintage-metal-argente-cuir\/","og_site_name":"TheVintageTraveler","article_publisher":"https:\/\/www.facebook.com\/TheVintageTravelerFR\/","article_modified_time":"2025-11-13T13:00:59+00:00","og_image":[{"width":1920,"height":2560,"url":"https:\/\/thevintagetraveler.com\/wp-content\/uploads\/2025\/07\/20250721_115312-1.jpg","type":"image\/jpeg"}],"twitter_card":"summary_large_image","twitter_misc":{"Est. reading time":"3 minutes"},"schema":{"@context":"https:\/\/schema.org","@graph":[{"@type":"WebPage","@id":"https:\/\/thevintagetraveler.com\/en\/produit\/seau-champagne-hermes-vintage-metal-argente-cuir\/","url":"https:\/\/thevintagetraveler.com\/en\/produit\/seau-champagne-hermes-vintage-metal-argente-cuir\/","name":"Seau \u00e0 Champagne Herm\u00e8s Vintage M\u00e9tal & Cuir | TheVintageTraveler","isPartOf":{"@id":"https:\/\/thevintagetraveler.com\/en\/#website"},"primaryImageOfPage":{"@id":"https:\/\/thevintagetraveler.com\/en\/produit\/seau-champagne-hermes-vintage-metal-argente-cuir\/#primaryimage"},"image":{"@id":"https:\/\/thevintagetraveler.com\/en\/produit\/seau-champagne-hermes-vintage-metal-argente-cuir\/#primaryimage"},"thumbnailUrl":"https:\/\/thevintagetraveler.com\/wp-content\/uploads\/2025\/07\/20250721_115312-1.jpg","datePublished":"2024-07-25T14:39:21+00:00","dateModified":"2025-11-13T13:00:59+00:00","description":"Seau \u00e0 champagne Herm\u00e8s grand mod\u00e8le des ann\u00e9es 80\u201390, m\u00e9tal argent\u00e9, poign\u00e9e cuir. Tr\u00e8s bon \u00e9tat. Objet rare, chic et d\u00e9coratif. Certifi\u00e9.","breadcrumb":{"@id":"https:\/\/thevintagetraveler.com\/en\/produit\/seau-champagne-hermes-vintage-metal-argente-cuir\/#breadcrumb"},"inLanguage":"en-US","potentialAction":[{"@type":"ReadAction","target":["https:\/\/thevintagetraveler.com\/en\/produit\/seau-champagne-hermes-vintage-metal-argente-cuir\/"]}]},{"@type":"ImageObject","inLanguage":"en-US","@id":"https:\/\/thevintagetraveler.com\/en\/produit\/seau-champagne-hermes-vintage-metal-argente-cuir\/#primaryimage","url":"https:\/\/thevintagetraveler.com\/wp-content\/uploads\/2025\/07\/20250721_115312-1.jpg","contentUrl":"https:\/\/thevintagetraveler.com\/wp-content\/uploads\/2025\/07\/20250721_115312-1.jpg","width":1920,"height":2560,"caption":"seau \u00e0 champagne Herm\u00e8s vintage m\u00e9tal argent\u00e9 cuir"},{"@type":"BreadcrumbList","@id":"https:\/\/thevintagetraveler.com\/en\/produit\/seau-champagne-hermes-vintage-metal-argente-cuir\/#breadcrumb","itemListElement":[{"@type":"ListItem","position":1,"name":"Accueil","item":"https:\/\/thevintagetraveler.com\/en\/"},{"@type":"ListItem","position":2,"name":"Shop","item":"https:\/\/thevintagetraveler.com\/shop\/"},{"@type":"ListItem","position":3,"name":"Seau \u00e0 champagne Herm\u00e8s vintage"}]},{"@type":"WebSite","@id":"https:\/\/thevintagetraveler.com\/en\/#website","url":"https:\/\/thevintagetraveler.com\/en\/","name":"TheVintageTraveler","description":"Luxury experts in Louis Vuitton, Chanel &amp; Herm\u00e8s","publisher":{"@id":"https:\/\/thevintagetraveler.com\/en\/#organization"},"potentialAction":[{"@type":"SearchAction","target":{"@type":"EntryPoint","urlTemplate":"https:\/\/thevintagetraveler.com\/en\/?s={search_term_string}"},"query-input":{"@type":"PropertyValueSpecification","valueRequired":true,"valueName":"search_term_string"}}],"inLanguage":"en-US"},{"@type":"Organization","@id":"https:\/\/thevintagetraveler.com\/en\/#organization","name":"TheVintageTraveler","url":"https:\/\/thevintagetraveler.com\/en\/","logo":{"@type":"ImageObject","inLanguage":"en-US","@id":"https:\/\/thevintagetraveler.com\/en\/#\/schema\/logo\/image\/","url":"https:\/\/thevintagetraveler.com\/wp-content\/uploads\/2025\/04\/LOGO-THE-VINTAGE-TRAVELER-FINAL-e1745392697678.png","contentUrl":"https:\/\/thevintagetraveler.com\/wp-content\/uploads\/2025\/04\/LOGO-THE-VINTAGE-TRAVELER-FINAL-e1745392697678.png","width":798,"height":318,"caption":"TheVintageTraveler"},"image":{"@id":"https:\/\/thevintagetraveler.com\/en\/#\/schema\/logo\/image\/"},"sameAs":["https:\/\/www.facebook.com\/TheVintageTravelerFR\/","https:\/\/www.instagram.com\/the_vintagetraveler"]}]}},"_links":{"self":[{"href":"https:\/\/thevintagetraveler.com\/en\/wp-json\/wp\/v2\/product\/5415","targetHints":{"allow":["GET"]}}],"collection":[{"href":"https:\/\/thevintagetraveler.com\/en\/wp-json\/wp\/v2\/product"}],"about":[{"href":"https:\/\/thevintagetraveler.com\/en\/wp-json\/wp\/v2\/types\/product"}],"wp:featuredmedia":[{"embeddable":true,"href":"https:\/\/thevintagetraveler.com\/en\/wp-json\/wp\/v2\/media\/5418"}],"wp:attachment":[{"href":"https:\/\/thevintagetraveler.com\/en\/wp-json\/wp\/v2\/media?parent=5415"}],"wp:term":[{"taxonomy":"product_brand","embeddable":true,"href":"https:\/\/thevintagetraveler.com\/en\/wp-json\/wp\/v2\/product_brand?post=5415"},{"taxonomy":"product_cat","embeddable":true,"href":"https:\/\/thevintagetraveler.com\/en\/wp-json\/wp\/v2\/product_cat?post=5415"},{"taxonomy":"product_tag","embeddable":true,"href":"https:\/\/thevintagetraveler.com\/en\/wp-json\/wp\/v2\/product_tag?post=5415"}],"curies":[{"name":"wp","href":"https:\/\/api.w.org\/{rel}","templated":true}]}}