{"id":5419,"date":"2024-07-25T16:47:23","date_gmt":"2024-07-25T14:47:23","guid":{"rendered":"https:\/\/thevintagetraveler.com\/?post_type=product&#038;p=5419"},"modified":"2025-09-16T14:48:32","modified_gmt":"2025-09-16T12:48:32","slug":"sac-louis-vuitton-besace-cindy-sherman","status":"publish","type":"product","link":"https:\/\/thevintagetraveler.com\/en\/produit\/sac-louis-vuitton-besace-cindy-sherman\/","title":{"rendered":"Sac Louis Vuitton x Cindy Sherman"},"content":{"rendered":"<h3 data-start=\"1124\" data-end=\"1197\">Sac Louis Vuitton Besace \u2013 Collaboration avec l\u2019Artiste Cindy Sherman<\/h3>\n<p data-start=\"1199\" data-end=\"1631\">Ce <strong data-start=\"1202\" data-end=\"1230\">sac besace Louis Vuitton<\/strong> est une <strong data-start=\"1239\" data-end=\"1332\">pi\u00e8ce exceptionnelle issue de la collaboration avec l\u2019artiste contemporaine Cindy Sherman<\/strong>. Alliant <strong data-start=\"1342\" data-end=\"1411\">esth\u00e9tique artistique, fonctionnalit\u00e9 et savoir-faire maroquinier<\/strong>, il incarne la rencontre du <strong data-start=\"1440\" data-end=\"1469\">monde de l\u2019art et du luxe<\/strong>. Un mod\u00e8le rare, d\u2019autant plus pr\u00e9cieux que <strong data-start=\"1514\" data-end=\"1563\">tout le cuir a \u00e9t\u00e9 remplac\u00e9 par Louis Vuitton<\/strong> dans ses ateliers, offrant \u00e0 la pi\u00e8ce une <strong data-start=\"1606\" data-end=\"1630\">seconde vie parfaite<\/strong>.<\/p>\n<hr data-start=\"1633\" data-end=\"1636\" \/>\n<h3 data-start=\"1638\" data-end=\"1702\">Cindy Sherman x Louis Vuitton : une collaboration artistique<\/h3>\n<p data-start=\"1704\" data-end=\"1809\">Cindy Sherman, figure majeure de l\u2019art contemporain et de la photographie, a imagin\u00e9 pour <a href=\"https:\/\/thevintagetraveler.com\/date-code-louis-vuitton-authentification\/\">Louis Vuitton<\/a> :<\/p>\n<ul data-start=\"1811\" data-end=\"2101\">\n<li data-start=\"1811\" data-end=\"1862\">\n<p data-start=\"1813\" data-end=\"1862\">Une <strong data-start=\"1817\" data-end=\"1860\">vision personnelle et d\u00e9cal\u00e9e du voyage<\/strong><\/p>\n<\/li>\n<li data-start=\"1863\" data-end=\"1942\">\n<p data-start=\"1865\" data-end=\"1942\">Des pi\u00e8ces uniques m\u00ealant <strong data-start=\"1891\" data-end=\"1940\">r\u00e9f\u00e9rences identitaires et esth\u00e9tiques fortes<\/strong><\/p>\n<\/li>\n<li data-start=\"1943\" data-end=\"2032\">\n<p data-start=\"1945\" data-end=\"2032\">Une approche o\u00f9 <strong data-start=\"1961\" data-end=\"2002\">le sac devient un autoportrait mobile<\/strong>, entre art et objet de mode<\/p>\n<\/li>\n<li data-start=\"2033\" data-end=\"2101\">\n<p data-start=\"2035\" data-end=\"2101\">Une \u00e9dition <strong data-start=\"2047\" data-end=\"2101\">extr\u00eamement limit\u00e9e et aujourd\u2019hui tr\u00e8s recherch\u00e9e<\/strong><\/p>\n<\/li>\n<\/ul>\n<hr data-start=\"2103\" data-end=\"2106\" \/>\n<h3 data-start=\"2108\" data-end=\"2139\">Caract\u00e9ristiques du produit<\/h3>\n<ul data-start=\"2141\" data-end=\"2675\">\n<li data-start=\"2141\" data-end=\"2171\">\n<p data-start=\"2143\" data-end=\"2171\"><strong data-start=\"2143\" data-end=\"2155\">Marque :<\/strong> Louis Vuitton<\/p>\n<\/li>\n<li data-start=\"2172\" data-end=\"2225\">\n<p data-start=\"2174\" data-end=\"2225\"><strong data-start=\"2174\" data-end=\"2186\">Mod\u00e8le :<\/strong> Besace de collection \u2013 Cindy Sherman<\/p>\n<\/li>\n<li data-start=\"2226\" data-end=\"2265\">\n<p data-start=\"2228\" data-end=\"2265\"><strong data-start=\"2228\" data-end=\"2238\">Type :<\/strong> Collaboration artistique<\/p>\n<\/li>\n<li data-start=\"2266\" data-end=\"2344\">\n<p data-start=\"2268\" data-end=\"2344\"><strong data-start=\"2268\" data-end=\"2281\">Mati\u00e8re :<\/strong> Toile Monogram + cuir remplac\u00e9 enti\u00e8rement par Louis Vuitton<\/p>\n<\/li>\n<li data-start=\"2403\" data-end=\"2437\">\n<p data-start=\"2405\" data-end=\"2437\"><strong data-start=\"2405\" data-end=\"2416\">Port\u00e9 :<\/strong> \u00c9paule \/ crossbody<\/p>\n<\/li>\n<li data-start=\"2438\" data-end=\"2492\">\n<p data-start=\"2440\" data-end=\"2492\"><strong data-start=\"2440\" data-end=\"2450\">\u00c9tat :<\/strong> Tr\u00e8s bon \u2013 cuir neuf, structure intacte<\/p>\n<\/li>\n<li data-start=\"2493\" data-end=\"2602\">\n<p data-start=\"2495\" data-end=\"2602\"><strong data-start=\"2495\" data-end=\"2517\">Authentification :<\/strong> Certifi\u00e9<\/p>\n<\/li>\n<li data-start=\"2603\" data-end=\"2675\">\n<p data-start=\"2605\" data-end=\"2675\"><strong data-start=\"2605\" data-end=\"2622\">Accessoires :<\/strong> Bandouli\u00e8re ajustable<\/p>\n<\/li>\n<\/ul>\n<hr data-start=\"2677\" data-end=\"2680\" \/>\n<h3 data-start=\"2682\" data-end=\"2724\">Pourquoi cette pi\u00e8ce est-elle unique ?<\/h3>\n<ul data-start=\"2726\" data-end=\"2994\">\n<li data-start=\"2726\" data-end=\"2816\">\n<p data-start=\"2728\" data-end=\"2816\"><strong data-start=\"2728\" data-end=\"2775\">Cuir enti\u00e8rement remplac\u00e9 par Louis Vuitton<\/strong>, assurant \u00e9tat parfait et authenticit\u00e9<\/p>\n<\/li>\n<li data-start=\"2817\" data-end=\"2870\">\n<p data-start=\"2819\" data-end=\"2870\"><strong data-start=\"2819\" data-end=\"2868\">Collaboration artistique \u00e0 tirage tr\u00e8s limit\u00e9<\/strong><\/p>\n<\/li>\n<li data-start=\"2871\" data-end=\"2936\">\n<p data-start=\"2873\" data-end=\"2936\">Pi\u00e8ce qui m\u00eale <strong data-start=\"2888\" data-end=\"2934\">design utilitaire et expression artistique<\/strong><\/p>\n<\/li>\n<li data-start=\"2937\" data-end=\"2994\">\n<p data-start=\"2939\" data-end=\"2994\">Rare sur le march\u00e9 secondaire, surtout en tr\u00e8s bon \u00e9tat<\/p>\n<\/li>\n<\/ul>\n<hr data-start=\"2996\" data-end=\"2999\" \/>\n<h3 data-start=\"3001\" data-end=\"3047\">Id\u00e9al pour collectionneur ou amateur d\u2019art<\/h3>\n<p data-start=\"3049\" data-end=\"3069\">Ce sac s\u2019adresse \u00e0 :<\/p>\n<ul data-start=\"3071\" data-end=\"3398\">\n<li data-start=\"3071\" data-end=\"3173\">\n<p data-start=\"3073\" data-end=\"3173\">Les <strong data-start=\"3077\" data-end=\"3128\">collectionneurs de collaborations Louis Vuitton<\/strong> (Murakami, Yayoi Kusama, Stephen Sprouse\u2026)<\/p>\n<\/li>\n<li data-start=\"3174\" data-end=\"3233\">\n<p data-start=\"3176\" data-end=\"3233\">Les passionn\u00e9s de <strong data-start=\"3194\" data-end=\"3231\">pi\u00e8ces hybrides entre mode et art<\/strong><\/p>\n<\/li>\n<li data-start=\"3234\" data-end=\"3312\">\n<p data-start=\"3236\" data-end=\"3312\">Celles et ceux qui veulent porter un <strong data-start=\"3273\" data-end=\"3310\">sac statement, unique et certifi\u00e9<\/strong><\/p>\n<\/li>\n<li data-start=\"3313\" data-end=\"3398\">\n<p data-start=\"3315\" data-end=\"3398\">Les investisseurs \u00e0 la recherche de <strong data-start=\"3351\" data-end=\"3398\">pi\u00e8ces \u00e0 forte valeur ajout\u00e9e dans le temps<\/strong><\/p>\n<\/li>\n<\/ul>\n<hr data-start=\"3400\" data-end=\"3403\" \/>\n<h3 data-start=\"3405\" data-end=\"3451\">Pourquoi acheter chez TheVintageTraveler ?<\/h3>\n<p data-start=\"3453\" data-end=\"3505\">Chez <strong data-start=\"3458\" data-end=\"3480\">TheVintageTraveler<\/strong>, chaque pi\u00e8ce rare est :<\/p>\n<ul data-start=\"3507\" data-end=\"3811\">\n<li data-start=\"3507\" data-end=\"3579\">\n<p data-start=\"3509\" data-end=\"3579\"><strong data-start=\"3509\" data-end=\"3535\">Authentifi\u00e9e avec soin<\/strong>, avec origine et interventions confirm\u00e9es<\/p>\n<\/li>\n<li data-start=\"3580\" data-end=\"3649\">\n<p data-start=\"3582\" data-end=\"3649\"><strong data-start=\"3582\" data-end=\"3647\">S\u00e9lectionn\u00e9e pour sa raret\u00e9, son \u00e9tat et sa valeur artistique<\/strong><\/p>\n<\/li>\n<li data-start=\"3650\" data-end=\"3698\">\n<p data-start=\"3652\" data-end=\"3698\">Livr\u00e9e avec un <strong data-start=\"3667\" data-end=\"3696\">certificat d\u2019authenticit\u00e9<\/strong><\/p>\n<\/li>\n<li data-start=\"3699\" data-end=\"3811\">\n<p data-start=\"3701\" data-end=\"3811\">Disponible en <strong data-start=\"3715\" data-end=\"3766\">retrait showroom (March\u00e9 Serpette \u2013 Saint-Ouen)<\/strong> ou en <strong data-start=\"3773\" data-end=\"3811\">livraison internationale s\u00e9curis\u00e9e<\/strong><\/p>\n<\/li>\n<\/ul>\n<hr data-start=\"3813\" data-end=\"3816\" \/>\n<h3 data-start=\"3818\" data-end=\"3832\">Conclusion<\/h3>\n<p data-start=\"3834\" data-end=\"4202\">Ce <strong data-start=\"3837\" data-end=\"3909\">sac Louis Vuitton besace issu de la collaboration avec Cindy Sherman<\/strong>, dont le <strong data-start=\"3919\" data-end=\"3972\">cuir a \u00e9t\u00e9 enti\u00e8rement remplac\u00e9 par Louis Vuitton<\/strong>, est une <strong data-start=\"3982\" data-end=\"4006\">\u0153uvre d\u2019art portable<\/strong>, autant qu\u2019un accessoire de luxe. Rare, certifi\u00e9, en tr\u00e8s bon \u00e9tat, il constitue un <strong data-start=\"4091\" data-end=\"4150\">investissement culturel et stylistique de premier ordre<\/strong>, dans l\u2019univers du luxe collaboratif et artistique.<\/p>\n<p>Suivez &#8211; nous sur <a href=\"https:\/\/www.facebook.com\/TheVintageTravelerFR\">Facebook<\/a> et <a href=\"https:\/\/www.instagram.com\/the_vintagetraveler\/?igsh=aXdsbDJkdnpwZjcx#\">Instagram<\/a><\/p>\n","protected":false},"excerpt":{"rendered":"<p data-start=\"869\" data-end=\"1061\">Sac besace Louis Vuitton issu de la collaboration avec Cindy Sherman. Cuir refait par Louis Vuitton. Pi\u00e8ce artistique, rare et certifi\u00e9e. Tr\u00e8s bon \u00e9tat.<\/p>\n","protected":false},"featured_media":5420,"template":"","meta":[],"product_brand":[],"product_cat":[113,140,174,112],"product_tag":[146],"class_list":{"0":"post-5419","1":"product","2":"type-product","3":"status-publish","4":"has-post-thumbnail","6":"product_cat-louis-vuitton","7":"product_cat-nouveautes","8":"product_cat-sac-a-main-louis-vuitton","9":"product_cat-sacs","10":"product_tag-louisvuitton","12":"first","13":"outofstock","14":"sold-individually","15":"shipping-taxable","16":"purchasable","17":"product-type-simple"},"yoast_head":"<!-- This site is optimized with the Yoast SEO plugin v27.1.1 - https:\/\/yoast.com\/product\/yoast-seo-wordpress\/ -->\n<title>Sac Louis Vuitton Besace Cindy Sherman | TheVintageTraveler<\/title>\n<meta name=\"description\" content=\"Sac besace Louis Vuitton x Cindy Sherman, collaboration artistique rare. Cuir enti\u00e8rement remplac\u00e9 par Louis Vuitton. Pi\u00e8ce certifi\u00e9e, tr\u00e8s bon \u00e9tat.\" \/>\n<meta name=\"robots\" content=\"index, follow, max-snippet:-1, max-image-preview:large, max-video-preview:-1\" \/>\n<link rel=\"canonical\" href=\"https:\/\/thevintagetraveler.com\/en\/produit\/sac-louis-vuitton-besace-cindy-sherman\/\" \/>\n<meta property=\"og:locale\" content=\"en_US\" \/>\n<meta property=\"og:type\" content=\"article\" \/>\n<meta property=\"og:title\" content=\"Sac Louis Vuitton Besace Cindy Sherman | TheVintageTraveler\" \/>\n<meta property=\"og:description\" content=\"Sac besace Louis Vuitton x Cindy Sherman, collaboration artistique rare. Cuir enti\u00e8rement remplac\u00e9 par Louis Vuitton. Pi\u00e8ce certifi\u00e9e, tr\u00e8s bon \u00e9tat.\" \/>\n<meta property=\"og:url\" content=\"https:\/\/thevintagetraveler.com\/en\/produit\/sac-louis-vuitton-besace-cindy-sherman\/\" \/>\n<meta property=\"og:site_name\" content=\"TheVintageTraveler\" \/>\n<meta property=\"article:publisher\" content=\"https:\/\/www.facebook.com\/TheVintageTravelerFR\/\" \/>\n<meta property=\"article:modified_time\" content=\"2025-09-16T12:48:32+00:00\" \/>\n<meta property=\"og:image\" content=\"https:\/\/thevintagetraveler.com\/wp-content\/uploads\/2025\/07\/20250721_115052.jpg\" \/>\n\t<meta property=\"og:image:width\" content=\"1920\" \/>\n\t<meta property=\"og:image:height\" content=\"2560\" \/>\n\t<meta property=\"og:image:type\" content=\"image\/jpeg\" \/>\n<meta name=\"twitter:card\" content=\"summary_large_image\" \/>\n<meta name=\"twitter:label1\" content=\"Est. reading time\" \/>\n\t<meta name=\"twitter:data1\" content=\"3 minutes\" \/>\n<script type=\"application\/ld+json\" class=\"yoast-schema-graph\">{\"@context\":\"https:\/\/schema.org\",\"@graph\":[{\"@type\":\"WebPage\",\"@id\":\"https:\/\/thevintagetraveler.com\/en\/produit\/sac-louis-vuitton-besace-cindy-sherman\/\",\"url\":\"https:\/\/thevintagetraveler.com\/en\/produit\/sac-louis-vuitton-besace-cindy-sherman\/\",\"name\":\"Sac Louis Vuitton Besace Cindy Sherman | TheVintageTraveler\",\"isPartOf\":{\"@id\":\"https:\/\/thevintagetraveler.com\/en\/#website\"},\"primaryImageOfPage\":{\"@id\":\"https:\/\/thevintagetraveler.com\/en\/produit\/sac-louis-vuitton-besace-cindy-sherman\/#primaryimage\"},\"image\":{\"@id\":\"https:\/\/thevintagetraveler.com\/en\/produit\/sac-louis-vuitton-besace-cindy-sherman\/#primaryimage\"},\"thumbnailUrl\":\"https:\/\/thevintagetraveler.com\/wp-content\/uploads\/2025\/07\/20250721_115052.jpg\",\"datePublished\":\"2024-07-25T14:47:23+00:00\",\"dateModified\":\"2025-09-16T12:48:32+00:00\",\"description\":\"Sac besace Louis Vuitton x Cindy Sherman, collaboration artistique rare. Cuir enti\u00e8rement remplac\u00e9 par Louis Vuitton. Pi\u00e8ce certifi\u00e9e, tr\u00e8s bon \u00e9tat.\",\"breadcrumb\":{\"@id\":\"https:\/\/thevintagetraveler.com\/en\/produit\/sac-louis-vuitton-besace-cindy-sherman\/#breadcrumb\"},\"inLanguage\":\"en-US\",\"potentialAction\":[{\"@type\":\"ReadAction\",\"target\":[\"https:\/\/thevintagetraveler.com\/en\/produit\/sac-louis-vuitton-besace-cindy-sherman\/\"]}]},{\"@type\":\"ImageObject\",\"inLanguage\":\"en-US\",\"@id\":\"https:\/\/thevintagetraveler.com\/en\/produit\/sac-louis-vuitton-besace-cindy-sherman\/#primaryimage\",\"url\":\"https:\/\/thevintagetraveler.com\/wp-content\/uploads\/2025\/07\/20250721_115052.jpg\",\"contentUrl\":\"https:\/\/thevintagetraveler.com\/wp-content\/uploads\/2025\/07\/20250721_115052.jpg\",\"width\":1920,\"height\":2560,\"caption\":\"sac Louis Vuitton Cindy Sherman besace collaboration\"},{\"@type\":\"BreadcrumbList\",\"@id\":\"https:\/\/thevintagetraveler.com\/en\/produit\/sac-louis-vuitton-besace-cindy-sherman\/#breadcrumb\",\"itemListElement\":[{\"@type\":\"ListItem\",\"position\":1,\"name\":\"Accueil\",\"item\":\"https:\/\/thevintagetraveler.com\/en\/\"},{\"@type\":\"ListItem\",\"position\":2,\"name\":\"Shop\",\"item\":\"https:\/\/thevintagetraveler.com\/shop\/\"},{\"@type\":\"ListItem\",\"position\":3,\"name\":\"Sac Louis Vuitton x Cindy Sherman\"}]},{\"@type\":\"WebSite\",\"@id\":\"https:\/\/thevintagetraveler.com\/en\/#website\",\"url\":\"https:\/\/thevintagetraveler.com\/en\/\",\"name\":\"TheVintageTraveler\",\"description\":\"Luxury experts in Louis Vuitton, Chanel &amp; Herm\u00e8s\",\"publisher\":{\"@id\":\"https:\/\/thevintagetraveler.com\/en\/#organization\"},\"potentialAction\":[{\"@type\":\"SearchAction\",\"target\":{\"@type\":\"EntryPoint\",\"urlTemplate\":\"https:\/\/thevintagetraveler.com\/en\/?s={search_term_string}\"},\"query-input\":{\"@type\":\"PropertyValueSpecification\",\"valueRequired\":true,\"valueName\":\"search_term_string\"}}],\"inLanguage\":\"en-US\"},{\"@type\":\"Organization\",\"@id\":\"https:\/\/thevintagetraveler.com\/en\/#organization\",\"name\":\"TheVintageTraveler\",\"url\":\"https:\/\/thevintagetraveler.com\/en\/\",\"logo\":{\"@type\":\"ImageObject\",\"inLanguage\":\"en-US\",\"@id\":\"https:\/\/thevintagetraveler.com\/en\/#\/schema\/logo\/image\/\",\"url\":\"https:\/\/thevintagetraveler.com\/wp-content\/uploads\/2025\/04\/LOGO-THE-VINTAGE-TRAVELER-FINAL-e1745392697678.png\",\"contentUrl\":\"https:\/\/thevintagetraveler.com\/wp-content\/uploads\/2025\/04\/LOGO-THE-VINTAGE-TRAVELER-FINAL-e1745392697678.png\",\"width\":798,\"height\":318,\"caption\":\"TheVintageTraveler\"},\"image\":{\"@id\":\"https:\/\/thevintagetraveler.com\/en\/#\/schema\/logo\/image\/\"},\"sameAs\":[\"https:\/\/www.facebook.com\/TheVintageTravelerFR\/\",\"https:\/\/www.instagram.com\/the_vintagetraveler\"]}]}<\/script>\n<!-- \/ Yoast SEO plugin. -->","yoast_head_json":{"title":"Sac Louis Vuitton Besace Cindy Sherman | TheVintageTraveler","description":"Sac besace Louis Vuitton x Cindy Sherman, collaboration artistique rare. Cuir enti\u00e8rement remplac\u00e9 par Louis Vuitton. Pi\u00e8ce certifi\u00e9e, tr\u00e8s bon \u00e9tat.","robots":{"index":"index","follow":"follow","max-snippet":"max-snippet:-1","max-image-preview":"max-image-preview:large","max-video-preview":"max-video-preview:-1"},"canonical":"https:\/\/thevintagetraveler.com\/en\/produit\/sac-louis-vuitton-besace-cindy-sherman\/","og_locale":"en_US","og_type":"article","og_title":"Sac Louis Vuitton Besace Cindy Sherman | TheVintageTraveler","og_description":"Sac besace Louis Vuitton x Cindy Sherman, collaboration artistique rare. Cuir enti\u00e8rement remplac\u00e9 par Louis Vuitton. Pi\u00e8ce certifi\u00e9e, tr\u00e8s bon \u00e9tat.","og_url":"https:\/\/thevintagetraveler.com\/en\/produit\/sac-louis-vuitton-besace-cindy-sherman\/","og_site_name":"TheVintageTraveler","article_publisher":"https:\/\/www.facebook.com\/TheVintageTravelerFR\/","article_modified_time":"2025-09-16T12:48:32+00:00","og_image":[{"width":1920,"height":2560,"url":"https:\/\/thevintagetraveler.com\/wp-content\/uploads\/2025\/07\/20250721_115052.jpg","type":"image\/jpeg"}],"twitter_card":"summary_large_image","twitter_misc":{"Est. reading time":"3 minutes"},"schema":{"@context":"https:\/\/schema.org","@graph":[{"@type":"WebPage","@id":"https:\/\/thevintagetraveler.com\/en\/produit\/sac-louis-vuitton-besace-cindy-sherman\/","url":"https:\/\/thevintagetraveler.com\/en\/produit\/sac-louis-vuitton-besace-cindy-sherman\/","name":"Sac Louis Vuitton Besace Cindy Sherman | TheVintageTraveler","isPartOf":{"@id":"https:\/\/thevintagetraveler.com\/en\/#website"},"primaryImageOfPage":{"@id":"https:\/\/thevintagetraveler.com\/en\/produit\/sac-louis-vuitton-besace-cindy-sherman\/#primaryimage"},"image":{"@id":"https:\/\/thevintagetraveler.com\/en\/produit\/sac-louis-vuitton-besace-cindy-sherman\/#primaryimage"},"thumbnailUrl":"https:\/\/thevintagetraveler.com\/wp-content\/uploads\/2025\/07\/20250721_115052.jpg","datePublished":"2024-07-25T14:47:23+00:00","dateModified":"2025-09-16T12:48:32+00:00","description":"Sac besace Louis Vuitton x Cindy Sherman, collaboration artistique rare. Cuir enti\u00e8rement remplac\u00e9 par Louis Vuitton. Pi\u00e8ce certifi\u00e9e, tr\u00e8s bon \u00e9tat.","breadcrumb":{"@id":"https:\/\/thevintagetraveler.com\/en\/produit\/sac-louis-vuitton-besace-cindy-sherman\/#breadcrumb"},"inLanguage":"en-US","potentialAction":[{"@type":"ReadAction","target":["https:\/\/thevintagetraveler.com\/en\/produit\/sac-louis-vuitton-besace-cindy-sherman\/"]}]},{"@type":"ImageObject","inLanguage":"en-US","@id":"https:\/\/thevintagetraveler.com\/en\/produit\/sac-louis-vuitton-besace-cindy-sherman\/#primaryimage","url":"https:\/\/thevintagetraveler.com\/wp-content\/uploads\/2025\/07\/20250721_115052.jpg","contentUrl":"https:\/\/thevintagetraveler.com\/wp-content\/uploads\/2025\/07\/20250721_115052.jpg","width":1920,"height":2560,"caption":"sac Louis Vuitton Cindy Sherman besace collaboration"},{"@type":"BreadcrumbList","@id":"https:\/\/thevintagetraveler.com\/en\/produit\/sac-louis-vuitton-besace-cindy-sherman\/#breadcrumb","itemListElement":[{"@type":"ListItem","position":1,"name":"Accueil","item":"https:\/\/thevintagetraveler.com\/en\/"},{"@type":"ListItem","position":2,"name":"Shop","item":"https:\/\/thevintagetraveler.com\/shop\/"},{"@type":"ListItem","position":3,"name":"Sac Louis Vuitton x Cindy Sherman"}]},{"@type":"WebSite","@id":"https:\/\/thevintagetraveler.com\/en\/#website","url":"https:\/\/thevintagetraveler.com\/en\/","name":"TheVintageTraveler","description":"Luxury experts in Louis Vuitton, Chanel &amp; Herm\u00e8s","publisher":{"@id":"https:\/\/thevintagetraveler.com\/en\/#organization"},"potentialAction":[{"@type":"SearchAction","target":{"@type":"EntryPoint","urlTemplate":"https:\/\/thevintagetraveler.com\/en\/?s={search_term_string}"},"query-input":{"@type":"PropertyValueSpecification","valueRequired":true,"valueName":"search_term_string"}}],"inLanguage":"en-US"},{"@type":"Organization","@id":"https:\/\/thevintagetraveler.com\/en\/#organization","name":"TheVintageTraveler","url":"https:\/\/thevintagetraveler.com\/en\/","logo":{"@type":"ImageObject","inLanguage":"en-US","@id":"https:\/\/thevintagetraveler.com\/en\/#\/schema\/logo\/image\/","url":"https:\/\/thevintagetraveler.com\/wp-content\/uploads\/2025\/04\/LOGO-THE-VINTAGE-TRAVELER-FINAL-e1745392697678.png","contentUrl":"https:\/\/thevintagetraveler.com\/wp-content\/uploads\/2025\/04\/LOGO-THE-VINTAGE-TRAVELER-FINAL-e1745392697678.png","width":798,"height":318,"caption":"TheVintageTraveler"},"image":{"@id":"https:\/\/thevintagetraveler.com\/en\/#\/schema\/logo\/image\/"},"sameAs":["https:\/\/www.facebook.com\/TheVintageTravelerFR\/","https:\/\/www.instagram.com\/the_vintagetraveler"]}]}},"_links":{"self":[{"href":"https:\/\/thevintagetraveler.com\/en\/wp-json\/wp\/v2\/product\/5419","targetHints":{"allow":["GET"]}}],"collection":[{"href":"https:\/\/thevintagetraveler.com\/en\/wp-json\/wp\/v2\/product"}],"about":[{"href":"https:\/\/thevintagetraveler.com\/en\/wp-json\/wp\/v2\/types\/product"}],"wp:featuredmedia":[{"embeddable":true,"href":"https:\/\/thevintagetraveler.com\/en\/wp-json\/wp\/v2\/media\/5420"}],"wp:attachment":[{"href":"https:\/\/thevintagetraveler.com\/en\/wp-json\/wp\/v2\/media?parent=5419"}],"wp:term":[{"taxonomy":"product_brand","embeddable":true,"href":"https:\/\/thevintagetraveler.com\/en\/wp-json\/wp\/v2\/product_brand?post=5419"},{"taxonomy":"product_cat","embeddable":true,"href":"https:\/\/thevintagetraveler.com\/en\/wp-json\/wp\/v2\/product_cat?post=5419"},{"taxonomy":"product_tag","embeddable":true,"href":"https:\/\/thevintagetraveler.com\/en\/wp-json\/wp\/v2\/product_tag?post=5419"}],"curies":[{"name":"wp","href":"https:\/\/api.w.org\/{rel}","templated":true}]}}