{"id":5424,"date":"2024-07-25T16:56:28","date_gmt":"2024-07-25T14:56:28","guid":{"rendered":"https:\/\/thevintagetraveler.com\/?post_type=product&#038;p=5424"},"modified":"2025-10-09T15:08:11","modified_gmt":"2025-10-09T13:08:11","slug":"ceinture-hermes-kelly-epsom-vert-olive-or","status":"publish","type":"product","link":"https:\/\/thevintagetraveler.com\/en\/produit\/ceinture-hermes-kelly-epsom-vert-olive-or\/","title":{"rendered":"Ceinture Herm\u00e8s Kelly"},"content":{"rendered":"<h3 data-start=\"1032\" data-end=\"1110\">Ceinture Herm\u00e8s Kelly \u2013 Cuir Epsom Vert Olive, Finitions Or, Grande Taille<\/h3>\n<p data-start=\"1112\" data-end=\"1502\">Cette <strong data-start=\"1118\" data-end=\"1143\">ceinture Herm\u00e8s Kelly<\/strong> en <strong data-start=\"1147\" data-end=\"1172\">cuir Epsom vert olive<\/strong>, avec ses <strong data-start=\"1183\" data-end=\"1203\">finitions dor\u00e9es<\/strong> et sa <strong data-start=\"1210\" data-end=\"1255\">boucle embl\u00e9matique inspir\u00e9e du sac Kelly<\/strong>, est une pi\u00e8ce \u00e0 la fois <strong data-start=\"1281\" data-end=\"1337\">\u00e9l\u00e9gante, structur\u00e9e et embl\u00e9matique du style Herm\u00e8s<\/strong>. En <strong data-start=\"1342\" data-end=\"1359\">grande taille<\/strong> et dans un <strong data-start=\"1371\" data-end=\"1390\">\u00e9tat comme neuf<\/strong>, elle s\u2019impose comme un <strong data-start=\"1415\" data-end=\"1448\">accessoire de luxe intemporel<\/strong>, aussi bien \u00e0 porter au quotidien qu\u2019\u00e0 collectionner.<\/p>\n<hr data-start=\"1504\" data-end=\"1507\" \/>\n<h3 data-start=\"1509\" data-end=\"1543\">Un design inspir\u00e9 du sac Kelly<\/h3>\n<ul data-start=\"1545\" data-end=\"1829\">\n<li data-start=\"1545\" data-end=\"1619\">\n<p data-start=\"1547\" data-end=\"1619\"><strong data-start=\"1547\" data-end=\"1563\">Boucle Kelly<\/strong> : reprenant la fermeture du sac mythique de la maison<\/p>\n<\/li>\n<li data-start=\"1620\" data-end=\"1679\">\n<p data-start=\"1622\" data-end=\"1679\"><strong data-start=\"1622\" data-end=\"1649\">Ligne fine et ajustable<\/strong>, avec une allure structur\u00e9e<\/p>\n<\/li>\n<li data-start=\"1680\" data-end=\"1755\">\n<p data-start=\"1682\" data-end=\"1755\">Id\u00e9ale pour <strong data-start=\"1694\" data-end=\"1753\">marquer la taille sur une robe, une veste ou un manteau<\/strong><\/p>\n<\/li>\n<li data-start=\"1756\" data-end=\"1829\">\n<p data-start=\"1758\" data-end=\"1829\">Une pi\u00e8ce \u00e0 la <strong data-start=\"1773\" data-end=\"1799\">fois chic et signature<\/strong>, imm\u00e9diatement reconnaissable<\/p>\n<\/li>\n<\/ul>\n<hr data-start=\"1831\" data-end=\"1834\" \/>\n<h3 data-start=\"1836\" data-end=\"1884\">Cuir Epsom : l\u00e9g\u00e8ret\u00e9, texture et r\u00e9sistance<\/h3>\n<p data-start=\"1886\" data-end=\"1918\">Le cuir Epsom se distingue par :<\/p>\n<ul data-start=\"1920\" data-end=\"2154\">\n<li data-start=\"1920\" data-end=\"1977\">\n<p data-start=\"1922\" data-end=\"1977\">Son <strong data-start=\"1926\" data-end=\"1954\">grainage fin et r\u00e9gulier<\/strong>, obtenu par pressage<\/p>\n<\/li>\n<li data-start=\"1978\" data-end=\"2029\">\n<p data-start=\"1980\" data-end=\"2029\">Une <strong data-start=\"1984\" data-end=\"2004\">excellente tenue<\/strong>, qui ne se d\u00e9forme pas<\/p>\n<\/li>\n<li data-start=\"2030\" data-end=\"2087\">\n<p data-start=\"2032\" data-end=\"2087\">Une <strong data-start=\"2036\" data-end=\"2085\">grande r\u00e9sistance aux rayures et \u00e0 l\u2019humidit\u00e9<\/strong><\/p>\n<\/li>\n<li data-start=\"2088\" data-end=\"2154\">\n<p data-start=\"2090\" data-end=\"2154\">Une <strong data-start=\"2094\" data-end=\"2113\">l\u00e9g\u00e8ret\u00e9 id\u00e9ale<\/strong> pour les accessoires comme les ceintures<\/p>\n<\/li>\n<\/ul>\n<p data-start=\"2156\" data-end=\"2288\">Le <strong data-start=\"2159\" data-end=\"2181\">coloris vert olive<\/strong>, rare et profond, est rehauss\u00e9 par les <strong data-start=\"2221\" data-end=\"2241\">finitions dor\u00e9es<\/strong>, pour une combinaison sobre, chic et affirm\u00e9e.<\/p>\n<hr data-start=\"2290\" data-end=\"2293\" \/>\n<h3 data-start=\"2295\" data-end=\"2326\">Caract\u00e9ristiques du produit<\/h3>\n<ul data-start=\"2328\" data-end=\"2703\">\n<li data-start=\"2328\" data-end=\"2351\">\n<p data-start=\"2330\" data-end=\"2351\"><strong data-start=\"2330\" data-end=\"2342\">Marque :<\/strong> <a href=\"https:\/\/thevintagetraveler.com\/investissement-sac-hermes\/\">Herm\u00e8s<\/a><\/p>\n<\/li>\n<li data-start=\"2352\" data-end=\"2383\">\n<p data-start=\"2354\" data-end=\"2383\"><strong data-start=\"2354\" data-end=\"2366\">Mod\u00e8le :<\/strong> Ceinture Kelly<\/p>\n<\/li>\n<li data-start=\"2384\" data-end=\"2412\">\n<p data-start=\"2386\" data-end=\"2412\"><strong data-start=\"2386\" data-end=\"2399\">Mati\u00e8re :<\/strong> Cuir Epsom<\/p>\n<\/li>\n<li data-start=\"2413\" data-end=\"2441\">\n<p data-start=\"2415\" data-end=\"2441\"><strong data-start=\"2415\" data-end=\"2428\">Coloris :<\/strong> Vert olive<\/p>\n<\/li>\n<li data-start=\"2442\" data-end=\"2472\">\n<p data-start=\"2444\" data-end=\"2472\"><strong data-start=\"2444\" data-end=\"2459\">Finitions :<\/strong> M\u00e9tal dor\u00e9<\/p>\n<\/li>\n<li data-start=\"2473\" data-end=\"2522\">\n<p data-start=\"2475\" data-end=\"2522\"><strong data-start=\"2475\" data-end=\"2487\">Taille :<\/strong> Grande taille (\u00e0 pr\u00e9ciser en cm)<\/p>\n<\/li>\n<li data-start=\"2523\" data-end=\"2564\">\n<p data-start=\"2525\" data-end=\"2564\"><strong data-start=\"2525\" data-end=\"2540\">Fermeture :<\/strong> Boucle Kelly r\u00e9glable<\/p>\n<\/li>\n<li data-start=\"2565\" data-end=\"2624\">\n<p data-start=\"2567\" data-end=\"2624\"><strong data-start=\"2567\" data-end=\"2577\">\u00c9tat :<\/strong> Comme neuf \u2013 cuir impeccable, m\u00e9tal brillant<\/p>\n<\/li>\n<li data-start=\"2625\" data-end=\"2703\">\n<p data-start=\"2627\" data-end=\"2703\"><strong data-start=\"2627\" data-end=\"2649\">Authentification :<\/strong> Certifi\u00e9e \u2013 livr\u00e9e avec certificat TheVintageTraveler<\/p>\n<\/li>\n<\/ul>\n<hr data-start=\"2705\" data-end=\"2708\" \/>\n<h3 data-start=\"2710\" data-end=\"2753\">Un accessoire embl\u00e9matique et versatile<\/h3>\n<p data-start=\"2755\" data-end=\"2770\">Parfaite pour :<\/p>\n<ul data-start=\"2772\" data-end=\"2999\">\n<li data-start=\"2772\" data-end=\"2830\">\n<p data-start=\"2774\" data-end=\"2830\">Ajouter une <strong data-start=\"2786\" data-end=\"2828\">touche Herm\u00e8s \u00e0 n\u2019importe quelle tenue<\/strong><\/p>\n<\/li>\n<li data-start=\"2831\" data-end=\"2884\">\n<p data-start=\"2833\" data-end=\"2884\">Porter au quotidien ou lors d\u2019occasions habill\u00e9es<\/p>\n<\/li>\n<li data-start=\"2885\" data-end=\"2934\">\n<p data-start=\"2887\" data-end=\"2934\">Offrir comme <strong data-start=\"2900\" data-end=\"2915\">cadeau luxe<\/strong>, \u00e9l\u00e9gant et rare<\/p>\n<\/li>\n<li data-start=\"2935\" data-end=\"2999\">\n<p data-start=\"2937\" data-end=\"2999\">Investir dans une <strong data-start=\"2955\" data-end=\"2999\">pi\u00e8ce iconique \u00e0 forte valeur de revente<\/strong><\/p>\n<\/li>\n<\/ul>\n<hr data-start=\"3001\" data-end=\"3004\" \/>\n<h3 data-start=\"3006\" data-end=\"3060\">Pourquoi investir dans une ceinture Herm\u00e8s Kelly ?<\/h3>\n<ul data-start=\"3062\" data-end=\"3328\">\n<li data-start=\"3062\" data-end=\"3117\">\n<p data-start=\"3064\" data-end=\"3117\"><strong data-start=\"3064\" data-end=\"3115\">Design intemporel et imm\u00e9diatement identifiable<\/strong><\/p>\n<\/li>\n<li data-start=\"3118\" data-end=\"3171\">\n<p data-start=\"3120\" data-end=\"3171\"><strong data-start=\"3120\" data-end=\"3149\">Cuir Epsom + finitions or<\/strong>, combinaison pris\u00e9e<\/p>\n<\/li>\n<li data-start=\"3172\" data-end=\"3208\">\n<p data-start=\"3174\" data-end=\"3208\"><strong data-start=\"3174\" data-end=\"3189\">Taille rare<\/strong>, en parfait \u00e9tat<\/p>\n<\/li>\n<li data-start=\"3209\" data-end=\"3266\">\n<p data-start=\"3211\" data-end=\"3266\">Parfaitement adapt\u00e9e \u00e0 la <strong data-start=\"3237\" data-end=\"3264\">mode actuelle et future<\/strong><\/p>\n<\/li>\n<li data-start=\"3267\" data-end=\"3328\">\n<p data-start=\"3269\" data-end=\"3328\"><strong data-start=\"3269\" data-end=\"3299\">Accessoire de luxe durable<\/strong>, \u00e0 forte valeur patrimoniale<\/p>\n<\/li>\n<\/ul>\n<hr data-start=\"3330\" data-end=\"3333\" \/>\n<h3 data-start=\"3335\" data-end=\"3381\">Pourquoi acheter chez TheVintageTraveler ?<\/h3>\n<p data-start=\"3383\" data-end=\"3437\">Chez <strong data-start=\"3388\" data-end=\"3410\">TheVintageTraveler<\/strong>, chaque pi\u00e8ce Herm\u00e8s est :<\/p>\n<ul data-start=\"3439\" data-end=\"3728\">\n<li data-start=\"3439\" data-end=\"3514\">\n<p data-start=\"3441\" data-end=\"3514\"><strong data-start=\"3441\" data-end=\"3470\">Expertis\u00e9e minutieusement<\/strong>, \u00e9tat, datation et authenticit\u00e9 contr\u00f4l\u00e9s<\/p>\n<\/li>\n<li data-start=\"3515\" data-end=\"3572\">\n<p data-start=\"3517\" data-end=\"3572\"><strong data-start=\"3517\" data-end=\"3545\">Photographi\u00e9e fid\u00e8lement<\/strong>, sans retouche excessive<\/p>\n<\/li>\n<li data-start=\"3573\" data-end=\"3621\">\n<p data-start=\"3575\" data-end=\"3621\">Livr\u00e9e avec un <strong data-start=\"3590\" data-end=\"3619\">certificat d\u2019authenticit\u00e9<\/strong><\/p>\n<\/li>\n<li data-start=\"3622\" data-end=\"3728\">\n<p data-start=\"3624\" data-end=\"3728\">Disponible en <strong data-start=\"3638\" data-end=\"3689\">retrait showroom (March\u00e9 Serpette \u2013 Saint-Ouen)<\/strong> ou en <strong data-start=\"3696\" data-end=\"3728\">livraison mondiale s\u00e9curis\u00e9e<\/strong><\/p>\n<\/li>\n<\/ul>\n<hr data-start=\"3730\" data-end=\"3733\" \/>\n<h3 data-start=\"3735\" data-end=\"3749\">Conclusion<\/h3>\n<p data-start=\"3751\" data-end=\"4059\">Cette <strong data-start=\"3757\" data-end=\"3807\">ceinture Herm\u00e8s Kelly en cuir Epsom vert olive<\/strong>, grande taille, avec <strong data-start=\"3829\" data-end=\"3849\">finitions dor\u00e9es<\/strong> et <strong data-start=\"3853\" data-end=\"3872\">\u00e9tat comme neuf<\/strong>, est un <strong data-start=\"3881\" data-end=\"3934\">accessoire de luxe raffin\u00e9, moderne et intemporel<\/strong>. Elle combine <strong data-start=\"3949\" data-end=\"4006\">esth\u00e9tique, fonctionnalit\u00e9 et valeur d\u2019investissement<\/strong>, dans la lign\u00e9e des plus beaux objets sign\u00e9s Herm\u00e8s.<\/p>\n<p>Suivez &#8211; nous sur <a href=\"https:\/\/www.facebook.com\/TheVintageTravelerFR\">Facebook<\/a> et <a href=\"https:\/\/www.instagram.com\/the_vintagetraveler\/?igsh=aXdsbDJkdnpwZjcx#\">Instagram<\/a><\/p>\n","protected":false},"excerpt":{"rendered":"<p>Ceinture Herm\u00e8s Kelly en cuir Epsom vert olive. Finitions or. Grande taille. \u00c9tat comme neuf. \u00c9l\u00e9gante, iconique et certifi\u00e9e. Tr\u00e8s bon investissement.<\/p>\n","protected":false},"featured_media":5425,"template":"","meta":[],"product_brand":[],"product_cat":[115,175,140],"product_tag":[136],"class_list":{"0":"post-5424","1":"product","2":"type-product","3":"status-publish","4":"has-post-thumbnail","6":"product_cat-hermes","7":"product_cat-lifestyle-maison-hermes","8":"product_cat-nouveautes","9":"product_tag-hermes","11":"first","12":"outofstock","13":"sold-individually","14":"shipping-taxable","15":"product-type-simple"},"yoast_head":"<!-- This site is optimized with the Yoast SEO plugin v27.1.1 - https:\/\/yoast.com\/product\/yoast-seo-wordpress\/ -->\n<title>Ceinture Herm\u00e8s Kelly Vert Olive Cuir Epsom Or | TheVintageTraveler<\/title>\n<meta name=\"description\" content=\"Ceinture Herm\u00e8s Kelly en cuir Epsom vert olive, finitions or. Grande taille, \u00e9tat comme neuf. \u00c9l\u00e9gante et rare. Pi\u00e8ce certifi\u00e9e et iconique.\" \/>\n<meta name=\"robots\" content=\"index, follow, max-snippet:-1, max-image-preview:large, max-video-preview:-1\" \/>\n<link rel=\"canonical\" href=\"https:\/\/thevintagetraveler.com\/en\/produit\/ceinture-hermes-kelly-epsom-vert-olive-or\/\" \/>\n<meta property=\"og:locale\" content=\"en_US\" \/>\n<meta property=\"og:type\" content=\"article\" \/>\n<meta property=\"og:title\" content=\"Ceinture Herm\u00e8s Kelly Vert Olive Cuir Epsom Or | TheVintageTraveler\" \/>\n<meta property=\"og:description\" content=\"Ceinture Herm\u00e8s Kelly en cuir Epsom vert olive, finitions or. Grande taille, \u00e9tat comme neuf. \u00c9l\u00e9gante et rare. Pi\u00e8ce certifi\u00e9e et iconique.\" \/>\n<meta property=\"og:url\" content=\"https:\/\/thevintagetraveler.com\/en\/produit\/ceinture-hermes-kelly-epsom-vert-olive-or\/\" \/>\n<meta property=\"og:site_name\" content=\"TheVintageTraveler\" \/>\n<meta property=\"article:publisher\" content=\"https:\/\/www.facebook.com\/TheVintageTravelerFR\/\" \/>\n<meta property=\"article:modified_time\" content=\"2025-10-09T13:08:11+00:00\" \/>\n<meta property=\"og:image\" content=\"https:\/\/thevintagetraveler.com\/wp-content\/uploads\/2025\/07\/20250721_143735.jpg\" \/>\n\t<meta property=\"og:image:width\" content=\"1920\" \/>\n\t<meta property=\"og:image:height\" content=\"2560\" \/>\n\t<meta property=\"og:image:type\" content=\"image\/jpeg\" \/>\n<meta name=\"twitter:card\" content=\"summary_large_image\" \/>\n<meta name=\"twitter:label1\" content=\"Est. reading time\" \/>\n\t<meta name=\"twitter:data1\" content=\"3 minutes\" \/>\n<script type=\"application\/ld+json\" class=\"yoast-schema-graph\">{\"@context\":\"https:\/\/schema.org\",\"@graph\":[{\"@type\":\"WebPage\",\"@id\":\"https:\/\/thevintagetraveler.com\/en\/produit\/ceinture-hermes-kelly-epsom-vert-olive-or\/\",\"url\":\"https:\/\/thevintagetraveler.com\/en\/produit\/ceinture-hermes-kelly-epsom-vert-olive-or\/\",\"name\":\"Ceinture Herm\u00e8s Kelly Vert Olive Cuir Epsom Or | TheVintageTraveler\",\"isPartOf\":{\"@id\":\"https:\/\/thevintagetraveler.com\/en\/#website\"},\"primaryImageOfPage\":{\"@id\":\"https:\/\/thevintagetraveler.com\/en\/produit\/ceinture-hermes-kelly-epsom-vert-olive-or\/#primaryimage\"},\"image\":{\"@id\":\"https:\/\/thevintagetraveler.com\/en\/produit\/ceinture-hermes-kelly-epsom-vert-olive-or\/#primaryimage\"},\"thumbnailUrl\":\"https:\/\/thevintagetraveler.com\/wp-content\/uploads\/2025\/07\/20250721_143735.jpg\",\"datePublished\":\"2024-07-25T14:56:28+00:00\",\"dateModified\":\"2025-10-09T13:08:11+00:00\",\"description\":\"Ceinture Herm\u00e8s Kelly en cuir Epsom vert olive, finitions or. Grande taille, \u00e9tat comme neuf. \u00c9l\u00e9gante et rare. Pi\u00e8ce certifi\u00e9e et iconique.\",\"breadcrumb\":{\"@id\":\"https:\/\/thevintagetraveler.com\/en\/produit\/ceinture-hermes-kelly-epsom-vert-olive-or\/#breadcrumb\"},\"inLanguage\":\"en-US\",\"potentialAction\":[{\"@type\":\"ReadAction\",\"target\":[\"https:\/\/thevintagetraveler.com\/en\/produit\/ceinture-hermes-kelly-epsom-vert-olive-or\/\"]}]},{\"@type\":\"ImageObject\",\"inLanguage\":\"en-US\",\"@id\":\"https:\/\/thevintagetraveler.com\/en\/produit\/ceinture-hermes-kelly-epsom-vert-olive-or\/#primaryimage\",\"url\":\"https:\/\/thevintagetraveler.com\/wp-content\/uploads\/2025\/07\/20250721_143735.jpg\",\"contentUrl\":\"https:\/\/thevintagetraveler.com\/wp-content\/uploads\/2025\/07\/20250721_143735.jpg\",\"width\":1920,\"height\":2560,\"caption\":\"ceinture Herm\u00e8s Kelly cuir Epsom vert olive or\"},{\"@type\":\"BreadcrumbList\",\"@id\":\"https:\/\/thevintagetraveler.com\/en\/produit\/ceinture-hermes-kelly-epsom-vert-olive-or\/#breadcrumb\",\"itemListElement\":[{\"@type\":\"ListItem\",\"position\":1,\"name\":\"Accueil\",\"item\":\"https:\/\/thevintagetraveler.com\/en\/\"},{\"@type\":\"ListItem\",\"position\":2,\"name\":\"Shop\",\"item\":\"https:\/\/thevintagetraveler.com\/shop\/\"},{\"@type\":\"ListItem\",\"position\":3,\"name\":\"Ceinture Herm\u00e8s Kelly\"}]},{\"@type\":\"WebSite\",\"@id\":\"https:\/\/thevintagetraveler.com\/en\/#website\",\"url\":\"https:\/\/thevintagetraveler.com\/en\/\",\"name\":\"TheVintageTraveler\",\"description\":\"Luxury experts in Louis Vuitton, Chanel &amp; Herm\u00e8s\",\"publisher\":{\"@id\":\"https:\/\/thevintagetraveler.com\/en\/#organization\"},\"potentialAction\":[{\"@type\":\"SearchAction\",\"target\":{\"@type\":\"EntryPoint\",\"urlTemplate\":\"https:\/\/thevintagetraveler.com\/en\/?s={search_term_string}\"},\"query-input\":{\"@type\":\"PropertyValueSpecification\",\"valueRequired\":true,\"valueName\":\"search_term_string\"}}],\"inLanguage\":\"en-US\"},{\"@type\":\"Organization\",\"@id\":\"https:\/\/thevintagetraveler.com\/en\/#organization\",\"name\":\"TheVintageTraveler\",\"url\":\"https:\/\/thevintagetraveler.com\/en\/\",\"logo\":{\"@type\":\"ImageObject\",\"inLanguage\":\"en-US\",\"@id\":\"https:\/\/thevintagetraveler.com\/en\/#\/schema\/logo\/image\/\",\"url\":\"https:\/\/thevintagetraveler.com\/wp-content\/uploads\/2025\/04\/LOGO-THE-VINTAGE-TRAVELER-FINAL-e1745392697678.png\",\"contentUrl\":\"https:\/\/thevintagetraveler.com\/wp-content\/uploads\/2025\/04\/LOGO-THE-VINTAGE-TRAVELER-FINAL-e1745392697678.png\",\"width\":798,\"height\":318,\"caption\":\"TheVintageTraveler\"},\"image\":{\"@id\":\"https:\/\/thevintagetraveler.com\/en\/#\/schema\/logo\/image\/\"},\"sameAs\":[\"https:\/\/www.facebook.com\/TheVintageTravelerFR\/\",\"https:\/\/www.instagram.com\/the_vintagetraveler\"]}]}<\/script>\n<!-- \/ Yoast SEO plugin. -->","yoast_head_json":{"title":"Ceinture Herm\u00e8s Kelly Vert Olive Cuir Epsom Or | TheVintageTraveler","description":"Ceinture Herm\u00e8s Kelly en cuir Epsom vert olive, finitions or. Grande taille, \u00e9tat comme neuf. \u00c9l\u00e9gante et rare. Pi\u00e8ce certifi\u00e9e et iconique.","robots":{"index":"index","follow":"follow","max-snippet":"max-snippet:-1","max-image-preview":"max-image-preview:large","max-video-preview":"max-video-preview:-1"},"canonical":"https:\/\/thevintagetraveler.com\/en\/produit\/ceinture-hermes-kelly-epsom-vert-olive-or\/","og_locale":"en_US","og_type":"article","og_title":"Ceinture Herm\u00e8s Kelly Vert Olive Cuir Epsom Or | TheVintageTraveler","og_description":"Ceinture Herm\u00e8s Kelly en cuir Epsom vert olive, finitions or. Grande taille, \u00e9tat comme neuf. \u00c9l\u00e9gante et rare. Pi\u00e8ce certifi\u00e9e et iconique.","og_url":"https:\/\/thevintagetraveler.com\/en\/produit\/ceinture-hermes-kelly-epsom-vert-olive-or\/","og_site_name":"TheVintageTraveler","article_publisher":"https:\/\/www.facebook.com\/TheVintageTravelerFR\/","article_modified_time":"2025-10-09T13:08:11+00:00","og_image":[{"width":1920,"height":2560,"url":"https:\/\/thevintagetraveler.com\/wp-content\/uploads\/2025\/07\/20250721_143735.jpg","type":"image\/jpeg"}],"twitter_card":"summary_large_image","twitter_misc":{"Est. reading time":"3 minutes"},"schema":{"@context":"https:\/\/schema.org","@graph":[{"@type":"WebPage","@id":"https:\/\/thevintagetraveler.com\/en\/produit\/ceinture-hermes-kelly-epsom-vert-olive-or\/","url":"https:\/\/thevintagetraveler.com\/en\/produit\/ceinture-hermes-kelly-epsom-vert-olive-or\/","name":"Ceinture Herm\u00e8s Kelly Vert Olive Cuir Epsom Or | TheVintageTraveler","isPartOf":{"@id":"https:\/\/thevintagetraveler.com\/en\/#website"},"primaryImageOfPage":{"@id":"https:\/\/thevintagetraveler.com\/en\/produit\/ceinture-hermes-kelly-epsom-vert-olive-or\/#primaryimage"},"image":{"@id":"https:\/\/thevintagetraveler.com\/en\/produit\/ceinture-hermes-kelly-epsom-vert-olive-or\/#primaryimage"},"thumbnailUrl":"https:\/\/thevintagetraveler.com\/wp-content\/uploads\/2025\/07\/20250721_143735.jpg","datePublished":"2024-07-25T14:56:28+00:00","dateModified":"2025-10-09T13:08:11+00:00","description":"Ceinture Herm\u00e8s Kelly en cuir Epsom vert olive, finitions or. Grande taille, \u00e9tat comme neuf. \u00c9l\u00e9gante et rare. Pi\u00e8ce certifi\u00e9e et iconique.","breadcrumb":{"@id":"https:\/\/thevintagetraveler.com\/en\/produit\/ceinture-hermes-kelly-epsom-vert-olive-or\/#breadcrumb"},"inLanguage":"en-US","potentialAction":[{"@type":"ReadAction","target":["https:\/\/thevintagetraveler.com\/en\/produit\/ceinture-hermes-kelly-epsom-vert-olive-or\/"]}]},{"@type":"ImageObject","inLanguage":"en-US","@id":"https:\/\/thevintagetraveler.com\/en\/produit\/ceinture-hermes-kelly-epsom-vert-olive-or\/#primaryimage","url":"https:\/\/thevintagetraveler.com\/wp-content\/uploads\/2025\/07\/20250721_143735.jpg","contentUrl":"https:\/\/thevintagetraveler.com\/wp-content\/uploads\/2025\/07\/20250721_143735.jpg","width":1920,"height":2560,"caption":"ceinture Herm\u00e8s Kelly cuir Epsom vert olive or"},{"@type":"BreadcrumbList","@id":"https:\/\/thevintagetraveler.com\/en\/produit\/ceinture-hermes-kelly-epsom-vert-olive-or\/#breadcrumb","itemListElement":[{"@type":"ListItem","position":1,"name":"Accueil","item":"https:\/\/thevintagetraveler.com\/en\/"},{"@type":"ListItem","position":2,"name":"Shop","item":"https:\/\/thevintagetraveler.com\/shop\/"},{"@type":"ListItem","position":3,"name":"Ceinture Herm\u00e8s Kelly"}]},{"@type":"WebSite","@id":"https:\/\/thevintagetraveler.com\/en\/#website","url":"https:\/\/thevintagetraveler.com\/en\/","name":"TheVintageTraveler","description":"Luxury experts in Louis Vuitton, Chanel &amp; Herm\u00e8s","publisher":{"@id":"https:\/\/thevintagetraveler.com\/en\/#organization"},"potentialAction":[{"@type":"SearchAction","target":{"@type":"EntryPoint","urlTemplate":"https:\/\/thevintagetraveler.com\/en\/?s={search_term_string}"},"query-input":{"@type":"PropertyValueSpecification","valueRequired":true,"valueName":"search_term_string"}}],"inLanguage":"en-US"},{"@type":"Organization","@id":"https:\/\/thevintagetraveler.com\/en\/#organization","name":"TheVintageTraveler","url":"https:\/\/thevintagetraveler.com\/en\/","logo":{"@type":"ImageObject","inLanguage":"en-US","@id":"https:\/\/thevintagetraveler.com\/en\/#\/schema\/logo\/image\/","url":"https:\/\/thevintagetraveler.com\/wp-content\/uploads\/2025\/04\/LOGO-THE-VINTAGE-TRAVELER-FINAL-e1745392697678.png","contentUrl":"https:\/\/thevintagetraveler.com\/wp-content\/uploads\/2025\/04\/LOGO-THE-VINTAGE-TRAVELER-FINAL-e1745392697678.png","width":798,"height":318,"caption":"TheVintageTraveler"},"image":{"@id":"https:\/\/thevintagetraveler.com\/en\/#\/schema\/logo\/image\/"},"sameAs":["https:\/\/www.facebook.com\/TheVintageTravelerFR\/","https:\/\/www.instagram.com\/the_vintagetraveler"]}]}},"_links":{"self":[{"href":"https:\/\/thevintagetraveler.com\/en\/wp-json\/wp\/v2\/product\/5424","targetHints":{"allow":["GET"]}}],"collection":[{"href":"https:\/\/thevintagetraveler.com\/en\/wp-json\/wp\/v2\/product"}],"about":[{"href":"https:\/\/thevintagetraveler.com\/en\/wp-json\/wp\/v2\/types\/product"}],"wp:featuredmedia":[{"embeddable":true,"href":"https:\/\/thevintagetraveler.com\/en\/wp-json\/wp\/v2\/media\/5425"}],"wp:attachment":[{"href":"https:\/\/thevintagetraveler.com\/en\/wp-json\/wp\/v2\/media?parent=5424"}],"wp:term":[{"taxonomy":"product_brand","embeddable":true,"href":"https:\/\/thevintagetraveler.com\/en\/wp-json\/wp\/v2\/product_brand?post=5424"},{"taxonomy":"product_cat","embeddable":true,"href":"https:\/\/thevintagetraveler.com\/en\/wp-json\/wp\/v2\/product_cat?post=5424"},{"taxonomy":"product_tag","embeddable":true,"href":"https:\/\/thevintagetraveler.com\/en\/wp-json\/wp\/v2\/product_tag?post=5424"}],"curies":[{"name":"wp","href":"https:\/\/api.w.org\/{rel}","templated":true}]}}