{"id":5431,"date":"2024-07-25T17:11:49","date_gmt":"2024-07-25T15:11:49","guid":{"rendered":"https:\/\/thevintagetraveler.com\/?post_type=product&#038;p=5431"},"modified":"2025-12-09T18:04:25","modified_gmt":"2025-12-09T17:04:25","slug":"malle-goyard-toile-goyardine-laiton-table-basse","status":"publish","type":"product","link":"https:\/\/thevintagetraveler.com\/en\/produit\/malle-goyard-toile-goyardine-laiton-table-basse\/","title":{"rendered":"Malle Goyard courrier grande"},"content":{"rendered":"<h3 data-start=\"1077\" data-end=\"1140\">Malle Goyard Ancienne \u2013 D\u00e9but XXe, Toile Goyardine &amp; Laiton<\/h3>\n<p data-start=\"1142\" data-end=\"1517\">Cette <strong data-start=\"1148\" data-end=\"1173\">malle Goyard ancienne<\/strong>, dat\u00e9e du <strong data-start=\"1184\" data-end=\"1207\">d\u00e9but du XXe si\u00e8cle<\/strong>, est une <strong data-start=\"1217\" data-end=\"1255\">pi\u00e8ce de collection exceptionnelle<\/strong>, r\u00e9alis\u00e9e en <strong data-start=\"1269\" data-end=\"1288\">toile Goyardine<\/strong> embl\u00e9matique et dot\u00e9e de <strong data-start=\"1314\" data-end=\"1344\">finitions en laiton massif<\/strong>. En <strong data-start=\"1349\" data-end=\"1384\">excellent \u00e9tat au vu de son \u00e2ge<\/strong>, elle peut \u00eatre utilis\u00e9e comme <strong data-start=\"1416\" data-end=\"1444\">table basse de caract\u00e8re<\/strong>, tout en conservant sa valeur patrimoniale et son \u00e9l\u00e9gance intemporelle.<\/p>\n<hr data-start=\"1519\" data-end=\"1522\" \/>\n<h3 data-start=\"1524\" data-end=\"1562\">Une malle historique sign\u00e9e Goyard<\/h3>\n<p data-start=\"1564\" data-end=\"1694\">Fond\u00e9e en 1853, la maison <a href=\"https:\/\/thevintagetraveler.com\/goyard-lhistoire-dune-maison-discrete-et-prestigieuse\/\">Goyard<\/a> est l\u2019une des plus anciennes et prestigieuses marques de bagagerie de luxe. Cette malle incarne :<\/p>\n<ul data-start=\"1696\" data-end=\"1953\">\n<li data-start=\"1696\" data-end=\"1738\">\n<p data-start=\"1698\" data-end=\"1738\">Le <strong data-start=\"1701\" data-end=\"1736\">savoir-faire artisanal fran\u00e7ais<\/strong><\/p>\n<\/li>\n<li data-start=\"1739\" data-end=\"1786\">\n<p data-start=\"1741\" data-end=\"1786\">La <strong data-start=\"1744\" data-end=\"1767\">discr\u00e9tion luxueuse<\/strong>, propre \u00e0 Goyard<\/p>\n<\/li>\n<li data-start=\"1787\" data-end=\"1878\">\n<p data-start=\"1789\" data-end=\"1878\">Une <strong data-start=\"1793\" data-end=\"1820\">toile enduite Goyardine<\/strong> reconnaissable \u00e0 son motif en chevrons peints \u00e0 la main<\/p>\n<\/li>\n<li data-start=\"1879\" data-end=\"1953\">\n<p data-start=\"1881\" data-end=\"1953\">Des <strong data-start=\"1885\" data-end=\"1931\">\u00e9l\u00e9ments de quincaillerie en laiton massif<\/strong>, durables et \u00e9l\u00e9gants<\/p>\n<\/li>\n<\/ul>\n<hr data-start=\"1955\" data-end=\"1958\" \/>\n<h3 data-start=\"1960\" data-end=\"1991\">Caract\u00e9ristiques du produit<\/h3>\n<ul data-start=\"1993\" data-end=\"2540\">\n<li data-start=\"1993\" data-end=\"2016\">\n<p data-start=\"1995\" data-end=\"2016\"><strong data-start=\"1995\" data-end=\"2007\">Marque :<\/strong> Goyard<\/p>\n<\/li>\n<li data-start=\"2017\" data-end=\"2050\">\n<p data-start=\"2019\" data-end=\"2050\"><strong data-start=\"2019\" data-end=\"2031\">\u00c9poque :<\/strong> D\u00e9but XXe si\u00e8cle<\/p>\n<\/li>\n<li data-start=\"2051\" data-end=\"2108\">\n<p data-start=\"2053\" data-end=\"2108\"><strong data-start=\"2053\" data-end=\"2077\">Mati\u00e8re ext\u00e9rieure :<\/strong> Toile Goyardine embl\u00e9matique<\/p>\n<\/li>\n<li data-start=\"2109\" data-end=\"2166\">\n<p data-start=\"2111\" data-end=\"2166\"><strong data-start=\"2111\" data-end=\"2126\">Finitions :<\/strong> Laiton massif (coins, loquets, clous)<\/p>\n<\/li>\n<li data-start=\"2167\" data-end=\"2213\">\n<p data-start=\"2169\" data-end=\"2213\"><strong data-start=\"2169\" data-end=\"2183\">Poign\u00e9es :<\/strong> Cuir d\u2019origine<\/p>\n<\/li>\n<li data-start=\"2214\" data-end=\"2278\">\n<p data-start=\"2216\" data-end=\"2278\"><strong data-start=\"2216\" data-end=\"2231\">Int\u00e9rieur :<\/strong> D\u2019origine<\/p>\n<\/li>\n<li data-start=\"2279\" data-end=\"2358\">\n<p data-start=\"2281\" data-end=\"2358\"><strong data-start=\"2281\" data-end=\"2291\">\u00c9tat :<\/strong> Excellent compte tenu de l\u2019\u00e2ge \u2013 belle patine, structure intacte<\/p>\n<\/li>\n<li data-start=\"2359\" data-end=\"2439\">\n<p data-start=\"2361\" data-end=\"2439\"><strong data-start=\"2361\" data-end=\"2383\">Authentification :<\/strong> Certifi\u00e9e \u2013 livr\u00e9e avec certificat TheVintageTraveler<\/p>\n<\/li>\n<li data-start=\"2440\" data-end=\"2540\">\n<p data-start=\"2442\" data-end=\"2540\"><strong data-start=\"2442\" data-end=\"2458\">Dimensions :<\/strong> Id\u00e9ales pour une <strong data-start=\"2476\" data-end=\"2491\">table basse<\/strong> ou une pi\u00e8ce d\u00e9corative forte<\/p>\n<\/li>\n<\/ul>\n<hr data-start=\"2542\" data-end=\"2545\" \/>\n<h3 data-start=\"2547\" data-end=\"2603\">Une pi\u00e8ce id\u00e9ale pour la d\u00e9coration et la collection<\/h3>\n<p data-start=\"2605\" data-end=\"2636\">Cette malle est parfaite pour :<\/p>\n<ul data-start=\"2638\" data-end=\"2924\">\n<li data-start=\"2638\" data-end=\"2705\">\n<p data-start=\"2640\" data-end=\"2705\">\u00catre utilis\u00e9e comme <strong data-start=\"2660\" data-end=\"2689\">table basse haut de gamme<\/strong> dans un salon<\/p>\n<\/li>\n<li data-start=\"2706\" data-end=\"2775\">\n<p data-start=\"2708\" data-end=\"2775\">Compl\u00e9ter une <strong data-start=\"2722\" data-end=\"2773\">d\u00e9coration d\u2019int\u00e9rieur vintage ou contemporaine<\/strong><\/p>\n<\/li>\n<li data-start=\"2776\" data-end=\"2850\">\n<p data-start=\"2778\" data-end=\"2850\"><strong data-start=\"2778\" data-end=\"2825\">Collectionner les pi\u00e8ces historiques Goyard<\/strong>, de plus en plus rares<\/p>\n<\/li>\n<li data-start=\"2851\" data-end=\"2924\">\n<p data-start=\"2853\" data-end=\"2924\"><strong data-start=\"2853\" data-end=\"2894\">Conserver une valeur forte et durable<\/strong> sur le march\u00e9 du luxe vintage<\/p>\n<\/li>\n<\/ul>\n<hr data-start=\"2926\" data-end=\"2929\" \/>\n<h3 data-start=\"2931\" data-end=\"2985\">Pourquoi investir dans une malle Goyard ancienne ?<\/h3>\n<ul data-start=\"2987\" data-end=\"3258\">\n<li data-start=\"2987\" data-end=\"3051\">\n<p data-start=\"2989\" data-end=\"3051\"><strong data-start=\"2989\" data-end=\"3020\">Toile Goyardine authentique<\/strong>, peinte \u00e0 la main \u00e0 l&#8217;\u00e9poque<\/p>\n<\/li>\n<li data-start=\"3052\" data-end=\"3099\">\n<p data-start=\"3054\" data-end=\"3099\"><strong data-start=\"3054\" data-end=\"3074\">Finitions laiton<\/strong>, robustes et \u00e9l\u00e9gantes<\/p>\n<\/li>\n<li data-start=\"3100\" data-end=\"3150\">\n<p data-start=\"3102\" data-end=\"3150\"><strong data-start=\"3102\" data-end=\"3122\">\u00c9tat remarquable<\/strong> pour une pi\u00e8ce centenaire<\/p>\n<\/li>\n<li data-start=\"3151\" data-end=\"3189\">\n<p data-start=\"3153\" data-end=\"3189\"><strong data-start=\"3153\" data-end=\"3187\">Usage d\u00e9coratif et patrimonial<\/strong><\/p>\n<\/li>\n<li data-start=\"3190\" data-end=\"3258\">\n<p data-start=\"3192\" data-end=\"3258\">Forte <strong data-start=\"3198\" data-end=\"3258\">demande sur le march\u00e9 international des malles anciennes<\/strong><\/p>\n<\/li>\n<\/ul>\n<hr data-start=\"3260\" data-end=\"3263\" \/>\n<h3 data-start=\"3265\" data-end=\"3311\">Pourquoi acheter chez TheVintageTraveler ?<\/h3>\n<p data-start=\"3313\" data-end=\"3360\">Chez <strong data-start=\"3318\" data-end=\"3340\">TheVintageTraveler<\/strong>, chaque malle est :<\/p>\n<ul data-start=\"3362\" data-end=\"3681\">\n<li data-start=\"3362\" data-end=\"3432\">\n<p data-start=\"3364\" data-end=\"3432\"><strong data-start=\"3364\" data-end=\"3393\">Expertis\u00e9e minutieusement<\/strong>, historique et authenticit\u00e9 v\u00e9rifi\u00e9s<\/p>\n<\/li>\n<li data-start=\"3433\" data-end=\"3516\">\n<p data-start=\"3435\" data-end=\"3516\">S\u00e9lectionn\u00e9e pour sa <strong data-start=\"3456\" data-end=\"3514\">qualit\u00e9, son unicit\u00e9 et son potentiel d\u2019investissement<\/strong><\/p>\n<\/li>\n<li data-start=\"3517\" data-end=\"3562\">\n<p data-start=\"3519\" data-end=\"3562\">Livr\u00e9e avec <strong data-start=\"3531\" data-end=\"3560\">certificat d\u2019authenticit\u00e9<\/strong><\/p>\n<\/li>\n<li data-start=\"3563\" data-end=\"3681\">\n<p data-start=\"3565\" data-end=\"3681\">Disponible en <strong data-start=\"3579\" data-end=\"3630\">retrait showroom (March\u00e9 Serpette \u2013 Saint-Ouen)<\/strong> ou en <strong data-start=\"3637\" data-end=\"3681\">livraison s\u00e9curis\u00e9e dans le monde entier<\/strong><\/p>\n<\/li>\n<\/ul>\n<hr data-start=\"3683\" data-end=\"3686\" \/>\n<h3 data-start=\"3688\" data-end=\"3702\">Conclusion<\/h3>\n<p data-start=\"3704\" data-end=\"4005\">Cette <strong data-start=\"3710\" data-end=\"3735\">malle Goyard ancienne<\/strong>, en <strong data-start=\"3740\" data-end=\"3784\">toile Goyardine avec finitions en laiton<\/strong>, repr\u00e9sente une <strong data-start=\"3801\" data-end=\"3838\">pi\u00e8ce d\u2019histoire du luxe fran\u00e7ais<\/strong>, aussi \u00e9l\u00e9gante qu\u2019utile. Parfaite comme <strong data-start=\"3880\" data-end=\"3909\">table basse de collection<\/strong>, elle allie <strong data-start=\"3922\" data-end=\"3966\">esth\u00e9tique, raret\u00e9 et investissement s\u00fbr<\/strong> dans l\u2019univers du vintage de prestige.<\/p>\n<p>Suivez &#8211; nous sur <a href=\"https:\/\/www.facebook.com\/TheVintageTravelerFR\">Facebook<\/a> et <a href=\"https:\/\/www.instagram.com\/the_vintagetraveler\/?igsh=aXdsbDJkdnpwZjcx#\">Instagram<\/a><\/p>\n","protected":false},"excerpt":{"rendered":"<p>Malle Goyard ancienne, d\u00e9but XXe, en toile Goyardine avec finitions laiton. Excellent \u00e9tat. Parfaite pour une d\u00e9coration ou comme table basse rare.<\/p>\n","protected":false},"featured_media":5432,"template":"","meta":[],"product_brand":[],"product_cat":[272,320,274],"product_tag":[322,321],"class_list":{"0":"post-5431","1":"product","2":"type-product","3":"status-publish","4":"has-post-thumbnail","6":"product_cat-malles","7":"product_cat-goyard-trunks","8":"product_cat-news","9":"product_tag-goyardtrunk","10":"product_tag-mallegoyard","12":"first","13":"outofstock","14":"sold-individually","15":"shipping-taxable","16":"purchasable","17":"product-type-simple"},"yoast_head":"<!-- This site is optimized with the Yoast SEO plugin v27.1.1 - https:\/\/yoast.com\/product\/yoast-seo-wordpress\/ -->\n<title>Malle Goyard Ancienne Toile Goyardine Laiton | TheVintageTraveler<\/title>\n<meta name=\"description\" content=\"Malle Goyard du d\u00e9but XXe si\u00e8cle, toile Goyardine, finitions en laiton. Excellent \u00e9tat. Parfaite en table basse. Pi\u00e8ce rare et certifi\u00e9e.\" \/>\n<meta name=\"robots\" content=\"index, follow, max-snippet:-1, max-image-preview:large, max-video-preview:-1\" \/>\n<link rel=\"canonical\" href=\"https:\/\/thevintagetraveler.com\/en\/produit\/malle-goyard-toile-goyardine-laiton-table-basse\/\" \/>\n<meta property=\"og:locale\" content=\"en_US\" \/>\n<meta property=\"og:type\" content=\"article\" \/>\n<meta property=\"og:title\" content=\"Malle Goyard Ancienne Toile Goyardine Laiton | TheVintageTraveler\" \/>\n<meta property=\"og:description\" content=\"Malle Goyard du d\u00e9but XXe si\u00e8cle, toile Goyardine, finitions en laiton. Excellent \u00e9tat. Parfaite en table basse. Pi\u00e8ce rare et certifi\u00e9e.\" \/>\n<meta property=\"og:url\" content=\"https:\/\/thevintagetraveler.com\/en\/produit\/malle-goyard-toile-goyardine-laiton-table-basse\/\" \/>\n<meta property=\"og:site_name\" content=\"TheVintageTraveler\" \/>\n<meta property=\"article:publisher\" content=\"https:\/\/www.facebook.com\/TheVintageTravelerFR\/\" \/>\n<meta property=\"article:modified_time\" content=\"2025-12-09T17:04:25+00:00\" \/>\n<meta property=\"og:image\" content=\"https:\/\/thevintagetraveler.com\/wp-content\/uploads\/2025\/07\/20250721_114732.jpg\" \/>\n\t<meta property=\"og:image:width\" content=\"1920\" \/>\n\t<meta property=\"og:image:height\" content=\"2560\" \/>\n\t<meta property=\"og:image:type\" content=\"image\/jpeg\" \/>\n<meta name=\"twitter:card\" content=\"summary_large_image\" \/>\n<meta name=\"twitter:label1\" content=\"Est. reading time\" \/>\n\t<meta name=\"twitter:data1\" content=\"3 minutes\" \/>\n<script type=\"application\/ld+json\" class=\"yoast-schema-graph\">{\"@context\":\"https:\/\/schema.org\",\"@graph\":[{\"@type\":\"WebPage\",\"@id\":\"https:\/\/thevintagetraveler.com\/en\/produit\/malle-goyard-toile-goyardine-laiton-table-basse\/\",\"url\":\"https:\/\/thevintagetraveler.com\/en\/produit\/malle-goyard-toile-goyardine-laiton-table-basse\/\",\"name\":\"Malle Goyard Ancienne Toile Goyardine Laiton | TheVintageTraveler\",\"isPartOf\":{\"@id\":\"https:\/\/thevintagetraveler.com\/en\/#website\"},\"primaryImageOfPage\":{\"@id\":\"https:\/\/thevintagetraveler.com\/en\/produit\/malle-goyard-toile-goyardine-laiton-table-basse\/#primaryimage\"},\"image\":{\"@id\":\"https:\/\/thevintagetraveler.com\/en\/produit\/malle-goyard-toile-goyardine-laiton-table-basse\/#primaryimage\"},\"thumbnailUrl\":\"https:\/\/thevintagetraveler.com\/wp-content\/uploads\/2025\/07\/20250721_114732.jpg\",\"datePublished\":\"2024-07-25T15:11:49+00:00\",\"dateModified\":\"2025-12-09T17:04:25+00:00\",\"description\":\"Malle Goyard du d\u00e9but XXe si\u00e8cle, toile Goyardine, finitions en laiton. Excellent \u00e9tat. Parfaite en table basse. Pi\u00e8ce rare et certifi\u00e9e.\",\"breadcrumb\":{\"@id\":\"https:\/\/thevintagetraveler.com\/en\/produit\/malle-goyard-toile-goyardine-laiton-table-basse\/#breadcrumb\"},\"inLanguage\":\"en-US\",\"potentialAction\":[{\"@type\":\"ReadAction\",\"target\":[\"https:\/\/thevintagetraveler.com\/en\/produit\/malle-goyard-toile-goyardine-laiton-table-basse\/\"]}]},{\"@type\":\"ImageObject\",\"inLanguage\":\"en-US\",\"@id\":\"https:\/\/thevintagetraveler.com\/en\/produit\/malle-goyard-toile-goyardine-laiton-table-basse\/#primaryimage\",\"url\":\"https:\/\/thevintagetraveler.com\/wp-content\/uploads\/2025\/07\/20250721_114732.jpg\",\"contentUrl\":\"https:\/\/thevintagetraveler.com\/wp-content\/uploads\/2025\/07\/20250721_114732.jpg\",\"width\":1920,\"height\":2560,\"caption\":\"malle Goyard ancienne toile Goyardine laiton table basse\"},{\"@type\":\"BreadcrumbList\",\"@id\":\"https:\/\/thevintagetraveler.com\/en\/produit\/malle-goyard-toile-goyardine-laiton-table-basse\/#breadcrumb\",\"itemListElement\":[{\"@type\":\"ListItem\",\"position\":1,\"name\":\"Accueil\",\"item\":\"https:\/\/thevintagetraveler.com\/en\/\"},{\"@type\":\"ListItem\",\"position\":2,\"name\":\"Shop\",\"item\":\"https:\/\/thevintagetraveler.com\/shop\/\"},{\"@type\":\"ListItem\",\"position\":3,\"name\":\"Malle Goyard courrier grande\"}]},{\"@type\":\"WebSite\",\"@id\":\"https:\/\/thevintagetraveler.com\/en\/#website\",\"url\":\"https:\/\/thevintagetraveler.com\/en\/\",\"name\":\"TheVintageTraveler\",\"description\":\"Luxury experts in Louis Vuitton, Chanel &amp; Herm\u00e8s\",\"publisher\":{\"@id\":\"https:\/\/thevintagetraveler.com\/en\/#organization\"},\"potentialAction\":[{\"@type\":\"SearchAction\",\"target\":{\"@type\":\"EntryPoint\",\"urlTemplate\":\"https:\/\/thevintagetraveler.com\/en\/?s={search_term_string}\"},\"query-input\":{\"@type\":\"PropertyValueSpecification\",\"valueRequired\":true,\"valueName\":\"search_term_string\"}}],\"inLanguage\":\"en-US\"},{\"@type\":\"Organization\",\"@id\":\"https:\/\/thevintagetraveler.com\/en\/#organization\",\"name\":\"TheVintageTraveler\",\"url\":\"https:\/\/thevintagetraveler.com\/en\/\",\"logo\":{\"@type\":\"ImageObject\",\"inLanguage\":\"en-US\",\"@id\":\"https:\/\/thevintagetraveler.com\/en\/#\/schema\/logo\/image\/\",\"url\":\"https:\/\/thevintagetraveler.com\/wp-content\/uploads\/2025\/04\/LOGO-THE-VINTAGE-TRAVELER-FINAL-e1745392697678.png\",\"contentUrl\":\"https:\/\/thevintagetraveler.com\/wp-content\/uploads\/2025\/04\/LOGO-THE-VINTAGE-TRAVELER-FINAL-e1745392697678.png\",\"width\":798,\"height\":318,\"caption\":\"TheVintageTraveler\"},\"image\":{\"@id\":\"https:\/\/thevintagetraveler.com\/en\/#\/schema\/logo\/image\/\"},\"sameAs\":[\"https:\/\/www.facebook.com\/TheVintageTravelerFR\/\",\"https:\/\/www.instagram.com\/the_vintagetraveler\"]}]}<\/script>\n<!-- \/ Yoast SEO plugin. -->","yoast_head_json":{"title":"Malle Goyard Ancienne Toile Goyardine Laiton | TheVintageTraveler","description":"Malle Goyard du d\u00e9but XXe si\u00e8cle, toile Goyardine, finitions en laiton. Excellent \u00e9tat. Parfaite en table basse. Pi\u00e8ce rare et certifi\u00e9e.","robots":{"index":"index","follow":"follow","max-snippet":"max-snippet:-1","max-image-preview":"max-image-preview:large","max-video-preview":"max-video-preview:-1"},"canonical":"https:\/\/thevintagetraveler.com\/en\/produit\/malle-goyard-toile-goyardine-laiton-table-basse\/","og_locale":"en_US","og_type":"article","og_title":"Malle Goyard Ancienne Toile Goyardine Laiton | TheVintageTraveler","og_description":"Malle Goyard du d\u00e9but XXe si\u00e8cle, toile Goyardine, finitions en laiton. Excellent \u00e9tat. Parfaite en table basse. Pi\u00e8ce rare et certifi\u00e9e.","og_url":"https:\/\/thevintagetraveler.com\/en\/produit\/malle-goyard-toile-goyardine-laiton-table-basse\/","og_site_name":"TheVintageTraveler","article_publisher":"https:\/\/www.facebook.com\/TheVintageTravelerFR\/","article_modified_time":"2025-12-09T17:04:25+00:00","og_image":[{"width":1920,"height":2560,"url":"https:\/\/thevintagetraveler.com\/wp-content\/uploads\/2025\/07\/20250721_114732.jpg","type":"image\/jpeg"}],"twitter_card":"summary_large_image","twitter_misc":{"Est. reading time":"3 minutes"},"schema":{"@context":"https:\/\/schema.org","@graph":[{"@type":"WebPage","@id":"https:\/\/thevintagetraveler.com\/en\/produit\/malle-goyard-toile-goyardine-laiton-table-basse\/","url":"https:\/\/thevintagetraveler.com\/en\/produit\/malle-goyard-toile-goyardine-laiton-table-basse\/","name":"Malle Goyard Ancienne Toile Goyardine Laiton | TheVintageTraveler","isPartOf":{"@id":"https:\/\/thevintagetraveler.com\/en\/#website"},"primaryImageOfPage":{"@id":"https:\/\/thevintagetraveler.com\/en\/produit\/malle-goyard-toile-goyardine-laiton-table-basse\/#primaryimage"},"image":{"@id":"https:\/\/thevintagetraveler.com\/en\/produit\/malle-goyard-toile-goyardine-laiton-table-basse\/#primaryimage"},"thumbnailUrl":"https:\/\/thevintagetraveler.com\/wp-content\/uploads\/2025\/07\/20250721_114732.jpg","datePublished":"2024-07-25T15:11:49+00:00","dateModified":"2025-12-09T17:04:25+00:00","description":"Malle Goyard du d\u00e9but XXe si\u00e8cle, toile Goyardine, finitions en laiton. Excellent \u00e9tat. Parfaite en table basse. Pi\u00e8ce rare et certifi\u00e9e.","breadcrumb":{"@id":"https:\/\/thevintagetraveler.com\/en\/produit\/malle-goyard-toile-goyardine-laiton-table-basse\/#breadcrumb"},"inLanguage":"en-US","potentialAction":[{"@type":"ReadAction","target":["https:\/\/thevintagetraveler.com\/en\/produit\/malle-goyard-toile-goyardine-laiton-table-basse\/"]}]},{"@type":"ImageObject","inLanguage":"en-US","@id":"https:\/\/thevintagetraveler.com\/en\/produit\/malle-goyard-toile-goyardine-laiton-table-basse\/#primaryimage","url":"https:\/\/thevintagetraveler.com\/wp-content\/uploads\/2025\/07\/20250721_114732.jpg","contentUrl":"https:\/\/thevintagetraveler.com\/wp-content\/uploads\/2025\/07\/20250721_114732.jpg","width":1920,"height":2560,"caption":"malle Goyard ancienne toile Goyardine laiton table basse"},{"@type":"BreadcrumbList","@id":"https:\/\/thevintagetraveler.com\/en\/produit\/malle-goyard-toile-goyardine-laiton-table-basse\/#breadcrumb","itemListElement":[{"@type":"ListItem","position":1,"name":"Accueil","item":"https:\/\/thevintagetraveler.com\/en\/"},{"@type":"ListItem","position":2,"name":"Shop","item":"https:\/\/thevintagetraveler.com\/shop\/"},{"@type":"ListItem","position":3,"name":"Malle Goyard courrier grande"}]},{"@type":"WebSite","@id":"https:\/\/thevintagetraveler.com\/en\/#website","url":"https:\/\/thevintagetraveler.com\/en\/","name":"TheVintageTraveler","description":"Luxury experts in Louis Vuitton, Chanel &amp; Herm\u00e8s","publisher":{"@id":"https:\/\/thevintagetraveler.com\/en\/#organization"},"potentialAction":[{"@type":"SearchAction","target":{"@type":"EntryPoint","urlTemplate":"https:\/\/thevintagetraveler.com\/en\/?s={search_term_string}"},"query-input":{"@type":"PropertyValueSpecification","valueRequired":true,"valueName":"search_term_string"}}],"inLanguage":"en-US"},{"@type":"Organization","@id":"https:\/\/thevintagetraveler.com\/en\/#organization","name":"TheVintageTraveler","url":"https:\/\/thevintagetraveler.com\/en\/","logo":{"@type":"ImageObject","inLanguage":"en-US","@id":"https:\/\/thevintagetraveler.com\/en\/#\/schema\/logo\/image\/","url":"https:\/\/thevintagetraveler.com\/wp-content\/uploads\/2025\/04\/LOGO-THE-VINTAGE-TRAVELER-FINAL-e1745392697678.png","contentUrl":"https:\/\/thevintagetraveler.com\/wp-content\/uploads\/2025\/04\/LOGO-THE-VINTAGE-TRAVELER-FINAL-e1745392697678.png","width":798,"height":318,"caption":"TheVintageTraveler"},"image":{"@id":"https:\/\/thevintagetraveler.com\/en\/#\/schema\/logo\/image\/"},"sameAs":["https:\/\/www.facebook.com\/TheVintageTravelerFR\/","https:\/\/www.instagram.com\/the_vintagetraveler"]}]}},"_links":{"self":[{"href":"https:\/\/thevintagetraveler.com\/en\/wp-json\/wp\/v2\/product\/5431","targetHints":{"allow":["GET"]}}],"collection":[{"href":"https:\/\/thevintagetraveler.com\/en\/wp-json\/wp\/v2\/product"}],"about":[{"href":"https:\/\/thevintagetraveler.com\/en\/wp-json\/wp\/v2\/types\/product"}],"wp:featuredmedia":[{"embeddable":true,"href":"https:\/\/thevintagetraveler.com\/en\/wp-json\/wp\/v2\/media\/5432"}],"wp:attachment":[{"href":"https:\/\/thevintagetraveler.com\/en\/wp-json\/wp\/v2\/media?parent=5431"}],"wp:term":[{"taxonomy":"product_brand","embeddable":true,"href":"https:\/\/thevintagetraveler.com\/en\/wp-json\/wp\/v2\/product_brand?post=5431"},{"taxonomy":"product_cat","embeddable":true,"href":"https:\/\/thevintagetraveler.com\/en\/wp-json\/wp\/v2\/product_cat?post=5431"},{"taxonomy":"product_tag","embeddable":true,"href":"https:\/\/thevintagetraveler.com\/en\/wp-json\/wp\/v2\/product_tag?post=5431"}],"curies":[{"name":"wp","href":"https:\/\/api.w.org\/{rel}","templated":true}]}}