{"id":5458,"date":"2024-07-25T17:48:13","date_gmt":"2024-07-25T15:48:13","guid":{"rendered":"https:\/\/thevintagetraveler.com\/?post_type=product&#038;p=5458"},"modified":"2025-09-16T14:43:46","modified_gmt":"2025-09-16T12:43:46","slug":"chanel-timeless-medium-cuir-agneau-24k-1989","status":"publish","type":"product","link":"https:\/\/thevintagetraveler.com\/en\/produit\/chanel-timeless-medium-cuir-agneau-24k-1989\/","title":{"rendered":"Sac Chanel Timeless Classique Medium"},"content":{"rendered":"<hr data-start=\"986\" data-end=\"989\" \/>\n<h3 data-start=\"1136\" data-end=\"1226\">Sac Chanel Timeless Classique Medium \u2013 Cuir d\u2019Agneau Noir, Finitions Or 24k, 1989\u20131990<\/h3>\n<p data-start=\"1228\" data-end=\"1593\">Le <strong data-start=\"1231\" data-end=\"1270\">Timeless Classique Medium de Chanel<\/strong>, en <strong data-start=\"1275\" data-end=\"1297\">cuir d\u2019agneau noir<\/strong> et <strong data-start=\"1301\" data-end=\"1336\">finitions plaqu\u00e9es or 24 carats<\/strong>, est sans doute l\u2019un des sacs les plus iconiques de l\u2019histoire de la mode. Ce mod\u00e8le, dat\u00e9 de <strong data-start=\"1431\" data-end=\"1444\">1989\u20131990<\/strong> et livr\u00e9 avec sa <strong data-start=\"1462\" data-end=\"1486\">carte d\u2019authenticit\u00e9<\/strong>, est une <strong data-start=\"1496\" data-end=\"1527\">pi\u00e8ce rare en tr\u00e8s bon \u00e9tat<\/strong>, \u00e0 la fois <strong data-start=\"1539\" data-end=\"1592\">\u00e9l\u00e9gante, recherch\u00e9e et hautement collectionnable<\/strong>.<\/p>\n<hr data-start=\"1595\" data-end=\"1598\" \/>\n<h3 data-start=\"1600\" data-end=\"1648\">Un classique intemporel sign\u00e9 Karl Lagerfeld<\/h3>\n<p data-start=\"1650\" data-end=\"1772\">Cr\u00e9\u00e9 dans la lign\u00e9e du sac 2.55, le <strong data-start=\"1686\" data-end=\"1708\">Timeless Classique<\/strong> a \u00e9t\u00e9 r\u00e9interpr\u00e9t\u00e9 dans les ann\u00e9es 80 par Karl Lagerfeld avec :<\/p>\n<ul data-start=\"1774\" data-end=\"2034\">\n<li data-start=\"1774\" data-end=\"1820\">\n<p data-start=\"1776\" data-end=\"1820\">Le <strong data-start=\"1779\" data-end=\"1801\">double C entrelac\u00e9<\/strong> sur la fermeture<\/p>\n<\/li>\n<li data-start=\"1821\" data-end=\"1874\">\n<p data-start=\"1823\" data-end=\"1874\">Une <strong data-start=\"1827\" data-end=\"1856\">cha\u00eene entrelac\u00e9e de cuir<\/strong>, symbole <a href=\"https:\/\/thevintagetraveler.com\/vendre-sac-chanel-vintage\/\">Chanel<\/a><\/p>\n<\/li>\n<li data-start=\"1875\" data-end=\"1969\">\n<p data-start=\"1877\" data-end=\"1969\">Une <strong data-start=\"1881\" data-end=\"1907\">fermeture \u00e0 tourniquet<\/strong> en m\u00e9tal dor\u00e9 24k (seulement jusqu\u2019au milieu des ann\u00e9es 90)<\/p>\n<\/li>\n<li data-start=\"1970\" data-end=\"2034\">\n<p data-start=\"1972\" data-end=\"2034\">Une <strong data-start=\"1976\" data-end=\"2008\">forme rectangulaire \u00e9l\u00e9gante<\/strong>, parfaite du jour au soir<\/p>\n<\/li>\n<\/ul>\n<hr data-start=\"2036\" data-end=\"2039\" \/>\n<h3 data-start=\"2041\" data-end=\"2085\">Cuir d\u2019agneau noir &amp; finitions 24 carats<\/h3>\n<ul data-start=\"2087\" data-end=\"2353\">\n<li data-start=\"2087\" data-end=\"2146\">\n<p data-start=\"2089\" data-end=\"2146\"><strong data-start=\"2089\" data-end=\"2125\">Cuir d\u2019agneau souple et brillant<\/strong>, au toucher soyeux<\/p>\n<\/li>\n<li data-start=\"2147\" data-end=\"2199\">\n<p data-start=\"2149\" data-end=\"2199\"><strong data-start=\"2149\" data-end=\"2173\">Coloris noir profond<\/strong>, iconique et intemporel<\/p>\n<\/li>\n<li data-start=\"2200\" data-end=\"2273\">\n<p data-start=\"2202\" data-end=\"2273\"><strong data-start=\"2202\" data-end=\"2231\">M\u00e9tallerie plaqu\u00e9e or 24k<\/strong>, uniquement utilis\u00e9e entre 1989 et 1994<\/p>\n<\/li>\n<li data-start=\"2274\" data-end=\"2353\">\n<p data-start=\"2276\" data-end=\"2353\">Une <strong data-start=\"2280\" data-end=\"2311\">combinaison tr\u00e8s recherch\u00e9e<\/strong> par les collectionneuses et investisseurs<\/p>\n<\/li>\n<\/ul>\n<hr data-start=\"2355\" data-end=\"2358\" \/>\n<h3 data-start=\"2360\" data-end=\"2391\">Caract\u00e9ristiques du produit<\/h3>\n<ul data-start=\"2393\" data-end=\"2852\">\n<li data-start=\"2393\" data-end=\"2416\">\n<p data-start=\"2395\" data-end=\"2416\"><strong data-start=\"2395\" data-end=\"2407\">Marque :<\/strong> Chanel<\/p>\n<\/li>\n<li data-start=\"2417\" data-end=\"2459\">\n<p data-start=\"2419\" data-end=\"2459\"><strong data-start=\"2419\" data-end=\"2431\">Mod\u00e8le :<\/strong> Timeless Classique Medium<\/p>\n<\/li>\n<li data-start=\"2460\" data-end=\"2522\">\n<p data-start=\"2462\" data-end=\"2522\"><strong data-start=\"2462\" data-end=\"2473\">Ann\u00e9e :<\/strong> 1989\u20131990 (num\u00e9ro de s\u00e9rie confirm\u00e9 par carte)<\/p>\n<\/li>\n<li data-start=\"2523\" data-end=\"2554\">\n<p data-start=\"2525\" data-end=\"2554\"><strong data-start=\"2525\" data-end=\"2538\">Mati\u00e8re :<\/strong> Cuir d\u2019agneau<\/p>\n<\/li>\n<li data-start=\"2555\" data-end=\"2577\">\n<p data-start=\"2557\" data-end=\"2577\"><strong data-start=\"2557\" data-end=\"2570\">Couleur :<\/strong> Noir<\/p>\n<\/li>\n<li data-start=\"2578\" data-end=\"2617\">\n<p data-start=\"2580\" data-end=\"2617\"><strong data-start=\"2580\" data-end=\"2595\">Finitions :<\/strong> Plaqu\u00e9 or 24 carats<\/p>\n<\/li>\n<li data-start=\"2618\" data-end=\"2678\">\n<p data-start=\"2620\" data-end=\"2678\"><strong data-start=\"2620\" data-end=\"2631\">Port\u00e9 :<\/strong> \u00c9paule ou crois\u00e9 (selon taille de la cha\u00eene)<\/p>\n<\/li>\n<li data-start=\"2679\" data-end=\"2751\">\n<p data-start=\"2681\" data-end=\"2751\"><strong data-start=\"2681\" data-end=\"2691\">\u00c9tat :<\/strong> Tr\u00e8s bon \u2013 cuir bien conserv\u00e9, brillance du m\u00e9tal intacte<\/p>\n<\/li>\n<li data-start=\"2752\" data-end=\"2852\">\n<p data-start=\"2754\" data-end=\"2852\"><strong data-start=\"2754\" data-end=\"2776\">Authentification :<\/strong> Certifi\u00e9 \u2013 livr\u00e9 avec carte d\u2019authenticit\u00e9 et certificat TheVintageTraveler<\/p>\n<\/li>\n<\/ul>\n<hr data-start=\"2854\" data-end=\"2857\" \/>\n<h3 data-start=\"2859\" data-end=\"2905\">Un sac parfait \u00e0 collectionner ou \u00e0 porter<\/h3>\n<p data-start=\"2907\" data-end=\"2919\">Id\u00e9al pour :<\/p>\n<ul data-start=\"2921\" data-end=\"3192\">\n<li data-start=\"2921\" data-end=\"2981\">\n<p data-start=\"2923\" data-end=\"2981\">Les <strong data-start=\"2927\" data-end=\"2979\">amatrices de pi\u00e8ces Chanel vintage embl\u00e9matiques<\/strong><\/p>\n<\/li>\n<li data-start=\"2982\" data-end=\"3055\">\n<p data-start=\"2984\" data-end=\"3055\"><strong data-start=\"2984\" data-end=\"3020\">Investir dans un mod\u00e8le iconique<\/strong>, toujours valoris\u00e9 sur le march\u00e9<\/p>\n<\/li>\n<li data-start=\"3056\" data-end=\"3131\">\n<p data-start=\"3058\" data-end=\"3131\">Compl\u00e9ter une tenue habill\u00e9e avec une <strong data-start=\"3096\" data-end=\"3129\">signature de style parisienne<\/strong><\/p>\n<\/li>\n<li data-start=\"3132\" data-end=\"3192\">\n<p data-start=\"3134\" data-end=\"3192\"><strong data-start=\"3134\" data-end=\"3162\">Conserver ou transmettre<\/strong> un patrimoine de mode de luxe<\/p>\n<\/li>\n<\/ul>\n<hr data-start=\"3194\" data-end=\"3197\" \/>\n<h3 data-start=\"3199\" data-end=\"3254\">Pourquoi investir dans ce Timeless Chanel 1989\u201390 ?<\/h3>\n<ul data-start=\"3256\" data-end=\"3527\">\n<li data-start=\"3256\" data-end=\"3315\">\n<p data-start=\"3258\" data-end=\"3315\"><strong data-start=\"3258\" data-end=\"3275\">Finitions 24k<\/strong>, aujourd\u2019hui introuvables en boutique<\/p>\n<\/li>\n<li data-start=\"3316\" data-end=\"3380\">\n<p data-start=\"3318\" data-end=\"3380\"><strong data-start=\"3318\" data-end=\"3351\">Carte d\u2019authenticit\u00e9 pr\u00e9sente<\/strong>, ce qui renforce sa valeur<\/p>\n<\/li>\n<li data-start=\"3381\" data-end=\"3426\">\n<p data-start=\"3383\" data-end=\"3426\"><strong data-start=\"3383\" data-end=\"3400\">\u00c9tat tr\u00e8s bon<\/strong>, rare pour cette \u00e9poque<\/p>\n<\/li>\n<li data-start=\"3427\" data-end=\"3465\">\n<p data-start=\"3429\" data-end=\"3465\"><strong data-start=\"3429\" data-end=\"3446\">Mod\u00e8le medium<\/strong>, le plus demand\u00e9<\/p>\n<\/li>\n<li data-start=\"3466\" data-end=\"3527\">\n<p data-start=\"3468\" data-end=\"3527\"><strong data-start=\"3468\" data-end=\"3490\">Cuir d\u2019agneau noir<\/strong>, la combinaison la plus embl\u00e9matique<\/p>\n<\/li>\n<\/ul>\n<hr data-start=\"3529\" data-end=\"3532\" \/>\n<h3 data-start=\"3534\" data-end=\"3580\">Pourquoi acheter chez TheVintageTraveler ?<\/h3>\n<p data-start=\"3582\" data-end=\"3634\">Chez <strong data-start=\"3587\" data-end=\"3609\">TheVintageTraveler<\/strong>, chaque sac Chanel est :<\/p>\n<ul data-start=\"3636\" data-end=\"3959\">\n<li data-start=\"3636\" data-end=\"3714\">\n<p data-start=\"3638\" data-end=\"3714\"><strong data-start=\"3638\" data-end=\"3668\">Authentifi\u00e9 avec pr\u00e9cision<\/strong>, num\u00e9ro de s\u00e9rie, datation et \u00e9tat v\u00e9rifi\u00e9s<\/p>\n<\/li>\n<li data-start=\"3715\" data-end=\"3795\">\n<p data-start=\"3717\" data-end=\"3795\"><strong data-start=\"3717\" data-end=\"3793\">S\u00e9lectionn\u00e9 pour sa raret\u00e9, sa qualit\u00e9 et son potentiel d\u2019investissement<\/strong><\/p>\n<\/li>\n<li data-start=\"3796\" data-end=\"3840\">\n<p data-start=\"3798\" data-end=\"3840\">Livr\u00e9 avec <strong data-start=\"3809\" data-end=\"3838\">certificat d\u2019authenticit\u00e9<\/strong><\/p>\n<\/li>\n<li data-start=\"3841\" data-end=\"3959\">\n<p data-start=\"3843\" data-end=\"3959\">Disponible en <strong data-start=\"3857\" data-end=\"3908\">retrait showroom (March\u00e9 Serpette \u2013 Saint-Ouen)<\/strong> ou en <strong data-start=\"3915\" data-end=\"3959\">livraison s\u00e9curis\u00e9e dans le monde entier<\/strong><\/p>\n<\/li>\n<\/ul>\n<hr data-start=\"3961\" data-end=\"3964\" \/>\n<h3 data-start=\"3966\" data-end=\"3980\">Conclusion<\/h3>\n<p data-start=\"3982\" data-end=\"4315\">Ce <strong data-start=\"3985\" data-end=\"4025\">sac Chanel Timeless Classique Medium<\/strong>, en <strong data-start=\"4030\" data-end=\"4083\">cuir d\u2019agneau noir avec finitions plaqu\u00e9es or 24k<\/strong>, dat\u00e9 de <strong data-start=\"4093\" data-end=\"4106\">1989\u20131990<\/strong>, est une <strong data-start=\"4116\" data-end=\"4141\">ic\u00f4ne du luxe vintage<\/strong>. Rare, certifi\u00e9, en tr\u00e8s bon \u00e9tat et livr\u00e9 avec sa carte d\u2019authenticit\u00e9, il repr\u00e9sente un <strong data-start=\"4232\" data-end=\"4265\">investissement s\u00fbr et \u00e9l\u00e9gant<\/strong>, dans une pi\u00e8ce aussi historique qu\u2019intemporelle.<\/p>\n<p>Suivez &#8211; nous sur <a href=\"https:\/\/www.facebook.com\/TheVintageTravelerFR\">Facebook<\/a> et <a href=\"https:\/\/www.instagram.com\/the_vintagetraveler\/?igsh=aXdsbDJkdnpwZjcx#\">Instagram<\/a><\/p>\n","protected":false},"excerpt":{"rendered":"<p>Chanel Timeless Classique medium en cuir d\u2019agneau noir, or 24k. Avec carte d\u2019authenticit\u00e9, dat\u00e9 de 1989\u20131990. Tr\u00e8s bon \u00e9tat. Excellent investissement.<\/p>\n","protected":false},"featured_media":5459,"template":"","meta":[],"product_brand":[],"product_cat":[285,274,295,279],"product_tag":[287,296,297],"class_list":{"0":"post-5458","1":"product","2":"type-product","3":"status-publish","4":"has-post-thumbnail","6":"product_cat-chanel","7":"product_cat-news","8":"product_cat-handbag-2","9":"product_cat-bags","10":"product_tag-chanel","11":"product_tag-chanelclassique","12":"product_tag-chanelmedium","14":"first","15":"outofstock","16":"sold-individually","17":"shipping-taxable","18":"product-type-simple"},"yoast_head":"<!-- This site is optimized with the Yoast SEO plugin v27.1.1 - https:\/\/yoast.com\/product\/yoast-seo-wordpress\/ -->\n<title>Chanel Timeless Medium Cuir Agneau 24k 1989 | TheVintageTraveler<\/title>\n<meta name=\"description\" content=\"Sac Chanel Timeless medium en cuir d\u2019agneau noir, finitions or 24k, avec carte d\u2019authenticit\u00e9. Ann\u00e9es 89\u201390. Tr\u00e8s bon \u00e9tat. Investissement s\u00fbr.\" \/>\n<meta name=\"robots\" content=\"index, follow, max-snippet:-1, max-image-preview:large, max-video-preview:-1\" \/>\n<link rel=\"canonical\" href=\"https:\/\/thevintagetraveler.com\/en\/produit\/chanel-timeless-medium-cuir-agneau-24k-1989\/\" \/>\n<meta property=\"og:locale\" content=\"en_US\" \/>\n<meta property=\"og:type\" content=\"article\" \/>\n<meta property=\"og:title\" content=\"Chanel Timeless Medium Cuir Agneau 24k 1989 | TheVintageTraveler\" \/>\n<meta property=\"og:description\" content=\"Sac Chanel Timeless medium en cuir d\u2019agneau noir, finitions or 24k, avec carte d\u2019authenticit\u00e9. Ann\u00e9es 89\u201390. Tr\u00e8s bon \u00e9tat. Investissement s\u00fbr.\" \/>\n<meta property=\"og:url\" content=\"https:\/\/thevintagetraveler.com\/en\/produit\/chanel-timeless-medium-cuir-agneau-24k-1989\/\" \/>\n<meta property=\"og:site_name\" content=\"TheVintageTraveler\" \/>\n<meta property=\"article:publisher\" content=\"https:\/\/www.facebook.com\/TheVintageTravelerFR\/\" \/>\n<meta property=\"article:modified_time\" content=\"2025-09-16T12:43:46+00:00\" \/>\n<meta property=\"og:image\" content=\"https:\/\/thevintagetraveler.com\/wp-content\/uploads\/2025\/07\/image00001-2.jpeg\" \/>\n\t<meta property=\"og:image:width\" content=\"1800\" \/>\n\t<meta property=\"og:image:height\" content=\"2400\" \/>\n\t<meta property=\"og:image:type\" content=\"image\/jpeg\" \/>\n<meta name=\"twitter:card\" content=\"summary_large_image\" \/>\n<meta name=\"twitter:label1\" content=\"Est. reading time\" \/>\n\t<meta name=\"twitter:data1\" content=\"3 minutes\" \/>\n<script type=\"application\/ld+json\" class=\"yoast-schema-graph\">{\"@context\":\"https:\/\/schema.org\",\"@graph\":[{\"@type\":\"WebPage\",\"@id\":\"https:\/\/thevintagetraveler.com\/en\/produit\/chanel-timeless-medium-cuir-agneau-24k-1989\/\",\"url\":\"https:\/\/thevintagetraveler.com\/en\/produit\/chanel-timeless-medium-cuir-agneau-24k-1989\/\",\"name\":\"Chanel Timeless Medium Cuir Agneau 24k 1989 | TheVintageTraveler\",\"isPartOf\":{\"@id\":\"https:\/\/thevintagetraveler.com\/en\/#website\"},\"primaryImageOfPage\":{\"@id\":\"https:\/\/thevintagetraveler.com\/en\/produit\/chanel-timeless-medium-cuir-agneau-24k-1989\/#primaryimage\"},\"image\":{\"@id\":\"https:\/\/thevintagetraveler.com\/en\/produit\/chanel-timeless-medium-cuir-agneau-24k-1989\/#primaryimage\"},\"thumbnailUrl\":\"https:\/\/thevintagetraveler.com\/wp-content\/uploads\/2025\/07\/image00001-2.jpeg\",\"datePublished\":\"2024-07-25T15:48:13+00:00\",\"dateModified\":\"2025-09-16T12:43:46+00:00\",\"description\":\"Sac Chanel Timeless medium en cuir d\u2019agneau noir, finitions or 24k, avec carte d\u2019authenticit\u00e9. Ann\u00e9es 89\u201390. Tr\u00e8s bon \u00e9tat. Investissement s\u00fbr.\",\"breadcrumb\":{\"@id\":\"https:\/\/thevintagetraveler.com\/en\/produit\/chanel-timeless-medium-cuir-agneau-24k-1989\/#breadcrumb\"},\"inLanguage\":\"en-US\",\"potentialAction\":[{\"@type\":\"ReadAction\",\"target\":[\"https:\/\/thevintagetraveler.com\/en\/produit\/chanel-timeless-medium-cuir-agneau-24k-1989\/\"]}]},{\"@type\":\"ImageObject\",\"inLanguage\":\"en-US\",\"@id\":\"https:\/\/thevintagetraveler.com\/en\/produit\/chanel-timeless-medium-cuir-agneau-24k-1989\/#primaryimage\",\"url\":\"https:\/\/thevintagetraveler.com\/wp-content\/uploads\/2025\/07\/image00001-2.jpeg\",\"contentUrl\":\"https:\/\/thevintagetraveler.com\/wp-content\/uploads\/2025\/07\/image00001-2.jpeg\",\"width\":1800,\"height\":2400,\"caption\":\"sac Chanel Timeless Classique medium cuir agneau 24k vintage\"},{\"@type\":\"BreadcrumbList\",\"@id\":\"https:\/\/thevintagetraveler.com\/en\/produit\/chanel-timeless-medium-cuir-agneau-24k-1989\/#breadcrumb\",\"itemListElement\":[{\"@type\":\"ListItem\",\"position\":1,\"name\":\"Accueil\",\"item\":\"https:\/\/thevintagetraveler.com\/en\/\"},{\"@type\":\"ListItem\",\"position\":2,\"name\":\"Shop\",\"item\":\"https:\/\/thevintagetraveler.com\/shop\/\"},{\"@type\":\"ListItem\",\"position\":3,\"name\":\"Sac Chanel Timeless Classique Medium\"}]},{\"@type\":\"WebSite\",\"@id\":\"https:\/\/thevintagetraveler.com\/en\/#website\",\"url\":\"https:\/\/thevintagetraveler.com\/en\/\",\"name\":\"TheVintageTraveler\",\"description\":\"Luxury experts in Louis Vuitton, Chanel &amp; Herm\u00e8s\",\"publisher\":{\"@id\":\"https:\/\/thevintagetraveler.com\/en\/#organization\"},\"potentialAction\":[{\"@type\":\"SearchAction\",\"target\":{\"@type\":\"EntryPoint\",\"urlTemplate\":\"https:\/\/thevintagetraveler.com\/en\/?s={search_term_string}\"},\"query-input\":{\"@type\":\"PropertyValueSpecification\",\"valueRequired\":true,\"valueName\":\"search_term_string\"}}],\"inLanguage\":\"en-US\"},{\"@type\":\"Organization\",\"@id\":\"https:\/\/thevintagetraveler.com\/en\/#organization\",\"name\":\"TheVintageTraveler\",\"url\":\"https:\/\/thevintagetraveler.com\/en\/\",\"logo\":{\"@type\":\"ImageObject\",\"inLanguage\":\"en-US\",\"@id\":\"https:\/\/thevintagetraveler.com\/en\/#\/schema\/logo\/image\/\",\"url\":\"https:\/\/thevintagetraveler.com\/wp-content\/uploads\/2025\/04\/LOGO-THE-VINTAGE-TRAVELER-FINAL-e1745392697678.png\",\"contentUrl\":\"https:\/\/thevintagetraveler.com\/wp-content\/uploads\/2025\/04\/LOGO-THE-VINTAGE-TRAVELER-FINAL-e1745392697678.png\",\"width\":798,\"height\":318,\"caption\":\"TheVintageTraveler\"},\"image\":{\"@id\":\"https:\/\/thevintagetraveler.com\/en\/#\/schema\/logo\/image\/\"},\"sameAs\":[\"https:\/\/www.facebook.com\/TheVintageTravelerFR\/\",\"https:\/\/www.instagram.com\/the_vintagetraveler\"]}]}<\/script>\n<!-- \/ Yoast SEO plugin. -->","yoast_head_json":{"title":"Chanel Timeless Medium Cuir Agneau 24k 1989 | TheVintageTraveler","description":"Sac Chanel Timeless medium en cuir d\u2019agneau noir, finitions or 24k, avec carte d\u2019authenticit\u00e9. Ann\u00e9es 89\u201390. Tr\u00e8s bon \u00e9tat. Investissement s\u00fbr.","robots":{"index":"index","follow":"follow","max-snippet":"max-snippet:-1","max-image-preview":"max-image-preview:large","max-video-preview":"max-video-preview:-1"},"canonical":"https:\/\/thevintagetraveler.com\/en\/produit\/chanel-timeless-medium-cuir-agneau-24k-1989\/","og_locale":"en_US","og_type":"article","og_title":"Chanel Timeless Medium Cuir Agneau 24k 1989 | TheVintageTraveler","og_description":"Sac Chanel Timeless medium en cuir d\u2019agneau noir, finitions or 24k, avec carte d\u2019authenticit\u00e9. Ann\u00e9es 89\u201390. Tr\u00e8s bon \u00e9tat. Investissement s\u00fbr.","og_url":"https:\/\/thevintagetraveler.com\/en\/produit\/chanel-timeless-medium-cuir-agneau-24k-1989\/","og_site_name":"TheVintageTraveler","article_publisher":"https:\/\/www.facebook.com\/TheVintageTravelerFR\/","article_modified_time":"2025-09-16T12:43:46+00:00","og_image":[{"width":1800,"height":2400,"url":"https:\/\/thevintagetraveler.com\/wp-content\/uploads\/2025\/07\/image00001-2.jpeg","type":"image\/jpeg"}],"twitter_card":"summary_large_image","twitter_misc":{"Est. reading time":"3 minutes"},"schema":{"@context":"https:\/\/schema.org","@graph":[{"@type":"WebPage","@id":"https:\/\/thevintagetraveler.com\/en\/produit\/chanel-timeless-medium-cuir-agneau-24k-1989\/","url":"https:\/\/thevintagetraveler.com\/en\/produit\/chanel-timeless-medium-cuir-agneau-24k-1989\/","name":"Chanel Timeless Medium Cuir Agneau 24k 1989 | TheVintageTraveler","isPartOf":{"@id":"https:\/\/thevintagetraveler.com\/en\/#website"},"primaryImageOfPage":{"@id":"https:\/\/thevintagetraveler.com\/en\/produit\/chanel-timeless-medium-cuir-agneau-24k-1989\/#primaryimage"},"image":{"@id":"https:\/\/thevintagetraveler.com\/en\/produit\/chanel-timeless-medium-cuir-agneau-24k-1989\/#primaryimage"},"thumbnailUrl":"https:\/\/thevintagetraveler.com\/wp-content\/uploads\/2025\/07\/image00001-2.jpeg","datePublished":"2024-07-25T15:48:13+00:00","dateModified":"2025-09-16T12:43:46+00:00","description":"Sac Chanel Timeless medium en cuir d\u2019agneau noir, finitions or 24k, avec carte d\u2019authenticit\u00e9. Ann\u00e9es 89\u201390. Tr\u00e8s bon \u00e9tat. Investissement s\u00fbr.","breadcrumb":{"@id":"https:\/\/thevintagetraveler.com\/en\/produit\/chanel-timeless-medium-cuir-agneau-24k-1989\/#breadcrumb"},"inLanguage":"en-US","potentialAction":[{"@type":"ReadAction","target":["https:\/\/thevintagetraveler.com\/en\/produit\/chanel-timeless-medium-cuir-agneau-24k-1989\/"]}]},{"@type":"ImageObject","inLanguage":"en-US","@id":"https:\/\/thevintagetraveler.com\/en\/produit\/chanel-timeless-medium-cuir-agneau-24k-1989\/#primaryimage","url":"https:\/\/thevintagetraveler.com\/wp-content\/uploads\/2025\/07\/image00001-2.jpeg","contentUrl":"https:\/\/thevintagetraveler.com\/wp-content\/uploads\/2025\/07\/image00001-2.jpeg","width":1800,"height":2400,"caption":"sac Chanel Timeless Classique medium cuir agneau 24k vintage"},{"@type":"BreadcrumbList","@id":"https:\/\/thevintagetraveler.com\/en\/produit\/chanel-timeless-medium-cuir-agneau-24k-1989\/#breadcrumb","itemListElement":[{"@type":"ListItem","position":1,"name":"Accueil","item":"https:\/\/thevintagetraveler.com\/en\/"},{"@type":"ListItem","position":2,"name":"Shop","item":"https:\/\/thevintagetraveler.com\/shop\/"},{"@type":"ListItem","position":3,"name":"Sac Chanel Timeless Classique Medium"}]},{"@type":"WebSite","@id":"https:\/\/thevintagetraveler.com\/en\/#website","url":"https:\/\/thevintagetraveler.com\/en\/","name":"TheVintageTraveler","description":"Luxury experts in Louis Vuitton, Chanel &amp; Herm\u00e8s","publisher":{"@id":"https:\/\/thevintagetraveler.com\/en\/#organization"},"potentialAction":[{"@type":"SearchAction","target":{"@type":"EntryPoint","urlTemplate":"https:\/\/thevintagetraveler.com\/en\/?s={search_term_string}"},"query-input":{"@type":"PropertyValueSpecification","valueRequired":true,"valueName":"search_term_string"}}],"inLanguage":"en-US"},{"@type":"Organization","@id":"https:\/\/thevintagetraveler.com\/en\/#organization","name":"TheVintageTraveler","url":"https:\/\/thevintagetraveler.com\/en\/","logo":{"@type":"ImageObject","inLanguage":"en-US","@id":"https:\/\/thevintagetraveler.com\/en\/#\/schema\/logo\/image\/","url":"https:\/\/thevintagetraveler.com\/wp-content\/uploads\/2025\/04\/LOGO-THE-VINTAGE-TRAVELER-FINAL-e1745392697678.png","contentUrl":"https:\/\/thevintagetraveler.com\/wp-content\/uploads\/2025\/04\/LOGO-THE-VINTAGE-TRAVELER-FINAL-e1745392697678.png","width":798,"height":318,"caption":"TheVintageTraveler"},"image":{"@id":"https:\/\/thevintagetraveler.com\/en\/#\/schema\/logo\/image\/"},"sameAs":["https:\/\/www.facebook.com\/TheVintageTravelerFR\/","https:\/\/www.instagram.com\/the_vintagetraveler"]}]}},"_links":{"self":[{"href":"https:\/\/thevintagetraveler.com\/en\/wp-json\/wp\/v2\/product\/5458","targetHints":{"allow":["GET"]}}],"collection":[{"href":"https:\/\/thevintagetraveler.com\/en\/wp-json\/wp\/v2\/product"}],"about":[{"href":"https:\/\/thevintagetraveler.com\/en\/wp-json\/wp\/v2\/types\/product"}],"wp:featuredmedia":[{"embeddable":true,"href":"https:\/\/thevintagetraveler.com\/en\/wp-json\/wp\/v2\/media\/5459"}],"wp:attachment":[{"href":"https:\/\/thevintagetraveler.com\/en\/wp-json\/wp\/v2\/media?parent=5458"}],"wp:term":[{"taxonomy":"product_brand","embeddable":true,"href":"https:\/\/thevintagetraveler.com\/en\/wp-json\/wp\/v2\/product_brand?post=5458"},{"taxonomy":"product_cat","embeddable":true,"href":"https:\/\/thevintagetraveler.com\/en\/wp-json\/wp\/v2\/product_cat?post=5458"},{"taxonomy":"product_tag","embeddable":true,"href":"https:\/\/thevintagetraveler.com\/en\/wp-json\/wp\/v2\/product_tag?post=5458"}],"curies":[{"name":"wp","href":"https:\/\/api.w.org\/{rel}","templated":true}]}}