{"id":5521,"date":"2024-08-09T14:19:56","date_gmt":"2024-08-09T12:19:56","guid":{"rendered":"https:\/\/thevintagetraveler.com\/?post_type=product&#038;p=5521"},"modified":"2025-09-23T18:02:06","modified_gmt":"2025-09-23T16:02:06","slug":"celine-triomphe-medium-cuir-box-noir-or","status":"publish","type":"product","link":"https:\/\/thevintagetraveler.com\/en\/produit\/celine-triomphe-medium-cuir-box-noir-or\/","title":{"rendered":"Sac C\u00e9line triomphe medium noir"},"content":{"rendered":"<h3 data-start=\"1010\" data-end=\"1083\">Sac C\u00e9line Triomphe \u2013 Taille Medium, Cuir Box Noir &amp; Finitions Dor\u00e9es<\/h3>\n<p data-start=\"1085\" data-end=\"1377\">Ce <strong data-start=\"1088\" data-end=\"1111\">sac C\u00e9line Triomphe<\/strong> en <strong data-start=\"1115\" data-end=\"1132\">taille medium<\/strong>, r\u00e9alis\u00e9 en <strong data-start=\"1145\" data-end=\"1162\">cuir Box noir<\/strong> avec <strong data-start=\"1168\" data-end=\"1188\">finitions dor\u00e9es<\/strong>, incarne \u00e0 la perfection l\u2019<strong data-start=\"1216\" data-end=\"1258\">\u00e9l\u00e9gance parisienne et le luxe discret<\/strong> de la maison C\u00e9line. Pr\u00e9sent\u00e9 en <strong data-start=\"1292\" data-end=\"1310\">excellent \u00e9tat<\/strong>, il est \u00e0 la fois <strong data-start=\"1329\" data-end=\"1376\">pratique, intemporel et hautement d\u00e9sirable<\/strong>.<\/p>\n<hr data-start=\"1379\" data-end=\"1382\" \/>\n<h3 data-start=\"1384\" data-end=\"1404\">L\u2019ic\u00f4ne Triomphe<\/h3>\n<ul data-start=\"1406\" data-end=\"1674\">\n<li data-start=\"1406\" data-end=\"1479\">\n<p data-start=\"1408\" data-end=\"1479\">Fermoir <strong data-start=\"1416\" data-end=\"1428\">Triomphe<\/strong> inspir\u00e9 des grilles de l\u2019Arc de Triomphe \u00e0 Paris<\/p>\n<\/li>\n<li data-start=\"1480\" data-end=\"1545\">\n<p data-start=\"1482\" data-end=\"1545\"><strong data-start=\"1482\" data-end=\"1500\">Lignes \u00e9pur\u00e9es<\/strong> et silhouette structur\u00e9e, signature C\u00e9line<\/p>\n<\/li>\n<li data-start=\"1546\" data-end=\"1627\">\n<p data-start=\"1548\" data-end=\"1627\">Taille medium id\u00e9ale pour un usage quotidien, du bureau aux sorties habill\u00e9es<\/p>\n<\/li>\n<li data-start=\"1628\" data-end=\"1674\">\n<p data-start=\"1630\" data-end=\"1674\">Style minimaliste qui traverse les tendances<\/p>\n<\/li>\n<\/ul>\n<hr data-start=\"1676\" data-end=\"1679\" \/>\n<h3 data-start=\"1681\" data-end=\"1718\">Le cuir Box : noble et intemporel<\/h3>\n<ul data-start=\"1720\" data-end=\"1952\">\n<li data-start=\"1720\" data-end=\"1783\">\n<p data-start=\"1722\" data-end=\"1783\"><strong data-start=\"1722\" data-end=\"1736\">Veau lisse<\/strong>, au toucher soyeux et \u00e0 la brillance subtile<\/p>\n<\/li>\n<li data-start=\"1784\" data-end=\"1817\">\n<p data-start=\"1786\" data-end=\"1817\">Patine \u00e9l\u00e9gante avec le temps<\/p>\n<\/li>\n<li data-start=\"1818\" data-end=\"1875\">\n<p data-start=\"1820\" data-end=\"1875\">Appr\u00e9ci\u00e9 pour son <strong data-start=\"1838\" data-end=\"1873\">aspect structur\u00e9 et sophistiqu\u00e9<\/strong><\/p>\n<\/li>\n<li data-start=\"1876\" data-end=\"1952\">\n<p data-start=\"1878\" data-end=\"1952\">Ici associ\u00e9 \u00e0 des <strong data-start=\"1896\" data-end=\"1916\">finitions dor\u00e9es<\/strong>, pour un contraste chic et lumineux<\/p>\n<\/li>\n<\/ul>\n<hr data-start=\"1954\" data-end=\"1957\" \/>\n<h3 data-start=\"1959\" data-end=\"1990\">Caract\u00e9ristiques du produit<\/h3>\n<ul data-start=\"1992\" data-end=\"2364\">\n<li data-start=\"1992\" data-end=\"2015\">\n<p data-start=\"1994\" data-end=\"2015\"><strong data-start=\"1994\" data-end=\"2006\">Marque :<\/strong> C\u00e9line<\/p>\n<\/li>\n<li data-start=\"2016\" data-end=\"2041\">\n<p data-start=\"2018\" data-end=\"2041\"><strong data-start=\"2018\" data-end=\"2030\">Mod\u00e8le :<\/strong> Triomphe<\/p>\n<\/li>\n<li data-start=\"2042\" data-end=\"2065\">\n<p data-start=\"2044\" data-end=\"2065\"><strong data-start=\"2044\" data-end=\"2056\">Taille :<\/strong> Medium<\/p>\n<\/li>\n<li data-start=\"2066\" data-end=\"2092\">\n<p data-start=\"2068\" data-end=\"2092\"><strong data-start=\"2068\" data-end=\"2081\">Mati\u00e8re :<\/strong> Cuir Box<\/p>\n<\/li>\n<li data-start=\"2093\" data-end=\"2115\">\n<p data-start=\"2095\" data-end=\"2115\"><strong data-start=\"2095\" data-end=\"2108\">Couleur :<\/strong> Noir<\/p>\n<\/li>\n<li data-start=\"2116\" data-end=\"2142\">\n<p data-start=\"2118\" data-end=\"2142\"><strong data-start=\"2118\" data-end=\"2133\">Finitions :<\/strong> Dor\u00e9es<\/p>\n<\/li>\n<li data-start=\"2143\" data-end=\"2201\">\n<p data-start=\"2145\" data-end=\"2201\"><strong data-start=\"2145\" data-end=\"2156\">Port\u00e9 :<\/strong> \u00c9paule ou crossbody (bandouli\u00e8re r\u00e9glable)<\/p>\n<\/li>\n<li data-start=\"2202\" data-end=\"2287\">\n<p data-start=\"2204\" data-end=\"2287\"><strong data-start=\"2204\" data-end=\"2214\">\u00c9tat :<\/strong> Excellent \u2013 cuir impeccable, quincaillerie brillante, int\u00e9rieur propre<\/p>\n<\/li>\n<li data-start=\"2288\" data-end=\"2364\">\n<p data-start=\"2290\" data-end=\"2364\"><strong data-start=\"2290\" data-end=\"2312\">Authentification :<\/strong> Certifi\u00e9 \u2013 livr\u00e9 avec certificat TheVintageTraveler<\/p>\n<\/li>\n<\/ul>\n<hr data-start=\"2366\" data-end=\"2369\" \/>\n<h3 data-start=\"2371\" data-end=\"2402\">Un sac versatile et \u00e9l\u00e9gant<\/h3>\n<p data-start=\"2404\" data-end=\"2416\">Id\u00e9al pour :<\/p>\n<ul data-start=\"2418\" data-end=\"2698\">\n<li data-start=\"2418\" data-end=\"2494\">\n<p data-start=\"2420\" data-end=\"2494\"><strong data-start=\"2420\" data-end=\"2453\">Accompagner toutes les tenues<\/strong>, du look casual chic \u00e0 la robe du soir<\/p>\n<\/li>\n<li data-start=\"2495\" data-end=\"2562\">\n<p data-start=\"2497\" data-end=\"2562\"><strong data-start=\"2497\" data-end=\"2525\">Voyager l\u00e9ger avec style<\/strong>, gr\u00e2ce \u00e0 sa taille medium pratique<\/p>\n<\/li>\n<li data-start=\"2563\" data-end=\"2614\">\n<p data-start=\"2565\" data-end=\"2614\">\u00catre port\u00e9 au quotidien sans perdre en \u00e9l\u00e9gance<\/p>\n<\/li>\n<li data-start=\"2615\" data-end=\"2698\">\n<p data-start=\"2617\" data-end=\"2698\"><strong data-start=\"2617\" data-end=\"2655\">Investir dans un mod\u00e8le intemporel<\/strong>, toujours en demande sur le march\u00e9 du <a href=\"https:\/\/thevintagetraveler.com\/rachat-sac-hermes\/\">luxe<\/a><\/p>\n<\/li>\n<\/ul>\n<hr data-start=\"2700\" data-end=\"2703\" \/>\n<h3 data-start=\"2705\" data-end=\"2769\">Pourquoi investir dans un C\u00e9line Triomphe en cuir Box noir ?<\/h3>\n<ul data-start=\"2771\" data-end=\"3044\">\n<li data-start=\"2771\" data-end=\"2814\">\n<p data-start=\"2773\" data-end=\"2814\"><strong data-start=\"2773\" data-end=\"2792\">Mod\u00e8le iconique<\/strong> de la maison C\u00e9line<\/p>\n<\/li>\n<li data-start=\"2815\" data-end=\"2883\">\n<p data-start=\"2817\" data-end=\"2883\"><strong data-start=\"2817\" data-end=\"2849\">Cuir Box noir + finitions or<\/strong>, combinaison chic et recherch\u00e9e<\/p>\n<\/li>\n<li data-start=\"2884\" data-end=\"2926\">\n<p data-start=\"2886\" data-end=\"2926\"><strong data-start=\"2886\" data-end=\"2903\">Taille medium<\/strong>, la plus polyvalente<\/p>\n<\/li>\n<li data-start=\"2927\" data-end=\"2978\">\n<p data-start=\"2929\" data-end=\"2978\"><strong data-start=\"2929\" data-end=\"2947\">Excellent \u00e9tat<\/strong>, gage de valeur \u00e0 la revente<\/p>\n<\/li>\n<li data-start=\"2979\" data-end=\"3044\">\n<p data-start=\"2981\" data-end=\"3044\"><strong data-start=\"2981\" data-end=\"3001\">Style intemporel<\/strong>, qui traverse les saisons et les tendances<\/p>\n<\/li>\n<\/ul>\n<hr data-start=\"3046\" data-end=\"3049\" \/>\n<h3 data-start=\"3051\" data-end=\"3097\">Pourquoi acheter chez TheVintageTraveler ?<\/h3>\n<p data-start=\"3099\" data-end=\"3151\">Chez <strong data-start=\"3104\" data-end=\"3126\">TheVintageTraveler<\/strong>, chaque sac C\u00e9line est :<\/p>\n<ul data-start=\"3153\" data-end=\"3436\">\n<li data-start=\"3153\" data-end=\"3213\">\n<p data-start=\"3155\" data-end=\"3213\"><strong data-start=\"3155\" data-end=\"3185\">Authentifi\u00e9 minutieusement<\/strong>, \u00e9tat et origine v\u00e9rifi\u00e9s<\/p>\n<\/li>\n<li data-start=\"3214\" data-end=\"3275\">\n<p data-start=\"3216\" data-end=\"3275\">S\u00e9lectionn\u00e9 pour son <strong data-start=\"3237\" data-end=\"3273\">int\u00e9r\u00eat stylistique et sa raret\u00e9<\/strong><\/p>\n<\/li>\n<li data-start=\"3276\" data-end=\"3320\">\n<p data-start=\"3278\" data-end=\"3320\">Livr\u00e9 avec <strong data-start=\"3289\" data-end=\"3318\">certificat d\u2019authenticit\u00e9<\/strong><\/p>\n<\/li>\n<li data-start=\"3321\" data-end=\"3436\">\n<p data-start=\"3323\" data-end=\"3436\">Disponible en <strong data-start=\"3337\" data-end=\"3388\">retrait showroom (March\u00e9 Serpette \u2013 Saint-Ouen)<\/strong> ou <strong data-start=\"3392\" data-end=\"3436\">livraison s\u00e9curis\u00e9e dans le monde entier<\/strong><\/p>\n<\/li>\n<\/ul>\n<hr data-start=\"3438\" data-end=\"3441\" \/>\n<h3 data-start=\"3443\" data-end=\"3457\">Conclusion<\/h3>\n<p data-start=\"3459\" data-end=\"3770\">Ce <strong data-start=\"3462\" data-end=\"3499\">sac C\u00e9line Triomphe taille medium<\/strong>, en <strong data-start=\"3504\" data-end=\"3543\">cuir Box noir avec finitions dor\u00e9es<\/strong>, est une <strong data-start=\"3553\" data-end=\"3583\">pi\u00e8ce \u00e9l\u00e9gante et raffin\u00e9e<\/strong>, parfaite pour un usage quotidien chic ou pour enrichir une collection de sacs intemporels. En <strong data-start=\"3679\" data-end=\"3697\">excellent \u00e9tat<\/strong>, il repr\u00e9sente un <strong data-start=\"3716\" data-end=\"3769\">investissement s\u00fbr dans l\u2019univers du luxe vintage<\/strong>.<\/p>\n<p>Suivez &#8211; nous sur <a href=\"https:\/\/www.facebook.com\/TheVintageTravelerFR\">Facebook<\/a> et <a href=\"https:\/\/www.instagram.com\/the_vintagetraveler\/?igsh=aXdsbDJkdnpwZjcx#\">Instagram<\/a><\/p>\n","protected":false},"excerpt":{"rendered":"<p>Sac C\u00e9line Triomphe medium en cuir Box noir, finitions or. Excellent \u00e9tat. \u00c9l\u00e9gant, intemporel et certifi\u00e9. Parfait pour collection et usage quotidien.<\/p>\n","protected":false},"featured_media":5527,"template":"","meta":[],"product_brand":[],"product_cat":[196,140,112],"product_tag":[205,206,207],"class_list":{"0":"post-5521","1":"product","2":"type-product","3":"status-publish","4":"has-post-thumbnail","6":"product_cat-celine","7":"product_cat-nouveautes","8":"product_cat-sacs","9":"product_tag-celine","10":"product_tag-celinebag","11":"product_tag-celinetriomphe","13":"first","14":"outofstock","15":"sold-individually","16":"shipping-taxable","17":"product-type-simple"},"yoast_head":"<!-- This site is optimized with the Yoast SEO plugin v27.1.1 - https:\/\/yoast.com\/product\/yoast-seo-wordpress\/ -->\n<title>C\u00e9line Triomphe Medium Cuir Box Noir Or | TheVintageTraveler<\/title>\n<meta name=\"description\" content=\"Sac C\u00e9line Triomphe medium en cuir Box noir, finitions or. Excellent \u00e9tat. Pi\u00e8ce chic et intemporelle. Certifi\u00e9. Parfait pour un usage quotidien.\" \/>\n<meta name=\"robots\" content=\"index, follow, max-snippet:-1, max-image-preview:large, max-video-preview:-1\" \/>\n<link rel=\"canonical\" href=\"https:\/\/thevintagetraveler.com\/en\/produit\/celine-triomphe-medium-cuir-box-noir-or\/\" \/>\n<meta property=\"og:locale\" content=\"en_US\" \/>\n<meta property=\"og:type\" content=\"article\" \/>\n<meta property=\"og:title\" content=\"C\u00e9line Triomphe Medium Cuir Box Noir Or | TheVintageTraveler\" \/>\n<meta property=\"og:description\" content=\"Sac C\u00e9line Triomphe medium en cuir Box noir, finitions or. Excellent \u00e9tat. Pi\u00e8ce chic et intemporelle. Certifi\u00e9. Parfait pour un usage quotidien.\" \/>\n<meta property=\"og:url\" content=\"https:\/\/thevintagetraveler.com\/en\/produit\/celine-triomphe-medium-cuir-box-noir-or\/\" \/>\n<meta property=\"og:site_name\" content=\"TheVintageTraveler\" \/>\n<meta property=\"article:publisher\" content=\"https:\/\/www.facebook.com\/TheVintageTravelerFR\/\" \/>\n<meta property=\"article:modified_time\" content=\"2025-09-23T16:02:06+00:00\" \/>\n<meta property=\"og:image\" content=\"https:\/\/thevintagetraveler.com\/wp-content\/uploads\/2025\/08\/image00014.jpeg\" \/>\n\t<meta property=\"og:image:width\" content=\"1800\" \/>\n\t<meta property=\"og:image:height\" content=\"2400\" \/>\n\t<meta property=\"og:image:type\" content=\"image\/jpeg\" \/>\n<meta name=\"twitter:card\" content=\"summary_large_image\" \/>\n<meta name=\"twitter:label1\" content=\"Est. reading time\" \/>\n\t<meta name=\"twitter:data1\" content=\"3 minutes\" \/>\n<script type=\"application\/ld+json\" class=\"yoast-schema-graph\">{\"@context\":\"https:\/\/schema.org\",\"@graph\":[{\"@type\":\"WebPage\",\"@id\":\"https:\/\/thevintagetraveler.com\/en\/produit\/celine-triomphe-medium-cuir-box-noir-or\/\",\"url\":\"https:\/\/thevintagetraveler.com\/en\/produit\/celine-triomphe-medium-cuir-box-noir-or\/\",\"name\":\"C\u00e9line Triomphe Medium Cuir Box Noir Or | TheVintageTraveler\",\"isPartOf\":{\"@id\":\"https:\/\/thevintagetraveler.com\/en\/#website\"},\"primaryImageOfPage\":{\"@id\":\"https:\/\/thevintagetraveler.com\/en\/produit\/celine-triomphe-medium-cuir-box-noir-or\/#primaryimage\"},\"image\":{\"@id\":\"https:\/\/thevintagetraveler.com\/en\/produit\/celine-triomphe-medium-cuir-box-noir-or\/#primaryimage\"},\"thumbnailUrl\":\"https:\/\/thevintagetraveler.com\/wp-content\/uploads\/2025\/08\/image00014.jpeg\",\"datePublished\":\"2024-08-09T12:19:56+00:00\",\"dateModified\":\"2025-09-23T16:02:06+00:00\",\"description\":\"Sac C\u00e9line Triomphe medium en cuir Box noir, finitions or. Excellent \u00e9tat. Pi\u00e8ce chic et intemporelle. Certifi\u00e9. Parfait pour un usage quotidien.\",\"breadcrumb\":{\"@id\":\"https:\/\/thevintagetraveler.com\/en\/produit\/celine-triomphe-medium-cuir-box-noir-or\/#breadcrumb\"},\"inLanguage\":\"en-US\",\"potentialAction\":[{\"@type\":\"ReadAction\",\"target\":[\"https:\/\/thevintagetraveler.com\/en\/produit\/celine-triomphe-medium-cuir-box-noir-or\/\"]}]},{\"@type\":\"ImageObject\",\"inLanguage\":\"en-US\",\"@id\":\"https:\/\/thevintagetraveler.com\/en\/produit\/celine-triomphe-medium-cuir-box-noir-or\/#primaryimage\",\"url\":\"https:\/\/thevintagetraveler.com\/wp-content\/uploads\/2025\/08\/image00014.jpeg\",\"contentUrl\":\"https:\/\/thevintagetraveler.com\/wp-content\/uploads\/2025\/08\/image00014.jpeg\",\"width\":1800,\"height\":2400,\"caption\":\"sac C\u00e9line Triomphe medium cuir Box noir or\"},{\"@type\":\"BreadcrumbList\",\"@id\":\"https:\/\/thevintagetraveler.com\/en\/produit\/celine-triomphe-medium-cuir-box-noir-or\/#breadcrumb\",\"itemListElement\":[{\"@type\":\"ListItem\",\"position\":1,\"name\":\"Accueil\",\"item\":\"https:\/\/thevintagetraveler.com\/en\/\"},{\"@type\":\"ListItem\",\"position\":2,\"name\":\"Shop\",\"item\":\"https:\/\/thevintagetraveler.com\/shop\/\"},{\"@type\":\"ListItem\",\"position\":3,\"name\":\"Sac C\u00e9line triomphe medium noir\"}]},{\"@type\":\"WebSite\",\"@id\":\"https:\/\/thevintagetraveler.com\/en\/#website\",\"url\":\"https:\/\/thevintagetraveler.com\/en\/\",\"name\":\"TheVintageTraveler\",\"description\":\"Luxury experts in Louis Vuitton, Chanel &amp; Herm\u00e8s\",\"publisher\":{\"@id\":\"https:\/\/thevintagetraveler.com\/en\/#organization\"},\"potentialAction\":[{\"@type\":\"SearchAction\",\"target\":{\"@type\":\"EntryPoint\",\"urlTemplate\":\"https:\/\/thevintagetraveler.com\/en\/?s={search_term_string}\"},\"query-input\":{\"@type\":\"PropertyValueSpecification\",\"valueRequired\":true,\"valueName\":\"search_term_string\"}}],\"inLanguage\":\"en-US\"},{\"@type\":\"Organization\",\"@id\":\"https:\/\/thevintagetraveler.com\/en\/#organization\",\"name\":\"TheVintageTraveler\",\"url\":\"https:\/\/thevintagetraveler.com\/en\/\",\"logo\":{\"@type\":\"ImageObject\",\"inLanguage\":\"en-US\",\"@id\":\"https:\/\/thevintagetraveler.com\/en\/#\/schema\/logo\/image\/\",\"url\":\"https:\/\/thevintagetraveler.com\/wp-content\/uploads\/2025\/04\/LOGO-THE-VINTAGE-TRAVELER-FINAL-e1745392697678.png\",\"contentUrl\":\"https:\/\/thevintagetraveler.com\/wp-content\/uploads\/2025\/04\/LOGO-THE-VINTAGE-TRAVELER-FINAL-e1745392697678.png\",\"width\":798,\"height\":318,\"caption\":\"TheVintageTraveler\"},\"image\":{\"@id\":\"https:\/\/thevintagetraveler.com\/en\/#\/schema\/logo\/image\/\"},\"sameAs\":[\"https:\/\/www.facebook.com\/TheVintageTravelerFR\/\",\"https:\/\/www.instagram.com\/the_vintagetraveler\"]}]}<\/script>\n<!-- \/ Yoast SEO plugin. -->","yoast_head_json":{"title":"C\u00e9line Triomphe Medium Cuir Box Noir Or | TheVintageTraveler","description":"Sac C\u00e9line Triomphe medium en cuir Box noir, finitions or. Excellent \u00e9tat. Pi\u00e8ce chic et intemporelle. Certifi\u00e9. Parfait pour un usage quotidien.","robots":{"index":"index","follow":"follow","max-snippet":"max-snippet:-1","max-image-preview":"max-image-preview:large","max-video-preview":"max-video-preview:-1"},"canonical":"https:\/\/thevintagetraveler.com\/en\/produit\/celine-triomphe-medium-cuir-box-noir-or\/","og_locale":"en_US","og_type":"article","og_title":"C\u00e9line Triomphe Medium Cuir Box Noir Or | TheVintageTraveler","og_description":"Sac C\u00e9line Triomphe medium en cuir Box noir, finitions or. Excellent \u00e9tat. Pi\u00e8ce chic et intemporelle. Certifi\u00e9. Parfait pour un usage quotidien.","og_url":"https:\/\/thevintagetraveler.com\/en\/produit\/celine-triomphe-medium-cuir-box-noir-or\/","og_site_name":"TheVintageTraveler","article_publisher":"https:\/\/www.facebook.com\/TheVintageTravelerFR\/","article_modified_time":"2025-09-23T16:02:06+00:00","og_image":[{"width":1800,"height":2400,"url":"https:\/\/thevintagetraveler.com\/wp-content\/uploads\/2025\/08\/image00014.jpeg","type":"image\/jpeg"}],"twitter_card":"summary_large_image","twitter_misc":{"Est. reading time":"3 minutes"},"schema":{"@context":"https:\/\/schema.org","@graph":[{"@type":"WebPage","@id":"https:\/\/thevintagetraveler.com\/en\/produit\/celine-triomphe-medium-cuir-box-noir-or\/","url":"https:\/\/thevintagetraveler.com\/en\/produit\/celine-triomphe-medium-cuir-box-noir-or\/","name":"C\u00e9line Triomphe Medium Cuir Box Noir Or | TheVintageTraveler","isPartOf":{"@id":"https:\/\/thevintagetraveler.com\/en\/#website"},"primaryImageOfPage":{"@id":"https:\/\/thevintagetraveler.com\/en\/produit\/celine-triomphe-medium-cuir-box-noir-or\/#primaryimage"},"image":{"@id":"https:\/\/thevintagetraveler.com\/en\/produit\/celine-triomphe-medium-cuir-box-noir-or\/#primaryimage"},"thumbnailUrl":"https:\/\/thevintagetraveler.com\/wp-content\/uploads\/2025\/08\/image00014.jpeg","datePublished":"2024-08-09T12:19:56+00:00","dateModified":"2025-09-23T16:02:06+00:00","description":"Sac C\u00e9line Triomphe medium en cuir Box noir, finitions or. Excellent \u00e9tat. Pi\u00e8ce chic et intemporelle. Certifi\u00e9. Parfait pour un usage quotidien.","breadcrumb":{"@id":"https:\/\/thevintagetraveler.com\/en\/produit\/celine-triomphe-medium-cuir-box-noir-or\/#breadcrumb"},"inLanguage":"en-US","potentialAction":[{"@type":"ReadAction","target":["https:\/\/thevintagetraveler.com\/en\/produit\/celine-triomphe-medium-cuir-box-noir-or\/"]}]},{"@type":"ImageObject","inLanguage":"en-US","@id":"https:\/\/thevintagetraveler.com\/en\/produit\/celine-triomphe-medium-cuir-box-noir-or\/#primaryimage","url":"https:\/\/thevintagetraveler.com\/wp-content\/uploads\/2025\/08\/image00014.jpeg","contentUrl":"https:\/\/thevintagetraveler.com\/wp-content\/uploads\/2025\/08\/image00014.jpeg","width":1800,"height":2400,"caption":"sac C\u00e9line Triomphe medium cuir Box noir or"},{"@type":"BreadcrumbList","@id":"https:\/\/thevintagetraveler.com\/en\/produit\/celine-triomphe-medium-cuir-box-noir-or\/#breadcrumb","itemListElement":[{"@type":"ListItem","position":1,"name":"Accueil","item":"https:\/\/thevintagetraveler.com\/en\/"},{"@type":"ListItem","position":2,"name":"Shop","item":"https:\/\/thevintagetraveler.com\/shop\/"},{"@type":"ListItem","position":3,"name":"Sac C\u00e9line triomphe medium noir"}]},{"@type":"WebSite","@id":"https:\/\/thevintagetraveler.com\/en\/#website","url":"https:\/\/thevintagetraveler.com\/en\/","name":"TheVintageTraveler","description":"Luxury experts in Louis Vuitton, Chanel &amp; Herm\u00e8s","publisher":{"@id":"https:\/\/thevintagetraveler.com\/en\/#organization"},"potentialAction":[{"@type":"SearchAction","target":{"@type":"EntryPoint","urlTemplate":"https:\/\/thevintagetraveler.com\/en\/?s={search_term_string}"},"query-input":{"@type":"PropertyValueSpecification","valueRequired":true,"valueName":"search_term_string"}}],"inLanguage":"en-US"},{"@type":"Organization","@id":"https:\/\/thevintagetraveler.com\/en\/#organization","name":"TheVintageTraveler","url":"https:\/\/thevintagetraveler.com\/en\/","logo":{"@type":"ImageObject","inLanguage":"en-US","@id":"https:\/\/thevintagetraveler.com\/en\/#\/schema\/logo\/image\/","url":"https:\/\/thevintagetraveler.com\/wp-content\/uploads\/2025\/04\/LOGO-THE-VINTAGE-TRAVELER-FINAL-e1745392697678.png","contentUrl":"https:\/\/thevintagetraveler.com\/wp-content\/uploads\/2025\/04\/LOGO-THE-VINTAGE-TRAVELER-FINAL-e1745392697678.png","width":798,"height":318,"caption":"TheVintageTraveler"},"image":{"@id":"https:\/\/thevintagetraveler.com\/en\/#\/schema\/logo\/image\/"},"sameAs":["https:\/\/www.facebook.com\/TheVintageTravelerFR\/","https:\/\/www.instagram.com\/the_vintagetraveler"]}]}},"_links":{"self":[{"href":"https:\/\/thevintagetraveler.com\/en\/wp-json\/wp\/v2\/product\/5521","targetHints":{"allow":["GET"]}}],"collection":[{"href":"https:\/\/thevintagetraveler.com\/en\/wp-json\/wp\/v2\/product"}],"about":[{"href":"https:\/\/thevintagetraveler.com\/en\/wp-json\/wp\/v2\/types\/product"}],"wp:featuredmedia":[{"embeddable":true,"href":"https:\/\/thevintagetraveler.com\/en\/wp-json\/wp\/v2\/media\/5527"}],"wp:attachment":[{"href":"https:\/\/thevintagetraveler.com\/en\/wp-json\/wp\/v2\/media?parent=5521"}],"wp:term":[{"taxonomy":"product_brand","embeddable":true,"href":"https:\/\/thevintagetraveler.com\/en\/wp-json\/wp\/v2\/product_brand?post=5521"},{"taxonomy":"product_cat","embeddable":true,"href":"https:\/\/thevintagetraveler.com\/en\/wp-json\/wp\/v2\/product_cat?post=5521"},{"taxonomy":"product_tag","embeddable":true,"href":"https:\/\/thevintagetraveler.com\/en\/wp-json\/wp\/v2\/product_tag?post=5521"}],"curies":[{"name":"wp","href":"https:\/\/api.w.org\/{rel}","templated":true}]}}