{"id":5543,"date":"2025-08-09T14:36:31","date_gmt":"2025-08-09T12:36:31","guid":{"rendered":"https:\/\/thevintagetraveler.com\/?post_type=product&#038;p=5543"},"modified":"2025-08-09T14:45:43","modified_gmt":"2025-08-09T12:45:43","slug":"chanel-diana-small-cuir-agneau-noir-or-24k","status":"publish","type":"product","link":"https:\/\/thevintagetraveler.com\/en\/produit\/chanel-diana-small-cuir-agneau-noir-or-24k\/","title":{"rendered":"Sac Chanel Diana small noir"},"content":{"rendered":"<hr data-start=\"986\" data-end=\"989\" \/>\n<h3 data-start=\"1063\" data-end=\"1139\">Sac Chanel Diana Small \u2013 Cuir d\u2019Agneau Noir, Finitions Or 24k, 1994\u20131996<\/h3>\n<p data-start=\"1141\" data-end=\"1481\">Ce <strong data-start=\"1144\" data-end=\"1160\">Chanel Diana<\/strong> en <strong data-start=\"1164\" data-end=\"1180\">taille small<\/strong>, r\u00e9alis\u00e9 en <strong data-start=\"1193\" data-end=\"1215\">cuir d\u2019agneau noir<\/strong> avec <strong data-start=\"1221\" data-end=\"1254\">finitions plaqu\u00e9 or 24 carats<\/strong>, est l\u2019une des pi\u00e8ces les plus embl\u00e9matiques et recherch\u00e9es de la maison <a href=\"https:\/\/thevintagetraveler.com\/rachat-sac-chanel\/\">Chanel<\/a>. Dat\u00e9 de <strong data-start=\"1344\" data-end=\"1357\">1994\u20131996<\/strong>, il est propos\u00e9 ici dans un <strong data-start=\"1386\" data-end=\"1405\">\u00e9tat magnifique<\/strong>, id\u00e9al pour les collectionneurs et les amatrices de sacs vintage de luxe.<\/p>\n<hr data-start=\"1483\" data-end=\"1486\" \/>\n<h3 data-start=\"1488\" data-end=\"1515\">L\u2019histoire du sac Diana<\/h3>\n<ul data-start=\"1517\" data-end=\"1895\">\n<li data-start=\"1517\" data-end=\"1615\">\n<p data-start=\"1519\" data-end=\"1615\">Cr\u00e9\u00e9 dans les ann\u00e9es 90 et popularis\u00e9 par <strong data-start=\"1561\" data-end=\"1583\">la Princesse Diana<\/strong>, qui le portait r\u00e9guli\u00e8rement<\/p>\n<\/li>\n<li data-start=\"1616\" data-end=\"1710\">\n<p data-start=\"1618\" data-end=\"1710\">Design proche du <strong data-start=\"1635\" data-end=\"1651\">Classic Flap<\/strong>, mais avec un rabat arrondi et une silhouette plus douce<\/p>\n<\/li>\n<li data-start=\"1711\" data-end=\"1818\">\n<p data-start=\"1713\" data-end=\"1818\">Produit en quantit\u00e9s limit\u00e9es, arr\u00eat\u00e9 \u00e0 la fin des ann\u00e9es 90, ce qui le rend aujourd\u2019hui tr\u00e8s recherch\u00e9<\/p>\n<\/li>\n<li data-start=\"1819\" data-end=\"1895\">\n<p data-start=\"1821\" data-end=\"1895\">Ic\u00f4ne <strong data-start=\"1827\" data-end=\"1843\">vintage chic<\/strong>, pris\u00e9e pour sa raret\u00e9 et son \u00e9l\u00e9gance intemporelle<\/p>\n<\/li>\n<\/ul>\n<hr data-start=\"1897\" data-end=\"1900\" \/>\n<h3 data-start=\"1902\" data-end=\"1953\">Le cuir d\u2019agneau et les finitions plaqu\u00e9 or 24k<\/h3>\n<ul data-start=\"1955\" data-end=\"2276\">\n<li data-start=\"1955\" data-end=\"2040\">\n<p data-start=\"1957\" data-end=\"2040\"><strong data-start=\"1957\" data-end=\"1974\">Cuir d\u2019agneau<\/strong> : souple, lisse et au toucher luxueux, signe des Chanel vintage<\/p>\n<\/li>\n<li data-start=\"2041\" data-end=\"2093\">\n<p data-start=\"2043\" data-end=\"2093\"><strong data-start=\"2043\" data-end=\"2068\">Teinte noire profonde<\/strong>, versatile et \u00e9l\u00e9gante<\/p>\n<\/li>\n<li data-start=\"2094\" data-end=\"2215\">\n<p data-start=\"2096\" data-end=\"2215\"><strong data-start=\"2096\" data-end=\"2123\">Finitions plaqu\u00e9 or 24k<\/strong> : signature des Chanel produits avant 2008, offrant un \u00e9clat et une durabilit\u00e9 sup\u00e9rieurs<\/p>\n<\/li>\n<li data-start=\"2216\" data-end=\"2276\">\n<p data-start=\"2218\" data-end=\"2276\"><strong data-start=\"2218\" data-end=\"2247\">Cha\u00eene entrelac\u00e9e de cuir<\/strong> pour un port\u00e9 \u00e9paule \u00e9l\u00e9gant<\/p>\n<\/li>\n<\/ul>\n<hr data-start=\"2278\" data-end=\"2281\" \/>\n<h3 data-start=\"2283\" data-end=\"2314\">Caract\u00e9ristiques du produit<\/h3>\n<ul data-start=\"2316\" data-end=\"2742\">\n<li data-start=\"2316\" data-end=\"2339\">\n<p data-start=\"2318\" data-end=\"2339\"><strong data-start=\"2318\" data-end=\"2330\">Marque :<\/strong> Chanel<\/p>\n<\/li>\n<li data-start=\"2340\" data-end=\"2377\">\n<p data-start=\"2342\" data-end=\"2377\"><strong data-start=\"2342\" data-end=\"2354\">Mod\u00e8le :<\/strong> Diana \u2013 taille small<\/p>\n<\/li>\n<li data-start=\"2378\" data-end=\"2430\">\n<p data-start=\"2380\" data-end=\"2430\"><strong data-start=\"2380\" data-end=\"2391\">Ann\u00e9e :<\/strong> 1994\u20131996 (num\u00e9ro de s\u00e9rie confirm\u00e9)<\/p>\n<\/li>\n<li data-start=\"2431\" data-end=\"2462\">\n<p data-start=\"2433\" data-end=\"2462\"><strong data-start=\"2433\" data-end=\"2446\">Mati\u00e8re :<\/strong> Cuir d\u2019agneau<\/p>\n<\/li>\n<li data-start=\"2463\" data-end=\"2485\">\n<p data-start=\"2465\" data-end=\"2485\"><strong data-start=\"2465\" data-end=\"2478\">Couleur :<\/strong> Noir<\/p>\n<\/li>\n<li data-start=\"2486\" data-end=\"2525\">\n<p data-start=\"2488\" data-end=\"2525\"><strong data-start=\"2488\" data-end=\"2503\">Finitions :<\/strong> Plaqu\u00e9 or 24 carats<\/p>\n<\/li>\n<li data-start=\"2526\" data-end=\"2569\">\n<p data-start=\"2528\" data-end=\"2569\"><strong data-start=\"2528\" data-end=\"2543\">Fermeture :<\/strong> Tourniquet signature CC<\/p>\n<\/li>\n<li data-start=\"2570\" data-end=\"2592\">\n<p data-start=\"2572\" data-end=\"2592\"><strong data-start=\"2572\" data-end=\"2583\">Port\u00e9 :<\/strong> \u00c9paule<\/p>\n<\/li>\n<li data-start=\"2593\" data-end=\"2665\">\n<p data-start=\"2595\" data-end=\"2665\"><strong data-start=\"2595\" data-end=\"2605\">\u00c9tat :<\/strong> Magnifique \u2013 cuir souple, structure ferme, m\u00e9tal brillant<\/p>\n<\/li>\n<li data-start=\"2666\" data-end=\"2742\">\n<p data-start=\"2668\" data-end=\"2742\"><strong data-start=\"2668\" data-end=\"2690\">Authentification :<\/strong> Certifi\u00e9 \u2013 livr\u00e9 avec certificat TheVintageTraveler<\/p>\n<\/li>\n<\/ul>\n<hr data-start=\"2744\" data-end=\"2747\" \/>\n<h3 data-start=\"2749\" data-end=\"2802\">Pourquoi ce sac est un excellent investissement ?<\/h3>\n<ul data-start=\"2804\" data-end=\"3122\">\n<li data-start=\"2804\" data-end=\"2879\">\n<p data-start=\"2806\" data-end=\"2879\"><strong data-start=\"2806\" data-end=\"2835\">Mod\u00e8le iconique et arr\u00eat\u00e9<\/strong>, avec forte demande sur le march\u00e9 vintage<\/p>\n<\/li>\n<li data-start=\"2880\" data-end=\"2931\">\n<p data-start=\"2882\" data-end=\"2931\"><strong data-start=\"2882\" data-end=\"2899\">Finitions 24k<\/strong>, gage de qualit\u00e9 et de raret\u00e9<\/p>\n<\/li>\n<li data-start=\"2932\" data-end=\"3003\">\n<p data-start=\"2934\" data-end=\"3003\"><strong data-start=\"2934\" data-end=\"2950\">Taille small<\/strong>, tr\u00e8s recherch\u00e9e pour son \u00e9l\u00e9gance et sa praticit\u00e9<\/p>\n<\/li>\n<li data-start=\"3004\" data-end=\"3063\">\n<p data-start=\"3006\" data-end=\"3063\"><strong data-start=\"3006\" data-end=\"3027\">\u00c9tat exceptionnel<\/strong>, crit\u00e8re cl\u00e9 pour la valorisation<\/p>\n<\/li>\n<li data-start=\"3064\" data-end=\"3122\">\n<p data-start=\"3066\" data-end=\"3122\">Associ\u00e9 \u00e0 l\u2019image intemporelle de la <strong data-start=\"3103\" data-end=\"3122\">Princesse Diana<\/strong><\/p>\n<\/li>\n<\/ul>\n<hr data-start=\"3124\" data-end=\"3127\" \/>\n<h3 data-start=\"3129\" data-end=\"3183\">Un sac pour collectionneuse et amatrice de vintage<\/h3>\n<p data-start=\"3185\" data-end=\"3227\">Ce Chanel Diana small est parfait pour :<\/p>\n<ul data-start=\"3229\" data-end=\"3465\">\n<li data-start=\"3229\" data-end=\"3298\">\n<p data-start=\"3231\" data-end=\"3298\"><strong data-start=\"3231\" data-end=\"3268\">Les passionn\u00e9es de Chanel vintage<\/strong> recherchant une pi\u00e8ce culte<\/p>\n<\/li>\n<li data-start=\"3299\" data-end=\"3352\">\n<p data-start=\"3301\" data-end=\"3352\"><strong data-start=\"3301\" data-end=\"3330\">Investir dans un sac rare<\/strong> \u00e0 valeur croissante<\/p>\n<\/li>\n<li data-start=\"3353\" data-end=\"3403\">\n<p data-start=\"3355\" data-end=\"3403\">Porter un accessoire \u00e9l\u00e9gant en toute occasion<\/p>\n<\/li>\n<li data-start=\"3404\" data-end=\"3465\">\n<p data-start=\"3406\" data-end=\"3465\"><strong data-start=\"3406\" data-end=\"3434\">Conserver ou transmettre<\/strong> un patrimoine mode d\u2019exception<\/p>\n<\/li>\n<\/ul>\n<hr data-start=\"3467\" data-end=\"3470\" \/>\n<h3 data-start=\"3472\" data-end=\"3518\">Pourquoi acheter chez TheVintageTraveler ?<\/h3>\n<p data-start=\"3520\" data-end=\"3574\">Chez <strong data-start=\"3525\" data-end=\"3547\">TheVintageTraveler<\/strong>, chaque sac Chanel est :<\/p>\n<ul data-start=\"3576\" data-end=\"3887\">\n<li data-start=\"3576\" data-end=\"3645\">\n<p data-start=\"3578\" data-end=\"3645\"><strong data-start=\"3578\" data-end=\"3606\">Expertis\u00e9 minutieusement<\/strong>, datation et authenticit\u00e9 confirm\u00e9es<\/p>\n<\/li>\n<li data-start=\"3646\" data-end=\"3727\">\n<p data-start=\"3648\" data-end=\"3727\">S\u00e9lectionn\u00e9 pour son <strong data-start=\"3669\" data-end=\"3725\">int\u00e9r\u00eat historique et son potentiel d\u2019investissement<\/strong><\/p>\n<\/li>\n<li data-start=\"3728\" data-end=\"3772\">\n<p data-start=\"3730\" data-end=\"3772\">Livr\u00e9 avec <strong data-start=\"3741\" data-end=\"3770\">certificat d\u2019authenticit\u00e9<\/strong><\/p>\n<\/li>\n<li data-start=\"3773\" data-end=\"3887\">\n<p data-start=\"3775\" data-end=\"3887\">Disponible en <strong data-start=\"3789\" data-end=\"3840\">retrait showroom (March\u00e9 Serpette \u2013 Saint-Ouen)<\/strong> ou en <strong data-start=\"3847\" data-end=\"3885\">livraison internationale s\u00e9curis\u00e9e<\/strong><\/p>\n<\/li>\n<\/ul>\n<hr data-start=\"3889\" data-end=\"3892\" \/>\n<h3 data-start=\"3894\" data-end=\"3908\">Conclusion<\/h3>\n<p data-start=\"3910\" data-end=\"4196\">Ce <strong data-start=\"3913\" data-end=\"3957\">Chanel Diana small en cuir d\u2019agneau noir<\/strong>, avec <strong data-start=\"3964\" data-end=\"3991\">finitions plaqu\u00e9 or 24k<\/strong>, dat\u00e9 de <strong data-start=\"4001\" data-end=\"4014\">1994\u20131996<\/strong>, est une <strong data-start=\"4024\" data-end=\"4041\">ic\u00f4ne vintage<\/strong> rare, \u00e9l\u00e9gante et hautement d\u00e9sirable. En <strong data-start=\"4084\" data-end=\"4103\">\u00e9tat magnifique<\/strong>, il constitue un <strong data-start=\"4121\" data-end=\"4143\">investissement s\u00fbr<\/strong> et une pi\u00e8ce intemporelle \u00e0 porter ou collectionner.<\/p>\n<p>Suivez &#8211; nous sur <a href=\"https:\/\/www.facebook.com\/TheVintageTravelerFR\">Facebook<\/a> et <a href=\"https:\/\/www.instagram.com\/the_vintagetraveler\/?igsh=aXdsbDJkdnpwZjcx#\">Instagram<\/a><\/p>\n","protected":false},"excerpt":{"rendered":"<p>Sac Chanel Diana small en cuir d\u2019agneau noir, finitions or 24k, 1994\u20131996. \u00c9tat magnifique. Pi\u00e8ce rare et certifi\u00e9e. Excellent investissement.<\/p>\n","protected":false},"featured_media":5549,"template":"","meta":[],"product_brand":[],"product_cat":[285,274,295,279],"product_tag":[287,296,297],"class_list":{"0":"post-5543","1":"product","2":"type-product","3":"status-publish","4":"has-post-thumbnail","6":"product_cat-chanel","7":"product_cat-news","8":"product_cat-handbag-2","9":"product_cat-bags","10":"product_tag-chanel","11":"product_tag-chanelclassique","12":"product_tag-chanelmedium","14":"first","15":"instock","16":"sold-individually","17":"shipping-taxable","18":"purchasable","19":"product-type-simple"},"yoast_head":"<!-- This site is optimized with the Yoast SEO plugin v27.1.1 - https:\/\/yoast.com\/product\/yoast-seo-wordpress\/ -->\n<title>Chanel Diana Small Cuir Agneau Noir Or 24k | TheVintageTraveler<\/title>\n<meta name=\"description\" content=\"Sac Chanel Diana small en cuir d\u2019agneau noir, finitions or 24k. \u00c9tat magnifique, 1994\u20131996. Pi\u00e8ce rare, certifi\u00e9e, excellent investissement.\" \/>\n<meta name=\"robots\" content=\"index, follow, max-snippet:-1, max-image-preview:large, max-video-preview:-1\" \/>\n<link rel=\"canonical\" href=\"https:\/\/thevintagetraveler.com\/en\/produit\/chanel-diana-small-cuir-agneau-noir-or-24k\/\" \/>\n<meta property=\"og:locale\" content=\"en_US\" \/>\n<meta property=\"og:type\" content=\"article\" \/>\n<meta property=\"og:title\" content=\"Chanel Diana Small Cuir Agneau Noir Or 24k | TheVintageTraveler\" \/>\n<meta property=\"og:description\" content=\"Sac Chanel Diana small en cuir d\u2019agneau noir, finitions or 24k. \u00c9tat magnifique, 1994\u20131996. Pi\u00e8ce rare, certifi\u00e9e, excellent investissement.\" \/>\n<meta property=\"og:url\" content=\"https:\/\/thevintagetraveler.com\/en\/produit\/chanel-diana-small-cuir-agneau-noir-or-24k\/\" \/>\n<meta property=\"og:site_name\" content=\"TheVintageTraveler\" \/>\n<meta property=\"article:publisher\" content=\"https:\/\/www.facebook.com\/TheVintageTravelerFR\/\" \/>\n<meta property=\"article:modified_time\" content=\"2025-08-09T12:45:43+00:00\" \/>\n<meta property=\"og:image\" content=\"https:\/\/thevintagetraveler.com\/wp-content\/uploads\/2025\/08\/image00033-1.jpeg\" \/>\n\t<meta property=\"og:image:width\" content=\"1800\" \/>\n\t<meta property=\"og:image:height\" content=\"2400\" \/>\n\t<meta property=\"og:image:type\" content=\"image\/jpeg\" \/>\n<meta name=\"twitter:card\" content=\"summary_large_image\" \/>\n<meta name=\"twitter:label1\" content=\"Est. reading time\" \/>\n\t<meta name=\"twitter:data1\" content=\"3 minutes\" \/>\n<script type=\"application\/ld+json\" class=\"yoast-schema-graph\">{\"@context\":\"https:\/\/schema.org\",\"@graph\":[{\"@type\":\"WebPage\",\"@id\":\"https:\/\/thevintagetraveler.com\/en\/produit\/chanel-diana-small-cuir-agneau-noir-or-24k\/\",\"url\":\"https:\/\/thevintagetraveler.com\/en\/produit\/chanel-diana-small-cuir-agneau-noir-or-24k\/\",\"name\":\"Chanel Diana Small Cuir Agneau Noir Or 24k | TheVintageTraveler\",\"isPartOf\":{\"@id\":\"https:\/\/thevintagetraveler.com\/en\/#website\"},\"primaryImageOfPage\":{\"@id\":\"https:\/\/thevintagetraveler.com\/en\/produit\/chanel-diana-small-cuir-agneau-noir-or-24k\/#primaryimage\"},\"image\":{\"@id\":\"https:\/\/thevintagetraveler.com\/en\/produit\/chanel-diana-small-cuir-agneau-noir-or-24k\/#primaryimage\"},\"thumbnailUrl\":\"https:\/\/thevintagetraveler.com\/wp-content\/uploads\/2025\/08\/image00033-1.jpeg\",\"datePublished\":\"2025-08-09T12:36:31+00:00\",\"dateModified\":\"2025-08-09T12:45:43+00:00\",\"description\":\"Sac Chanel Diana small en cuir d\u2019agneau noir, finitions or 24k. \u00c9tat magnifique, 1994\u20131996. Pi\u00e8ce rare, certifi\u00e9e, excellent investissement.\",\"breadcrumb\":{\"@id\":\"https:\/\/thevintagetraveler.com\/en\/produit\/chanel-diana-small-cuir-agneau-noir-or-24k\/#breadcrumb\"},\"inLanguage\":\"en-US\",\"potentialAction\":[{\"@type\":\"ReadAction\",\"target\":[\"https:\/\/thevintagetraveler.com\/en\/produit\/chanel-diana-small-cuir-agneau-noir-or-24k\/\"]}]},{\"@type\":\"ImageObject\",\"inLanguage\":\"en-US\",\"@id\":\"https:\/\/thevintagetraveler.com\/en\/produit\/chanel-diana-small-cuir-agneau-noir-or-24k\/#primaryimage\",\"url\":\"https:\/\/thevintagetraveler.com\/wp-content\/uploads\/2025\/08\/image00033-1.jpeg\",\"contentUrl\":\"https:\/\/thevintagetraveler.com\/wp-content\/uploads\/2025\/08\/image00033-1.jpeg\",\"width\":1800,\"height\":2400,\"caption\":\"sac Chanel Diana small cuir agneau noir or 24k vintage\"},{\"@type\":\"BreadcrumbList\",\"@id\":\"https:\/\/thevintagetraveler.com\/en\/produit\/chanel-diana-small-cuir-agneau-noir-or-24k\/#breadcrumb\",\"itemListElement\":[{\"@type\":\"ListItem\",\"position\":1,\"name\":\"Accueil\",\"item\":\"https:\/\/thevintagetraveler.com\/en\/\"},{\"@type\":\"ListItem\",\"position\":2,\"name\":\"Shop\",\"item\":\"https:\/\/thevintagetraveler.com\/shop\/\"},{\"@type\":\"ListItem\",\"position\":3,\"name\":\"Sac Chanel Diana small noir\"}]},{\"@type\":\"WebSite\",\"@id\":\"https:\/\/thevintagetraveler.com\/en\/#website\",\"url\":\"https:\/\/thevintagetraveler.com\/en\/\",\"name\":\"TheVintageTraveler\",\"description\":\"Luxury experts in Louis Vuitton, Chanel &amp; Herm\u00e8s\",\"publisher\":{\"@id\":\"https:\/\/thevintagetraveler.com\/en\/#organization\"},\"potentialAction\":[{\"@type\":\"SearchAction\",\"target\":{\"@type\":\"EntryPoint\",\"urlTemplate\":\"https:\/\/thevintagetraveler.com\/en\/?s={search_term_string}\"},\"query-input\":{\"@type\":\"PropertyValueSpecification\",\"valueRequired\":true,\"valueName\":\"search_term_string\"}}],\"inLanguage\":\"en-US\"},{\"@type\":\"Organization\",\"@id\":\"https:\/\/thevintagetraveler.com\/en\/#organization\",\"name\":\"TheVintageTraveler\",\"url\":\"https:\/\/thevintagetraveler.com\/en\/\",\"logo\":{\"@type\":\"ImageObject\",\"inLanguage\":\"en-US\",\"@id\":\"https:\/\/thevintagetraveler.com\/en\/#\/schema\/logo\/image\/\",\"url\":\"https:\/\/thevintagetraveler.com\/wp-content\/uploads\/2025\/04\/LOGO-THE-VINTAGE-TRAVELER-FINAL-e1745392697678.png\",\"contentUrl\":\"https:\/\/thevintagetraveler.com\/wp-content\/uploads\/2025\/04\/LOGO-THE-VINTAGE-TRAVELER-FINAL-e1745392697678.png\",\"width\":798,\"height\":318,\"caption\":\"TheVintageTraveler\"},\"image\":{\"@id\":\"https:\/\/thevintagetraveler.com\/en\/#\/schema\/logo\/image\/\"},\"sameAs\":[\"https:\/\/www.facebook.com\/TheVintageTravelerFR\/\",\"https:\/\/www.instagram.com\/the_vintagetraveler\"]}]}<\/script>\n<!-- \/ Yoast SEO plugin. -->","yoast_head_json":{"title":"Chanel Diana Small Cuir Agneau Noir Or 24k | TheVintageTraveler","description":"Sac Chanel Diana small en cuir d\u2019agneau noir, finitions or 24k. \u00c9tat magnifique, 1994\u20131996. Pi\u00e8ce rare, certifi\u00e9e, excellent investissement.","robots":{"index":"index","follow":"follow","max-snippet":"max-snippet:-1","max-image-preview":"max-image-preview:large","max-video-preview":"max-video-preview:-1"},"canonical":"https:\/\/thevintagetraveler.com\/en\/produit\/chanel-diana-small-cuir-agneau-noir-or-24k\/","og_locale":"en_US","og_type":"article","og_title":"Chanel Diana Small Cuir Agneau Noir Or 24k | TheVintageTraveler","og_description":"Sac Chanel Diana small en cuir d\u2019agneau noir, finitions or 24k. \u00c9tat magnifique, 1994\u20131996. Pi\u00e8ce rare, certifi\u00e9e, excellent investissement.","og_url":"https:\/\/thevintagetraveler.com\/en\/produit\/chanel-diana-small-cuir-agneau-noir-or-24k\/","og_site_name":"TheVintageTraveler","article_publisher":"https:\/\/www.facebook.com\/TheVintageTravelerFR\/","article_modified_time":"2025-08-09T12:45:43+00:00","og_image":[{"width":1800,"height":2400,"url":"https:\/\/thevintagetraveler.com\/wp-content\/uploads\/2025\/08\/image00033-1.jpeg","type":"image\/jpeg"}],"twitter_card":"summary_large_image","twitter_misc":{"Est. reading time":"3 minutes"},"schema":{"@context":"https:\/\/schema.org","@graph":[{"@type":"WebPage","@id":"https:\/\/thevintagetraveler.com\/en\/produit\/chanel-diana-small-cuir-agneau-noir-or-24k\/","url":"https:\/\/thevintagetraveler.com\/en\/produit\/chanel-diana-small-cuir-agneau-noir-or-24k\/","name":"Chanel Diana Small Cuir Agneau Noir Or 24k | TheVintageTraveler","isPartOf":{"@id":"https:\/\/thevintagetraveler.com\/en\/#website"},"primaryImageOfPage":{"@id":"https:\/\/thevintagetraveler.com\/en\/produit\/chanel-diana-small-cuir-agneau-noir-or-24k\/#primaryimage"},"image":{"@id":"https:\/\/thevintagetraveler.com\/en\/produit\/chanel-diana-small-cuir-agneau-noir-or-24k\/#primaryimage"},"thumbnailUrl":"https:\/\/thevintagetraveler.com\/wp-content\/uploads\/2025\/08\/image00033-1.jpeg","datePublished":"2025-08-09T12:36:31+00:00","dateModified":"2025-08-09T12:45:43+00:00","description":"Sac Chanel Diana small en cuir d\u2019agneau noir, finitions or 24k. \u00c9tat magnifique, 1994\u20131996. Pi\u00e8ce rare, certifi\u00e9e, excellent investissement.","breadcrumb":{"@id":"https:\/\/thevintagetraveler.com\/en\/produit\/chanel-diana-small-cuir-agneau-noir-or-24k\/#breadcrumb"},"inLanguage":"en-US","potentialAction":[{"@type":"ReadAction","target":["https:\/\/thevintagetraveler.com\/en\/produit\/chanel-diana-small-cuir-agneau-noir-or-24k\/"]}]},{"@type":"ImageObject","inLanguage":"en-US","@id":"https:\/\/thevintagetraveler.com\/en\/produit\/chanel-diana-small-cuir-agneau-noir-or-24k\/#primaryimage","url":"https:\/\/thevintagetraveler.com\/wp-content\/uploads\/2025\/08\/image00033-1.jpeg","contentUrl":"https:\/\/thevintagetraveler.com\/wp-content\/uploads\/2025\/08\/image00033-1.jpeg","width":1800,"height":2400,"caption":"sac Chanel Diana small cuir agneau noir or 24k vintage"},{"@type":"BreadcrumbList","@id":"https:\/\/thevintagetraveler.com\/en\/produit\/chanel-diana-small-cuir-agneau-noir-or-24k\/#breadcrumb","itemListElement":[{"@type":"ListItem","position":1,"name":"Accueil","item":"https:\/\/thevintagetraveler.com\/en\/"},{"@type":"ListItem","position":2,"name":"Shop","item":"https:\/\/thevintagetraveler.com\/shop\/"},{"@type":"ListItem","position":3,"name":"Sac Chanel Diana small noir"}]},{"@type":"WebSite","@id":"https:\/\/thevintagetraveler.com\/en\/#website","url":"https:\/\/thevintagetraveler.com\/en\/","name":"TheVintageTraveler","description":"Luxury experts in Louis Vuitton, Chanel &amp; Herm\u00e8s","publisher":{"@id":"https:\/\/thevintagetraveler.com\/en\/#organization"},"potentialAction":[{"@type":"SearchAction","target":{"@type":"EntryPoint","urlTemplate":"https:\/\/thevintagetraveler.com\/en\/?s={search_term_string}"},"query-input":{"@type":"PropertyValueSpecification","valueRequired":true,"valueName":"search_term_string"}}],"inLanguage":"en-US"},{"@type":"Organization","@id":"https:\/\/thevintagetraveler.com\/en\/#organization","name":"TheVintageTraveler","url":"https:\/\/thevintagetraveler.com\/en\/","logo":{"@type":"ImageObject","inLanguage":"en-US","@id":"https:\/\/thevintagetraveler.com\/en\/#\/schema\/logo\/image\/","url":"https:\/\/thevintagetraveler.com\/wp-content\/uploads\/2025\/04\/LOGO-THE-VINTAGE-TRAVELER-FINAL-e1745392697678.png","contentUrl":"https:\/\/thevintagetraveler.com\/wp-content\/uploads\/2025\/04\/LOGO-THE-VINTAGE-TRAVELER-FINAL-e1745392697678.png","width":798,"height":318,"caption":"TheVintageTraveler"},"image":{"@id":"https:\/\/thevintagetraveler.com\/en\/#\/schema\/logo\/image\/"},"sameAs":["https:\/\/www.facebook.com\/TheVintageTravelerFR\/","https:\/\/www.instagram.com\/the_vintagetraveler"]}]}},"_links":{"self":[{"href":"https:\/\/thevintagetraveler.com\/en\/wp-json\/wp\/v2\/product\/5543","targetHints":{"allow":["GET"]}}],"collection":[{"href":"https:\/\/thevintagetraveler.com\/en\/wp-json\/wp\/v2\/product"}],"about":[{"href":"https:\/\/thevintagetraveler.com\/en\/wp-json\/wp\/v2\/types\/product"}],"wp:featuredmedia":[{"embeddable":true,"href":"https:\/\/thevintagetraveler.com\/en\/wp-json\/wp\/v2\/media\/5549"}],"wp:attachment":[{"href":"https:\/\/thevintagetraveler.com\/en\/wp-json\/wp\/v2\/media?parent=5543"}],"wp:term":[{"taxonomy":"product_brand","embeddable":true,"href":"https:\/\/thevintagetraveler.com\/en\/wp-json\/wp\/v2\/product_brand?post=5543"},{"taxonomy":"product_cat","embeddable":true,"href":"https:\/\/thevintagetraveler.com\/en\/wp-json\/wp\/v2\/product_cat?post=5543"},{"taxonomy":"product_tag","embeddable":true,"href":"https:\/\/thevintagetraveler.com\/en\/wp-json\/wp\/v2\/product_tag?post=5543"}],"curies":[{"name":"wp","href":"https:\/\/api.w.org\/{rel}","templated":true}]}}