{"id":5564,"date":"2024-08-10T10:34:04","date_gmt":"2024-08-10T08:34:04","guid":{"rendered":"https:\/\/thevintagetraveler.com\/?post_type=product&#038;p=5564"},"modified":"2026-01-26T12:47:49","modified_gmt":"2026-01-26T11:47:49","slug":"hermes-hac-40-cuir-ardennes-noir-or-1998","status":"publish","type":"product","link":"https:\/\/thevintagetraveler.com\/en\/produit\/hermes-hac-40-cuir-ardennes-noir-or-1998\/","title":{"rendered":"Sac Herm\u00e8s HAC 40 Ardennes noir gold"},"content":{"rendered":"<h3 data-start=\"993\" data-end=\"1056\">Sac Herm\u00e8s HAC 40 \u2013 Cuir Ardennes Noir &amp; Finitions Or, 1998<\/h3>\n<p data-start=\"1058\" data-end=\"1386\">Ce <strong data-start=\"1061\" data-end=\"1097\">Herm\u00e8s Haut \u00e0 Courroies (HAC) 40<\/strong> en <strong data-start=\"1101\" data-end=\"1123\">cuir Ardennes noir<\/strong>, avec <strong data-start=\"1130\" data-end=\"1150\">finitions dor\u00e9es<\/strong>, dat\u00e9 de <strong data-start=\"1160\" data-end=\"1168\">1998<\/strong>, est une <strong data-start=\"1178\" data-end=\"1204\">pi\u00e8ce iconique et rare<\/strong> du patrimoine Herm\u00e8s. Sa taille g\u00e9n\u00e9reuse, son cuir robuste et son \u00e9l\u00e9gance intemporelle en font un <strong data-start=\"1305\" data-end=\"1325\">mod\u00e8le recherch\u00e9<\/strong>, autant par les collectionneurs que par les <a href=\"https:\/\/thevintagetraveler.com\/investissement-sac-hermes\/\">investisseurs<\/a>.<\/p>\n<hr data-start=\"1388\" data-end=\"1391\" \/>\n<h3 data-start=\"1393\" data-end=\"1425\">Le HAC : l\u2019anc\u00eatre du Birkin<\/h3>\n<ul data-start=\"1427\" data-end=\"1710\">\n<li data-start=\"1427\" data-end=\"1507\">\n<p data-start=\"1429\" data-end=\"1507\"><strong data-start=\"1429\" data-end=\"1449\">Haut \u00e0 Courroies<\/strong> : mod\u00e8le historique cr\u00e9\u00e9 \u00e0 l\u2019origine pour les cavaliers<\/p>\n<\/li>\n<li data-start=\"1508\" data-end=\"1590\">\n<p data-start=\"1510\" data-end=\"1590\"><strong data-start=\"1510\" data-end=\"1526\">Taille 40 cm<\/strong>, format spacieux id\u00e9al pour un usage quotidien chic ou voyage<\/p>\n<\/li>\n<li data-start=\"1591\" data-end=\"1669\">\n<p data-start=\"1593\" data-end=\"1669\">Structure <strong data-start=\"1603\" data-end=\"1630\">plus haute et imposante<\/strong> que le Birkin, pour un style affirm\u00e9<\/p>\n<\/li>\n<li data-start=\"1670\" data-end=\"1710\">\n<p data-start=\"1672\" data-end=\"1710\">Symbole du savoir-faire sellier Herm\u00e8s<\/p>\n<\/li>\n<\/ul>\n<hr data-start=\"1712\" data-end=\"1715\" \/>\n<h3 data-start=\"1717\" data-end=\"1749\">Cuir Ardennes &amp; finitions or<\/h3>\n<ul data-start=\"1751\" data-end=\"1981\">\n<li data-start=\"1751\" data-end=\"1808\">\n<p data-start=\"1753\" data-end=\"1808\"><strong data-start=\"1753\" data-end=\"1776\">Cuir de veau grain\u00e9<\/strong> tr\u00e8s r\u00e9sistant et imperm\u00e9able<\/p>\n<\/li>\n<li data-start=\"1809\" data-end=\"1859\">\n<p data-start=\"1811\" data-end=\"1859\">Conserve parfaitement sa forme au fil du temps<\/p>\n<\/li>\n<li data-start=\"1860\" data-end=\"1913\">\n<p data-start=\"1862\" data-end=\"1913\"><strong data-start=\"1862\" data-end=\"1878\">Coloris noir<\/strong> : sobre, intemporel et versatile<\/p>\n<\/li>\n<li data-start=\"1914\" data-end=\"1981\">\n<p data-start=\"1916\" data-end=\"1981\"><strong data-start=\"1916\" data-end=\"1936\">Finitions dor\u00e9es<\/strong> : apportent une touche luxueuse et classique<\/p>\n<\/li>\n<\/ul>\n<hr data-start=\"1983\" data-end=\"1986\" \/>\n<h3 data-start=\"1988\" data-end=\"2019\">Caract\u00e9ristiques du produit<\/h3>\n<ul data-start=\"2021\" data-end=\"2407\">\n<li data-start=\"2021\" data-end=\"2044\">\n<p data-start=\"2023\" data-end=\"2044\"><strong data-start=\"2023\" data-end=\"2035\">Marque :<\/strong> Herm\u00e8s<\/p>\n<\/li>\n<li data-start=\"2045\" data-end=\"2087\">\n<p data-start=\"2047\" data-end=\"2087\"><strong data-start=\"2047\" data-end=\"2059\">Mod\u00e8le :<\/strong> HAC 40 (Haut \u00e0 Courroies)<\/p>\n<\/li>\n<li data-start=\"2088\" data-end=\"2131\">\n<p data-start=\"2090\" data-end=\"2131\"><strong data-start=\"2090\" data-end=\"2101\">Ann\u00e9e :<\/strong> 1998 (lettre dans un carr\u00e9)<\/p>\n<\/li>\n<li data-start=\"2132\" data-end=\"2163\">\n<p data-start=\"2134\" data-end=\"2163\"><strong data-start=\"2134\" data-end=\"2147\">Mati\u00e8re :<\/strong> Cuir Ardennes<\/p>\n<\/li>\n<li data-start=\"2164\" data-end=\"2186\">\n<p data-start=\"2166\" data-end=\"2186\"><strong data-start=\"2166\" data-end=\"2179\">Couleur :<\/strong> Noir<\/p>\n<\/li>\n<li data-start=\"2187\" data-end=\"2213\">\n<p data-start=\"2189\" data-end=\"2213\"><strong data-start=\"2189\" data-end=\"2204\">Finitions :<\/strong> Dor\u00e9es<\/p>\n<\/li>\n<li data-start=\"2214\" data-end=\"2272\">\n<p data-start=\"2216\" data-end=\"2272\"><strong data-start=\"2216\" data-end=\"2231\">Fermeture :<\/strong> Rabat \u00e0 sanglons, cadenas et clochette<\/p>\n<\/li>\n<li data-start=\"2273\" data-end=\"2293\">\n<p data-start=\"2275\" data-end=\"2293\"><strong data-start=\"2275\" data-end=\"2286\">Port\u00e9 :<\/strong> Main<\/p>\n<\/li>\n<li data-start=\"2294\" data-end=\"2330\">\n<p data-start=\"2296\" data-end=\"2330\"><strong data-start=\"2296\" data-end=\"2306\">\u00c9tat :<\/strong> Tr\u00e8s bon \u00e9tat g\u00e9n\u00e9ral<\/p>\n<\/li>\n<li data-start=\"2331\" data-end=\"2407\">\n<p data-start=\"2333\" data-end=\"2407\"><strong data-start=\"2333\" data-end=\"2355\">Authentification :<\/strong> Certifi\u00e9 \u2013 livr\u00e9 avec certificat TheVintageTraveler<\/p>\n<\/li>\n<\/ul>\n<hr data-start=\"2409\" data-end=\"2412\" \/>\n<h3 data-start=\"2414\" data-end=\"2450\">Pourquoi ce mod\u00e8le est recherch\u00e9<\/h3>\n<ul data-start=\"2452\" data-end=\"2796\">\n<li data-start=\"2452\" data-end=\"2534\">\n<p data-start=\"2454\" data-end=\"2534\"><strong data-start=\"2454\" data-end=\"2471\">Cuir Ardennes<\/strong> : aujourd\u2019hui discontinu\u00e9, tr\u00e8s recherch\u00e9 pour sa durabilit\u00e9<\/p>\n<\/li>\n<li data-start=\"2535\" data-end=\"2612\">\n<p data-start=\"2537\" data-end=\"2612\"><strong data-start=\"2537\" data-end=\"2553\">Taille 40 cm<\/strong> : id\u00e9ale pour un usage pratique tout en restant \u00e9l\u00e9gante<\/p>\n<\/li>\n<li data-start=\"2613\" data-end=\"2678\">\n<p data-start=\"2615\" data-end=\"2678\"><strong data-start=\"2615\" data-end=\"2646\">Coloris noir + finitions or<\/strong> : combinaison iconique Herm\u00e8s<\/p>\n<\/li>\n<li data-start=\"2679\" data-end=\"2744\">\n<p data-start=\"2681\" data-end=\"2744\"><strong data-start=\"2681\" data-end=\"2695\">Ann\u00e9e 1998<\/strong> : pi\u00e8ce vintage avec forte valeur patrimoniale<\/p>\n<\/li>\n<li data-start=\"2745\" data-end=\"2796\">\n<p data-start=\"2747\" data-end=\"2796\"><strong data-start=\"2747\" data-end=\"2774\">Tr\u00e8s bon investissement<\/strong> sur le march\u00e9 du luxe<\/p>\n<\/li>\n<\/ul>\n<hr data-start=\"2798\" data-end=\"2801\" \/>\n<h3 data-start=\"2803\" data-end=\"2838\">Un sac pour usage et collection<\/h3>\n<p data-start=\"2840\" data-end=\"2856\">Parfait pour :<\/p>\n<ul data-start=\"2858\" data-end=\"3073\">\n<li data-start=\"2858\" data-end=\"2907\">\n<p data-start=\"2860\" data-end=\"2907\">Les passionn\u00e9s de <strong data-start=\"2878\" data-end=\"2905\">sacs Herm\u00e8s historiques<\/strong><\/p>\n<\/li>\n<li data-start=\"2908\" data-end=\"2954\">\n<p data-start=\"2910\" data-end=\"2954\">Un usage chic au quotidien ou pour voyager<\/p>\n<\/li>\n<li data-start=\"2955\" data-end=\"3011\">\n<p data-start=\"2957\" data-end=\"3011\"><strong data-start=\"2957\" data-end=\"2989\">Investir dans une pi\u00e8ce rare<\/strong> \u00e0 valeur croissante<\/p>\n<\/li>\n<li data-start=\"3012\" data-end=\"3073\">\n<p data-start=\"3014\" data-end=\"3073\">Enrichir une <strong data-start=\"3027\" data-end=\"3073\">collection Herm\u00e8s avec un cuir discontinu\u00e9<\/strong><\/p>\n<\/li>\n<\/ul>\n<hr data-start=\"3075\" data-end=\"3078\" \/>\n<h3 data-start=\"3080\" data-end=\"3126\">Pourquoi acheter chez TheVintageTraveler ?<\/h3>\n<p data-start=\"3128\" data-end=\"3182\">Chez <strong data-start=\"3133\" data-end=\"3155\">TheVintageTraveler<\/strong>, chaque sac Herm\u00e8s est :<\/p>\n<ul data-start=\"3184\" data-end=\"3494\">\n<li data-start=\"3184\" data-end=\"3253\">\n<p data-start=\"3186\" data-end=\"3253\"><strong data-start=\"3186\" data-end=\"3214\">Expertis\u00e9 minutieusement<\/strong>, datation et authenticit\u00e9 confirm\u00e9es<\/p>\n<\/li>\n<li data-start=\"3254\" data-end=\"3334\">\n<p data-start=\"3256\" data-end=\"3334\">S\u00e9lectionn\u00e9 pour sa <strong data-start=\"3276\" data-end=\"3332\">raret\u00e9, sa qualit\u00e9 et son potentiel d\u2019investissement<\/strong><\/p>\n<\/li>\n<li data-start=\"3335\" data-end=\"3379\">\n<p data-start=\"3337\" data-end=\"3379\">Livr\u00e9 avec <strong data-start=\"3348\" data-end=\"3377\">certificat d\u2019authenticit\u00e9<\/strong><\/p>\n<\/li>\n<li data-start=\"3380\" data-end=\"3494\">\n<p data-start=\"3382\" data-end=\"3494\">Disponible en <strong data-start=\"3396\" data-end=\"3447\">retrait showroom (March\u00e9 Serpette \u2013 Saint-Ouen)<\/strong> ou en <strong data-start=\"3454\" data-end=\"3492\">livraison internationale s\u00e9curis\u00e9e<\/strong><\/p>\n<\/li>\n<\/ul>\n<hr data-start=\"3496\" data-end=\"3499\" \/>\n<h3 data-start=\"3501\" data-end=\"3515\">Conclusion<\/h3>\n<p data-start=\"3517\" data-end=\"3799\">Ce <strong data-start=\"3520\" data-end=\"3559\">Herm\u00e8s HAC 40 en cuir Ardennes noir<\/strong>, avec <strong data-start=\"3566\" data-end=\"3586\">finitions dor\u00e9es<\/strong> et dat\u00e9 de <strong data-start=\"3598\" data-end=\"3606\">1998<\/strong>, est une <strong data-start=\"3616\" data-end=\"3651\">pi\u00e8ce \u00e9l\u00e9gante, durable et rare<\/strong>. Son <strong data-start=\"3657\" data-end=\"3725\">excellent rapport entre style, robustesse et valeur patrimoniale<\/strong> en fait un <strong data-start=\"3737\" data-end=\"3759\">investissement s\u00fbr<\/strong> et un symbole du savoir-faire Herm\u00e8s.<\/p>\n<p>Suivez &#8211; nous sur <a href=\"https:\/\/www.facebook.com\/TheVintageTravelerFR\">Facebook<\/a> et <a href=\"https:\/\/www.instagram.com\/the_vintagetraveler\/?igsh=aXdsbDJkdnpwZjcx#\">Instagram<\/a><\/p>\n","protected":false},"excerpt":{"rendered":"<p data-start=\"756\" data-end=\"930\">Herm\u00e8s HAC 40 en cuir Ardennes noir, finitions or, 1998. Rare, \u00e9l\u00e9gant, certifi\u00e9. Tr\u00e8s bon investissement dans une pi\u00e8ce patrimoniale.<\/p>\n","protected":false},"featured_media":5570,"template":"","meta":[],"product_brand":[],"product_cat":[280,274,290,279],"product_tag":[281,283],"class_list":{"0":"post-5564","1":"product","2":"type-product","3":"status-publish","4":"has-post-thumbnail","6":"product_cat-hermes","7":"product_cat-news","8":"product_cat-travel-bag","9":"product_cat-bags","10":"product_tag-hermes","11":"product_tag-hermeshac","13":"first","14":"outofstock","15":"sold-individually","16":"shipping-taxable","17":"purchasable","18":"product-type-simple"},"yoast_head":"<!-- This site is optimized with the Yoast SEO plugin v27.1.1 - https:\/\/yoast.com\/product\/yoast-seo-wordpress\/ -->\n<title>Herm\u00e8s HAC 40 Cuir Ardennes Noir Or 1998 | TheVintageTraveler<\/title>\n<meta name=\"description\" content=\"Sac Herm\u00e8s HAC 40 en cuir Ardennes noir, finitions or, 1998. Rare, \u00e9l\u00e9gant et certifi\u00e9. Tr\u00e8s bon investissement dans le luxe intemporel.\" \/>\n<meta name=\"robots\" content=\"index, follow, max-snippet:-1, max-image-preview:large, max-video-preview:-1\" \/>\n<link rel=\"canonical\" href=\"https:\/\/thevintagetraveler.com\/en\/produit\/hermes-hac-40-cuir-ardennes-noir-or-1998\/\" \/>\n<meta property=\"og:locale\" content=\"en_US\" \/>\n<meta property=\"og:type\" content=\"article\" \/>\n<meta property=\"og:title\" content=\"Herm\u00e8s HAC 40 Cuir Ardennes Noir Or 1998 | TheVintageTraveler\" \/>\n<meta property=\"og:description\" content=\"Sac Herm\u00e8s HAC 40 en cuir Ardennes noir, finitions or, 1998. Rare, \u00e9l\u00e9gant et certifi\u00e9. Tr\u00e8s bon investissement dans le luxe intemporel.\" \/>\n<meta property=\"og:url\" content=\"https:\/\/thevintagetraveler.com\/en\/produit\/hermes-hac-40-cuir-ardennes-noir-or-1998\/\" \/>\n<meta property=\"og:site_name\" content=\"TheVintageTraveler\" \/>\n<meta property=\"article:publisher\" content=\"https:\/\/www.facebook.com\/TheVintageTravelerFR\/\" \/>\n<meta property=\"article:modified_time\" content=\"2026-01-26T11:47:49+00:00\" \/>\n<meta property=\"og:image\" content=\"https:\/\/thevintagetraveler.com\/wp-content\/uploads\/2025\/08\/image00006.jpeg\" \/>\n\t<meta property=\"og:image:width\" content=\"1800\" \/>\n\t<meta property=\"og:image:height\" content=\"2400\" \/>\n\t<meta property=\"og:image:type\" content=\"image\/jpeg\" \/>\n<meta name=\"twitter:card\" content=\"summary_large_image\" \/>\n<meta name=\"twitter:label1\" content=\"Est. reading time\" \/>\n\t<meta name=\"twitter:data1\" content=\"3 minutes\" \/>\n<script type=\"application\/ld+json\" class=\"yoast-schema-graph\">{\"@context\":\"https:\/\/schema.org\",\"@graph\":[{\"@type\":\"WebPage\",\"@id\":\"https:\/\/thevintagetraveler.com\/en\/produit\/hermes-hac-40-cuir-ardennes-noir-or-1998\/\",\"url\":\"https:\/\/thevintagetraveler.com\/en\/produit\/hermes-hac-40-cuir-ardennes-noir-or-1998\/\",\"name\":\"Herm\u00e8s HAC 40 Cuir Ardennes Noir Or 1998 | TheVintageTraveler\",\"isPartOf\":{\"@id\":\"https:\/\/thevintagetraveler.com\/en\/#website\"},\"primaryImageOfPage\":{\"@id\":\"https:\/\/thevintagetraveler.com\/en\/produit\/hermes-hac-40-cuir-ardennes-noir-or-1998\/#primaryimage\"},\"image\":{\"@id\":\"https:\/\/thevintagetraveler.com\/en\/produit\/hermes-hac-40-cuir-ardennes-noir-or-1998\/#primaryimage\"},\"thumbnailUrl\":\"https:\/\/thevintagetraveler.com\/wp-content\/uploads\/2025\/08\/image00006.jpeg\",\"datePublished\":\"2024-08-10T08:34:04+00:00\",\"dateModified\":\"2026-01-26T11:47:49+00:00\",\"description\":\"Sac Herm\u00e8s HAC 40 en cuir Ardennes noir, finitions or, 1998. Rare, \u00e9l\u00e9gant et certifi\u00e9. Tr\u00e8s bon investissement dans le luxe intemporel.\",\"breadcrumb\":{\"@id\":\"https:\/\/thevintagetraveler.com\/en\/produit\/hermes-hac-40-cuir-ardennes-noir-or-1998\/#breadcrumb\"},\"inLanguage\":\"en-US\",\"potentialAction\":[{\"@type\":\"ReadAction\",\"target\":[\"https:\/\/thevintagetraveler.com\/en\/produit\/hermes-hac-40-cuir-ardennes-noir-or-1998\/\"]}]},{\"@type\":\"ImageObject\",\"inLanguage\":\"en-US\",\"@id\":\"https:\/\/thevintagetraveler.com\/en\/produit\/hermes-hac-40-cuir-ardennes-noir-or-1998\/#primaryimage\",\"url\":\"https:\/\/thevintagetraveler.com\/wp-content\/uploads\/2025\/08\/image00006.jpeg\",\"contentUrl\":\"https:\/\/thevintagetraveler.com\/wp-content\/uploads\/2025\/08\/image00006.jpeg\",\"width\":1800,\"height\":2400,\"caption\":\"sac Herm\u00e8s HAC 40 cuir Ardennes noir or 1998\"},{\"@type\":\"BreadcrumbList\",\"@id\":\"https:\/\/thevintagetraveler.com\/en\/produit\/hermes-hac-40-cuir-ardennes-noir-or-1998\/#breadcrumb\",\"itemListElement\":[{\"@type\":\"ListItem\",\"position\":1,\"name\":\"Accueil\",\"item\":\"https:\/\/thevintagetraveler.com\/en\/\"},{\"@type\":\"ListItem\",\"position\":2,\"name\":\"Shop\",\"item\":\"https:\/\/thevintagetraveler.com\/shop\/\"},{\"@type\":\"ListItem\",\"position\":3,\"name\":\"Sac Herm\u00e8s HAC 40 Ardennes noir gold\"}]},{\"@type\":\"WebSite\",\"@id\":\"https:\/\/thevintagetraveler.com\/en\/#website\",\"url\":\"https:\/\/thevintagetraveler.com\/en\/\",\"name\":\"TheVintageTraveler\",\"description\":\"Luxury experts in Louis Vuitton, Chanel &amp; Herm\u00e8s\",\"publisher\":{\"@id\":\"https:\/\/thevintagetraveler.com\/en\/#organization\"},\"potentialAction\":[{\"@type\":\"SearchAction\",\"target\":{\"@type\":\"EntryPoint\",\"urlTemplate\":\"https:\/\/thevintagetraveler.com\/en\/?s={search_term_string}\"},\"query-input\":{\"@type\":\"PropertyValueSpecification\",\"valueRequired\":true,\"valueName\":\"search_term_string\"}}],\"inLanguage\":\"en-US\"},{\"@type\":\"Organization\",\"@id\":\"https:\/\/thevintagetraveler.com\/en\/#organization\",\"name\":\"TheVintageTraveler\",\"url\":\"https:\/\/thevintagetraveler.com\/en\/\",\"logo\":{\"@type\":\"ImageObject\",\"inLanguage\":\"en-US\",\"@id\":\"https:\/\/thevintagetraveler.com\/en\/#\/schema\/logo\/image\/\",\"url\":\"https:\/\/thevintagetraveler.com\/wp-content\/uploads\/2025\/04\/LOGO-THE-VINTAGE-TRAVELER-FINAL-e1745392697678.png\",\"contentUrl\":\"https:\/\/thevintagetraveler.com\/wp-content\/uploads\/2025\/04\/LOGO-THE-VINTAGE-TRAVELER-FINAL-e1745392697678.png\",\"width\":798,\"height\":318,\"caption\":\"TheVintageTraveler\"},\"image\":{\"@id\":\"https:\/\/thevintagetraveler.com\/en\/#\/schema\/logo\/image\/\"},\"sameAs\":[\"https:\/\/www.facebook.com\/TheVintageTravelerFR\/\",\"https:\/\/www.instagram.com\/the_vintagetraveler\"]}]}<\/script>\n<!-- \/ Yoast SEO plugin. -->","yoast_head_json":{"title":"Herm\u00e8s HAC 40 Cuir Ardennes Noir Or 1998 | TheVintageTraveler","description":"Sac Herm\u00e8s HAC 40 en cuir Ardennes noir, finitions or, 1998. Rare, \u00e9l\u00e9gant et certifi\u00e9. Tr\u00e8s bon investissement dans le luxe intemporel.","robots":{"index":"index","follow":"follow","max-snippet":"max-snippet:-1","max-image-preview":"max-image-preview:large","max-video-preview":"max-video-preview:-1"},"canonical":"https:\/\/thevintagetraveler.com\/en\/produit\/hermes-hac-40-cuir-ardennes-noir-or-1998\/","og_locale":"en_US","og_type":"article","og_title":"Herm\u00e8s HAC 40 Cuir Ardennes Noir Or 1998 | TheVintageTraveler","og_description":"Sac Herm\u00e8s HAC 40 en cuir Ardennes noir, finitions or, 1998. Rare, \u00e9l\u00e9gant et certifi\u00e9. Tr\u00e8s bon investissement dans le luxe intemporel.","og_url":"https:\/\/thevintagetraveler.com\/en\/produit\/hermes-hac-40-cuir-ardennes-noir-or-1998\/","og_site_name":"TheVintageTraveler","article_publisher":"https:\/\/www.facebook.com\/TheVintageTravelerFR\/","article_modified_time":"2026-01-26T11:47:49+00:00","og_image":[{"width":1800,"height":2400,"url":"https:\/\/thevintagetraveler.com\/wp-content\/uploads\/2025\/08\/image00006.jpeg","type":"image\/jpeg"}],"twitter_card":"summary_large_image","twitter_misc":{"Est. reading time":"3 minutes"},"schema":{"@context":"https:\/\/schema.org","@graph":[{"@type":"WebPage","@id":"https:\/\/thevintagetraveler.com\/en\/produit\/hermes-hac-40-cuir-ardennes-noir-or-1998\/","url":"https:\/\/thevintagetraveler.com\/en\/produit\/hermes-hac-40-cuir-ardennes-noir-or-1998\/","name":"Herm\u00e8s HAC 40 Cuir Ardennes Noir Or 1998 | TheVintageTraveler","isPartOf":{"@id":"https:\/\/thevintagetraveler.com\/en\/#website"},"primaryImageOfPage":{"@id":"https:\/\/thevintagetraveler.com\/en\/produit\/hermes-hac-40-cuir-ardennes-noir-or-1998\/#primaryimage"},"image":{"@id":"https:\/\/thevintagetraveler.com\/en\/produit\/hermes-hac-40-cuir-ardennes-noir-or-1998\/#primaryimage"},"thumbnailUrl":"https:\/\/thevintagetraveler.com\/wp-content\/uploads\/2025\/08\/image00006.jpeg","datePublished":"2024-08-10T08:34:04+00:00","dateModified":"2026-01-26T11:47:49+00:00","description":"Sac Herm\u00e8s HAC 40 en cuir Ardennes noir, finitions or, 1998. Rare, \u00e9l\u00e9gant et certifi\u00e9. Tr\u00e8s bon investissement dans le luxe intemporel.","breadcrumb":{"@id":"https:\/\/thevintagetraveler.com\/en\/produit\/hermes-hac-40-cuir-ardennes-noir-or-1998\/#breadcrumb"},"inLanguage":"en-US","potentialAction":[{"@type":"ReadAction","target":["https:\/\/thevintagetraveler.com\/en\/produit\/hermes-hac-40-cuir-ardennes-noir-or-1998\/"]}]},{"@type":"ImageObject","inLanguage":"en-US","@id":"https:\/\/thevintagetraveler.com\/en\/produit\/hermes-hac-40-cuir-ardennes-noir-or-1998\/#primaryimage","url":"https:\/\/thevintagetraveler.com\/wp-content\/uploads\/2025\/08\/image00006.jpeg","contentUrl":"https:\/\/thevintagetraveler.com\/wp-content\/uploads\/2025\/08\/image00006.jpeg","width":1800,"height":2400,"caption":"sac Herm\u00e8s HAC 40 cuir Ardennes noir or 1998"},{"@type":"BreadcrumbList","@id":"https:\/\/thevintagetraveler.com\/en\/produit\/hermes-hac-40-cuir-ardennes-noir-or-1998\/#breadcrumb","itemListElement":[{"@type":"ListItem","position":1,"name":"Accueil","item":"https:\/\/thevintagetraveler.com\/en\/"},{"@type":"ListItem","position":2,"name":"Shop","item":"https:\/\/thevintagetraveler.com\/shop\/"},{"@type":"ListItem","position":3,"name":"Sac Herm\u00e8s HAC 40 Ardennes noir gold"}]},{"@type":"WebSite","@id":"https:\/\/thevintagetraveler.com\/en\/#website","url":"https:\/\/thevintagetraveler.com\/en\/","name":"TheVintageTraveler","description":"Luxury experts in Louis Vuitton, Chanel &amp; Herm\u00e8s","publisher":{"@id":"https:\/\/thevintagetraveler.com\/en\/#organization"},"potentialAction":[{"@type":"SearchAction","target":{"@type":"EntryPoint","urlTemplate":"https:\/\/thevintagetraveler.com\/en\/?s={search_term_string}"},"query-input":{"@type":"PropertyValueSpecification","valueRequired":true,"valueName":"search_term_string"}}],"inLanguage":"en-US"},{"@type":"Organization","@id":"https:\/\/thevintagetraveler.com\/en\/#organization","name":"TheVintageTraveler","url":"https:\/\/thevintagetraveler.com\/en\/","logo":{"@type":"ImageObject","inLanguage":"en-US","@id":"https:\/\/thevintagetraveler.com\/en\/#\/schema\/logo\/image\/","url":"https:\/\/thevintagetraveler.com\/wp-content\/uploads\/2025\/04\/LOGO-THE-VINTAGE-TRAVELER-FINAL-e1745392697678.png","contentUrl":"https:\/\/thevintagetraveler.com\/wp-content\/uploads\/2025\/04\/LOGO-THE-VINTAGE-TRAVELER-FINAL-e1745392697678.png","width":798,"height":318,"caption":"TheVintageTraveler"},"image":{"@id":"https:\/\/thevintagetraveler.com\/en\/#\/schema\/logo\/image\/"},"sameAs":["https:\/\/www.facebook.com\/TheVintageTravelerFR\/","https:\/\/www.instagram.com\/the_vintagetraveler"]}]}},"_links":{"self":[{"href":"https:\/\/thevintagetraveler.com\/en\/wp-json\/wp\/v2\/product\/5564","targetHints":{"allow":["GET"]}}],"collection":[{"href":"https:\/\/thevintagetraveler.com\/en\/wp-json\/wp\/v2\/product"}],"about":[{"href":"https:\/\/thevintagetraveler.com\/en\/wp-json\/wp\/v2\/types\/product"}],"wp:featuredmedia":[{"embeddable":true,"href":"https:\/\/thevintagetraveler.com\/en\/wp-json\/wp\/v2\/media\/5570"}],"wp:attachment":[{"href":"https:\/\/thevintagetraveler.com\/en\/wp-json\/wp\/v2\/media?parent=5564"}],"wp:term":[{"taxonomy":"product_brand","embeddable":true,"href":"https:\/\/thevintagetraveler.com\/en\/wp-json\/wp\/v2\/product_brand?post=5564"},{"taxonomy":"product_cat","embeddable":true,"href":"https:\/\/thevintagetraveler.com\/en\/wp-json\/wp\/v2\/product_cat?post=5564"},{"taxonomy":"product_tag","embeddable":true,"href":"https:\/\/thevintagetraveler.com\/en\/wp-json\/wp\/v2\/product_tag?post=5564"}],"curies":[{"name":"wp","href":"https:\/\/api.w.org\/{rel}","templated":true}]}}