{"id":5851,"date":"2025-09-18T17:06:29","date_gmt":"2025-09-18T15:06:29","guid":{"rendered":"https:\/\/thevintagetraveler.com\/?post_type=product&#038;p=5851"},"modified":"2025-09-18T17:13:18","modified_gmt":"2025-09-18T15:13:18","slug":"bracelet-tiffany-argent-massif-fifth-avenue","status":"publish","type":"product","link":"https:\/\/thevintagetraveler.com\/en\/produit\/bracelet-tiffany-argent-massif-fifth-avenue\/","title":{"rendered":"Bracelet Tiffany &#038; Co Argent Massif New York"},"content":{"rendered":"<h3 data-start=\"1058\" data-end=\"1129\">Bracelet Tiffany &amp; Co. \u2013 Argent Massif, Marquage Fifth Avenue 10022<\/h3>\n<p data-start=\"1131\" data-end=\"1421\">Ce <strong data-start=\"1134\" data-end=\"1171\">bracelet Tiffany en argent massif<\/strong>, portant l\u2019inscription <strong data-start=\"1195\" data-end=\"1226\">New York Fifth Avenue 10022<\/strong>, est une <strong data-start=\"1236\" data-end=\"1281\">pi\u00e8ce iconique de la maison Tiffany &amp; Co.<\/strong> Livr\u00e9 avec sa <strong data-start=\"1296\" data-end=\"1315\">bo\u00eete d\u2019origine<\/strong>, il incarne l\u2019<strong data-start=\"1330\" data-end=\"1384\">\u00e9l\u00e9gance new-yorkaise et le raffinement intemporel<\/strong> qui font la renomm\u00e9e de la maison.<\/p>\n<hr data-start=\"1423\" data-end=\"1426\" \/>\n<h3 data-start=\"1428\" data-end=\"1485\">Tiffany &amp; Co. : l\u2019adresse mythique de la Fifth Avenue<\/h3>\n<ul data-start=\"1487\" data-end=\"1816\">\n<li data-start=\"1487\" data-end=\"1615\">\n<p data-start=\"1489\" data-end=\"1615\">Le marquage <strong data-start=\"1501\" data-end=\"1534\">\u201cNew York Fifth Avenue 10022\u201d<\/strong> fait r\u00e9f\u00e9rence \u00e0 l\u2019adresse embl\u00e9matique du flagship Tiffany &amp; Co. \u00e0 Manhattan.<\/p>\n<\/li>\n<li data-start=\"1616\" data-end=\"1703\">\n<p data-start=\"1618\" data-end=\"1703\">Une signature qui conf\u00e8re au bracelet une <strong data-start=\"1660\" data-end=\"1700\">dimension patrimoniale et historique<\/strong>.<\/p>\n<\/li>\n<li data-start=\"1704\" data-end=\"1816\">\n<p data-start=\"1706\" data-end=\"1816\">Symbole du <strong data-start=\"1717\" data-end=\"1735\"><a href=\"https:\/\/thevintagetraveler.com\/histoire-sac-hermes-birkin\/\">luxe<\/a> am\u00e9ricain<\/strong>, Tiffany est mondialement reconnu pour ses bijoux raffin\u00e9s en argent et en or.<\/p>\n<\/li>\n<\/ul>\n<hr data-start=\"1818\" data-end=\"1821\" \/>\n<h3 data-start=\"1823\" data-end=\"1868\">Argent massif : \u00e9l\u00e9gance et intemporalit\u00e9<\/h3>\n<ul data-start=\"1870\" data-end=\"2137\">\n<li data-start=\"1870\" data-end=\"1936\">\n<p data-start=\"1872\" data-end=\"1936\"><strong data-start=\"1872\" data-end=\"1898\">Argent 925\/1000 massif<\/strong>, m\u00e9tal pr\u00e9cieux durable et raffin\u00e9.<\/p>\n<\/li>\n<li data-start=\"1937\" data-end=\"2008\">\n<p data-start=\"1939\" data-end=\"2008\">Finition polie et brillante, caract\u00e9ristique des cr\u00e9ations Tiffany.<\/p>\n<\/li>\n<li data-start=\"2009\" data-end=\"2077\">\n<p data-start=\"2011\" data-end=\"2077\">Polyvalent, ce bracelet peut \u00eatre port\u00e9 seul ou en accumulation.<\/p>\n<\/li>\n<li data-start=\"2078\" data-end=\"2137\">\n<p data-start=\"2080\" data-end=\"2137\">Sa sobri\u00e9t\u00e9 en fait un bijou <strong data-start=\"2109\" data-end=\"2134\">unisexe et intemporel<\/strong>.<\/p>\n<\/li>\n<\/ul>\n<hr data-start=\"2139\" data-end=\"2142\" \/>\n<h3 data-start=\"2144\" data-end=\"2175\">Caract\u00e9ristiques du produit<\/h3>\n<ul data-start=\"2177\" data-end=\"2504\">\n<li data-start=\"2177\" data-end=\"2207\">\n<p data-start=\"2179\" data-end=\"2207\"><strong data-start=\"2179\" data-end=\"2191\">Marque :<\/strong> Tiffany &amp; Co.<\/p>\n<\/li>\n<li data-start=\"2208\" data-end=\"2277\">\n<p data-start=\"2210\" data-end=\"2277\"><strong data-start=\"2210\" data-end=\"2222\">Mod\u00e8le :<\/strong> Bracelet argent massif \u2013 marquage Fifth Avenue 10022<\/p>\n<\/li>\n<li data-start=\"2278\" data-end=\"2311\">\n<p data-start=\"2280\" data-end=\"2311\"><strong data-start=\"2280\" data-end=\"2293\">Mati\u00e8re :<\/strong> Argent 925\/1000<\/p>\n<\/li>\n<li data-start=\"2312\" data-end=\"2361\">\n<p data-start=\"2314\" data-end=\"2361\"><strong data-start=\"2314\" data-end=\"2331\">Inscription :<\/strong> New York Fifth Avenue 10022<\/p>\n<\/li>\n<li data-start=\"2362\" data-end=\"2425\">\n<p data-start=\"2364\" data-end=\"2425\"><strong data-start=\"2364\" data-end=\"2374\">\u00c9tat :<\/strong> Tr\u00e8s bon \u2013 argent brillant, avec bo\u00eete d\u2019origine<\/p>\n<\/li>\n<li data-start=\"2426\" data-end=\"2504\">\n<p data-start=\"2428\" data-end=\"2504\"><strong data-start=\"2428\" data-end=\"2450\">Authentification :<\/strong> Certifi\u00e9 \u2013 livr\u00e9 avec certificat TheVintageTraveler<\/p>\n<\/li>\n<\/ul>\n<hr data-start=\"2506\" data-end=\"2509\" \/>\n<h3 data-start=\"2511\" data-end=\"2541\">Un bijou rare et recherch\u00e9<\/h3>\n<p data-start=\"2543\" data-end=\"2581\">Ce bracelet Tiffany est id\u00e9al pour :<\/p>\n<ul data-start=\"2583\" data-end=\"2854\">\n<li data-start=\"2583\" data-end=\"2648\">\n<p data-start=\"2585\" data-end=\"2648\">Les passionn\u00e9s de <strong data-start=\"2603\" data-end=\"2645\">bijoux Tiffany vintage et patrimoniaux<\/strong>.<\/p>\n<\/li>\n<li data-start=\"2649\" data-end=\"2704\">\n<p data-start=\"2651\" data-end=\"2704\">Offrir un <strong data-start=\"2661\" data-end=\"2690\">cadeau de luxe intemporel<\/strong> et \u00e9l\u00e9gant.<\/p>\n<\/li>\n<li data-start=\"2705\" data-end=\"2787\">\n<p data-start=\"2707\" data-end=\"2787\"><strong data-start=\"2707\" data-end=\"2749\">Collectionner des pi\u00e8ces embl\u00e9matiques<\/strong> li\u00e9es \u00e0 l\u2019histoire de Tiffany &amp; Co.<\/p>\n<\/li>\n<li data-start=\"2788\" data-end=\"2854\">\n<p data-start=\"2790\" data-end=\"2854\">Porter un bijou discret mais charg\u00e9 de sens et d\u2019authenticit\u00e9.<\/p>\n<\/li>\n<\/ul>\n<hr data-start=\"2856\" data-end=\"2859\" \/>\n<h3 data-start=\"2861\" data-end=\"2922\">Pourquoi investir dans un bracelet Tiffany Fifth Avenue ?<\/h3>\n<ul data-start=\"2924\" data-end=\"3210\">\n<li data-start=\"2924\" data-end=\"2995\">\n<p data-start=\"2926\" data-end=\"2995\"><strong data-start=\"2926\" data-end=\"2976\">R\u00e9f\u00e9rence directe \u00e0 l\u2019adresse mythique Tiffany<\/strong>, gage de valeur.<\/p>\n<\/li>\n<li data-start=\"2996\" data-end=\"3045\">\n<p data-start=\"2998\" data-end=\"3045\"><strong data-start=\"2998\" data-end=\"3015\">Argent massif<\/strong>, m\u00e9tal pr\u00e9cieux intemporel.<\/p>\n<\/li>\n<li data-start=\"3046\" data-end=\"3113\">\n<p data-start=\"3048\" data-end=\"3113\"><strong data-start=\"3048\" data-end=\"3072\">Avec bo\u00eete d\u2019origine<\/strong>, ce qui augmente la valeur collection.<\/p>\n<\/li>\n<li data-start=\"3114\" data-end=\"3210\">\n<p data-start=\"3116\" data-end=\"3210\">Tiffany &amp; Co. reste une <strong data-start=\"3140\" data-end=\"3159\">maison iconique<\/strong>, pris\u00e9e des collectionneurs et amateurs de luxe.<\/p>\n<\/li>\n<\/ul>\n<hr data-start=\"3212\" data-end=\"3215\" \/>\n<h3 data-start=\"3217\" data-end=\"3263\">Pourquoi acheter chez TheVintageTraveler ?<\/h3>\n<p data-start=\"3265\" data-end=\"3314\">Chez <strong data-start=\"3270\" data-end=\"3292\">TheVintageTraveler<\/strong>, chaque bijou est :<\/p>\n<ul data-start=\"3316\" data-end=\"3602\">\n<li data-start=\"3316\" data-end=\"3376\">\n<p data-start=\"3318\" data-end=\"3376\"><strong data-start=\"3318\" data-end=\"3346\">Authentifi\u00e9 avec rigueur<\/strong>, \u00e9tat et origine confirm\u00e9s.<\/p>\n<\/li>\n<li data-start=\"3377\" data-end=\"3440\">\n<p data-start=\"3379\" data-end=\"3440\">S\u00e9lectionn\u00e9 pour sa <strong data-start=\"3399\" data-end=\"3437\">qualit\u00e9, sa raret\u00e9 et son prestige<\/strong>.<\/p>\n<\/li>\n<li data-start=\"3441\" data-end=\"3486\">\n<p data-start=\"3443\" data-end=\"3486\">Livr\u00e9 avec <strong data-start=\"3454\" data-end=\"3483\">certificat d\u2019authenticit\u00e9<\/strong>.<\/p>\n<\/li>\n<li data-start=\"3487\" data-end=\"3602\">\n<p data-start=\"3489\" data-end=\"3602\">Disponible en <strong data-start=\"3503\" data-end=\"3554\">retrait showroom (March\u00e9 Serpette \u2013 Saint-Ouen)<\/strong> ou en <strong data-start=\"3561\" data-end=\"3599\">livraison internationale s\u00e9curis\u00e9e<\/strong>.<\/p>\n<\/li>\n<\/ul>\n<hr data-start=\"3604\" data-end=\"3607\" \/>\n<h3 data-start=\"3609\" data-end=\"3623\">Conclusion<\/h3>\n<p data-start=\"3625\" data-end=\"3925\">Ce <strong data-start=\"3628\" data-end=\"3671\">bracelet Tiffany &amp; Co. en argent massif<\/strong>, marqu\u00e9 <strong data-start=\"3680\" data-end=\"3711\">New York Fifth Avenue 10022<\/strong>, est une <strong data-start=\"3721\" data-end=\"3747\">pi\u00e8ce rare et \u00e9l\u00e9gante<\/strong>, livr\u00e9e avec sa <strong data-start=\"3764\" data-end=\"3783\">bo\u00eete d\u2019origine<\/strong>. \u00c0 la fois bijou de luxe, objet patrimonial et <strong data-start=\"3831\" data-end=\"3859\">excellent investissement<\/strong>, il incarne le <strong data-start=\"3875\" data-end=\"3922\">raffinement intemporel de la maison Tiffany<\/strong>.<\/p>\n<p>Suivez &#8211; nous sur <a href=\"https:\/\/www.facebook.com\/TheVintageTravelerFR\">Facebook<\/a> et <a href=\"https:\/\/www.instagram.com\/the_vintagetraveler\/?igsh=aXdsbDJkdnpwZjcx#\">Instagram<\/a><\/p>\n","protected":false},"excerpt":{"rendered":"<p>Bracelet Tiffany &amp; Co. en argent massif, marqu\u00e9 New York Fifth Avenue 10022. Avec bo\u00eete d\u2019origine. \u00c9l\u00e9gant, rare et certifi\u00e9.<\/p>\n","protected":false},"featured_media":5855,"template":"","meta":[],"product_brand":[],"product_cat":[123,197,140],"product_tag":[136],"class_list":{"0":"post-5851","1":"product","2":"type-product","3":"status-publish","4":"has-post-thumbnail","6":"product_cat-bijoux-de-luxe-vintage","7":"product_cat-bijoux-de-luxe","8":"product_cat-nouveautes","9":"product_tag-hermes","11":"first","12":"instock","13":"sold-individually","14":"shipping-taxable","15":"purchasable","16":"product-type-simple"},"yoast_head":"<!-- This site is optimized with the Yoast SEO plugin v27.1.1 - https:\/\/yoast.com\/product\/yoast-seo-wordpress\/ -->\n<title>Bracelet Tiffany Argent Massif Fifth Avenue | TheVintageTraveler<\/title>\n<meta name=\"description\" content=\"Bracelet Tiffany en argent massif, marqu\u00e9 New York Fifth Avenue 10022, avec bo\u00eete d\u2019origine. Pi\u00e8ce rare, \u00e9l\u00e9gante et certifi\u00e9e.\" \/>\n<meta name=\"robots\" content=\"index, follow, max-snippet:-1, max-image-preview:large, max-video-preview:-1\" \/>\n<link rel=\"canonical\" href=\"https:\/\/thevintagetraveler.com\/en\/produit\/bracelet-tiffany-argent-massif-fifth-avenue\/\" \/>\n<meta property=\"og:locale\" content=\"en_US\" \/>\n<meta property=\"og:type\" content=\"article\" \/>\n<meta property=\"og:title\" content=\"Bracelet Tiffany Argent Massif Fifth Avenue | TheVintageTraveler\" \/>\n<meta property=\"og:description\" content=\"Bracelet Tiffany en argent massif, marqu\u00e9 New York Fifth Avenue 10022, avec bo\u00eete d\u2019origine. Pi\u00e8ce rare, \u00e9l\u00e9gante et certifi\u00e9e.\" \/>\n<meta property=\"og:url\" content=\"https:\/\/thevintagetraveler.com\/en\/produit\/bracelet-tiffany-argent-massif-fifth-avenue\/\" \/>\n<meta property=\"og:site_name\" content=\"TheVintageTraveler\" \/>\n<meta property=\"article:publisher\" content=\"https:\/\/www.facebook.com\/TheVintageTravelerFR\/\" \/>\n<meta property=\"article:modified_time\" content=\"2025-09-18T15:13:18+00:00\" \/>\n<meta property=\"og:image\" content=\"https:\/\/thevintagetraveler.com\/wp-content\/uploads\/2025\/09\/image00014.jpeg\" \/>\n\t<meta property=\"og:image:width\" content=\"1956\" \/>\n\t<meta property=\"og:image:height\" content=\"2400\" \/>\n\t<meta property=\"og:image:type\" content=\"image\/jpeg\" \/>\n<meta name=\"twitter:card\" content=\"summary_large_image\" \/>\n<meta name=\"twitter:label1\" content=\"Est. reading time\" \/>\n\t<meta name=\"twitter:data1\" content=\"3 minutes\" \/>\n<script type=\"application\/ld+json\" class=\"yoast-schema-graph\">{\"@context\":\"https:\/\/schema.org\",\"@graph\":[{\"@type\":\"WebPage\",\"@id\":\"https:\/\/thevintagetraveler.com\/en\/produit\/bracelet-tiffany-argent-massif-fifth-avenue\/\",\"url\":\"https:\/\/thevintagetraveler.com\/en\/produit\/bracelet-tiffany-argent-massif-fifth-avenue\/\",\"name\":\"Bracelet Tiffany Argent Massif Fifth Avenue | TheVintageTraveler\",\"isPartOf\":{\"@id\":\"https:\/\/thevintagetraveler.com\/en\/#website\"},\"primaryImageOfPage\":{\"@id\":\"https:\/\/thevintagetraveler.com\/en\/produit\/bracelet-tiffany-argent-massif-fifth-avenue\/#primaryimage\"},\"image\":{\"@id\":\"https:\/\/thevintagetraveler.com\/en\/produit\/bracelet-tiffany-argent-massif-fifth-avenue\/#primaryimage\"},\"thumbnailUrl\":\"https:\/\/thevintagetraveler.com\/wp-content\/uploads\/2025\/09\/image00014.jpeg\",\"datePublished\":\"2025-09-18T15:06:29+00:00\",\"dateModified\":\"2025-09-18T15:13:18+00:00\",\"description\":\"Bracelet Tiffany en argent massif, marqu\u00e9 New York Fifth Avenue 10022, avec bo\u00eete d\u2019origine. Pi\u00e8ce rare, \u00e9l\u00e9gante et certifi\u00e9e.\",\"breadcrumb\":{\"@id\":\"https:\/\/thevintagetraveler.com\/en\/produit\/bracelet-tiffany-argent-massif-fifth-avenue\/#breadcrumb\"},\"inLanguage\":\"en-US\",\"potentialAction\":[{\"@type\":\"ReadAction\",\"target\":[\"https:\/\/thevintagetraveler.com\/en\/produit\/bracelet-tiffany-argent-massif-fifth-avenue\/\"]}]},{\"@type\":\"ImageObject\",\"inLanguage\":\"en-US\",\"@id\":\"https:\/\/thevintagetraveler.com\/en\/produit\/bracelet-tiffany-argent-massif-fifth-avenue\/#primaryimage\",\"url\":\"https:\/\/thevintagetraveler.com\/wp-content\/uploads\/2025\/09\/image00014.jpeg\",\"contentUrl\":\"https:\/\/thevintagetraveler.com\/wp-content\/uploads\/2025\/09\/image00014.jpeg\",\"width\":1956,\"height\":2400,\"caption\":\"bracelet Tiffany argent massif New York Fifth Avenue 10022\"},{\"@type\":\"BreadcrumbList\",\"@id\":\"https:\/\/thevintagetraveler.com\/en\/produit\/bracelet-tiffany-argent-massif-fifth-avenue\/#breadcrumb\",\"itemListElement\":[{\"@type\":\"ListItem\",\"position\":1,\"name\":\"Accueil\",\"item\":\"https:\/\/thevintagetraveler.com\/en\/\"},{\"@type\":\"ListItem\",\"position\":2,\"name\":\"Shop\",\"item\":\"https:\/\/thevintagetraveler.com\/shop\/\"},{\"@type\":\"ListItem\",\"position\":3,\"name\":\"Bracelet Tiffany &#038; Co Argent Massif New York\"}]},{\"@type\":\"WebSite\",\"@id\":\"https:\/\/thevintagetraveler.com\/en\/#website\",\"url\":\"https:\/\/thevintagetraveler.com\/en\/\",\"name\":\"TheVintageTraveler\",\"description\":\"Luxury experts in Louis Vuitton, Chanel &amp; Herm\u00e8s\",\"publisher\":{\"@id\":\"https:\/\/thevintagetraveler.com\/en\/#organization\"},\"potentialAction\":[{\"@type\":\"SearchAction\",\"target\":{\"@type\":\"EntryPoint\",\"urlTemplate\":\"https:\/\/thevintagetraveler.com\/en\/?s={search_term_string}\"},\"query-input\":{\"@type\":\"PropertyValueSpecification\",\"valueRequired\":true,\"valueName\":\"search_term_string\"}}],\"inLanguage\":\"en-US\"},{\"@type\":\"Organization\",\"@id\":\"https:\/\/thevintagetraveler.com\/en\/#organization\",\"name\":\"TheVintageTraveler\",\"url\":\"https:\/\/thevintagetraveler.com\/en\/\",\"logo\":{\"@type\":\"ImageObject\",\"inLanguage\":\"en-US\",\"@id\":\"https:\/\/thevintagetraveler.com\/en\/#\/schema\/logo\/image\/\",\"url\":\"https:\/\/thevintagetraveler.com\/wp-content\/uploads\/2025\/04\/LOGO-THE-VINTAGE-TRAVELER-FINAL-e1745392697678.png\",\"contentUrl\":\"https:\/\/thevintagetraveler.com\/wp-content\/uploads\/2025\/04\/LOGO-THE-VINTAGE-TRAVELER-FINAL-e1745392697678.png\",\"width\":798,\"height\":318,\"caption\":\"TheVintageTraveler\"},\"image\":{\"@id\":\"https:\/\/thevintagetraveler.com\/en\/#\/schema\/logo\/image\/\"},\"sameAs\":[\"https:\/\/www.facebook.com\/TheVintageTravelerFR\/\",\"https:\/\/www.instagram.com\/the_vintagetraveler\"]}]}<\/script>\n<!-- \/ Yoast SEO plugin. -->","yoast_head_json":{"title":"Bracelet Tiffany Argent Massif Fifth Avenue | TheVintageTraveler","description":"Bracelet Tiffany en argent massif, marqu\u00e9 New York Fifth Avenue 10022, avec bo\u00eete d\u2019origine. Pi\u00e8ce rare, \u00e9l\u00e9gante et certifi\u00e9e.","robots":{"index":"index","follow":"follow","max-snippet":"max-snippet:-1","max-image-preview":"max-image-preview:large","max-video-preview":"max-video-preview:-1"},"canonical":"https:\/\/thevintagetraveler.com\/en\/produit\/bracelet-tiffany-argent-massif-fifth-avenue\/","og_locale":"en_US","og_type":"article","og_title":"Bracelet Tiffany Argent Massif Fifth Avenue | TheVintageTraveler","og_description":"Bracelet Tiffany en argent massif, marqu\u00e9 New York Fifth Avenue 10022, avec bo\u00eete d\u2019origine. Pi\u00e8ce rare, \u00e9l\u00e9gante et certifi\u00e9e.","og_url":"https:\/\/thevintagetraveler.com\/en\/produit\/bracelet-tiffany-argent-massif-fifth-avenue\/","og_site_name":"TheVintageTraveler","article_publisher":"https:\/\/www.facebook.com\/TheVintageTravelerFR\/","article_modified_time":"2025-09-18T15:13:18+00:00","og_image":[{"width":1956,"height":2400,"url":"https:\/\/thevintagetraveler.com\/wp-content\/uploads\/2025\/09\/image00014.jpeg","type":"image\/jpeg"}],"twitter_card":"summary_large_image","twitter_misc":{"Est. reading time":"3 minutes"},"schema":{"@context":"https:\/\/schema.org","@graph":[{"@type":"WebPage","@id":"https:\/\/thevintagetraveler.com\/en\/produit\/bracelet-tiffany-argent-massif-fifth-avenue\/","url":"https:\/\/thevintagetraveler.com\/en\/produit\/bracelet-tiffany-argent-massif-fifth-avenue\/","name":"Bracelet Tiffany Argent Massif Fifth Avenue | TheVintageTraveler","isPartOf":{"@id":"https:\/\/thevintagetraveler.com\/en\/#website"},"primaryImageOfPage":{"@id":"https:\/\/thevintagetraveler.com\/en\/produit\/bracelet-tiffany-argent-massif-fifth-avenue\/#primaryimage"},"image":{"@id":"https:\/\/thevintagetraveler.com\/en\/produit\/bracelet-tiffany-argent-massif-fifth-avenue\/#primaryimage"},"thumbnailUrl":"https:\/\/thevintagetraveler.com\/wp-content\/uploads\/2025\/09\/image00014.jpeg","datePublished":"2025-09-18T15:06:29+00:00","dateModified":"2025-09-18T15:13:18+00:00","description":"Bracelet Tiffany en argent massif, marqu\u00e9 New York Fifth Avenue 10022, avec bo\u00eete d\u2019origine. Pi\u00e8ce rare, \u00e9l\u00e9gante et certifi\u00e9e.","breadcrumb":{"@id":"https:\/\/thevintagetraveler.com\/en\/produit\/bracelet-tiffany-argent-massif-fifth-avenue\/#breadcrumb"},"inLanguage":"en-US","potentialAction":[{"@type":"ReadAction","target":["https:\/\/thevintagetraveler.com\/en\/produit\/bracelet-tiffany-argent-massif-fifth-avenue\/"]}]},{"@type":"ImageObject","inLanguage":"en-US","@id":"https:\/\/thevintagetraveler.com\/en\/produit\/bracelet-tiffany-argent-massif-fifth-avenue\/#primaryimage","url":"https:\/\/thevintagetraveler.com\/wp-content\/uploads\/2025\/09\/image00014.jpeg","contentUrl":"https:\/\/thevintagetraveler.com\/wp-content\/uploads\/2025\/09\/image00014.jpeg","width":1956,"height":2400,"caption":"bracelet Tiffany argent massif New York Fifth Avenue 10022"},{"@type":"BreadcrumbList","@id":"https:\/\/thevintagetraveler.com\/en\/produit\/bracelet-tiffany-argent-massif-fifth-avenue\/#breadcrumb","itemListElement":[{"@type":"ListItem","position":1,"name":"Accueil","item":"https:\/\/thevintagetraveler.com\/en\/"},{"@type":"ListItem","position":2,"name":"Shop","item":"https:\/\/thevintagetraveler.com\/shop\/"},{"@type":"ListItem","position":3,"name":"Bracelet Tiffany &#038; Co Argent Massif New York"}]},{"@type":"WebSite","@id":"https:\/\/thevintagetraveler.com\/en\/#website","url":"https:\/\/thevintagetraveler.com\/en\/","name":"TheVintageTraveler","description":"Luxury experts in Louis Vuitton, Chanel &amp; Herm\u00e8s","publisher":{"@id":"https:\/\/thevintagetraveler.com\/en\/#organization"},"potentialAction":[{"@type":"SearchAction","target":{"@type":"EntryPoint","urlTemplate":"https:\/\/thevintagetraveler.com\/en\/?s={search_term_string}"},"query-input":{"@type":"PropertyValueSpecification","valueRequired":true,"valueName":"search_term_string"}}],"inLanguage":"en-US"},{"@type":"Organization","@id":"https:\/\/thevintagetraveler.com\/en\/#organization","name":"TheVintageTraveler","url":"https:\/\/thevintagetraveler.com\/en\/","logo":{"@type":"ImageObject","inLanguage":"en-US","@id":"https:\/\/thevintagetraveler.com\/en\/#\/schema\/logo\/image\/","url":"https:\/\/thevintagetraveler.com\/wp-content\/uploads\/2025\/04\/LOGO-THE-VINTAGE-TRAVELER-FINAL-e1745392697678.png","contentUrl":"https:\/\/thevintagetraveler.com\/wp-content\/uploads\/2025\/04\/LOGO-THE-VINTAGE-TRAVELER-FINAL-e1745392697678.png","width":798,"height":318,"caption":"TheVintageTraveler"},"image":{"@id":"https:\/\/thevintagetraveler.com\/en\/#\/schema\/logo\/image\/"},"sameAs":["https:\/\/www.facebook.com\/TheVintageTravelerFR\/","https:\/\/www.instagram.com\/the_vintagetraveler"]}]}},"_links":{"self":[{"href":"https:\/\/thevintagetraveler.com\/en\/wp-json\/wp\/v2\/product\/5851","targetHints":{"allow":["GET"]}}],"collection":[{"href":"https:\/\/thevintagetraveler.com\/en\/wp-json\/wp\/v2\/product"}],"about":[{"href":"https:\/\/thevintagetraveler.com\/en\/wp-json\/wp\/v2\/types\/product"}],"wp:featuredmedia":[{"embeddable":true,"href":"https:\/\/thevintagetraveler.com\/en\/wp-json\/wp\/v2\/media\/5855"}],"wp:attachment":[{"href":"https:\/\/thevintagetraveler.com\/en\/wp-json\/wp\/v2\/media?parent=5851"}],"wp:term":[{"taxonomy":"product_brand","embeddable":true,"href":"https:\/\/thevintagetraveler.com\/en\/wp-json\/wp\/v2\/product_brand?post=5851"},{"taxonomy":"product_cat","embeddable":true,"href":"https:\/\/thevintagetraveler.com\/en\/wp-json\/wp\/v2\/product_cat?post=5851"},{"taxonomy":"product_tag","embeddable":true,"href":"https:\/\/thevintagetraveler.com\/en\/wp-json\/wp\/v2\/product_tag?post=5851"}],"curies":[{"name":"wp","href":"https:\/\/api.w.org\/{rel}","templated":true}]}}