{"id":5917,"date":"2024-09-23T18:05:42","date_gmt":"2024-09-23T16:05:42","guid":{"rendered":"https:\/\/thevintagetraveler.com\/?post_type=product&#038;p=5917"},"modified":"2026-01-26T12:46:57","modified_gmt":"2026-01-26T11:46:57","slug":"collier-chanel-vintage-choker-plaque-or-90s","status":"publish","type":"product","link":"https:\/\/thevintagetraveler.com\/en\/produit\/collier-chanel-vintage-choker-plaque-or-90s\/","title":{"rendered":"Collier Chanel Vintage Choker"},"content":{"rendered":"<h3 data-start=\"1021\" data-end=\"1077\">Collier Chanel Vintage Choker \u2013 Plaqu\u00e9 Or, Ann\u00e9es 90<\/h3>\n<p data-start=\"1079\" data-end=\"1424\">Ce <strong data-start=\"1082\" data-end=\"1108\">collier Chanel vintage<\/strong> est un <strong data-start=\"1116\" data-end=\"1136\">choker plaqu\u00e9 or<\/strong> datant des <strong data-start=\"1148\" data-end=\"1163\">ann\u00e9es 1990<\/strong>, reconnaissable \u00e0 sa <strong data-start=\"1185\" data-end=\"1246\">cha\u00eene torsad\u00e9e et son logo CC embl\u00e9matique sur le devant<\/strong>. Bijou iconique de la maison Chanel, il incarne l\u2019<strong data-start=\"1297\" data-end=\"1334\">esth\u00e9tique audacieuse et luxueuse<\/strong> des cr\u00e9ations de cette d\u00e9cennie, aujourd\u2019hui tr\u00e8s recherch\u00e9es par les collectionneuses.<\/p>\n<hr data-start=\"1426\" data-end=\"1429\" \/>\n<h3 data-start=\"1431\" data-end=\"1481\">Chanel dans les ann\u00e9es 90 : audace et opulence<\/h3>\n<ul data-start=\"1483\" data-end=\"1789\">\n<li data-start=\"1483\" data-end=\"1592\">\n<p data-start=\"1485\" data-end=\"1592\">Les bijoux <a href=\"https:\/\/thevintagetraveler.com\/vendre-sac-chanel-vintage\/\">Chanel<\/a> des ann\u00e9es 90 sont connus pour leurs <strong data-start=\"1540\" data-end=\"1589\">volumes imposants et leur plaqu\u00e9 or 24 carats<\/strong>.<\/p>\n<\/li>\n<li data-start=\"1593\" data-end=\"1685\">\n<p data-start=\"1595\" data-end=\"1685\">Ce choker illustre parfaitement cette \u00e9poque, avec son <strong data-start=\"1650\" data-end=\"1682\">design sculptural et affirm\u00e9<\/strong>.<\/p>\n<\/li>\n<li data-start=\"1686\" data-end=\"1789\">\n<p data-start=\"1688\" data-end=\"1789\">Le <strong data-start=\"1691\" data-end=\"1702\">logo CC<\/strong> en fa\u00e7ade en fait une <strong data-start=\"1725\" data-end=\"1763\">pi\u00e8ce imm\u00e9diatement reconnaissable<\/strong> et hautement d\u00e9sirable.<\/p>\n<\/li>\n<\/ul>\n<hr data-start=\"1791\" data-end=\"1794\" \/>\n<h3 data-start=\"1796\" data-end=\"1816\">D\u00e9tails du bijou<\/h3>\n<ul data-start=\"1818\" data-end=\"2185\">\n<li data-start=\"1818\" data-end=\"1841\">\n<p data-start=\"1820\" data-end=\"1841\"><strong data-start=\"1820\" data-end=\"1832\">Marque :<\/strong> Chanel<\/p>\n<\/li>\n<li data-start=\"1842\" data-end=\"1879\">\n<p data-start=\"1844\" data-end=\"1879\"><strong data-start=\"1844\" data-end=\"1854\">Type :<\/strong> Collier choker vintage<\/p>\n<\/li>\n<li data-start=\"1880\" data-end=\"1908\">\n<p data-start=\"1882\" data-end=\"1908\"><strong data-start=\"1882\" data-end=\"1894\">\u00c9poque :<\/strong> Ann\u00e9es 1990<\/p>\n<\/li>\n<li data-start=\"1909\" data-end=\"1936\">\n<p data-start=\"1911\" data-end=\"1936\"><strong data-start=\"1911\" data-end=\"1924\">Mati\u00e8re :<\/strong> Plaqu\u00e9 or<\/p>\n<\/li>\n<li data-start=\"1937\" data-end=\"1996\">\n<p data-start=\"1939\" data-end=\"1996\"><strong data-start=\"1939\" data-end=\"1951\">Design :<\/strong> Cha\u00eene torsad\u00e9e avec logo CC sur le devant<\/p>\n<\/li>\n<li data-start=\"1997\" data-end=\"2032\">\n<p data-start=\"1999\" data-end=\"2032\"><strong data-start=\"1999\" data-end=\"2010\">Port\u00e9 :<\/strong> Ras de cou \/ choker<\/p>\n<\/li>\n<li data-start=\"2033\" data-end=\"2106\">\n<p data-start=\"2035\" data-end=\"2106\"><strong data-start=\"2035\" data-end=\"2045\">\u00c9tat :<\/strong> Tr\u00e8s bon \u2013 petit perte de dorure sur le fermoir, logo net, fermoir fonctionnel<\/p>\n<\/li>\n<li data-start=\"2107\" data-end=\"2185\">\n<p data-start=\"2109\" data-end=\"2185\"><strong data-start=\"2109\" data-end=\"2131\">Authentification :<\/strong> Certifi\u00e9 \u2013 livr\u00e9 avec certificat TheVintageTraveler<\/p>\n<\/li>\n<\/ul>\n<hr data-start=\"2187\" data-end=\"2190\" \/>\n<h3 data-start=\"2192\" data-end=\"2226\">Un bijou iconique et versatile<\/h3>\n<p data-start=\"2228\" data-end=\"2259\">Ce collier est parfait pour :<\/p>\n<ul data-start=\"2261\" data-end=\"2543\">\n<li data-start=\"2261\" data-end=\"2331\">\n<p data-start=\"2263\" data-end=\"2331\">Apporter une <strong data-start=\"2276\" data-end=\"2302\">touche chic et vintage<\/strong> \u00e0 une tenue contemporaine.<\/p>\n<\/li>\n<li data-start=\"2332\" data-end=\"2399\">\n<p data-start=\"2334\" data-end=\"2399\">\u00catre port\u00e9 en soir\u00e9e ou au quotidien comme <strong data-start=\"2377\" data-end=\"2396\">pi\u00e8ce statement<\/strong>.<\/p>\n<\/li>\n<li data-start=\"2400\" data-end=\"2458\">\n<p data-start=\"2402\" data-end=\"2458\">Compl\u00e9ter une <strong data-start=\"2416\" data-end=\"2455\">collection de bijoux Chanel vintage<\/strong>.<\/p>\n<\/li>\n<li data-start=\"2459\" data-end=\"2543\">\n<p data-start=\"2461\" data-end=\"2543\">Un <strong data-start=\"2464\" data-end=\"2486\">investissement s\u00fbr<\/strong>, les bijoux Chanel des ann\u00e9es 80-90 \u00e9tant tr\u00e8s pris\u00e9s.<\/p>\n<\/li>\n<\/ul>\n<hr data-start=\"2545\" data-end=\"2548\" \/>\n<h3 data-start=\"2550\" data-end=\"2611\">Pourquoi investir dans un collier Chanel vintage choker ?<\/h3>\n<ul data-start=\"2613\" data-end=\"2941\">\n<li data-start=\"2613\" data-end=\"2677\">\n<p data-start=\"2615\" data-end=\"2677\"><strong data-start=\"2615\" data-end=\"2629\">Pi\u00e8ce rare<\/strong> sur le march\u00e9, particuli\u00e8rement en plaqu\u00e9 or.<\/p>\n<\/li>\n<li data-start=\"2678\" data-end=\"2737\">\n<p data-start=\"2680\" data-end=\"2737\"><strong data-start=\"2680\" data-end=\"2693\">\u00c9poque 90<\/strong>, p\u00e9riode embl\u00e9matique de l\u2019audace Chanel.<\/p>\n<\/li>\n<li data-start=\"2738\" data-end=\"2798\">\n<p data-start=\"2740\" data-end=\"2798\"><strong data-start=\"2740\" data-end=\"2751\">Logo CC<\/strong> en fa\u00e7ade, gage de reconnaissance imm\u00e9diate.<\/p>\n<\/li>\n<li data-start=\"2799\" data-end=\"2866\">\n<p data-start=\"2801\" data-end=\"2866\"><strong data-start=\"2801\" data-end=\"2824\">Valeur patrimoniale<\/strong> forte sur le march\u00e9 des bijoux vintage.<\/p>\n<\/li>\n<li data-start=\"2867\" data-end=\"2941\">\n<p data-start=\"2869\" data-end=\"2941\"><strong data-start=\"2869\" data-end=\"2891\">Demande croissante<\/strong> aupr\u00e8s des collectionneurs et amateurs de mode.<\/p>\n<\/li>\n<\/ul>\n<hr data-start=\"2943\" data-end=\"2946\" \/>\n<h3 data-start=\"2948\" data-end=\"2994\">Pourquoi acheter chez TheVintageTraveler ?<\/h3>\n<p data-start=\"2996\" data-end=\"3052\">Chez <strong data-start=\"3001\" data-end=\"3023\">TheVintageTraveler<\/strong>, chaque bijou Chanel est :<\/p>\n<ul data-start=\"3054\" data-end=\"3329\">\n<li data-start=\"3054\" data-end=\"3115\">\n<p data-start=\"3056\" data-end=\"3115\"><strong data-start=\"3056\" data-end=\"3084\">Expertis\u00e9 et authentifi\u00e9<\/strong>, avec tra\u00e7abilit\u00e9 confirm\u00e9e.<\/p>\n<\/li>\n<li data-start=\"3116\" data-end=\"3175\">\n<p data-start=\"3118\" data-end=\"3175\">S\u00e9lectionn\u00e9 pour sa <strong data-start=\"3138\" data-end=\"3172\">raret\u00e9 et sa valeur esth\u00e9tique<\/strong>.<\/p>\n<\/li>\n<li data-start=\"3176\" data-end=\"3221\">\n<p data-start=\"3178\" data-end=\"3221\">Livr\u00e9 avec <strong data-start=\"3189\" data-end=\"3218\">certificat d\u2019authenticit\u00e9<\/strong>.<\/p>\n<\/li>\n<li data-start=\"3222\" data-end=\"3329\">\n<p data-start=\"3224\" data-end=\"3329\">Disponible en <strong data-start=\"3238\" data-end=\"3281\">showroom (March\u00e9 Serpette \u2013 Saint-Ouen)<\/strong> ou en <strong data-start=\"3288\" data-end=\"3326\">livraison internationale s\u00e9curis\u00e9e<\/strong>.<\/p>\n<\/li>\n<\/ul>\n<hr data-start=\"3331\" data-end=\"3334\" \/>\n<h3 data-start=\"3336\" data-end=\"3350\">Conclusion<\/h3>\n<p data-start=\"3352\" data-end=\"3666\">Ce <strong data-start=\"3355\" data-end=\"3412\">collier Chanel vintage choker plaqu\u00e9 or des ann\u00e9es 90<\/strong>, avec sa <strong data-start=\"3422\" data-end=\"3465\">cha\u00eene torsad\u00e9e et son logo CC iconique<\/strong>, est une <strong data-start=\"3475\" data-end=\"3505\">pi\u00e8ce embl\u00e9matique et rare<\/strong> de l\u2019histoire de la maison. \u00c0 la fois <strong data-start=\"3544\" data-end=\"3586\">bijou statement et objet de collection<\/strong>, il repr\u00e9sente un <strong data-start=\"3605\" data-end=\"3663\">excellent investissement dans l\u2019univers Chanel vintage<\/strong>.<\/p>\n<p>Suivez &#8211; nous sur <a href=\"https:\/\/www.facebook.com\/TheVintageTravelerFR\">Facebook<\/a> et <a href=\"https:\/\/www.instagram.com\/the_vintagetraveler\/?igsh=aXdsbDJkdnpwZjcx#\">Instagram<\/a><\/p>\n","protected":false},"excerpt":{"rendered":"<p>&nbsp;<\/p>\n<p>&nbsp;<\/p>\n<p>Collier Chanel vintage choker plaqu\u00e9 or, ann\u00e9es 90. Cha\u00eene torsad\u00e9e avec logo CC. Bijou iconique, rare et certifi\u00e9.<\/p>\n","protected":false},"featured_media":5919,"template":"","meta":[],"product_brand":[],"product_cat":[302,124,274],"product_tag":[166,287],"class_list":{"0":"post-5917","1":"product","2":"type-product","3":"status-publish","4":"has-post-thumbnail","6":"product_cat-jewelry","7":"product_cat-chanel-bijoux","8":"product_cat-news","9":"product_tag-bijouxchanel","10":"product_tag-chanel","12":"first","13":"outofstock","14":"sold-individually","15":"shipping-taxable","16":"purchasable","17":"product-type-simple"},"yoast_head":"<!-- This site is optimized with the Yoast SEO plugin v27.1.1 - https:\/\/yoast.com\/product\/yoast-seo-wordpress\/ -->\n<title>Collier Chanel Vintage Choker Plaqu\u00e9 Or 90s | TheVintageTraveler<\/title>\n<meta name=\"description\" content=\"Collier Chanel vintage choker des ann\u00e9es 90, plaqu\u00e9 or. Cha\u00eene torsad\u00e9e avec logo CC. Pi\u00e8ce rare et certifi\u00e9e. Bijou iconique Chanel.\" \/>\n<meta name=\"robots\" content=\"index, follow, max-snippet:-1, max-image-preview:large, max-video-preview:-1\" \/>\n<link rel=\"canonical\" href=\"https:\/\/thevintagetraveler.com\/en\/produit\/collier-chanel-vintage-choker-plaque-or-90s\/\" \/>\n<meta property=\"og:locale\" content=\"en_US\" \/>\n<meta property=\"og:type\" content=\"article\" \/>\n<meta property=\"og:title\" content=\"Collier Chanel Vintage Choker Plaqu\u00e9 Or 90s | TheVintageTraveler\" \/>\n<meta property=\"og:description\" content=\"Collier Chanel vintage choker des ann\u00e9es 90, plaqu\u00e9 or. Cha\u00eene torsad\u00e9e avec logo CC. Pi\u00e8ce rare et certifi\u00e9e. Bijou iconique Chanel.\" \/>\n<meta property=\"og:url\" content=\"https:\/\/thevintagetraveler.com\/en\/produit\/collier-chanel-vintage-choker-plaque-or-90s\/\" \/>\n<meta property=\"og:site_name\" content=\"TheVintageTraveler\" \/>\n<meta property=\"article:publisher\" content=\"https:\/\/www.facebook.com\/TheVintageTravelerFR\/\" \/>\n<meta property=\"article:modified_time\" content=\"2026-01-26T11:46:57+00:00\" \/>\n<meta property=\"og:image\" content=\"https:\/\/thevintagetraveler.com\/wp-content\/uploads\/2025\/09\/20250922_111503.jpg\" \/>\n\t<meta property=\"og:image:width\" content=\"1920\" \/>\n\t<meta property=\"og:image:height\" content=\"2560\" \/>\n\t<meta property=\"og:image:type\" content=\"image\/jpeg\" \/>\n<meta name=\"twitter:card\" content=\"summary_large_image\" \/>\n<meta name=\"twitter:label1\" content=\"Est. reading time\" \/>\n\t<meta name=\"twitter:data1\" content=\"3 minutes\" \/>\n<script type=\"application\/ld+json\" class=\"yoast-schema-graph\">{\"@context\":\"https:\/\/schema.org\",\"@graph\":[{\"@type\":\"WebPage\",\"@id\":\"https:\/\/thevintagetraveler.com\/en\/produit\/collier-chanel-vintage-choker-plaque-or-90s\/\",\"url\":\"https:\/\/thevintagetraveler.com\/en\/produit\/collier-chanel-vintage-choker-plaque-or-90s\/\",\"name\":\"Collier Chanel Vintage Choker Plaqu\u00e9 Or 90s | TheVintageTraveler\",\"isPartOf\":{\"@id\":\"https:\/\/thevintagetraveler.com\/en\/#website\"},\"primaryImageOfPage\":{\"@id\":\"https:\/\/thevintagetraveler.com\/en\/produit\/collier-chanel-vintage-choker-plaque-or-90s\/#primaryimage\"},\"image\":{\"@id\":\"https:\/\/thevintagetraveler.com\/en\/produit\/collier-chanel-vintage-choker-plaque-or-90s\/#primaryimage\"},\"thumbnailUrl\":\"https:\/\/thevintagetraveler.com\/wp-content\/uploads\/2025\/09\/20250922_111503.jpg\",\"datePublished\":\"2024-09-23T16:05:42+00:00\",\"dateModified\":\"2026-01-26T11:46:57+00:00\",\"description\":\"Collier Chanel vintage choker des ann\u00e9es 90, plaqu\u00e9 or. Cha\u00eene torsad\u00e9e avec logo CC. Pi\u00e8ce rare et certifi\u00e9e. Bijou iconique Chanel.\",\"breadcrumb\":{\"@id\":\"https:\/\/thevintagetraveler.com\/en\/produit\/collier-chanel-vintage-choker-plaque-or-90s\/#breadcrumb\"},\"inLanguage\":\"en-US\",\"potentialAction\":[{\"@type\":\"ReadAction\",\"target\":[\"https:\/\/thevintagetraveler.com\/en\/produit\/collier-chanel-vintage-choker-plaque-or-90s\/\"]}]},{\"@type\":\"ImageObject\",\"inLanguage\":\"en-US\",\"@id\":\"https:\/\/thevintagetraveler.com\/en\/produit\/collier-chanel-vintage-choker-plaque-or-90s\/#primaryimage\",\"url\":\"https:\/\/thevintagetraveler.com\/wp-content\/uploads\/2025\/09\/20250922_111503.jpg\",\"contentUrl\":\"https:\/\/thevintagetraveler.com\/wp-content\/uploads\/2025\/09\/20250922_111503.jpg\",\"width\":1920,\"height\":2560,\"caption\":\"collier Chanel vintage choker plaqu\u00e9 or ann\u00e9es 90\"},{\"@type\":\"BreadcrumbList\",\"@id\":\"https:\/\/thevintagetraveler.com\/en\/produit\/collier-chanel-vintage-choker-plaque-or-90s\/#breadcrumb\",\"itemListElement\":[{\"@type\":\"ListItem\",\"position\":1,\"name\":\"Accueil\",\"item\":\"https:\/\/thevintagetraveler.com\/en\/\"},{\"@type\":\"ListItem\",\"position\":2,\"name\":\"Shop\",\"item\":\"https:\/\/thevintagetraveler.com\/shop\/\"},{\"@type\":\"ListItem\",\"position\":3,\"name\":\"Collier Chanel Vintage Choker\"}]},{\"@type\":\"WebSite\",\"@id\":\"https:\/\/thevintagetraveler.com\/en\/#website\",\"url\":\"https:\/\/thevintagetraveler.com\/en\/\",\"name\":\"TheVintageTraveler\",\"description\":\"Luxury experts in Louis Vuitton, Chanel &amp; Herm\u00e8s\",\"publisher\":{\"@id\":\"https:\/\/thevintagetraveler.com\/en\/#organization\"},\"potentialAction\":[{\"@type\":\"SearchAction\",\"target\":{\"@type\":\"EntryPoint\",\"urlTemplate\":\"https:\/\/thevintagetraveler.com\/en\/?s={search_term_string}\"},\"query-input\":{\"@type\":\"PropertyValueSpecification\",\"valueRequired\":true,\"valueName\":\"search_term_string\"}}],\"inLanguage\":\"en-US\"},{\"@type\":\"Organization\",\"@id\":\"https:\/\/thevintagetraveler.com\/en\/#organization\",\"name\":\"TheVintageTraveler\",\"url\":\"https:\/\/thevintagetraveler.com\/en\/\",\"logo\":{\"@type\":\"ImageObject\",\"inLanguage\":\"en-US\",\"@id\":\"https:\/\/thevintagetraveler.com\/en\/#\/schema\/logo\/image\/\",\"url\":\"https:\/\/thevintagetraveler.com\/wp-content\/uploads\/2025\/04\/LOGO-THE-VINTAGE-TRAVELER-FINAL-e1745392697678.png\",\"contentUrl\":\"https:\/\/thevintagetraveler.com\/wp-content\/uploads\/2025\/04\/LOGO-THE-VINTAGE-TRAVELER-FINAL-e1745392697678.png\",\"width\":798,\"height\":318,\"caption\":\"TheVintageTraveler\"},\"image\":{\"@id\":\"https:\/\/thevintagetraveler.com\/en\/#\/schema\/logo\/image\/\"},\"sameAs\":[\"https:\/\/www.facebook.com\/TheVintageTravelerFR\/\",\"https:\/\/www.instagram.com\/the_vintagetraveler\"]}]}<\/script>\n<!-- \/ Yoast SEO plugin. -->","yoast_head_json":{"title":"Collier Chanel Vintage Choker Plaqu\u00e9 Or 90s | TheVintageTraveler","description":"Collier Chanel vintage choker des ann\u00e9es 90, plaqu\u00e9 or. Cha\u00eene torsad\u00e9e avec logo CC. Pi\u00e8ce rare et certifi\u00e9e. Bijou iconique Chanel.","robots":{"index":"index","follow":"follow","max-snippet":"max-snippet:-1","max-image-preview":"max-image-preview:large","max-video-preview":"max-video-preview:-1"},"canonical":"https:\/\/thevintagetraveler.com\/en\/produit\/collier-chanel-vintage-choker-plaque-or-90s\/","og_locale":"en_US","og_type":"article","og_title":"Collier Chanel Vintage Choker Plaqu\u00e9 Or 90s | TheVintageTraveler","og_description":"Collier Chanel vintage choker des ann\u00e9es 90, plaqu\u00e9 or. Cha\u00eene torsad\u00e9e avec logo CC. Pi\u00e8ce rare et certifi\u00e9e. Bijou iconique Chanel.","og_url":"https:\/\/thevintagetraveler.com\/en\/produit\/collier-chanel-vintage-choker-plaque-or-90s\/","og_site_name":"TheVintageTraveler","article_publisher":"https:\/\/www.facebook.com\/TheVintageTravelerFR\/","article_modified_time":"2026-01-26T11:46:57+00:00","og_image":[{"width":1920,"height":2560,"url":"https:\/\/thevintagetraveler.com\/wp-content\/uploads\/2025\/09\/20250922_111503.jpg","type":"image\/jpeg"}],"twitter_card":"summary_large_image","twitter_misc":{"Est. reading time":"3 minutes"},"schema":{"@context":"https:\/\/schema.org","@graph":[{"@type":"WebPage","@id":"https:\/\/thevintagetraveler.com\/en\/produit\/collier-chanel-vintage-choker-plaque-or-90s\/","url":"https:\/\/thevintagetraveler.com\/en\/produit\/collier-chanel-vintage-choker-plaque-or-90s\/","name":"Collier Chanel Vintage Choker Plaqu\u00e9 Or 90s | TheVintageTraveler","isPartOf":{"@id":"https:\/\/thevintagetraveler.com\/en\/#website"},"primaryImageOfPage":{"@id":"https:\/\/thevintagetraveler.com\/en\/produit\/collier-chanel-vintage-choker-plaque-or-90s\/#primaryimage"},"image":{"@id":"https:\/\/thevintagetraveler.com\/en\/produit\/collier-chanel-vintage-choker-plaque-or-90s\/#primaryimage"},"thumbnailUrl":"https:\/\/thevintagetraveler.com\/wp-content\/uploads\/2025\/09\/20250922_111503.jpg","datePublished":"2024-09-23T16:05:42+00:00","dateModified":"2026-01-26T11:46:57+00:00","description":"Collier Chanel vintage choker des ann\u00e9es 90, plaqu\u00e9 or. Cha\u00eene torsad\u00e9e avec logo CC. Pi\u00e8ce rare et certifi\u00e9e. Bijou iconique Chanel.","breadcrumb":{"@id":"https:\/\/thevintagetraveler.com\/en\/produit\/collier-chanel-vintage-choker-plaque-or-90s\/#breadcrumb"},"inLanguage":"en-US","potentialAction":[{"@type":"ReadAction","target":["https:\/\/thevintagetraveler.com\/en\/produit\/collier-chanel-vintage-choker-plaque-or-90s\/"]}]},{"@type":"ImageObject","inLanguage":"en-US","@id":"https:\/\/thevintagetraveler.com\/en\/produit\/collier-chanel-vintage-choker-plaque-or-90s\/#primaryimage","url":"https:\/\/thevintagetraveler.com\/wp-content\/uploads\/2025\/09\/20250922_111503.jpg","contentUrl":"https:\/\/thevintagetraveler.com\/wp-content\/uploads\/2025\/09\/20250922_111503.jpg","width":1920,"height":2560,"caption":"collier Chanel vintage choker plaqu\u00e9 or ann\u00e9es 90"},{"@type":"BreadcrumbList","@id":"https:\/\/thevintagetraveler.com\/en\/produit\/collier-chanel-vintage-choker-plaque-or-90s\/#breadcrumb","itemListElement":[{"@type":"ListItem","position":1,"name":"Accueil","item":"https:\/\/thevintagetraveler.com\/en\/"},{"@type":"ListItem","position":2,"name":"Shop","item":"https:\/\/thevintagetraveler.com\/shop\/"},{"@type":"ListItem","position":3,"name":"Collier Chanel Vintage Choker"}]},{"@type":"WebSite","@id":"https:\/\/thevintagetraveler.com\/en\/#website","url":"https:\/\/thevintagetraveler.com\/en\/","name":"TheVintageTraveler","description":"Luxury experts in Louis Vuitton, Chanel &amp; Herm\u00e8s","publisher":{"@id":"https:\/\/thevintagetraveler.com\/en\/#organization"},"potentialAction":[{"@type":"SearchAction","target":{"@type":"EntryPoint","urlTemplate":"https:\/\/thevintagetraveler.com\/en\/?s={search_term_string}"},"query-input":{"@type":"PropertyValueSpecification","valueRequired":true,"valueName":"search_term_string"}}],"inLanguage":"en-US"},{"@type":"Organization","@id":"https:\/\/thevintagetraveler.com\/en\/#organization","name":"TheVintageTraveler","url":"https:\/\/thevintagetraveler.com\/en\/","logo":{"@type":"ImageObject","inLanguage":"en-US","@id":"https:\/\/thevintagetraveler.com\/en\/#\/schema\/logo\/image\/","url":"https:\/\/thevintagetraveler.com\/wp-content\/uploads\/2025\/04\/LOGO-THE-VINTAGE-TRAVELER-FINAL-e1745392697678.png","contentUrl":"https:\/\/thevintagetraveler.com\/wp-content\/uploads\/2025\/04\/LOGO-THE-VINTAGE-TRAVELER-FINAL-e1745392697678.png","width":798,"height":318,"caption":"TheVintageTraveler"},"image":{"@id":"https:\/\/thevintagetraveler.com\/en\/#\/schema\/logo\/image\/"},"sameAs":["https:\/\/www.facebook.com\/TheVintageTravelerFR\/","https:\/\/www.instagram.com\/the_vintagetraveler"]}]}},"_links":{"self":[{"href":"https:\/\/thevintagetraveler.com\/en\/wp-json\/wp\/v2\/product\/5917","targetHints":{"allow":["GET"]}}],"collection":[{"href":"https:\/\/thevintagetraveler.com\/en\/wp-json\/wp\/v2\/product"}],"about":[{"href":"https:\/\/thevintagetraveler.com\/en\/wp-json\/wp\/v2\/types\/product"}],"wp:featuredmedia":[{"embeddable":true,"href":"https:\/\/thevintagetraveler.com\/en\/wp-json\/wp\/v2\/media\/5919"}],"wp:attachment":[{"href":"https:\/\/thevintagetraveler.com\/en\/wp-json\/wp\/v2\/media?parent=5917"}],"wp:term":[{"taxonomy":"product_brand","embeddable":true,"href":"https:\/\/thevintagetraveler.com\/en\/wp-json\/wp\/v2\/product_brand?post=5917"},{"taxonomy":"product_cat","embeddable":true,"href":"https:\/\/thevintagetraveler.com\/en\/wp-json\/wp\/v2\/product_cat?post=5917"},{"taxonomy":"product_tag","embeddable":true,"href":"https:\/\/thevintagetraveler.com\/en\/wp-json\/wp\/v2\/product_tag?post=5917"}],"curies":[{"name":"wp","href":"https:\/\/api.w.org\/{rel}","templated":true}]}}