{"id":6056,"date":"2024-09-26T10:45:04","date_gmt":"2024-09-26T08:45:04","guid":{"rendered":"https:\/\/thevintagetraveler.com\/?post_type=product&#038;p=6056"},"modified":"2025-10-09T15:06:58","modified_gmt":"2025-10-09T13:06:58","slug":"chanel-one-single-flap-vintage-noir-or-24k","status":"publish","type":"product","link":"https:\/\/thevintagetraveler.com\/en\/produit\/chanel-one-single-flap-vintage-noir-or-24k\/","title":{"rendered":"Sac Chanel Vintage Bandouli\u00e8re"},"content":{"rendered":"<hr data-start=\"986\" data-end=\"989\" \/>\n<h3 data-start=\"1075\" data-end=\"1156\">Sac Chanel One Single Flap Vintage \u2013 Cuir d\u2019Agneau Noir &amp; Or 24k, 1989-1991<\/h3>\n<p data-start=\"1158\" data-end=\"1499\">Ce <strong data-start=\"1161\" data-end=\"1199\">sac Chanel One Single Flap vintage<\/strong>, en <strong data-start=\"1204\" data-end=\"1226\">cuir d\u2019agneau noir<\/strong> avec <strong data-start=\"1232\" data-end=\"1261\">finitions plaqu\u00e9es or 24k<\/strong>, est une <strong data-start=\"1271\" data-end=\"1298\">pi\u00e8ce rare et pr\u00e9cieuse<\/strong> de la maison <a href=\"https:\/\/thevintagetraveler.com\/histoire-du-sac-chanel-timeless-licone-intemporelle-du-luxe\/\">Chanel<\/a>. Dat\u00e9 de la p\u00e9riode <strong data-start=\"1339\" data-end=\"1352\">1989-1991<\/strong>, il fait partie des mod\u00e8les embl\u00e9matiques les plus recherch\u00e9s, notamment pour son design \u00e9pur\u00e9 et son port\u00e9 <strong data-start=\"1461\" data-end=\"1496\">bandouli\u00e8re \u00e9l\u00e9gant et pratique<\/strong>.<\/p>\n<hr data-start=\"1501\" data-end=\"1504\" \/>\n<h3 data-start=\"1506\" data-end=\"1551\">Le One Single Flap : un design iconique<\/h3>\n<ul data-start=\"1553\" data-end=\"1885\">\n<li data-start=\"1553\" data-end=\"1695\">\n<p data-start=\"1555\" data-end=\"1695\">Contrairement au <strong data-start=\"1572\" data-end=\"1597\">Double Flap classique<\/strong>, le <strong data-start=\"1602\" data-end=\"1617\">Single Flap<\/strong> pr\u00e9sente un seul rabat, offrant une <strong data-start=\"1654\" data-end=\"1692\">capacit\u00e9 int\u00e9rieure plus g\u00e9n\u00e9reuse<\/strong>.<\/p>\n<\/li>\n<li data-start=\"1696\" data-end=\"1795\">\n<p data-start=\"1698\" data-end=\"1795\">Plus l\u00e9ger et facile \u00e0 porter, il est appr\u00e9ci\u00e9 pour son <strong data-start=\"1754\" data-end=\"1792\">confort d\u2019utilisation au quotidien<\/strong>.<\/p>\n<\/li>\n<li data-start=\"1796\" data-end=\"1885\">\n<p data-start=\"1798\" data-end=\"1885\">Le format medium permet un port\u00e9 <strong data-start=\"1831\" data-end=\"1856\">bandouli\u00e8re ou \u00e9paule<\/strong>, adapt\u00e9 \u00e0 tous les styles.<\/p>\n<\/li>\n<\/ul>\n<hr data-start=\"1887\" data-end=\"1890\" \/>\n<h3 data-start=\"1892\" data-end=\"1935\">Cuir d\u2019agneau noir &amp; finitions or 24k<\/h3>\n<ul data-start=\"1937\" data-end=\"2246\">\n<li data-start=\"1937\" data-end=\"2012\">\n<p data-start=\"1939\" data-end=\"2012\"><strong data-start=\"1939\" data-end=\"1962\">Cuir d\u2019agneau lisse<\/strong>, reconnu pour sa douceur et son aspect luxueux.<\/p>\n<\/li>\n<li data-start=\"2013\" data-end=\"2064\">\n<p data-start=\"2015\" data-end=\"2064\"><strong data-start=\"2015\" data-end=\"2042\">Coloris noir intemporel<\/strong>, versatile et chic.<\/p>\n<\/li>\n<li data-start=\"2065\" data-end=\"2188\">\n<p data-start=\"2067\" data-end=\"2188\"><strong data-start=\"2067\" data-end=\"2102\">Bijouterie plaqu\u00e9e or 24 carats<\/strong>, caract\u00e9ristique des sacs Chanel de la fin des ann\u00e9es 80 et du d\u00e9but des ann\u00e9es 90.<\/p>\n<\/li>\n<li data-start=\"2189\" data-end=\"2246\">\n<p data-start=\"2191\" data-end=\"2246\">Ensemble raffin\u00e9 et embl\u00e9matique de la maison Chanel.<\/p>\n<\/li>\n<\/ul>\n<hr data-start=\"2248\" data-end=\"2251\" \/>\n<h3 data-start=\"2253\" data-end=\"2286\">Caract\u00e9ristiques du produit<\/h3>\n<ul data-start=\"2288\" data-end=\"2691\">\n<li data-start=\"2288\" data-end=\"2311\">\n<p data-start=\"2290\" data-end=\"2311\"><strong data-start=\"2290\" data-end=\"2302\">Marque :<\/strong> Chanel<\/p>\n<\/li>\n<li data-start=\"2312\" data-end=\"2352\">\n<p data-start=\"2314\" data-end=\"2352\"><strong data-start=\"2314\" data-end=\"2326\">Mod\u00e8le :<\/strong> One Single Flap Vintage<\/p>\n<\/li>\n<li data-start=\"2353\" data-end=\"2405\">\n<p data-start=\"2355\" data-end=\"2405\"><strong data-start=\"2355\" data-end=\"2366\">Ann\u00e9e :<\/strong> 1989-1991 (num\u00e9ro de s\u00e9rie confirm\u00e9)<\/p>\n<\/li>\n<li data-start=\"2406\" data-end=\"2437\">\n<p data-start=\"2408\" data-end=\"2437\"><strong data-start=\"2408\" data-end=\"2421\">Mati\u00e8re :<\/strong> Cuir d\u2019agneau<\/p>\n<\/li>\n<li data-start=\"2438\" data-end=\"2460\">\n<p data-start=\"2440\" data-end=\"2460\"><strong data-start=\"2440\" data-end=\"2453\">Couleur :<\/strong> Noir<\/p>\n<\/li>\n<li data-start=\"2461\" data-end=\"2494\">\n<p data-start=\"2463\" data-end=\"2494\"><strong data-start=\"2463\" data-end=\"2478\">Finitions :<\/strong> Plaqu\u00e9 or 24k<\/p>\n<\/li>\n<li data-start=\"2495\" data-end=\"2532\">\n<p data-start=\"2497\" data-end=\"2532\"><strong data-start=\"2497\" data-end=\"2508\">Port\u00e9 :<\/strong> Bandouli\u00e8re ou \u00e9paule<\/p>\n<\/li>\n<li data-start=\"2533\" data-end=\"2612\">\n<p data-start=\"2535\" data-end=\"2612\"><strong data-start=\"2535\" data-end=\"2545\">\u00c9tat :<\/strong> Tr\u00e8s bon \u00e9tat vintage \u2013 cuir bien conserv\u00e9, bijouterie \u00e9clatante<\/p>\n<\/li>\n<li data-start=\"2613\" data-end=\"2691\">\n<p data-start=\"2615\" data-end=\"2691\"><strong data-start=\"2615\" data-end=\"2637\">Authentification :<\/strong> Certifi\u00e9 \u2013 livr\u00e9 avec certificat TheVintageTraveler<\/p>\n<\/li>\n<\/ul>\n<hr data-start=\"2693\" data-end=\"2696\" \/>\n<h3 data-start=\"2698\" data-end=\"2758\">Pourquoi ce sac Chanel vintage est rare et recherch\u00e9 ?<\/h3>\n<ul data-start=\"2760\" data-end=\"3172\">\n<li data-start=\"2760\" data-end=\"2845\">\n<p data-start=\"2762\" data-end=\"2845\"><strong data-start=\"2762\" data-end=\"2783\">P\u00e9riode 1989-1991<\/strong>, consid\u00e9r\u00e9e comme un \u00e2ge d\u2019or pour les sacs Chanel vintage.<\/p>\n<\/li>\n<li data-start=\"2846\" data-end=\"2944\">\n<p data-start=\"2848\" data-end=\"2944\"><strong data-start=\"2848\" data-end=\"2877\">Finitions plaqu\u00e9es or 24k<\/strong>, disparues des collections actuelles, ce qui renforce sa valeur.<\/p>\n<\/li>\n<li data-start=\"2945\" data-end=\"3016\">\n<p data-start=\"2947\" data-end=\"3016\"><strong data-start=\"2947\" data-end=\"2969\">Format Single Flap<\/strong>, plus l\u00e9ger et spacieux, rare sur le march\u00e9.<\/p>\n<\/li>\n<li data-start=\"3017\" data-end=\"3085\">\n<p data-start=\"3019\" data-end=\"3085\"><strong data-start=\"3019\" data-end=\"3048\">Parfait port\u00e9 bandouli\u00e8re<\/strong>, un atout pratique tr\u00e8s recherch\u00e9.<\/p>\n<\/li>\n<li data-start=\"3086\" data-end=\"3172\">\n<p data-start=\"3088\" data-end=\"3172\">Un mod\u00e8le qui conserve une <strong data-start=\"3115\" data-end=\"3142\">forte valeur de revente<\/strong> aupr\u00e8s des collectionneurs.<\/p>\n<\/li>\n<\/ul>\n<hr data-start=\"3174\" data-end=\"3177\" \/>\n<h3 data-start=\"3179\" data-end=\"3212\">Un excellent investissement<\/h3>\n<ul data-start=\"3214\" data-end=\"3559\">\n<li data-start=\"3214\" data-end=\"3330\">\n<p data-start=\"3216\" data-end=\"3330\">Les <strong data-start=\"3220\" data-end=\"3260\">Chanel vintage en cuir d\u2019agneau noir<\/strong> avec <strong data-start=\"3266\" data-end=\"3283\">plaqu\u00e9 or 24k<\/strong> voient leur cote augmenter d\u2019ann\u00e9e en ann\u00e9e.<\/p>\n<\/li>\n<li data-start=\"3331\" data-end=\"3413\">\n<p data-start=\"3333\" data-end=\"3413\">Pi\u00e8ce patrimoniale, id\u00e9ale pour les <strong data-start=\"3369\" data-end=\"3410\">collectionneuses de sacs Chanel rares<\/strong>.<\/p>\n<\/li>\n<li data-start=\"3414\" data-end=\"3486\">\n<p data-start=\"3416\" data-end=\"3486\">Investissement s\u00fbr gr\u00e2ce \u00e0 la <strong data-start=\"3446\" data-end=\"3483\">demande internationale croissante<\/strong>.<\/p>\n<\/li>\n<li data-start=\"3487\" data-end=\"3559\">\n<p data-start=\"3489\" data-end=\"3559\">Peut \u00eatre port\u00e9 au quotidien ou conserv\u00e9 en <strong data-start=\"3533\" data-end=\"3556\">pi\u00e8ce de collection<\/strong>.<\/p>\n<\/li>\n<\/ul>\n<hr data-start=\"3561\" data-end=\"3564\" \/>\n<h3 data-start=\"3566\" data-end=\"3614\">Pourquoi acheter chez TheVintageTraveler ?<\/h3>\n<p data-start=\"3616\" data-end=\"3670\">Chez <strong data-start=\"3621\" data-end=\"3643\">TheVintageTraveler<\/strong>, chaque sac Chanel est :<\/p>\n<ul data-start=\"3672\" data-end=\"3956\">\n<li data-start=\"3672\" data-end=\"3730\">\n<p data-start=\"3674\" data-end=\"3730\"><strong data-start=\"3674\" data-end=\"3702\">Expertis\u00e9 et authentifi\u00e9<\/strong>, avec datation confirm\u00e9e.<\/p>\n<\/li>\n<li data-start=\"3731\" data-end=\"3802\">\n<p data-start=\"3733\" data-end=\"3802\">S\u00e9lectionn\u00e9 pour sa <strong data-start=\"3753\" data-end=\"3799\">raret\u00e9, son \u00e9tat et sa valeur patrimoniale<\/strong>.<\/p>\n<\/li>\n<li data-start=\"3803\" data-end=\"3848\">\n<p data-start=\"3805\" data-end=\"3848\">Livr\u00e9 avec <strong data-start=\"3816\" data-end=\"3845\">certificat d\u2019authenticit\u00e9<\/strong>.<\/p>\n<\/li>\n<li data-start=\"3849\" data-end=\"3956\">\n<p data-start=\"3851\" data-end=\"3956\">Disponible en <strong data-start=\"3865\" data-end=\"3908\">showroom (March\u00e9 Serpette \u2013 Saint-Ouen)<\/strong> ou en <strong data-start=\"3915\" data-end=\"3953\">livraison internationale s\u00e9curis\u00e9e<\/strong>.<\/p>\n<\/li>\n<\/ul>\n<hr data-start=\"3958\" data-end=\"3961\" \/>\n<h3 data-start=\"3963\" data-end=\"3979\">Conclusion<\/h3>\n<p data-start=\"3981\" data-end=\"4324\">Ce <strong data-start=\"3984\" data-end=\"4022\">sac Chanel One Single Flap vintage<\/strong>, en <strong data-start=\"4027\" data-end=\"4049\">cuir d\u2019agneau noir<\/strong> avec <strong data-start=\"4055\" data-end=\"4084\">finitions plaqu\u00e9es or 24k<\/strong>, dat\u00e9 de <strong data-start=\"4094\" data-end=\"4107\">1989-1991<\/strong>, est une <strong data-start=\"4117\" data-end=\"4145\">pi\u00e8ce rare et recherch\u00e9e<\/strong>. Parfait en <strong data-start=\"4158\" data-end=\"4179\">port\u00e9 bandouli\u00e8re<\/strong>, il combine <strong data-start=\"4192\" data-end=\"4251\">\u00e9l\u00e9gance intemporelle, praticit\u00e9 et valeur patrimoniale<\/strong>, faisant de lui un <strong data-start=\"4271\" data-end=\"4321\">excellent investissement dans l\u2019univers Chanel<\/strong>.<\/p>\n<p>Suivez &#8211; nous sur <a href=\"https:\/\/www.facebook.com\/TheVintageTravelerFR\">Facebook<\/a> et <a href=\"https:\/\/www.instagram.com\/the_vintagetraveler\/?igsh=aXdsbDJkdnpwZjcx#\">Instagram<\/a><\/p>\n","protected":false},"excerpt":{"rendered":"<p>Sac Chanel One Single Flap vintage (1989-1991) en cuir d\u2019agneau noir. Finitions plaqu\u00e9es or 24k. Rare, certifi\u00e9, parfait port\u00e9 bandouli\u00e8re.<\/p>\n","protected":false},"featured_media":6069,"template":"","meta":[],"product_brand":[],"product_cat":[114,140,155,112],"product_tag":[137,156,157],"class_list":{"0":"post-6056","1":"product","2":"type-product","3":"status-publish","4":"has-post-thumbnail","6":"product_cat-chanel","7":"product_cat-nouveautes","8":"product_cat-sac-a-main-chanel","9":"product_cat-sacs","10":"product_tag-chanel","11":"product_tag-chanelclassique","12":"product_tag-chanelmedium","14":"first","15":"outofstock","16":"sold-individually","17":"shipping-taxable","18":"product-type-simple"},"yoast_head":"<!-- This site is optimized with the Yoast SEO plugin v27.1.1 - https:\/\/yoast.com\/product\/yoast-seo-wordpress\/ -->\n<title>Chanel One Single Flap Vintage Noir Or 24k | TheVintageTraveler<\/title>\n<meta name=\"description\" content=\"Sac Chanel One Single Flap vintage en cuir d\u2019agneau noir, finitions plaqu\u00e9es or 24k. 1989-1991. Rare, certifi\u00e9, parfait port\u00e9 bandouli\u00e8re.\" \/>\n<meta name=\"robots\" content=\"index, follow, max-snippet:-1, max-image-preview:large, max-video-preview:-1\" \/>\n<link rel=\"canonical\" href=\"https:\/\/thevintagetraveler.com\/en\/produit\/chanel-one-single-flap-vintage-noir-or-24k\/\" \/>\n<meta property=\"og:locale\" content=\"en_US\" \/>\n<meta property=\"og:type\" content=\"article\" \/>\n<meta property=\"og:title\" content=\"Chanel One Single Flap Vintage Noir Or 24k | TheVintageTraveler\" \/>\n<meta property=\"og:description\" content=\"Sac Chanel One Single Flap vintage en cuir d\u2019agneau noir, finitions plaqu\u00e9es or 24k. 1989-1991. Rare, certifi\u00e9, parfait port\u00e9 bandouli\u00e8re.\" \/>\n<meta property=\"og:url\" content=\"https:\/\/thevintagetraveler.com\/en\/produit\/chanel-one-single-flap-vintage-noir-or-24k\/\" \/>\n<meta property=\"og:site_name\" content=\"TheVintageTraveler\" \/>\n<meta property=\"article:publisher\" content=\"https:\/\/www.facebook.com\/TheVintageTravelerFR\/\" \/>\n<meta property=\"article:modified_time\" content=\"2025-10-09T13:06:58+00:00\" \/>\n<meta property=\"og:image\" content=\"https:\/\/thevintagetraveler.com\/wp-content\/uploads\/2025\/09\/image00014-3.jpeg\" \/>\n\t<meta property=\"og:image:width\" content=\"1800\" \/>\n\t<meta property=\"og:image:height\" content=\"2400\" \/>\n\t<meta property=\"og:image:type\" content=\"image\/jpeg\" \/>\n<meta name=\"twitter:card\" content=\"summary_large_image\" \/>\n<meta name=\"twitter:label1\" content=\"Est. reading time\" \/>\n\t<meta name=\"twitter:data1\" content=\"3 minutes\" \/>\n<script type=\"application\/ld+json\" class=\"yoast-schema-graph\">{\"@context\":\"https:\/\/schema.org\",\"@graph\":[{\"@type\":\"WebPage\",\"@id\":\"https:\/\/thevintagetraveler.com\/en\/produit\/chanel-one-single-flap-vintage-noir-or-24k\/\",\"url\":\"https:\/\/thevintagetraveler.com\/en\/produit\/chanel-one-single-flap-vintage-noir-or-24k\/\",\"name\":\"Chanel One Single Flap Vintage Noir Or 24k | TheVintageTraveler\",\"isPartOf\":{\"@id\":\"https:\/\/thevintagetraveler.com\/en\/#website\"},\"primaryImageOfPage\":{\"@id\":\"https:\/\/thevintagetraveler.com\/en\/produit\/chanel-one-single-flap-vintage-noir-or-24k\/#primaryimage\"},\"image\":{\"@id\":\"https:\/\/thevintagetraveler.com\/en\/produit\/chanel-one-single-flap-vintage-noir-or-24k\/#primaryimage\"},\"thumbnailUrl\":\"https:\/\/thevintagetraveler.com\/wp-content\/uploads\/2025\/09\/image00014-3.jpeg\",\"datePublished\":\"2024-09-26T08:45:04+00:00\",\"dateModified\":\"2025-10-09T13:06:58+00:00\",\"description\":\"Sac Chanel One Single Flap vintage en cuir d\u2019agneau noir, finitions plaqu\u00e9es or 24k. 1989-1991. Rare, certifi\u00e9, parfait port\u00e9 bandouli\u00e8re.\",\"breadcrumb\":{\"@id\":\"https:\/\/thevintagetraveler.com\/en\/produit\/chanel-one-single-flap-vintage-noir-or-24k\/#breadcrumb\"},\"inLanguage\":\"en-US\",\"potentialAction\":[{\"@type\":\"ReadAction\",\"target\":[\"https:\/\/thevintagetraveler.com\/en\/produit\/chanel-one-single-flap-vintage-noir-or-24k\/\"]}]},{\"@type\":\"ImageObject\",\"inLanguage\":\"en-US\",\"@id\":\"https:\/\/thevintagetraveler.com\/en\/produit\/chanel-one-single-flap-vintage-noir-or-24k\/#primaryimage\",\"url\":\"https:\/\/thevintagetraveler.com\/wp-content\/uploads\/2025\/09\/image00014-3.jpeg\",\"contentUrl\":\"https:\/\/thevintagetraveler.com\/wp-content\/uploads\/2025\/09\/image00014-3.jpeg\",\"width\":1800,\"height\":2400,\"caption\":\"sac Chanel One Single Flap vintage cuir agneau noir or 24k\"},{\"@type\":\"BreadcrumbList\",\"@id\":\"https:\/\/thevintagetraveler.com\/en\/produit\/chanel-one-single-flap-vintage-noir-or-24k\/#breadcrumb\",\"itemListElement\":[{\"@type\":\"ListItem\",\"position\":1,\"name\":\"Accueil\",\"item\":\"https:\/\/thevintagetraveler.com\/en\/\"},{\"@type\":\"ListItem\",\"position\":2,\"name\":\"Shop\",\"item\":\"https:\/\/thevintagetraveler.com\/shop\/\"},{\"@type\":\"ListItem\",\"position\":3,\"name\":\"Sac Chanel Vintage Bandouli\u00e8re\"}]},{\"@type\":\"WebSite\",\"@id\":\"https:\/\/thevintagetraveler.com\/en\/#website\",\"url\":\"https:\/\/thevintagetraveler.com\/en\/\",\"name\":\"TheVintageTraveler\",\"description\":\"Luxury experts in Louis Vuitton, Chanel &amp; Herm\u00e8s\",\"publisher\":{\"@id\":\"https:\/\/thevintagetraveler.com\/en\/#organization\"},\"potentialAction\":[{\"@type\":\"SearchAction\",\"target\":{\"@type\":\"EntryPoint\",\"urlTemplate\":\"https:\/\/thevintagetraveler.com\/en\/?s={search_term_string}\"},\"query-input\":{\"@type\":\"PropertyValueSpecification\",\"valueRequired\":true,\"valueName\":\"search_term_string\"}}],\"inLanguage\":\"en-US\"},{\"@type\":\"Organization\",\"@id\":\"https:\/\/thevintagetraveler.com\/en\/#organization\",\"name\":\"TheVintageTraveler\",\"url\":\"https:\/\/thevintagetraveler.com\/en\/\",\"logo\":{\"@type\":\"ImageObject\",\"inLanguage\":\"en-US\",\"@id\":\"https:\/\/thevintagetraveler.com\/en\/#\/schema\/logo\/image\/\",\"url\":\"https:\/\/thevintagetraveler.com\/wp-content\/uploads\/2025\/04\/LOGO-THE-VINTAGE-TRAVELER-FINAL-e1745392697678.png\",\"contentUrl\":\"https:\/\/thevintagetraveler.com\/wp-content\/uploads\/2025\/04\/LOGO-THE-VINTAGE-TRAVELER-FINAL-e1745392697678.png\",\"width\":798,\"height\":318,\"caption\":\"TheVintageTraveler\"},\"image\":{\"@id\":\"https:\/\/thevintagetraveler.com\/en\/#\/schema\/logo\/image\/\"},\"sameAs\":[\"https:\/\/www.facebook.com\/TheVintageTravelerFR\/\",\"https:\/\/www.instagram.com\/the_vintagetraveler\"]}]}<\/script>\n<!-- \/ Yoast SEO plugin. -->","yoast_head_json":{"title":"Chanel One Single Flap Vintage Noir Or 24k | TheVintageTraveler","description":"Sac Chanel One Single Flap vintage en cuir d\u2019agneau noir, finitions plaqu\u00e9es or 24k. 1989-1991. Rare, certifi\u00e9, parfait port\u00e9 bandouli\u00e8re.","robots":{"index":"index","follow":"follow","max-snippet":"max-snippet:-1","max-image-preview":"max-image-preview:large","max-video-preview":"max-video-preview:-1"},"canonical":"https:\/\/thevintagetraveler.com\/en\/produit\/chanel-one-single-flap-vintage-noir-or-24k\/","og_locale":"en_US","og_type":"article","og_title":"Chanel One Single Flap Vintage Noir Or 24k | TheVintageTraveler","og_description":"Sac Chanel One Single Flap vintage en cuir d\u2019agneau noir, finitions plaqu\u00e9es or 24k. 1989-1991. Rare, certifi\u00e9, parfait port\u00e9 bandouli\u00e8re.","og_url":"https:\/\/thevintagetraveler.com\/en\/produit\/chanel-one-single-flap-vintage-noir-or-24k\/","og_site_name":"TheVintageTraveler","article_publisher":"https:\/\/www.facebook.com\/TheVintageTravelerFR\/","article_modified_time":"2025-10-09T13:06:58+00:00","og_image":[{"width":1800,"height":2400,"url":"https:\/\/thevintagetraveler.com\/wp-content\/uploads\/2025\/09\/image00014-3.jpeg","type":"image\/jpeg"}],"twitter_card":"summary_large_image","twitter_misc":{"Est. reading time":"3 minutes"},"schema":{"@context":"https:\/\/schema.org","@graph":[{"@type":"WebPage","@id":"https:\/\/thevintagetraveler.com\/en\/produit\/chanel-one-single-flap-vintage-noir-or-24k\/","url":"https:\/\/thevintagetraveler.com\/en\/produit\/chanel-one-single-flap-vintage-noir-or-24k\/","name":"Chanel One Single Flap Vintage Noir Or 24k | TheVintageTraveler","isPartOf":{"@id":"https:\/\/thevintagetraveler.com\/en\/#website"},"primaryImageOfPage":{"@id":"https:\/\/thevintagetraveler.com\/en\/produit\/chanel-one-single-flap-vintage-noir-or-24k\/#primaryimage"},"image":{"@id":"https:\/\/thevintagetraveler.com\/en\/produit\/chanel-one-single-flap-vintage-noir-or-24k\/#primaryimage"},"thumbnailUrl":"https:\/\/thevintagetraveler.com\/wp-content\/uploads\/2025\/09\/image00014-3.jpeg","datePublished":"2024-09-26T08:45:04+00:00","dateModified":"2025-10-09T13:06:58+00:00","description":"Sac Chanel One Single Flap vintage en cuir d\u2019agneau noir, finitions plaqu\u00e9es or 24k. 1989-1991. Rare, certifi\u00e9, parfait port\u00e9 bandouli\u00e8re.","breadcrumb":{"@id":"https:\/\/thevintagetraveler.com\/en\/produit\/chanel-one-single-flap-vintage-noir-or-24k\/#breadcrumb"},"inLanguage":"en-US","potentialAction":[{"@type":"ReadAction","target":["https:\/\/thevintagetraveler.com\/en\/produit\/chanel-one-single-flap-vintage-noir-or-24k\/"]}]},{"@type":"ImageObject","inLanguage":"en-US","@id":"https:\/\/thevintagetraveler.com\/en\/produit\/chanel-one-single-flap-vintage-noir-or-24k\/#primaryimage","url":"https:\/\/thevintagetraveler.com\/wp-content\/uploads\/2025\/09\/image00014-3.jpeg","contentUrl":"https:\/\/thevintagetraveler.com\/wp-content\/uploads\/2025\/09\/image00014-3.jpeg","width":1800,"height":2400,"caption":"sac Chanel One Single Flap vintage cuir agneau noir or 24k"},{"@type":"BreadcrumbList","@id":"https:\/\/thevintagetraveler.com\/en\/produit\/chanel-one-single-flap-vintage-noir-or-24k\/#breadcrumb","itemListElement":[{"@type":"ListItem","position":1,"name":"Accueil","item":"https:\/\/thevintagetraveler.com\/en\/"},{"@type":"ListItem","position":2,"name":"Shop","item":"https:\/\/thevintagetraveler.com\/shop\/"},{"@type":"ListItem","position":3,"name":"Sac Chanel Vintage Bandouli\u00e8re"}]},{"@type":"WebSite","@id":"https:\/\/thevintagetraveler.com\/en\/#website","url":"https:\/\/thevintagetraveler.com\/en\/","name":"TheVintageTraveler","description":"Luxury experts in Louis Vuitton, Chanel &amp; Herm\u00e8s","publisher":{"@id":"https:\/\/thevintagetraveler.com\/en\/#organization"},"potentialAction":[{"@type":"SearchAction","target":{"@type":"EntryPoint","urlTemplate":"https:\/\/thevintagetraveler.com\/en\/?s={search_term_string}"},"query-input":{"@type":"PropertyValueSpecification","valueRequired":true,"valueName":"search_term_string"}}],"inLanguage":"en-US"},{"@type":"Organization","@id":"https:\/\/thevintagetraveler.com\/en\/#organization","name":"TheVintageTraveler","url":"https:\/\/thevintagetraveler.com\/en\/","logo":{"@type":"ImageObject","inLanguage":"en-US","@id":"https:\/\/thevintagetraveler.com\/en\/#\/schema\/logo\/image\/","url":"https:\/\/thevintagetraveler.com\/wp-content\/uploads\/2025\/04\/LOGO-THE-VINTAGE-TRAVELER-FINAL-e1745392697678.png","contentUrl":"https:\/\/thevintagetraveler.com\/wp-content\/uploads\/2025\/04\/LOGO-THE-VINTAGE-TRAVELER-FINAL-e1745392697678.png","width":798,"height":318,"caption":"TheVintageTraveler"},"image":{"@id":"https:\/\/thevintagetraveler.com\/en\/#\/schema\/logo\/image\/"},"sameAs":["https:\/\/www.facebook.com\/TheVintageTravelerFR\/","https:\/\/www.instagram.com\/the_vintagetraveler"]}]}},"_links":{"self":[{"href":"https:\/\/thevintagetraveler.com\/en\/wp-json\/wp\/v2\/product\/6056","targetHints":{"allow":["GET"]}}],"collection":[{"href":"https:\/\/thevintagetraveler.com\/en\/wp-json\/wp\/v2\/product"}],"about":[{"href":"https:\/\/thevintagetraveler.com\/en\/wp-json\/wp\/v2\/types\/product"}],"wp:featuredmedia":[{"embeddable":true,"href":"https:\/\/thevintagetraveler.com\/en\/wp-json\/wp\/v2\/media\/6069"}],"wp:attachment":[{"href":"https:\/\/thevintagetraveler.com\/en\/wp-json\/wp\/v2\/media?parent=6056"}],"wp:term":[{"taxonomy":"product_brand","embeddable":true,"href":"https:\/\/thevintagetraveler.com\/en\/wp-json\/wp\/v2\/product_brand?post=6056"},{"taxonomy":"product_cat","embeddable":true,"href":"https:\/\/thevintagetraveler.com\/en\/wp-json\/wp\/v2\/product_cat?post=6056"},{"taxonomy":"product_tag","embeddable":true,"href":"https:\/\/thevintagetraveler.com\/en\/wp-json\/wp\/v2\/product_tag?post=6056"}],"curies":[{"name":"wp","href":"https:\/\/api.w.org\/{rel}","templated":true}]}}