{"id":6102,"date":"2024-09-30T16:08:53","date_gmt":"2024-09-30T14:08:53","guid":{"rendered":"https:\/\/thevintagetraveler.com\/?post_type=product&#038;p=6102"},"modified":"2026-03-02T14:23:16","modified_gmt":"2026-03-02T13:23:16","slug":"malle-louis-vuitton-damier-ancienne-1890","status":"publish","type":"product","link":"https:\/\/thevintagetraveler.com\/en\/produit\/malle-louis-vuitton-damier-ancienne-1890\/","title":{"rendered":"Malle Louis Vuitton Damier courrier vintage"},"content":{"rendered":"<h3 data-start=\"1153\" data-end=\"1226\">Malle Louis Vuitton Damier \u2013 Ancienne, Ann\u00e9es 1890, 90 \u00d7 54 \u00d7 50 cm<\/h3>\n<p data-start=\"1228\" data-end=\"1641\">Cette <strong data-start=\"1234\" data-end=\"1282\">malle Louis Vuitton ancienne en toile damier<\/strong>, datant des <strong data-start=\"1295\" data-end=\"1310\">ann\u00e9es 1890<\/strong>, est une <strong data-start=\"1320\" data-end=\"1357\">pi\u00e8ce exceptionnelle et rarissime<\/strong> du patrimoine <a href=\"https:\/\/thevintagetraveler.com\/rachat-sac-louis-vuitton\/\">Louis Vuitton<\/a>. Avec ses <strong data-start=\"1396\" data-end=\"1463\">dimensions 90 cm de large, 54 cm de profondeur et 50 cm de haut<\/strong>, ses <strong data-start=\"1469\" data-end=\"1558\">finitions m\u00e9talliques, son dessous en zinc et ses compartiments int\u00e9rieurs sur mesure<\/strong>, elle illustre l\u2019\u00e2ge d\u2019or des voyages et du savoir-faire artisanal de la maison.<\/p>\n<hr data-start=\"1643\" data-end=\"1646\" \/>\n<h3 data-start=\"1648\" data-end=\"1705\">Une malle Louis Vuitton historique et de collection<\/h3>\n<ul data-start=\"1707\" data-end=\"2135\">\n<li data-start=\"1707\" data-end=\"1834\">\n<p data-start=\"1709\" data-end=\"1834\">Fabriqu\u00e9e \u00e0 la fin du <strong data-start=\"1731\" data-end=\"1746\">XIX\u1d49 si\u00e8cle<\/strong>, cette malle t\u00e9moigne de l\u2019\u00e9poque o\u00f9 Louis Vuitton innovait avec ses toiles enduites.<\/p>\n<\/li>\n<li data-start=\"1835\" data-end=\"1930\">\n<p data-start=\"1837\" data-end=\"1930\"><strong data-start=\"1837\" data-end=\"1853\">Toile damier<\/strong>, cr\u00e9\u00e9e en 1888, l\u2019un des motifs embl\u00e9matiques et historiques de la maison.<\/p>\n<\/li>\n<li data-start=\"1931\" data-end=\"2049\">\n<p data-start=\"1933\" data-end=\"2049\"><strong data-start=\"1933\" data-end=\"1981\">Compartiments int\u00e9rieurs r\u00e9alis\u00e9s sur mesure<\/strong>, refl\u00e9tant l\u2019attention port\u00e9e aux besoins des voyageurs d\u2019\u00e9poque.<\/p>\n<\/li>\n<li data-start=\"2050\" data-end=\"2135\">\n<p data-start=\"2052\" data-end=\"2135\"><strong data-start=\"2052\" data-end=\"2075\">\u00c9tiquette d\u2019origine<\/strong>, pr\u00e9cieuse pour l\u2019authenticit\u00e9 et la valeur patrimoniale.<\/p>\n<\/li>\n<\/ul>\n<hr data-start=\"2137\" data-end=\"2140\" \/>\n<h3 data-start=\"2142\" data-end=\"2175\">Caract\u00e9ristiques du produit<\/h3>\n<ul data-start=\"2177\" data-end=\"2769\">\n<li data-start=\"2177\" data-end=\"2207\">\n<p data-start=\"2179\" data-end=\"2207\"><strong data-start=\"2179\" data-end=\"2191\">Marque :<\/strong> Louis Vuitton<\/p>\n<\/li>\n<li data-start=\"2208\" data-end=\"2255\">\n<p data-start=\"2210\" data-end=\"2255\"><strong data-start=\"2210\" data-end=\"2222\">Mod\u00e8le :<\/strong> Malle ancienne en toile damier<\/p>\n<\/li>\n<li data-start=\"2256\" data-end=\"2284\">\n<p data-start=\"2258\" data-end=\"2284\"><strong data-start=\"2258\" data-end=\"2270\">\u00c9poque :<\/strong> Ann\u00e9es 1890<\/p>\n<\/li>\n<li data-start=\"2285\" data-end=\"2358\">\n<p data-start=\"2287\" data-end=\"2358\"><strong data-start=\"2287\" data-end=\"2303\">Dimensions :<\/strong> 90 cm (large) \u00d7 54 cm (profondeur) \u00d7 50 cm (hauteur)<\/p>\n<\/li>\n<li data-start=\"2359\" data-end=\"2410\">\n<p data-start=\"2361\" data-end=\"2410\"><strong data-start=\"2361\" data-end=\"2374\">Mati\u00e8re :<\/strong> Toile damier, cuir naturel patin\u00e9<\/p>\n<\/li>\n<li data-start=\"2411\" data-end=\"2476\">\n<p data-start=\"2413\" data-end=\"2476\"><strong data-start=\"2413\" data-end=\"2428\">Finitions :<\/strong> M\u00e9tal, dessous en zinc (protection d\u2019origine)<\/p>\n<\/li>\n<li data-start=\"2477\" data-end=\"2532\">\n<p data-start=\"2479\" data-end=\"2532\"><strong data-start=\"2479\" data-end=\"2494\">Int\u00e9rieur :<\/strong> Compartiments sur mesure, d\u2019origine<\/p>\n<\/li>\n<li data-start=\"2533\" data-end=\"2587\">\n<p data-start=\"2535\" data-end=\"2587\"><strong data-start=\"2535\" data-end=\"2552\">Accessoires :<\/strong> \u00c9tiquette Louis Vuitton d\u2019\u00e9poque<\/p>\n<\/li>\n<li data-start=\"2588\" data-end=\"2688\">\n<p data-start=\"2590\" data-end=\"2688\"><strong data-start=\"2590\" data-end=\"2600\">\u00c9tat :<\/strong> Tr\u00e8s bon \u00e9tat pour une pi\u00e8ce de plus de 130 ans, structure solide, patine authentique<\/p>\n<\/li>\n<li data-start=\"2689\" data-end=\"2769\">\n<p data-start=\"2691\" data-end=\"2769\"><strong data-start=\"2691\" data-end=\"2713\">Authentification :<\/strong> Certifi\u00e9e \u2013 livr\u00e9e avec certificat TheVintageTraveler<\/p>\n<\/li>\n<\/ul>\n<hr data-start=\"2771\" data-end=\"2774\" \/>\n<h3 data-start=\"2776\" data-end=\"2811\">Une pi\u00e8ce rare et polyvalente<\/h3>\n<p data-start=\"2813\" data-end=\"2846\">Cette malle est parfaite pour :<\/p>\n<ul data-start=\"2848\" data-end=\"3292\">\n<li data-start=\"2848\" data-end=\"2954\">\n<p data-start=\"2850\" data-end=\"2954\"><strong data-start=\"2850\" data-end=\"2875\">D\u00e9coration int\u00e9rieure<\/strong> : utilis\u00e9e en <strong data-start=\"2890\" data-end=\"2917\">table basse de prestige<\/strong> ou comme \u00e9l\u00e9ment d\u00e9coratif unique.<\/p>\n<\/li>\n<li data-start=\"2955\" data-end=\"3048\">\n<p data-start=\"2957\" data-end=\"3048\"><strong data-start=\"2957\" data-end=\"2971\">Collection<\/strong> : enrichir une collection de <strong data-start=\"3001\" data-end=\"3045\">malles anciennes de voyage Louis Vuitton<\/strong>.<\/p>\n<\/li>\n<li data-start=\"3049\" data-end=\"3178\">\n<p data-start=\"3051\" data-end=\"3178\"><strong data-start=\"3051\" data-end=\"3081\">Investissement patrimonial<\/strong> : les malles damier du XIX\u1d49 si\u00e8cle sont extr\u00eamement recherch\u00e9es et voient leur valeur cro\u00eetre.<\/p>\n<\/li>\n<li data-start=\"3179\" data-end=\"3292\">\n<p data-start=\"3181\" data-end=\"3292\"><strong data-start=\"3181\" data-end=\"3211\">Objets de luxe historiques<\/strong> : t\u00e9moignant du savoir-faire d\u2019Herm\u00e8s et de Vuitton au tournant du XX\u1d49 si\u00e8cle.<\/p>\n<\/li>\n<\/ul>\n<hr data-start=\"3294\" data-end=\"3297\" \/>\n<h3 data-start=\"3299\" data-end=\"3372\">Pourquoi investir dans une malle Louis Vuitton ancienne en damier ?<\/h3>\n<ul data-start=\"3374\" data-end=\"3758\">\n<li data-start=\"3374\" data-end=\"3448\">\n<p data-start=\"3376\" data-end=\"3448\"><strong data-start=\"3376\" data-end=\"3391\">\u00c9poque 1890<\/strong>, une des p\u00e9riodes les plus prestigieuses de la maison.<\/p>\n<\/li>\n<li data-start=\"3449\" data-end=\"3536\">\n<p data-start=\"3451\" data-end=\"3536\"><strong data-start=\"3451\" data-end=\"3477\">Toile damier originale<\/strong>, rarissime compar\u00e9e \u00e0 la toile monogramme plus r\u00e9pandue.<\/p>\n<\/li>\n<li data-start=\"3537\" data-end=\"3600\">\n<p data-start=\"3539\" data-end=\"3600\"><strong data-start=\"3539\" data-end=\"3562\">\u00c9tiquette d\u2019origine<\/strong>, gage d\u2019authenticit\u00e9 et d\u2019histoire.<\/p>\n<\/li>\n<li data-start=\"3601\" data-end=\"3673\">\n<p data-start=\"3603\" data-end=\"3673\"><strong data-start=\"3603\" data-end=\"3642\">Compartiments int\u00e9rieurs sur mesure<\/strong>, ajoutant un attrait unique.<\/p>\n<\/li>\n<li data-start=\"3674\" data-end=\"3758\">\n<p data-start=\"3676\" data-end=\"3758\"><strong data-start=\"3676\" data-end=\"3693\">Tr\u00e8s bon \u00e9tat<\/strong> malgr\u00e9 son \u00e2ge, un crit\u00e8re essentiel pour les collectionneurs.<\/p>\n<\/li>\n<\/ul>\n<hr data-start=\"3760\" data-end=\"3763\" \/>\n<h3 data-start=\"3765\" data-end=\"3801\">Mots-cl\u00e9s secondaires int\u00e9gr\u00e9s<\/h3>\n<ul data-start=\"3803\" data-end=\"4252\">\n<li data-start=\"3803\" data-end=\"3866\">\n<p data-start=\"3805\" data-end=\"3866\"><strong data-start=\"3805\" data-end=\"3833\">Malle ancienne de voyage<\/strong> et <strong data-start=\"3837\" data-end=\"3863\">malle de luxe ancienne<\/strong>.<\/p>\n<\/li>\n<li data-start=\"3867\" data-end=\"3945\">\n<p data-start=\"3869\" data-end=\"3945\"><strong data-start=\"3869\" data-end=\"3908\">D\u00e9coration avec malle Louis Vuitton<\/strong> et <strong data-start=\"3912\" data-end=\"3942\">malle de rangement vintage<\/strong>.<\/p>\n<\/li>\n<li data-start=\"3946\" data-end=\"4022\">\n<p data-start=\"3948\" data-end=\"4022\"><strong data-start=\"3948\" data-end=\"3985\">Objet de collection Louis Vuitton<\/strong> et <strong data-start=\"3989\" data-end=\"4019\">pi\u00e8ce unique Louis Vuitton<\/strong>.<\/p>\n<\/li>\n<li data-start=\"4023\" data-end=\"4161\">\n<p data-start=\"4025\" data-end=\"4161\"><strong data-start=\"4025\" data-end=\"4055\">Authenticit\u00e9 malle Vuitton<\/strong> avec <strong data-start=\"4061\" data-end=\"4087\">toile damier originale<\/strong>, <strong data-start=\"4089\" data-end=\"4112\">cuir naturel patin\u00e9<\/strong>, <strong data-start=\"4114\" data-end=\"4135\">ferrures en m\u00e9tal<\/strong> et <strong data-start=\"4139\" data-end=\"4158\">dessous en zinc<\/strong>.<\/p>\n<\/li>\n<li data-start=\"4162\" data-end=\"4252\">\n<p data-start=\"4164\" data-end=\"4252\">Une v\u00e9ritable <strong data-start=\"4178\" data-end=\"4214\">malle embl\u00e9matique et historique<\/strong>, proche de la <strong data-start=\"4229\" data-end=\"4249\">malle centenaire<\/strong>.<\/p>\n<\/li>\n<\/ul>\n<hr data-start=\"4254\" data-end=\"4257\" \/>\n<h3 data-start=\"4259\" data-end=\"4307\">Pourquoi acheter chez TheVintageTraveler ?<\/h3>\n<p data-start=\"4309\" data-end=\"4372\">Chez <strong data-start=\"4314\" data-end=\"4336\">TheVintageTraveler<\/strong>, chaque malle Louis Vuitton est :<\/p>\n<ul data-start=\"4374\" data-end=\"4679\">\n<li data-start=\"4374\" data-end=\"4434\">\n<p data-start=\"4376\" data-end=\"4434\"><strong data-start=\"4376\" data-end=\"4406\">Expertis\u00e9e et authentifi\u00e9e<\/strong>, avec datation confirm\u00e9e.<\/p>\n<\/li>\n<li data-start=\"4435\" data-end=\"4520\">\n<p data-start=\"4437\" data-end=\"4520\">S\u00e9lectionn\u00e9e pour sa <strong data-start=\"4458\" data-end=\"4517\">raret\u00e9, son \u00e9tat exceptionnel et sa valeur patrimoniale<\/strong>.<\/p>\n<\/li>\n<li data-start=\"4521\" data-end=\"4570\">\n<p data-start=\"4523\" data-end=\"4570\">Livr\u00e9e avec un <strong data-start=\"4538\" data-end=\"4567\">certificat d\u2019authenticit\u00e9<\/strong>.<\/p>\n<\/li>\n<li data-start=\"4571\" data-end=\"4679\">\n<p data-start=\"4573\" data-end=\"4679\">Disponible en <strong data-start=\"4587\" data-end=\"4631\">showroom au March\u00e9 Serpette \u2013 Saint-Ouen<\/strong> ou en <strong data-start=\"4638\" data-end=\"4676\">livraison internationale s\u00e9curis\u00e9e<\/strong>.<\/p>\n<\/li>\n<\/ul>\n<hr data-start=\"4681\" data-end=\"4684\" \/>\n<h3 data-start=\"4686\" data-end=\"4702\">Conclusion<\/h3>\n<p data-start=\"4704\" data-end=\"5104\">Cette <strong data-start=\"4710\" data-end=\"4758\">malle Louis Vuitton ancienne en toile damier<\/strong>, datant des <strong data-start=\"4771\" data-end=\"4786\">ann\u00e9es 1890<\/strong>, aux <strong data-start=\"4792\" data-end=\"4827\">finitions m\u00e9tal et dessous zinc<\/strong>, avec son <strong data-start=\"4838\" data-end=\"4904\">\u00e9tiquette d\u2019origine et ses compartiments int\u00e9rieurs sur mesure<\/strong>, est une <strong data-start=\"4914\" data-end=\"4949\">pi\u00e8ce rarissime et patrimoniale<\/strong>. \u00c0 la fois <strong data-start=\"4961\" data-end=\"5034\">objet de d\u00e9coration unique, bijou de collection et investissement s\u00fbr<\/strong>, elle incarne le prestige et l\u2019h\u00e9ritage de la maison Louis Vuitton.<\/p>\n<p>Suivez &#8211; nous sur <a href=\"https:\/\/www.facebook.com\/TheVintageTravelerFR\">Facebook<\/a> et <a href=\"https:\/\/www.instagram.com\/the_vintagetraveler\/?igsh=aXdsbDJkdnpwZjcx#\">Instagram<\/a><\/p>\n","protected":false},"excerpt":{"rendered":"<p>Malle Louis Vuitton ancienne en toile damier, ann\u00e9es 1890. Tr\u00e8s bon \u00e9tat, finitions m\u00e9tal, dessous zinc, \u00e9tiquette d\u2019origine. Rare et certifi\u00e9e.<\/p>\n","protected":false},"featured_media":6104,"template":"","meta":[],"product_brand":[],"product_cat":[118,119,140],"product_tag":[146,164,165,163],"class_list":{"0":"post-6102","1":"product","2":"type-product","3":"status-publish","4":"has-post-thumbnail","6":"product_cat-malles","7":"product_cat-malles-louis-vuitton","8":"product_cat-nouveautes","9":"product_tag-louisvuitton","10":"product_tag-louisvuittontrunk","11":"product_tag-lvtrunk","12":"product_tag-mallelouisvuitton","14":"first","15":"outofstock","16":"sold-individually","17":"shipping-taxable","18":"product-type-simple"},"yoast_head":"<!-- This site is optimized with the Yoast SEO plugin v27.1.1 - https:\/\/yoast.com\/product\/yoast-seo-wordpress\/ -->\n<title>Malle Louis Vuitton Damier Ancienne 1890 | TheVintageTraveler<\/title>\n<meta name=\"description\" content=\"Rare malle Louis Vuitton en toile damier des ann\u00e9es 1890, avec \u00e9tiquette d\u2019origine. Excellent \u00e9tat, compartiments sur mesure, pi\u00e8ce patrimoniale.\" \/>\n<meta name=\"robots\" content=\"index, follow, max-snippet:-1, max-image-preview:large, max-video-preview:-1\" \/>\n<link rel=\"canonical\" href=\"https:\/\/thevintagetraveler.com\/en\/produit\/malle-louis-vuitton-damier-ancienne-1890\/\" \/>\n<meta property=\"og:locale\" content=\"en_US\" \/>\n<meta property=\"og:type\" content=\"article\" \/>\n<meta property=\"og:title\" content=\"Malle Louis Vuitton Damier Ancienne 1890 | TheVintageTraveler\" \/>\n<meta property=\"og:description\" content=\"Rare malle Louis Vuitton en toile damier des ann\u00e9es 1890, avec \u00e9tiquette d\u2019origine. Excellent \u00e9tat, compartiments sur mesure, pi\u00e8ce patrimoniale.\" \/>\n<meta property=\"og:url\" content=\"https:\/\/thevintagetraveler.com\/en\/produit\/malle-louis-vuitton-damier-ancienne-1890\/\" \/>\n<meta property=\"og:site_name\" content=\"TheVintageTraveler\" \/>\n<meta property=\"article:publisher\" content=\"https:\/\/www.facebook.com\/TheVintageTravelerFR\/\" \/>\n<meta property=\"article:modified_time\" content=\"2026-03-02T13:23:16+00:00\" \/>\n<meta property=\"og:image\" content=\"https:\/\/thevintagetraveler.com\/wp-content\/uploads\/2025\/09\/louis-vuitton-trunk-1888-11016307-en-max.jpg\" \/>\n\t<meta property=\"og:image:width\" content=\"1200\" \/>\n\t<meta property=\"og:image:height\" content=\"1200\" \/>\n\t<meta property=\"og:image:type\" content=\"image\/jpeg\" \/>\n<meta name=\"twitter:card\" content=\"summary_large_image\" \/>\n<meta name=\"twitter:label1\" content=\"Est. reading time\" \/>\n\t<meta name=\"twitter:data1\" content=\"3 minutes\" \/>\n<script type=\"application\/ld+json\" class=\"yoast-schema-graph\">{\"@context\":\"https:\/\/schema.org\",\"@graph\":[{\"@type\":\"WebPage\",\"@id\":\"https:\/\/thevintagetraveler.com\/en\/produit\/malle-louis-vuitton-damier-ancienne-1890\/\",\"url\":\"https:\/\/thevintagetraveler.com\/en\/produit\/malle-louis-vuitton-damier-ancienne-1890\/\",\"name\":\"Malle Louis Vuitton Damier Ancienne 1890 | TheVintageTraveler\",\"isPartOf\":{\"@id\":\"https:\/\/thevintagetraveler.com\/en\/#website\"},\"primaryImageOfPage\":{\"@id\":\"https:\/\/thevintagetraveler.com\/en\/produit\/malle-louis-vuitton-damier-ancienne-1890\/#primaryimage\"},\"image\":{\"@id\":\"https:\/\/thevintagetraveler.com\/en\/produit\/malle-louis-vuitton-damier-ancienne-1890\/#primaryimage\"},\"thumbnailUrl\":\"https:\/\/thevintagetraveler.com\/wp-content\/uploads\/2025\/09\/louis-vuitton-trunk-1888-11016307-en-max.jpg\",\"datePublished\":\"2024-09-30T14:08:53+00:00\",\"dateModified\":\"2026-03-02T13:23:16+00:00\",\"description\":\"Rare malle Louis Vuitton en toile damier des ann\u00e9es 1890, avec \u00e9tiquette d\u2019origine. Excellent \u00e9tat, compartiments sur mesure, pi\u00e8ce patrimoniale.\",\"breadcrumb\":{\"@id\":\"https:\/\/thevintagetraveler.com\/en\/produit\/malle-louis-vuitton-damier-ancienne-1890\/#breadcrumb\"},\"inLanguage\":\"en-US\",\"potentialAction\":[{\"@type\":\"ReadAction\",\"target\":[\"https:\/\/thevintagetraveler.com\/en\/produit\/malle-louis-vuitton-damier-ancienne-1890\/\"]}]},{\"@type\":\"ImageObject\",\"inLanguage\":\"en-US\",\"@id\":\"https:\/\/thevintagetraveler.com\/en\/produit\/malle-louis-vuitton-damier-ancienne-1890\/#primaryimage\",\"url\":\"https:\/\/thevintagetraveler.com\/wp-content\/uploads\/2025\/09\/louis-vuitton-trunk-1888-11016307-en-max.jpg\",\"contentUrl\":\"https:\/\/thevintagetraveler.com\/wp-content\/uploads\/2025\/09\/louis-vuitton-trunk-1888-11016307-en-max.jpg\",\"width\":1200,\"height\":1200,\"caption\":\"malle Louis Vuitton ancienne damier 1890\"},{\"@type\":\"BreadcrumbList\",\"@id\":\"https:\/\/thevintagetraveler.com\/en\/produit\/malle-louis-vuitton-damier-ancienne-1890\/#breadcrumb\",\"itemListElement\":[{\"@type\":\"ListItem\",\"position\":1,\"name\":\"Accueil\",\"item\":\"https:\/\/thevintagetraveler.com\/en\/\"},{\"@type\":\"ListItem\",\"position\":2,\"name\":\"Shop\",\"item\":\"https:\/\/thevintagetraveler.com\/shop\/\"},{\"@type\":\"ListItem\",\"position\":3,\"name\":\"Malle Louis Vuitton Damier courrier vintage\"}]},{\"@type\":\"WebSite\",\"@id\":\"https:\/\/thevintagetraveler.com\/en\/#website\",\"url\":\"https:\/\/thevintagetraveler.com\/en\/\",\"name\":\"TheVintageTraveler\",\"description\":\"Luxury experts in Louis Vuitton, Chanel &amp; Herm\u00e8s\",\"publisher\":{\"@id\":\"https:\/\/thevintagetraveler.com\/en\/#organization\"},\"potentialAction\":[{\"@type\":\"SearchAction\",\"target\":{\"@type\":\"EntryPoint\",\"urlTemplate\":\"https:\/\/thevintagetraveler.com\/en\/?s={search_term_string}\"},\"query-input\":{\"@type\":\"PropertyValueSpecification\",\"valueRequired\":true,\"valueName\":\"search_term_string\"}}],\"inLanguage\":\"en-US\"},{\"@type\":\"Organization\",\"@id\":\"https:\/\/thevintagetraveler.com\/en\/#organization\",\"name\":\"TheVintageTraveler\",\"url\":\"https:\/\/thevintagetraveler.com\/en\/\",\"logo\":{\"@type\":\"ImageObject\",\"inLanguage\":\"en-US\",\"@id\":\"https:\/\/thevintagetraveler.com\/en\/#\/schema\/logo\/image\/\",\"url\":\"https:\/\/thevintagetraveler.com\/wp-content\/uploads\/2025\/04\/LOGO-THE-VINTAGE-TRAVELER-FINAL-e1745392697678.png\",\"contentUrl\":\"https:\/\/thevintagetraveler.com\/wp-content\/uploads\/2025\/04\/LOGO-THE-VINTAGE-TRAVELER-FINAL-e1745392697678.png\",\"width\":798,\"height\":318,\"caption\":\"TheVintageTraveler\"},\"image\":{\"@id\":\"https:\/\/thevintagetraveler.com\/en\/#\/schema\/logo\/image\/\"},\"sameAs\":[\"https:\/\/www.facebook.com\/TheVintageTravelerFR\/\",\"https:\/\/www.instagram.com\/the_vintagetraveler\"]}]}<\/script>\n<!-- \/ Yoast SEO plugin. -->","yoast_head_json":{"title":"Malle Louis Vuitton Damier Ancienne 1890 | TheVintageTraveler","description":"Rare malle Louis Vuitton en toile damier des ann\u00e9es 1890, avec \u00e9tiquette d\u2019origine. Excellent \u00e9tat, compartiments sur mesure, pi\u00e8ce patrimoniale.","robots":{"index":"index","follow":"follow","max-snippet":"max-snippet:-1","max-image-preview":"max-image-preview:large","max-video-preview":"max-video-preview:-1"},"canonical":"https:\/\/thevintagetraveler.com\/en\/produit\/malle-louis-vuitton-damier-ancienne-1890\/","og_locale":"en_US","og_type":"article","og_title":"Malle Louis Vuitton Damier Ancienne 1890 | TheVintageTraveler","og_description":"Rare malle Louis Vuitton en toile damier des ann\u00e9es 1890, avec \u00e9tiquette d\u2019origine. Excellent \u00e9tat, compartiments sur mesure, pi\u00e8ce patrimoniale.","og_url":"https:\/\/thevintagetraveler.com\/en\/produit\/malle-louis-vuitton-damier-ancienne-1890\/","og_site_name":"TheVintageTraveler","article_publisher":"https:\/\/www.facebook.com\/TheVintageTravelerFR\/","article_modified_time":"2026-03-02T13:23:16+00:00","og_image":[{"width":1200,"height":1200,"url":"https:\/\/thevintagetraveler.com\/wp-content\/uploads\/2025\/09\/louis-vuitton-trunk-1888-11016307-en-max.jpg","type":"image\/jpeg"}],"twitter_card":"summary_large_image","twitter_misc":{"Est. reading time":"3 minutes"},"schema":{"@context":"https:\/\/schema.org","@graph":[{"@type":"WebPage","@id":"https:\/\/thevintagetraveler.com\/en\/produit\/malle-louis-vuitton-damier-ancienne-1890\/","url":"https:\/\/thevintagetraveler.com\/en\/produit\/malle-louis-vuitton-damier-ancienne-1890\/","name":"Malle Louis Vuitton Damier Ancienne 1890 | TheVintageTraveler","isPartOf":{"@id":"https:\/\/thevintagetraveler.com\/en\/#website"},"primaryImageOfPage":{"@id":"https:\/\/thevintagetraveler.com\/en\/produit\/malle-louis-vuitton-damier-ancienne-1890\/#primaryimage"},"image":{"@id":"https:\/\/thevintagetraveler.com\/en\/produit\/malle-louis-vuitton-damier-ancienne-1890\/#primaryimage"},"thumbnailUrl":"https:\/\/thevintagetraveler.com\/wp-content\/uploads\/2025\/09\/louis-vuitton-trunk-1888-11016307-en-max.jpg","datePublished":"2024-09-30T14:08:53+00:00","dateModified":"2026-03-02T13:23:16+00:00","description":"Rare malle Louis Vuitton en toile damier des ann\u00e9es 1890, avec \u00e9tiquette d\u2019origine. Excellent \u00e9tat, compartiments sur mesure, pi\u00e8ce patrimoniale.","breadcrumb":{"@id":"https:\/\/thevintagetraveler.com\/en\/produit\/malle-louis-vuitton-damier-ancienne-1890\/#breadcrumb"},"inLanguage":"en-US","potentialAction":[{"@type":"ReadAction","target":["https:\/\/thevintagetraveler.com\/en\/produit\/malle-louis-vuitton-damier-ancienne-1890\/"]}]},{"@type":"ImageObject","inLanguage":"en-US","@id":"https:\/\/thevintagetraveler.com\/en\/produit\/malle-louis-vuitton-damier-ancienne-1890\/#primaryimage","url":"https:\/\/thevintagetraveler.com\/wp-content\/uploads\/2025\/09\/louis-vuitton-trunk-1888-11016307-en-max.jpg","contentUrl":"https:\/\/thevintagetraveler.com\/wp-content\/uploads\/2025\/09\/louis-vuitton-trunk-1888-11016307-en-max.jpg","width":1200,"height":1200,"caption":"malle Louis Vuitton ancienne damier 1890"},{"@type":"BreadcrumbList","@id":"https:\/\/thevintagetraveler.com\/en\/produit\/malle-louis-vuitton-damier-ancienne-1890\/#breadcrumb","itemListElement":[{"@type":"ListItem","position":1,"name":"Accueil","item":"https:\/\/thevintagetraveler.com\/en\/"},{"@type":"ListItem","position":2,"name":"Shop","item":"https:\/\/thevintagetraveler.com\/shop\/"},{"@type":"ListItem","position":3,"name":"Malle Louis Vuitton Damier courrier vintage"}]},{"@type":"WebSite","@id":"https:\/\/thevintagetraveler.com\/en\/#website","url":"https:\/\/thevintagetraveler.com\/en\/","name":"TheVintageTraveler","description":"Luxury experts in Louis Vuitton, Chanel &amp; Herm\u00e8s","publisher":{"@id":"https:\/\/thevintagetraveler.com\/en\/#organization"},"potentialAction":[{"@type":"SearchAction","target":{"@type":"EntryPoint","urlTemplate":"https:\/\/thevintagetraveler.com\/en\/?s={search_term_string}"},"query-input":{"@type":"PropertyValueSpecification","valueRequired":true,"valueName":"search_term_string"}}],"inLanguage":"en-US"},{"@type":"Organization","@id":"https:\/\/thevintagetraveler.com\/en\/#organization","name":"TheVintageTraveler","url":"https:\/\/thevintagetraveler.com\/en\/","logo":{"@type":"ImageObject","inLanguage":"en-US","@id":"https:\/\/thevintagetraveler.com\/en\/#\/schema\/logo\/image\/","url":"https:\/\/thevintagetraveler.com\/wp-content\/uploads\/2025\/04\/LOGO-THE-VINTAGE-TRAVELER-FINAL-e1745392697678.png","contentUrl":"https:\/\/thevintagetraveler.com\/wp-content\/uploads\/2025\/04\/LOGO-THE-VINTAGE-TRAVELER-FINAL-e1745392697678.png","width":798,"height":318,"caption":"TheVintageTraveler"},"image":{"@id":"https:\/\/thevintagetraveler.com\/en\/#\/schema\/logo\/image\/"},"sameAs":["https:\/\/www.facebook.com\/TheVintageTravelerFR\/","https:\/\/www.instagram.com\/the_vintagetraveler"]}]}},"_links":{"self":[{"href":"https:\/\/thevintagetraveler.com\/en\/wp-json\/wp\/v2\/product\/6102","targetHints":{"allow":["GET"]}}],"collection":[{"href":"https:\/\/thevintagetraveler.com\/en\/wp-json\/wp\/v2\/product"}],"about":[{"href":"https:\/\/thevintagetraveler.com\/en\/wp-json\/wp\/v2\/types\/product"}],"wp:featuredmedia":[{"embeddable":true,"href":"https:\/\/thevintagetraveler.com\/en\/wp-json\/wp\/v2\/media\/6104"}],"wp:attachment":[{"href":"https:\/\/thevintagetraveler.com\/en\/wp-json\/wp\/v2\/media?parent=6102"}],"wp:term":[{"taxonomy":"product_brand","embeddable":true,"href":"https:\/\/thevintagetraveler.com\/en\/wp-json\/wp\/v2\/product_brand?post=6102"},{"taxonomy":"product_cat","embeddable":true,"href":"https:\/\/thevintagetraveler.com\/en\/wp-json\/wp\/v2\/product_cat?post=6102"},{"taxonomy":"product_tag","embeddable":true,"href":"https:\/\/thevintagetraveler.com\/en\/wp-json\/wp\/v2\/product_tag?post=6102"}],"curies":[{"name":"wp","href":"https:\/\/api.w.org\/{rel}","templated":true}]}}