{"id":6116,"date":"2024-09-30T16:23:47","date_gmt":"2024-09-30T14:23:47","guid":{"rendered":"https:\/\/thevintagetraveler.com\/?post_type=product&#038;p=6116"},"modified":"2025-12-09T18:00:26","modified_gmt":"2025-12-09T17:00:26","slug":"malle-penderie-louis-vuitton-vintage-monogramme-annees-20","status":"publish","type":"product","link":"https:\/\/thevintagetraveler.com\/en\/produit\/malle-penderie-louis-vuitton-vintage-monogramme-annees-20\/","title":{"rendered":"Malle Louis Vuitton Penderie Monogramme"},"content":{"rendered":"<h3 data-start=\"1217\" data-end=\"1303\">Malle Penderie Louis Vuitton \u2013 Vintage Ann\u00e9es 20-30, Toile Monogramme au Pochoir<\/h3>\n<p data-start=\"1305\" data-end=\"1635\">Cette <strong data-start=\"1311\" data-end=\"1351\">malle penderie Louis Vuitton vintage<\/strong>, datant des <strong data-start=\"1364\" data-end=\"1384\">ann\u00e9es 1920-1930<\/strong>, est une <strong data-start=\"1394\" data-end=\"1446\">pi\u00e8ce exceptionnelle du patrimoine Louis Vuitton<\/strong>. R\u00e9alis\u00e9e en <strong data-start=\"1460\" data-end=\"1491\">toile monogramme au pochoir<\/strong>, elle est rest\u00e9e en <strong data-start=\"1512\" data-end=\"1529\">tr\u00e8s bon \u00e9tat<\/strong> malgr\u00e9 son \u00e2ge et conserve ses <strong data-start=\"1561\" data-end=\"1594\">\u00e9tiquettes d\u2019origine du Japon<\/strong>, t\u00e9moignant de son histoire de voyage.<\/p>\n<hr data-start=\"1637\" data-end=\"1640\" \/>\n<h3 data-start=\"1642\" data-end=\"1699\">Une malle penderie : l\u2019ing\u00e9niosit\u00e9 Herm\u00e8s du voyage<\/h3>\n<ul data-start=\"1701\" data-end=\"2152\">\n<li data-start=\"1701\" data-end=\"1863\">\n<p data-start=\"1703\" data-end=\"1863\">Con\u00e7ue pour servir de <strong data-start=\"1725\" data-end=\"1746\">dressing portatif<\/strong>, la malle penderie \u00e9tait utilis\u00e9e par les grands voyageurs pour transporter et suspendre v\u00eatements et accessoires.<\/p>\n<\/li>\n<li data-start=\"1864\" data-end=\"1993\">\n<p data-start=\"1866\" data-end=\"1993\">Avec ses <strong data-start=\"1875\" data-end=\"1945\">dimensions (114 cm de haut \u00d7 41 cm de large \u00d7 55 cm de profondeur)<\/strong>, elle combine <strong data-start=\"1960\" data-end=\"1990\">fonctionnalit\u00e9 et \u00e9l\u00e9gance<\/strong>.<\/p>\n<\/li>\n<li data-start=\"1994\" data-end=\"2152\">\n<p data-start=\"1996\" data-end=\"2152\">Aujourd\u2019hui, elle est recherch\u00e9e non seulement pour la <strong data-start=\"2051\" data-end=\"2065\">collection<\/strong>, mais aussi pour la <strong data-start=\"2086\" data-end=\"2111\">d\u00e9coration int\u00e9rieure<\/strong> ou comme <strong data-start=\"2121\" data-end=\"2149\">table basse pos\u00e9e au sol<\/strong>.<\/p>\n<\/li>\n<\/ul>\n<hr data-start=\"2154\" data-end=\"2157\" \/>\n<h3 data-start=\"2159\" data-end=\"2212\">Toile monogramme au pochoir &amp; d\u00e9tails d\u2019origine<\/h3>\n<ul data-start=\"2214\" data-end=\"2613\">\n<li data-start=\"2214\" data-end=\"2326\">\n<p data-start=\"2216\" data-end=\"2326\"><strong data-start=\"2216\" data-end=\"2247\">Toile monogramme au pochoir<\/strong>, une technique artisanale utilis\u00e9e par <a href=\"https:\/\/thevintagetraveler.com\/rachat-sac-louis-vuitton\/\">Louis Vuitton<\/a> au d\u00e9but du XX\u1d49 si\u00e8cle.<\/p>\n<\/li>\n<li data-start=\"2327\" data-end=\"2438\">\n<p data-start=\"2329\" data-end=\"2438\"><strong data-start=\"2329\" data-end=\"2374\">\u00c9tiquettes de voyages japonaises d\u2019\u00e9poque<\/strong>, \u00e9l\u00e9ments authentiques qui renforcent sa valeur patrimoniale.<\/p>\n<\/li>\n<li data-start=\"2439\" data-end=\"2540\">\n<p data-start=\"2441\" data-end=\"2540\"><strong data-start=\"2441\" data-end=\"2464\">Cuir naturel patin\u00e9<\/strong> et <strong data-start=\"2468\" data-end=\"2490\">ferrures en laiton<\/strong>, caract\u00e9ristiques des malles anciennes de luxe.<\/p>\n<\/li>\n<li data-start=\"2541\" data-end=\"2613\">\n<p data-start=\"2543\" data-end=\"2613\">Int\u00e9rieur d\u2019origine.<\/p>\n<\/li>\n<\/ul>\n<hr data-start=\"2615\" data-end=\"2618\" \/>\n<h3 data-start=\"2620\" data-end=\"2653\">Caract\u00e9ristiques du produit<\/h3>\n<ul data-start=\"2655\" data-end=\"3162\">\n<li data-start=\"2655\" data-end=\"2685\">\n<p data-start=\"2657\" data-end=\"2685\"><strong data-start=\"2657\" data-end=\"2669\">Marque :<\/strong> Louis Vuitton<\/p>\n<\/li>\n<li data-start=\"2686\" data-end=\"2725\">\n<p data-start=\"2688\" data-end=\"2725\"><strong data-start=\"2688\" data-end=\"2700\">Mod\u00e8le :<\/strong> Malle penderie vintage<\/p>\n<\/li>\n<li data-start=\"2726\" data-end=\"2755\">\n<p data-start=\"2728\" data-end=\"2755\"><strong data-start=\"2728\" data-end=\"2740\">\u00c9poque :<\/strong> Ann\u00e9es 20-30<\/p>\n<\/li>\n<li data-start=\"2756\" data-end=\"2822\">\n<p data-start=\"2758\" data-end=\"2822\"><strong data-start=\"2758\" data-end=\"2771\">Mati\u00e8re :<\/strong> Toile monogramme au pochoir, cuir naturel patin\u00e9<\/p>\n<\/li>\n<li data-start=\"2823\" data-end=\"2895\">\n<p data-start=\"2825\" data-end=\"2895\"><strong data-start=\"2825\" data-end=\"2840\">Finitions :<\/strong> Ferrures en laiton, structure bois, dessous renforc\u00e9<\/p>\n<\/li>\n<li data-start=\"2896\" data-end=\"2972\">\n<p data-start=\"2898\" data-end=\"2972\"><strong data-start=\"2898\" data-end=\"2914\">Dimensions :<\/strong> 114 cm (hauteur) \u00d7 41 cm (largeur) \u00d7 55 cm (profondeur)<\/p>\n<\/li>\n<li data-start=\"2973\" data-end=\"3026\">\n<p data-start=\"2975\" data-end=\"3026\"><strong data-start=\"2975\" data-end=\"2992\">Accessoires :<\/strong> \u00c9tiquettes d\u2019origine japonaises<\/p>\n<\/li>\n<li data-start=\"3027\" data-end=\"3081\">\n<p data-start=\"3029\" data-end=\"3081\"><strong data-start=\"3029\" data-end=\"3039\">\u00c9tat :<\/strong> Tr\u00e8s bon \u00e9tat pour une pi\u00e8ce centenaire<\/p>\n<\/li>\n<li data-start=\"3082\" data-end=\"3162\">\n<p data-start=\"3084\" data-end=\"3162\"><strong data-start=\"3084\" data-end=\"3106\">Authentification :<\/strong> Certifi\u00e9e \u2013 livr\u00e9e avec certificat TheVintageTraveler<\/p>\n<\/li>\n<\/ul>\n<hr data-start=\"3164\" data-end=\"3167\" \/>\n<h3 data-start=\"3169\" data-end=\"3211\">Une pi\u00e8ce rare et multifonctionnelle<\/h3>\n<p data-start=\"3213\" data-end=\"3246\">Cette malle est parfaite pour :<\/p>\n<ul data-start=\"3248\" data-end=\"3511\">\n<li data-start=\"3248\" data-end=\"3337\">\n<p data-start=\"3250\" data-end=\"3337\">\u00catre utilis\u00e9e en <strong data-start=\"3267\" data-end=\"3295\">d\u00e9coration haut de gamme<\/strong> dans un int\u00e9rieur moderne ou classique.<\/p>\n<\/li>\n<li data-start=\"3338\" data-end=\"3391\">\n<p data-start=\"3340\" data-end=\"3391\">Servir de <strong data-start=\"3350\" data-end=\"3388\">table basse unique et prestigieuse<\/strong>.<\/p>\n<\/li>\n<li data-start=\"3392\" data-end=\"3458\">\n<p data-start=\"3394\" data-end=\"3458\">Enrichir une <strong data-start=\"3407\" data-end=\"3455\">collection de malles anciennes Louis Vuitton<\/strong>.<\/p>\n<\/li>\n<li data-start=\"3459\" data-end=\"3511\">\n<p data-start=\"3461\" data-end=\"3511\">Pr\u00e9server une <strong data-start=\"3475\" data-end=\"3508\">pi\u00e8ce patrimoniale centenaire<\/strong>.<\/p>\n<\/li>\n<\/ul>\n<hr data-start=\"3513\" data-end=\"3516\" \/>\n<h3 data-start=\"3518\" data-end=\"3595\">Pourquoi investir dans une malle penderie Louis Vuitton des ann\u00e9es 20 ?<\/h3>\n<ul data-start=\"3597\" data-end=\"3969\">\n<li data-start=\"3597\" data-end=\"3686\">\n<p data-start=\"3599\" data-end=\"3686\"><strong data-start=\"3599\" data-end=\"3617\">Raret\u00e9 extr\u00eame<\/strong>, surtout avec toile monogramme au pochoir et \u00e9tiquettes d\u2019origine.<\/p>\n<\/li>\n<li data-start=\"3687\" data-end=\"3755\">\n<p data-start=\"3689\" data-end=\"3755\"><strong data-start=\"3689\" data-end=\"3710\">Fonction penderie<\/strong>, un format embl\u00e9matique et tr\u00e8s recherch\u00e9.<\/p>\n<\/li>\n<li data-start=\"3756\" data-end=\"3830\">\n<p data-start=\"3758\" data-end=\"3830\"><strong data-start=\"3758\" data-end=\"3778\">\u00c9tat remarquable<\/strong> malgr\u00e9 son \u00e2ge, crit\u00e8re cl\u00e9 pour collectionneurs.<\/p>\n<\/li>\n<li data-start=\"3831\" data-end=\"3911\">\n<p data-start=\"3833\" data-end=\"3911\"><strong data-start=\"3833\" data-end=\"3870\">Valeur patrimoniale et historique<\/strong>, t\u00e9moin des voyages transcontinentaux.<\/p>\n<\/li>\n<li data-start=\"3912\" data-end=\"3969\">\n<p data-start=\"3914\" data-end=\"3969\">Usage d\u00e9coratif et collection \u00e0 forte valeur ajout\u00e9e.<\/p>\n<\/li>\n<\/ul>\n<hr data-start=\"3971\" data-end=\"3974\" \/>\n<h3 data-start=\"3976\" data-end=\"4012\">Mots-cl\u00e9s secondaires int\u00e9gr\u00e9s<\/h3>\n<ul data-start=\"4014\" data-end=\"4469\">\n<li data-start=\"4014\" data-end=\"4075\">\n<p data-start=\"4016\" data-end=\"4075\"><strong data-start=\"4016\" data-end=\"4044\">Malle ancienne de voyage<\/strong>, <strong data-start=\"4046\" data-end=\"4072\">malle de luxe ancienne<\/strong>.<\/p>\n<\/li>\n<li data-start=\"4076\" data-end=\"4152\">\n<p data-start=\"4078\" data-end=\"4152\"><strong data-start=\"4078\" data-end=\"4117\">D\u00e9coration avec malle Louis Vuitton<\/strong>, <strong data-start=\"4119\" data-end=\"4149\">malle de rangement vintage<\/strong>.<\/p>\n<\/li>\n<li data-start=\"4153\" data-end=\"4227\">\n<p data-start=\"4155\" data-end=\"4227\"><strong data-start=\"4155\" data-end=\"4192\">Objet de collection Louis Vuitton<\/strong>, <strong data-start=\"4194\" data-end=\"4224\">pi\u00e8ce unique Louis Vuitton<\/strong>.<\/p>\n<\/li>\n<li data-start=\"4228\" data-end=\"4348\">\n<p data-start=\"4230\" data-end=\"4348\"><strong data-start=\"4230\" data-end=\"4260\">Authenticit\u00e9 malle Vuitton<\/strong> avec <strong data-start=\"4266\" data-end=\"4296\">toile monogramme originale<\/strong>, <strong data-start=\"4298\" data-end=\"4321\">cuir naturel patin\u00e9<\/strong>, <strong data-start=\"4323\" data-end=\"4345\">ferrures en laiton<\/strong>.<\/p>\n<\/li>\n<li data-start=\"4349\" data-end=\"4469\">\n<p data-start=\"4351\" data-end=\"4469\">Une <strong data-start=\"4355\" data-end=\"4391\">malle embl\u00e9matique Louis Vuitton<\/strong>, v\u00e9ritable <strong data-start=\"4403\" data-end=\"4431\">malle historique Vuitton<\/strong>, proche de la <strong data-start=\"4446\" data-end=\"4466\">malle centenaire<\/strong>.<\/p>\n<\/li>\n<\/ul>\n<hr data-start=\"4471\" data-end=\"4474\" \/>\n<h3 data-start=\"4476\" data-end=\"4524\">Pourquoi acheter chez TheVintageTraveler ?<\/h3>\n<p data-start=\"4526\" data-end=\"4589\">Chez <strong data-start=\"4531\" data-end=\"4553\">TheVintageTraveler<\/strong>, chaque malle Louis Vuitton est :<\/p>\n<ul data-start=\"4591\" data-end=\"4871\">\n<li data-start=\"4591\" data-end=\"4651\">\n<p data-start=\"4593\" data-end=\"4651\"><strong data-start=\"4593\" data-end=\"4623\">Expertis\u00e9e et authentifi\u00e9e<\/strong>, avec datation confirm\u00e9e.<\/p>\n<\/li>\n<li data-start=\"4652\" data-end=\"4714\">\n<p data-start=\"4654\" data-end=\"4714\">S\u00e9lectionn\u00e9e pour sa <strong data-start=\"4675\" data-end=\"4711\">raret\u00e9 et sa valeur patrimoniale<\/strong>.<\/p>\n<\/li>\n<li data-start=\"4715\" data-end=\"4761\">\n<p data-start=\"4717\" data-end=\"4761\">Livr\u00e9e avec <strong data-start=\"4729\" data-end=\"4758\">certificat d\u2019authenticit\u00e9<\/strong>.<\/p>\n<\/li>\n<li data-start=\"4762\" data-end=\"4871\">\n<p data-start=\"4764\" data-end=\"4871\">Disponible en <strong data-start=\"4778\" data-end=\"4822\">showroom au March\u00e9 Serpette \u2013 Saint-Ouen<\/strong> ou via <strong data-start=\"4830\" data-end=\"4868\">livraison internationale s\u00e9curis\u00e9e<\/strong>.<\/p>\n<\/li>\n<\/ul>\n<hr data-start=\"4873\" data-end=\"4876\" \/>\n<h3 data-start=\"4878\" data-end=\"4894\">Conclusion<\/h3>\n<p data-start=\"4896\" data-end=\"5265\">Cette <strong data-start=\"4902\" data-end=\"4942\">malle penderie Louis Vuitton vintage<\/strong>, en <strong data-start=\"4947\" data-end=\"4978\">toile monogramme au pochoir<\/strong>, datant des <strong data-start=\"4991\" data-end=\"5007\">ann\u00e9es 20-30<\/strong>, avec ses <strong data-start=\"5018\" data-end=\"5051\">\u00e9tiquettes d\u2019origine du Japon<\/strong>, est une <strong data-start=\"5061\" data-end=\"5093\">pi\u00e8ce exceptionnelle et rare<\/strong>. \u00c0 la fois <strong data-start=\"5105\" data-end=\"5175\">objet de collection, d\u00e9coration unique et excellent investissement<\/strong>, elle incarne l\u2019<strong data-start=\"5192\" data-end=\"5262\">h\u00e9ritage patrimonial et le savoir-faire artisanal de Louis Vuitton<\/strong>.<\/p>\n<p>Suivez &#8211; nous sur <a href=\"https:\/\/www.facebook.com\/TheVintageTravelerFR\">Facebook<\/a> et <a href=\"https:\/\/www.instagram.com\/the_vintagetraveler\/?igsh=aXdsbDJkdnpwZjcx#\">Instagram<\/a><\/p>\n","protected":false},"excerpt":{"rendered":"<p>Malle penderie Louis Vuitton vintage des ann\u00e9es 20-30 en toile monogramme au pochoir. Tr\u00e8s bon \u00e9tat, avec \u00e9tiquettes japonaises d\u2019origine.<\/p>\n","protected":false},"featured_media":6118,"template":"","meta":[],"product_brand":[],"product_cat":[118,119,140],"product_tag":[146,164,165,163],"class_list":{"0":"post-6116","1":"product","2":"type-product","3":"status-publish","4":"has-post-thumbnail","6":"product_cat-malles","7":"product_cat-malles-louis-vuitton","8":"product_cat-nouveautes","9":"product_tag-louisvuitton","10":"product_tag-louisvuittontrunk","11":"product_tag-lvtrunk","12":"product_tag-mallelouisvuitton","14":"first","15":"outofstock","16":"sold-individually","17":"shipping-taxable","18":"purchasable","19":"product-type-simple"},"yoast_head":"<!-- This site is optimized with the Yoast SEO plugin v27.1.1 - https:\/\/yoast.com\/product\/yoast-seo-wordpress\/ -->\n<title>Malle Penderie Louis Vuitton Vintage Ann\u00e9es 20-30 | TheVintageTraveler<\/title>\n<meta name=\"description\" content=\"Malle penderie Louis Vuitton vintage en toile monogramme au pochoir, ann\u00e9es 20-30. Tr\u00e8s bon \u00e9tat, \u00e9tiquettes japonaises d\u2019origine, rare et certifi\u00e9e.\" \/>\n<meta name=\"robots\" content=\"index, follow, max-snippet:-1, max-image-preview:large, max-video-preview:-1\" \/>\n<link rel=\"canonical\" href=\"https:\/\/thevintagetraveler.com\/en\/produit\/malle-penderie-louis-vuitton-vintage-monogramme-annees-20\/\" \/>\n<meta property=\"og:locale\" content=\"en_US\" \/>\n<meta property=\"og:type\" content=\"article\" \/>\n<meta property=\"og:title\" content=\"Malle Penderie Louis Vuitton Vintage Ann\u00e9es 20-30 | TheVintageTraveler\" \/>\n<meta property=\"og:description\" content=\"Malle penderie Louis Vuitton vintage en toile monogramme au pochoir, ann\u00e9es 20-30. Tr\u00e8s bon \u00e9tat, \u00e9tiquettes japonaises d\u2019origine, rare et certifi\u00e9e.\" \/>\n<meta property=\"og:url\" content=\"https:\/\/thevintagetraveler.com\/en\/produit\/malle-penderie-louis-vuitton-vintage-monogramme-annees-20\/\" \/>\n<meta property=\"og:site_name\" content=\"TheVintageTraveler\" \/>\n<meta property=\"article:publisher\" content=\"https:\/\/www.facebook.com\/TheVintageTravelerFR\/\" \/>\n<meta property=\"article:modified_time\" content=\"2025-12-09T17:00:26+00:00\" \/>\n<meta property=\"og:image\" content=\"https:\/\/thevintagetraveler.com\/wp-content\/uploads\/2025\/09\/louis-vuitton-wardrobe-23889066-en-max.jpg\" \/>\n\t<meta property=\"og:image:width\" content=\"1200\" \/>\n\t<meta property=\"og:image:height\" content=\"1200\" \/>\n\t<meta property=\"og:image:type\" content=\"image\/jpeg\" \/>\n<meta name=\"twitter:card\" content=\"summary_large_image\" \/>\n<meta name=\"twitter:label1\" content=\"Est. reading time\" \/>\n\t<meta name=\"twitter:data1\" content=\"3 minutes\" \/>\n<script type=\"application\/ld+json\" class=\"yoast-schema-graph\">{\"@context\":\"https:\/\/schema.org\",\"@graph\":[{\"@type\":\"WebPage\",\"@id\":\"https:\/\/thevintagetraveler.com\/en\/produit\/malle-penderie-louis-vuitton-vintage-monogramme-annees-20\/\",\"url\":\"https:\/\/thevintagetraveler.com\/en\/produit\/malle-penderie-louis-vuitton-vintage-monogramme-annees-20\/\",\"name\":\"Malle Penderie Louis Vuitton Vintage Ann\u00e9es 20-30 | TheVintageTraveler\",\"isPartOf\":{\"@id\":\"https:\/\/thevintagetraveler.com\/en\/#website\"},\"primaryImageOfPage\":{\"@id\":\"https:\/\/thevintagetraveler.com\/en\/produit\/malle-penderie-louis-vuitton-vintage-monogramme-annees-20\/#primaryimage\"},\"image\":{\"@id\":\"https:\/\/thevintagetraveler.com\/en\/produit\/malle-penderie-louis-vuitton-vintage-monogramme-annees-20\/#primaryimage\"},\"thumbnailUrl\":\"https:\/\/thevintagetraveler.com\/wp-content\/uploads\/2025\/09\/louis-vuitton-wardrobe-23889066-en-max.jpg\",\"datePublished\":\"2024-09-30T14:23:47+00:00\",\"dateModified\":\"2025-12-09T17:00:26+00:00\",\"description\":\"Malle penderie Louis Vuitton vintage en toile monogramme au pochoir, ann\u00e9es 20-30. Tr\u00e8s bon \u00e9tat, \u00e9tiquettes japonaises d\u2019origine, rare et certifi\u00e9e.\",\"breadcrumb\":{\"@id\":\"https:\/\/thevintagetraveler.com\/en\/produit\/malle-penderie-louis-vuitton-vintage-monogramme-annees-20\/#breadcrumb\"},\"inLanguage\":\"en-US\",\"potentialAction\":[{\"@type\":\"ReadAction\",\"target\":[\"https:\/\/thevintagetraveler.com\/en\/produit\/malle-penderie-louis-vuitton-vintage-monogramme-annees-20\/\"]}]},{\"@type\":\"ImageObject\",\"inLanguage\":\"en-US\",\"@id\":\"https:\/\/thevintagetraveler.com\/en\/produit\/malle-penderie-louis-vuitton-vintage-monogramme-annees-20\/#primaryimage\",\"url\":\"https:\/\/thevintagetraveler.com\/wp-content\/uploads\/2025\/09\/louis-vuitton-wardrobe-23889066-en-max.jpg\",\"contentUrl\":\"https:\/\/thevintagetraveler.com\/wp-content\/uploads\/2025\/09\/louis-vuitton-wardrobe-23889066-en-max.jpg\",\"width\":1200,\"height\":1200,\"caption\":\"malle penderie Louis Vuitton vintage toile monogramme ann\u00e9es 20\"},{\"@type\":\"BreadcrumbList\",\"@id\":\"https:\/\/thevintagetraveler.com\/en\/produit\/malle-penderie-louis-vuitton-vintage-monogramme-annees-20\/#breadcrumb\",\"itemListElement\":[{\"@type\":\"ListItem\",\"position\":1,\"name\":\"Accueil\",\"item\":\"https:\/\/thevintagetraveler.com\/en\/\"},{\"@type\":\"ListItem\",\"position\":2,\"name\":\"Shop\",\"item\":\"https:\/\/thevintagetraveler.com\/shop\/\"},{\"@type\":\"ListItem\",\"position\":3,\"name\":\"Malle Louis Vuitton Penderie Monogramme\"}]},{\"@type\":\"WebSite\",\"@id\":\"https:\/\/thevintagetraveler.com\/en\/#website\",\"url\":\"https:\/\/thevintagetraveler.com\/en\/\",\"name\":\"TheVintageTraveler\",\"description\":\"Luxury experts in Louis Vuitton, Chanel &amp; Herm\u00e8s\",\"publisher\":{\"@id\":\"https:\/\/thevintagetraveler.com\/en\/#organization\"},\"potentialAction\":[{\"@type\":\"SearchAction\",\"target\":{\"@type\":\"EntryPoint\",\"urlTemplate\":\"https:\/\/thevintagetraveler.com\/en\/?s={search_term_string}\"},\"query-input\":{\"@type\":\"PropertyValueSpecification\",\"valueRequired\":true,\"valueName\":\"search_term_string\"}}],\"inLanguage\":\"en-US\"},{\"@type\":\"Organization\",\"@id\":\"https:\/\/thevintagetraveler.com\/en\/#organization\",\"name\":\"TheVintageTraveler\",\"url\":\"https:\/\/thevintagetraveler.com\/en\/\",\"logo\":{\"@type\":\"ImageObject\",\"inLanguage\":\"en-US\",\"@id\":\"https:\/\/thevintagetraveler.com\/en\/#\/schema\/logo\/image\/\",\"url\":\"https:\/\/thevintagetraveler.com\/wp-content\/uploads\/2025\/04\/LOGO-THE-VINTAGE-TRAVELER-FINAL-e1745392697678.png\",\"contentUrl\":\"https:\/\/thevintagetraveler.com\/wp-content\/uploads\/2025\/04\/LOGO-THE-VINTAGE-TRAVELER-FINAL-e1745392697678.png\",\"width\":798,\"height\":318,\"caption\":\"TheVintageTraveler\"},\"image\":{\"@id\":\"https:\/\/thevintagetraveler.com\/en\/#\/schema\/logo\/image\/\"},\"sameAs\":[\"https:\/\/www.facebook.com\/TheVintageTravelerFR\/\",\"https:\/\/www.instagram.com\/the_vintagetraveler\"]}]}<\/script>\n<!-- \/ Yoast SEO plugin. -->","yoast_head_json":{"title":"Malle Penderie Louis Vuitton Vintage Ann\u00e9es 20-30 | TheVintageTraveler","description":"Malle penderie Louis Vuitton vintage en toile monogramme au pochoir, ann\u00e9es 20-30. Tr\u00e8s bon \u00e9tat, \u00e9tiquettes japonaises d\u2019origine, rare et certifi\u00e9e.","robots":{"index":"index","follow":"follow","max-snippet":"max-snippet:-1","max-image-preview":"max-image-preview:large","max-video-preview":"max-video-preview:-1"},"canonical":"https:\/\/thevintagetraveler.com\/en\/produit\/malle-penderie-louis-vuitton-vintage-monogramme-annees-20\/","og_locale":"en_US","og_type":"article","og_title":"Malle Penderie Louis Vuitton Vintage Ann\u00e9es 20-30 | TheVintageTraveler","og_description":"Malle penderie Louis Vuitton vintage en toile monogramme au pochoir, ann\u00e9es 20-30. Tr\u00e8s bon \u00e9tat, \u00e9tiquettes japonaises d\u2019origine, rare et certifi\u00e9e.","og_url":"https:\/\/thevintagetraveler.com\/en\/produit\/malle-penderie-louis-vuitton-vintage-monogramme-annees-20\/","og_site_name":"TheVintageTraveler","article_publisher":"https:\/\/www.facebook.com\/TheVintageTravelerFR\/","article_modified_time":"2025-12-09T17:00:26+00:00","og_image":[{"width":1200,"height":1200,"url":"https:\/\/thevintagetraveler.com\/wp-content\/uploads\/2025\/09\/louis-vuitton-wardrobe-23889066-en-max.jpg","type":"image\/jpeg"}],"twitter_card":"summary_large_image","twitter_misc":{"Est. reading time":"3 minutes"},"schema":{"@context":"https:\/\/schema.org","@graph":[{"@type":"WebPage","@id":"https:\/\/thevintagetraveler.com\/en\/produit\/malle-penderie-louis-vuitton-vintage-monogramme-annees-20\/","url":"https:\/\/thevintagetraveler.com\/en\/produit\/malle-penderie-louis-vuitton-vintage-monogramme-annees-20\/","name":"Malle Penderie Louis Vuitton Vintage Ann\u00e9es 20-30 | TheVintageTraveler","isPartOf":{"@id":"https:\/\/thevintagetraveler.com\/en\/#website"},"primaryImageOfPage":{"@id":"https:\/\/thevintagetraveler.com\/en\/produit\/malle-penderie-louis-vuitton-vintage-monogramme-annees-20\/#primaryimage"},"image":{"@id":"https:\/\/thevintagetraveler.com\/en\/produit\/malle-penderie-louis-vuitton-vintage-monogramme-annees-20\/#primaryimage"},"thumbnailUrl":"https:\/\/thevintagetraveler.com\/wp-content\/uploads\/2025\/09\/louis-vuitton-wardrobe-23889066-en-max.jpg","datePublished":"2024-09-30T14:23:47+00:00","dateModified":"2025-12-09T17:00:26+00:00","description":"Malle penderie Louis Vuitton vintage en toile monogramme au pochoir, ann\u00e9es 20-30. Tr\u00e8s bon \u00e9tat, \u00e9tiquettes japonaises d\u2019origine, rare et certifi\u00e9e.","breadcrumb":{"@id":"https:\/\/thevintagetraveler.com\/en\/produit\/malle-penderie-louis-vuitton-vintage-monogramme-annees-20\/#breadcrumb"},"inLanguage":"en-US","potentialAction":[{"@type":"ReadAction","target":["https:\/\/thevintagetraveler.com\/en\/produit\/malle-penderie-louis-vuitton-vintage-monogramme-annees-20\/"]}]},{"@type":"ImageObject","inLanguage":"en-US","@id":"https:\/\/thevintagetraveler.com\/en\/produit\/malle-penderie-louis-vuitton-vintage-monogramme-annees-20\/#primaryimage","url":"https:\/\/thevintagetraveler.com\/wp-content\/uploads\/2025\/09\/louis-vuitton-wardrobe-23889066-en-max.jpg","contentUrl":"https:\/\/thevintagetraveler.com\/wp-content\/uploads\/2025\/09\/louis-vuitton-wardrobe-23889066-en-max.jpg","width":1200,"height":1200,"caption":"malle penderie Louis Vuitton vintage toile monogramme ann\u00e9es 20"},{"@type":"BreadcrumbList","@id":"https:\/\/thevintagetraveler.com\/en\/produit\/malle-penderie-louis-vuitton-vintage-monogramme-annees-20\/#breadcrumb","itemListElement":[{"@type":"ListItem","position":1,"name":"Accueil","item":"https:\/\/thevintagetraveler.com\/en\/"},{"@type":"ListItem","position":2,"name":"Shop","item":"https:\/\/thevintagetraveler.com\/shop\/"},{"@type":"ListItem","position":3,"name":"Malle Louis Vuitton Penderie Monogramme"}]},{"@type":"WebSite","@id":"https:\/\/thevintagetraveler.com\/en\/#website","url":"https:\/\/thevintagetraveler.com\/en\/","name":"TheVintageTraveler","description":"Luxury experts in Louis Vuitton, Chanel &amp; Herm\u00e8s","publisher":{"@id":"https:\/\/thevintagetraveler.com\/en\/#organization"},"potentialAction":[{"@type":"SearchAction","target":{"@type":"EntryPoint","urlTemplate":"https:\/\/thevintagetraveler.com\/en\/?s={search_term_string}"},"query-input":{"@type":"PropertyValueSpecification","valueRequired":true,"valueName":"search_term_string"}}],"inLanguage":"en-US"},{"@type":"Organization","@id":"https:\/\/thevintagetraveler.com\/en\/#organization","name":"TheVintageTraveler","url":"https:\/\/thevintagetraveler.com\/en\/","logo":{"@type":"ImageObject","inLanguage":"en-US","@id":"https:\/\/thevintagetraveler.com\/en\/#\/schema\/logo\/image\/","url":"https:\/\/thevintagetraveler.com\/wp-content\/uploads\/2025\/04\/LOGO-THE-VINTAGE-TRAVELER-FINAL-e1745392697678.png","contentUrl":"https:\/\/thevintagetraveler.com\/wp-content\/uploads\/2025\/04\/LOGO-THE-VINTAGE-TRAVELER-FINAL-e1745392697678.png","width":798,"height":318,"caption":"TheVintageTraveler"},"image":{"@id":"https:\/\/thevintagetraveler.com\/en\/#\/schema\/logo\/image\/"},"sameAs":["https:\/\/www.facebook.com\/TheVintageTravelerFR\/","https:\/\/www.instagram.com\/the_vintagetraveler"]}]}},"_links":{"self":[{"href":"https:\/\/thevintagetraveler.com\/en\/wp-json\/wp\/v2\/product\/6116","targetHints":{"allow":["GET"]}}],"collection":[{"href":"https:\/\/thevintagetraveler.com\/en\/wp-json\/wp\/v2\/product"}],"about":[{"href":"https:\/\/thevintagetraveler.com\/en\/wp-json\/wp\/v2\/types\/product"}],"wp:featuredmedia":[{"embeddable":true,"href":"https:\/\/thevintagetraveler.com\/en\/wp-json\/wp\/v2\/media\/6118"}],"wp:attachment":[{"href":"https:\/\/thevintagetraveler.com\/en\/wp-json\/wp\/v2\/media?parent=6116"}],"wp:term":[{"taxonomy":"product_brand","embeddable":true,"href":"https:\/\/thevintagetraveler.com\/en\/wp-json\/wp\/v2\/product_brand?post=6116"},{"taxonomy":"product_cat","embeddable":true,"href":"https:\/\/thevintagetraveler.com\/en\/wp-json\/wp\/v2\/product_cat?post=6116"},{"taxonomy":"product_tag","embeddable":true,"href":"https:\/\/thevintagetraveler.com\/en\/wp-json\/wp\/v2\/product_tag?post=6116"}],"curies":[{"name":"wp","href":"https:\/\/api.w.org\/{rel}","templated":true}]}}