{"id":6126,"date":"2024-09-30T16:33:40","date_gmt":"2024-09-30T14:33:40","guid":{"rendered":"https:\/\/thevintagetraveler.com\/?post_type=product&#038;p=6126"},"modified":"2026-03-02T14:22:47","modified_gmt":"2026-03-02T13:22:47","slug":"malle-louis-vuitton-courrier-ancienne-tout-cuir","status":"publish","type":"product","link":"https:\/\/thevintagetraveler.com\/en\/produit\/malle-louis-vuitton-courrier-ancienne-tout-cuir\/","title":{"rendered":"Malle Louis Vuitton Courrier en cuir"},"content":{"rendered":"<h3 data-start=\"1103\" data-end=\"1184\">Malle Louis Vuitton Courrier Ancienne \u2013 Tout en Cuir, Rare et de Collection<\/h3>\n<p data-start=\"1186\" data-end=\"1667\">Cette <strong data-start=\"1192\" data-end=\"1233\">malle Louis Vuitton courrier ancienne<\/strong>, r\u00e9alis\u00e9e enti\u00e8rement en <strong data-start=\"1259\" data-end=\"1267\">cuir<\/strong>, est une <strong data-start=\"1277\" data-end=\"1312\">pi\u00e8ce rarissime et patrimoniale<\/strong> du savoir-faire de la maison. Avec ses <strong data-start=\"1352\" data-end=\"1424\">dimensions 82 cm de largeur, 60 cm de hauteur et 52 cm de profondeur<\/strong>, elle pr\u00e9sente une <strong data-start=\"1444\" data-end=\"1472\">superbe patine naturelle<\/strong>, t\u00e9moin de son histoire et de son authenticit\u00e9. Une pi\u00e8ce de collection prestigieuse, id\u00e9ale aussi bien pour la <strong data-start=\"1585\" data-end=\"1613\">d\u00e9coration haut de gamme<\/strong> que pour l\u2019<strong data-start=\"1625\" data-end=\"1664\">investissement dans le luxe vintage<\/strong>.<\/p>\n<hr data-start=\"1669\" data-end=\"1672\" \/>\n<h3 data-start=\"1674\" data-end=\"1727\">Une malle courrier Louis Vuitton exceptionnelle<\/h3>\n<ul data-start=\"1729\" data-end=\"2118\">\n<li data-start=\"1729\" data-end=\"1846\">\n<p data-start=\"1731\" data-end=\"1846\"><strong data-start=\"1731\" data-end=\"1750\">Format courrier<\/strong> : destin\u00e9 \u00e0 contenir v\u00eatements et effets personnels lors des grands voyages transatlantiques.<\/p>\n<\/li>\n<li data-start=\"1847\" data-end=\"1967\">\n<p data-start=\"1849\" data-end=\"1967\">R\u00e9alis\u00e9e <strong data-start=\"1858\" data-end=\"1883\">int\u00e9gralement en cuir<\/strong>, ce qui la rend beaucoup plus rare que les mod\u00e8les en toile monogramme ou damier.<\/p>\n<\/li>\n<li data-start=\"1968\" data-end=\"2034\">\n<p data-start=\"1970\" data-end=\"2034\">Patine \u00e9l\u00e9gante et homog\u00e8ne, gage d\u2019authenticit\u00e9 et de charme.<\/p>\n<\/li>\n<li data-start=\"2035\" data-end=\"2118\">\n<p data-start=\"2037\" data-end=\"2118\">Un mod\u00e8le qui conserve toute sa <strong data-start=\"2069\" data-end=\"2115\">structure solide et sa valeur patrimoniale<\/strong>.<\/p>\n<\/li>\n<\/ul>\n<hr data-start=\"2120\" data-end=\"2123\" \/>\n<h3 data-start=\"2125\" data-end=\"2158\">Caract\u00e9ristiques du produit<\/h3>\n<ul data-start=\"2160\" data-end=\"2623\">\n<li data-start=\"2160\" data-end=\"2190\">\n<p data-start=\"2162\" data-end=\"2190\"><strong data-start=\"2162\" data-end=\"2174\">Marque :<\/strong> <a href=\"https:\/\/thevintagetraveler.com\/rachat-sac-louis-vuitton\/\">Louis Vuitton<\/a><\/p>\n<\/li>\n<li data-start=\"2191\" data-end=\"2231\">\n<p data-start=\"2193\" data-end=\"2231\"><strong data-start=\"2193\" data-end=\"2205\">Mod\u00e8le :<\/strong> Malle courrier ancienne<\/p>\n<\/li>\n<li data-start=\"2232\" data-end=\"2305\">\n<p data-start=\"2234\" data-end=\"2305\"><strong data-start=\"2234\" data-end=\"2246\">\u00c9poque :<\/strong> D\u00e9but XX\u1d49 si\u00e8cle<\/p>\n<\/li>\n<li data-start=\"2306\" data-end=\"2374\">\n<p data-start=\"2308\" data-end=\"2374\"><strong data-start=\"2308\" data-end=\"2321\">Mati\u00e8re :<\/strong> Tout cuir, avec clouterie et finitions m\u00e9talliques<\/p>\n<\/li>\n<li data-start=\"2375\" data-end=\"2450\">\n<p data-start=\"2377\" data-end=\"2450\"><strong data-start=\"2377\" data-end=\"2393\">Dimensions :<\/strong> 82 cm (largeur) \u00d7 60 cm (hauteur) \u00d7 52 cm (profondeur)<\/p>\n<\/li>\n<li data-start=\"2451\" data-end=\"2542\">\n<p data-start=\"2453\" data-end=\"2542\"><strong data-start=\"2453\" data-end=\"2463\">\u00c9tat :<\/strong> Tr\u00e8s bon \u00e9tat pour son \u00e2ge \u2013 patine naturelle et homog\u00e8ne, structure robuste<\/p>\n<\/li>\n<li data-start=\"2543\" data-end=\"2623\">\n<p data-start=\"2545\" data-end=\"2623\"><strong data-start=\"2545\" data-end=\"2567\">Authentification :<\/strong> Certifi\u00e9e \u2013 livr\u00e9e avec certificat TheVintageTraveler<\/p>\n<\/li>\n<\/ul>\n<hr data-start=\"2625\" data-end=\"2628\" \/>\n<h3 data-start=\"2630\" data-end=\"2664\">Une pi\u00e8ce rare et d\u00e9corative<\/h3>\n<p data-start=\"2666\" data-end=\"2711\">Cette malle Louis Vuitton est id\u00e9ale pour :<\/p>\n<ul data-start=\"2713\" data-end=\"2985\">\n<li data-start=\"2713\" data-end=\"2776\">\n<p data-start=\"2715\" data-end=\"2776\">\u00catre utilis\u00e9e comme <strong data-start=\"2735\" data-end=\"2773\">table basse unique et prestigieuse<\/strong>.<\/p>\n<\/li>\n<li data-start=\"2777\" data-end=\"2856\">\n<p data-start=\"2779\" data-end=\"2856\">Servir de <strong data-start=\"2789\" data-end=\"2826\">pi\u00e8ce de d\u00e9coration haut de gamme<\/strong> dans un salon ou un bureau.<\/p>\n<\/li>\n<li data-start=\"2857\" data-end=\"2919\">\n<p data-start=\"2859\" data-end=\"2919\"><strong data-start=\"2859\" data-end=\"2916\">Enrichir une collection de malles anciennes de voyage<\/strong>.<\/p>\n<\/li>\n<li data-start=\"2920\" data-end=\"2985\">\n<p data-start=\"2922\" data-end=\"2985\">Pr\u00e9server et transmettre un <strong data-start=\"2950\" data-end=\"2982\">objet patrimonial centenaire<\/strong>.<\/p>\n<\/li>\n<\/ul>\n<hr data-start=\"2987\" data-end=\"2990\" \/>\n<h3 data-start=\"2992\" data-end=\"3054\">Pourquoi investir dans une malle Louis Vuitton en cuir ?<\/h3>\n<ul data-start=\"3056\" data-end=\"3485\">\n<li data-start=\"3056\" data-end=\"3170\">\n<p data-start=\"3058\" data-end=\"3170\"><strong data-start=\"3058\" data-end=\"3076\">Extr\u00eame raret\u00e9<\/strong> : les malles enti\u00e8rement en cuir sont bien plus rares que les versions en toile <a href=\"https:\/\/thevintagetraveler.com\/les-toiles-des-malles-louis-vuitton-histoire-evolution-et-signification\/\">monogramme<\/a>.<\/p>\n<\/li>\n<li data-start=\"3171\" data-end=\"3247\">\n<p data-start=\"3173\" data-end=\"3247\"><strong data-start=\"3173\" data-end=\"3190\">Tr\u00e8s bon \u00e9tat<\/strong> avec une <strong data-start=\"3200\" data-end=\"3222\">patine authentique<\/strong> valorisant son charme.<\/p>\n<\/li>\n<li data-start=\"3248\" data-end=\"3310\">\n<p data-start=\"3250\" data-end=\"3310\"><strong data-start=\"3250\" data-end=\"3269\">Format courrier<\/strong> : id\u00e9al pour collection et d\u00e9coration.<\/p>\n<\/li>\n<li data-start=\"3311\" data-end=\"3403\">\n<p data-start=\"3313\" data-end=\"3403\">Forte <strong data-start=\"3319\" data-end=\"3356\">valeur patrimoniale et financi\u00e8re<\/strong>, avec une demande internationale croissante.<\/p>\n<\/li>\n<li data-start=\"3404\" data-end=\"3485\">\n<p data-start=\"3406\" data-end=\"3485\">Une v\u00e9ritable <strong data-start=\"3420\" data-end=\"3450\">pi\u00e8ce unique Louis Vuitton<\/strong>, embl\u00e9matique du voyage de luxe.<\/p>\n<\/li>\n<\/ul>\n<hr data-start=\"3487\" data-end=\"3490\" \/>\n<h3 data-start=\"3492\" data-end=\"3528\">Mots-cl\u00e9s secondaires int\u00e9gr\u00e9s<\/h3>\n<ul data-start=\"3530\" data-end=\"3906\">\n<li data-start=\"3530\" data-end=\"3591\">\n<p data-start=\"3532\" data-end=\"3591\"><strong data-start=\"3532\" data-end=\"3560\">Malle ancienne de voyage<\/strong>, <strong data-start=\"3562\" data-end=\"3588\">malle de luxe ancienne<\/strong>.<\/p>\n<\/li>\n<li data-start=\"3592\" data-end=\"3668\">\n<p data-start=\"3594\" data-end=\"3668\"><strong data-start=\"3594\" data-end=\"3633\">D\u00e9coration avec malle Louis Vuitton<\/strong>, <strong data-start=\"3635\" data-end=\"3665\">malle de rangement vintage<\/strong>.<\/p>\n<\/li>\n<li data-start=\"3669\" data-end=\"3743\">\n<p data-start=\"3671\" data-end=\"3743\"><strong data-start=\"3671\" data-end=\"3708\">Objet de collection Louis Vuitton<\/strong>, <strong data-start=\"3710\" data-end=\"3740\">pi\u00e8ce unique Louis Vuitton<\/strong>.<\/p>\n<\/li>\n<li data-start=\"3744\" data-end=\"3825\">\n<p data-start=\"3746\" data-end=\"3825\"><strong data-start=\"3746\" data-end=\"3776\">Authenticit\u00e9 malle Vuitton<\/strong> : cuir naturel patin\u00e9, <strong data-start=\"3800\" data-end=\"3822\">ferrures en laiton<\/strong>.<\/p>\n<\/li>\n<li data-start=\"3826\" data-end=\"3906\">\n<p data-start=\"3828\" data-end=\"3906\">Une <strong data-start=\"3832\" data-end=\"3868\">malle embl\u00e9matique et historique<\/strong>, proche de la <strong data-start=\"3883\" data-end=\"3903\">malle centenaire<\/strong>.<\/p>\n<\/li>\n<\/ul>\n<hr data-start=\"3908\" data-end=\"3911\" \/>\n<h3 data-start=\"3913\" data-end=\"3961\">Pourquoi acheter chez TheVintageTraveler ?<\/h3>\n<p data-start=\"3963\" data-end=\"4026\">Chez <strong data-start=\"3968\" data-end=\"3990\">TheVintageTraveler<\/strong>, chaque malle Louis Vuitton est :<\/p>\n<ul data-start=\"4028\" data-end=\"4338\">\n<li data-start=\"4028\" data-end=\"4088\">\n<p data-start=\"4030\" data-end=\"4088\"><strong data-start=\"4030\" data-end=\"4060\">Expertis\u00e9e et authentifi\u00e9e<\/strong>, avec datation confirm\u00e9e.<\/p>\n<\/li>\n<li data-start=\"4089\" data-end=\"4182\">\n<p data-start=\"4091\" data-end=\"4182\">S\u00e9lectionn\u00e9e pour sa <strong data-start=\"4112\" data-end=\"4179\">raret\u00e9, son \u00e9tat exceptionnel et son potentiel d\u2019investissement<\/strong>.<\/p>\n<\/li>\n<li data-start=\"4183\" data-end=\"4229\">\n<p data-start=\"4185\" data-end=\"4229\">Livr\u00e9e avec <strong data-start=\"4197\" data-end=\"4226\">certificat d\u2019authenticit\u00e9<\/strong>.<\/p>\n<\/li>\n<li data-start=\"4230\" data-end=\"4338\">\n<p data-start=\"4232\" data-end=\"4338\">Disponible en <strong data-start=\"4246\" data-end=\"4289\">showroom (March\u00e9 Serpette \u2013 Saint-Ouen)<\/strong> ou via <strong data-start=\"4297\" data-end=\"4335\">livraison internationale s\u00e9curis\u00e9e<\/strong>.<\/p>\n<\/li>\n<\/ul>\n<hr data-start=\"4340\" data-end=\"4343\" \/>\n<h3 data-start=\"4345\" data-end=\"4361\">Conclusion<\/h3>\n<p data-start=\"4363\" data-end=\"4720\">Cette <strong data-start=\"4369\" data-end=\"4410\">malle Louis Vuitton courrier ancienne<\/strong>, r\u00e9alis\u00e9e <strong data-start=\"4421\" data-end=\"4437\">tout en cuir<\/strong>, est une <strong data-start=\"4447\" data-end=\"4479\">pi\u00e8ce rarissime et pr\u00e9cieuse<\/strong>. Avec sa <strong data-start=\"4489\" data-end=\"4515\">belle patine naturelle<\/strong>, ses <strong data-start=\"4521\" data-end=\"4566\">dimensions harmonieuses (82 \u00d7 60 \u00d7 52 cm)<\/strong> et son <strong data-start=\"4574\" data-end=\"4592\">excellent \u00e9tat<\/strong>, elle constitue \u00e0 la fois un <strong data-start=\"4622\" data-end=\"4717\">objet de collection d\u2019exception, une d\u00e9coration unique et un investissement patrimonial s\u00fbr<\/strong>.<\/p>\n<p>Suivez &#8211; nous sur <a href=\"https:\/\/www.facebook.com\/TheVintageTravelerFR\">Facebook<\/a> et <a href=\"https:\/\/www.instagram.com\/the_vintagetraveler\/?igsh=aXdsbDJkdnpwZjcx#\">Instagram<\/a><\/p>\n","protected":false},"excerpt":{"rendered":"<p>Malle Louis Vuitton courrier ancienne tout cuir, 82\u00d760\u00d752 cm. Tr\u00e8s rare, avec belle patine. Pi\u00e8ce de collection et excellent investissement.<\/p>\n","protected":false},"featured_media":6128,"template":"","meta":[],"product_brand":[],"product_cat":[118,119,140],"product_tag":[146,164,165,163],"class_list":{"0":"post-6126","1":"product","2":"type-product","3":"status-publish","4":"has-post-thumbnail","6":"product_cat-malles","7":"product_cat-malles-louis-vuitton","8":"product_cat-nouveautes","9":"product_tag-louisvuitton","10":"product_tag-louisvuittontrunk","11":"product_tag-lvtrunk","12":"product_tag-mallelouisvuitton","14":"first","15":"outofstock","16":"sold-individually","17":"shipping-taxable","18":"product-type-simple"},"yoast_head":"<!-- This site is optimized with the Yoast SEO plugin v27.1.1 - https:\/\/yoast.com\/product\/yoast-seo-wordpress\/ -->\n<title>Malle Louis Vuitton Courrier Ancienne Tout Cuir | TheVintageTraveler<\/title>\n<meta name=\"description\" content=\"Rare malle Louis Vuitton courrier ancienne en cuir, avec une belle patine. Dimensions 82\u00d760\u00d752 cm. Pi\u00e8ce de collection, rarissime et excellent investissement.\" \/>\n<meta name=\"robots\" content=\"index, follow, max-snippet:-1, max-image-preview:large, max-video-preview:-1\" \/>\n<link rel=\"canonical\" href=\"https:\/\/thevintagetraveler.com\/en\/produit\/malle-louis-vuitton-courrier-ancienne-tout-cuir\/\" \/>\n<meta property=\"og:locale\" content=\"en_US\" \/>\n<meta property=\"og:type\" content=\"article\" \/>\n<meta property=\"og:title\" content=\"Malle Louis Vuitton Courrier Ancienne Tout Cuir | TheVintageTraveler\" \/>\n<meta property=\"og:description\" content=\"Rare malle Louis Vuitton courrier ancienne en cuir, avec une belle patine. Dimensions 82\u00d760\u00d752 cm. Pi\u00e8ce de collection, rarissime et excellent investissement.\" \/>\n<meta property=\"og:url\" content=\"https:\/\/thevintagetraveler.com\/en\/produit\/malle-louis-vuitton-courrier-ancienne-tout-cuir\/\" \/>\n<meta property=\"og:site_name\" content=\"TheVintageTraveler\" \/>\n<meta property=\"article:publisher\" content=\"https:\/\/www.facebook.com\/TheVintageTravelerFR\/\" \/>\n<meta property=\"article:modified_time\" content=\"2026-03-02T13:22:47+00:00\" \/>\n<meta property=\"og:image\" content=\"https:\/\/thevintagetraveler.com\/wp-content\/uploads\/2025\/09\/louis-vuitton-trunk-in-leather-23889084-en-max.jpg\" \/>\n\t<meta property=\"og:image:width\" content=\"1200\" \/>\n\t<meta property=\"og:image:height\" content=\"1200\" \/>\n\t<meta property=\"og:image:type\" content=\"image\/jpeg\" \/>\n<meta name=\"twitter:card\" content=\"summary_large_image\" \/>\n<meta name=\"twitter:label1\" content=\"Est. reading time\" \/>\n\t<meta name=\"twitter:data1\" content=\"3 minutes\" \/>\n<script type=\"application\/ld+json\" class=\"yoast-schema-graph\">{\"@context\":\"https:\/\/schema.org\",\"@graph\":[{\"@type\":\"WebPage\",\"@id\":\"https:\/\/thevintagetraveler.com\/en\/produit\/malle-louis-vuitton-courrier-ancienne-tout-cuir\/\",\"url\":\"https:\/\/thevintagetraveler.com\/en\/produit\/malle-louis-vuitton-courrier-ancienne-tout-cuir\/\",\"name\":\"Malle Louis Vuitton Courrier Ancienne Tout Cuir | TheVintageTraveler\",\"isPartOf\":{\"@id\":\"https:\/\/thevintagetraveler.com\/en\/#website\"},\"primaryImageOfPage\":{\"@id\":\"https:\/\/thevintagetraveler.com\/en\/produit\/malle-louis-vuitton-courrier-ancienne-tout-cuir\/#primaryimage\"},\"image\":{\"@id\":\"https:\/\/thevintagetraveler.com\/en\/produit\/malle-louis-vuitton-courrier-ancienne-tout-cuir\/#primaryimage\"},\"thumbnailUrl\":\"https:\/\/thevintagetraveler.com\/wp-content\/uploads\/2025\/09\/louis-vuitton-trunk-in-leather-23889084-en-max.jpg\",\"datePublished\":\"2024-09-30T14:33:40+00:00\",\"dateModified\":\"2026-03-02T13:22:47+00:00\",\"description\":\"Rare malle Louis Vuitton courrier ancienne en cuir, avec une belle patine. Dimensions 82\u00d760\u00d752 cm. Pi\u00e8ce de collection, rarissime et excellent investissement.\",\"breadcrumb\":{\"@id\":\"https:\/\/thevintagetraveler.com\/en\/produit\/malle-louis-vuitton-courrier-ancienne-tout-cuir\/#breadcrumb\"},\"inLanguage\":\"en-US\",\"potentialAction\":[{\"@type\":\"ReadAction\",\"target\":[\"https:\/\/thevintagetraveler.com\/en\/produit\/malle-louis-vuitton-courrier-ancienne-tout-cuir\/\"]}]},{\"@type\":\"ImageObject\",\"inLanguage\":\"en-US\",\"@id\":\"https:\/\/thevintagetraveler.com\/en\/produit\/malle-louis-vuitton-courrier-ancienne-tout-cuir\/#primaryimage\",\"url\":\"https:\/\/thevintagetraveler.com\/wp-content\/uploads\/2025\/09\/louis-vuitton-trunk-in-leather-23889084-en-max.jpg\",\"contentUrl\":\"https:\/\/thevintagetraveler.com\/wp-content\/uploads\/2025\/09\/louis-vuitton-trunk-in-leather-23889084-en-max.jpg\",\"width\":1200,\"height\":1200,\"caption\":\"malle Louis Vuitton courrier ancienne tout cuir\"},{\"@type\":\"BreadcrumbList\",\"@id\":\"https:\/\/thevintagetraveler.com\/en\/produit\/malle-louis-vuitton-courrier-ancienne-tout-cuir\/#breadcrumb\",\"itemListElement\":[{\"@type\":\"ListItem\",\"position\":1,\"name\":\"Accueil\",\"item\":\"https:\/\/thevintagetraveler.com\/en\/\"},{\"@type\":\"ListItem\",\"position\":2,\"name\":\"Shop\",\"item\":\"https:\/\/thevintagetraveler.com\/shop\/\"},{\"@type\":\"ListItem\",\"position\":3,\"name\":\"Malle Louis Vuitton Courrier en cuir\"}]},{\"@type\":\"WebSite\",\"@id\":\"https:\/\/thevintagetraveler.com\/en\/#website\",\"url\":\"https:\/\/thevintagetraveler.com\/en\/\",\"name\":\"TheVintageTraveler\",\"description\":\"Luxury experts in Louis Vuitton, Chanel &amp; Herm\u00e8s\",\"publisher\":{\"@id\":\"https:\/\/thevintagetraveler.com\/en\/#organization\"},\"potentialAction\":[{\"@type\":\"SearchAction\",\"target\":{\"@type\":\"EntryPoint\",\"urlTemplate\":\"https:\/\/thevintagetraveler.com\/en\/?s={search_term_string}\"},\"query-input\":{\"@type\":\"PropertyValueSpecification\",\"valueRequired\":true,\"valueName\":\"search_term_string\"}}],\"inLanguage\":\"en-US\"},{\"@type\":\"Organization\",\"@id\":\"https:\/\/thevintagetraveler.com\/en\/#organization\",\"name\":\"TheVintageTraveler\",\"url\":\"https:\/\/thevintagetraveler.com\/en\/\",\"logo\":{\"@type\":\"ImageObject\",\"inLanguage\":\"en-US\",\"@id\":\"https:\/\/thevintagetraveler.com\/en\/#\/schema\/logo\/image\/\",\"url\":\"https:\/\/thevintagetraveler.com\/wp-content\/uploads\/2025\/04\/LOGO-THE-VINTAGE-TRAVELER-FINAL-e1745392697678.png\",\"contentUrl\":\"https:\/\/thevintagetraveler.com\/wp-content\/uploads\/2025\/04\/LOGO-THE-VINTAGE-TRAVELER-FINAL-e1745392697678.png\",\"width\":798,\"height\":318,\"caption\":\"TheVintageTraveler\"},\"image\":{\"@id\":\"https:\/\/thevintagetraveler.com\/en\/#\/schema\/logo\/image\/\"},\"sameAs\":[\"https:\/\/www.facebook.com\/TheVintageTravelerFR\/\",\"https:\/\/www.instagram.com\/the_vintagetraveler\"]}]}<\/script>\n<!-- \/ Yoast SEO plugin. -->","yoast_head_json":{"title":"Malle Louis Vuitton Courrier Ancienne Tout Cuir | TheVintageTraveler","description":"Rare malle Louis Vuitton courrier ancienne en cuir, avec une belle patine. Dimensions 82\u00d760\u00d752 cm. Pi\u00e8ce de collection, rarissime et excellent investissement.","robots":{"index":"index","follow":"follow","max-snippet":"max-snippet:-1","max-image-preview":"max-image-preview:large","max-video-preview":"max-video-preview:-1"},"canonical":"https:\/\/thevintagetraveler.com\/en\/produit\/malle-louis-vuitton-courrier-ancienne-tout-cuir\/","og_locale":"en_US","og_type":"article","og_title":"Malle Louis Vuitton Courrier Ancienne Tout Cuir | TheVintageTraveler","og_description":"Rare malle Louis Vuitton courrier ancienne en cuir, avec une belle patine. Dimensions 82\u00d760\u00d752 cm. Pi\u00e8ce de collection, rarissime et excellent investissement.","og_url":"https:\/\/thevintagetraveler.com\/en\/produit\/malle-louis-vuitton-courrier-ancienne-tout-cuir\/","og_site_name":"TheVintageTraveler","article_publisher":"https:\/\/www.facebook.com\/TheVintageTravelerFR\/","article_modified_time":"2026-03-02T13:22:47+00:00","og_image":[{"width":1200,"height":1200,"url":"https:\/\/thevintagetraveler.com\/wp-content\/uploads\/2025\/09\/louis-vuitton-trunk-in-leather-23889084-en-max.jpg","type":"image\/jpeg"}],"twitter_card":"summary_large_image","twitter_misc":{"Est. reading time":"3 minutes"},"schema":{"@context":"https:\/\/schema.org","@graph":[{"@type":"WebPage","@id":"https:\/\/thevintagetraveler.com\/en\/produit\/malle-louis-vuitton-courrier-ancienne-tout-cuir\/","url":"https:\/\/thevintagetraveler.com\/en\/produit\/malle-louis-vuitton-courrier-ancienne-tout-cuir\/","name":"Malle Louis Vuitton Courrier Ancienne Tout Cuir | TheVintageTraveler","isPartOf":{"@id":"https:\/\/thevintagetraveler.com\/en\/#website"},"primaryImageOfPage":{"@id":"https:\/\/thevintagetraveler.com\/en\/produit\/malle-louis-vuitton-courrier-ancienne-tout-cuir\/#primaryimage"},"image":{"@id":"https:\/\/thevintagetraveler.com\/en\/produit\/malle-louis-vuitton-courrier-ancienne-tout-cuir\/#primaryimage"},"thumbnailUrl":"https:\/\/thevintagetraveler.com\/wp-content\/uploads\/2025\/09\/louis-vuitton-trunk-in-leather-23889084-en-max.jpg","datePublished":"2024-09-30T14:33:40+00:00","dateModified":"2026-03-02T13:22:47+00:00","description":"Rare malle Louis Vuitton courrier ancienne en cuir, avec une belle patine. Dimensions 82\u00d760\u00d752 cm. Pi\u00e8ce de collection, rarissime et excellent investissement.","breadcrumb":{"@id":"https:\/\/thevintagetraveler.com\/en\/produit\/malle-louis-vuitton-courrier-ancienne-tout-cuir\/#breadcrumb"},"inLanguage":"en-US","potentialAction":[{"@type":"ReadAction","target":["https:\/\/thevintagetraveler.com\/en\/produit\/malle-louis-vuitton-courrier-ancienne-tout-cuir\/"]}]},{"@type":"ImageObject","inLanguage":"en-US","@id":"https:\/\/thevintagetraveler.com\/en\/produit\/malle-louis-vuitton-courrier-ancienne-tout-cuir\/#primaryimage","url":"https:\/\/thevintagetraveler.com\/wp-content\/uploads\/2025\/09\/louis-vuitton-trunk-in-leather-23889084-en-max.jpg","contentUrl":"https:\/\/thevintagetraveler.com\/wp-content\/uploads\/2025\/09\/louis-vuitton-trunk-in-leather-23889084-en-max.jpg","width":1200,"height":1200,"caption":"malle Louis Vuitton courrier ancienne tout cuir"},{"@type":"BreadcrumbList","@id":"https:\/\/thevintagetraveler.com\/en\/produit\/malle-louis-vuitton-courrier-ancienne-tout-cuir\/#breadcrumb","itemListElement":[{"@type":"ListItem","position":1,"name":"Accueil","item":"https:\/\/thevintagetraveler.com\/en\/"},{"@type":"ListItem","position":2,"name":"Shop","item":"https:\/\/thevintagetraveler.com\/shop\/"},{"@type":"ListItem","position":3,"name":"Malle Louis Vuitton Courrier en cuir"}]},{"@type":"WebSite","@id":"https:\/\/thevintagetraveler.com\/en\/#website","url":"https:\/\/thevintagetraveler.com\/en\/","name":"TheVintageTraveler","description":"Luxury experts in Louis Vuitton, Chanel &amp; Herm\u00e8s","publisher":{"@id":"https:\/\/thevintagetraveler.com\/en\/#organization"},"potentialAction":[{"@type":"SearchAction","target":{"@type":"EntryPoint","urlTemplate":"https:\/\/thevintagetraveler.com\/en\/?s={search_term_string}"},"query-input":{"@type":"PropertyValueSpecification","valueRequired":true,"valueName":"search_term_string"}}],"inLanguage":"en-US"},{"@type":"Organization","@id":"https:\/\/thevintagetraveler.com\/en\/#organization","name":"TheVintageTraveler","url":"https:\/\/thevintagetraveler.com\/en\/","logo":{"@type":"ImageObject","inLanguage":"en-US","@id":"https:\/\/thevintagetraveler.com\/en\/#\/schema\/logo\/image\/","url":"https:\/\/thevintagetraveler.com\/wp-content\/uploads\/2025\/04\/LOGO-THE-VINTAGE-TRAVELER-FINAL-e1745392697678.png","contentUrl":"https:\/\/thevintagetraveler.com\/wp-content\/uploads\/2025\/04\/LOGO-THE-VINTAGE-TRAVELER-FINAL-e1745392697678.png","width":798,"height":318,"caption":"TheVintageTraveler"},"image":{"@id":"https:\/\/thevintagetraveler.com\/en\/#\/schema\/logo\/image\/"},"sameAs":["https:\/\/www.facebook.com\/TheVintageTravelerFR\/","https:\/\/www.instagram.com\/the_vintagetraveler"]}]}},"_links":{"self":[{"href":"https:\/\/thevintagetraveler.com\/en\/wp-json\/wp\/v2\/product\/6126","targetHints":{"allow":["GET"]}}],"collection":[{"href":"https:\/\/thevintagetraveler.com\/en\/wp-json\/wp\/v2\/product"}],"about":[{"href":"https:\/\/thevintagetraveler.com\/en\/wp-json\/wp\/v2\/types\/product"}],"wp:featuredmedia":[{"embeddable":true,"href":"https:\/\/thevintagetraveler.com\/en\/wp-json\/wp\/v2\/media\/6128"}],"wp:attachment":[{"href":"https:\/\/thevintagetraveler.com\/en\/wp-json\/wp\/v2\/media?parent=6126"}],"wp:term":[{"taxonomy":"product_brand","embeddable":true,"href":"https:\/\/thevintagetraveler.com\/en\/wp-json\/wp\/v2\/product_brand?post=6126"},{"taxonomy":"product_cat","embeddable":true,"href":"https:\/\/thevintagetraveler.com\/en\/wp-json\/wp\/v2\/product_cat?post=6126"},{"taxonomy":"product_tag","embeddable":true,"href":"https:\/\/thevintagetraveler.com\/en\/wp-json\/wp\/v2\/product_tag?post=6126"}],"curies":[{"name":"wp","href":"https:\/\/api.w.org\/{rel}","templated":true}]}}