{"id":6136,"date":"2025-09-30T16:43:48","date_gmt":"2025-09-30T14:43:48","guid":{"rendered":"https:\/\/thevintagetraveler.com\/?post_type=product&#038;p=6136"},"modified":"2025-12-09T18:14:57","modified_gmt":"2025-12-09T17:14:57","slug":"malle-courrier-louis-vuitton-monogramme-annees-70","status":"publish","type":"product","link":"https:\/\/thevintagetraveler.com\/en\/produit\/malle-courrier-louis-vuitton-monogramme-annees-70\/","title":{"rendered":"Malle Courrier Louis Vuitton ann\u00e9es 70"},"content":{"rendered":"<h3 data-start=\"1141\" data-end=\"1219\">Malle Courrier Louis Vuitton \u2013 Grand Format, Toile Monogramme, Ann\u00e9es 70<\/h3>\n<p data-start=\"1221\" data-end=\"1678\">Cette <strong data-start=\"1227\" data-end=\"1267\">malle courrier Louis Vuitton vintage<\/strong>, datant des <strong data-start=\"1280\" data-end=\"1295\">ann\u00e9es 1970<\/strong>, est une <strong data-start=\"1305\" data-end=\"1358\">pi\u00e8ce embl\u00e9matique de l\u2019univers du voyage de luxe<\/strong>. R\u00e9alis\u00e9e en <strong data-start=\"1372\" data-end=\"1402\">toile monogramme originale<\/strong>, avec <strong data-start=\"1409\" data-end=\"1442\">finitions en laiton et lozine<\/strong>, elle est propos\u00e9e en <strong data-start=\"1465\" data-end=\"1482\">tr\u00e8s bon \u00e9tat<\/strong>. Avec ses <strong data-start=\"1493\" data-end=\"1575\">dimensions g\u00e9n\u00e9reuses de 110 cm de large, 53 cm de haut et 55 cm de profondeur<\/strong>, elle est parfaite comme <strong data-start=\"1601\" data-end=\"1628\">table basse de prestige<\/strong> et un <strong data-start=\"1635\" data-end=\"1675\">excellent investissement patrimonial<\/strong>.<\/p>\n<hr data-start=\"1680\" data-end=\"1683\" \/>\n<h3 data-start=\"1685\" data-end=\"1748\">La malle courrier Louis Vuitton : h\u00e9ritage et polyvalence<\/h3>\n<ul data-start=\"1750\" data-end=\"2061\">\n<li data-start=\"1750\" data-end=\"1870\">\n<p data-start=\"1752\" data-end=\"1870\">Format <strong data-start=\"1759\" data-end=\"1777\">grand courrier<\/strong> : con\u00e7u \u00e0 l\u2019origine pour transporter v\u00eatements et effets personnels lors de longs voyages.<\/p>\n<\/li>\n<li data-start=\"1871\" data-end=\"1970\">\n<p data-start=\"1873\" data-end=\"1970\">Aujourd\u2019hui, son format en fait une <strong data-start=\"1909\" data-end=\"1931\">table basse id\u00e9ale<\/strong> pour un int\u00e9rieur raffin\u00e9 et design.<\/p>\n<\/li>\n<li data-start=\"1971\" data-end=\"2061\">\n<p data-start=\"1973\" data-end=\"2061\">Symbole du savoir-faire artisanal Louis Vuitton, alliant <strong data-start=\"2030\" data-end=\"2058\">esth\u00e9tique et robustesse<\/strong>.<\/p>\n<\/li>\n<\/ul>\n<hr data-start=\"2063\" data-end=\"2066\" \/>\n<h3 data-start=\"2068\" data-end=\"2112\">Toile monogramme &amp; finitions raffin\u00e9es<\/h3>\n<ul data-start=\"2114\" data-end=\"2442\">\n<li data-start=\"2114\" data-end=\"2187\">\n<p data-start=\"2116\" data-end=\"2187\"><strong data-start=\"2116\" data-end=\"2146\">Toile monogramme originale<\/strong> des ann\u00e9es 70, r\u00e9sistante et iconique.<\/p>\n<\/li>\n<li data-start=\"2188\" data-end=\"2265\">\n<p data-start=\"2190\" data-end=\"2265\"><strong data-start=\"2190\" data-end=\"2214\">Lozine de protection<\/strong> sur les ar\u00eates, assurant durabilit\u00e9 et \u00e9l\u00e9gance.<\/p>\n<\/li>\n<li data-start=\"2266\" data-end=\"2359\">\n<p data-start=\"2268\" data-end=\"2359\"><strong data-start=\"2268\" data-end=\"2304\">Finitions et clouterie en laiton<\/strong>, patin\u00e9es par le temps, renfor\u00e7ant son authenticit\u00e9.<\/p>\n<\/li>\n<li data-start=\"2360\" data-end=\"2442\">\n<p data-start=\"2362\" data-end=\"2442\">Structure solide, int\u00e9rieurement adapt\u00e9e \u00e0 un usage d\u00e9coratif ou de rangement.<\/p>\n<\/li>\n<\/ul>\n<hr data-start=\"2444\" data-end=\"2447\" \/>\n<h3 data-start=\"2449\" data-end=\"2482\">Caract\u00e9ristiques du produit<\/h3>\n<ul data-start=\"2484\" data-end=\"2941\">\n<li data-start=\"2484\" data-end=\"2514\">\n<p data-start=\"2486\" data-end=\"2514\"><strong data-start=\"2486\" data-end=\"2498\">Marque :<\/strong> <a href=\"https:\/\/thevintagetraveler.com\/rachat-sac-louis-vuitton\/\">Louis Vuitton<\/a><\/p>\n<\/li>\n<li data-start=\"2515\" data-end=\"2559\">\n<p data-start=\"2517\" data-end=\"2559\"><strong data-start=\"2517\" data-end=\"2529\">Mod\u00e8le :<\/strong> Malle courrier grand format<\/p>\n<\/li>\n<li data-start=\"2560\" data-end=\"2588\">\n<p data-start=\"2562\" data-end=\"2588\"><strong data-start=\"2562\" data-end=\"2574\">\u00c9poque :<\/strong> Ann\u00e9es 1970<\/p>\n<\/li>\n<li data-start=\"2589\" data-end=\"2652\">\n<p data-start=\"2591\" data-end=\"2652\"><strong data-start=\"2591\" data-end=\"2604\">Mati\u00e8re :<\/strong> Toile monogramme, lozine, cuir naturel patin\u00e9<\/p>\n<\/li>\n<li data-start=\"2653\" data-end=\"2704\">\n<p data-start=\"2655\" data-end=\"2704\"><strong data-start=\"2655\" data-end=\"2670\">Finitions :<\/strong> Ferrures et clouterie en laiton<\/p>\n<\/li>\n<li data-start=\"2705\" data-end=\"2781\">\n<p data-start=\"2707\" data-end=\"2781\"><strong data-start=\"2707\" data-end=\"2723\">Dimensions :<\/strong> 110 cm (largeur) \u00d7 53 cm (hauteur) \u00d7 55 cm (profondeur)<\/p>\n<\/li>\n<li data-start=\"2782\" data-end=\"2860\">\n<p data-start=\"2784\" data-end=\"2860\"><strong data-start=\"2784\" data-end=\"2794\">\u00c9tat :<\/strong> Tr\u00e8s bon \u2013 structure solide, toile et finitions bien pr\u00e9serv\u00e9es<\/p>\n<\/li>\n<li data-start=\"2861\" data-end=\"2941\">\n<p data-start=\"2863\" data-end=\"2941\"><strong data-start=\"2863\" data-end=\"2885\">Authentification :<\/strong> Certifi\u00e9e \u2013 livr\u00e9e avec certificat TheVintageTraveler<\/p>\n<\/li>\n<\/ul>\n<hr data-start=\"2943\" data-end=\"2946\" \/>\n<h3 data-start=\"2948\" data-end=\"2982\">Une pi\u00e8ce rare et d\u00e9corative<\/h3>\n<p data-start=\"2984\" data-end=\"3015\">Cette malle est id\u00e9ale pour :<\/p>\n<ul data-start=\"3017\" data-end=\"3320\">\n<li data-start=\"3017\" data-end=\"3100\">\n<p data-start=\"3019\" data-end=\"3100\"><strong data-start=\"3019\" data-end=\"3058\">D\u00e9coration int\u00e9rieure haut de gamme<\/strong>, en tant que <strong data-start=\"3072\" data-end=\"3097\">table basse originale<\/strong>.<\/p>\n<\/li>\n<li data-start=\"3101\" data-end=\"3167\">\n<p data-start=\"3103\" data-end=\"3167\">Enrichir une <strong data-start=\"3116\" data-end=\"3164\">collection de malles anciennes Louis Vuitton<\/strong>.<\/p>\n<\/li>\n<li data-start=\"3168\" data-end=\"3246\">\n<p data-start=\"3170\" data-end=\"3246\"><strong data-start=\"3170\" data-end=\"3208\">Investir dans un objet patrimonial<\/strong> dont la valeur ne cesse de cro\u00eetre.<\/p>\n<\/li>\n<li data-start=\"3247\" data-end=\"3320\">\n<p data-start=\"3249\" data-end=\"3320\">Donner une <strong data-start=\"3260\" data-end=\"3293\">touche historique et luxueuse<\/strong> \u00e0 un salon ou un bureau.<\/p>\n<\/li>\n<\/ul>\n<hr data-start=\"3322\" data-end=\"3325\" \/>\n<h3 data-start=\"3327\" data-end=\"3404\">Pourquoi investir dans une malle courrier Louis Vuitton des ann\u00e9es 70 ?<\/h3>\n<ul data-start=\"3406\" data-end=\"3810\">\n<li data-start=\"3406\" data-end=\"3502\">\n<p data-start=\"3408\" data-end=\"3502\"><strong data-start=\"3408\" data-end=\"3442\">Format grand courrier (110 cm)<\/strong>, recherch\u00e9 pour ses proportions parfaites en table basse.<\/p>\n<\/li>\n<li data-start=\"3503\" data-end=\"3569\">\n<p data-start=\"3505\" data-end=\"3569\"><strong data-start=\"3505\" data-end=\"3532\">\u00c9tat tr\u00e8s bien conserv\u00e9<\/strong>, crit\u00e8re essentiel pour la valeur.<\/p>\n<\/li>\n<li data-start=\"3570\" data-end=\"3635\">\n<p data-start=\"3572\" data-end=\"3635\"><strong data-start=\"3572\" data-end=\"3602\">Toile monogramme originale<\/strong>, embl\u00e9matique et intemporelle.<\/p>\n<\/li>\n<li data-start=\"3636\" data-end=\"3729\">\n<p data-start=\"3638\" data-end=\"3729\">Forte <strong data-start=\"3644\" data-end=\"3681\">valeur d\u00e9corative et patrimoniale<\/strong>, tr\u00e8s demand\u00e9e sur le march\u00e9 du luxe vintage.<\/p>\n<\/li>\n<li data-start=\"3730\" data-end=\"3810\">\n<p data-start=\"3732\" data-end=\"3810\">Une <strong data-start=\"3736\" data-end=\"3765\">pi\u00e8ce rare et authentique<\/strong>, \u00e0 la fois fonctionnelle et de collection.<\/p>\n<\/li>\n<\/ul>\n<hr data-start=\"3812\" data-end=\"3815\" \/>\n<h3 data-start=\"3817\" data-end=\"3853\">Mots-cl\u00e9s secondaires int\u00e9gr\u00e9s<\/h3>\n<ul data-start=\"3855\" data-end=\"4270\">\n<li data-start=\"3855\" data-end=\"3916\">\n<p data-start=\"3857\" data-end=\"3916\"><strong data-start=\"3857\" data-end=\"3885\">Malle ancienne de voyage<\/strong>, <strong data-start=\"3887\" data-end=\"3913\">malle de luxe ancienne<\/strong>.<\/p>\n<\/li>\n<li data-start=\"3917\" data-end=\"3993\">\n<p data-start=\"3919\" data-end=\"3993\"><strong data-start=\"3919\" data-end=\"3958\">D\u00e9coration avec malle Louis Vuitton<\/strong>, <strong data-start=\"3960\" data-end=\"3990\">malle de rangement vintage<\/strong>.<\/p>\n<\/li>\n<li data-start=\"3994\" data-end=\"4068\">\n<p data-start=\"3996\" data-end=\"4068\"><strong data-start=\"3996\" data-end=\"4033\">Objet de collection Louis Vuitton<\/strong>, <strong data-start=\"4035\" data-end=\"4065\">pi\u00e8ce unique Louis Vuitton<\/strong>.<\/p>\n<\/li>\n<li data-start=\"4069\" data-end=\"4189\">\n<p data-start=\"4071\" data-end=\"4189\"><strong data-start=\"4071\" data-end=\"4101\">Authenticit\u00e9 malle Vuitton<\/strong> avec <strong data-start=\"4107\" data-end=\"4137\">toile monogramme originale<\/strong>, <strong data-start=\"4139\" data-end=\"4161\">ferrures en laiton<\/strong>, <strong data-start=\"4163\" data-end=\"4186\">cuir naturel patin\u00e9<\/strong>.<\/p>\n<\/li>\n<li data-start=\"4190\" data-end=\"4270\">\n<p data-start=\"4192\" data-end=\"4270\">Une <strong data-start=\"4196\" data-end=\"4232\">malle embl\u00e9matique Louis Vuitton<\/strong>, proche de la <strong data-start=\"4247\" data-end=\"4267\">malle centenaire<\/strong>.<\/p>\n<\/li>\n<\/ul>\n<hr data-start=\"4272\" data-end=\"4275\" \/>\n<h3 data-start=\"4277\" data-end=\"4325\">Pourquoi acheter chez TheVintageTraveler ?<\/h3>\n<p data-start=\"4327\" data-end=\"4390\">Chez <strong data-start=\"4332\" data-end=\"4354\">TheVintageTraveler<\/strong>, chaque malle Louis Vuitton est :<\/p>\n<ul data-start=\"4392\" data-end=\"4702\">\n<li data-start=\"4392\" data-end=\"4465\">\n<p data-start=\"4394\" data-end=\"4465\"><strong data-start=\"4394\" data-end=\"4424\">Expertis\u00e9e et authentifi\u00e9e<\/strong>, avec datation et mat\u00e9riaux confirm\u00e9s.<\/p>\n<\/li>\n<li data-start=\"4466\" data-end=\"4546\">\n<p data-start=\"4468\" data-end=\"4546\">S\u00e9lectionn\u00e9e pour sa <strong data-start=\"4489\" data-end=\"4543\">raret\u00e9, son \u00e9tat et son potentiel d\u2019investissement<\/strong>.<\/p>\n<\/li>\n<li data-start=\"4547\" data-end=\"4593\">\n<p data-start=\"4549\" data-end=\"4593\">Livr\u00e9e avec <strong data-start=\"4561\" data-end=\"4590\">certificat d\u2019authenticit\u00e9<\/strong>.<\/p>\n<\/li>\n<li data-start=\"4594\" data-end=\"4702\">\n<p data-start=\"4596\" data-end=\"4702\">Disponible en <strong data-start=\"4610\" data-end=\"4653\">showroom (March\u00e9 Serpette \u2013 Saint-Ouen)<\/strong> ou via <strong data-start=\"4661\" data-end=\"4699\">livraison internationale s\u00e9curis\u00e9e<\/strong>.<\/p>\n<\/li>\n<\/ul>\n<hr data-start=\"4704\" data-end=\"4707\" \/>\n<h3 data-start=\"4709\" data-end=\"4725\">Conclusion<\/h3>\n<p data-start=\"4727\" data-end=\"5083\">Cette <strong data-start=\"4733\" data-end=\"4778\">malle courrier Louis Vuitton grand format<\/strong>, en <strong data-start=\"4783\" data-end=\"4817\">toile monogramme des ann\u00e9es 70<\/strong>, avec <strong data-start=\"4824\" data-end=\"4857\">finitions en laiton et lozine<\/strong>, est une <strong data-start=\"4867\" data-end=\"4908\">pi\u00e8ce d\u00e9corative et patrimoniale rare<\/strong>. En <strong data-start=\"4913\" data-end=\"4930\">tr\u00e8s bon \u00e9tat<\/strong>, avec ses <strong data-start=\"4941\" data-end=\"5003\">dimensions id\u00e9ales pour une table basse (110 \u00d7 53 \u00d7 55 cm)<\/strong>, elle constitue un <strong data-start=\"5023\" data-end=\"5045\">investissement s\u00fbr<\/strong> et une <strong data-start=\"5053\" data-end=\"5080\">ic\u00f4ne du voyage de luxe<\/strong>.<\/p>\n<p>Suivez &#8211; nous sur <a href=\"https:\/\/www.facebook.com\/TheVintageTravelerFR\">Facebook<\/a> et <a href=\"https:\/\/www.instagram.com\/the_vintagetraveler\/?igsh=aXdsbDJkdnpwZjcx#\">Instagram<\/a><\/p>\n","protected":false},"excerpt":{"rendered":"<p data-start=\"903\" data-end=\"1078\">Malle courrier Louis Vuitton grand format en toile monogramme, ann\u00e9es 70. Tr\u00e8s bon \u00e9tat, id\u00e9ale table basse. Pi\u00e8ce rare et certifi\u00e9e.<\/p>\n","protected":false},"featured_media":6138,"template":"","meta":[],"product_brand":[],"product_cat":[272,273,274],"product_tag":[275,277,278,276],"class_list":{"0":"post-6136","1":"product","2":"type-product","3":"status-publish","4":"has-post-thumbnail","6":"product_cat-malles","7":"product_cat-louis-vuitton-trunks","8":"product_cat-news","9":"product_tag-louisvuitton","10":"product_tag-louisvuittontrunk","11":"product_tag-lvtrunk","12":"product_tag-mallelouisvuitton","14":"first","15":"instock","16":"sold-individually","17":"shipping-taxable","18":"purchasable","19":"product-type-simple"},"yoast_head":"<!-- This site is optimized with the Yoast SEO plugin v27.1.1 - https:\/\/yoast.com\/product\/yoast-seo-wordpress\/ -->\n<title>Malle Courrier Louis Vuitton Monogramme Ann\u00e9es 70 | TheVintageTraveler<\/title>\n<meta name=\"description\" content=\"Malle courrier Louis Vuitton grand format en toile monogramme, ann\u00e9es 70. Tr\u00e8s bon \u00e9tat. 110\u00d753\u00d755 cm. Id\u00e9ale table basse, rare et certifi\u00e9e.\" \/>\n<meta name=\"robots\" content=\"index, follow, max-snippet:-1, max-image-preview:large, max-video-preview:-1\" \/>\n<link rel=\"canonical\" href=\"https:\/\/thevintagetraveler.com\/en\/produit\/malle-courrier-louis-vuitton-monogramme-annees-70\/\" \/>\n<meta property=\"og:locale\" content=\"en_US\" \/>\n<meta property=\"og:type\" content=\"article\" \/>\n<meta property=\"og:title\" content=\"Malle Courrier Louis Vuitton Monogramme Ann\u00e9es 70 | TheVintageTraveler\" \/>\n<meta property=\"og:description\" content=\"Malle courrier Louis Vuitton grand format en toile monogramme, ann\u00e9es 70. Tr\u00e8s bon \u00e9tat. 110\u00d753\u00d755 cm. Id\u00e9ale table basse, rare et certifi\u00e9e.\" \/>\n<meta property=\"og:url\" content=\"https:\/\/thevintagetraveler.com\/en\/produit\/malle-courrier-louis-vuitton-monogramme-annees-70\/\" \/>\n<meta property=\"og:site_name\" content=\"TheVintageTraveler\" \/>\n<meta property=\"article:publisher\" content=\"https:\/\/www.facebook.com\/TheVintageTravelerFR\/\" \/>\n<meta property=\"article:modified_time\" content=\"2025-12-09T17:14:57+00:00\" \/>\n<meta property=\"og:image\" content=\"https:\/\/thevintagetraveler.com\/\/wp-content\/uploads\/2025\/09\/70s-louis-vuitton-trunk-24727663-en-max.jpg\" \/>\n\t<meta property=\"og:image:width\" content=\"1200\" \/>\n\t<meta property=\"og:image:height\" content=\"1200\" \/>\n\t<meta property=\"og:image:type\" content=\"image\/jpeg\" \/>\n<meta name=\"twitter:card\" content=\"summary_large_image\" \/>\n<meta name=\"twitter:label1\" content=\"Est. reading time\" \/>\n\t<meta name=\"twitter:data1\" content=\"3 minutes\" \/>\n<script type=\"application\/ld+json\" class=\"yoast-schema-graph\">{\"@context\":\"https:\/\/schema.org\",\"@graph\":[{\"@type\":\"WebPage\",\"@id\":\"https:\/\/thevintagetraveler.com\/en\/produit\/malle-courrier-louis-vuitton-monogramme-annees-70\/\",\"url\":\"https:\/\/thevintagetraveler.com\/en\/produit\/malle-courrier-louis-vuitton-monogramme-annees-70\/\",\"name\":\"Malle Courrier Louis Vuitton Monogramme Ann\u00e9es 70 | TheVintageTraveler\",\"isPartOf\":{\"@id\":\"https:\/\/thevintagetraveler.com\/en\/#website\"},\"primaryImageOfPage\":{\"@id\":\"https:\/\/thevintagetraveler.com\/en\/produit\/malle-courrier-louis-vuitton-monogramme-annees-70\/#primaryimage\"},\"image\":{\"@id\":\"https:\/\/thevintagetraveler.com\/en\/produit\/malle-courrier-louis-vuitton-monogramme-annees-70\/#primaryimage\"},\"thumbnailUrl\":\"https:\/\/thevintagetraveler.com\/wp-content\/uploads\/2025\/09\/70s-louis-vuitton-trunk-24727663-en-max.jpg\",\"datePublished\":\"2025-09-30T14:43:48+00:00\",\"dateModified\":\"2025-12-09T17:14:57+00:00\",\"description\":\"Malle courrier Louis Vuitton grand format en toile monogramme, ann\u00e9es 70. Tr\u00e8s bon \u00e9tat. 110\u00d753\u00d755 cm. Id\u00e9ale table basse, rare et certifi\u00e9e.\",\"breadcrumb\":{\"@id\":\"https:\/\/thevintagetraveler.com\/en\/produit\/malle-courrier-louis-vuitton-monogramme-annees-70\/#breadcrumb\"},\"inLanguage\":\"en-US\",\"potentialAction\":[{\"@type\":\"ReadAction\",\"target\":[\"https:\/\/thevintagetraveler.com\/en\/produit\/malle-courrier-louis-vuitton-monogramme-annees-70\/\"]}]},{\"@type\":\"ImageObject\",\"inLanguage\":\"en-US\",\"@id\":\"https:\/\/thevintagetraveler.com\/en\/produit\/malle-courrier-louis-vuitton-monogramme-annees-70\/#primaryimage\",\"url\":\"https:\/\/thevintagetraveler.com\/wp-content\/uploads\/2025\/09\/70s-louis-vuitton-trunk-24727663-en-max.jpg\",\"contentUrl\":\"https:\/\/thevintagetraveler.com\/wp-content\/uploads\/2025\/09\/70s-louis-vuitton-trunk-24727663-en-max.jpg\",\"width\":1200,\"height\":1200,\"caption\":\"malle courrier Louis Vuitton vintage monogramme ann\u00e9es 70\"},{\"@type\":\"BreadcrumbList\",\"@id\":\"https:\/\/thevintagetraveler.com\/en\/produit\/malle-courrier-louis-vuitton-monogramme-annees-70\/#breadcrumb\",\"itemListElement\":[{\"@type\":\"ListItem\",\"position\":1,\"name\":\"Accueil\",\"item\":\"https:\/\/thevintagetraveler.com\/en\/\"},{\"@type\":\"ListItem\",\"position\":2,\"name\":\"Shop\",\"item\":\"https:\/\/thevintagetraveler.com\/shop\/\"},{\"@type\":\"ListItem\",\"position\":3,\"name\":\"Malle Courrier Louis Vuitton ann\u00e9es 70\"}]},{\"@type\":\"WebSite\",\"@id\":\"https:\/\/thevintagetraveler.com\/en\/#website\",\"url\":\"https:\/\/thevintagetraveler.com\/en\/\",\"name\":\"TheVintageTraveler\",\"description\":\"Luxury experts in Louis Vuitton, Chanel &amp; Herm\u00e8s\",\"publisher\":{\"@id\":\"https:\/\/thevintagetraveler.com\/en\/#organization\"},\"potentialAction\":[{\"@type\":\"SearchAction\",\"target\":{\"@type\":\"EntryPoint\",\"urlTemplate\":\"https:\/\/thevintagetraveler.com\/en\/?s={search_term_string}\"},\"query-input\":{\"@type\":\"PropertyValueSpecification\",\"valueRequired\":true,\"valueName\":\"search_term_string\"}}],\"inLanguage\":\"en-US\"},{\"@type\":\"Organization\",\"@id\":\"https:\/\/thevintagetraveler.com\/en\/#organization\",\"name\":\"TheVintageTraveler\",\"url\":\"https:\/\/thevintagetraveler.com\/en\/\",\"logo\":{\"@type\":\"ImageObject\",\"inLanguage\":\"en-US\",\"@id\":\"https:\/\/thevintagetraveler.com\/en\/#\/schema\/logo\/image\/\",\"url\":\"https:\/\/thevintagetraveler.com\/wp-content\/uploads\/2025\/04\/LOGO-THE-VINTAGE-TRAVELER-FINAL-e1745392697678.png\",\"contentUrl\":\"https:\/\/thevintagetraveler.com\/wp-content\/uploads\/2025\/04\/LOGO-THE-VINTAGE-TRAVELER-FINAL-e1745392697678.png\",\"width\":798,\"height\":318,\"caption\":\"TheVintageTraveler\"},\"image\":{\"@id\":\"https:\/\/thevintagetraveler.com\/en\/#\/schema\/logo\/image\/\"},\"sameAs\":[\"https:\/\/www.facebook.com\/TheVintageTravelerFR\/\",\"https:\/\/www.instagram.com\/the_vintagetraveler\"]}]}<\/script>\n<!-- \/ Yoast SEO plugin. -->","yoast_head_json":{"title":"Malle Courrier Louis Vuitton Monogramme Ann\u00e9es 70 | TheVintageTraveler","description":"Malle courrier Louis Vuitton grand format en toile monogramme, ann\u00e9es 70. Tr\u00e8s bon \u00e9tat. 110\u00d753\u00d755 cm. Id\u00e9ale table basse, rare et certifi\u00e9e.","robots":{"index":"index","follow":"follow","max-snippet":"max-snippet:-1","max-image-preview":"max-image-preview:large","max-video-preview":"max-video-preview:-1"},"canonical":"https:\/\/thevintagetraveler.com\/en\/produit\/malle-courrier-louis-vuitton-monogramme-annees-70\/","og_locale":"en_US","og_type":"article","og_title":"Malle Courrier Louis Vuitton Monogramme Ann\u00e9es 70 | TheVintageTraveler","og_description":"Malle courrier Louis Vuitton grand format en toile monogramme, ann\u00e9es 70. Tr\u00e8s bon \u00e9tat. 110\u00d753\u00d755 cm. Id\u00e9ale table basse, rare et certifi\u00e9e.","og_url":"https:\/\/thevintagetraveler.com\/en\/produit\/malle-courrier-louis-vuitton-monogramme-annees-70\/","og_site_name":"TheVintageTraveler","article_publisher":"https:\/\/www.facebook.com\/TheVintageTravelerFR\/","article_modified_time":"2025-12-09T17:14:57+00:00","og_image":[{"width":1200,"height":1200,"url":"https:\/\/thevintagetraveler.com\/\/wp-content\/uploads\/2025\/09\/70s-louis-vuitton-trunk-24727663-en-max.jpg","type":"image\/jpeg"}],"twitter_card":"summary_large_image","twitter_misc":{"Est. reading time":"3 minutes"},"schema":{"@context":"https:\/\/schema.org","@graph":[{"@type":"WebPage","@id":"https:\/\/thevintagetraveler.com\/en\/produit\/malle-courrier-louis-vuitton-monogramme-annees-70\/","url":"https:\/\/thevintagetraveler.com\/en\/produit\/malle-courrier-louis-vuitton-monogramme-annees-70\/","name":"Malle Courrier Louis Vuitton Monogramme Ann\u00e9es 70 | TheVintageTraveler","isPartOf":{"@id":"https:\/\/thevintagetraveler.com\/en\/#website"},"primaryImageOfPage":{"@id":"https:\/\/thevintagetraveler.com\/en\/produit\/malle-courrier-louis-vuitton-monogramme-annees-70\/#primaryimage"},"image":{"@id":"https:\/\/thevintagetraveler.com\/en\/produit\/malle-courrier-louis-vuitton-monogramme-annees-70\/#primaryimage"},"thumbnailUrl":"https:\/\/thevintagetraveler.com\/wp-content\/uploads\/2025\/09\/70s-louis-vuitton-trunk-24727663-en-max.jpg","datePublished":"2025-09-30T14:43:48+00:00","dateModified":"2025-12-09T17:14:57+00:00","description":"Malle courrier Louis Vuitton grand format en toile monogramme, ann\u00e9es 70. Tr\u00e8s bon \u00e9tat. 110\u00d753\u00d755 cm. Id\u00e9ale table basse, rare et certifi\u00e9e.","breadcrumb":{"@id":"https:\/\/thevintagetraveler.com\/en\/produit\/malle-courrier-louis-vuitton-monogramme-annees-70\/#breadcrumb"},"inLanguage":"en-US","potentialAction":[{"@type":"ReadAction","target":["https:\/\/thevintagetraveler.com\/en\/produit\/malle-courrier-louis-vuitton-monogramme-annees-70\/"]}]},{"@type":"ImageObject","inLanguage":"en-US","@id":"https:\/\/thevintagetraveler.com\/en\/produit\/malle-courrier-louis-vuitton-monogramme-annees-70\/#primaryimage","url":"https:\/\/thevintagetraveler.com\/wp-content\/uploads\/2025\/09\/70s-louis-vuitton-trunk-24727663-en-max.jpg","contentUrl":"https:\/\/thevintagetraveler.com\/wp-content\/uploads\/2025\/09\/70s-louis-vuitton-trunk-24727663-en-max.jpg","width":1200,"height":1200,"caption":"malle courrier Louis Vuitton vintage monogramme ann\u00e9es 70"},{"@type":"BreadcrumbList","@id":"https:\/\/thevintagetraveler.com\/en\/produit\/malle-courrier-louis-vuitton-monogramme-annees-70\/#breadcrumb","itemListElement":[{"@type":"ListItem","position":1,"name":"Accueil","item":"https:\/\/thevintagetraveler.com\/en\/"},{"@type":"ListItem","position":2,"name":"Shop","item":"https:\/\/thevintagetraveler.com\/shop\/"},{"@type":"ListItem","position":3,"name":"Malle Courrier Louis Vuitton ann\u00e9es 70"}]},{"@type":"WebSite","@id":"https:\/\/thevintagetraveler.com\/en\/#website","url":"https:\/\/thevintagetraveler.com\/en\/","name":"TheVintageTraveler","description":"Luxury experts in Louis Vuitton, Chanel &amp; Herm\u00e8s","publisher":{"@id":"https:\/\/thevintagetraveler.com\/en\/#organization"},"potentialAction":[{"@type":"SearchAction","target":{"@type":"EntryPoint","urlTemplate":"https:\/\/thevintagetraveler.com\/en\/?s={search_term_string}"},"query-input":{"@type":"PropertyValueSpecification","valueRequired":true,"valueName":"search_term_string"}}],"inLanguage":"en-US"},{"@type":"Organization","@id":"https:\/\/thevintagetraveler.com\/en\/#organization","name":"TheVintageTraveler","url":"https:\/\/thevintagetraveler.com\/en\/","logo":{"@type":"ImageObject","inLanguage":"en-US","@id":"https:\/\/thevintagetraveler.com\/en\/#\/schema\/logo\/image\/","url":"https:\/\/thevintagetraveler.com\/wp-content\/uploads\/2025\/04\/LOGO-THE-VINTAGE-TRAVELER-FINAL-e1745392697678.png","contentUrl":"https:\/\/thevintagetraveler.com\/wp-content\/uploads\/2025\/04\/LOGO-THE-VINTAGE-TRAVELER-FINAL-e1745392697678.png","width":798,"height":318,"caption":"TheVintageTraveler"},"image":{"@id":"https:\/\/thevintagetraveler.com\/en\/#\/schema\/logo\/image\/"},"sameAs":["https:\/\/www.facebook.com\/TheVintageTravelerFR\/","https:\/\/www.instagram.com\/the_vintagetraveler"]}]}},"_links":{"self":[{"href":"https:\/\/thevintagetraveler.com\/en\/wp-json\/wp\/v2\/product\/6136","targetHints":{"allow":["GET"]}}],"collection":[{"href":"https:\/\/thevintagetraveler.com\/en\/wp-json\/wp\/v2\/product"}],"about":[{"href":"https:\/\/thevintagetraveler.com\/en\/wp-json\/wp\/v2\/types\/product"}],"wp:featuredmedia":[{"embeddable":true,"href":"https:\/\/thevintagetraveler.com\/en\/wp-json\/wp\/v2\/media\/6138"}],"wp:attachment":[{"href":"https:\/\/thevintagetraveler.com\/en\/wp-json\/wp\/v2\/media?parent=6136"}],"wp:term":[{"taxonomy":"product_brand","embeddable":true,"href":"https:\/\/thevintagetraveler.com\/en\/wp-json\/wp\/v2\/product_brand?post=6136"},{"taxonomy":"product_cat","embeddable":true,"href":"https:\/\/thevintagetraveler.com\/en\/wp-json\/wp\/v2\/product_cat?post=6136"},{"taxonomy":"product_tag","embeddable":true,"href":"https:\/\/thevintagetraveler.com\/en\/wp-json\/wp\/v2\/product_tag?post=6136"}],"curies":[{"name":"wp","href":"https:\/\/api.w.org\/{rel}","templated":true}]}}