{"id":6308,"date":"2024-10-02T17:41:20","date_gmt":"2024-10-02T15:41:20","guid":{"rendered":"https:\/\/thevintagetraveler.com\/produit\/hermes-birkin-bag-30-etoupe-swift\/"},"modified":"2025-10-16T11:20:32","modified_gmt":"2025-10-16T09:20:32","slug":"hermes-birkin-bag-30-etoupe-swift","status":"publish","type":"product","link":"https:\/\/thevintagetraveler.com\/en\/produit\/hermes-birkin-bag-30-etoupe-swift\/","title":{"rendered":"Herm\u00e8s Birkin bag 30 Etoupe Swift"},"content":{"rendered":"<h3 data-start=\"1138\" data-end=\"1212\">Herm\u00e8s Birkin Bag 30 &#8211; Swift \u00c9toupe leather &amp; Palladium Finishes, 2007<\/h3>\n<p data-start=\"1214\" data-end=\"1540\">This <strong data-start=\"1217\" data-end=\"1241\">Herm\u00e8s Birkin 30 bag<\/strong>, made in <strong data-start=\"1254\" data-end=\"1275\">Swift \u00e9toupe leather<\/strong> with <strong data-start=\"1285\" data-end=\"1308\">palladium finish<\/strong>, dated <strong data-start=\"1318\" data-end=\"1326\">2007<\/strong>, is an <strong data-start=\"1336\" data-end=\"1362\">elegant and rare piece<\/strong>. Offered in <strong data-start=\"1375\" data-end=\"1393\">excellent condition<\/strong>, complete with <strong data-start=\"1412\" data-end=\"1441\">key, bell and padlock<\/strong>, it embodies both<strong data-start=\"1466\" data-end=\"1490\">Herm\u00e8s timelessness<\/strong> and an <strong data-start=\"1497\" data-end=\"1537\">excellent heritage investment<\/strong>.<\/p>\n<hr data-start=\"1542\" data-end=\"1545\" \/>\n<h3 data-start=\"1547\" data-end=\"1587\">The Birkin: the icon of Herm\u00e8s luxury<\/h3>\n<ul data-start=\"1589\" data-end=\"1955\">\n<li data-start=\"1589\" data-end=\"1684\">\n<p data-start=\"1591\" data-end=\"1684\">Created in 1984 for Jane Birkin, this model has become an <strong data-start=\"1646\" data-end=\"1681\">absolute symbol of French luxury<\/strong>.<\/p>\n<\/li>\n<li data-start=\"1685\" data-end=\"1781\">\n<p data-start=\"1687\" data-end=\"1781\">The <strong data-start=\"1690\" data-end=\"1706\">30 cm format<\/strong> is the most sought-after, perfectly suited to elegant everyday use.<\/p>\n<\/li>\n<li data-start=\"1782\" data-end=\"1867\">\n<p data-start=\"1784\" data-end=\"1867\">Recognizable by its <strong data-start=\"1804\" data-end=\"1824\">structured shape<\/strong>, flap and padlock straps.<\/p>\n<\/li>\n<li data-start=\"1868\" data-end=\"1955\">\n<p data-start=\"1870\" data-end=\"1955\">A must-have piece, considered a <strong data-start=\"1913\" data-end=\"1930\">safe haven<\/strong> in the luxury market.<\/p>\n<\/li>\n<\/ul>\n<hr data-start=\"1957\" data-end=\"1960\" \/>\n<h3 data-start=\"1962\" data-end=\"2017\">Swift leather &amp; etoupe color: elegance and softness<\/h3>\n<ul data-start=\"2019\" data-end=\"2411\">\n<li data-start=\"2019\" data-end=\"2105\">\n<p data-start=\"2021\" data-end=\"2105\"><strong data-start=\"2021\" data-end=\"2035\">Swift leather<\/strong>: supple, smooth calf leather, soft to the touch and with a slight satin finish.<\/p>\n<\/li>\n<li data-start=\"2106\" data-end=\"2183\">\n<p data-start=\"2108\" data-end=\"2183\">Appreciated for its brilliance, chromatic richness and modern elegance.<\/p>\n<\/li>\n<li data-start=\"2184\" data-end=\"2299\">\n<p data-start=\"2186\" data-end=\"2299\"><strong data-start=\"2186\" data-end=\"2204\">Etoupe color<\/strong>: an iconic Herm\u00e8s shade, a subtle blend of taupe and gray, versatile and timeless.<\/p>\n<\/li>\n<li data-start=\"2300\" data-end=\"2411\">\n<p data-start=\"2302\" data-end=\"2411\"><strong data-start=\"2302\" data-end=\"2325\">Palladium finishes<\/strong>: silver hardware that contrasts harmoniously with the softness of oakum.<\/p>\n<\/li>\n<\/ul>\n<hr data-start=\"2413\" data-end=\"2416\" \/>\n<h3 data-start=\"2418\" data-end=\"2451\">Product features<\/h3>\n<ul data-start=\"2453\" data-end=\"2940\">\n<li data-start=\"2453\" data-end=\"2476\">\n<p data-start=\"2455\" data-end=\"2476\"><strong data-start=\"2455\" data-end=\"2467\">Brand :<\/strong> <a href=\"https:\/\/thevintagetraveler.com\/rachat-sac-hermes\/\">Herm\u00e8s<\/a><\/p>\n<\/li>\n<li data-start=\"2477\" data-end=\"2503\">\n<p data-start=\"2479\" data-end=\"2503\"><strong data-start=\"2479\" data-end=\"2491\">Model:<\/strong> Birkin 30<\/p>\n<\/li>\n<li data-start=\"2504\" data-end=\"2565\">\n<p data-start=\"2506\" data-end=\"2565\"><strong data-start=\"2506\" data-end=\"2517\">Year:<\/strong> 2007 (dating confirmed by Herm\u00e8s stamp)<\/p>\n<\/li>\n<li data-start=\"2566\" data-end=\"2594\">\n<p data-start=\"2568\" data-end=\"2594\"><strong data-start=\"2568\" data-end=\"2581\">Material:<\/strong> Swift leather<\/p>\n<\/li>\n<li data-start=\"2595\" data-end=\"2619\">\n<p data-start=\"2597\" data-end=\"2619\"><strong data-start=\"2597\" data-end=\"2610\">Color:<\/strong> Embossed<\/p>\n<\/li>\n<li data-start=\"2620\" data-end=\"2661\">\n<p data-start=\"2622\" data-end=\"2661\"><strong data-start=\"2622\" data-end=\"2637\">Finishes :<\/strong> Palladium (silver-plated)<\/p>\n<\/li>\n<li data-start=\"2662\" data-end=\"2698\">\n<p data-start=\"2664\" data-end=\"2698\"><strong data-start=\"2664\" data-end=\"2680\">Dimensions:<\/strong> 30 cm (width)<\/p>\n<\/li>\n<li data-start=\"2699\" data-end=\"2753\">\n<p data-start=\"2701\" data-end=\"2753\"><strong data-start=\"2701\" data-end=\"2718\">Accessories:<\/strong> Key, bell and padlock included<\/p>\n<\/li>\n<li data-start=\"2754\" data-end=\"2783\">\n<p data-start=\"2756\" data-end=\"2783\"><strong data-start=\"2756\" data-end=\"2767\">Reach:<\/strong> Hand or elbow<\/p>\n<\/li>\n<li data-start=\"2784\" data-end=\"2861\">\n<p data-start=\"2786\" data-end=\"2861\"><strong data-start=\"2786\" data-end=\"2796\">Condition:<\/strong> Excellent &#8211; supple leather, firm structure, bright jewels<\/p>\n<\/li>\n<li data-start=\"2862\" data-end=\"2940\">\n<p data-start=\"2864\" data-end=\"2940\"><strong data-start=\"2864\" data-end=\"2886\">Authentication:<\/strong> Certified &#8211; delivered with TheVintageTraveler certificate<\/p>\n<\/li>\n<\/ul>\n<hr data-start=\"2942\" data-end=\"2945\" \/>\n<h3 data-start=\"2947\" data-end=\"3005\">Why is this Birkin 30 Etoupe so rare and sought-after?<\/h3>\n<ul data-start=\"3007\" data-end=\"3444\">\n<li data-start=\"3007\" data-end=\"3094\">\n<p data-start=\"3009\" data-end=\"3094\"><strong data-start=\"3009\" data-end=\"3027\">Etoupe color<\/strong>, one of the house&#8217;s most popular and emblematic colors.<\/p>\n<\/li>\n<li data-start=\"3095\" data-end=\"3164\">\n<p data-start=\"3097\" data-end=\"3164\"><strong data-start=\"3097\" data-end=\"3113\">30 cm format<\/strong>, still the most popular and versatile.<\/p>\n<\/li>\n<li data-start=\"3165\" data-end=\"3260\">\n<p data-start=\"3167\" data-end=\"3260\"><strong data-start=\"3167\" data-end=\"3181\">Swift leather<\/strong>, less common than Togo or Epsom, appreciated for its smooth, luminous finish.<\/p>\n<\/li>\n<li data-start=\"3261\" data-end=\"3331\">\n<p data-start=\"3263\" data-end=\"3331\"><strong data-start=\"3263\" data-end=\"3277\">Year 2007<\/strong>, already a heritage piece but still contemporary.<\/p>\n<\/li>\n<li data-start=\"3332\" data-end=\"3444\">\n<p data-start=\"3334\" data-end=\"3444\">Delivered with <strong data-start=\"3345\" data-end=\"3400\">original accessories (key, bell, padlock)<\/strong>, an essential asset for collectors.<\/p>\n<\/li>\n<\/ul>\n<hr data-start=\"3446\" data-end=\"3449\" \/>\n<h3 data-start=\"3451\" data-end=\"3491\">An excellent Herm\u00e8s investment<\/h3>\n<ul data-start=\"3493\" data-end=\"3787\">\n<li data-start=\"3493\" data-end=\"3577\">\n<p data-start=\"3495\" data-end=\"3577\"><strong data-start=\"3499\" data-end=\"3519\">Birkin 30 etoupe<\/strong> are in high demand on the secondary market.<\/p>\n<\/li>\n<li data-start=\"3578\" data-end=\"3655\">\n<p data-start=\"3580\" data-end=\"3655\"><strong data-start=\"3583\" data-end=\"3597\">Swift leather<\/strong> adds an extra touch of rarity and luxury.<\/p>\n<\/li>\n<li data-start=\"3656\" data-end=\"3721\">\n<p data-start=\"3658\" data-end=\"3721\">Its <strong data-start=\"3662\" data-end=\"3680\">excellent condition<\/strong> guarantees a high resale value.<\/p>\n<\/li>\n<li data-start=\"3722\" data-end=\"3787\">\n<p data-start=\"3724\" data-end=\"3787\">A perfect model for a <strong data-start=\"3751\" data-end=\"3784\">prestigious Herm\u00e8s collection<\/strong>.<\/p>\n<\/li>\n<\/ul>\n<hr data-start=\"3789\" data-end=\"3792\" \/>\n<h3 data-start=\"3794\" data-end=\"3842\">Why buy from TheVintageTraveler?<\/h3>\n<p data-start=\"3844\" data-end=\"3898\">At <strong data-start=\"3849\" data-end=\"3871\">TheVintageTraveler<\/strong>, every Herm\u00e8s bag is :<\/p>\n<ul data-start=\"3900\" data-end=\"4198\">\n<li data-start=\"3900\" data-end=\"3958\">\n<p data-start=\"3902\" data-end=\"3958\"><strong data-start=\"3902\" data-end=\"3930\">Appraised and authenticated<\/strong>, with confirmed dating.<\/p>\n<\/li>\n<li data-start=\"3959\" data-end=\"4041\">\n<p data-start=\"3961\" data-end=\"4041\">Selected for its <strong data-start=\"3981\" data-end=\"4038\">asset value and investment potential<\/strong>.<\/p>\n<\/li>\n<li data-start=\"4042\" data-end=\"4090\">\n<p data-start=\"4044\" data-end=\"4090\">Delivered with a <strong data-start=\"4058\" data-end=\"4087\">certificate of authenticity<\/strong>.<\/p>\n<\/li>\n<li data-start=\"4091\" data-end=\"4198\">\n<p data-start=\"4093\" data-end=\"4198\">Available in <strong data-start=\"4107\" data-end=\"4150\">showroom (March\u00e9 Serpette &#8211; Saint-Ouen)<\/strong> or by <strong data-start=\"4157\" data-end=\"4195\">secure international delivery<\/strong>.<\/p>\n<\/li>\n<\/ul>\n<hr data-start=\"4200\" data-end=\"4203\" \/>\n<h3 data-start=\"4205\" data-end=\"4221\">Conclusion<\/h3>\n<p data-start=\"4223\" data-end=\"4531\">This <strong data-start=\"4226\" data-end=\"4267\">Herm\u00e8s Birkin 30 in Swift \u00e9toupe leather<\/strong>, dated <strong data-start=\"4277\" data-end=\"4285\">2007<\/strong>, with <strong data-start=\"4292\" data-end=\"4315\">palladium finish<\/strong> and <strong data-start=\"4323\" data-end=\"4348\">original accessories<\/strong>, is a <strong data-start=\"4358\" data-end=\"4384\">rare and elegant piece<\/strong>. In <strong data-start=\"4389\" data-end=\"4407\">excellent condition<\/strong>, it combines <strong data-start=\"4420\" data-end=\"4467\">prestige, refinement and sound investment<\/strong>, making it a must-have in any Herm\u00e8s collection.<\/p>\n<p>Follow us on <a href=\"https:\/\/www.facebook.com\/TheVintageTravelerFR\">Facebook<\/a> and <a href=\"https:\/\/www.instagram.com\/the_vintagetraveler\/?igsh=aXdsbDJkdnpwZjcx#\">Instagram<\/a><\/p>\n","protected":false},"excerpt":{"rendered":"<p>Herm\u00e8s Birkin 30 in Swift \u00e9toupe leather, 2007. Palladium finish, excellent condition, with key, bell and padlock. Rare, certified, excellent investment.<\/p>\n","protected":false},"featured_media":6319,"template":"","meta":[],"product_brand":[],"product_cat":[279,289,280,274],"product_tag":[281,299],"class_list":{"0":"post-6308","1":"product","2":"type-product","3":"status-publish","4":"has-post-thumbnail","6":"product_cat-bags","7":"product_cat-handbag","8":"product_cat-hermes","9":"product_cat-news","10":"product_tag-hermes","11":"product_tag-hermesbirkin","13":"first","14":"outofstock","15":"sold-individually","16":"shipping-taxable","17":"purchasable","18":"product-type-simple"},"yoast_head":"<!-- This site is optimized with the Yoast SEO plugin v27.1.1 - https:\/\/yoast.com\/product\/yoast-seo-wordpress\/ -->\n<title>Herm\u00e8s Birkin 30 Swift \u00c9toupe Palladium 2007<\/title>\n<meta name=\"description\" content=\"Herm\u00e8s Birkin 30 in Swift \u00e9toupe leather, palladium finish, 2007. Excellent condition, with key, bell and padlock. Rare piece, excellent investment.\" \/>\n<meta name=\"robots\" content=\"index, follow, max-snippet:-1, max-image-preview:large, max-video-preview:-1\" \/>\n<link rel=\"canonical\" href=\"https:\/\/thevintagetraveler.com\/en\/produit\/hermes-birkin-bag-30-etoupe-swift\/\" \/>\n<meta property=\"og:locale\" content=\"en_US\" \/>\n<meta property=\"og:type\" content=\"article\" \/>\n<meta property=\"og:title\" content=\"Herm\u00e8s Birkin 30 Swift \u00c9toupe Palladium 2007\" \/>\n<meta property=\"og:description\" content=\"Herm\u00e8s Birkin 30 in Swift \u00e9toupe leather, palladium finish, 2007. Excellent condition, with key, bell and padlock. Rare piece, excellent investment.\" \/>\n<meta property=\"og:url\" content=\"https:\/\/thevintagetraveler.com\/en\/produit\/hermes-birkin-bag-30-etoupe-swift\/\" \/>\n<meta property=\"og:site_name\" content=\"TheVintageTraveler\" \/>\n<meta property=\"article:publisher\" content=\"https:\/\/www.facebook.com\/TheVintageTravelerFR\/\" \/>\n<meta property=\"article:modified_time\" content=\"2025-10-16T09:20:32+00:00\" \/>\n<meta property=\"og:image\" content=\"https:\/\/thevintagetraveler.com\/wp-content\/uploads\/2025\/10\/image00027-1.jpeg\" \/>\n\t<meta property=\"og:image:width\" content=\"1800\" \/>\n\t<meta property=\"og:image:height\" content=\"2400\" \/>\n\t<meta property=\"og:image:type\" content=\"image\/jpeg\" \/>\n<meta name=\"twitter:card\" content=\"summary_large_image\" \/>\n<meta name=\"twitter:label1\" content=\"Est. reading time\" \/>\n\t<meta name=\"twitter:data1\" content=\"3 minutes\" \/>\n<script type=\"application\/ld+json\" class=\"yoast-schema-graph\">{\"@context\":\"https:\/\/schema.org\",\"@graph\":[{\"@type\":\"WebPage\",\"@id\":\"https:\/\/thevintagetraveler.com\/en\/produit\/hermes-birkin-bag-30-etoupe-swift\/\",\"url\":\"https:\/\/thevintagetraveler.com\/en\/produit\/hermes-birkin-bag-30-etoupe-swift\/\",\"name\":\"Herm\u00e8s Birkin 30 Swift \u00c9toupe Palladium 2007\",\"isPartOf\":{\"@id\":\"https:\/\/thevintagetraveler.com\/en\/#website\"},\"primaryImageOfPage\":{\"@id\":\"https:\/\/thevintagetraveler.com\/en\/produit\/hermes-birkin-bag-30-etoupe-swift\/#primaryimage\"},\"image\":{\"@id\":\"https:\/\/thevintagetraveler.com\/en\/produit\/hermes-birkin-bag-30-etoupe-swift\/#primaryimage\"},\"thumbnailUrl\":\"https:\/\/thevintagetraveler.com\/wp-content\/uploads\/2025\/10\/image00027-1.jpeg\",\"datePublished\":\"2024-10-02T15:41:20+00:00\",\"dateModified\":\"2025-10-16T09:20:32+00:00\",\"description\":\"Herm\u00e8s Birkin 30 in Swift \u00e9toupe leather, palladium finish, 2007. Excellent condition, with key, bell and padlock. Rare piece, excellent investment.\",\"breadcrumb\":{\"@id\":\"https:\/\/thevintagetraveler.com\/en\/produit\/hermes-birkin-bag-30-etoupe-swift\/#breadcrumb\"},\"inLanguage\":\"en-US\",\"potentialAction\":[{\"@type\":\"ReadAction\",\"target\":[\"https:\/\/thevintagetraveler.com\/en\/produit\/hermes-birkin-bag-30-etoupe-swift\/\"]}]},{\"@type\":\"ImageObject\",\"inLanguage\":\"en-US\",\"@id\":\"https:\/\/thevintagetraveler.com\/en\/produit\/hermes-birkin-bag-30-etoupe-swift\/#primaryimage\",\"url\":\"https:\/\/thevintagetraveler.com\/wp-content\/uploads\/2025\/10\/image00027-1.jpeg\",\"contentUrl\":\"https:\/\/thevintagetraveler.com\/wp-content\/uploads\/2025\/10\/image00027-1.jpeg\",\"width\":1800,\"height\":2400,\"caption\":\"Herm\u00e8s Birkin bag 30 leather Swift etoupe palladium 2007\"},{\"@type\":\"BreadcrumbList\",\"@id\":\"https:\/\/thevintagetraveler.com\/en\/produit\/hermes-birkin-bag-30-etoupe-swift\/#breadcrumb\",\"itemListElement\":[{\"@type\":\"ListItem\",\"position\":1,\"name\":\"Accueil\",\"item\":\"https:\/\/thevintagetraveler.com\/en\/\"},{\"@type\":\"ListItem\",\"position\":2,\"name\":\"Shop\",\"item\":\"https:\/\/thevintagetraveler.com\/shop\/\"},{\"@type\":\"ListItem\",\"position\":3,\"name\":\"Herm\u00e8s Birkin bag 30 Etoupe Swift\"}]},{\"@type\":\"WebSite\",\"@id\":\"https:\/\/thevintagetraveler.com\/en\/#website\",\"url\":\"https:\/\/thevintagetraveler.com\/en\/\",\"name\":\"TheVintageTraveler\",\"description\":\"Luxury experts in Louis Vuitton, Chanel &amp; Herm\u00e8s\",\"publisher\":{\"@id\":\"https:\/\/thevintagetraveler.com\/en\/#organization\"},\"potentialAction\":[{\"@type\":\"SearchAction\",\"target\":{\"@type\":\"EntryPoint\",\"urlTemplate\":\"https:\/\/thevintagetraveler.com\/en\/?s={search_term_string}\"},\"query-input\":{\"@type\":\"PropertyValueSpecification\",\"valueRequired\":true,\"valueName\":\"search_term_string\"}}],\"inLanguage\":\"en-US\"},{\"@type\":\"Organization\",\"@id\":\"https:\/\/thevintagetraveler.com\/en\/#organization\",\"name\":\"TheVintageTraveler\",\"url\":\"https:\/\/thevintagetraveler.com\/en\/\",\"logo\":{\"@type\":\"ImageObject\",\"inLanguage\":\"en-US\",\"@id\":\"https:\/\/thevintagetraveler.com\/en\/#\/schema\/logo\/image\/\",\"url\":\"https:\/\/thevintagetraveler.com\/wp-content\/uploads\/2025\/04\/LOGO-THE-VINTAGE-TRAVELER-FINAL-e1745392697678.png\",\"contentUrl\":\"https:\/\/thevintagetraveler.com\/wp-content\/uploads\/2025\/04\/LOGO-THE-VINTAGE-TRAVELER-FINAL-e1745392697678.png\",\"width\":798,\"height\":318,\"caption\":\"TheVintageTraveler\"},\"image\":{\"@id\":\"https:\/\/thevintagetraveler.com\/en\/#\/schema\/logo\/image\/\"},\"sameAs\":[\"https:\/\/www.facebook.com\/TheVintageTravelerFR\/\",\"https:\/\/www.instagram.com\/the_vintagetraveler\"]}]}<\/script>\n<!-- \/ Yoast SEO plugin. -->","yoast_head_json":{"title":"Herm\u00e8s Birkin 30 Swift \u00c9toupe Palladium 2007","description":"Herm\u00e8s Birkin 30 in Swift \u00e9toupe leather, palladium finish, 2007. Excellent condition, with key, bell and padlock. Rare piece, excellent investment.","robots":{"index":"index","follow":"follow","max-snippet":"max-snippet:-1","max-image-preview":"max-image-preview:large","max-video-preview":"max-video-preview:-1"},"canonical":"https:\/\/thevintagetraveler.com\/en\/produit\/hermes-birkin-bag-30-etoupe-swift\/","og_locale":"en_US","og_type":"article","og_title":"Herm\u00e8s Birkin 30 Swift \u00c9toupe Palladium 2007","og_description":"Herm\u00e8s Birkin 30 in Swift \u00e9toupe leather, palladium finish, 2007. Excellent condition, with key, bell and padlock. Rare piece, excellent investment.","og_url":"https:\/\/thevintagetraveler.com\/en\/produit\/hermes-birkin-bag-30-etoupe-swift\/","og_site_name":"TheVintageTraveler","article_publisher":"https:\/\/www.facebook.com\/TheVintageTravelerFR\/","article_modified_time":"2025-10-16T09:20:32+00:00","og_image":[{"width":1800,"height":2400,"url":"https:\/\/thevintagetraveler.com\/wp-content\/uploads\/2025\/10\/image00027-1.jpeg","type":"image\/jpeg"}],"twitter_card":"summary_large_image","twitter_misc":{"Est. reading time":"3 minutes"},"schema":{"@context":"https:\/\/schema.org","@graph":[{"@type":"WebPage","@id":"https:\/\/thevintagetraveler.com\/en\/produit\/hermes-birkin-bag-30-etoupe-swift\/","url":"https:\/\/thevintagetraveler.com\/en\/produit\/hermes-birkin-bag-30-etoupe-swift\/","name":"Herm\u00e8s Birkin 30 Swift \u00c9toupe Palladium 2007","isPartOf":{"@id":"https:\/\/thevintagetraveler.com\/en\/#website"},"primaryImageOfPage":{"@id":"https:\/\/thevintagetraveler.com\/en\/produit\/hermes-birkin-bag-30-etoupe-swift\/#primaryimage"},"image":{"@id":"https:\/\/thevintagetraveler.com\/en\/produit\/hermes-birkin-bag-30-etoupe-swift\/#primaryimage"},"thumbnailUrl":"https:\/\/thevintagetraveler.com\/wp-content\/uploads\/2025\/10\/image00027-1.jpeg","datePublished":"2024-10-02T15:41:20+00:00","dateModified":"2025-10-16T09:20:32+00:00","description":"Herm\u00e8s Birkin 30 in Swift \u00e9toupe leather, palladium finish, 2007. Excellent condition, with key, bell and padlock. Rare piece, excellent investment.","breadcrumb":{"@id":"https:\/\/thevintagetraveler.com\/en\/produit\/hermes-birkin-bag-30-etoupe-swift\/#breadcrumb"},"inLanguage":"en-US","potentialAction":[{"@type":"ReadAction","target":["https:\/\/thevintagetraveler.com\/en\/produit\/hermes-birkin-bag-30-etoupe-swift\/"]}]},{"@type":"ImageObject","inLanguage":"en-US","@id":"https:\/\/thevintagetraveler.com\/en\/produit\/hermes-birkin-bag-30-etoupe-swift\/#primaryimage","url":"https:\/\/thevintagetraveler.com\/wp-content\/uploads\/2025\/10\/image00027-1.jpeg","contentUrl":"https:\/\/thevintagetraveler.com\/wp-content\/uploads\/2025\/10\/image00027-1.jpeg","width":1800,"height":2400,"caption":"Herm\u00e8s Birkin bag 30 leather Swift etoupe palladium 2007"},{"@type":"BreadcrumbList","@id":"https:\/\/thevintagetraveler.com\/en\/produit\/hermes-birkin-bag-30-etoupe-swift\/#breadcrumb","itemListElement":[{"@type":"ListItem","position":1,"name":"Accueil","item":"https:\/\/thevintagetraveler.com\/en\/"},{"@type":"ListItem","position":2,"name":"Shop","item":"https:\/\/thevintagetraveler.com\/shop\/"},{"@type":"ListItem","position":3,"name":"Herm\u00e8s Birkin bag 30 Etoupe Swift"}]},{"@type":"WebSite","@id":"https:\/\/thevintagetraveler.com\/en\/#website","url":"https:\/\/thevintagetraveler.com\/en\/","name":"TheVintageTraveler","description":"Luxury experts in Louis Vuitton, Chanel &amp; Herm\u00e8s","publisher":{"@id":"https:\/\/thevintagetraveler.com\/en\/#organization"},"potentialAction":[{"@type":"SearchAction","target":{"@type":"EntryPoint","urlTemplate":"https:\/\/thevintagetraveler.com\/en\/?s={search_term_string}"},"query-input":{"@type":"PropertyValueSpecification","valueRequired":true,"valueName":"search_term_string"}}],"inLanguage":"en-US"},{"@type":"Organization","@id":"https:\/\/thevintagetraveler.com\/en\/#organization","name":"TheVintageTraveler","url":"https:\/\/thevintagetraveler.com\/en\/","logo":{"@type":"ImageObject","inLanguage":"en-US","@id":"https:\/\/thevintagetraveler.com\/en\/#\/schema\/logo\/image\/","url":"https:\/\/thevintagetraveler.com\/wp-content\/uploads\/2025\/04\/LOGO-THE-VINTAGE-TRAVELER-FINAL-e1745392697678.png","contentUrl":"https:\/\/thevintagetraveler.com\/wp-content\/uploads\/2025\/04\/LOGO-THE-VINTAGE-TRAVELER-FINAL-e1745392697678.png","width":798,"height":318,"caption":"TheVintageTraveler"},"image":{"@id":"https:\/\/thevintagetraveler.com\/en\/#\/schema\/logo\/image\/"},"sameAs":["https:\/\/www.facebook.com\/TheVintageTravelerFR\/","https:\/\/www.instagram.com\/the_vintagetraveler"]}]}},"_links":{"self":[{"href":"https:\/\/thevintagetraveler.com\/en\/wp-json\/wp\/v2\/product\/6308","targetHints":{"allow":["GET"]}}],"collection":[{"href":"https:\/\/thevintagetraveler.com\/en\/wp-json\/wp\/v2\/product"}],"about":[{"href":"https:\/\/thevintagetraveler.com\/en\/wp-json\/wp\/v2\/types\/product"}],"wp:featuredmedia":[{"embeddable":true,"href":"https:\/\/thevintagetraveler.com\/en\/wp-json\/wp\/v2\/media\/6319"}],"wp:attachment":[{"href":"https:\/\/thevintagetraveler.com\/en\/wp-json\/wp\/v2\/media?parent=6308"}],"wp:term":[{"taxonomy":"product_brand","embeddable":true,"href":"https:\/\/thevintagetraveler.com\/en\/wp-json\/wp\/v2\/product_brand?post=6308"},{"taxonomy":"product_cat","embeddable":true,"href":"https:\/\/thevintagetraveler.com\/en\/wp-json\/wp\/v2\/product_cat?post=6308"},{"taxonomy":"product_tag","embeddable":true,"href":"https:\/\/thevintagetraveler.com\/en\/wp-json\/wp\/v2\/product_tag?post=6308"}],"curies":[{"name":"wp","href":"https:\/\/api.w.org\/{rel}","templated":true}]}}