{"id":6343,"date":"2024-10-09T13:38:44","date_gmt":"2024-10-09T11:38:44","guid":{"rendered":"https:\/\/thevintagetraveler.com\/?post_type=product&#038;p=6343"},"modified":"2026-01-26T12:46:31","modified_gmt":"2026-01-26T11:46:31","slug":"valise-louis-vuitton-president-cuir-epi-noir-vintage","status":"publish","type":"product","link":"https:\/\/thevintagetraveler.com\/en\/produit\/valise-louis-vuitton-president-cuir-epi-noir-vintage\/","title":{"rendered":"Valise Louis Vuitton Pr\u00e9sident Epi noir"},"content":{"rendered":"<h3 data-start=\"1168\" data-end=\"1251\">Valise Louis Vuitton Pr\u00e9sident \u2013 Cuir \u00c9pi Noir &amp; Int\u00e9rieur Vert, Ann\u00e9es 80-90<\/h3>\n<p data-start=\"1253\" data-end=\"1596\">Cette <strong data-start=\"1259\" data-end=\"1301\">valise Louis Vuitton Pr\u00e9sident vintage<\/strong>, r\u00e9alis\u00e9e en <strong data-start=\"1315\" data-end=\"1332\">cuir \u00c9pi noir<\/strong>, avec un <strong data-start=\"1342\" data-end=\"1360\">int\u00e9rieur vert<\/strong>, est une <strong data-start=\"1370\" data-end=\"1396\">pi\u00e8ce iconique et rare<\/strong> datant des <strong data-start=\"1408\" data-end=\"1428\">ann\u00e9es 1980-1990<\/strong>. En <strong data-start=\"1433\" data-end=\"1450\">tr\u00e8s bon \u00e9tat<\/strong>, avec de l\u00e9g\u00e8res traces d\u2019usage \u00e0 l\u2019int\u00e9rieur de la poche, elle incarne parfaitement l\u2019<strong data-start=\"1538\" data-end=\"1593\">\u00e9l\u00e9gance et le raffinement du voyage \u00e0 la fran\u00e7aise<\/strong>.<\/p>\n<hr data-start=\"1598\" data-end=\"1601\" \/>\n<h3 data-start=\"1603\" data-end=\"1666\">Le mod\u00e8le Pr\u00e9sident : symbole du voyage d\u2019affaires Herm\u00e8s<\/h3>\n<ul data-start=\"1668\" data-end=\"2053\">\n<li data-start=\"1668\" data-end=\"1765\">\n<p data-start=\"1670\" data-end=\"1765\">La <strong data-start=\"1673\" data-end=\"1693\">valise Pr\u00e9sident<\/strong> de<a href=\"https:\/\/thevintagetraveler.com\/rachat-de-malles-louis-vuitton\/\"> Louis Vuitton<\/a> est l\u2019une des plus \u00e9l\u00e9gantes cr\u00e9ations de la maison.<\/p>\n<\/li>\n<li data-start=\"1766\" data-end=\"1859\">\n<p data-start=\"1768\" data-end=\"1859\">Con\u00e7ue comme une <strong data-start=\"1785\" data-end=\"1816\">mallette rigide de prestige<\/strong>, elle allie praticit\u00e9 et sophistication.<\/p>\n<\/li>\n<li data-start=\"1860\" data-end=\"2053\">\n<p data-start=\"1862\" data-end=\"2053\">Tr\u00e8s appr\u00e9ci\u00e9e pour son <strong data-start=\"1886\" data-end=\"1924\">format compact (45 \u00d7 35 \u00d7 11,5 cm)<\/strong> et sa <strong data-start=\"1931\" data-end=\"1967\">pr\u00e9sentation int\u00e9rieure luxueuse<\/strong>, elle s\u2019utilise aussi bien comme <strong data-start=\"2001\" data-end=\"2022\">valise de travail<\/strong> que <strong data-start=\"2027\" data-end=\"2050\">pi\u00e8ce de d\u00e9coration<\/strong>.<\/p>\n<\/li>\n<\/ul>\n<hr data-start=\"2055\" data-end=\"2058\" \/>\n<h3 data-start=\"2060\" data-end=\"2120\">Cuir \u00c9pi noir &amp; int\u00e9rieur vert : \u00e9l\u00e9gance et contraste<\/h3>\n<ul data-start=\"2122\" data-end=\"2483\">\n<li data-start=\"2122\" data-end=\"2275\">\n<p data-start=\"2124\" data-end=\"2275\"><strong data-start=\"2124\" data-end=\"2141\">Cuir \u00c9pi noir<\/strong> : cuir textur\u00e9 embl\u00e9matique de Louis Vuitton, introduit dans les ann\u00e9es 1980, reconnu pour sa <strong data-start=\"2236\" data-end=\"2272\">r\u00e9sistance et son allure moderne<\/strong>.<\/p>\n<\/li>\n<li data-start=\"2276\" data-end=\"2383\">\n<p data-start=\"2278\" data-end=\"2383\"><strong data-start=\"2278\" data-end=\"2304\">Int\u00e9rieur vert profond<\/strong>, signature rare et raffin\u00e9e de cette \u00e9poque, apportant un contraste \u00e9l\u00e9gant.<\/p>\n<\/li>\n<li data-start=\"2384\" data-end=\"2483\">\n<p data-start=\"2386\" data-end=\"2483\">L\u2019ensemble d\u00e9gage une <strong data-start=\"2408\" data-end=\"2444\">esth\u00e9tique sobre et intemporelle<\/strong>, \u00e0 la fois masculine et universelle.<\/p>\n<\/li>\n<\/ul>\n<hr data-start=\"2485\" data-end=\"2488\" \/>\n<h3 data-start=\"2490\" data-end=\"2523\">Caract\u00e9ristiques du produit<\/h3>\n<ul data-start=\"2525\" data-end=\"3004\">\n<li data-start=\"2525\" data-end=\"2555\">\n<p data-start=\"2527\" data-end=\"2555\"><strong data-start=\"2527\" data-end=\"2539\">Marque :<\/strong> Louis Vuitton<\/p>\n<\/li>\n<li data-start=\"2556\" data-end=\"2589\">\n<p data-start=\"2558\" data-end=\"2589\"><strong data-start=\"2558\" data-end=\"2570\">Mod\u00e8le :<\/strong> Valise Pr\u00e9sident<\/p>\n<\/li>\n<li data-start=\"2590\" data-end=\"2619\">\n<p data-start=\"2592\" data-end=\"2619\"><strong data-start=\"2592\" data-end=\"2604\">\u00c9poque :<\/strong> Ann\u00e9es 80-90<\/p>\n<\/li>\n<li data-start=\"2620\" data-end=\"2651\">\n<p data-start=\"2622\" data-end=\"2651\"><strong data-start=\"2622\" data-end=\"2635\">Mati\u00e8re :<\/strong> Cuir \u00c9pi noir<\/p>\n<\/li>\n<li data-start=\"2652\" data-end=\"2686\">\n<p data-start=\"2654\" data-end=\"2686\"><strong data-start=\"2654\" data-end=\"2669\">Int\u00e9rieur :<\/strong> Vert d\u2019origine<\/p>\n<\/li>\n<li data-start=\"2687\" data-end=\"2758\">\n<p data-start=\"2689\" data-end=\"2758\"><strong data-start=\"2689\" data-end=\"2705\">Dimensions :<\/strong> Largeur 45 cm \u00d7 Profondeur 35 cm \u00d7 Hauteur 11,5 cm<\/p>\n<\/li>\n<li data-start=\"2759\" data-end=\"2835\">\n<p data-start=\"2761\" data-end=\"2835\"><strong data-start=\"2761\" data-end=\"2776\">Fermeture :<\/strong> Serrures m\u00e9talliques LV avec cl\u00e9 (\u00e0 pr\u00e9ciser si incluse)<\/p>\n<\/li>\n<li data-start=\"2836\" data-end=\"2923\">\n<p data-start=\"2838\" data-end=\"2923\"><strong data-start=\"2838\" data-end=\"2848\">\u00c9tat :<\/strong> Tr\u00e8s bon \u2013 l\u00e9g\u00e8res usures \u00e0 l\u2019int\u00e9rieur de la poche, ext\u00e9rieur excellent<\/p>\n<\/li>\n<li data-start=\"2924\" data-end=\"3004\">\n<p data-start=\"2926\" data-end=\"3004\"><strong data-start=\"2926\" data-end=\"2948\">Authentification :<\/strong> Certifi\u00e9e \u2013 livr\u00e9e avec certificat TheVintageTraveler<\/p>\n<\/li>\n<\/ul>\n<hr data-start=\"3006\" data-end=\"3009\" \/>\n<h3 data-start=\"3011\" data-end=\"3048\">Une pi\u00e8ce rare et fonctionnelle<\/h3>\n<p data-start=\"3050\" data-end=\"3082\">Cette valise est id\u00e9ale pour :<\/p>\n<ul data-start=\"3084\" data-end=\"3383\">\n<li data-start=\"3084\" data-end=\"3149\">\n<p data-start=\"3086\" data-end=\"3149\"><strong data-start=\"3086\" data-end=\"3112\">Un usage professionnel<\/strong> ou comme <strong data-start=\"3122\" data-end=\"3146\">valise de collection<\/strong>.<\/p>\n<\/li>\n<li data-start=\"3150\" data-end=\"3229\">\n<p data-start=\"3152\" data-end=\"3229\">\u00catre expos\u00e9e en <strong data-start=\"3168\" data-end=\"3196\">d\u00e9coration haut de gamme<\/strong>, sur un bureau ou une console.<\/p>\n<\/li>\n<li data-start=\"3230\" data-end=\"3314\">\n<p data-start=\"3232\" data-end=\"3314\"><strong data-start=\"3232\" data-end=\"3281\">Investir dans une pi\u00e8ce vintage Louis Vuitton<\/strong> au design sobre et intemporel.<\/p>\n<\/li>\n<li data-start=\"3315\" data-end=\"3383\">\n<p data-start=\"3317\" data-end=\"3383\">Compl\u00e9ter une <strong data-start=\"3331\" data-end=\"3380\">collection de <a href=\"https:\/\/thevintagetraveler.com\/types-malles-louis-vuitton\/\">malles<\/a> et bagages Louis Vuitton<\/strong>.<\/p>\n<\/li>\n<\/ul>\n<hr data-start=\"3385\" data-end=\"3388\" \/>\n<h3 data-start=\"3390\" data-end=\"3463\">Pourquoi investir dans une valise Louis Vuitton Pr\u00e9sident vintage ?<\/h3>\n<ul data-start=\"3465\" data-end=\"3819\">\n<li data-start=\"3465\" data-end=\"3523\">\n<p data-start=\"3467\" data-end=\"3523\"><strong data-start=\"3467\" data-end=\"3484\">Cuir \u00c9pi noir<\/strong>, mati\u00e8re embl\u00e9matique et r\u00e9sistante.<\/p>\n<\/li>\n<li data-start=\"3524\" data-end=\"3599\">\n<p data-start=\"3526\" data-end=\"3599\"><strong data-start=\"3526\" data-end=\"3556\">Format pratique et \u00e9l\u00e9gant<\/strong>, parfait pour un usage ou la d\u00e9coration.<\/p>\n<\/li>\n<li data-start=\"3600\" data-end=\"3680\">\n<p data-start=\"3602\" data-end=\"3680\"><strong data-start=\"3602\" data-end=\"3628\">Production discontinue<\/strong>, rendant les exemplaires vintage tr\u00e8s recherch\u00e9s.<\/p>\n<\/li>\n<li data-start=\"3681\" data-end=\"3745\">\n<p data-start=\"3683\" data-end=\"3745\"><strong data-start=\"3683\" data-end=\"3699\">Ann\u00e9es 80-90<\/strong>, \u00e9poque phare de l\u2019artisanat Louis Vuitton.<\/p>\n<\/li>\n<li data-start=\"3746\" data-end=\"3819\">\n<p data-start=\"3748\" data-end=\"3819\"><strong data-start=\"3748\" data-end=\"3765\">Tr\u00e8s bon \u00e9tat<\/strong>, gage de valeur patrimoniale et de revente durable.<\/p>\n<\/li>\n<\/ul>\n<hr data-start=\"3821\" data-end=\"3824\" \/>\n<h3 data-start=\"3826\" data-end=\"3862\">Mots-cl\u00e9s secondaires int\u00e9gr\u00e9s<\/h3>\n<ul data-start=\"3864\" data-end=\"4155\">\n<li data-start=\"3864\" data-end=\"3929\">\n<p data-start=\"3866\" data-end=\"3929\"><strong data-start=\"3866\" data-end=\"3899\">Valise ancienne Louis Vuitton<\/strong>, <strong data-start=\"3901\" data-end=\"3926\">malle de luxe vintage<\/strong>.<\/p>\n<\/li>\n<li data-start=\"3930\" data-end=\"4004\">\n<p data-start=\"3932\" data-end=\"4004\"><strong data-start=\"3932\" data-end=\"3969\">Objet de collection Louis Vuitton<\/strong>, <strong data-start=\"3971\" data-end=\"4001\">pi\u00e8ce unique Louis Vuitton<\/strong>.<\/p>\n<\/li>\n<li data-start=\"4005\" data-end=\"4075\">\n<p data-start=\"4007\" data-end=\"4075\"><strong data-start=\"4007\" data-end=\"4041\">Authenticit\u00e9 Louis Vuitton \u00c9pi<\/strong>, <strong data-start=\"4043\" data-end=\"4072\">valise de voyage d\u2019\u00e9poque<\/strong>.<\/p>\n<\/li>\n<li data-start=\"4076\" data-end=\"4155\">\n<p data-start=\"4078\" data-end=\"4155\"><strong data-start=\"4078\" data-end=\"4118\">D\u00e9coration avec valise Louis Vuitton<\/strong>, <strong data-start=\"4120\" data-end=\"4152\">bagage vintage de collection<\/strong>.<\/p>\n<\/li>\n<\/ul>\n<hr data-start=\"4157\" data-end=\"4160\" \/>\n<h3 data-start=\"4162\" data-end=\"4210\">Pourquoi acheter chez TheVintageTraveler ?<\/h3>\n<p data-start=\"4212\" data-end=\"4276\">Chez <strong data-start=\"4217\" data-end=\"4239\">TheVintageTraveler<\/strong>, chaque bagage Louis Vuitton est :<\/p>\n<ul data-start=\"4278\" data-end=\"4573\">\n<li data-start=\"4278\" data-end=\"4336\">\n<p data-start=\"4280\" data-end=\"4336\"><strong data-start=\"4280\" data-end=\"4308\">Expertis\u00e9 et authentifi\u00e9<\/strong>, avec datation confirm\u00e9e.<\/p>\n<\/li>\n<li data-start=\"4337\" data-end=\"4418\">\n<p data-start=\"4339\" data-end=\"4418\">S\u00e9lectionn\u00e9 pour sa <strong data-start=\"4359\" data-end=\"4415\">qualit\u00e9, sa raret\u00e9 et son potentiel d\u2019investissement<\/strong>.<\/p>\n<\/li>\n<li data-start=\"4419\" data-end=\"4464\">\n<p data-start=\"4421\" data-end=\"4464\">Livr\u00e9 avec <strong data-start=\"4432\" data-end=\"4461\">certificat d\u2019authenticit\u00e9<\/strong>.<\/p>\n<\/li>\n<li data-start=\"4465\" data-end=\"4573\">\n<p data-start=\"4467\" data-end=\"4573\">Disponible en <strong data-start=\"4481\" data-end=\"4524\">showroom (March\u00e9 Serpette \u2013 Saint-Ouen)<\/strong> ou via <strong data-start=\"4532\" data-end=\"4570\">livraison internationale s\u00e9curis\u00e9e<\/strong>.<\/p>\n<\/li>\n<\/ul>\n<hr data-start=\"4575\" data-end=\"4578\" \/>\n<h3 data-start=\"4580\" data-end=\"4596\">Conclusion<\/h3>\n<p data-start=\"4598\" data-end=\"4932\">Cette <strong data-start=\"4604\" data-end=\"4646\">valise Louis Vuitton Pr\u00e9sident vintage<\/strong>, en <strong data-start=\"4651\" data-end=\"4668\">cuir \u00c9pi noir<\/strong> avec <strong data-start=\"4674\" data-end=\"4692\">int\u00e9rieur vert<\/strong>, datant des <strong data-start=\"4705\" data-end=\"4721\">ann\u00e9es 80-90<\/strong>, est une <strong data-start=\"4731\" data-end=\"4772\">pi\u00e8ce rare, \u00e9l\u00e9gante et fonctionnelle<\/strong>. En <strong data-start=\"4777\" data-end=\"4794\">tr\u00e8s bon \u00e9tat<\/strong>, elle repr\u00e9sente un <strong data-start=\"4815\" data-end=\"4837\">investissement s\u00fbr<\/strong>, un <strong data-start=\"4842\" data-end=\"4877\">objet de collection authentique<\/strong> et une <strong data-start=\"4885\" data-end=\"4908\">d\u00e9coration raffin\u00e9e<\/strong> sign\u00e9e Louis Vuitton.<\/p>\n<p>Suivez &#8211; nous sur <a href=\"https:\/\/www.facebook.com\/TheVintageTravelerFR\">Facebook<\/a> et <a href=\"https:\/\/www.instagram.com\/the_vintagetraveler\/?igsh=aXdsbDJkdnpwZjcx#\">Instagram<\/a><\/p>\n","protected":false},"excerpt":{"rendered":"<p>Valise Louis Vuitton Pr\u00e9sident en cuir \u00c9pi noir, int\u00e9rieur vert, ann\u00e9es 80-90. Tr\u00e8s bon \u00e9tat, rare et certifi\u00e9e. \u00c9l\u00e9gante et iconique.<\/p>\n","protected":false},"featured_media":6355,"template":"","meta":[],"product_brand":[],"product_cat":[118,140,120],"product_tag":[146,195],"class_list":{"0":"post-6343","1":"product","2":"type-product","3":"status-publish","4":"has-post-thumbnail","6":"product_cat-malles","7":"product_cat-nouveautes","8":"product_cat-valises-boites-vanity-louis-vuitton","9":"product_tag-louisvuitton","10":"product_tag-valiselouisvuitton","12":"first","13":"outofstock","14":"sold-individually","15":"shipping-taxable","16":"purchasable","17":"product-type-simple"},"yoast_head":"<!-- This site is optimized with the Yoast SEO plugin v27.1.1 - https:\/\/yoast.com\/product\/yoast-seo-wordpress\/ -->\n<title>Valise Louis Vuitton Pr\u00e9sident Cuir \u00c9pi Noir Vintage | TheVintageTraveler<\/title>\n<meta name=\"description\" content=\"Valise Louis Vuitton Pr\u00e9sident en cuir \u00c9pi noir, int\u00e9rieur vert, ann\u00e9es 80-90. Tr\u00e8s bon \u00e9tat, rare et certifi\u00e9e. \u00c9l\u00e9gance et investissement patrimonial.\" \/>\n<meta name=\"robots\" content=\"index, follow, max-snippet:-1, max-image-preview:large, max-video-preview:-1\" \/>\n<link rel=\"canonical\" href=\"https:\/\/thevintagetraveler.com\/en\/produit\/valise-louis-vuitton-president-cuir-epi-noir-vintage\/\" \/>\n<meta property=\"og:locale\" content=\"en_US\" \/>\n<meta property=\"og:type\" content=\"article\" \/>\n<meta property=\"og:title\" content=\"Valise Louis Vuitton Pr\u00e9sident Cuir \u00c9pi Noir Vintage | TheVintageTraveler\" \/>\n<meta property=\"og:description\" content=\"Valise Louis Vuitton Pr\u00e9sident en cuir \u00c9pi noir, int\u00e9rieur vert, ann\u00e9es 80-90. Tr\u00e8s bon \u00e9tat, rare et certifi\u00e9e. \u00c9l\u00e9gance et investissement patrimonial.\" \/>\n<meta property=\"og:url\" content=\"https:\/\/thevintagetraveler.com\/en\/produit\/valise-louis-vuitton-president-cuir-epi-noir-vintage\/\" \/>\n<meta property=\"og:site_name\" content=\"TheVintageTraveler\" \/>\n<meta property=\"article:publisher\" content=\"https:\/\/www.facebook.com\/TheVintageTravelerFR\/\" \/>\n<meta property=\"article:modified_time\" content=\"2026-01-26T11:46:31+00:00\" \/>\n<meta property=\"og:image\" content=\"https:\/\/thevintagetraveler.com\/wp-content\/uploads\/2025\/10\/image00049.jpeg\" \/>\n\t<meta property=\"og:image:width\" content=\"1800\" \/>\n\t<meta property=\"og:image:height\" content=\"2400\" \/>\n\t<meta property=\"og:image:type\" content=\"image\/jpeg\" \/>\n<meta name=\"twitter:card\" content=\"summary_large_image\" \/>\n<meta name=\"twitter:label1\" content=\"Est. reading time\" \/>\n\t<meta name=\"twitter:data1\" content=\"3 minutes\" \/>\n<script type=\"application\/ld+json\" class=\"yoast-schema-graph\">{\"@context\":\"https:\/\/schema.org\",\"@graph\":[{\"@type\":\"WebPage\",\"@id\":\"https:\/\/thevintagetraveler.com\/en\/produit\/valise-louis-vuitton-president-cuir-epi-noir-vintage\/\",\"url\":\"https:\/\/thevintagetraveler.com\/en\/produit\/valise-louis-vuitton-president-cuir-epi-noir-vintage\/\",\"name\":\"Valise Louis Vuitton Pr\u00e9sident Cuir \u00c9pi Noir Vintage | TheVintageTraveler\",\"isPartOf\":{\"@id\":\"https:\/\/thevintagetraveler.com\/en\/#website\"},\"primaryImageOfPage\":{\"@id\":\"https:\/\/thevintagetraveler.com\/en\/produit\/valise-louis-vuitton-president-cuir-epi-noir-vintage\/#primaryimage\"},\"image\":{\"@id\":\"https:\/\/thevintagetraveler.com\/en\/produit\/valise-louis-vuitton-president-cuir-epi-noir-vintage\/#primaryimage\"},\"thumbnailUrl\":\"https:\/\/thevintagetraveler.com\/wp-content\/uploads\/2025\/10\/image00049.jpeg\",\"datePublished\":\"2024-10-09T11:38:44+00:00\",\"dateModified\":\"2026-01-26T11:46:31+00:00\",\"description\":\"Valise Louis Vuitton Pr\u00e9sident en cuir \u00c9pi noir, int\u00e9rieur vert, ann\u00e9es 80-90. Tr\u00e8s bon \u00e9tat, rare et certifi\u00e9e. \u00c9l\u00e9gance et investissement patrimonial.\",\"breadcrumb\":{\"@id\":\"https:\/\/thevintagetraveler.com\/en\/produit\/valise-louis-vuitton-president-cuir-epi-noir-vintage\/#breadcrumb\"},\"inLanguage\":\"en-US\",\"potentialAction\":[{\"@type\":\"ReadAction\",\"target\":[\"https:\/\/thevintagetraveler.com\/en\/produit\/valise-louis-vuitton-president-cuir-epi-noir-vintage\/\"]}]},{\"@type\":\"ImageObject\",\"inLanguage\":\"en-US\",\"@id\":\"https:\/\/thevintagetraveler.com\/en\/produit\/valise-louis-vuitton-president-cuir-epi-noir-vintage\/#primaryimage\",\"url\":\"https:\/\/thevintagetraveler.com\/wp-content\/uploads\/2025\/10\/image00049.jpeg\",\"contentUrl\":\"https:\/\/thevintagetraveler.com\/wp-content\/uploads\/2025\/10\/image00049.jpeg\",\"width\":1800,\"height\":2400,\"caption\":\"valise Louis Vuitton Pr\u00e9sident cuir \u00c9pi noir vintage ann\u00e9es 80\"},{\"@type\":\"BreadcrumbList\",\"@id\":\"https:\/\/thevintagetraveler.com\/en\/produit\/valise-louis-vuitton-president-cuir-epi-noir-vintage\/#breadcrumb\",\"itemListElement\":[{\"@type\":\"ListItem\",\"position\":1,\"name\":\"Accueil\",\"item\":\"https:\/\/thevintagetraveler.com\/en\/\"},{\"@type\":\"ListItem\",\"position\":2,\"name\":\"Shop\",\"item\":\"https:\/\/thevintagetraveler.com\/shop\/\"},{\"@type\":\"ListItem\",\"position\":3,\"name\":\"Valise Louis Vuitton Pr\u00e9sident Epi noir\"}]},{\"@type\":\"WebSite\",\"@id\":\"https:\/\/thevintagetraveler.com\/en\/#website\",\"url\":\"https:\/\/thevintagetraveler.com\/en\/\",\"name\":\"TheVintageTraveler\",\"description\":\"Luxury experts in Louis Vuitton, Chanel &amp; Herm\u00e8s\",\"publisher\":{\"@id\":\"https:\/\/thevintagetraveler.com\/en\/#organization\"},\"potentialAction\":[{\"@type\":\"SearchAction\",\"target\":{\"@type\":\"EntryPoint\",\"urlTemplate\":\"https:\/\/thevintagetraveler.com\/en\/?s={search_term_string}\"},\"query-input\":{\"@type\":\"PropertyValueSpecification\",\"valueRequired\":true,\"valueName\":\"search_term_string\"}}],\"inLanguage\":\"en-US\"},{\"@type\":\"Organization\",\"@id\":\"https:\/\/thevintagetraveler.com\/en\/#organization\",\"name\":\"TheVintageTraveler\",\"url\":\"https:\/\/thevintagetraveler.com\/en\/\",\"logo\":{\"@type\":\"ImageObject\",\"inLanguage\":\"en-US\",\"@id\":\"https:\/\/thevintagetraveler.com\/en\/#\/schema\/logo\/image\/\",\"url\":\"https:\/\/thevintagetraveler.com\/wp-content\/uploads\/2025\/04\/LOGO-THE-VINTAGE-TRAVELER-FINAL-e1745392697678.png\",\"contentUrl\":\"https:\/\/thevintagetraveler.com\/wp-content\/uploads\/2025\/04\/LOGO-THE-VINTAGE-TRAVELER-FINAL-e1745392697678.png\",\"width\":798,\"height\":318,\"caption\":\"TheVintageTraveler\"},\"image\":{\"@id\":\"https:\/\/thevintagetraveler.com\/en\/#\/schema\/logo\/image\/\"},\"sameAs\":[\"https:\/\/www.facebook.com\/TheVintageTravelerFR\/\",\"https:\/\/www.instagram.com\/the_vintagetraveler\"]}]}<\/script>\n<!-- \/ Yoast SEO plugin. -->","yoast_head_json":{"title":"Valise Louis Vuitton Pr\u00e9sident Cuir \u00c9pi Noir Vintage | TheVintageTraveler","description":"Valise Louis Vuitton Pr\u00e9sident en cuir \u00c9pi noir, int\u00e9rieur vert, ann\u00e9es 80-90. Tr\u00e8s bon \u00e9tat, rare et certifi\u00e9e. \u00c9l\u00e9gance et investissement patrimonial.","robots":{"index":"index","follow":"follow","max-snippet":"max-snippet:-1","max-image-preview":"max-image-preview:large","max-video-preview":"max-video-preview:-1"},"canonical":"https:\/\/thevintagetraveler.com\/en\/produit\/valise-louis-vuitton-president-cuir-epi-noir-vintage\/","og_locale":"en_US","og_type":"article","og_title":"Valise Louis Vuitton Pr\u00e9sident Cuir \u00c9pi Noir Vintage | TheVintageTraveler","og_description":"Valise Louis Vuitton Pr\u00e9sident en cuir \u00c9pi noir, int\u00e9rieur vert, ann\u00e9es 80-90. Tr\u00e8s bon \u00e9tat, rare et certifi\u00e9e. \u00c9l\u00e9gance et investissement patrimonial.","og_url":"https:\/\/thevintagetraveler.com\/en\/produit\/valise-louis-vuitton-president-cuir-epi-noir-vintage\/","og_site_name":"TheVintageTraveler","article_publisher":"https:\/\/www.facebook.com\/TheVintageTravelerFR\/","article_modified_time":"2026-01-26T11:46:31+00:00","og_image":[{"width":1800,"height":2400,"url":"https:\/\/thevintagetraveler.com\/wp-content\/uploads\/2025\/10\/image00049.jpeg","type":"image\/jpeg"}],"twitter_card":"summary_large_image","twitter_misc":{"Est. reading time":"3 minutes"},"schema":{"@context":"https:\/\/schema.org","@graph":[{"@type":"WebPage","@id":"https:\/\/thevintagetraveler.com\/en\/produit\/valise-louis-vuitton-president-cuir-epi-noir-vintage\/","url":"https:\/\/thevintagetraveler.com\/en\/produit\/valise-louis-vuitton-president-cuir-epi-noir-vintage\/","name":"Valise Louis Vuitton Pr\u00e9sident Cuir \u00c9pi Noir Vintage | TheVintageTraveler","isPartOf":{"@id":"https:\/\/thevintagetraveler.com\/en\/#website"},"primaryImageOfPage":{"@id":"https:\/\/thevintagetraveler.com\/en\/produit\/valise-louis-vuitton-president-cuir-epi-noir-vintage\/#primaryimage"},"image":{"@id":"https:\/\/thevintagetraveler.com\/en\/produit\/valise-louis-vuitton-president-cuir-epi-noir-vintage\/#primaryimage"},"thumbnailUrl":"https:\/\/thevintagetraveler.com\/wp-content\/uploads\/2025\/10\/image00049.jpeg","datePublished":"2024-10-09T11:38:44+00:00","dateModified":"2026-01-26T11:46:31+00:00","description":"Valise Louis Vuitton Pr\u00e9sident en cuir \u00c9pi noir, int\u00e9rieur vert, ann\u00e9es 80-90. Tr\u00e8s bon \u00e9tat, rare et certifi\u00e9e. \u00c9l\u00e9gance et investissement patrimonial.","breadcrumb":{"@id":"https:\/\/thevintagetraveler.com\/en\/produit\/valise-louis-vuitton-president-cuir-epi-noir-vintage\/#breadcrumb"},"inLanguage":"en-US","potentialAction":[{"@type":"ReadAction","target":["https:\/\/thevintagetraveler.com\/en\/produit\/valise-louis-vuitton-president-cuir-epi-noir-vintage\/"]}]},{"@type":"ImageObject","inLanguage":"en-US","@id":"https:\/\/thevintagetraveler.com\/en\/produit\/valise-louis-vuitton-president-cuir-epi-noir-vintage\/#primaryimage","url":"https:\/\/thevintagetraveler.com\/wp-content\/uploads\/2025\/10\/image00049.jpeg","contentUrl":"https:\/\/thevintagetraveler.com\/wp-content\/uploads\/2025\/10\/image00049.jpeg","width":1800,"height":2400,"caption":"valise Louis Vuitton Pr\u00e9sident cuir \u00c9pi noir vintage ann\u00e9es 80"},{"@type":"BreadcrumbList","@id":"https:\/\/thevintagetraveler.com\/en\/produit\/valise-louis-vuitton-president-cuir-epi-noir-vintage\/#breadcrumb","itemListElement":[{"@type":"ListItem","position":1,"name":"Accueil","item":"https:\/\/thevintagetraveler.com\/en\/"},{"@type":"ListItem","position":2,"name":"Shop","item":"https:\/\/thevintagetraveler.com\/shop\/"},{"@type":"ListItem","position":3,"name":"Valise Louis Vuitton Pr\u00e9sident Epi noir"}]},{"@type":"WebSite","@id":"https:\/\/thevintagetraveler.com\/en\/#website","url":"https:\/\/thevintagetraveler.com\/en\/","name":"TheVintageTraveler","description":"Luxury experts in Louis Vuitton, Chanel &amp; Herm\u00e8s","publisher":{"@id":"https:\/\/thevintagetraveler.com\/en\/#organization"},"potentialAction":[{"@type":"SearchAction","target":{"@type":"EntryPoint","urlTemplate":"https:\/\/thevintagetraveler.com\/en\/?s={search_term_string}"},"query-input":{"@type":"PropertyValueSpecification","valueRequired":true,"valueName":"search_term_string"}}],"inLanguage":"en-US"},{"@type":"Organization","@id":"https:\/\/thevintagetraveler.com\/en\/#organization","name":"TheVintageTraveler","url":"https:\/\/thevintagetraveler.com\/en\/","logo":{"@type":"ImageObject","inLanguage":"en-US","@id":"https:\/\/thevintagetraveler.com\/en\/#\/schema\/logo\/image\/","url":"https:\/\/thevintagetraveler.com\/wp-content\/uploads\/2025\/04\/LOGO-THE-VINTAGE-TRAVELER-FINAL-e1745392697678.png","contentUrl":"https:\/\/thevintagetraveler.com\/wp-content\/uploads\/2025\/04\/LOGO-THE-VINTAGE-TRAVELER-FINAL-e1745392697678.png","width":798,"height":318,"caption":"TheVintageTraveler"},"image":{"@id":"https:\/\/thevintagetraveler.com\/en\/#\/schema\/logo\/image\/"},"sameAs":["https:\/\/www.facebook.com\/TheVintageTravelerFR\/","https:\/\/www.instagram.com\/the_vintagetraveler"]}]}},"_links":{"self":[{"href":"https:\/\/thevintagetraveler.com\/en\/wp-json\/wp\/v2\/product\/6343","targetHints":{"allow":["GET"]}}],"collection":[{"href":"https:\/\/thevintagetraveler.com\/en\/wp-json\/wp\/v2\/product"}],"about":[{"href":"https:\/\/thevintagetraveler.com\/en\/wp-json\/wp\/v2\/types\/product"}],"wp:featuredmedia":[{"embeddable":true,"href":"https:\/\/thevintagetraveler.com\/en\/wp-json\/wp\/v2\/media\/6355"}],"wp:attachment":[{"href":"https:\/\/thevintagetraveler.com\/en\/wp-json\/wp\/v2\/media?parent=6343"}],"wp:term":[{"taxonomy":"product_brand","embeddable":true,"href":"https:\/\/thevintagetraveler.com\/en\/wp-json\/wp\/v2\/product_brand?post=6343"},{"taxonomy":"product_cat","embeddable":true,"href":"https:\/\/thevintagetraveler.com\/en\/wp-json\/wp\/v2\/product_cat?post=6343"},{"taxonomy":"product_tag","embeddable":true,"href":"https:\/\/thevintagetraveler.com\/en\/wp-json\/wp\/v2\/product_tag?post=6343"}],"curies":[{"name":"wp","href":"https:\/\/api.w.org\/{rel}","templated":true}]}}