{"id":6363,"date":"2025-10-09T14:05:16","date_gmt":"2025-10-09T12:05:16","guid":{"rendered":"https:\/\/thevintagetraveler.com\/?post_type=product&#038;p=6363"},"modified":"2025-10-09T14:13:30","modified_gmt":"2025-10-09T12:13:30","slug":"cadenas-hermes-dore-2001-lhomme-peut-embellir-la-terre","status":"publish","type":"product","link":"https:\/\/thevintagetraveler.com\/en\/produit\/cadenas-hermes-dore-2001-lhomme-peut-embellir-la-terre\/","title":{"rendered":"Cadenas Herm\u00e8s 2001 Dor\u00e9"},"content":{"rendered":"<h3 data-start=\"1118\" data-end=\"1185\">Cadenas Herm\u00e8s \u2013 Dor\u00e9, 2001, \u201cL\u2019homme peut embellir la terre\u201d<\/h3>\n<p data-start=\"1187\" data-end=\"1591\">Ce <strong data-start=\"1190\" data-end=\"1213\">cadenas Herm\u00e8s dor\u00e9<\/strong>, dat\u00e9 de <strong data-start=\"1223\" data-end=\"1231\">2001<\/strong>, est une <strong data-start=\"1241\" data-end=\"1271\">pi\u00e8ce rare et embl\u00e9matique<\/strong> de la maison Herm\u00e8s. Grav\u00e9 de la phrase <strong data-start=\"1312\" data-end=\"1350\">\u00ab L\u2019homme peut embellir la terre \u00bb<\/strong>, il illustre l\u2019<strong data-start=\"1366\" data-end=\"1414\">alliance entre art, philosophie et artisanat<\/strong> propre \u00e0 l\u2019univers<a href=\"https:\/\/thevintagetraveler.com\/rachat-sac-hermes\/\"> Herm\u00e8s<\/a>. \u00c0 la fois <strong data-start=\"1452\" data-end=\"1475\">objet de collection<\/strong> et <strong data-start=\"1479\" data-end=\"1502\">bijou de sac unique<\/strong>, ce cadenas incarne la beaut\u00e9 du d\u00e9tail et la profondeur symbolique ch\u00e8re \u00e0 la maison.<\/p>\n<hr data-start=\"1593\" data-end=\"1596\" \/>\n<h3 data-start=\"1598\" data-end=\"1636\">Un cadenas Herm\u00e8s charg\u00e9 de sens<\/h3>\n<ul data-start=\"1638\" data-end=\"1993\">\n<li data-start=\"1638\" data-end=\"1735\">\n<p data-start=\"1640\" data-end=\"1735\">Chaque ann\u00e9e, Herm\u00e8s cr\u00e9e des <strong data-start=\"1670\" data-end=\"1704\">accessoires en \u00e9dition limit\u00e9e<\/strong> li\u00e9s \u00e0 un th\u00e8me particulier.<\/p>\n<\/li>\n<li data-start=\"1736\" data-end=\"1881\">\n<p data-start=\"1738\" data-end=\"1881\">En 2001, le message <strong data-start=\"1758\" data-end=\"1796\">\u00ab L\u2019homme peut embellir la terre \u00bb<\/strong> faisait \u00e9cho \u00e0 la relation entre <strong data-start=\"1830\" data-end=\"1878\">l\u2019homme, la nature et la cr\u00e9ation artisanale<\/strong>.<\/p>\n<\/li>\n<li data-start=\"1882\" data-end=\"1993\">\n<p data-start=\"1884\" data-end=\"1993\">Ce cadenas est devenu une <strong data-start=\"1910\" data-end=\"1942\">pi\u00e8ce symbolique et po\u00e9tique<\/strong>, tr\u00e8s recherch\u00e9e par les collectionneurs Herm\u00e8s.<\/p>\n<\/li>\n<\/ul>\n<hr data-start=\"1995\" data-end=\"1998\" \/>\n<h3 data-start=\"2000\" data-end=\"2044\">Cadenas dor\u00e9 : \u00e9l\u00e9gance et raffinement<\/h3>\n<ul data-start=\"2046\" data-end=\"2303\">\n<li data-start=\"2046\" data-end=\"2115\">\n<p data-start=\"2048\" data-end=\"2115\"><strong data-start=\"2048\" data-end=\"2071\">M\u00e9tal dor\u00e9 brillant<\/strong>, avec une finition soign\u00e9e et r\u00e9sistante.<\/p>\n<\/li>\n<li data-start=\"2116\" data-end=\"2190\">\n<p data-start=\"2118\" data-end=\"2190\"><strong data-start=\"2118\" data-end=\"2147\">Gravure nette et \u00e9l\u00e9gante<\/strong>, mettant en valeur la phrase inspirante.<\/p>\n<\/li>\n<li data-start=\"2191\" data-end=\"2303\">\n<p data-start=\"2193\" data-end=\"2303\">Peut \u00eatre utilis\u00e9 comme <strong data-start=\"2217\" data-end=\"2233\">bijou de sac<\/strong>, <strong data-start=\"2235\" data-end=\"2248\">pendentif<\/strong>, ou simplement comme <strong data-start=\"2270\" data-end=\"2300\">pi\u00e8ce de collection Herm\u00e8s<\/strong>.<\/p>\n<\/li>\n<\/ul>\n<hr data-start=\"2305\" data-end=\"2308\" \/>\n<h3 data-start=\"2310\" data-end=\"2343\">Caract\u00e9ristiques du produit<\/h3>\n<ul data-start=\"2345\" data-end=\"2699\">\n<li data-start=\"2345\" data-end=\"2368\">\n<p data-start=\"2347\" data-end=\"2368\"><strong data-start=\"2347\" data-end=\"2359\">Marque :<\/strong> Herm\u00e8s<\/p>\n<\/li>\n<li data-start=\"2369\" data-end=\"2420\">\n<p data-start=\"2371\" data-end=\"2420\"><strong data-start=\"2371\" data-end=\"2381\">Type :<\/strong> Cadenas de collection \/ bijou de sac<\/p>\n<\/li>\n<li data-start=\"2421\" data-end=\"2475\">\n<p data-start=\"2423\" data-end=\"2475\"><strong data-start=\"2423\" data-end=\"2434\">Ann\u00e9e :<\/strong> 2001 (\u00e9dition \u00e0 th\u00e8me annuelle Herm\u00e8s)<\/p>\n<\/li>\n<li data-start=\"2476\" data-end=\"2504\">\n<p data-start=\"2478\" data-end=\"2504\"><strong data-start=\"2478\" data-end=\"2491\">Mati\u00e8re :<\/strong> M\u00e9tal dor\u00e9<\/p>\n<\/li>\n<li data-start=\"2505\" data-end=\"2561\">\n<p data-start=\"2507\" data-end=\"2561\"><strong data-start=\"2507\" data-end=\"2524\">Inscription :<\/strong> \u00ab L\u2019homme peut embellir la terre \u00bb<\/p>\n<\/li>\n<li data-start=\"2562\" data-end=\"2620\">\n<p data-start=\"2564\" data-end=\"2620\"><strong data-start=\"2564\" data-end=\"2574\">\u00c9tat :<\/strong> Excellent \u2013 dorure brillante, gravure nette<\/p>\n<\/li>\n<li data-start=\"2621\" data-end=\"2699\">\n<p data-start=\"2623\" data-end=\"2699\"><strong data-start=\"2623\" data-end=\"2645\">Authentification :<\/strong> Certifi\u00e9 \u2013 livr\u00e9 avec certificat TheVintageTraveler<\/p>\n<\/li>\n<\/ul>\n<hr data-start=\"2701\" data-end=\"2704\" \/>\n<h3 data-start=\"2706\" data-end=\"2740\">Une pi\u00e8ce rare et inspirante<\/h3>\n<p data-start=\"2742\" data-end=\"2773\">Ce cadenas est parfait pour :<\/p>\n<ul data-start=\"2775\" data-end=\"3047\">\n<li data-start=\"2775\" data-end=\"2835\">\n<p data-start=\"2777\" data-end=\"2835\"><strong data-start=\"2777\" data-end=\"2833\">Collectionner les accessoires Herm\u00e8s \u00e0 th\u00e8me annuel.<\/strong><\/p>\n<\/li>\n<li data-start=\"2836\" data-end=\"2914\">\n<p data-start=\"2838\" data-end=\"2914\"><strong data-start=\"2838\" data-end=\"2885\">Sublimer un sac Herm\u00e8s (Birkin, Kelly, HAC)<\/strong> ou tout autre sac de luxe.<\/p>\n<\/li>\n<li data-start=\"2915\" data-end=\"2985\">\n<p data-start=\"2917\" data-end=\"2985\">\u00catre expos\u00e9 comme <strong data-start=\"2935\" data-end=\"2982\">objet d\u2019art miniature et message symbolique<\/strong>.<\/p>\n<\/li>\n<li data-start=\"2986\" data-end=\"3047\">\n<p data-start=\"2988\" data-end=\"3047\">Offrir un <strong data-start=\"2998\" data-end=\"3045\">cadeau Herm\u00e8s porteur de sens et de beaut\u00e9.<\/strong><\/p>\n<\/li>\n<\/ul>\n<hr data-start=\"3049\" data-end=\"3052\" \/>\n<h3 data-start=\"3054\" data-end=\"3107\">Pourquoi ce cadenas Herm\u00e8s 2001 est recherch\u00e9 ?<\/h3>\n<ul data-start=\"3109\" data-end=\"3399\">\n<li data-start=\"3109\" data-end=\"3162\">\n<p data-start=\"3111\" data-end=\"3162\"><strong data-start=\"3111\" data-end=\"3130\">\u00c9dition limit\u00e9e<\/strong> correspondant \u00e0 l\u2019ann\u00e9e 2001.<\/p>\n<\/li>\n<li data-start=\"3163\" data-end=\"3215\">\n<p data-start=\"3165\" data-end=\"3215\"><strong data-start=\"3165\" data-end=\"3186\">Message universel<\/strong> et profond\u00e9ment humaniste.<\/p>\n<\/li>\n<li data-start=\"3216\" data-end=\"3256\">\n<p data-start=\"3218\" data-end=\"3256\"><strong data-start=\"3218\" data-end=\"3254\">Dorure \u00e9l\u00e9gante et intemporelle.<\/strong><\/p>\n<\/li>\n<li data-start=\"3257\" data-end=\"3317\">\n<p data-start=\"3259\" data-end=\"3317\"><strong data-start=\"3259\" data-end=\"3283\">Raret\u00e9 sur le march\u00e9<\/strong> des accessoires Herm\u00e8s vintage.<\/p>\n<\/li>\n<li data-start=\"3318\" data-end=\"3399\">\n<p data-start=\"3320\" data-end=\"3399\">Une <strong data-start=\"3324\" data-end=\"3359\">valeur de collection croissante<\/strong> pour les amateurs d\u2019artisanat Herm\u00e8s.<\/p>\n<\/li>\n<\/ul>\n<hr data-start=\"3401\" data-end=\"3404\" \/>\n<h3 data-start=\"3406\" data-end=\"3454\">Pourquoi acheter chez TheVintageTraveler ?<\/h3>\n<p data-start=\"3456\" data-end=\"3517\">Chez <strong data-start=\"3461\" data-end=\"3483\">TheVintageTraveler<\/strong>, chaque accessoire Herm\u00e8s est :<\/p>\n<ul data-start=\"3519\" data-end=\"3813\">\n<li data-start=\"3519\" data-end=\"3577\">\n<p data-start=\"3521\" data-end=\"3577\"><strong data-start=\"3521\" data-end=\"3549\">Authentifi\u00e9 et expertis\u00e9<\/strong>, avec datation confirm\u00e9e.<\/p>\n<\/li>\n<li data-start=\"3578\" data-end=\"3658\">\n<p data-start=\"3580\" data-end=\"3658\">S\u00e9lectionn\u00e9 pour sa <strong data-start=\"3600\" data-end=\"3656\">raret\u00e9, sa beaut\u00e9 et son potentiel d\u2019investissement.<\/strong><\/p>\n<\/li>\n<li data-start=\"3659\" data-end=\"3704\">\n<p data-start=\"3661\" data-end=\"3704\">Livr\u00e9 avec <strong data-start=\"3672\" data-end=\"3701\">certificat d\u2019authenticit\u00e9<\/strong>.<\/p>\n<\/li>\n<li data-start=\"3705\" data-end=\"3813\">\n<p data-start=\"3707\" data-end=\"3813\">Disponible en <strong data-start=\"3721\" data-end=\"3764\">showroom (March\u00e9 Serpette \u2013 Saint-Ouen)<\/strong> ou via <strong data-start=\"3772\" data-end=\"3811\">livraison internationale s\u00e9curis\u00e9e.<\/strong><\/p>\n<\/li>\n<\/ul>\n<hr data-start=\"3815\" data-end=\"3818\" \/>\n<h3 data-start=\"3820\" data-end=\"3836\">Conclusion<\/h3>\n<p data-start=\"3838\" data-end=\"4179\">Ce <strong data-start=\"3841\" data-end=\"3872\">cadenas Herm\u00e8s dor\u00e9 de 2001<\/strong>, grav\u00e9 <strong data-start=\"3880\" data-end=\"3918\">\u00ab L\u2019homme peut embellir la terre \u00bb<\/strong>, est une <strong data-start=\"3928\" data-end=\"3968\">pi\u00e8ce de collection rare et po\u00e9tique<\/strong>, alliant <strong data-start=\"3978\" data-end=\"4010\">art, philosophie et \u00e9l\u00e9gance<\/strong>. \u00c0 la fois <strong data-start=\"4022\" data-end=\"4063\">bijou symbolique et objet patrimonial<\/strong>, il repr\u00e9sente l\u2019essence m\u00eame de l\u2019univers Herm\u00e8s : <strong data-start=\"4116\" data-end=\"4176\">l\u2019harmonie entre cr\u00e9ation humaine et beaut\u00e9 intemporelle<\/strong>.<\/p>\n<p>Suivez &#8211; nous sur <a href=\"https:\/\/www.facebook.com\/TheVintageTravelerFR\">Facebook<\/a> et <a href=\"https:\/\/www.instagram.com\/the_vintagetraveler\/?igsh=aXdsbDJkdnpwZjcx#\">Instagram<\/a><\/p>\n","protected":false},"excerpt":{"rendered":"<p>Cadenas Herm\u00e8s dor\u00e9 2001, grav\u00e9 \u201cL\u2019homme peut embellir la terre\u201d. Pi\u00e8ce rare et symbolique, certifi\u00e9e. Excellent \u00e9tat, objet de collection Herm\u00e8s.<\/p>\n","protected":false},"featured_media":6364,"template":"","meta":[],"product_brand":[],"product_cat":[302,303,274],"product_tag":[281],"class_list":{"0":"post-6363","1":"product","2":"type-product","3":"status-publish","4":"has-post-thumbnail","6":"product_cat-jewelry","7":"product_cat-hermes-2","8":"product_cat-news","9":"product_tag-hermes","11":"first","12":"instock","13":"sold-individually","14":"shipping-taxable","15":"purchasable","16":"product-type-simple"},"yoast_head":"<!-- This site is optimized with the Yoast SEO plugin v27.1.1 - https:\/\/yoast.com\/product\/yoast-seo-wordpress\/ -->\n<title>Cadenas Herm\u00e8s Dor\u00e9 2001 \u201cL\u2019homme peut embellir la terre\u201d | TheVintageTraveler<\/title>\n<meta name=\"description\" content=\"Cadenas Herm\u00e8s dor\u00e9 2001, grav\u00e9 \u201cL\u2019homme peut embellir la terre\u201d. Pi\u00e8ce rare et po\u00e9tique, certifi\u00e9e, symbole du savoir-faire Herm\u00e8s.\" \/>\n<meta name=\"robots\" content=\"index, follow, max-snippet:-1, max-image-preview:large, max-video-preview:-1\" \/>\n<link rel=\"canonical\" href=\"https:\/\/thevintagetraveler.com\/en\/produit\/cadenas-hermes-dore-2001-lhomme-peut-embellir-la-terre\/\" \/>\n<meta property=\"og:locale\" content=\"en_US\" \/>\n<meta property=\"og:type\" content=\"article\" \/>\n<meta property=\"og:title\" content=\"Cadenas Herm\u00e8s Dor\u00e9 2001 \u201cL\u2019homme peut embellir la terre\u201d | TheVintageTraveler\" \/>\n<meta property=\"og:description\" content=\"Cadenas Herm\u00e8s dor\u00e9 2001, grav\u00e9 \u201cL\u2019homme peut embellir la terre\u201d. Pi\u00e8ce rare et po\u00e9tique, certifi\u00e9e, symbole du savoir-faire Herm\u00e8s.\" \/>\n<meta property=\"og:url\" content=\"https:\/\/thevintagetraveler.com\/en\/produit\/cadenas-hermes-dore-2001-lhomme-peut-embellir-la-terre\/\" \/>\n<meta property=\"og:site_name\" content=\"TheVintageTraveler\" \/>\n<meta property=\"article:publisher\" content=\"https:\/\/www.facebook.com\/TheVintageTravelerFR\/\" \/>\n<meta property=\"article:modified_time\" content=\"2025-10-09T12:13:30+00:00\" \/>\n<meta property=\"og:image\" content=\"https:\/\/thevintagetraveler.com\/\/wp-content\/uploads\/2025\/10\/image00006-2.jpeg\" \/>\n\t<meta property=\"og:image:width\" content=\"1800\" \/>\n\t<meta property=\"og:image:height\" content=\"2400\" \/>\n\t<meta property=\"og:image:type\" content=\"image\/jpeg\" \/>\n<meta name=\"twitter:card\" content=\"summary_large_image\" \/>\n<meta name=\"twitter:label1\" content=\"Est. reading time\" \/>\n\t<meta name=\"twitter:data1\" content=\"3 minutes\" \/>\n<script type=\"application\/ld+json\" class=\"yoast-schema-graph\">{\"@context\":\"https:\/\/schema.org\",\"@graph\":[{\"@type\":\"WebPage\",\"@id\":\"https:\/\/thevintagetraveler.com\/en\/produit\/cadenas-hermes-dore-2001-lhomme-peut-embellir-la-terre\/\",\"url\":\"https:\/\/thevintagetraveler.com\/en\/produit\/cadenas-hermes-dore-2001-lhomme-peut-embellir-la-terre\/\",\"name\":\"Cadenas Herm\u00e8s Dor\u00e9 2001 \u201cL\u2019homme peut embellir la terre\u201d | TheVintageTraveler\",\"isPartOf\":{\"@id\":\"https:\/\/thevintagetraveler.com\/en\/#website\"},\"primaryImageOfPage\":{\"@id\":\"https:\/\/thevintagetraveler.com\/en\/produit\/cadenas-hermes-dore-2001-lhomme-peut-embellir-la-terre\/#primaryimage\"},\"image\":{\"@id\":\"https:\/\/thevintagetraveler.com\/en\/produit\/cadenas-hermes-dore-2001-lhomme-peut-embellir-la-terre\/#primaryimage\"},\"thumbnailUrl\":\"https:\/\/thevintagetraveler.com\/wp-content\/uploads\/2025\/10\/image00006-2.jpeg\",\"datePublished\":\"2025-10-09T12:05:16+00:00\",\"dateModified\":\"2025-10-09T12:13:30+00:00\",\"description\":\"Cadenas Herm\u00e8s dor\u00e9 2001, grav\u00e9 \u201cL\u2019homme peut embellir la terre\u201d. Pi\u00e8ce rare et po\u00e9tique, certifi\u00e9e, symbole du savoir-faire Herm\u00e8s.\",\"breadcrumb\":{\"@id\":\"https:\/\/thevintagetraveler.com\/en\/produit\/cadenas-hermes-dore-2001-lhomme-peut-embellir-la-terre\/#breadcrumb\"},\"inLanguage\":\"en-US\",\"potentialAction\":[{\"@type\":\"ReadAction\",\"target\":[\"https:\/\/thevintagetraveler.com\/en\/produit\/cadenas-hermes-dore-2001-lhomme-peut-embellir-la-terre\/\"]}]},{\"@type\":\"ImageObject\",\"inLanguage\":\"en-US\",\"@id\":\"https:\/\/thevintagetraveler.com\/en\/produit\/cadenas-hermes-dore-2001-lhomme-peut-embellir-la-terre\/#primaryimage\",\"url\":\"https:\/\/thevintagetraveler.com\/wp-content\/uploads\/2025\/10\/image00006-2.jpeg\",\"contentUrl\":\"https:\/\/thevintagetraveler.com\/wp-content\/uploads\/2025\/10\/image00006-2.jpeg\",\"width\":1800,\"height\":2400,\"caption\":\"cadenas Herm\u00e8s dor\u00e9 2001 l\u2019homme peut embellir la terre\"},{\"@type\":\"BreadcrumbList\",\"@id\":\"https:\/\/thevintagetraveler.com\/en\/produit\/cadenas-hermes-dore-2001-lhomme-peut-embellir-la-terre\/#breadcrumb\",\"itemListElement\":[{\"@type\":\"ListItem\",\"position\":1,\"name\":\"Accueil\",\"item\":\"https:\/\/thevintagetraveler.com\/en\/\"},{\"@type\":\"ListItem\",\"position\":2,\"name\":\"Shop\",\"item\":\"https:\/\/thevintagetraveler.com\/shop\/\"},{\"@type\":\"ListItem\",\"position\":3,\"name\":\"Cadenas Herm\u00e8s 2001 Dor\u00e9\"}]},{\"@type\":\"WebSite\",\"@id\":\"https:\/\/thevintagetraveler.com\/en\/#website\",\"url\":\"https:\/\/thevintagetraveler.com\/en\/\",\"name\":\"TheVintageTraveler\",\"description\":\"Luxury experts in Louis Vuitton, Chanel &amp; Herm\u00e8s\",\"publisher\":{\"@id\":\"https:\/\/thevintagetraveler.com\/en\/#organization\"},\"potentialAction\":[{\"@type\":\"SearchAction\",\"target\":{\"@type\":\"EntryPoint\",\"urlTemplate\":\"https:\/\/thevintagetraveler.com\/en\/?s={search_term_string}\"},\"query-input\":{\"@type\":\"PropertyValueSpecification\",\"valueRequired\":true,\"valueName\":\"search_term_string\"}}],\"inLanguage\":\"en-US\"},{\"@type\":\"Organization\",\"@id\":\"https:\/\/thevintagetraveler.com\/en\/#organization\",\"name\":\"TheVintageTraveler\",\"url\":\"https:\/\/thevintagetraveler.com\/en\/\",\"logo\":{\"@type\":\"ImageObject\",\"inLanguage\":\"en-US\",\"@id\":\"https:\/\/thevintagetraveler.com\/en\/#\/schema\/logo\/image\/\",\"url\":\"https:\/\/thevintagetraveler.com\/wp-content\/uploads\/2025\/04\/LOGO-THE-VINTAGE-TRAVELER-FINAL-e1745392697678.png\",\"contentUrl\":\"https:\/\/thevintagetraveler.com\/wp-content\/uploads\/2025\/04\/LOGO-THE-VINTAGE-TRAVELER-FINAL-e1745392697678.png\",\"width\":798,\"height\":318,\"caption\":\"TheVintageTraveler\"},\"image\":{\"@id\":\"https:\/\/thevintagetraveler.com\/en\/#\/schema\/logo\/image\/\"},\"sameAs\":[\"https:\/\/www.facebook.com\/TheVintageTravelerFR\/\",\"https:\/\/www.instagram.com\/the_vintagetraveler\"]}]}<\/script>\n<!-- \/ Yoast SEO plugin. -->","yoast_head_json":{"title":"Cadenas Herm\u00e8s Dor\u00e9 2001 \u201cL\u2019homme peut embellir la terre\u201d | TheVintageTraveler","description":"Cadenas Herm\u00e8s dor\u00e9 2001, grav\u00e9 \u201cL\u2019homme peut embellir la terre\u201d. Pi\u00e8ce rare et po\u00e9tique, certifi\u00e9e, symbole du savoir-faire Herm\u00e8s.","robots":{"index":"index","follow":"follow","max-snippet":"max-snippet:-1","max-image-preview":"max-image-preview:large","max-video-preview":"max-video-preview:-1"},"canonical":"https:\/\/thevintagetraveler.com\/en\/produit\/cadenas-hermes-dore-2001-lhomme-peut-embellir-la-terre\/","og_locale":"en_US","og_type":"article","og_title":"Cadenas Herm\u00e8s Dor\u00e9 2001 \u201cL\u2019homme peut embellir la terre\u201d | TheVintageTraveler","og_description":"Cadenas Herm\u00e8s dor\u00e9 2001, grav\u00e9 \u201cL\u2019homme peut embellir la terre\u201d. Pi\u00e8ce rare et po\u00e9tique, certifi\u00e9e, symbole du savoir-faire Herm\u00e8s.","og_url":"https:\/\/thevintagetraveler.com\/en\/produit\/cadenas-hermes-dore-2001-lhomme-peut-embellir-la-terre\/","og_site_name":"TheVintageTraveler","article_publisher":"https:\/\/www.facebook.com\/TheVintageTravelerFR\/","article_modified_time":"2025-10-09T12:13:30+00:00","og_image":[{"width":1800,"height":2400,"url":"https:\/\/thevintagetraveler.com\/\/wp-content\/uploads\/2025\/10\/image00006-2.jpeg","type":"image\/jpeg"}],"twitter_card":"summary_large_image","twitter_misc":{"Est. reading time":"3 minutes"},"schema":{"@context":"https:\/\/schema.org","@graph":[{"@type":"WebPage","@id":"https:\/\/thevintagetraveler.com\/en\/produit\/cadenas-hermes-dore-2001-lhomme-peut-embellir-la-terre\/","url":"https:\/\/thevintagetraveler.com\/en\/produit\/cadenas-hermes-dore-2001-lhomme-peut-embellir-la-terre\/","name":"Cadenas Herm\u00e8s Dor\u00e9 2001 \u201cL\u2019homme peut embellir la terre\u201d | TheVintageTraveler","isPartOf":{"@id":"https:\/\/thevintagetraveler.com\/en\/#website"},"primaryImageOfPage":{"@id":"https:\/\/thevintagetraveler.com\/en\/produit\/cadenas-hermes-dore-2001-lhomme-peut-embellir-la-terre\/#primaryimage"},"image":{"@id":"https:\/\/thevintagetraveler.com\/en\/produit\/cadenas-hermes-dore-2001-lhomme-peut-embellir-la-terre\/#primaryimage"},"thumbnailUrl":"https:\/\/thevintagetraveler.com\/wp-content\/uploads\/2025\/10\/image00006-2.jpeg","datePublished":"2025-10-09T12:05:16+00:00","dateModified":"2025-10-09T12:13:30+00:00","description":"Cadenas Herm\u00e8s dor\u00e9 2001, grav\u00e9 \u201cL\u2019homme peut embellir la terre\u201d. Pi\u00e8ce rare et po\u00e9tique, certifi\u00e9e, symbole du savoir-faire Herm\u00e8s.","breadcrumb":{"@id":"https:\/\/thevintagetraveler.com\/en\/produit\/cadenas-hermes-dore-2001-lhomme-peut-embellir-la-terre\/#breadcrumb"},"inLanguage":"en-US","potentialAction":[{"@type":"ReadAction","target":["https:\/\/thevintagetraveler.com\/en\/produit\/cadenas-hermes-dore-2001-lhomme-peut-embellir-la-terre\/"]}]},{"@type":"ImageObject","inLanguage":"en-US","@id":"https:\/\/thevintagetraveler.com\/en\/produit\/cadenas-hermes-dore-2001-lhomme-peut-embellir-la-terre\/#primaryimage","url":"https:\/\/thevintagetraveler.com\/wp-content\/uploads\/2025\/10\/image00006-2.jpeg","contentUrl":"https:\/\/thevintagetraveler.com\/wp-content\/uploads\/2025\/10\/image00006-2.jpeg","width":1800,"height":2400,"caption":"cadenas Herm\u00e8s dor\u00e9 2001 l\u2019homme peut embellir la terre"},{"@type":"BreadcrumbList","@id":"https:\/\/thevintagetraveler.com\/en\/produit\/cadenas-hermes-dore-2001-lhomme-peut-embellir-la-terre\/#breadcrumb","itemListElement":[{"@type":"ListItem","position":1,"name":"Accueil","item":"https:\/\/thevintagetraveler.com\/en\/"},{"@type":"ListItem","position":2,"name":"Shop","item":"https:\/\/thevintagetraveler.com\/shop\/"},{"@type":"ListItem","position":3,"name":"Cadenas Herm\u00e8s 2001 Dor\u00e9"}]},{"@type":"WebSite","@id":"https:\/\/thevintagetraveler.com\/en\/#website","url":"https:\/\/thevintagetraveler.com\/en\/","name":"TheVintageTraveler","description":"Luxury experts in Louis Vuitton, Chanel &amp; Herm\u00e8s","publisher":{"@id":"https:\/\/thevintagetraveler.com\/en\/#organization"},"potentialAction":[{"@type":"SearchAction","target":{"@type":"EntryPoint","urlTemplate":"https:\/\/thevintagetraveler.com\/en\/?s={search_term_string}"},"query-input":{"@type":"PropertyValueSpecification","valueRequired":true,"valueName":"search_term_string"}}],"inLanguage":"en-US"},{"@type":"Organization","@id":"https:\/\/thevintagetraveler.com\/en\/#organization","name":"TheVintageTraveler","url":"https:\/\/thevintagetraveler.com\/en\/","logo":{"@type":"ImageObject","inLanguage":"en-US","@id":"https:\/\/thevintagetraveler.com\/en\/#\/schema\/logo\/image\/","url":"https:\/\/thevintagetraveler.com\/wp-content\/uploads\/2025\/04\/LOGO-THE-VINTAGE-TRAVELER-FINAL-e1745392697678.png","contentUrl":"https:\/\/thevintagetraveler.com\/wp-content\/uploads\/2025\/04\/LOGO-THE-VINTAGE-TRAVELER-FINAL-e1745392697678.png","width":798,"height":318,"caption":"TheVintageTraveler"},"image":{"@id":"https:\/\/thevintagetraveler.com\/en\/#\/schema\/logo\/image\/"},"sameAs":["https:\/\/www.facebook.com\/TheVintageTravelerFR\/","https:\/\/www.instagram.com\/the_vintagetraveler"]}]}},"_links":{"self":[{"href":"https:\/\/thevintagetraveler.com\/en\/wp-json\/wp\/v2\/product\/6363","targetHints":{"allow":["GET"]}}],"collection":[{"href":"https:\/\/thevintagetraveler.com\/en\/wp-json\/wp\/v2\/product"}],"about":[{"href":"https:\/\/thevintagetraveler.com\/en\/wp-json\/wp\/v2\/types\/product"}],"wp:featuredmedia":[{"embeddable":true,"href":"https:\/\/thevintagetraveler.com\/en\/wp-json\/wp\/v2\/media\/6364"}],"wp:attachment":[{"href":"https:\/\/thevintagetraveler.com\/en\/wp-json\/wp\/v2\/media?parent=6363"}],"wp:term":[{"taxonomy":"product_brand","embeddable":true,"href":"https:\/\/thevintagetraveler.com\/en\/wp-json\/wp\/v2\/product_brand?post=6363"},{"taxonomy":"product_cat","embeddable":true,"href":"https:\/\/thevintagetraveler.com\/en\/wp-json\/wp\/v2\/product_cat?post=6363"},{"taxonomy":"product_tag","embeddable":true,"href":"https:\/\/thevintagetraveler.com\/en\/wp-json\/wp\/v2\/product_tag?post=6363"}],"curies":[{"name":"wp","href":"https:\/\/api.w.org\/{rel}","templated":true}]}}